{"id":139327,"date":"2024-08-20T17:56:07","date_gmt":"2024-08-20T15:56:07","guid":{"rendered":"https:\/\/www.lookforward.at\/?post_type=product&#038;p=139327"},"modified":"2026-03-23T12:10:58","modified_gmt":"2026-03-23T11:10:58","slug":"limited-edition-bra004-bandeau-in-schwarz-rosa-und-weiss-3","status":"publish","type":"product","link":"https:\/\/www.lookforward.at\/en\/produkt\/limited-edition-bra004-bandeau-in-schwarz-rosa-und-weiss-3\/","title":{"rendered":"BRA 020  LIMITIERT &#8211; nur f\u00fcr kurze Zeit bis Cup C"},"content":{"rendered":"","protected":false},"excerpt":{"rendered":"<p><b>Dieses Modell ist kein Basic \u2013 es ist ein Statement.<\/b><\/p>\n<p>Und genau deshalb nur in streng limitierter St\u00fcckzahl erh\u00e4ltlich.<\/p>\n<p>Kurz geschnitten, selbstbewusst und voller Ausstrahlung \u2013 dieses Piece wurde f\u00fcr Frauen entworfen, die auffallen m\u00f6chten. Die kunstvoll gearbeitete Spitze trifft auf leuchtende Farben, die sofort ins Auge fallen und jedes Outfit aufwerten.<\/p>\n<p>Der moderne, kurze Schnitt sorgt f\u00fcr eine feminine, klare Silhouette und macht dieses Modell perfekt zum Sichtbar-Tragen \u2013 unter Blazern, offenen Blusen oder als bewusst gesetztes Highlight.<\/p>\n<p>Sanft integrierte Cups formen ein nat\u00fcrlich sch\u00f6nes Dekollet\u00e9 \u2013 ganz ohne B\u00fcgel, ganz ohne Druck. Die breiten Spitzentr\u00e4ger bieten angenehmen Halt und unterstreichen den hochwertigen Boutique-Charakter.<\/p>\n<p>Das elastische Material schmiegt sich wie eine zweite Haut an und passt sich flexibel deiner Figur an.<\/p>\n<p>\u2728 Ein exklusives Highlight \u2013 nur solange der Vorrat reicht.<\/p>\n<p><b>Details:<\/b><\/p>\n<p>\u2022kurzer, moderner Statement-Schnitt<\/p>\n<p>\u2022ONE SIZE \u2013 flexibel passend (ideal bis Cup C)<\/p>\n<p>\u2022sanft formende Cups f\u00fcr nat\u00fcrlichen Halt<\/p>\n<p>\u2022ohne B\u00fcgel \u2013 maximaler Komfort<\/p>\n<p>\u2022breite Spitzentr\u00e4ger f\u00fcr perfekten Sitz<\/p>\n<p>\u2022hochwertige, detailreiche Spitze<\/p>\n<p>\u2022elastisches Material f\u00fcr optimale Anpassung<\/p>\n<p>\u2022waschbar bei 30 Grad<\/p>\n","protected":false},"featured_media":155231,"template":"","meta":{"inline_featured_image":false},"product_brand":[],"product_cat":[442,479,499,498],"product_tag":[],"class_list":{"0":"post-139327","1":"product","2":"type-product","3":"status-publish","4":"has-post-thumbnail","6":"product_cat-bras","7":"product_cat-pre-fall-kollektion","8":"product_cat-fruehling-2026","9":"product_cat-selflove-kollektion","11":"first","12":"onbackorder","13":"taxable","14":"shipping-taxable","15":"purchasable","16":"product-type-variable"},"bundled_by":[],"bundle_stock_status":"onbackorder","bundle_stock_quantity":null,"bundle_virtual":false,"bundle_layout":"","bundle_add_to_cart_form_location":"","bundle_editable_in_cart":false,"bundle_sold_individually_context":"","bundle_item_grouping":"","bundle_min_size":"","bundle_max_size":"","bundle_price":[],"bundled_items":[],"bundle_sell_ids":[],"yoast_head":"<!-- This site is optimized with the Yoast SEO plugin v26.5 - https:\/\/yoast.com\/wordpress\/plugins\/seo\/ -->\n<title>BRA 020 LIMITIERT - nur f\u00fcr kurze Zeit bis Cup C<\/title>\n<meta name=\"robots\" content=\"index, follow, max-snippet:-1, max-image-preview:large, max-video-preview:-1\" \/>\n<link rel=\"canonical\" href=\"https:\/\/www.lookforward.at\/en\/produkt\/limited-edition-bra004-bandeau-in-schwarz-rosa-und-weiss-3\/\" \/>\n<meta property=\"og:locale\" content=\"en_US\" \/>\n<meta property=\"og:locale:alternate\" content=\"de_DE\" \/>\n<meta property=\"og:type\" content=\"article\" \/>\n<meta property=\"og:title\" content=\"BRA 020 LIMITIERT - nur f\u00fcr kurze Zeit bis Cup C\" \/>\n<meta property=\"og:description\" content=\"Dieses Modell ist kein Basic \u2013 es ist ein Statement.  Und genau deshalb nur in streng limitierter St\u00fcckzahl erh\u00e4ltlich.  Kurz geschnitten, selbstbewusst und voller Ausstrahlung \u2013 dieses Piece wurde f\u00fcr Frauen entworfen, die auffallen m\u00f6chten. Die kunstvoll gearbeitete Spitze trifft auf leuchtende Farben, die sofort ins Auge fallen und jedes Outfit aufwerten.  Der moderne, kurze Schnitt sorgt f\u00fcr eine feminine, klare Silhouette und macht dieses Modell perfekt zum Sichtbar-Tragen \u2013 unter Blazern, offenen Blusen oder als bewusst gesetztes Highlight.  Sanft integrierte Cups formen ein nat\u00fcrlich sch\u00f6nes Dekollet\u00e9 \u2013 ganz ohne B\u00fcgel, ganz ohne Druck. Die breiten Spitzentr\u00e4ger bieten angenehmen Halt und unterstreichen den hochwertigen Boutique-Charakter.  Das elastische Material schmiegt sich wie eine zweite Haut an und passt sich flexibel deiner Figur an.  \u2728 Ein exklusives Highlight \u2013 nur solange der Vorrat reicht.  Details:  \u2022kurzer, moderner Statement-Schnitt  \u2022ONE SIZE \u2013 flexibel passend (ideal bis Cup C)  \u2022sanft formende Cups f\u00fcr nat\u00fcrlichen Halt  \u2022ohne B\u00fcgel \u2013 maximaler Komfort  \u2022breite Spitzentr\u00e4ger f\u00fcr perfekten Sitz  \u2022hochwertige, detailreiche Spitze  \u2022elastisches Material f\u00fcr optimale Anpassung  \u2022waschbar bei 30 Grad\" \/>\n<meta property=\"og:url\" content=\"https:\/\/www.lookforward.at\/en\/produkt\/limited-edition-bra004-bandeau-in-schwarz-rosa-und-weiss-3\/\" \/>\n<meta property=\"og:site_name\" content=\"lookforward Shop\" \/>\n<meta property=\"article:modified_time\" content=\"2026-03-23T11:10:58+00:00\" \/>\n<meta property=\"og:image\" content=\"https:\/\/www.lookforward.at\/wp-content\/uploads\/2025\/10\/image00056-scaled.jpeg\" \/>\n\t<meta property=\"og:image:width\" content=\"1920\" \/>\n\t<meta property=\"og:image:height\" content=\"2560\" \/>\n\t<meta property=\"og:image:type\" content=\"image\/jpeg\" \/>\n<meta name=\"twitter:card\" content=\"summary_large_image\" \/>\n<script type=\"application\/ld+json\" class=\"yoast-schema-graph\">{\"@context\":\"https:\/\/schema.org\",\"@graph\":[{\"@type\":\"WebPage\",\"@id\":\"https:\/\/www.lookforward.at\/produkt\/limited-edition-bra004-bandeau-in-schwarz-rosa-und-weiss-3\/\",\"url\":\"https:\/\/www.lookforward.at\/produkt\/limited-edition-bra004-bandeau-in-schwarz-rosa-und-weiss-3\/\",\"name\":\"BRA 020 LIMITIERT - nur f\u00fcr kurze Zeit bis Cup C\",\"isPartOf\":{\"@id\":\"https:\/\/www.lookforward.at\/#website\"},\"primaryImageOfPage\":{\"@id\":\"https:\/\/www.lookforward.at\/produkt\/limited-edition-bra004-bandeau-in-schwarz-rosa-und-weiss-3\/#primaryimage\"},\"image\":{\"@id\":\"https:\/\/www.lookforward.at\/produkt\/limited-edition-bra004-bandeau-in-schwarz-rosa-und-weiss-3\/#primaryimage\"},\"thumbnailUrl\":\"https:\/\/www.lookforward.at\/wp-content\/uploads\/2026\/02\/IMG_0809-2-1-scaled.jpg\",\"datePublished\":\"2024-08-20T15:56:07+00:00\",\"dateModified\":\"2026-03-23T11:10:58+00:00\",\"breadcrumb\":{\"@id\":\"https:\/\/www.lookforward.at\/produkt\/limited-edition-bra004-bandeau-in-schwarz-rosa-und-weiss-3\/#breadcrumb\"},\"inLanguage\":\"en-US\",\"potentialAction\":[{\"@type\":\"ReadAction\",\"target\":[\"https:\/\/www.lookforward.at\/produkt\/limited-edition-bra004-bandeau-in-schwarz-rosa-und-weiss-3\/\"]}]},{\"@type\":\"ImageObject\",\"inLanguage\":\"en-US\",\"@id\":\"https:\/\/www.lookforward.at\/produkt\/limited-edition-bra004-bandeau-in-schwarz-rosa-und-weiss-3\/#primaryimage\",\"url\":\"https:\/\/www.lookforward.at\/wp-content\/uploads\/2026\/02\/IMG_0809-2-1-scaled.jpg\",\"contentUrl\":\"https:\/\/www.lookforward.at\/wp-content\/uploads\/2026\/02\/IMG_0809-2-1-scaled.jpg\",\"width\":1920,\"height\":2560},{\"@type\":\"BreadcrumbList\",\"@id\":\"https:\/\/www.lookforward.at\/produkt\/limited-edition-bra004-bandeau-in-schwarz-rosa-und-weiss-3\/#breadcrumb\",\"itemListElement\":[{\"@type\":\"ListItem\",\"position\":1,\"name\":\"Startseite\",\"item\":\"https:\/\/www.lookforward.at\/\"},{\"@type\":\"ListItem\",\"position\":2,\"name\":\"Shop\",\"item\":\"https:\/\/www.lookforward.at\/shop\/\"},{\"@type\":\"ListItem\",\"position\":3,\"name\":\"BRA 020 LIMITIERT &#8211; nur f\u00fcr kurze Zeit bis Cup C\"}]},{\"@type\":\"WebSite\",\"@id\":\"https:\/\/www.lookforward.at\/#website\",\"url\":\"https:\/\/www.lookforward.at\/\",\"name\":\"lookforward Shop\",\"description\":\"Der neue Shop f\u00fcr Fashion, Lifestyle, Family, Food and Beauty.\",\"publisher\":{\"@id\":\"https:\/\/www.lookforward.at\/#organization\"},\"potentialAction\":[{\"@type\":\"SearchAction\",\"target\":{\"@type\":\"EntryPoint\",\"urlTemplate\":\"https:\/\/www.lookforward.at\/?s={search_term_string}\"},\"query-input\":{\"@type\":\"PropertyValueSpecification\",\"valueRequired\":true,\"valueName\":\"search_term_string\"}}],\"inLanguage\":\"en-US\"},{\"@type\":\"Organization\",\"@id\":\"https:\/\/www.lookforward.at\/#organization\",\"name\":\"KB lookforward\",\"url\":\"https:\/\/www.lookforward.at\/\",\"logo\":{\"@type\":\"ImageObject\",\"inLanguage\":\"en-US\",\"@id\":\"https:\/\/www.lookforward.at\/#\/schema\/logo\/image\/\",\"url\":\"https:\/\/www.lookforward.at\/wp-content\/uploads\/2023\/10\/Icon-KB.svg\",\"contentUrl\":\"https:\/\/www.lookforward.at\/wp-content\/uploads\/2023\/10\/Icon-KB.svg\",\"caption\":\"KB lookforward\"},\"image\":{\"@id\":\"https:\/\/www.lookforward.at\/#\/schema\/logo\/image\/\"}}]}<\/script>\n<!-- \/ Yoast SEO plugin. -->","yoast_head_json":{"title":"BRA 020 LIMITIERT - nur f\u00fcr kurze Zeit bis Cup C","robots":{"index":"index","follow":"follow","max-snippet":"max-snippet:-1","max-image-preview":"max-image-preview:large","max-video-preview":"max-video-preview:-1"},"canonical":"https:\/\/www.lookforward.at\/en\/produkt\/limited-edition-bra004-bandeau-in-schwarz-rosa-und-weiss-3\/","og_locale":"en_US","og_type":"article","og_title":"[:de]BRA 020 LIMITIERT - nur f\u00fcr kurze Zeit bis Cup C[:] - lookforward Shop","og_description":"Dieses Modell ist kein Basic \u2013 es ist ein Statement.  Und genau deshalb nur in streng limitierter St\u00fcckzahl erh\u00e4ltlich.  Kurz geschnitten, selbstbewusst und voller Ausstrahlung \u2013 dieses Piece wurde f\u00fcr Frauen entworfen, die auffallen m\u00f6chten. Die kunstvoll gearbeitete Spitze trifft auf leuchtende Farben, die sofort ins Auge fallen und jedes Outfit aufwerten.  Der moderne, kurze Schnitt sorgt f\u00fcr eine feminine, klare Silhouette und macht dieses Modell perfekt zum Sichtbar-Tragen \u2013 unter Blazern, offenen Blusen oder als bewusst gesetztes Highlight.  Sanft integrierte Cups formen ein nat\u00fcrlich sch\u00f6nes Dekollet\u00e9 \u2013 ganz ohne B\u00fcgel, ganz ohne Druck. Die breiten Spitzentr\u00e4ger bieten angenehmen Halt und unterstreichen den hochwertigen Boutique-Charakter.  Das elastische Material schmiegt sich wie eine zweite Haut an und passt sich flexibel deiner Figur an.  \u2728 Ein exklusives Highlight \u2013 nur solange der Vorrat reicht.  Details:  \u2022kurzer, moderner Statement-Schnitt  \u2022ONE SIZE \u2013 flexibel passend (ideal bis Cup C)  \u2022sanft formende Cups f\u00fcr nat\u00fcrlichen Halt  \u2022ohne B\u00fcgel \u2013 maximaler Komfort  \u2022breite Spitzentr\u00e4ger f\u00fcr perfekten Sitz  \u2022hochwertige, detailreiche Spitze  \u2022elastisches Material f\u00fcr optimale Anpassung  \u2022waschbar bei 30 Grad","og_url":"https:\/\/www.lookforward.at\/en\/produkt\/limited-edition-bra004-bandeau-in-schwarz-rosa-und-weiss-3\/","og_site_name":"lookforward Shop","article_modified_time":"2026-03-23T11:10:58+00:00","og_image":[{"width":1920,"height":2560,"url":"https:\/\/www.lookforward.at\/wp-content\/uploads\/2025\/10\/image00056-scaled.jpeg","type":"image\/jpeg"}],"twitter_card":"summary_large_image","schema":{"@context":"https:\/\/schema.org","@graph":[{"@type":"WebPage","@id":"https:\/\/www.lookforward.at\/produkt\/limited-edition-bra004-bandeau-in-schwarz-rosa-und-weiss-3\/","url":"https:\/\/www.lookforward.at\/produkt\/limited-edition-bra004-bandeau-in-schwarz-rosa-und-weiss-3\/","name":"BRA 020 LIMITIERT - nur f\u00fcr kurze Zeit bis Cup C","isPartOf":{"@id":"https:\/\/www.lookforward.at\/#website"},"primaryImageOfPage":{"@id":"https:\/\/www.lookforward.at\/produkt\/limited-edition-bra004-bandeau-in-schwarz-rosa-und-weiss-3\/#primaryimage"},"image":{"@id":"https:\/\/www.lookforward.at\/produkt\/limited-edition-bra004-bandeau-in-schwarz-rosa-und-weiss-3\/#primaryimage"},"thumbnailUrl":"https:\/\/www.lookforward.at\/wp-content\/uploads\/2026\/02\/IMG_0809-2-1-scaled.jpg","datePublished":"2024-08-20T15:56:07+00:00","dateModified":"2026-03-23T11:10:58+00:00","breadcrumb":{"@id":"https:\/\/www.lookforward.at\/produkt\/limited-edition-bra004-bandeau-in-schwarz-rosa-und-weiss-3\/#breadcrumb"},"inLanguage":"en-US","potentialAction":[{"@type":"ReadAction","target":["https:\/\/www.lookforward.at\/produkt\/limited-edition-bra004-bandeau-in-schwarz-rosa-und-weiss-3\/"]}]},{"@type":"ImageObject","inLanguage":"en-US","@id":"https:\/\/www.lookforward.at\/produkt\/limited-edition-bra004-bandeau-in-schwarz-rosa-und-weiss-3\/#primaryimage","url":"https:\/\/www.lookforward.at\/wp-content\/uploads\/2026\/02\/IMG_0809-2-1-scaled.jpg","contentUrl":"https:\/\/www.lookforward.at\/wp-content\/uploads\/2026\/02\/IMG_0809-2-1-scaled.jpg","width":1920,"height":2560},{"@type":"BreadcrumbList","@id":"https:\/\/www.lookforward.at\/produkt\/limited-edition-bra004-bandeau-in-schwarz-rosa-und-weiss-3\/#breadcrumb","itemListElement":[{"@type":"ListItem","position":1,"name":"Startseite","item":"https:\/\/www.lookforward.at\/"},{"@type":"ListItem","position":2,"name":"Shop","item":"https:\/\/www.lookforward.at\/shop\/"},{"@type":"ListItem","position":3,"name":"BRA 020 LIMITIERT &#8211; nur f\u00fcr kurze Zeit bis Cup C"}]},{"@type":"WebSite","@id":"https:\/\/www.lookforward.at\/#website","url":"https:\/\/www.lookforward.at\/","name":"lookforward Shop","description":"Der neue Shop f\u00fcr Fashion, Lifestyle, Family, Food and Beauty.","publisher":{"@id":"https:\/\/www.lookforward.at\/#organization"},"potentialAction":[{"@type":"SearchAction","target":{"@type":"EntryPoint","urlTemplate":"https:\/\/www.lookforward.at\/?s={search_term_string}"},"query-input":{"@type":"PropertyValueSpecification","valueRequired":true,"valueName":"search_term_string"}}],"inLanguage":"en-US"},{"@type":"Organization","@id":"https:\/\/www.lookforward.at\/#organization","name":"KB lookforward","url":"https:\/\/www.lookforward.at\/","logo":{"@type":"ImageObject","inLanguage":"en-US","@id":"https:\/\/www.lookforward.at\/#\/schema\/logo\/image\/","url":"https:\/\/www.lookforward.at\/wp-content\/uploads\/2023\/10\/Icon-KB.svg","contentUrl":"https:\/\/www.lookforward.at\/wp-content\/uploads\/2023\/10\/Icon-KB.svg","caption":"KB lookforward"},"image":{"@id":"https:\/\/www.lookforward.at\/#\/schema\/logo\/image\/"}}]}},"_links":{"self":[{"href":"https:\/\/www.lookforward.at\/en\/wp-json\/wp\/v2\/product\/139327","targetHints":{"allow":["GET"]}}],"collection":[{"href":"https:\/\/www.lookforward.at\/en\/wp-json\/wp\/v2\/product"}],"about":[{"href":"https:\/\/www.lookforward.at\/en\/wp-json\/wp\/v2\/types\/product"}],"wp:featuredmedia":[{"embeddable":true,"href":"https:\/\/www.lookforward.at\/en\/wp-json\/wp\/v2\/media\/155231"}],"wp:attachment":[{"href":"https:\/\/www.lookforward.at\/en\/wp-json\/wp\/v2\/media?parent=139327"}],"wp:term":[{"taxonomy":"product_brand","embeddable":true,"href":"https:\/\/www.lookforward.at\/en\/wp-json\/wp\/v2\/product_brand?post=139327"},{"taxonomy":"product_cat","embeddable":true,"href":"https:\/\/www.lookforward.at\/en\/wp-json\/wp\/v2\/product_cat?post=139327"},{"taxonomy":"product_tag","embeddable":true,"href":"https:\/\/www.lookforward.at\/en\/wp-json\/wp\/v2\/product_tag?post=139327"}],"curies":[{"name":"wp","href":"https:\/\/api.w.org\/{rel}","templated":true}]}}