{"id":145564,"date":"2025-03-14T17:27:53","date_gmt":"2025-03-14T16:27:53","guid":{"rendered":"https:\/\/www.lookforward.at\/?post_type=product&#038;p=145564"},"modified":"2026-05-02T08:15:42","modified_gmt":"2026-05-02T06:15:42","slug":"bra-0013-%e2%9c%a8-der-erste-bra-mit-verstellbaren-traegern-komfort-eleganz-fuer-jede-figur-%e2%9c%a8","status":"publish","type":"product","link":"https:\/\/www.lookforward.at\/en\/produkt\/bra-0013-%e2%9c%a8-der-erste-bra-mit-verstellbaren-traegern-komfort-eleganz-fuer-jede-figur-%e2%9c%a8\/","title":{"rendered":"BRA 0013 &#8211; \u2728 Der erste Bra mit verstellbaren Tr\u00e4gern &#8211; bis CUP E"},"content":{"rendered":"","protected":false},"excerpt":{"rendered":"<p>\u2728 Der erste Bra mit verstellbaren Tr\u00e4gern \u2013 Komfort &#038; Eleganz f\u00fcr jede Figur! \u2728<\/p>\n<p>\ud83c\udf38 Gr\u00f6\u00dfe: ONE SIZE \u2013 passt sich wunderbar an verschiedene K\u00f6rperformen an<br \/>\n\ud83d\udcab Material:<br \/>\n&#8211; Fabric: Polyamid &#038; Elasthan \u2013 f\u00fcr perfekte Elastizit\u00e4t und angenehmen Tragekomfort<br \/>\n&#8211; Futter: Weiche Viskose \u2013 sanft zur Haut<\/p>\n<p>\u2764\ufe0f Passform: Das weiche Cup-Design ist f\u00fcr K\u00f6rbchengr\u00f6\u00dfen bis **Cup E** geeignet<br \/>\n\ud83c\udf80 Design: Femininer V-Ausschnitt mit wundersch\u00f6nen hochwertigen **Spitzendetails** \u2728<br \/>\n\ud83c\udfa8 Farben: Erh\u00e4ltlich in **verschiedenen Farben** \u2013 f\u00fcr jede Stimmung das perfekte Top!<br \/>\n\u2601\ufe0f Gef\u00fchl: Zart auf der Haut, anschmiegsam &#038; unglaublich bequem<\/p>\n<p>\u2728 Goodbye BH \u2013 unsere Bras ersetzen den herk\u00f6mmlichen BH!<br \/>\n\u2728 Verstellbare Tr\u00e4ger f\u00fcr die perfekte Passform &#038; maximalen Komfort<br \/>\n\u2728 Dank der verstellbaren Tr\u00e4ger passt er auch bei gro\u00dfen Cups optimal<br \/>\n\u2728 Innencups sorgen f\u00fcr den perfekten Halt und ein wundersch\u00f6nes Dekollet\u00e9<br \/>\n\u2728 Waschbar auf 30 Grad \u2013 pflegeleicht &#038; langlebig<br \/>\n\u2728 \u00dcber 5000 zufriedene Bra-Kundinnen<br \/>\n\u2728 H\u00e4lt die Form und ver\u00e4ndert sich nicht \u2013 langanhaltende Qualit\u00e4t<\/p>\n<p>Egal ob elegant kombiniert oder casual gestylt \u2013 dieser Bra wird dein neuer Lieblingsbegleiter! \u2728\ud83d\udc95<\/p>\n","protected":false},"featured_media":145530,"template":"","meta":{"inline_featured_image":false},"product_brand":[],"product_cat":[442],"product_tag":[],"class_list":{"0":"post-145564","1":"product","2":"type-product","3":"status-publish","4":"has-post-thumbnail","6":"product_cat-bras","8":"first","9":"onbackorder","10":"taxable","11":"shipping-taxable","12":"purchasable","13":"product-type-variable"},"bundled_by":[],"bundle_stock_status":"onbackorder","bundle_stock_quantity":null,"bundle_virtual":false,"bundle_layout":"","bundle_add_to_cart_form_location":"","bundle_editable_in_cart":false,"bundle_sold_individually_context":"","bundle_item_grouping":"","bundle_min_size":"","bundle_max_size":"","bundle_price":[],"bundled_items":[],"bundle_sell_ids":[],"yoast_head":"<!-- This site is optimized with the Yoast SEO plugin v26.5 - https:\/\/yoast.com\/wordpress\/plugins\/seo\/ -->\n<title>BRA 0013 - \u2728 Der erste Bra mit verstellbaren Tr\u00e4gern - bis CUP E<\/title>\n<meta name=\"robots\" content=\"index, follow, max-snippet:-1, max-image-preview:large, max-video-preview:-1\" \/>\n<link rel=\"canonical\" href=\"https:\/\/www.lookforward.at\/en\/produkt\/bra-0013-\u2728-der-erste-bra-mit-verstellbaren-traegern-komfort-eleganz-fuer-jede-figur-\u2728\/\" \/>\n<meta property=\"og:locale\" content=\"en_US\" \/>\n<meta property=\"og:locale:alternate\" content=\"de_DE\" \/>\n<meta property=\"og:type\" content=\"article\" \/>\n<meta property=\"og:title\" content=\"BRA 0013 - \u2728 Der erste Bra mit verstellbaren Tr\u00e4gern - bis CUP E\" \/>\n<meta property=\"og:description\" content=\"\u2728 Der erste Bra mit verstellbaren Tr\u00e4gern \u2013 Komfort &amp; Eleganz f\u00fcr jede Figur! \u2728  \ud83c\udf38 Gr\u00f6\u00dfe: ONE SIZE \u2013 passt sich wunderbar an verschiedene K\u00f6rperformen an \ud83d\udcab Material: - Fabric: Polyamid &amp; Elasthan \u2013 f\u00fcr perfekte Elastizit\u00e4t und angenehmen Tragekomfort - Futter: Weiche Viskose \u2013 sanft zur Haut  \u2764\ufe0f Passform: Das weiche Cup-Design ist f\u00fcr K\u00f6rbchengr\u00f6\u00dfen bis **Cup E** geeignet \ud83c\udf80 Design: Femininer V-Ausschnitt mit wundersch\u00f6nen hochwertigen **Spitzendetails** \u2728 \ud83c\udfa8 Farben: Erh\u00e4ltlich in **verschiedenen Farben** \u2013 f\u00fcr jede Stimmung das perfekte Top! \u2601\ufe0f Gef\u00fchl: Zart auf der Haut, anschmiegsam &amp; unglaublich bequem  \u2728 Goodbye BH \u2013 unsere Bras ersetzen den herk\u00f6mmlichen BH! \u2728 Verstellbare Tr\u00e4ger f\u00fcr die perfekte Passform &amp; maximalen Komfort \u2728 Dank der verstellbaren Tr\u00e4ger passt er auch bei gro\u00dfen Cups optimal \u2728 Innencups sorgen f\u00fcr den perfekten Halt und ein wundersch\u00f6nes Dekollet\u00e9 \u2728 Waschbar auf 30 Grad \u2013 pflegeleicht &amp; langlebig \u2728 \u00dcber 5000 zufriedene Bra-Kundinnen \u2728 H\u00e4lt die Form und ver\u00e4ndert sich nicht \u2013 langanhaltende Qualit\u00e4t  Egal ob elegant kombiniert oder casual gestylt \u2013 dieser Bra wird dein neuer Lieblingsbegleiter! \u2728\ud83d\udc95\" \/>\n<meta property=\"og:url\" content=\"https:\/\/www.lookforward.at\/en\/produkt\/bra-0013-\u2728-der-erste-bra-mit-verstellbaren-traegern-komfort-eleganz-fuer-jede-figur-\u2728\/\" \/>\n<meta property=\"og:site_name\" content=\"lookforward Shop\" \/>\n<meta property=\"article:modified_time\" content=\"2026-05-02T06:15:42+00:00\" \/>\n<meta property=\"og:image\" content=\"https:\/\/www.lookforward.at\/wp-content\/uploads\/2025\/03\/image00034-scaled.jpeg\" \/>\n\t<meta property=\"og:image:width\" content=\"1920\" \/>\n\t<meta property=\"og:image:height\" content=\"2560\" \/>\n\t<meta property=\"og:image:type\" content=\"image\/jpeg\" \/>\n<meta name=\"twitter:card\" content=\"summary_large_image\" \/>\n<meta name=\"twitter:label1\" content=\"Est. reading time\" \/>\n\t<meta name=\"twitter:data1\" content=\"1 minute\" \/>\n<script type=\"application\/ld+json\" class=\"yoast-schema-graph\">{\"@context\":\"https:\/\/schema.org\",\"@graph\":[{\"@type\":\"WebPage\",\"@id\":\"https:\/\/www.lookforward.at\/produkt\/bra-0013-%e2%9c%a8-der-erste-bra-mit-verstellbaren-traegern-komfort-eleganz-fuer-jede-figur-%e2%9c%a8\/\",\"url\":\"https:\/\/www.lookforward.at\/produkt\/bra-0013-%e2%9c%a8-der-erste-bra-mit-verstellbaren-traegern-komfort-eleganz-fuer-jede-figur-%e2%9c%a8\/\",\"name\":\"BRA 0013 - \u2728 Der erste Bra mit verstellbaren Tr\u00e4gern - bis CUP E\",\"isPartOf\":{\"@id\":\"https:\/\/www.lookforward.at\/#website\"},\"primaryImageOfPage\":{\"@id\":\"https:\/\/www.lookforward.at\/produkt\/bra-0013-%e2%9c%a8-der-erste-bra-mit-verstellbaren-traegern-komfort-eleganz-fuer-jede-figur-%e2%9c%a8\/#primaryimage\"},\"image\":{\"@id\":\"https:\/\/www.lookforward.at\/produkt\/bra-0013-%e2%9c%a8-der-erste-bra-mit-verstellbaren-traegern-komfort-eleganz-fuer-jede-figur-%e2%9c%a8\/#primaryimage\"},\"thumbnailUrl\":\"https:\/\/www.lookforward.at\/wp-content\/uploads\/2025\/03\/image00034-scaled.jpeg\",\"datePublished\":\"2025-03-14T16:27:53+00:00\",\"dateModified\":\"2026-05-02T06:15:42+00:00\",\"breadcrumb\":{\"@id\":\"https:\/\/www.lookforward.at\/produkt\/bra-0013-%e2%9c%a8-der-erste-bra-mit-verstellbaren-traegern-komfort-eleganz-fuer-jede-figur-%e2%9c%a8\/#breadcrumb\"},\"inLanguage\":\"en-US\",\"potentialAction\":[{\"@type\":\"ReadAction\",\"target\":[\"https:\/\/www.lookforward.at\/produkt\/bra-0013-%e2%9c%a8-der-erste-bra-mit-verstellbaren-traegern-komfort-eleganz-fuer-jede-figur-%e2%9c%a8\/\"]}]},{\"@type\":\"ImageObject\",\"inLanguage\":\"en-US\",\"@id\":\"https:\/\/www.lookforward.at\/produkt\/bra-0013-%e2%9c%a8-der-erste-bra-mit-verstellbaren-traegern-komfort-eleganz-fuer-jede-figur-%e2%9c%a8\/#primaryimage\",\"url\":\"https:\/\/www.lookforward.at\/wp-content\/uploads\/2025\/03\/image00034-scaled.jpeg\",\"contentUrl\":\"https:\/\/www.lookforward.at\/wp-content\/uploads\/2025\/03\/image00034-scaled.jpeg\",\"width\":1920,\"height\":2560},{\"@type\":\"BreadcrumbList\",\"@id\":\"https:\/\/www.lookforward.at\/produkt\/bra-0013-%e2%9c%a8-der-erste-bra-mit-verstellbaren-traegern-komfort-eleganz-fuer-jede-figur-%e2%9c%a8\/#breadcrumb\",\"itemListElement\":[{\"@type\":\"ListItem\",\"position\":1,\"name\":\"Startseite\",\"item\":\"https:\/\/www.lookforward.at\/\"},{\"@type\":\"ListItem\",\"position\":2,\"name\":\"Shop\",\"item\":\"https:\/\/www.lookforward.at\/shop\/\"},{\"@type\":\"ListItem\",\"position\":3,\"name\":\"BRA 0013 &#8211; \u2728 Der erste Bra mit verstellbaren Tr\u00e4gern &#8211; bis CUP E\"}]},{\"@type\":\"WebSite\",\"@id\":\"https:\/\/www.lookforward.at\/#website\",\"url\":\"https:\/\/www.lookforward.at\/\",\"name\":\"lookforward Shop\",\"description\":\"Der neue Shop f\u00fcr Fashion, Lifestyle, Family, Food and Beauty.\",\"publisher\":{\"@id\":\"https:\/\/www.lookforward.at\/#organization\"},\"potentialAction\":[{\"@type\":\"SearchAction\",\"target\":{\"@type\":\"EntryPoint\",\"urlTemplate\":\"https:\/\/www.lookforward.at\/?s={search_term_string}\"},\"query-input\":{\"@type\":\"PropertyValueSpecification\",\"valueRequired\":true,\"valueName\":\"search_term_string\"}}],\"inLanguage\":\"en-US\"},{\"@type\":\"Organization\",\"@id\":\"https:\/\/www.lookforward.at\/#organization\",\"name\":\"KB lookforward\",\"url\":\"https:\/\/www.lookforward.at\/\",\"logo\":{\"@type\":\"ImageObject\",\"inLanguage\":\"en-US\",\"@id\":\"https:\/\/www.lookforward.at\/#\/schema\/logo\/image\/\",\"url\":\"https:\/\/www.lookforward.at\/wp-content\/uploads\/2023\/10\/Icon-KB.svg\",\"contentUrl\":\"https:\/\/www.lookforward.at\/wp-content\/uploads\/2023\/10\/Icon-KB.svg\",\"caption\":\"KB lookforward\"},\"image\":{\"@id\":\"https:\/\/www.lookforward.at\/#\/schema\/logo\/image\/\"}}]}<\/script>\n<!-- \/ Yoast SEO plugin. -->","yoast_head_json":{"title":"BRA 0013 - \u2728 Der erste Bra mit verstellbaren Tr\u00e4gern - bis CUP E","robots":{"index":"index","follow":"follow","max-snippet":"max-snippet:-1","max-image-preview":"max-image-preview:large","max-video-preview":"max-video-preview:-1"},"canonical":"https:\/\/www.lookforward.at\/en\/produkt\/bra-0013-\u2728-der-erste-bra-mit-verstellbaren-traegern-komfort-eleganz-fuer-jede-figur-\u2728\/","og_locale":"en_US","og_type":"article","og_title":"[:de]BRA 0013 - \u2728 Der erste Bra mit verstellbaren Tr\u00e4gern - bis CUP E[:] - lookforward Shop","og_description":"\u2728 Der erste Bra mit verstellbaren Tr\u00e4gern \u2013 Komfort & Eleganz f\u00fcr jede Figur! \u2728  \ud83c\udf38 Gr\u00f6\u00dfe: ONE SIZE \u2013 passt sich wunderbar an verschiedene K\u00f6rperformen an \ud83d\udcab Material: - Fabric: Polyamid & Elasthan \u2013 f\u00fcr perfekte Elastizit\u00e4t und angenehmen Tragekomfort - Futter: Weiche Viskose \u2013 sanft zur Haut  \u2764\ufe0f Passform: Das weiche Cup-Design ist f\u00fcr K\u00f6rbchengr\u00f6\u00dfen bis **Cup E** geeignet \ud83c\udf80 Design: Femininer V-Ausschnitt mit wundersch\u00f6nen hochwertigen **Spitzendetails** \u2728 \ud83c\udfa8 Farben: Erh\u00e4ltlich in **verschiedenen Farben** \u2013 f\u00fcr jede Stimmung das perfekte Top! \u2601\ufe0f Gef\u00fchl: Zart auf der Haut, anschmiegsam & unglaublich bequem  \u2728 Goodbye BH \u2013 unsere Bras ersetzen den herk\u00f6mmlichen BH! \u2728 Verstellbare Tr\u00e4ger f\u00fcr die perfekte Passform & maximalen Komfort \u2728 Dank der verstellbaren Tr\u00e4ger passt er auch bei gro\u00dfen Cups optimal \u2728 Innencups sorgen f\u00fcr den perfekten Halt und ein wundersch\u00f6nes Dekollet\u00e9 \u2728 Waschbar auf 30 Grad \u2013 pflegeleicht & langlebig \u2728 \u00dcber 5000 zufriedene Bra-Kundinnen \u2728 H\u00e4lt die Form und ver\u00e4ndert sich nicht \u2013 langanhaltende Qualit\u00e4t  Egal ob elegant kombiniert oder casual gestylt \u2013 dieser Bra wird dein neuer Lieblingsbegleiter! \u2728\ud83d\udc95","og_url":"https:\/\/www.lookforward.at\/en\/produkt\/bra-0013-\u2728-der-erste-bra-mit-verstellbaren-traegern-komfort-eleganz-fuer-jede-figur-\u2728\/","og_site_name":"lookforward Shop","article_modified_time":"2026-05-02T06:15:42+00:00","og_image":[{"width":1920,"height":2560,"url":"https:\/\/www.lookforward.at\/wp-content\/uploads\/2025\/03\/image00034-scaled.jpeg","type":"image\/jpeg"}],"twitter_card":"summary_large_image","twitter_misc":{"Est. reading time":"1 minute"},"schema":{"@context":"https:\/\/schema.org","@graph":[{"@type":"WebPage","@id":"https:\/\/www.lookforward.at\/produkt\/bra-0013-%e2%9c%a8-der-erste-bra-mit-verstellbaren-traegern-komfort-eleganz-fuer-jede-figur-%e2%9c%a8\/","url":"https:\/\/www.lookforward.at\/produkt\/bra-0013-%e2%9c%a8-der-erste-bra-mit-verstellbaren-traegern-komfort-eleganz-fuer-jede-figur-%e2%9c%a8\/","name":"BRA 0013 - \u2728 Der erste Bra mit verstellbaren Tr\u00e4gern - bis CUP E","isPartOf":{"@id":"https:\/\/www.lookforward.at\/#website"},"primaryImageOfPage":{"@id":"https:\/\/www.lookforward.at\/produkt\/bra-0013-%e2%9c%a8-der-erste-bra-mit-verstellbaren-traegern-komfort-eleganz-fuer-jede-figur-%e2%9c%a8\/#primaryimage"},"image":{"@id":"https:\/\/www.lookforward.at\/produkt\/bra-0013-%e2%9c%a8-der-erste-bra-mit-verstellbaren-traegern-komfort-eleganz-fuer-jede-figur-%e2%9c%a8\/#primaryimage"},"thumbnailUrl":"https:\/\/www.lookforward.at\/wp-content\/uploads\/2025\/03\/image00034-scaled.jpeg","datePublished":"2025-03-14T16:27:53+00:00","dateModified":"2026-05-02T06:15:42+00:00","breadcrumb":{"@id":"https:\/\/www.lookforward.at\/produkt\/bra-0013-%e2%9c%a8-der-erste-bra-mit-verstellbaren-traegern-komfort-eleganz-fuer-jede-figur-%e2%9c%a8\/#breadcrumb"},"inLanguage":"en-US","potentialAction":[{"@type":"ReadAction","target":["https:\/\/www.lookforward.at\/produkt\/bra-0013-%e2%9c%a8-der-erste-bra-mit-verstellbaren-traegern-komfort-eleganz-fuer-jede-figur-%e2%9c%a8\/"]}]},{"@type":"ImageObject","inLanguage":"en-US","@id":"https:\/\/www.lookforward.at\/produkt\/bra-0013-%e2%9c%a8-der-erste-bra-mit-verstellbaren-traegern-komfort-eleganz-fuer-jede-figur-%e2%9c%a8\/#primaryimage","url":"https:\/\/www.lookforward.at\/wp-content\/uploads\/2025\/03\/image00034-scaled.jpeg","contentUrl":"https:\/\/www.lookforward.at\/wp-content\/uploads\/2025\/03\/image00034-scaled.jpeg","width":1920,"height":2560},{"@type":"BreadcrumbList","@id":"https:\/\/www.lookforward.at\/produkt\/bra-0013-%e2%9c%a8-der-erste-bra-mit-verstellbaren-traegern-komfort-eleganz-fuer-jede-figur-%e2%9c%a8\/#breadcrumb","itemListElement":[{"@type":"ListItem","position":1,"name":"Startseite","item":"https:\/\/www.lookforward.at\/"},{"@type":"ListItem","position":2,"name":"Shop","item":"https:\/\/www.lookforward.at\/shop\/"},{"@type":"ListItem","position":3,"name":"BRA 0013 &#8211; \u2728 Der erste Bra mit verstellbaren Tr\u00e4gern &#8211; bis CUP E"}]},{"@type":"WebSite","@id":"https:\/\/www.lookforward.at\/#website","url":"https:\/\/www.lookforward.at\/","name":"lookforward Shop","description":"Der neue Shop f\u00fcr Fashion, Lifestyle, Family, Food and Beauty.","publisher":{"@id":"https:\/\/www.lookforward.at\/#organization"},"potentialAction":[{"@type":"SearchAction","target":{"@type":"EntryPoint","urlTemplate":"https:\/\/www.lookforward.at\/?s={search_term_string}"},"query-input":{"@type":"PropertyValueSpecification","valueRequired":true,"valueName":"search_term_string"}}],"inLanguage":"en-US"},{"@type":"Organization","@id":"https:\/\/www.lookforward.at\/#organization","name":"KB lookforward","url":"https:\/\/www.lookforward.at\/","logo":{"@type":"ImageObject","inLanguage":"en-US","@id":"https:\/\/www.lookforward.at\/#\/schema\/logo\/image\/","url":"https:\/\/www.lookforward.at\/wp-content\/uploads\/2023\/10\/Icon-KB.svg","contentUrl":"https:\/\/www.lookforward.at\/wp-content\/uploads\/2023\/10\/Icon-KB.svg","caption":"KB lookforward"},"image":{"@id":"https:\/\/www.lookforward.at\/#\/schema\/logo\/image\/"}}]}},"_links":{"self":[{"href":"https:\/\/www.lookforward.at\/en\/wp-json\/wp\/v2\/product\/145564","targetHints":{"allow":["GET"]}}],"collection":[{"href":"https:\/\/www.lookforward.at\/en\/wp-json\/wp\/v2\/product"}],"about":[{"href":"https:\/\/www.lookforward.at\/en\/wp-json\/wp\/v2\/types\/product"}],"wp:featuredmedia":[{"embeddable":true,"href":"https:\/\/www.lookforward.at\/en\/wp-json\/wp\/v2\/media\/145530"}],"wp:attachment":[{"href":"https:\/\/www.lookforward.at\/en\/wp-json\/wp\/v2\/media?parent=145564"}],"wp:term":[{"taxonomy":"product_brand","embeddable":true,"href":"https:\/\/www.lookforward.at\/en\/wp-json\/wp\/v2\/product_brand?post=145564"},{"taxonomy":"product_cat","embeddable":true,"href":"https:\/\/www.lookforward.at\/en\/wp-json\/wp\/v2\/product_cat?post=145564"},{"taxonomy":"product_tag","embeddable":true,"href":"https:\/\/www.lookforward.at\/en\/wp-json\/wp\/v2\/product_tag?post=145564"}],"curies":[{"name":"wp","href":"https:\/\/api.w.org\/{rel}","templated":true}]}}