{"id":146453,"date":"2025-04-08T12:00:16","date_gmt":"2025-04-08T10:00:16","guid":{"rendered":"https:\/\/www.lookforward.at\/?post_type=product&#038;p=146453"},"modified":"2026-05-03T23:42:49","modified_gmt":"2026-05-03T21:42:49","slug":"limited-edition-bra-0012-in-12-farben","status":"publish","type":"product","link":"https:\/\/www.lookforward.at\/en\/produkt\/limited-edition-bra-0012-in-12-farben\/","title":{"rendered":"LIMITED EDITION:  BRA 0012 bis Cup C"},"content":{"rendered":"","protected":false},"excerpt":{"rendered":"<p>BRANDNEU: unser BRA 0012 in 12 verschiedenen Farben.<\/p>\n<p>Seid unbedingt schnell &#8211; es ist nur eine limitierte St\u00fcckzahl verf\u00fcgbar.<\/p>\n<ul>\n<li>unser l\u00e4ngstes Spitzenbramodell<\/li>\n<li>Goodbye BH &#8211; ersetzt zu 100% den BH<\/li>\n<li>ONE SIZE (passt perfekt bis Cup C)<\/li>\n<li>mit stabilem Innencup und sehr stretchig &#8211; passt sich daher dem Busen an und formt ihn<\/li>\n<li>macht ein wundersch\u00f6nes Dekoltee<\/li>\n<li>wundersch\u00f6ne R\u00fcckendetails<\/li>\n<li>waschbar auf 30 Grad<\/li>\n<\/ul>\n<p>&nbsp;<\/p>\n","protected":false},"featured_media":144225,"template":"","meta":{"inline_featured_image":false},"product_brand":[],"product_cat":[442],"product_tag":[],"class_list":{"0":"post-146453","1":"product","2":"type-product","3":"status-publish","4":"has-post-thumbnail","6":"product_cat-bras","8":"first","9":"instock","10":"taxable","11":"shipping-taxable","12":"purchasable","13":"product-type-variable"},"bundled_by":[],"bundle_stock_status":"instock","bundle_stock_quantity":null,"bundle_virtual":false,"bundle_layout":"","bundle_add_to_cart_form_location":"","bundle_editable_in_cart":false,"bundle_sold_individually_context":"","bundle_item_grouping":"","bundle_min_size":"","bundle_max_size":"","bundle_price":[],"bundled_items":[],"bundle_sell_ids":[],"yoast_head":"<!-- This site is optimized with the Yoast SEO plugin v26.5 - https:\/\/yoast.com\/wordpress\/plugins\/seo\/ -->\n<title>LIMITED EDITION: BRA 0012 bis Cup C<\/title>\n<meta name=\"robots\" content=\"index, follow, max-snippet:-1, max-image-preview:large, max-video-preview:-1\" \/>\n<link rel=\"canonical\" href=\"https:\/\/www.lookforward.at\/en\/produkt\/limited-edition-bra-0012-in-12-farben\/\" \/>\n<meta property=\"og:locale\" content=\"en_US\" \/>\n<meta property=\"og:locale:alternate\" content=\"de_DE\" \/>\n<meta property=\"og:type\" content=\"article\" \/>\n<meta property=\"og:title\" content=\"LIMITED EDITION: BRA 0012 bis Cup C\" \/>\n<meta property=\"og:description\" content=\"BRANDNEU: unser BRA 0012 in 12 verschiedenen Farben.  Seid unbedingt schnell - es ist nur eine limitierte St\u00fcckzahl verf\u00fcgbar.   unser l\u00e4ngstes Spitzenbramodell  Goodbye BH - ersetzt zu 100% den BH  ONE SIZE (passt perfekt bis Cup C)  mit stabilem Innencup und sehr stretchig - passt sich daher dem Busen an und formt ihn  macht ein wundersch\u00f6nes Dekoltee  wundersch\u00f6ne R\u00fcckendetails  waschbar auf 30 Grad  &nbsp;\" \/>\n<meta property=\"og:url\" content=\"https:\/\/www.lookforward.at\/en\/produkt\/limited-edition-bra-0012-in-12-farben\/\" \/>\n<meta property=\"og:site_name\" content=\"lookforward Shop\" \/>\n<meta property=\"article:modified_time\" content=\"2026-05-03T21:42:49+00:00\" \/>\n<meta property=\"og:image\" content=\"https:\/\/www.lookforward.at\/wp-content\/uploads\/2025\/02\/image00004-scaled.jpeg\" \/>\n\t<meta property=\"og:image:width\" content=\"1920\" \/>\n\t<meta property=\"og:image:height\" content=\"2560\" \/>\n\t<meta property=\"og:image:type\" content=\"image\/jpeg\" \/>\n<meta name=\"twitter:card\" content=\"summary_large_image\" \/>\n<meta name=\"twitter:label1\" content=\"Est. reading time\" \/>\n\t<meta name=\"twitter:data1\" content=\"1 minute\" \/>\n<script type=\"application\/ld+json\" class=\"yoast-schema-graph\">{\"@context\":\"https:\/\/schema.org\",\"@graph\":[{\"@type\":\"WebPage\",\"@id\":\"https:\/\/www.lookforward.at\/produkt\/limited-edition-bra-0012-in-12-farben\/\",\"url\":\"https:\/\/www.lookforward.at\/produkt\/limited-edition-bra-0012-in-12-farben\/\",\"name\":\"LIMITED EDITION: BRA 0012 bis Cup C\",\"isPartOf\":{\"@id\":\"https:\/\/www.lookforward.at\/#website\"},\"primaryImageOfPage\":{\"@id\":\"https:\/\/www.lookforward.at\/produkt\/limited-edition-bra-0012-in-12-farben\/#primaryimage\"},\"image\":{\"@id\":\"https:\/\/www.lookforward.at\/produkt\/limited-edition-bra-0012-in-12-farben\/#primaryimage\"},\"thumbnailUrl\":\"https:\/\/www.lookforward.at\/wp-content\/uploads\/2025\/02\/image00004-scaled.jpeg\",\"datePublished\":\"2025-04-08T10:00:16+00:00\",\"dateModified\":\"2026-05-03T21:42:49+00:00\",\"breadcrumb\":{\"@id\":\"https:\/\/www.lookforward.at\/produkt\/limited-edition-bra-0012-in-12-farben\/#breadcrumb\"},\"inLanguage\":\"en-US\",\"potentialAction\":[{\"@type\":\"ReadAction\",\"target\":[\"https:\/\/www.lookforward.at\/produkt\/limited-edition-bra-0012-in-12-farben\/\"]}]},{\"@type\":\"ImageObject\",\"inLanguage\":\"en-US\",\"@id\":\"https:\/\/www.lookforward.at\/produkt\/limited-edition-bra-0012-in-12-farben\/#primaryimage\",\"url\":\"https:\/\/www.lookforward.at\/wp-content\/uploads\/2025\/02\/image00004-scaled.jpeg\",\"contentUrl\":\"https:\/\/www.lookforward.at\/wp-content\/uploads\/2025\/02\/image00004-scaled.jpeg\",\"width\":1920,\"height\":2560},{\"@type\":\"BreadcrumbList\",\"@id\":\"https:\/\/www.lookforward.at\/produkt\/limited-edition-bra-0012-in-12-farben\/#breadcrumb\",\"itemListElement\":[{\"@type\":\"ListItem\",\"position\":1,\"name\":\"Startseite\",\"item\":\"https:\/\/www.lookforward.at\/\"},{\"@type\":\"ListItem\",\"position\":2,\"name\":\"Shop\",\"item\":\"https:\/\/www.lookforward.at\/shop\/\"},{\"@type\":\"ListItem\",\"position\":3,\"name\":\"LIMITED EDITION: BRA 0012 bis Cup C\"}]},{\"@type\":\"WebSite\",\"@id\":\"https:\/\/www.lookforward.at\/#website\",\"url\":\"https:\/\/www.lookforward.at\/\",\"name\":\"lookforward Shop\",\"description\":\"Der neue Shop f\u00fcr Fashion, Lifestyle, Family, Food and Beauty.\",\"publisher\":{\"@id\":\"https:\/\/www.lookforward.at\/#organization\"},\"potentialAction\":[{\"@type\":\"SearchAction\",\"target\":{\"@type\":\"EntryPoint\",\"urlTemplate\":\"https:\/\/www.lookforward.at\/?s={search_term_string}\"},\"query-input\":{\"@type\":\"PropertyValueSpecification\",\"valueRequired\":true,\"valueName\":\"search_term_string\"}}],\"inLanguage\":\"en-US\"},{\"@type\":\"Organization\",\"@id\":\"https:\/\/www.lookforward.at\/#organization\",\"name\":\"KB lookforward\",\"url\":\"https:\/\/www.lookforward.at\/\",\"logo\":{\"@type\":\"ImageObject\",\"inLanguage\":\"en-US\",\"@id\":\"https:\/\/www.lookforward.at\/#\/schema\/logo\/image\/\",\"url\":\"https:\/\/www.lookforward.at\/wp-content\/uploads\/2023\/10\/Icon-KB.svg\",\"contentUrl\":\"https:\/\/www.lookforward.at\/wp-content\/uploads\/2023\/10\/Icon-KB.svg\",\"caption\":\"KB lookforward\"},\"image\":{\"@id\":\"https:\/\/www.lookforward.at\/#\/schema\/logo\/image\/\"}}]}<\/script>\n<!-- \/ Yoast SEO plugin. -->","yoast_head_json":{"title":"LIMITED EDITION: BRA 0012 bis Cup C","robots":{"index":"index","follow":"follow","max-snippet":"max-snippet:-1","max-image-preview":"max-image-preview:large","max-video-preview":"max-video-preview:-1"},"canonical":"https:\/\/www.lookforward.at\/en\/produkt\/limited-edition-bra-0012-in-12-farben\/","og_locale":"en_US","og_type":"article","og_title":"[:de]LIMITED EDITION: BRA 0012 bis Cup C[:] - lookforward Shop","og_description":"BRANDNEU: unser BRA 0012 in 12 verschiedenen Farben.  Seid unbedingt schnell - es ist nur eine limitierte St\u00fcckzahl verf\u00fcgbar.   unser l\u00e4ngstes Spitzenbramodell  Goodbye BH - ersetzt zu 100% den BH  ONE SIZE (passt perfekt bis Cup C)  mit stabilem Innencup und sehr stretchig - passt sich daher dem Busen an und formt ihn  macht ein wundersch\u00f6nes Dekoltee  wundersch\u00f6ne R\u00fcckendetails  waschbar auf 30 Grad  &nbsp;","og_url":"https:\/\/www.lookforward.at\/en\/produkt\/limited-edition-bra-0012-in-12-farben\/","og_site_name":"lookforward Shop","article_modified_time":"2026-05-03T21:42:49+00:00","og_image":[{"width":1920,"height":2560,"url":"https:\/\/www.lookforward.at\/wp-content\/uploads\/2025\/02\/image00004-scaled.jpeg","type":"image\/jpeg"}],"twitter_card":"summary_large_image","twitter_misc":{"Est. reading time":"1 minute"},"schema":{"@context":"https:\/\/schema.org","@graph":[{"@type":"WebPage","@id":"https:\/\/www.lookforward.at\/produkt\/limited-edition-bra-0012-in-12-farben\/","url":"https:\/\/www.lookforward.at\/produkt\/limited-edition-bra-0012-in-12-farben\/","name":"LIMITED EDITION: BRA 0012 bis Cup C","isPartOf":{"@id":"https:\/\/www.lookforward.at\/#website"},"primaryImageOfPage":{"@id":"https:\/\/www.lookforward.at\/produkt\/limited-edition-bra-0012-in-12-farben\/#primaryimage"},"image":{"@id":"https:\/\/www.lookforward.at\/produkt\/limited-edition-bra-0012-in-12-farben\/#primaryimage"},"thumbnailUrl":"https:\/\/www.lookforward.at\/wp-content\/uploads\/2025\/02\/image00004-scaled.jpeg","datePublished":"2025-04-08T10:00:16+00:00","dateModified":"2026-05-03T21:42:49+00:00","breadcrumb":{"@id":"https:\/\/www.lookforward.at\/produkt\/limited-edition-bra-0012-in-12-farben\/#breadcrumb"},"inLanguage":"en-US","potentialAction":[{"@type":"ReadAction","target":["https:\/\/www.lookforward.at\/produkt\/limited-edition-bra-0012-in-12-farben\/"]}]},{"@type":"ImageObject","inLanguage":"en-US","@id":"https:\/\/www.lookforward.at\/produkt\/limited-edition-bra-0012-in-12-farben\/#primaryimage","url":"https:\/\/www.lookforward.at\/wp-content\/uploads\/2025\/02\/image00004-scaled.jpeg","contentUrl":"https:\/\/www.lookforward.at\/wp-content\/uploads\/2025\/02\/image00004-scaled.jpeg","width":1920,"height":2560},{"@type":"BreadcrumbList","@id":"https:\/\/www.lookforward.at\/produkt\/limited-edition-bra-0012-in-12-farben\/#breadcrumb","itemListElement":[{"@type":"ListItem","position":1,"name":"Startseite","item":"https:\/\/www.lookforward.at\/"},{"@type":"ListItem","position":2,"name":"Shop","item":"https:\/\/www.lookforward.at\/shop\/"},{"@type":"ListItem","position":3,"name":"LIMITED EDITION: BRA 0012 bis Cup C"}]},{"@type":"WebSite","@id":"https:\/\/www.lookforward.at\/#website","url":"https:\/\/www.lookforward.at\/","name":"lookforward Shop","description":"Der neue Shop f\u00fcr Fashion, Lifestyle, Family, Food and Beauty.","publisher":{"@id":"https:\/\/www.lookforward.at\/#organization"},"potentialAction":[{"@type":"SearchAction","target":{"@type":"EntryPoint","urlTemplate":"https:\/\/www.lookforward.at\/?s={search_term_string}"},"query-input":{"@type":"PropertyValueSpecification","valueRequired":true,"valueName":"search_term_string"}}],"inLanguage":"en-US"},{"@type":"Organization","@id":"https:\/\/www.lookforward.at\/#organization","name":"KB lookforward","url":"https:\/\/www.lookforward.at\/","logo":{"@type":"ImageObject","inLanguage":"en-US","@id":"https:\/\/www.lookforward.at\/#\/schema\/logo\/image\/","url":"https:\/\/www.lookforward.at\/wp-content\/uploads\/2023\/10\/Icon-KB.svg","contentUrl":"https:\/\/www.lookforward.at\/wp-content\/uploads\/2023\/10\/Icon-KB.svg","caption":"KB lookforward"},"image":{"@id":"https:\/\/www.lookforward.at\/#\/schema\/logo\/image\/"}}]}},"_links":{"self":[{"href":"https:\/\/www.lookforward.at\/en\/wp-json\/wp\/v2\/product\/146453","targetHints":{"allow":["GET"]}}],"collection":[{"href":"https:\/\/www.lookforward.at\/en\/wp-json\/wp\/v2\/product"}],"about":[{"href":"https:\/\/www.lookforward.at\/en\/wp-json\/wp\/v2\/types\/product"}],"wp:featuredmedia":[{"embeddable":true,"href":"https:\/\/www.lookforward.at\/en\/wp-json\/wp\/v2\/media\/144225"}],"wp:attachment":[{"href":"https:\/\/www.lookforward.at\/en\/wp-json\/wp\/v2\/media?parent=146453"}],"wp:term":[{"taxonomy":"product_brand","embeddable":true,"href":"https:\/\/www.lookforward.at\/en\/wp-json\/wp\/v2\/product_brand?post=146453"},{"taxonomy":"product_cat","embeddable":true,"href":"https:\/\/www.lookforward.at\/en\/wp-json\/wp\/v2\/product_cat?post=146453"},{"taxonomy":"product_tag","embeddable":true,"href":"https:\/\/www.lookforward.at\/en\/wp-json\/wp\/v2\/product_tag?post=146453"}],"curies":[{"name":"wp","href":"https:\/\/api.w.org\/{rel}","templated":true}]}}