{"id":148006,"date":"2025-05-23T19:39:27","date_gmt":"2025-05-23T17:39:27","guid":{"rendered":"https:\/\/www.lookforward.at\/?post_type=product&#038;p=148006"},"modified":"2026-04-05T19:01:59","modified_gmt":"2026-04-05T17:01:59","slug":"372-boyfriend-jeans-grau-destroyed","status":"publish","type":"product","link":"https:\/\/www.lookforward.at\/en\/produkt\/372-boyfriend-jeans-grau-destroyed\/","title":{"rendered":"372 Boyfriend Jeans \u2013 grau destroyed"},"content":{"rendered":"","protected":false},"excerpt":{"rendered":"<p>&nbsp;<\/p>\n<div>\n<div><b>4. Boyfriend Jeans \u2013 Schwarz destroyed<\/b><\/div>\n<div>\u2728 L\u00e4ssig, edgy &#038; super modern \u2728<\/div>\n<div>Diese schwarze Jeans bringt mit den dezenten Destroyed-Details das gewisse Etwas in deinen Look. Locker geschnitten mit umgeschlagenem Beinabschluss \u2013 perfekt zu Sneakern oder Sandalen!<\/div>\n<div><\/div>\n<div>\u2764\ufe0f Coole Destroyed-Optik<\/div>\n<div>\u2b50 Lockerer Boyfriend Fit<\/div>\n<div>\u2728 Weiches Material \u2013 trotzdem stabil<\/div>\n<div>\u2601\ufe0f Bequem &#038; stylisch f\u00fcr jeden Tag<\/div>\n<div><\/div>\n<div>\u2e3b<\/div>\n<\/div>\n<div>\u2e3b<\/div>\n<ul>\n<li>erh\u00e4ltlich von Gr\u00f6\u00dfe XS (34) -XL (42)<\/li>\n<li>f\u00fcr einen lockeren Boyfriend Schnitt eine Nummer gr\u00f6\u00dfer nehmen<\/li>\n<li>gem\u00fctlicher Fit dank hohen Stretch Anteil<\/li>\n<li>l\u00e4ssige Cut Outs<\/li>\n<li>72 % Baumwolle, 21 % Polyester 6% Viskose, 1 % Elasthan<\/li>\n<li>waschbar auf 30 Grad<\/li>\n<\/ul>\n","protected":false},"featured_media":146809,"template":"","meta":{"inline_featured_image":false},"product_brand":[],"product_cat":[48],"product_tag":[],"class_list":{"0":"post-148006","1":"product","2":"type-product","3":"status-publish","4":"has-post-thumbnail","6":"product_cat-hosen","8":"first","9":"onbackorder","10":"taxable","11":"shipping-taxable","12":"purchasable","13":"product-type-variable"},"bundled_by":[],"bundle_stock_status":"onbackorder","bundle_stock_quantity":null,"bundle_virtual":false,"bundle_layout":"","bundle_add_to_cart_form_location":"","bundle_editable_in_cart":false,"bundle_sold_individually_context":"","bundle_item_grouping":"","bundle_min_size":"","bundle_max_size":"","bundle_price":[],"bundled_items":[],"bundle_sell_ids":[],"yoast_head":"<!-- This site is optimized with the Yoast SEO plugin v26.5 - https:\/\/yoast.com\/wordpress\/plugins\/seo\/ -->\n<title>372 Boyfriend Jeans \u2013 grau destroyed<\/title>\n<meta name=\"robots\" content=\"index, follow, max-snippet:-1, max-image-preview:large, max-video-preview:-1\" \/>\n<link rel=\"canonical\" href=\"https:\/\/www.lookforward.at\/en\/produkt\/372-boyfriend-jeans-grau-destroyed\/\" \/>\n<meta property=\"og:locale\" content=\"en_US\" \/>\n<meta property=\"og:locale:alternate\" content=\"de_DE\" \/>\n<meta property=\"og:type\" content=\"article\" \/>\n<meta property=\"og:title\" content=\"372 Boyfriend Jeans \u2013 grau destroyed\" \/>\n<meta property=\"og:description\" content=\"&nbsp;  4. Boyfriend Jeans \u2013 Schwarz destroyed \u2728 L\u00e4ssig, edgy &amp; super modern \u2728 Diese schwarze Jeans bringt mit den dezenten Destroyed-Details das gewisse Etwas in deinen Look. Locker geschnitten mit umgeschlagenem Beinabschluss \u2013 perfekt zu Sneakern oder Sandalen!  \u2764\ufe0f Coole Destroyed-Optik \u2b50 Lockerer Boyfriend Fit \u2728 Weiches Material \u2013 trotzdem stabil \u2601\ufe0f Bequem &amp; stylisch f\u00fcr jeden Tag  \u2e3b  \u2e3b   erh\u00e4ltlich von Gr\u00f6\u00dfe XS (34) -XL (42)  f\u00fcr einen lockeren Boyfriend Schnitt eine Nummer gr\u00f6\u00dfer nehmen  gem\u00fctlicher Fit dank hohen Stretch Anteil  l\u00e4ssige Cut Outs  72 % Baumwolle, 21 % Polyester 6% Viskose, 1 % Elasthan  waschbar auf 30 Grad\" \/>\n<meta property=\"og:url\" content=\"https:\/\/www.lookforward.at\/en\/produkt\/372-boyfriend-jeans-grau-destroyed\/\" \/>\n<meta property=\"og:site_name\" content=\"lookforward Shop\" \/>\n<meta property=\"article:modified_time\" content=\"2026-04-05T17:01:59+00:00\" \/>\n<meta property=\"og:image\" content=\"https:\/\/www.lookforward.at\/wp-content\/uploads\/2025\/04\/image00015-2-scaled.jpeg\" \/>\n\t<meta property=\"og:image:width\" content=\"1920\" \/>\n\t<meta property=\"og:image:height\" content=\"2560\" \/>\n\t<meta property=\"og:image:type\" content=\"image\/jpeg\" \/>\n<meta name=\"twitter:card\" content=\"summary_large_image\" \/>\n<meta name=\"twitter:label1\" content=\"Est. reading time\" \/>\n\t<meta name=\"twitter:data1\" content=\"1 minute\" \/>\n<script type=\"application\/ld+json\" class=\"yoast-schema-graph\">{\"@context\":\"https:\/\/schema.org\",\"@graph\":[{\"@type\":\"WebPage\",\"@id\":\"https:\/\/www.lookforward.at\/produkt\/372-boyfriend-jeans-grau-destroyed\/\",\"url\":\"https:\/\/www.lookforward.at\/produkt\/372-boyfriend-jeans-grau-destroyed\/\",\"name\":\"372 Boyfriend Jeans \u2013 grau destroyed\",\"isPartOf\":{\"@id\":\"https:\/\/www.lookforward.at\/#website\"},\"primaryImageOfPage\":{\"@id\":\"https:\/\/www.lookforward.at\/produkt\/372-boyfriend-jeans-grau-destroyed\/#primaryimage\"},\"image\":{\"@id\":\"https:\/\/www.lookforward.at\/produkt\/372-boyfriend-jeans-grau-destroyed\/#primaryimage\"},\"thumbnailUrl\":\"https:\/\/www.lookforward.at\/wp-content\/uploads\/2025\/04\/image00015-2-scaled.jpeg\",\"datePublished\":\"2025-05-23T17:39:27+00:00\",\"dateModified\":\"2026-04-05T17:01:59+00:00\",\"breadcrumb\":{\"@id\":\"https:\/\/www.lookforward.at\/produkt\/372-boyfriend-jeans-grau-destroyed\/#breadcrumb\"},\"inLanguage\":\"en-US\",\"potentialAction\":[{\"@type\":\"ReadAction\",\"target\":[\"https:\/\/www.lookforward.at\/produkt\/372-boyfriend-jeans-grau-destroyed\/\"]}]},{\"@type\":\"ImageObject\",\"inLanguage\":\"en-US\",\"@id\":\"https:\/\/www.lookforward.at\/produkt\/372-boyfriend-jeans-grau-destroyed\/#primaryimage\",\"url\":\"https:\/\/www.lookforward.at\/wp-content\/uploads\/2025\/04\/image00015-2-scaled.jpeg\",\"contentUrl\":\"https:\/\/www.lookforward.at\/wp-content\/uploads\/2025\/04\/image00015-2-scaled.jpeg\",\"width\":1920,\"height\":2560},{\"@type\":\"BreadcrumbList\",\"@id\":\"https:\/\/www.lookforward.at\/produkt\/372-boyfriend-jeans-grau-destroyed\/#breadcrumb\",\"itemListElement\":[{\"@type\":\"ListItem\",\"position\":1,\"name\":\"Startseite\",\"item\":\"https:\/\/www.lookforward.at\/\"},{\"@type\":\"ListItem\",\"position\":2,\"name\":\"Shop\",\"item\":\"https:\/\/www.lookforward.at\/shop\/\"},{\"@type\":\"ListItem\",\"position\":3,\"name\":\"372 Boyfriend Jeans \u2013 grau destroyed\"}]},{\"@type\":\"WebSite\",\"@id\":\"https:\/\/www.lookforward.at\/#website\",\"url\":\"https:\/\/www.lookforward.at\/\",\"name\":\"lookforward Shop\",\"description\":\"Der neue Shop f\u00fcr Fashion, Lifestyle, Family, Food and Beauty.\",\"publisher\":{\"@id\":\"https:\/\/www.lookforward.at\/#organization\"},\"potentialAction\":[{\"@type\":\"SearchAction\",\"target\":{\"@type\":\"EntryPoint\",\"urlTemplate\":\"https:\/\/www.lookforward.at\/?s={search_term_string}\"},\"query-input\":{\"@type\":\"PropertyValueSpecification\",\"valueRequired\":true,\"valueName\":\"search_term_string\"}}],\"inLanguage\":\"en-US\"},{\"@type\":\"Organization\",\"@id\":\"https:\/\/www.lookforward.at\/#organization\",\"name\":\"KB lookforward\",\"url\":\"https:\/\/www.lookforward.at\/\",\"logo\":{\"@type\":\"ImageObject\",\"inLanguage\":\"en-US\",\"@id\":\"https:\/\/www.lookforward.at\/#\/schema\/logo\/image\/\",\"url\":\"https:\/\/www.lookforward.at\/wp-content\/uploads\/2023\/10\/Icon-KB.svg\",\"contentUrl\":\"https:\/\/www.lookforward.at\/wp-content\/uploads\/2023\/10\/Icon-KB.svg\",\"caption\":\"KB lookforward\"},\"image\":{\"@id\":\"https:\/\/www.lookforward.at\/#\/schema\/logo\/image\/\"}}]}<\/script>\n<!-- \/ Yoast SEO plugin. -->","yoast_head_json":{"title":"372 Boyfriend Jeans \u2013 grau destroyed","robots":{"index":"index","follow":"follow","max-snippet":"max-snippet:-1","max-image-preview":"max-image-preview:large","max-video-preview":"max-video-preview:-1"},"canonical":"https:\/\/www.lookforward.at\/en\/produkt\/372-boyfriend-jeans-grau-destroyed\/","og_locale":"en_US","og_type":"article","og_title":"[:de]372 Boyfriend Jeans \u2013 grau destroyed[:] - lookforward Shop","og_description":"&nbsp;  4. Boyfriend Jeans \u2013 Schwarz destroyed \u2728 L\u00e4ssig, edgy & super modern \u2728 Diese schwarze Jeans bringt mit den dezenten Destroyed-Details das gewisse Etwas in deinen Look. Locker geschnitten mit umgeschlagenem Beinabschluss \u2013 perfekt zu Sneakern oder Sandalen!  \u2764\ufe0f Coole Destroyed-Optik \u2b50 Lockerer Boyfriend Fit \u2728 Weiches Material \u2013 trotzdem stabil \u2601\ufe0f Bequem & stylisch f\u00fcr jeden Tag  \u2e3b  \u2e3b   erh\u00e4ltlich von Gr\u00f6\u00dfe XS (34) -XL (42)  f\u00fcr einen lockeren Boyfriend Schnitt eine Nummer gr\u00f6\u00dfer nehmen  gem\u00fctlicher Fit dank hohen Stretch Anteil  l\u00e4ssige Cut Outs  72 % Baumwolle, 21 % Polyester 6% Viskose, 1 % Elasthan  waschbar auf 30 Grad","og_url":"https:\/\/www.lookforward.at\/en\/produkt\/372-boyfriend-jeans-grau-destroyed\/","og_site_name":"lookforward Shop","article_modified_time":"2026-04-05T17:01:59+00:00","og_image":[{"width":1920,"height":2560,"url":"https:\/\/www.lookforward.at\/wp-content\/uploads\/2025\/04\/image00015-2-scaled.jpeg","type":"image\/jpeg"}],"twitter_card":"summary_large_image","twitter_misc":{"Est. reading time":"1 minute"},"schema":{"@context":"https:\/\/schema.org","@graph":[{"@type":"WebPage","@id":"https:\/\/www.lookforward.at\/produkt\/372-boyfriend-jeans-grau-destroyed\/","url":"https:\/\/www.lookforward.at\/produkt\/372-boyfriend-jeans-grau-destroyed\/","name":"372 Boyfriend Jeans \u2013 grau destroyed","isPartOf":{"@id":"https:\/\/www.lookforward.at\/#website"},"primaryImageOfPage":{"@id":"https:\/\/www.lookforward.at\/produkt\/372-boyfriend-jeans-grau-destroyed\/#primaryimage"},"image":{"@id":"https:\/\/www.lookforward.at\/produkt\/372-boyfriend-jeans-grau-destroyed\/#primaryimage"},"thumbnailUrl":"https:\/\/www.lookforward.at\/wp-content\/uploads\/2025\/04\/image00015-2-scaled.jpeg","datePublished":"2025-05-23T17:39:27+00:00","dateModified":"2026-04-05T17:01:59+00:00","breadcrumb":{"@id":"https:\/\/www.lookforward.at\/produkt\/372-boyfriend-jeans-grau-destroyed\/#breadcrumb"},"inLanguage":"en-US","potentialAction":[{"@type":"ReadAction","target":["https:\/\/www.lookforward.at\/produkt\/372-boyfriend-jeans-grau-destroyed\/"]}]},{"@type":"ImageObject","inLanguage":"en-US","@id":"https:\/\/www.lookforward.at\/produkt\/372-boyfriend-jeans-grau-destroyed\/#primaryimage","url":"https:\/\/www.lookforward.at\/wp-content\/uploads\/2025\/04\/image00015-2-scaled.jpeg","contentUrl":"https:\/\/www.lookforward.at\/wp-content\/uploads\/2025\/04\/image00015-2-scaled.jpeg","width":1920,"height":2560},{"@type":"BreadcrumbList","@id":"https:\/\/www.lookforward.at\/produkt\/372-boyfriend-jeans-grau-destroyed\/#breadcrumb","itemListElement":[{"@type":"ListItem","position":1,"name":"Startseite","item":"https:\/\/www.lookforward.at\/"},{"@type":"ListItem","position":2,"name":"Shop","item":"https:\/\/www.lookforward.at\/shop\/"},{"@type":"ListItem","position":3,"name":"372 Boyfriend Jeans \u2013 grau destroyed"}]},{"@type":"WebSite","@id":"https:\/\/www.lookforward.at\/#website","url":"https:\/\/www.lookforward.at\/","name":"lookforward Shop","description":"Der neue Shop f\u00fcr Fashion, Lifestyle, Family, Food and Beauty.","publisher":{"@id":"https:\/\/www.lookforward.at\/#organization"},"potentialAction":[{"@type":"SearchAction","target":{"@type":"EntryPoint","urlTemplate":"https:\/\/www.lookforward.at\/?s={search_term_string}"},"query-input":{"@type":"PropertyValueSpecification","valueRequired":true,"valueName":"search_term_string"}}],"inLanguage":"en-US"},{"@type":"Organization","@id":"https:\/\/www.lookforward.at\/#organization","name":"KB lookforward","url":"https:\/\/www.lookforward.at\/","logo":{"@type":"ImageObject","inLanguage":"en-US","@id":"https:\/\/www.lookforward.at\/#\/schema\/logo\/image\/","url":"https:\/\/www.lookforward.at\/wp-content\/uploads\/2023\/10\/Icon-KB.svg","contentUrl":"https:\/\/www.lookforward.at\/wp-content\/uploads\/2023\/10\/Icon-KB.svg","caption":"KB lookforward"},"image":{"@id":"https:\/\/www.lookforward.at\/#\/schema\/logo\/image\/"}}]}},"_links":{"self":[{"href":"https:\/\/www.lookforward.at\/en\/wp-json\/wp\/v2\/product\/148006","targetHints":{"allow":["GET"]}}],"collection":[{"href":"https:\/\/www.lookforward.at\/en\/wp-json\/wp\/v2\/product"}],"about":[{"href":"https:\/\/www.lookforward.at\/en\/wp-json\/wp\/v2\/types\/product"}],"wp:featuredmedia":[{"embeddable":true,"href":"https:\/\/www.lookforward.at\/en\/wp-json\/wp\/v2\/media\/146809"}],"wp:attachment":[{"href":"https:\/\/www.lookforward.at\/en\/wp-json\/wp\/v2\/media?parent=148006"}],"wp:term":[{"taxonomy":"product_brand","embeddable":true,"href":"https:\/\/www.lookforward.at\/en\/wp-json\/wp\/v2\/product_brand?post=148006"},{"taxonomy":"product_cat","embeddable":true,"href":"https:\/\/www.lookforward.at\/en\/wp-json\/wp\/v2\/product_cat?post=148006"},{"taxonomy":"product_tag","embeddable":true,"href":"https:\/\/www.lookforward.at\/en\/wp-json\/wp\/v2\/product_tag?post=148006"}],"curies":[{"name":"wp","href":"https:\/\/api.w.org\/{rel}","templated":true}]}}