{"id":148900,"date":"2025-06-27T11:18:27","date_gmt":"2025-06-27T09:18:27","guid":{"rendered":"https:\/\/www.lookforward.at\/?post_type=product&#038;p=148900"},"modified":"2026-02-02T06:27:33","modified_gmt":"2026-02-02T05:27:33","slug":"limitiert-%f0%9f%90%be-leo-love-stylische-shopper-tasche-mit-wildherz-%f0%9f%90%be","status":"publish","type":"product","link":"https:\/\/www.lookforward.at\/en\/produkt\/limitiert-%f0%9f%90%be-leo-love-stylische-shopper-tasche-mit-wildherz-%f0%9f%90%be\/","title":{"rendered":"LIMITIERT \ud83d\udc3e Leo Love \u2013 stylische Shopper-Tasche mit Wildherz \ud83d\udc3e"},"content":{"rendered":"","protected":false},"excerpt":{"rendered":"<div>\ud83d\udc3e<b> Leo Love \u2013 stylische Shopper-Tasche mit Wildherz <\/b>\ud83d\udc3e<\/div>\n<div><\/div>\n<div>Diese Tasche ist nicht einfach nur ein Accessoire \u2013 sie ist ein Statement! \ud83d\udca5 Mit ihrem ausdrucksstarken Leo-Print, den soften Tr\u00e4gern und dem hochwertigen, festen Canvas-Material ist sie der perfekte Begleiter f\u00fcr deinen Alltag mit Fashion-Flair. Ob f\u00fcrs Office, Citytrips oder als coole Weekender-Bag \u2013 <i>Leo Love<\/i> passt immer. \ud83d\udc5c\u2728<\/div>\n<div><\/div>\n<div>\u2e3b<\/div>\n<div><\/div>\n<div>\ud83c\udf38<b> Deine neue Lieblingstasche auf einen Blick:<\/b><\/div>\n<div>\u2022 \ud83d\udc06 Robuster Stoff in Leo-Optik \u2013 stylisch, wild &#038; auff\u00e4llig<\/div>\n<div>\u2022 \ud83c\udf80 Extra breite, weiche Tr\u00e4ger \u2013 super angenehm zu tragen<\/div>\n<div>\u2022 \u2728 Innen mit Leo-Futter &#038; 2 Rei\u00dfverschlussf\u00e4chern \u2013 f\u00fcr deine Essentials<\/div>\n<div>\u2022 \ud83d\udd10 Sicher verschlie\u00dfbar mit goldenem Rei\u00dfverschluss<\/div>\n<div>\u2022 \ud83e\udde1 Viel Platz f\u00fcr Laptop, Alltagslieblinge &#038; mehr<\/div>\n<div>\u2022 \ud83c\udf92 Auch als Fashion-Weekender verwendbar<\/div>\n<div>\u2022 \ud83d\udda4 Farben: Beige mit schwarzem &#038; braunem Leo-Print, Tr\u00e4ger in Schwarz<\/div>\n<div>\u2022 \ud83d\udcd0 36 cm x 17 cm x 31 cm.<\/div>\n","protected":false},"featured_media":148903,"template":"","meta":{"inline_featured_image":false},"product_brand":[],"product_cat":[479,37],"product_tag":[],"class_list":{"0":"post-148900","1":"product","2":"type-product","3":"status-publish","4":"has-post-thumbnail","6":"product_cat-pre-fall-kollektion","7":"product_cat-taschen","9":"first","10":"onbackorder","11":"taxable","12":"shipping-taxable","13":"purchasable","14":"product-type-simple"},"bundled_by":[],"bundle_stock_status":"onbackorder","bundle_stock_quantity":-10,"bundle_virtual":false,"bundle_layout":"","bundle_add_to_cart_form_location":"","bundle_editable_in_cart":false,"bundle_sold_individually_context":"","bundle_item_grouping":"","bundle_min_size":"","bundle_max_size":"","bundle_price":[],"bundled_items":[],"bundle_sell_ids":[],"yoast_head":"<!-- This site is optimized with the Yoast SEO plugin v26.5 - https:\/\/yoast.com\/wordpress\/plugins\/seo\/ -->\n<title>LIMITIERT \ud83d\udc3e Leo Love \u2013 stylische Shopper-Tasche mit Wildherz \ud83d\udc3e<\/title>\n<meta name=\"robots\" content=\"index, follow, max-snippet:-1, max-image-preview:large, max-video-preview:-1\" \/>\n<link rel=\"canonical\" href=\"https:\/\/www.lookforward.at\/en\/produkt\/limitiert-\ud83d\udc3e-leo-love-stylische-shopper-tasche-mit-wildherz-\ud83d\udc3e\/\" \/>\n<meta property=\"og:locale\" content=\"en_US\" \/>\n<meta property=\"og:locale:alternate\" content=\"de_DE\" \/>\n<meta property=\"og:type\" content=\"article\" \/>\n<meta property=\"og:title\" content=\"LIMITIERT \ud83d\udc3e Leo Love \u2013 stylische Shopper-Tasche mit Wildherz \ud83d\udc3e\" \/>\n<meta property=\"og:description\" content=\"\ud83d\udc3e Leo Love \u2013 stylische Shopper-Tasche mit Wildherz \ud83d\udc3e  Diese Tasche ist nicht einfach nur ein Accessoire \u2013 sie ist ein Statement! \ud83d\udca5 Mit ihrem ausdrucksstarken Leo-Print, den soften Tr\u00e4gern und dem hochwertigen, festen Canvas-Material ist sie der perfekte Begleiter f\u00fcr deinen Alltag mit Fashion-Flair. Ob f\u00fcrs Office, Citytrips oder als coole Weekender-Bag \u2013 Leo Love passt immer. \ud83d\udc5c\u2728  \u2e3b  \ud83c\udf38 Deine neue Lieblingstasche auf einen Blick: \u2022 \ud83d\udc06 Robuster Stoff in Leo-Optik \u2013 stylisch, wild &amp; auff\u00e4llig \u2022 \ud83c\udf80 Extra breite, weiche Tr\u00e4ger \u2013 super angenehm zu tragen \u2022 \u2728 Innen mit Leo-Futter &amp; 2 Rei\u00dfverschlussf\u00e4chern \u2013 f\u00fcr deine Essentials \u2022 \ud83d\udd10 Sicher verschlie\u00dfbar mit goldenem Rei\u00dfverschluss \u2022 \ud83e\udde1 Viel Platz f\u00fcr Laptop, Alltagslieblinge &amp; mehr \u2022 \ud83c\udf92 Auch als Fashion-Weekender verwendbar \u2022 \ud83d\udda4 Farben: Beige mit schwarzem &amp; braunem Leo-Print, Tr\u00e4ger in Schwarz \u2022 \ud83d\udcd0 36 cm x 17 cm x 31 cm.\" \/>\n<meta property=\"og:url\" content=\"https:\/\/www.lookforward.at\/en\/produkt\/limitiert-\ud83d\udc3e-leo-love-stylische-shopper-tasche-mit-wildherz-\ud83d\udc3e\/\" \/>\n<meta property=\"og:site_name\" content=\"lookforward Shop\" \/>\n<meta property=\"article:modified_time\" content=\"2026-02-02T05:27:33+00:00\" \/>\n<meta property=\"og:image\" content=\"https:\/\/www.lookforward.at\/wp-content\/uploads\/2025\/06\/image00001-2-scaled.jpeg\" \/>\n\t<meta property=\"og:image:width\" content=\"1920\" \/>\n\t<meta property=\"og:image:height\" content=\"2560\" \/>\n\t<meta property=\"og:image:type\" content=\"image\/jpeg\" \/>\n<meta name=\"twitter:card\" content=\"summary_large_image\" \/>\n<meta name=\"twitter:label1\" content=\"Est. reading time\" \/>\n\t<meta name=\"twitter:data1\" content=\"1 minute\" \/>\n<script type=\"application\/ld+json\" class=\"yoast-schema-graph\">{\"@context\":\"https:\/\/schema.org\",\"@graph\":[{\"@type\":\"WebPage\",\"@id\":\"https:\/\/www.lookforward.at\/produkt\/limitiert-%f0%9f%90%be-leo-love-stylische-shopper-tasche-mit-wildherz-%f0%9f%90%be\/\",\"url\":\"https:\/\/www.lookforward.at\/produkt\/limitiert-%f0%9f%90%be-leo-love-stylische-shopper-tasche-mit-wildherz-%f0%9f%90%be\/\",\"name\":\"LIMITIERT \ud83d\udc3e Leo Love \u2013 stylische Shopper-Tasche mit Wildherz \ud83d\udc3e\",\"isPartOf\":{\"@id\":\"https:\/\/www.lookforward.at\/#website\"},\"primaryImageOfPage\":{\"@id\":\"https:\/\/www.lookforward.at\/produkt\/limitiert-%f0%9f%90%be-leo-love-stylische-shopper-tasche-mit-wildherz-%f0%9f%90%be\/#primaryimage\"},\"image\":{\"@id\":\"https:\/\/www.lookforward.at\/produkt\/limitiert-%f0%9f%90%be-leo-love-stylische-shopper-tasche-mit-wildherz-%f0%9f%90%be\/#primaryimage\"},\"thumbnailUrl\":\"https:\/\/www.lookforward.at\/wp-content\/uploads\/2025\/06\/image00001-2-scaled.jpeg\",\"datePublished\":\"2025-06-27T09:18:27+00:00\",\"dateModified\":\"2026-02-02T05:27:33+00:00\",\"breadcrumb\":{\"@id\":\"https:\/\/www.lookforward.at\/produkt\/limitiert-%f0%9f%90%be-leo-love-stylische-shopper-tasche-mit-wildherz-%f0%9f%90%be\/#breadcrumb\"},\"inLanguage\":\"en-US\",\"potentialAction\":[{\"@type\":\"ReadAction\",\"target\":[\"https:\/\/www.lookforward.at\/produkt\/limitiert-%f0%9f%90%be-leo-love-stylische-shopper-tasche-mit-wildherz-%f0%9f%90%be\/\"]}]},{\"@type\":\"ImageObject\",\"inLanguage\":\"en-US\",\"@id\":\"https:\/\/www.lookforward.at\/produkt\/limitiert-%f0%9f%90%be-leo-love-stylische-shopper-tasche-mit-wildherz-%f0%9f%90%be\/#primaryimage\",\"url\":\"https:\/\/www.lookforward.at\/wp-content\/uploads\/2025\/06\/image00001-2-scaled.jpeg\",\"contentUrl\":\"https:\/\/www.lookforward.at\/wp-content\/uploads\/2025\/06\/image00001-2-scaled.jpeg\",\"width\":1920,\"height\":2560,\"caption\":\"Processed with VSCO with al3 preset\"},{\"@type\":\"BreadcrumbList\",\"@id\":\"https:\/\/www.lookforward.at\/produkt\/limitiert-%f0%9f%90%be-leo-love-stylische-shopper-tasche-mit-wildherz-%f0%9f%90%be\/#breadcrumb\",\"itemListElement\":[{\"@type\":\"ListItem\",\"position\":1,\"name\":\"Startseite\",\"item\":\"https:\/\/www.lookforward.at\/\"},{\"@type\":\"ListItem\",\"position\":2,\"name\":\"Shop\",\"item\":\"https:\/\/www.lookforward.at\/shop\/\"},{\"@type\":\"ListItem\",\"position\":3,\"name\":\"LIMITIERT \ud83d\udc3e Leo Love \u2013 stylische Shopper-Tasche mit Wildherz \ud83d\udc3e\"}]},{\"@type\":\"WebSite\",\"@id\":\"https:\/\/www.lookforward.at\/#website\",\"url\":\"https:\/\/www.lookforward.at\/\",\"name\":\"lookforward Shop\",\"description\":\"Der neue Shop f\u00fcr Fashion, Lifestyle, Family, Food and Beauty.\",\"publisher\":{\"@id\":\"https:\/\/www.lookforward.at\/#organization\"},\"potentialAction\":[{\"@type\":\"SearchAction\",\"target\":{\"@type\":\"EntryPoint\",\"urlTemplate\":\"https:\/\/www.lookforward.at\/?s={search_term_string}\"},\"query-input\":{\"@type\":\"PropertyValueSpecification\",\"valueRequired\":true,\"valueName\":\"search_term_string\"}}],\"inLanguage\":\"en-US\"},{\"@type\":\"Organization\",\"@id\":\"https:\/\/www.lookforward.at\/#organization\",\"name\":\"KB lookforward\",\"url\":\"https:\/\/www.lookforward.at\/\",\"logo\":{\"@type\":\"ImageObject\",\"inLanguage\":\"en-US\",\"@id\":\"https:\/\/www.lookforward.at\/#\/schema\/logo\/image\/\",\"url\":\"https:\/\/www.lookforward.at\/wp-content\/uploads\/2023\/10\/Icon-KB.svg\",\"contentUrl\":\"https:\/\/www.lookforward.at\/wp-content\/uploads\/2023\/10\/Icon-KB.svg\",\"caption\":\"KB lookforward\"},\"image\":{\"@id\":\"https:\/\/www.lookforward.at\/#\/schema\/logo\/image\/\"}}]}<\/script>\n<!-- \/ Yoast SEO plugin. -->","yoast_head_json":{"title":"LIMITIERT \ud83d\udc3e Leo Love \u2013 stylische Shopper-Tasche mit Wildherz \ud83d\udc3e","robots":{"index":"index","follow":"follow","max-snippet":"max-snippet:-1","max-image-preview":"max-image-preview:large","max-video-preview":"max-video-preview:-1"},"canonical":"https:\/\/www.lookforward.at\/en\/produkt\/limitiert-\ud83d\udc3e-leo-love-stylische-shopper-tasche-mit-wildherz-\ud83d\udc3e\/","og_locale":"en_US","og_type":"article","og_title":"[:de]LIMITIERT \ud83d\udc3e Leo Love \u2013 stylische Shopper-Tasche mit Wildherz \ud83d\udc3e[:] - lookforward Shop","og_description":"\ud83d\udc3e Leo Love \u2013 stylische Shopper-Tasche mit Wildherz \ud83d\udc3e  Diese Tasche ist nicht einfach nur ein Accessoire \u2013 sie ist ein Statement! \ud83d\udca5 Mit ihrem ausdrucksstarken Leo-Print, den soften Tr\u00e4gern und dem hochwertigen, festen Canvas-Material ist sie der perfekte Begleiter f\u00fcr deinen Alltag mit Fashion-Flair. Ob f\u00fcrs Office, Citytrips oder als coole Weekender-Bag \u2013 Leo Love passt immer. \ud83d\udc5c\u2728  \u2e3b  \ud83c\udf38 Deine neue Lieblingstasche auf einen Blick: \u2022 \ud83d\udc06 Robuster Stoff in Leo-Optik \u2013 stylisch, wild & auff\u00e4llig \u2022 \ud83c\udf80 Extra breite, weiche Tr\u00e4ger \u2013 super angenehm zu tragen \u2022 \u2728 Innen mit Leo-Futter & 2 Rei\u00dfverschlussf\u00e4chern \u2013 f\u00fcr deine Essentials \u2022 \ud83d\udd10 Sicher verschlie\u00dfbar mit goldenem Rei\u00dfverschluss \u2022 \ud83e\udde1 Viel Platz f\u00fcr Laptop, Alltagslieblinge & mehr \u2022 \ud83c\udf92 Auch als Fashion-Weekender verwendbar \u2022 \ud83d\udda4 Farben: Beige mit schwarzem & braunem Leo-Print, Tr\u00e4ger in Schwarz \u2022 \ud83d\udcd0 36 cm x 17 cm x 31 cm.","og_url":"https:\/\/www.lookforward.at\/en\/produkt\/limitiert-\ud83d\udc3e-leo-love-stylische-shopper-tasche-mit-wildherz-\ud83d\udc3e\/","og_site_name":"lookforward Shop","article_modified_time":"2026-02-02T05:27:33+00:00","og_image":[{"width":1920,"height":2560,"url":"https:\/\/www.lookforward.at\/wp-content\/uploads\/2025\/06\/image00001-2-scaled.jpeg","type":"image\/jpeg"}],"twitter_card":"summary_large_image","twitter_misc":{"Est. reading time":"1 minute"},"schema":{"@context":"https:\/\/schema.org","@graph":[{"@type":"WebPage","@id":"https:\/\/www.lookforward.at\/produkt\/limitiert-%f0%9f%90%be-leo-love-stylische-shopper-tasche-mit-wildherz-%f0%9f%90%be\/","url":"https:\/\/www.lookforward.at\/produkt\/limitiert-%f0%9f%90%be-leo-love-stylische-shopper-tasche-mit-wildherz-%f0%9f%90%be\/","name":"LIMITIERT \ud83d\udc3e Leo Love \u2013 stylische Shopper-Tasche mit Wildherz \ud83d\udc3e","isPartOf":{"@id":"https:\/\/www.lookforward.at\/#website"},"primaryImageOfPage":{"@id":"https:\/\/www.lookforward.at\/produkt\/limitiert-%f0%9f%90%be-leo-love-stylische-shopper-tasche-mit-wildherz-%f0%9f%90%be\/#primaryimage"},"image":{"@id":"https:\/\/www.lookforward.at\/produkt\/limitiert-%f0%9f%90%be-leo-love-stylische-shopper-tasche-mit-wildherz-%f0%9f%90%be\/#primaryimage"},"thumbnailUrl":"https:\/\/www.lookforward.at\/wp-content\/uploads\/2025\/06\/image00001-2-scaled.jpeg","datePublished":"2025-06-27T09:18:27+00:00","dateModified":"2026-02-02T05:27:33+00:00","breadcrumb":{"@id":"https:\/\/www.lookforward.at\/produkt\/limitiert-%f0%9f%90%be-leo-love-stylische-shopper-tasche-mit-wildherz-%f0%9f%90%be\/#breadcrumb"},"inLanguage":"en-US","potentialAction":[{"@type":"ReadAction","target":["https:\/\/www.lookforward.at\/produkt\/limitiert-%f0%9f%90%be-leo-love-stylische-shopper-tasche-mit-wildherz-%f0%9f%90%be\/"]}]},{"@type":"ImageObject","inLanguage":"en-US","@id":"https:\/\/www.lookforward.at\/produkt\/limitiert-%f0%9f%90%be-leo-love-stylische-shopper-tasche-mit-wildherz-%f0%9f%90%be\/#primaryimage","url":"https:\/\/www.lookforward.at\/wp-content\/uploads\/2025\/06\/image00001-2-scaled.jpeg","contentUrl":"https:\/\/www.lookforward.at\/wp-content\/uploads\/2025\/06\/image00001-2-scaled.jpeg","width":1920,"height":2560,"caption":"Processed with VSCO with al3 preset"},{"@type":"BreadcrumbList","@id":"https:\/\/www.lookforward.at\/produkt\/limitiert-%f0%9f%90%be-leo-love-stylische-shopper-tasche-mit-wildherz-%f0%9f%90%be\/#breadcrumb","itemListElement":[{"@type":"ListItem","position":1,"name":"Startseite","item":"https:\/\/www.lookforward.at\/"},{"@type":"ListItem","position":2,"name":"Shop","item":"https:\/\/www.lookforward.at\/shop\/"},{"@type":"ListItem","position":3,"name":"LIMITIERT \ud83d\udc3e Leo Love \u2013 stylische Shopper-Tasche mit Wildherz \ud83d\udc3e"}]},{"@type":"WebSite","@id":"https:\/\/www.lookforward.at\/#website","url":"https:\/\/www.lookforward.at\/","name":"lookforward Shop","description":"Der neue Shop f\u00fcr Fashion, Lifestyle, Family, Food and Beauty.","publisher":{"@id":"https:\/\/www.lookforward.at\/#organization"},"potentialAction":[{"@type":"SearchAction","target":{"@type":"EntryPoint","urlTemplate":"https:\/\/www.lookforward.at\/?s={search_term_string}"},"query-input":{"@type":"PropertyValueSpecification","valueRequired":true,"valueName":"search_term_string"}}],"inLanguage":"en-US"},{"@type":"Organization","@id":"https:\/\/www.lookforward.at\/#organization","name":"KB lookforward","url":"https:\/\/www.lookforward.at\/","logo":{"@type":"ImageObject","inLanguage":"en-US","@id":"https:\/\/www.lookforward.at\/#\/schema\/logo\/image\/","url":"https:\/\/www.lookforward.at\/wp-content\/uploads\/2023\/10\/Icon-KB.svg","contentUrl":"https:\/\/www.lookforward.at\/wp-content\/uploads\/2023\/10\/Icon-KB.svg","caption":"KB lookforward"},"image":{"@id":"https:\/\/www.lookforward.at\/#\/schema\/logo\/image\/"}}]}},"_links":{"self":[{"href":"https:\/\/www.lookforward.at\/en\/wp-json\/wp\/v2\/product\/148900","targetHints":{"allow":["GET"]}}],"collection":[{"href":"https:\/\/www.lookforward.at\/en\/wp-json\/wp\/v2\/product"}],"about":[{"href":"https:\/\/www.lookforward.at\/en\/wp-json\/wp\/v2\/types\/product"}],"wp:featuredmedia":[{"embeddable":true,"href":"https:\/\/www.lookforward.at\/en\/wp-json\/wp\/v2\/media\/148903"}],"wp:attachment":[{"href":"https:\/\/www.lookforward.at\/en\/wp-json\/wp\/v2\/media?parent=148900"}],"wp:term":[{"taxonomy":"product_brand","embeddable":true,"href":"https:\/\/www.lookforward.at\/en\/wp-json\/wp\/v2\/product_brand?post=148900"},{"taxonomy":"product_cat","embeddable":true,"href":"https:\/\/www.lookforward.at\/en\/wp-json\/wp\/v2\/product_cat?post=148900"},{"taxonomy":"product_tag","embeddable":true,"href":"https:\/\/www.lookforward.at\/en\/wp-json\/wp\/v2\/product_tag?post=148900"}],"curies":[{"name":"wp","href":"https:\/\/api.w.org\/{rel}","templated":true}]}}