{"id":149858,"date":"2025-08-07T13:53:57","date_gmt":"2025-08-07T11:53:57","guid":{"rendered":"https:\/\/www.lookforward.at\/?post_type=product&#038;p=149858"},"modified":"2026-03-08T20:02:34","modified_gmt":"2026-03-08T19:02:34","slug":"009-%e2%9c%a8-haekel-cardigan-mit-weiten-aermeln-boho-flair-fuer-jeden-look-%e2%9c%a8","status":"publish","type":"product","link":"https:\/\/www.lookforward.at\/en\/produkt\/009-%e2%9c%a8-haekel-cardigan-mit-weiten-aermeln-boho-flair-fuer-jeden-look-%e2%9c%a8\/","title":{"rendered":"009 \u2728 H\u00e4kel-Cardigan mit weiten \u00c4rmeln \u2013 Boho-Flair f\u00fcr jeden Look \u2728"},"content":{"rendered":"","protected":false},"excerpt":{"rendered":"<div>\u2728<b> H\u00e4kel-Cardigan mit weiten \u00c4rmeln \u2013 Boho-Flair f\u00fcr jeden Look <\/b>\u2728<\/div>\n<div><\/div>\n<div>Ein Hauch von Sonne auf der Haut \u2600\ufe0f<\/div>\n<div>Dieser offen geschnittene H\u00e4kel-Cardigan ist der perfekte Begleiter f\u00fcr Sp\u00e4tsommerabende, Layering-Looks oder als Highlight \u00fcber schlichte Basics. Der weiche Strick mit verschiedenen H\u00e4kelmustern verleiht dem Teil eine wunderbar verspielte Note \u2013 leicht, feminin &#038; stilvoll zugleich \ud83d\udcab<\/div>\n<div><\/div>\n<div><b>Farben:<\/b><\/div>\n<div>\ud83e\udd0d Natur<\/div>\n<div>\ud83d\udda4 Schwarz<\/div>\n<div><\/div>\n<div><b>Details &#038; Passform:<\/b><\/div>\n<div>\ud83c\udf38 Luftiger H\u00e4kelstrick mit Patch-Optik \u2013 Boho &#038; modern kombiniert<\/div>\n<div>\ud83e\uddf6 Weite 3\/4-\u00c4rmel \u2013 locker &#038; bequem<\/div>\n<div>\ud83d\udc57 Offen geschnitten \u2013 ideal f\u00fcr Layering \u00fcber Tops, Kleider oder Blusen<\/div>\n<div>\ud83c\udf3f Leicht, weich &#038; atmungsaktiv \u2013 perfekt f\u00fcr warme Tage oder als \u00dcbergangsteil<\/div>\n<div>\ud83d\udc5a One Size \u2013 passend von Gr. 36 bis 44<\/div>\n<div>\ud83c\uddee\ud83c\uddf9 Made in Italy<\/div>\n<div>\ud83e\uddfc Waschbar bei 30 Grad<\/div>\n<div>\u2728 Material: 100\u202f% Acryl<\/div>\n","protected":false},"featured_media":149859,"template":"","meta":{"inline_featured_image":false},"product_brand":[],"product_cat":[479,65],"product_tag":[],"class_list":{"0":"post-149858","1":"product","2":"type-product","3":"status-publish","4":"has-post-thumbnail","6":"product_cat-pre-fall-kollektion","7":"product_cat-cardigan","9":"first","10":"onbackorder","11":"taxable","12":"shipping-taxable","13":"purchasable","14":"product-type-variable"},"bundled_by":[],"bundle_stock_status":"onbackorder","bundle_stock_quantity":null,"bundle_virtual":false,"bundle_layout":"","bundle_add_to_cart_form_location":"","bundle_editable_in_cart":false,"bundle_sold_individually_context":"","bundle_item_grouping":"","bundle_min_size":"","bundle_max_size":"","bundle_price":[],"bundled_items":[],"bundle_sell_ids":[],"yoast_head":"<!-- This site is optimized with the Yoast SEO plugin v26.5 - https:\/\/yoast.com\/wordpress\/plugins\/seo\/ -->\n<title>009 \u2728 H\u00e4kel-Cardigan mit weiten \u00c4rmeln \u2013 Boho-Flair f\u00fcr jeden Look \u2728<\/title>\n<meta name=\"robots\" content=\"index, follow, max-snippet:-1, max-image-preview:large, max-video-preview:-1\" \/>\n<link rel=\"canonical\" href=\"https:\/\/www.lookforward.at\/en\/produkt\/009-\u2728-haekel-cardigan-mit-weiten-aermeln-boho-flair-fuer-jeden-look-\u2728\/\" \/>\n<meta property=\"og:locale\" content=\"en_US\" \/>\n<meta property=\"og:locale:alternate\" content=\"de_DE\" \/>\n<meta property=\"og:type\" content=\"article\" \/>\n<meta property=\"og:title\" content=\"009 \u2728 H\u00e4kel-Cardigan mit weiten \u00c4rmeln \u2013 Boho-Flair f\u00fcr jeden Look \u2728\" \/>\n<meta property=\"og:description\" content=\"\u2728 H\u00e4kel-Cardigan mit weiten \u00c4rmeln \u2013 Boho-Flair f\u00fcr jeden Look \u2728  Ein Hauch von Sonne auf der Haut \u2600\ufe0f Dieser offen geschnittene H\u00e4kel-Cardigan ist der perfekte Begleiter f\u00fcr Sp\u00e4tsommerabende, Layering-Looks oder als Highlight \u00fcber schlichte Basics. Der weiche Strick mit verschiedenen H\u00e4kelmustern verleiht dem Teil eine wunderbar verspielte Note \u2013 leicht, feminin &amp; stilvoll zugleich \ud83d\udcab  Farben: \ud83e\udd0d Natur \ud83d\udda4 Schwarz  Details &amp; Passform: \ud83c\udf38 Luftiger H\u00e4kelstrick mit Patch-Optik \u2013 Boho &amp; modern kombiniert \ud83e\uddf6 Weite 3\/4-\u00c4rmel \u2013 locker &amp; bequem \ud83d\udc57 Offen geschnitten \u2013 ideal f\u00fcr Layering \u00fcber Tops, Kleider oder Blusen \ud83c\udf3f Leicht, weich &amp; atmungsaktiv \u2013 perfekt f\u00fcr warme Tage oder als \u00dcbergangsteil \ud83d\udc5a One Size \u2013 passend von Gr. 36 bis 44 \ud83c\uddee\ud83c\uddf9 Made in Italy \ud83e\uddfc Waschbar bei 30 Grad \u2728 Material: 100\u202f% Acryl\" \/>\n<meta property=\"og:url\" content=\"https:\/\/www.lookforward.at\/en\/produkt\/009-\u2728-haekel-cardigan-mit-weiten-aermeln-boho-flair-fuer-jeden-look-\u2728\/\" \/>\n<meta property=\"og:site_name\" content=\"lookforward Shop\" \/>\n<meta property=\"article:modified_time\" content=\"2026-03-08T19:02:34+00:00\" \/>\n<meta property=\"og:image\" content=\"https:\/\/www.lookforward.at\/wp-content\/uploads\/2025\/08\/image0-scaled.jpeg\" \/>\n\t<meta property=\"og:image:width\" content=\"1920\" \/>\n\t<meta property=\"og:image:height\" content=\"2560\" \/>\n\t<meta property=\"og:image:type\" content=\"image\/jpeg\" \/>\n<meta name=\"twitter:card\" content=\"summary_large_image\" \/>\n<meta name=\"twitter:label1\" content=\"Est. reading time\" \/>\n\t<meta name=\"twitter:data1\" content=\"1 minute\" \/>\n<script type=\"application\/ld+json\" class=\"yoast-schema-graph\">{\"@context\":\"https:\/\/schema.org\",\"@graph\":[{\"@type\":\"WebPage\",\"@id\":\"https:\/\/www.lookforward.at\/produkt\/009-%e2%9c%a8-haekel-cardigan-mit-weiten-aermeln-boho-flair-fuer-jeden-look-%e2%9c%a8\/\",\"url\":\"https:\/\/www.lookforward.at\/produkt\/009-%e2%9c%a8-haekel-cardigan-mit-weiten-aermeln-boho-flair-fuer-jeden-look-%e2%9c%a8\/\",\"name\":\"009 \u2728 H\u00e4kel-Cardigan mit weiten \u00c4rmeln \u2013 Boho-Flair f\u00fcr jeden Look \u2728\",\"isPartOf\":{\"@id\":\"https:\/\/www.lookforward.at\/#website\"},\"primaryImageOfPage\":{\"@id\":\"https:\/\/www.lookforward.at\/produkt\/009-%e2%9c%a8-haekel-cardigan-mit-weiten-aermeln-boho-flair-fuer-jeden-look-%e2%9c%a8\/#primaryimage\"},\"image\":{\"@id\":\"https:\/\/www.lookforward.at\/produkt\/009-%e2%9c%a8-haekel-cardigan-mit-weiten-aermeln-boho-flair-fuer-jeden-look-%e2%9c%a8\/#primaryimage\"},\"thumbnailUrl\":\"https:\/\/www.lookforward.at\/wp-content\/uploads\/2025\/08\/image0-scaled.jpeg\",\"datePublished\":\"2025-08-07T11:53:57+00:00\",\"dateModified\":\"2026-03-08T19:02:34+00:00\",\"breadcrumb\":{\"@id\":\"https:\/\/www.lookforward.at\/produkt\/009-%e2%9c%a8-haekel-cardigan-mit-weiten-aermeln-boho-flair-fuer-jeden-look-%e2%9c%a8\/#breadcrumb\"},\"inLanguage\":\"en-US\",\"potentialAction\":[{\"@type\":\"ReadAction\",\"target\":[\"https:\/\/www.lookforward.at\/produkt\/009-%e2%9c%a8-haekel-cardigan-mit-weiten-aermeln-boho-flair-fuer-jeden-look-%e2%9c%a8\/\"]}]},{\"@type\":\"ImageObject\",\"inLanguage\":\"en-US\",\"@id\":\"https:\/\/www.lookforward.at\/produkt\/009-%e2%9c%a8-haekel-cardigan-mit-weiten-aermeln-boho-flair-fuer-jeden-look-%e2%9c%a8\/#primaryimage\",\"url\":\"https:\/\/www.lookforward.at\/wp-content\/uploads\/2025\/08\/image0-scaled.jpeg\",\"contentUrl\":\"https:\/\/www.lookforward.at\/wp-content\/uploads\/2025\/08\/image0-scaled.jpeg\",\"width\":1920,\"height\":2560},{\"@type\":\"BreadcrumbList\",\"@id\":\"https:\/\/www.lookforward.at\/produkt\/009-%e2%9c%a8-haekel-cardigan-mit-weiten-aermeln-boho-flair-fuer-jeden-look-%e2%9c%a8\/#breadcrumb\",\"itemListElement\":[{\"@type\":\"ListItem\",\"position\":1,\"name\":\"Startseite\",\"item\":\"https:\/\/www.lookforward.at\/\"},{\"@type\":\"ListItem\",\"position\":2,\"name\":\"Shop\",\"item\":\"https:\/\/www.lookforward.at\/shop\/\"},{\"@type\":\"ListItem\",\"position\":3,\"name\":\"009 \u2728 H\u00e4kel-Cardigan mit weiten \u00c4rmeln \u2013 Boho-Flair f\u00fcr jeden Look \u2728\"}]},{\"@type\":\"WebSite\",\"@id\":\"https:\/\/www.lookforward.at\/#website\",\"url\":\"https:\/\/www.lookforward.at\/\",\"name\":\"lookforward Shop\",\"description\":\"Der neue Shop f\u00fcr Fashion, Lifestyle, Family, Food and Beauty.\",\"publisher\":{\"@id\":\"https:\/\/www.lookforward.at\/#organization\"},\"potentialAction\":[{\"@type\":\"SearchAction\",\"target\":{\"@type\":\"EntryPoint\",\"urlTemplate\":\"https:\/\/www.lookforward.at\/?s={search_term_string}\"},\"query-input\":{\"@type\":\"PropertyValueSpecification\",\"valueRequired\":true,\"valueName\":\"search_term_string\"}}],\"inLanguage\":\"en-US\"},{\"@type\":\"Organization\",\"@id\":\"https:\/\/www.lookforward.at\/#organization\",\"name\":\"KB lookforward\",\"url\":\"https:\/\/www.lookforward.at\/\",\"logo\":{\"@type\":\"ImageObject\",\"inLanguage\":\"en-US\",\"@id\":\"https:\/\/www.lookforward.at\/#\/schema\/logo\/image\/\",\"url\":\"https:\/\/www.lookforward.at\/wp-content\/uploads\/2023\/10\/Icon-KB.svg\",\"contentUrl\":\"https:\/\/www.lookforward.at\/wp-content\/uploads\/2023\/10\/Icon-KB.svg\",\"caption\":\"KB lookforward\"},\"image\":{\"@id\":\"https:\/\/www.lookforward.at\/#\/schema\/logo\/image\/\"}}]}<\/script>\n<!-- \/ Yoast SEO plugin. -->","yoast_head_json":{"title":"009 \u2728 H\u00e4kel-Cardigan mit weiten \u00c4rmeln \u2013 Boho-Flair f\u00fcr jeden Look \u2728","robots":{"index":"index","follow":"follow","max-snippet":"max-snippet:-1","max-image-preview":"max-image-preview:large","max-video-preview":"max-video-preview:-1"},"canonical":"https:\/\/www.lookforward.at\/en\/produkt\/009-\u2728-haekel-cardigan-mit-weiten-aermeln-boho-flair-fuer-jeden-look-\u2728\/","og_locale":"en_US","og_type":"article","og_title":"[:de]009 \u2728 H\u00e4kel-Cardigan mit weiten \u00c4rmeln \u2013 Boho-Flair f\u00fcr jeden Look \u2728[:] - lookforward Shop","og_description":"\u2728 H\u00e4kel-Cardigan mit weiten \u00c4rmeln \u2013 Boho-Flair f\u00fcr jeden Look \u2728  Ein Hauch von Sonne auf der Haut \u2600\ufe0f Dieser offen geschnittene H\u00e4kel-Cardigan ist der perfekte Begleiter f\u00fcr Sp\u00e4tsommerabende, Layering-Looks oder als Highlight \u00fcber schlichte Basics. Der weiche Strick mit verschiedenen H\u00e4kelmustern verleiht dem Teil eine wunderbar verspielte Note \u2013 leicht, feminin & stilvoll zugleich \ud83d\udcab  Farben: \ud83e\udd0d Natur \ud83d\udda4 Schwarz  Details & Passform: \ud83c\udf38 Luftiger H\u00e4kelstrick mit Patch-Optik \u2013 Boho & modern kombiniert \ud83e\uddf6 Weite 3\/4-\u00c4rmel \u2013 locker & bequem \ud83d\udc57 Offen geschnitten \u2013 ideal f\u00fcr Layering \u00fcber Tops, Kleider oder Blusen \ud83c\udf3f Leicht, weich & atmungsaktiv \u2013 perfekt f\u00fcr warme Tage oder als \u00dcbergangsteil \ud83d\udc5a One Size \u2013 passend von Gr. 36 bis 44 \ud83c\uddee\ud83c\uddf9 Made in Italy \ud83e\uddfc Waschbar bei 30 Grad \u2728 Material: 100\u202f% Acryl","og_url":"https:\/\/www.lookforward.at\/en\/produkt\/009-\u2728-haekel-cardigan-mit-weiten-aermeln-boho-flair-fuer-jeden-look-\u2728\/","og_site_name":"lookforward Shop","article_modified_time":"2026-03-08T19:02:34+00:00","og_image":[{"width":1920,"height":2560,"url":"https:\/\/www.lookforward.at\/wp-content\/uploads\/2025\/08\/image0-scaled.jpeg","type":"image\/jpeg"}],"twitter_card":"summary_large_image","twitter_misc":{"Est. reading time":"1 minute"},"schema":{"@context":"https:\/\/schema.org","@graph":[{"@type":"WebPage","@id":"https:\/\/www.lookforward.at\/produkt\/009-%e2%9c%a8-haekel-cardigan-mit-weiten-aermeln-boho-flair-fuer-jeden-look-%e2%9c%a8\/","url":"https:\/\/www.lookforward.at\/produkt\/009-%e2%9c%a8-haekel-cardigan-mit-weiten-aermeln-boho-flair-fuer-jeden-look-%e2%9c%a8\/","name":"009 \u2728 H\u00e4kel-Cardigan mit weiten \u00c4rmeln \u2013 Boho-Flair f\u00fcr jeden Look \u2728","isPartOf":{"@id":"https:\/\/www.lookforward.at\/#website"},"primaryImageOfPage":{"@id":"https:\/\/www.lookforward.at\/produkt\/009-%e2%9c%a8-haekel-cardigan-mit-weiten-aermeln-boho-flair-fuer-jeden-look-%e2%9c%a8\/#primaryimage"},"image":{"@id":"https:\/\/www.lookforward.at\/produkt\/009-%e2%9c%a8-haekel-cardigan-mit-weiten-aermeln-boho-flair-fuer-jeden-look-%e2%9c%a8\/#primaryimage"},"thumbnailUrl":"https:\/\/www.lookforward.at\/wp-content\/uploads\/2025\/08\/image0-scaled.jpeg","datePublished":"2025-08-07T11:53:57+00:00","dateModified":"2026-03-08T19:02:34+00:00","breadcrumb":{"@id":"https:\/\/www.lookforward.at\/produkt\/009-%e2%9c%a8-haekel-cardigan-mit-weiten-aermeln-boho-flair-fuer-jeden-look-%e2%9c%a8\/#breadcrumb"},"inLanguage":"en-US","potentialAction":[{"@type":"ReadAction","target":["https:\/\/www.lookforward.at\/produkt\/009-%e2%9c%a8-haekel-cardigan-mit-weiten-aermeln-boho-flair-fuer-jeden-look-%e2%9c%a8\/"]}]},{"@type":"ImageObject","inLanguage":"en-US","@id":"https:\/\/www.lookforward.at\/produkt\/009-%e2%9c%a8-haekel-cardigan-mit-weiten-aermeln-boho-flair-fuer-jeden-look-%e2%9c%a8\/#primaryimage","url":"https:\/\/www.lookforward.at\/wp-content\/uploads\/2025\/08\/image0-scaled.jpeg","contentUrl":"https:\/\/www.lookforward.at\/wp-content\/uploads\/2025\/08\/image0-scaled.jpeg","width":1920,"height":2560},{"@type":"BreadcrumbList","@id":"https:\/\/www.lookforward.at\/produkt\/009-%e2%9c%a8-haekel-cardigan-mit-weiten-aermeln-boho-flair-fuer-jeden-look-%e2%9c%a8\/#breadcrumb","itemListElement":[{"@type":"ListItem","position":1,"name":"Startseite","item":"https:\/\/www.lookforward.at\/"},{"@type":"ListItem","position":2,"name":"Shop","item":"https:\/\/www.lookforward.at\/shop\/"},{"@type":"ListItem","position":3,"name":"009 \u2728 H\u00e4kel-Cardigan mit weiten \u00c4rmeln \u2013 Boho-Flair f\u00fcr jeden Look \u2728"}]},{"@type":"WebSite","@id":"https:\/\/www.lookforward.at\/#website","url":"https:\/\/www.lookforward.at\/","name":"lookforward Shop","description":"Der neue Shop f\u00fcr Fashion, Lifestyle, Family, Food and Beauty.","publisher":{"@id":"https:\/\/www.lookforward.at\/#organization"},"potentialAction":[{"@type":"SearchAction","target":{"@type":"EntryPoint","urlTemplate":"https:\/\/www.lookforward.at\/?s={search_term_string}"},"query-input":{"@type":"PropertyValueSpecification","valueRequired":true,"valueName":"search_term_string"}}],"inLanguage":"en-US"},{"@type":"Organization","@id":"https:\/\/www.lookforward.at\/#organization","name":"KB lookforward","url":"https:\/\/www.lookforward.at\/","logo":{"@type":"ImageObject","inLanguage":"en-US","@id":"https:\/\/www.lookforward.at\/#\/schema\/logo\/image\/","url":"https:\/\/www.lookforward.at\/wp-content\/uploads\/2023\/10\/Icon-KB.svg","contentUrl":"https:\/\/www.lookforward.at\/wp-content\/uploads\/2023\/10\/Icon-KB.svg","caption":"KB lookforward"},"image":{"@id":"https:\/\/www.lookforward.at\/#\/schema\/logo\/image\/"}}]}},"_links":{"self":[{"href":"https:\/\/www.lookforward.at\/en\/wp-json\/wp\/v2\/product\/149858","targetHints":{"allow":["GET"]}}],"collection":[{"href":"https:\/\/www.lookforward.at\/en\/wp-json\/wp\/v2\/product"}],"about":[{"href":"https:\/\/www.lookforward.at\/en\/wp-json\/wp\/v2\/types\/product"}],"wp:featuredmedia":[{"embeddable":true,"href":"https:\/\/www.lookforward.at\/en\/wp-json\/wp\/v2\/media\/149859"}],"wp:attachment":[{"href":"https:\/\/www.lookforward.at\/en\/wp-json\/wp\/v2\/media?parent=149858"}],"wp:term":[{"taxonomy":"product_brand","embeddable":true,"href":"https:\/\/www.lookforward.at\/en\/wp-json\/wp\/v2\/product_brand?post=149858"},{"taxonomy":"product_cat","embeddable":true,"href":"https:\/\/www.lookforward.at\/en\/wp-json\/wp\/v2\/product_cat?post=149858"},{"taxonomy":"product_tag","embeddable":true,"href":"https:\/\/www.lookforward.at\/en\/wp-json\/wp\/v2\/product_tag?post=149858"}],"curies":[{"name":"wp","href":"https:\/\/api.w.org\/{rel}","templated":true}]}}