{"id":149877,"date":"2025-08-07T18:57:43","date_gmt":"2025-08-07T16:57:43","guid":{"rendered":"https:\/\/www.lookforward.at\/?post_type=product&#038;p=149877"},"modified":"2026-02-17T10:50:04","modified_gmt":"2026-02-17T09:50:04","slug":"011-t-shirt-%e2%9c%a8-la-vie-est-belle","status":"publish","type":"product","link":"https:\/\/www.lookforward.at\/en\/produkt\/011-t-shirt-%e2%9c%a8-la-vie-est-belle\/","title":{"rendered":"011 T Shirt \u2728 La vie est belle"},"content":{"rendered":"","protected":false},"excerpt":{"rendered":"<div>\u2728 <i>La vie est belle<\/i> \u2013 und dein Look auch \u2728<\/div>\n<div>Dieses verspielte T-Shirt bringt franz\u00f6sisches Flair und gute Laune in deinen Kleiderschrank. Mit seinem soften Baumwollstoff, dem charmanten Fransen-Detail und dem handschriftlichen Print ist es ein echtes Herzensst\u00fcck f\u00fcr Tage, an denen du dich leicht und lebendig f\u00fchlen willst \ud83d\udc95<\/div>\n<div><\/div>\n<div>\ud83c\udf38 <i>Details, die du lieben wirst:<\/i><\/div>\n<div>\ud83e\udd0d Zarter Print <i>\u201eLa vie est belle\u201c<\/i> mit Herz \u2013 ein Statement f\u00fcr die sch\u00f6nen Momente im Leben<\/div>\n<div>\ud83d\udc55 Lockerer, bequemer Schnitt \u2013 passt sich dir perfekt an<\/div>\n<div>\ud83c\udf3f Fransen am V-Ausschnitt &#038; \u00c4rmel \u2013 f\u00fcr den extra Boho-Touch<\/div>\n<div>\ud83e\uddf5 100\u202f% Baumwolle \u2013 weich, angenehm &#038; atmungsaktiv<\/div>\n<div>\ud83c\udfa8 Erh\u00e4ltlich in 3 Farben:<\/div>\n<div>\u2022 Ros\u00e9-Terracotta \u2013 warm &#038; feminin<\/div>\n<div>\u2022 Wei\u00df \u2013 clean &#038; sommerlich<\/div>\n<div>\u2022 Khaki \u2013 nat\u00fcrlich &#038; stylisch<\/div>\n<div><\/div>\n<div>\u2728 One Size \u2013 passt ideal von Gr. 36\u201342<\/div>\n<div>\ud83c\uddee\ud83c\uddf9 Made in Italy<\/div>\n<div>\ud83e\udee7 Waschbar bei 30 Grad<\/div>\n<div><\/div>\n<div>Ob zu Jeans, Shorts oder Rock \u2013 dieses Shirt zaubert dir jeden Tag ein <i>La vie est belle<\/i>-Gef\u00fchl aufs Herz \ud83d\udcab<\/div>\n","protected":false},"featured_media":149777,"template":"","meta":{"inline_featured_image":false},"product_brand":[],"product_cat":[479,42],"product_tag":[],"class_list":{"0":"post-149877","1":"product","2":"type-product","3":"status-publish","4":"has-post-thumbnail","6":"product_cat-pre-fall-kollektion","7":"product_cat-t-shirts","9":"first","10":"onbackorder","11":"taxable","12":"shipping-taxable","13":"purchasable","14":"product-type-variable"},"bundled_by":[],"bundle_stock_status":"onbackorder","bundle_stock_quantity":null,"bundle_virtual":false,"bundle_layout":"","bundle_add_to_cart_form_location":"","bundle_editable_in_cart":false,"bundle_sold_individually_context":"","bundle_item_grouping":"","bundle_min_size":"","bundle_max_size":"","bundle_price":[],"bundled_items":[],"bundle_sell_ids":[],"yoast_head":"<!-- This site is optimized with the Yoast SEO plugin v26.5 - https:\/\/yoast.com\/wordpress\/plugins\/seo\/ -->\n<title>011 T Shirt \u2728 La vie est belle<\/title>\n<meta name=\"robots\" content=\"index, follow, max-snippet:-1, max-image-preview:large, max-video-preview:-1\" \/>\n<link rel=\"canonical\" href=\"https:\/\/www.lookforward.at\/en\/produkt\/011-t-shirt-\u2728-la-vie-est-belle\/\" \/>\n<meta property=\"og:locale\" content=\"en_US\" \/>\n<meta property=\"og:locale:alternate\" content=\"de_DE\" \/>\n<meta property=\"og:type\" content=\"article\" \/>\n<meta property=\"og:title\" content=\"011 T Shirt \u2728 La vie est belle\" \/>\n<meta property=\"og:description\" content=\"\u2728 La vie est belle \u2013 und dein Look auch \u2728 Dieses verspielte T-Shirt bringt franz\u00f6sisches Flair und gute Laune in deinen Kleiderschrank. Mit seinem soften Baumwollstoff, dem charmanten Fransen-Detail und dem handschriftlichen Print ist es ein echtes Herzensst\u00fcck f\u00fcr Tage, an denen du dich leicht und lebendig f\u00fchlen willst \ud83d\udc95  \ud83c\udf38 Details, die du lieben wirst: \ud83e\udd0d Zarter Print \u201eLa vie est belle\u201c mit Herz \u2013 ein Statement f\u00fcr die sch\u00f6nen Momente im Leben \ud83d\udc55 Lockerer, bequemer Schnitt \u2013 passt sich dir perfekt an \ud83c\udf3f Fransen am V-Ausschnitt &amp; \u00c4rmel \u2013 f\u00fcr den extra Boho-Touch \ud83e\uddf5 100\u202f% Baumwolle \u2013 weich, angenehm &amp; atmungsaktiv \ud83c\udfa8 Erh\u00e4ltlich in 3 Farben: \u2022 Ros\u00e9-Terracotta \u2013 warm &amp; feminin \u2022 Wei\u00df \u2013 clean &amp; sommerlich \u2022 Khaki \u2013 nat\u00fcrlich &amp; stylisch  \u2728 One Size \u2013 passt ideal von Gr. 36\u201342 \ud83c\uddee\ud83c\uddf9 Made in Italy \ud83e\udee7 Waschbar bei 30 Grad  Ob zu Jeans, Shorts oder Rock \u2013 dieses Shirt zaubert dir jeden Tag ein La vie est belle-Gef\u00fchl aufs Herz \ud83d\udcab\" \/>\n<meta property=\"og:url\" content=\"https:\/\/www.lookforward.at\/en\/produkt\/011-t-shirt-\u2728-la-vie-est-belle\/\" \/>\n<meta property=\"og:site_name\" content=\"lookforward Shop\" \/>\n<meta property=\"article:modified_time\" content=\"2026-02-17T09:50:04+00:00\" \/>\n<meta property=\"og:image\" content=\"https:\/\/www.lookforward.at\/wp-content\/uploads\/2025\/08\/image00086-scaled.jpeg\" \/>\n\t<meta property=\"og:image:width\" content=\"1920\" \/>\n\t<meta property=\"og:image:height\" content=\"2560\" \/>\n\t<meta property=\"og:image:type\" content=\"image\/jpeg\" \/>\n<meta name=\"twitter:card\" content=\"summary_large_image\" \/>\n<meta name=\"twitter:label1\" content=\"Est. reading time\" \/>\n\t<meta name=\"twitter:data1\" content=\"1 minute\" \/>\n<script type=\"application\/ld+json\" class=\"yoast-schema-graph\">{\"@context\":\"https:\/\/schema.org\",\"@graph\":[{\"@type\":\"WebPage\",\"@id\":\"https:\/\/www.lookforward.at\/produkt\/011-t-shirt-%e2%9c%a8-la-vie-est-belle\/\",\"url\":\"https:\/\/www.lookforward.at\/produkt\/011-t-shirt-%e2%9c%a8-la-vie-est-belle\/\",\"name\":\"011 T Shirt \u2728 La vie est belle\",\"isPartOf\":{\"@id\":\"https:\/\/www.lookforward.at\/#website\"},\"primaryImageOfPage\":{\"@id\":\"https:\/\/www.lookforward.at\/produkt\/011-t-shirt-%e2%9c%a8-la-vie-est-belle\/#primaryimage\"},\"image\":{\"@id\":\"https:\/\/www.lookforward.at\/produkt\/011-t-shirt-%e2%9c%a8-la-vie-est-belle\/#primaryimage\"},\"thumbnailUrl\":\"https:\/\/www.lookforward.at\/wp-content\/uploads\/2025\/08\/image00086-scaled.jpeg\",\"datePublished\":\"2025-08-07T16:57:43+00:00\",\"dateModified\":\"2026-02-17T09:50:04+00:00\",\"breadcrumb\":{\"@id\":\"https:\/\/www.lookforward.at\/produkt\/011-t-shirt-%e2%9c%a8-la-vie-est-belle\/#breadcrumb\"},\"inLanguage\":\"en-US\",\"potentialAction\":[{\"@type\":\"ReadAction\",\"target\":[\"https:\/\/www.lookforward.at\/produkt\/011-t-shirt-%e2%9c%a8-la-vie-est-belle\/\"]}]},{\"@type\":\"ImageObject\",\"inLanguage\":\"en-US\",\"@id\":\"https:\/\/www.lookforward.at\/produkt\/011-t-shirt-%e2%9c%a8-la-vie-est-belle\/#primaryimage\",\"url\":\"https:\/\/www.lookforward.at\/wp-content\/uploads\/2025\/08\/image00086-scaled.jpeg\",\"contentUrl\":\"https:\/\/www.lookforward.at\/wp-content\/uploads\/2025\/08\/image00086-scaled.jpeg\",\"width\":1920,\"height\":2560,\"caption\":\"Processed with VSCO with al3 preset\"},{\"@type\":\"BreadcrumbList\",\"@id\":\"https:\/\/www.lookforward.at\/produkt\/011-t-shirt-%e2%9c%a8-la-vie-est-belle\/#breadcrumb\",\"itemListElement\":[{\"@type\":\"ListItem\",\"position\":1,\"name\":\"Startseite\",\"item\":\"https:\/\/www.lookforward.at\/\"},{\"@type\":\"ListItem\",\"position\":2,\"name\":\"Shop\",\"item\":\"https:\/\/www.lookforward.at\/shop\/\"},{\"@type\":\"ListItem\",\"position\":3,\"name\":\"011 T Shirt \u2728 La vie est belle\"}]},{\"@type\":\"WebSite\",\"@id\":\"https:\/\/www.lookforward.at\/#website\",\"url\":\"https:\/\/www.lookforward.at\/\",\"name\":\"lookforward Shop\",\"description\":\"Der neue Shop f\u00fcr Fashion, Lifestyle, Family, Food and Beauty.\",\"publisher\":{\"@id\":\"https:\/\/www.lookforward.at\/#organization\"},\"potentialAction\":[{\"@type\":\"SearchAction\",\"target\":{\"@type\":\"EntryPoint\",\"urlTemplate\":\"https:\/\/www.lookforward.at\/?s={search_term_string}\"},\"query-input\":{\"@type\":\"PropertyValueSpecification\",\"valueRequired\":true,\"valueName\":\"search_term_string\"}}],\"inLanguage\":\"en-US\"},{\"@type\":\"Organization\",\"@id\":\"https:\/\/www.lookforward.at\/#organization\",\"name\":\"KB lookforward\",\"url\":\"https:\/\/www.lookforward.at\/\",\"logo\":{\"@type\":\"ImageObject\",\"inLanguage\":\"en-US\",\"@id\":\"https:\/\/www.lookforward.at\/#\/schema\/logo\/image\/\",\"url\":\"https:\/\/www.lookforward.at\/wp-content\/uploads\/2023\/10\/Icon-KB.svg\",\"contentUrl\":\"https:\/\/www.lookforward.at\/wp-content\/uploads\/2023\/10\/Icon-KB.svg\",\"caption\":\"KB lookforward\"},\"image\":{\"@id\":\"https:\/\/www.lookforward.at\/#\/schema\/logo\/image\/\"}}]}<\/script>\n<!-- \/ Yoast SEO plugin. -->","yoast_head_json":{"title":"011 T Shirt \u2728 La vie est belle","robots":{"index":"index","follow":"follow","max-snippet":"max-snippet:-1","max-image-preview":"max-image-preview:large","max-video-preview":"max-video-preview:-1"},"canonical":"https:\/\/www.lookforward.at\/en\/produkt\/011-t-shirt-\u2728-la-vie-est-belle\/","og_locale":"en_US","og_type":"article","og_title":"[:de]011 T Shirt \u2728 La vie est belle[:] - lookforward Shop","og_description":"\u2728 La vie est belle \u2013 und dein Look auch \u2728 Dieses verspielte T-Shirt bringt franz\u00f6sisches Flair und gute Laune in deinen Kleiderschrank. Mit seinem soften Baumwollstoff, dem charmanten Fransen-Detail und dem handschriftlichen Print ist es ein echtes Herzensst\u00fcck f\u00fcr Tage, an denen du dich leicht und lebendig f\u00fchlen willst \ud83d\udc95  \ud83c\udf38 Details, die du lieben wirst: \ud83e\udd0d Zarter Print \u201eLa vie est belle\u201c mit Herz \u2013 ein Statement f\u00fcr die sch\u00f6nen Momente im Leben \ud83d\udc55 Lockerer, bequemer Schnitt \u2013 passt sich dir perfekt an \ud83c\udf3f Fransen am V-Ausschnitt & \u00c4rmel \u2013 f\u00fcr den extra Boho-Touch \ud83e\uddf5 100\u202f% Baumwolle \u2013 weich, angenehm & atmungsaktiv \ud83c\udfa8 Erh\u00e4ltlich in 3 Farben: \u2022 Ros\u00e9-Terracotta \u2013 warm & feminin \u2022 Wei\u00df \u2013 clean & sommerlich \u2022 Khaki \u2013 nat\u00fcrlich & stylisch  \u2728 One Size \u2013 passt ideal von Gr. 36\u201342 \ud83c\uddee\ud83c\uddf9 Made in Italy \ud83e\udee7 Waschbar bei 30 Grad  Ob zu Jeans, Shorts oder Rock \u2013 dieses Shirt zaubert dir jeden Tag ein La vie est belle-Gef\u00fchl aufs Herz \ud83d\udcab","og_url":"https:\/\/www.lookforward.at\/en\/produkt\/011-t-shirt-\u2728-la-vie-est-belle\/","og_site_name":"lookforward Shop","article_modified_time":"2026-02-17T09:50:04+00:00","og_image":[{"width":1920,"height":2560,"url":"https:\/\/www.lookforward.at\/wp-content\/uploads\/2025\/08\/image00086-scaled.jpeg","type":"image\/jpeg"}],"twitter_card":"summary_large_image","twitter_misc":{"Est. reading time":"1 minute"},"schema":{"@context":"https:\/\/schema.org","@graph":[{"@type":"WebPage","@id":"https:\/\/www.lookforward.at\/produkt\/011-t-shirt-%e2%9c%a8-la-vie-est-belle\/","url":"https:\/\/www.lookforward.at\/produkt\/011-t-shirt-%e2%9c%a8-la-vie-est-belle\/","name":"011 T Shirt \u2728 La vie est belle","isPartOf":{"@id":"https:\/\/www.lookforward.at\/#website"},"primaryImageOfPage":{"@id":"https:\/\/www.lookforward.at\/produkt\/011-t-shirt-%e2%9c%a8-la-vie-est-belle\/#primaryimage"},"image":{"@id":"https:\/\/www.lookforward.at\/produkt\/011-t-shirt-%e2%9c%a8-la-vie-est-belle\/#primaryimage"},"thumbnailUrl":"https:\/\/www.lookforward.at\/wp-content\/uploads\/2025\/08\/image00086-scaled.jpeg","datePublished":"2025-08-07T16:57:43+00:00","dateModified":"2026-02-17T09:50:04+00:00","breadcrumb":{"@id":"https:\/\/www.lookforward.at\/produkt\/011-t-shirt-%e2%9c%a8-la-vie-est-belle\/#breadcrumb"},"inLanguage":"en-US","potentialAction":[{"@type":"ReadAction","target":["https:\/\/www.lookforward.at\/produkt\/011-t-shirt-%e2%9c%a8-la-vie-est-belle\/"]}]},{"@type":"ImageObject","inLanguage":"en-US","@id":"https:\/\/www.lookforward.at\/produkt\/011-t-shirt-%e2%9c%a8-la-vie-est-belle\/#primaryimage","url":"https:\/\/www.lookforward.at\/wp-content\/uploads\/2025\/08\/image00086-scaled.jpeg","contentUrl":"https:\/\/www.lookforward.at\/wp-content\/uploads\/2025\/08\/image00086-scaled.jpeg","width":1920,"height":2560,"caption":"Processed with VSCO with al3 preset"},{"@type":"BreadcrumbList","@id":"https:\/\/www.lookforward.at\/produkt\/011-t-shirt-%e2%9c%a8-la-vie-est-belle\/#breadcrumb","itemListElement":[{"@type":"ListItem","position":1,"name":"Startseite","item":"https:\/\/www.lookforward.at\/"},{"@type":"ListItem","position":2,"name":"Shop","item":"https:\/\/www.lookforward.at\/shop\/"},{"@type":"ListItem","position":3,"name":"011 T Shirt \u2728 La vie est belle"}]},{"@type":"WebSite","@id":"https:\/\/www.lookforward.at\/#website","url":"https:\/\/www.lookforward.at\/","name":"lookforward Shop","description":"Der neue Shop f\u00fcr Fashion, Lifestyle, Family, Food and Beauty.","publisher":{"@id":"https:\/\/www.lookforward.at\/#organization"},"potentialAction":[{"@type":"SearchAction","target":{"@type":"EntryPoint","urlTemplate":"https:\/\/www.lookforward.at\/?s={search_term_string}"},"query-input":{"@type":"PropertyValueSpecification","valueRequired":true,"valueName":"search_term_string"}}],"inLanguage":"en-US"},{"@type":"Organization","@id":"https:\/\/www.lookforward.at\/#organization","name":"KB lookforward","url":"https:\/\/www.lookforward.at\/","logo":{"@type":"ImageObject","inLanguage":"en-US","@id":"https:\/\/www.lookforward.at\/#\/schema\/logo\/image\/","url":"https:\/\/www.lookforward.at\/wp-content\/uploads\/2023\/10\/Icon-KB.svg","contentUrl":"https:\/\/www.lookforward.at\/wp-content\/uploads\/2023\/10\/Icon-KB.svg","caption":"KB lookforward"},"image":{"@id":"https:\/\/www.lookforward.at\/#\/schema\/logo\/image\/"}}]}},"_links":{"self":[{"href":"https:\/\/www.lookforward.at\/en\/wp-json\/wp\/v2\/product\/149877","targetHints":{"allow":["GET"]}}],"collection":[{"href":"https:\/\/www.lookforward.at\/en\/wp-json\/wp\/v2\/product"}],"about":[{"href":"https:\/\/www.lookforward.at\/en\/wp-json\/wp\/v2\/types\/product"}],"wp:featuredmedia":[{"embeddable":true,"href":"https:\/\/www.lookforward.at\/en\/wp-json\/wp\/v2\/media\/149777"}],"wp:attachment":[{"href":"https:\/\/www.lookforward.at\/en\/wp-json\/wp\/v2\/media?parent=149877"}],"wp:term":[{"taxonomy":"product_brand","embeddable":true,"href":"https:\/\/www.lookforward.at\/en\/wp-json\/wp\/v2\/product_brand?post=149877"},{"taxonomy":"product_cat","embeddable":true,"href":"https:\/\/www.lookforward.at\/en\/wp-json\/wp\/v2\/product_cat?post=149877"},{"taxonomy":"product_tag","embeddable":true,"href":"https:\/\/www.lookforward.at\/en\/wp-json\/wp\/v2\/product_tag?post=149877"}],"curies":[{"name":"wp","href":"https:\/\/api.w.org\/{rel}","templated":true}]}}