{"id":149900,"date":"2025-08-07T19:49:41","date_gmt":"2025-08-07T17:49:41","guid":{"rendered":"https:\/\/www.lookforward.at\/?post_type=product&#038;p=149900"},"modified":"2026-04-13T07:16:31","modified_gmt":"2026-04-13T05:16:31","slug":"%f0%9f%96%a4-schwarze-wide-leg-jeans-dein-neues-everyday-it-piece-%f0%9f%96%a4-2","status":"publish","type":"product","link":"https:\/\/www.lookforward.at\/en\/produkt\/%f0%9f%96%a4-schwarze-wide-leg-jeans-dein-neues-everyday-it-piece-%f0%9f%96%a4-2\/","title":{"rendered":"\ud83d\udda4 Schwarze Wide-Leg-Jeans \u2013 dein neues Everyday-It-Piece \ud83d\udda4"},"content":{"rendered":"","protected":false},"excerpt":{"rendered":"<div>\ud83d\udda4 <b>Schwarze Wide-Leg-Jeans \u2013 dein neues Everyday-It-Piece <\/b>\ud83d\udda4<\/div>\n<div>Diese Jeans ist wie gemacht f\u00fcr dich, wenn du zeitlose Coolness &#038; feminine L\u00e4ssigkeit liebst. Der weite Schnitt sorgt f\u00fcr einen entspannten Look \u2013 das feste Material schenkt dir Halt &#038; Komfort zugleich \ud83d\udcab<\/div>\n<div><\/div>\n<div><b>Lieblingsdetails f\u00fcr dich:<\/b><\/div>\n<div>\ud83d\udc56 Fester Denim \u2013 hochwertig, formstabil &#038; langlebig<\/div>\n<div>\ud83d\udda4 Tiefes Schwarz \u2013 passt zu allem &#038; wirkt immer edel<\/div>\n<div>\ud83c\udf3f High-Waist \u2013 betont deine Taille &#038; sitzt einfach perfekt<\/div>\n<div>\ud83d\udcab Weites Bein \u2013 stylisch, bequem &#038; super modern<\/div>\n<div>\ud83c\uddee\ud83c\uddf9 Made in Italy \u2013 mit viel Liebe zum Detail<\/div>\n<div><\/div>\n<div>\ud83d\udccf Gr\u00f6\u00dfen: XS\u2013XL (f\u00e4llt eine Nummer kleiner aus)<\/div>\n<div>\ud83d\udca1 Stylingidee: Mit Cropped-Shirt &#038; Goldkette wird\u2019s cool \u2013 mit Bluse &#038; G\u00fcrtel elegant \u2728<\/div>\n","protected":false},"featured_media":149791,"template":"","meta":{"inline_featured_image":false},"product_brand":[],"product_cat":[479,48],"product_tag":[],"class_list":{"0":"post-149900","1":"product","2":"type-product","3":"status-publish","4":"has-post-thumbnail","6":"product_cat-pre-fall-kollektion","7":"product_cat-hosen","9":"first","10":"onbackorder","11":"taxable","12":"shipping-taxable","13":"purchasable","14":"product-type-variable"},"bundled_by":[],"bundle_stock_status":"onbackorder","bundle_stock_quantity":null,"bundle_virtual":false,"bundle_layout":"","bundle_add_to_cart_form_location":"","bundle_editable_in_cart":false,"bundle_sold_individually_context":"","bundle_item_grouping":"","bundle_min_size":"","bundle_max_size":"","bundle_price":[],"bundled_items":[],"bundle_sell_ids":[],"yoast_head":"<!-- This site is optimized with the Yoast SEO plugin v26.5 - https:\/\/yoast.com\/wordpress\/plugins\/seo\/ -->\n<title>\ud83d\udda4 Schwarze Wide-Leg-Jeans \u2013 dein neues Everyday-It-Piece \ud83d\udda4<\/title>\n<meta name=\"robots\" content=\"index, follow, max-snippet:-1, max-image-preview:large, max-video-preview:-1\" \/>\n<link rel=\"canonical\" href=\"https:\/\/www.lookforward.at\/en\/produkt\/\ud83d\udda4-schwarze-wide-leg-jeans-dein-neues-everyday-it-piece-\ud83d\udda4-2\/\" \/>\n<meta property=\"og:locale\" content=\"en_US\" \/>\n<meta property=\"og:locale:alternate\" content=\"de_DE\" \/>\n<meta property=\"og:type\" content=\"article\" \/>\n<meta property=\"og:title\" content=\"\ud83d\udda4 Schwarze Wide-Leg-Jeans \u2013 dein neues Everyday-It-Piece \ud83d\udda4\" \/>\n<meta property=\"og:description\" content=\"\ud83d\udda4 Schwarze Wide-Leg-Jeans \u2013 dein neues Everyday-It-Piece \ud83d\udda4 Diese Jeans ist wie gemacht f\u00fcr dich, wenn du zeitlose Coolness &amp; feminine L\u00e4ssigkeit liebst. Der weite Schnitt sorgt f\u00fcr einen entspannten Look \u2013 das feste Material schenkt dir Halt &amp; Komfort zugleich \ud83d\udcab  Lieblingsdetails f\u00fcr dich: \ud83d\udc56 Fester Denim \u2013 hochwertig, formstabil &amp; langlebig \ud83d\udda4 Tiefes Schwarz \u2013 passt zu allem &amp; wirkt immer edel \ud83c\udf3f High-Waist \u2013 betont deine Taille &amp; sitzt einfach perfekt \ud83d\udcab Weites Bein \u2013 stylisch, bequem &amp; super modern \ud83c\uddee\ud83c\uddf9 Made in Italy \u2013 mit viel Liebe zum Detail  \ud83d\udccf Gr\u00f6\u00dfen: XS\u2013XL (f\u00e4llt eine Nummer kleiner aus) \ud83d\udca1 Stylingidee: Mit Cropped-Shirt &amp; Goldkette wird\u2019s cool \u2013 mit Bluse &amp; G\u00fcrtel elegant \u2728\" \/>\n<meta property=\"og:url\" content=\"https:\/\/www.lookforward.at\/en\/produkt\/\ud83d\udda4-schwarze-wide-leg-jeans-dein-neues-everyday-it-piece-\ud83d\udda4-2\/\" \/>\n<meta property=\"og:site_name\" content=\"lookforward Shop\" \/>\n<meta property=\"article:modified_time\" content=\"2026-04-13T05:16:31+00:00\" \/>\n<meta property=\"og:image\" content=\"https:\/\/www.lookforward.at\/wp-content\/uploads\/2025\/08\/image00005-scaled.jpeg\" \/>\n\t<meta property=\"og:image:width\" content=\"1920\" \/>\n\t<meta property=\"og:image:height\" content=\"2560\" \/>\n\t<meta property=\"og:image:type\" content=\"image\/jpeg\" \/>\n<meta name=\"twitter:card\" content=\"summary_large_image\" \/>\n<meta name=\"twitter:label1\" content=\"Est. reading time\" \/>\n\t<meta name=\"twitter:data1\" content=\"1 minute\" \/>\n<script type=\"application\/ld+json\" class=\"yoast-schema-graph\">{\"@context\":\"https:\/\/schema.org\",\"@graph\":[{\"@type\":\"WebPage\",\"@id\":\"https:\/\/www.lookforward.at\/produkt\/%f0%9f%96%a4-schwarze-wide-leg-jeans-dein-neues-everyday-it-piece-%f0%9f%96%a4-2\/\",\"url\":\"https:\/\/www.lookforward.at\/produkt\/%f0%9f%96%a4-schwarze-wide-leg-jeans-dein-neues-everyday-it-piece-%f0%9f%96%a4-2\/\",\"name\":\"\ud83d\udda4 Schwarze Wide-Leg-Jeans \u2013 dein neues Everyday-It-Piece \ud83d\udda4\",\"isPartOf\":{\"@id\":\"https:\/\/www.lookforward.at\/#website\"},\"primaryImageOfPage\":{\"@id\":\"https:\/\/www.lookforward.at\/produkt\/%f0%9f%96%a4-schwarze-wide-leg-jeans-dein-neues-everyday-it-piece-%f0%9f%96%a4-2\/#primaryimage\"},\"image\":{\"@id\":\"https:\/\/www.lookforward.at\/produkt\/%f0%9f%96%a4-schwarze-wide-leg-jeans-dein-neues-everyday-it-piece-%f0%9f%96%a4-2\/#primaryimage\"},\"thumbnailUrl\":\"https:\/\/www.lookforward.at\/wp-content\/uploads\/2025\/08\/image00005-scaled.jpeg\",\"datePublished\":\"2025-08-07T17:49:41+00:00\",\"dateModified\":\"2026-04-13T05:16:31+00:00\",\"breadcrumb\":{\"@id\":\"https:\/\/www.lookforward.at\/produkt\/%f0%9f%96%a4-schwarze-wide-leg-jeans-dein-neues-everyday-it-piece-%f0%9f%96%a4-2\/#breadcrumb\"},\"inLanguage\":\"en-US\",\"potentialAction\":[{\"@type\":\"ReadAction\",\"target\":[\"https:\/\/www.lookforward.at\/produkt\/%f0%9f%96%a4-schwarze-wide-leg-jeans-dein-neues-everyday-it-piece-%f0%9f%96%a4-2\/\"]}]},{\"@type\":\"ImageObject\",\"inLanguage\":\"en-US\",\"@id\":\"https:\/\/www.lookforward.at\/produkt\/%f0%9f%96%a4-schwarze-wide-leg-jeans-dein-neues-everyday-it-piece-%f0%9f%96%a4-2\/#primaryimage\",\"url\":\"https:\/\/www.lookforward.at\/wp-content\/uploads\/2025\/08\/image00005-scaled.jpeg\",\"contentUrl\":\"https:\/\/www.lookforward.at\/wp-content\/uploads\/2025\/08\/image00005-scaled.jpeg\",\"width\":1920,\"height\":2560},{\"@type\":\"BreadcrumbList\",\"@id\":\"https:\/\/www.lookforward.at\/produkt\/%f0%9f%96%a4-schwarze-wide-leg-jeans-dein-neues-everyday-it-piece-%f0%9f%96%a4-2\/#breadcrumb\",\"itemListElement\":[{\"@type\":\"ListItem\",\"position\":1,\"name\":\"Startseite\",\"item\":\"https:\/\/www.lookforward.at\/\"},{\"@type\":\"ListItem\",\"position\":2,\"name\":\"Shop\",\"item\":\"https:\/\/www.lookforward.at\/shop\/\"},{\"@type\":\"ListItem\",\"position\":3,\"name\":\"\ud83d\udda4 Schwarze Wide-Leg-Jeans \u2013 dein neues Everyday-It-Piece \ud83d\udda4\"}]},{\"@type\":\"WebSite\",\"@id\":\"https:\/\/www.lookforward.at\/#website\",\"url\":\"https:\/\/www.lookforward.at\/\",\"name\":\"lookforward Shop\",\"description\":\"Der neue Shop f\u00fcr Fashion, Lifestyle, Family, Food and Beauty.\",\"publisher\":{\"@id\":\"https:\/\/www.lookforward.at\/#organization\"},\"potentialAction\":[{\"@type\":\"SearchAction\",\"target\":{\"@type\":\"EntryPoint\",\"urlTemplate\":\"https:\/\/www.lookforward.at\/?s={search_term_string}\"},\"query-input\":{\"@type\":\"PropertyValueSpecification\",\"valueRequired\":true,\"valueName\":\"search_term_string\"}}],\"inLanguage\":\"en-US\"},{\"@type\":\"Organization\",\"@id\":\"https:\/\/www.lookforward.at\/#organization\",\"name\":\"KB lookforward\",\"url\":\"https:\/\/www.lookforward.at\/\",\"logo\":{\"@type\":\"ImageObject\",\"inLanguage\":\"en-US\",\"@id\":\"https:\/\/www.lookforward.at\/#\/schema\/logo\/image\/\",\"url\":\"https:\/\/www.lookforward.at\/wp-content\/uploads\/2023\/10\/Icon-KB.svg\",\"contentUrl\":\"https:\/\/www.lookforward.at\/wp-content\/uploads\/2023\/10\/Icon-KB.svg\",\"caption\":\"KB lookforward\"},\"image\":{\"@id\":\"https:\/\/www.lookforward.at\/#\/schema\/logo\/image\/\"}}]}<\/script>\n<!-- \/ Yoast SEO plugin. -->","yoast_head_json":{"title":"\ud83d\udda4 Schwarze Wide-Leg-Jeans \u2013 dein neues Everyday-It-Piece \ud83d\udda4","robots":{"index":"index","follow":"follow","max-snippet":"max-snippet:-1","max-image-preview":"max-image-preview:large","max-video-preview":"max-video-preview:-1"},"canonical":"https:\/\/www.lookforward.at\/en\/produkt\/\ud83d\udda4-schwarze-wide-leg-jeans-dein-neues-everyday-it-piece-\ud83d\udda4-2\/","og_locale":"en_US","og_type":"article","og_title":"[:de]\ud83d\udda4 Schwarze Wide-Leg-Jeans \u2013 dein neues Everyday-It-Piece \ud83d\udda4[:] - lookforward Shop","og_description":"\ud83d\udda4 Schwarze Wide-Leg-Jeans \u2013 dein neues Everyday-It-Piece \ud83d\udda4 Diese Jeans ist wie gemacht f\u00fcr dich, wenn du zeitlose Coolness & feminine L\u00e4ssigkeit liebst. Der weite Schnitt sorgt f\u00fcr einen entspannten Look \u2013 das feste Material schenkt dir Halt & Komfort zugleich \ud83d\udcab  Lieblingsdetails f\u00fcr dich: \ud83d\udc56 Fester Denim \u2013 hochwertig, formstabil & langlebig \ud83d\udda4 Tiefes Schwarz \u2013 passt zu allem & wirkt immer edel \ud83c\udf3f High-Waist \u2013 betont deine Taille & sitzt einfach perfekt \ud83d\udcab Weites Bein \u2013 stylisch, bequem & super modern \ud83c\uddee\ud83c\uddf9 Made in Italy \u2013 mit viel Liebe zum Detail  \ud83d\udccf Gr\u00f6\u00dfen: XS\u2013XL (f\u00e4llt eine Nummer kleiner aus) \ud83d\udca1 Stylingidee: Mit Cropped-Shirt & Goldkette wird\u2019s cool \u2013 mit Bluse & G\u00fcrtel elegant \u2728","og_url":"https:\/\/www.lookforward.at\/en\/produkt\/\ud83d\udda4-schwarze-wide-leg-jeans-dein-neues-everyday-it-piece-\ud83d\udda4-2\/","og_site_name":"lookforward Shop","article_modified_time":"2026-04-13T05:16:31+00:00","og_image":[{"width":1920,"height":2560,"url":"https:\/\/www.lookforward.at\/wp-content\/uploads\/2025\/08\/image00005-scaled.jpeg","type":"image\/jpeg"}],"twitter_card":"summary_large_image","twitter_misc":{"Est. reading time":"1 minute"},"schema":{"@context":"https:\/\/schema.org","@graph":[{"@type":"WebPage","@id":"https:\/\/www.lookforward.at\/produkt\/%f0%9f%96%a4-schwarze-wide-leg-jeans-dein-neues-everyday-it-piece-%f0%9f%96%a4-2\/","url":"https:\/\/www.lookforward.at\/produkt\/%f0%9f%96%a4-schwarze-wide-leg-jeans-dein-neues-everyday-it-piece-%f0%9f%96%a4-2\/","name":"\ud83d\udda4 Schwarze Wide-Leg-Jeans \u2013 dein neues Everyday-It-Piece \ud83d\udda4","isPartOf":{"@id":"https:\/\/www.lookforward.at\/#website"},"primaryImageOfPage":{"@id":"https:\/\/www.lookforward.at\/produkt\/%f0%9f%96%a4-schwarze-wide-leg-jeans-dein-neues-everyday-it-piece-%f0%9f%96%a4-2\/#primaryimage"},"image":{"@id":"https:\/\/www.lookforward.at\/produkt\/%f0%9f%96%a4-schwarze-wide-leg-jeans-dein-neues-everyday-it-piece-%f0%9f%96%a4-2\/#primaryimage"},"thumbnailUrl":"https:\/\/www.lookforward.at\/wp-content\/uploads\/2025\/08\/image00005-scaled.jpeg","datePublished":"2025-08-07T17:49:41+00:00","dateModified":"2026-04-13T05:16:31+00:00","breadcrumb":{"@id":"https:\/\/www.lookforward.at\/produkt\/%f0%9f%96%a4-schwarze-wide-leg-jeans-dein-neues-everyday-it-piece-%f0%9f%96%a4-2\/#breadcrumb"},"inLanguage":"en-US","potentialAction":[{"@type":"ReadAction","target":["https:\/\/www.lookforward.at\/produkt\/%f0%9f%96%a4-schwarze-wide-leg-jeans-dein-neues-everyday-it-piece-%f0%9f%96%a4-2\/"]}]},{"@type":"ImageObject","inLanguage":"en-US","@id":"https:\/\/www.lookforward.at\/produkt\/%f0%9f%96%a4-schwarze-wide-leg-jeans-dein-neues-everyday-it-piece-%f0%9f%96%a4-2\/#primaryimage","url":"https:\/\/www.lookforward.at\/wp-content\/uploads\/2025\/08\/image00005-scaled.jpeg","contentUrl":"https:\/\/www.lookforward.at\/wp-content\/uploads\/2025\/08\/image00005-scaled.jpeg","width":1920,"height":2560},{"@type":"BreadcrumbList","@id":"https:\/\/www.lookforward.at\/produkt\/%f0%9f%96%a4-schwarze-wide-leg-jeans-dein-neues-everyday-it-piece-%f0%9f%96%a4-2\/#breadcrumb","itemListElement":[{"@type":"ListItem","position":1,"name":"Startseite","item":"https:\/\/www.lookforward.at\/"},{"@type":"ListItem","position":2,"name":"Shop","item":"https:\/\/www.lookforward.at\/shop\/"},{"@type":"ListItem","position":3,"name":"\ud83d\udda4 Schwarze Wide-Leg-Jeans \u2013 dein neues Everyday-It-Piece \ud83d\udda4"}]},{"@type":"WebSite","@id":"https:\/\/www.lookforward.at\/#website","url":"https:\/\/www.lookforward.at\/","name":"lookforward Shop","description":"Der neue Shop f\u00fcr Fashion, Lifestyle, Family, Food and Beauty.","publisher":{"@id":"https:\/\/www.lookforward.at\/#organization"},"potentialAction":[{"@type":"SearchAction","target":{"@type":"EntryPoint","urlTemplate":"https:\/\/www.lookforward.at\/?s={search_term_string}"},"query-input":{"@type":"PropertyValueSpecification","valueRequired":true,"valueName":"search_term_string"}}],"inLanguage":"en-US"},{"@type":"Organization","@id":"https:\/\/www.lookforward.at\/#organization","name":"KB lookforward","url":"https:\/\/www.lookforward.at\/","logo":{"@type":"ImageObject","inLanguage":"en-US","@id":"https:\/\/www.lookforward.at\/#\/schema\/logo\/image\/","url":"https:\/\/www.lookforward.at\/wp-content\/uploads\/2023\/10\/Icon-KB.svg","contentUrl":"https:\/\/www.lookforward.at\/wp-content\/uploads\/2023\/10\/Icon-KB.svg","caption":"KB lookforward"},"image":{"@id":"https:\/\/www.lookforward.at\/#\/schema\/logo\/image\/"}}]}},"_links":{"self":[{"href":"https:\/\/www.lookforward.at\/en\/wp-json\/wp\/v2\/product\/149900","targetHints":{"allow":["GET"]}}],"collection":[{"href":"https:\/\/www.lookforward.at\/en\/wp-json\/wp\/v2\/product"}],"about":[{"href":"https:\/\/www.lookforward.at\/en\/wp-json\/wp\/v2\/types\/product"}],"wp:featuredmedia":[{"embeddable":true,"href":"https:\/\/www.lookforward.at\/en\/wp-json\/wp\/v2\/media\/149791"}],"wp:attachment":[{"href":"https:\/\/www.lookforward.at\/en\/wp-json\/wp\/v2\/media?parent=149900"}],"wp:term":[{"taxonomy":"product_brand","embeddable":true,"href":"https:\/\/www.lookforward.at\/en\/wp-json\/wp\/v2\/product_brand?post=149900"},{"taxonomy":"product_cat","embeddable":true,"href":"https:\/\/www.lookforward.at\/en\/wp-json\/wp\/v2\/product_cat?post=149900"},{"taxonomy":"product_tag","embeddable":true,"href":"https:\/\/www.lookforward.at\/en\/wp-json\/wp\/v2\/product_tag?post=149900"}],"curies":[{"name":"wp","href":"https:\/\/api.w.org\/{rel}","templated":true}]}}