{"id":150135,"date":"2025-08-22T19:54:05","date_gmt":"2025-08-22T17:54:05","guid":{"rendered":"https:\/\/www.lookforward.at\/?post_type=product&#038;p=150135"},"modified":"2026-04-21T22:07:33","modified_gmt":"2026-04-21T20:07:33","slug":"017-%e2%9c%a8-leo-kleid-mit-v-ausschnitt-plissee-details-%e2%9c%a8","status":"publish","type":"product","link":"https:\/\/www.lookforward.at\/en\/produkt\/017-%e2%9c%a8-leo-kleid-mit-v-ausschnitt-plissee-details-%e2%9c%a8\/","title":{"rendered":"017 \u2728 Leo-Kleid mit V-Ausschnitt &#038; Plissee-Details \u2728"},"content":{"rendered":"","protected":false},"excerpt":{"rendered":"<div>\u2728<b> Leo-Kleid mit V-Ausschnitt &#038; Plissee-Details <\/b>\u2728<\/div>\n<div><\/div>\n<div>Feminin, wild &#038; herrlich luftig \u2013 dieses Leo-Kleid bringt sofort italienisches Flair in deinen Alltag \ud83d\udc95 Mit seinem schmeichelnden Schnitt, dem eleganten V-Ausschnitt und den weiten \u00c4rmeln ist es ein echter Allrounder \u2013 von casual bis chic.<\/div>\n<div><\/div>\n<div>\ud83c\udf38 <b>Details, die verzaubern:<\/b><\/div>\n<div>\u2022 \ud83d\udc06 Stylischer Leoparden-Print \u2013 wild, modern &#038; super feminin<\/div>\n<div>\u2022 \u2728 Luftiger A-Linien-Schnitt \u2013 locker fallend &#038; figurschmeichelnd<\/div>\n<div>\u2022 \ud83c\udf80 Eleganter V-Ausschnitt \u2013 setzt dein Dekollet\u00e9 dezent in Szene<\/div>\n<div>\u2022 \ud83c\udf3f Weite \u00c4rmel mit leichtem Gummizug \u2013 f\u00fcr ein l\u00e4ssiges, bequemes Tragegef\u00fchl<\/div>\n<div>\u2022 \ud83c\udf38 Material: 100 % Polyester \u2013 leicht, luftig &#038; pflegeleicht<\/div>\n<div><\/div>\n<div>\ud83d\udc95 <b>Passform:<\/b> One Size \u2013 passt ideal von Gr. 36 bis 42<\/div>\n<div><\/div>\n<div>Ob mit Boots &#038; Lederjacke f\u00fcr einen coolen Streetstyle oder mit Heels &#038; Clutch f\u00fcr den Abend \u2013 dieses Kleid ist dein Statement-Piece f\u00fcr einen selbstbewussten Auftritt \u2728<\/div>\n<div><\/div>\n","protected":false},"featured_media":150114,"template":"","meta":{"inline_featured_image":false},"product_brand":[],"product_cat":[479,72],"product_tag":[],"class_list":{"0":"post-150135","1":"product","2":"type-product","3":"status-publish","4":"has-post-thumbnail","6":"product_cat-pre-fall-kollektion","7":"product_cat-kleid","9":"first","10":"onbackorder","11":"taxable","12":"shipping-taxable","13":"purchasable","14":"product-type-simple"},"bundled_by":[],"bundle_stock_status":"onbackorder","bundle_stock_quantity":-15,"bundle_virtual":false,"bundle_layout":"","bundle_add_to_cart_form_location":"","bundle_editable_in_cart":false,"bundle_sold_individually_context":"","bundle_item_grouping":"","bundle_min_size":"","bundle_max_size":"","bundle_price":[],"bundled_items":[],"bundle_sell_ids":[],"yoast_head":"<!-- This site is optimized with the Yoast SEO plugin v26.5 - https:\/\/yoast.com\/wordpress\/plugins\/seo\/ -->\n<title>017 \u2728 Leo-Kleid mit V-Ausschnitt &amp; Plissee-Details \u2728<\/title>\n<meta name=\"robots\" content=\"index, follow, max-snippet:-1, max-image-preview:large, max-video-preview:-1\" \/>\n<link rel=\"canonical\" href=\"https:\/\/www.lookforward.at\/en\/produkt\/017-\u2728-leo-kleid-mit-v-ausschnitt-plissee-details-\u2728\/\" \/>\n<meta property=\"og:locale\" content=\"en_US\" \/>\n<meta property=\"og:locale:alternate\" content=\"de_DE\" \/>\n<meta property=\"og:type\" content=\"article\" \/>\n<meta property=\"og:title\" content=\"017 \u2728 Leo-Kleid mit V-Ausschnitt &amp; Plissee-Details \u2728\" \/>\n<meta property=\"og:description\" content=\"\u2728 Leo-Kleid mit V-Ausschnitt &amp; Plissee-Details \u2728  Feminin, wild &amp; herrlich luftig \u2013 dieses Leo-Kleid bringt sofort italienisches Flair in deinen Alltag \ud83d\udc95 Mit seinem schmeichelnden Schnitt, dem eleganten V-Ausschnitt und den weiten \u00c4rmeln ist es ein echter Allrounder \u2013 von casual bis chic.  \ud83c\udf38 Details, die verzaubern: \u2022 \ud83d\udc06 Stylischer Leoparden-Print \u2013 wild, modern &amp; super feminin \u2022 \u2728 Luftiger A-Linien-Schnitt \u2013 locker fallend &amp; figurschmeichelnd \u2022 \ud83c\udf80 Eleganter V-Ausschnitt \u2013 setzt dein Dekollet\u00e9 dezent in Szene \u2022 \ud83c\udf3f Weite \u00c4rmel mit leichtem Gummizug \u2013 f\u00fcr ein l\u00e4ssiges, bequemes Tragegef\u00fchl \u2022 \ud83c\udf38 Material: 100 % Polyester \u2013 leicht, luftig &amp; pflegeleicht  \ud83d\udc95 Passform: One Size \u2013 passt ideal von Gr. 36 bis 42  Ob mit Boots &amp; Lederjacke f\u00fcr einen coolen Streetstyle oder mit Heels &amp; Clutch f\u00fcr den Abend \u2013 dieses Kleid ist dein Statement-Piece f\u00fcr einen selbstbewussten Auftritt \u2728\" \/>\n<meta property=\"og:url\" content=\"https:\/\/www.lookforward.at\/en\/produkt\/017-\u2728-leo-kleid-mit-v-ausschnitt-plissee-details-\u2728\/\" \/>\n<meta property=\"og:site_name\" content=\"lookforward Shop\" \/>\n<meta property=\"article:modified_time\" content=\"2026-04-21T20:07:33+00:00\" \/>\n<meta name=\"twitter:card\" content=\"summary_large_image\" \/>\n<meta name=\"twitter:label1\" content=\"Est. reading time\" \/>\n\t<meta name=\"twitter:data1\" content=\"1 minute\" \/>\n<script type=\"application\/ld+json\" class=\"yoast-schema-graph\">{\"@context\":\"https:\/\/schema.org\",\"@graph\":[{\"@type\":\"WebPage\",\"@id\":\"https:\/\/www.lookforward.at\/produkt\/017-%e2%9c%a8-leo-kleid-mit-v-ausschnitt-plissee-details-%e2%9c%a8\/\",\"url\":\"https:\/\/www.lookforward.at\/produkt\/017-%e2%9c%a8-leo-kleid-mit-v-ausschnitt-plissee-details-%e2%9c%a8\/\",\"name\":\"017 \u2728 Leo-Kleid mit V-Ausschnitt & Plissee-Details \u2728\",\"isPartOf\":{\"@id\":\"https:\/\/www.lookforward.at\/#website\"},\"primaryImageOfPage\":{\"@id\":\"https:\/\/www.lookforward.at\/produkt\/017-%e2%9c%a8-leo-kleid-mit-v-ausschnitt-plissee-details-%e2%9c%a8\/#primaryimage\"},\"image\":{\"@id\":\"https:\/\/www.lookforward.at\/produkt\/017-%e2%9c%a8-leo-kleid-mit-v-ausschnitt-plissee-details-%e2%9c%a8\/#primaryimage\"},\"thumbnailUrl\":\"https:\/\/www.lookforward.at\/wp-content\/uploads\/2025\/08\/image00007-3-scaled.jpeg\",\"datePublished\":\"2025-08-22T17:54:05+00:00\",\"dateModified\":\"2026-04-21T20:07:33+00:00\",\"breadcrumb\":{\"@id\":\"https:\/\/www.lookforward.at\/produkt\/017-%e2%9c%a8-leo-kleid-mit-v-ausschnitt-plissee-details-%e2%9c%a8\/#breadcrumb\"},\"inLanguage\":\"en-US\",\"potentialAction\":[{\"@type\":\"ReadAction\",\"target\":[\"https:\/\/www.lookforward.at\/produkt\/017-%e2%9c%a8-leo-kleid-mit-v-ausschnitt-plissee-details-%e2%9c%a8\/\"]}]},{\"@type\":\"ImageObject\",\"inLanguage\":\"en-US\",\"@id\":\"https:\/\/www.lookforward.at\/produkt\/017-%e2%9c%a8-leo-kleid-mit-v-ausschnitt-plissee-details-%e2%9c%a8\/#primaryimage\",\"url\":\"https:\/\/www.lookforward.at\/wp-content\/uploads\/2025\/08\/image00007-3-scaled.jpeg\",\"contentUrl\":\"https:\/\/www.lookforward.at\/wp-content\/uploads\/2025\/08\/image00007-3-scaled.jpeg\",\"width\":1920,\"height\":2560},{\"@type\":\"BreadcrumbList\",\"@id\":\"https:\/\/www.lookforward.at\/produkt\/017-%e2%9c%a8-leo-kleid-mit-v-ausschnitt-plissee-details-%e2%9c%a8\/#breadcrumb\",\"itemListElement\":[{\"@type\":\"ListItem\",\"position\":1,\"name\":\"Startseite\",\"item\":\"https:\/\/www.lookforward.at\/\"},{\"@type\":\"ListItem\",\"position\":2,\"name\":\"Shop\",\"item\":\"https:\/\/www.lookforward.at\/shop\/\"},{\"@type\":\"ListItem\",\"position\":3,\"name\":\"017 \u2728 Leo-Kleid mit V-Ausschnitt &#038; Plissee-Details \u2728\"}]},{\"@type\":\"WebSite\",\"@id\":\"https:\/\/www.lookforward.at\/#website\",\"url\":\"https:\/\/www.lookforward.at\/\",\"name\":\"lookforward Shop\",\"description\":\"Der neue Shop f\u00fcr Fashion, Lifestyle, Family, Food and Beauty.\",\"publisher\":{\"@id\":\"https:\/\/www.lookforward.at\/#organization\"},\"potentialAction\":[{\"@type\":\"SearchAction\",\"target\":{\"@type\":\"EntryPoint\",\"urlTemplate\":\"https:\/\/www.lookforward.at\/?s={search_term_string}\"},\"query-input\":{\"@type\":\"PropertyValueSpecification\",\"valueRequired\":true,\"valueName\":\"search_term_string\"}}],\"inLanguage\":\"en-US\"},{\"@type\":\"Organization\",\"@id\":\"https:\/\/www.lookforward.at\/#organization\",\"name\":\"KB lookforward\",\"url\":\"https:\/\/www.lookforward.at\/\",\"logo\":{\"@type\":\"ImageObject\",\"inLanguage\":\"en-US\",\"@id\":\"https:\/\/www.lookforward.at\/#\/schema\/logo\/image\/\",\"url\":\"https:\/\/www.lookforward.at\/wp-content\/uploads\/2023\/10\/Icon-KB.svg\",\"contentUrl\":\"https:\/\/www.lookforward.at\/wp-content\/uploads\/2023\/10\/Icon-KB.svg\",\"caption\":\"KB lookforward\"},\"image\":{\"@id\":\"https:\/\/www.lookforward.at\/#\/schema\/logo\/image\/\"}}]}<\/script>\n<!-- \/ Yoast SEO plugin. -->","yoast_head_json":{"title":"017 \u2728 Leo-Kleid mit V-Ausschnitt & Plissee-Details \u2728","robots":{"index":"index","follow":"follow","max-snippet":"max-snippet:-1","max-image-preview":"max-image-preview:large","max-video-preview":"max-video-preview:-1"},"canonical":"https:\/\/www.lookforward.at\/en\/produkt\/017-\u2728-leo-kleid-mit-v-ausschnitt-plissee-details-\u2728\/","og_locale":"en_US","og_type":"article","og_title":"[:de]017 \u2728 Leo-Kleid mit V-Ausschnitt & Plissee-Details \u2728[:] - lookforward Shop","og_description":"\u2728 Leo-Kleid mit V-Ausschnitt & Plissee-Details \u2728  Feminin, wild & herrlich luftig \u2013 dieses Leo-Kleid bringt sofort italienisches Flair in deinen Alltag \ud83d\udc95 Mit seinem schmeichelnden Schnitt, dem eleganten V-Ausschnitt und den weiten \u00c4rmeln ist es ein echter Allrounder \u2013 von casual bis chic.  \ud83c\udf38 Details, die verzaubern: \u2022 \ud83d\udc06 Stylischer Leoparden-Print \u2013 wild, modern & super feminin \u2022 \u2728 Luftiger A-Linien-Schnitt \u2013 locker fallend & figurschmeichelnd \u2022 \ud83c\udf80 Eleganter V-Ausschnitt \u2013 setzt dein Dekollet\u00e9 dezent in Szene \u2022 \ud83c\udf3f Weite \u00c4rmel mit leichtem Gummizug \u2013 f\u00fcr ein l\u00e4ssiges, bequemes Tragegef\u00fchl \u2022 \ud83c\udf38 Material: 100 % Polyester \u2013 leicht, luftig & pflegeleicht  \ud83d\udc95 Passform: One Size \u2013 passt ideal von Gr. 36 bis 42  Ob mit Boots & Lederjacke f\u00fcr einen coolen Streetstyle oder mit Heels & Clutch f\u00fcr den Abend \u2013 dieses Kleid ist dein Statement-Piece f\u00fcr einen selbstbewussten Auftritt \u2728","og_url":"https:\/\/www.lookforward.at\/en\/produkt\/017-\u2728-leo-kleid-mit-v-ausschnitt-plissee-details-\u2728\/","og_site_name":"lookforward Shop","article_modified_time":"2026-04-21T20:07:33+00:00","twitter_card":"summary_large_image","twitter_misc":{"Est. reading time":"1 minute"},"schema":{"@context":"https:\/\/schema.org","@graph":[{"@type":"WebPage","@id":"https:\/\/www.lookforward.at\/produkt\/017-%e2%9c%a8-leo-kleid-mit-v-ausschnitt-plissee-details-%e2%9c%a8\/","url":"https:\/\/www.lookforward.at\/produkt\/017-%e2%9c%a8-leo-kleid-mit-v-ausschnitt-plissee-details-%e2%9c%a8\/","name":"017 \u2728 Leo-Kleid mit V-Ausschnitt & Plissee-Details \u2728","isPartOf":{"@id":"https:\/\/www.lookforward.at\/#website"},"primaryImageOfPage":{"@id":"https:\/\/www.lookforward.at\/produkt\/017-%e2%9c%a8-leo-kleid-mit-v-ausschnitt-plissee-details-%e2%9c%a8\/#primaryimage"},"image":{"@id":"https:\/\/www.lookforward.at\/produkt\/017-%e2%9c%a8-leo-kleid-mit-v-ausschnitt-plissee-details-%e2%9c%a8\/#primaryimage"},"thumbnailUrl":"https:\/\/www.lookforward.at\/wp-content\/uploads\/2025\/08\/image00007-3-scaled.jpeg","datePublished":"2025-08-22T17:54:05+00:00","dateModified":"2026-04-21T20:07:33+00:00","breadcrumb":{"@id":"https:\/\/www.lookforward.at\/produkt\/017-%e2%9c%a8-leo-kleid-mit-v-ausschnitt-plissee-details-%e2%9c%a8\/#breadcrumb"},"inLanguage":"en-US","potentialAction":[{"@type":"ReadAction","target":["https:\/\/www.lookforward.at\/produkt\/017-%e2%9c%a8-leo-kleid-mit-v-ausschnitt-plissee-details-%e2%9c%a8\/"]}]},{"@type":"ImageObject","inLanguage":"en-US","@id":"https:\/\/www.lookforward.at\/produkt\/017-%e2%9c%a8-leo-kleid-mit-v-ausschnitt-plissee-details-%e2%9c%a8\/#primaryimage","url":"https:\/\/www.lookforward.at\/wp-content\/uploads\/2025\/08\/image00007-3-scaled.jpeg","contentUrl":"https:\/\/www.lookforward.at\/wp-content\/uploads\/2025\/08\/image00007-3-scaled.jpeg","width":1920,"height":2560},{"@type":"BreadcrumbList","@id":"https:\/\/www.lookforward.at\/produkt\/017-%e2%9c%a8-leo-kleid-mit-v-ausschnitt-plissee-details-%e2%9c%a8\/#breadcrumb","itemListElement":[{"@type":"ListItem","position":1,"name":"Startseite","item":"https:\/\/www.lookforward.at\/"},{"@type":"ListItem","position":2,"name":"Shop","item":"https:\/\/www.lookforward.at\/shop\/"},{"@type":"ListItem","position":3,"name":"017 \u2728 Leo-Kleid mit V-Ausschnitt &#038; Plissee-Details \u2728"}]},{"@type":"WebSite","@id":"https:\/\/www.lookforward.at\/#website","url":"https:\/\/www.lookforward.at\/","name":"lookforward Shop","description":"Der neue Shop f\u00fcr Fashion, Lifestyle, Family, Food and Beauty.","publisher":{"@id":"https:\/\/www.lookforward.at\/#organization"},"potentialAction":[{"@type":"SearchAction","target":{"@type":"EntryPoint","urlTemplate":"https:\/\/www.lookforward.at\/?s={search_term_string}"},"query-input":{"@type":"PropertyValueSpecification","valueRequired":true,"valueName":"search_term_string"}}],"inLanguage":"en-US"},{"@type":"Organization","@id":"https:\/\/www.lookforward.at\/#organization","name":"KB lookforward","url":"https:\/\/www.lookforward.at\/","logo":{"@type":"ImageObject","inLanguage":"en-US","@id":"https:\/\/www.lookforward.at\/#\/schema\/logo\/image\/","url":"https:\/\/www.lookforward.at\/wp-content\/uploads\/2023\/10\/Icon-KB.svg","contentUrl":"https:\/\/www.lookforward.at\/wp-content\/uploads\/2023\/10\/Icon-KB.svg","caption":"KB lookforward"},"image":{"@id":"https:\/\/www.lookforward.at\/#\/schema\/logo\/image\/"}}]}},"_links":{"self":[{"href":"https:\/\/www.lookforward.at\/en\/wp-json\/wp\/v2\/product\/150135","targetHints":{"allow":["GET"]}}],"collection":[{"href":"https:\/\/www.lookforward.at\/en\/wp-json\/wp\/v2\/product"}],"about":[{"href":"https:\/\/www.lookforward.at\/en\/wp-json\/wp\/v2\/types\/product"}],"wp:featuredmedia":[{"embeddable":true,"href":"https:\/\/www.lookforward.at\/en\/wp-json\/wp\/v2\/media\/150114"}],"wp:attachment":[{"href":"https:\/\/www.lookforward.at\/en\/wp-json\/wp\/v2\/media?parent=150135"}],"wp:term":[{"taxonomy":"product_brand","embeddable":true,"href":"https:\/\/www.lookforward.at\/en\/wp-json\/wp\/v2\/product_brand?post=150135"},{"taxonomy":"product_cat","embeddable":true,"href":"https:\/\/www.lookforward.at\/en\/wp-json\/wp\/v2\/product_cat?post=150135"},{"taxonomy":"product_tag","embeddable":true,"href":"https:\/\/www.lookforward.at\/en\/wp-json\/wp\/v2\/product_tag?post=150135"}],"curies":[{"name":"wp","href":"https:\/\/api.w.org\/{rel}","templated":true}]}}