{"id":150145,"date":"2025-08-22T20:11:33","date_gmt":"2025-08-22T18:11:33","guid":{"rendered":"https:\/\/www.lookforward.at\/?post_type=product&#038;p=150145"},"modified":"2025-11-26T19:33:02","modified_gmt":"2025-11-26T18:33:02","slug":"021-%e2%9c%a8-kurze-jacke-mit-druckknoepfen-%e2%9c%a8","status":"publish","type":"product","link":"https:\/\/www.lookforward.at\/en\/produkt\/021-%e2%9c%a8-kurze-jacke-mit-druckknoepfen-%e2%9c%a8\/","title":{"rendered":"021 \u2728 Kurze Jacke mit Druckkn\u00f6pfen \u2728"},"content":{"rendered":"","protected":false},"excerpt":{"rendered":"<div>\u2728<b> Kurze Jacke mit Druckkn\u00f6pfen <\/b>\u2728<\/div>\n<div><\/div>\n<div>Stylisch, modern &#038; absolut easy zu kombinieren \ud83d\udc95 \u2013 diese kurze Jacke ist dein perfekter Begleiter f\u00fcr den \u00dcbergang. Mit ihrem lockeren Schnitt, den praktischen Druckkn\u00f6pfen und dem Kordelzug im Saum kannst du sie ganz nach deinem Stil tragen \u2013 ob sportlich, elegant oder casual.<\/div>\n<div><\/div>\n<div>\ud83c\udf38 <b>Details, die begeistern:<\/b><\/div>\n<div>\u2022 \ud83c\udf80 Kurzer Schnitt \u2013 modern &#038; perfekt f\u00fcr High-Waist-Hosen &#038; R\u00f6cke<\/div>\n<div>\u2022 \u2728 Praktische Druckkn\u00f6pfe \u2013 easy &#038; stylisch<\/div>\n<div>\u2022 \ud83d\udc57 Zwei Brusttaschen \u2013 l\u00e4ssiger Utility-Look<\/div>\n<div>\u2022 \ud83c\udf3f Elastischer Kordelzug im Saum \u2013 f\u00fcr eine feminine Taille oder l\u00e4ssige Weite<\/div>\n<div>\u2022 \ud83d\udc95 Vielseitig kombinierbar \u2013 von Jeans bis Kleid<\/div>\n<div><\/div>\n<div>\ud83c\udf08 <b>Farben:<\/b><\/div>\n<div>\u2022 \ud83c\udf11 Schwarz \u2013 zeitlos &#038; chic<\/div>\n<div>\u2022 \ud83c\udf77 Bordeaux \u2013 feminin &#038; elegant<\/div>\n<div>\u2022 \ud83c\udf3f Khaki \u2013 modern &#038; urban<\/div>\n<div><\/div>\n<div>\ud83d\udc95 <b>Passform:<\/b> One Size \u2013 passt ideal von Gr. 36 bis 42<\/div>\n<div><\/div>\n<div>Eine Jacke, die deinen Look sofort aufwertet \u2013 unkompliziert, stylisch &#038; mit italienischem Flair \u2728\ud83c\udf38<\/div>\n<div><\/div>\n","protected":false},"featured_media":150097,"template":"","meta":{"inline_featured_image":false},"product_brand":[],"product_cat":[435,479,484],"product_tag":[],"class_list":{"0":"post-150145","1":"product","2":"type-product","3":"status-publish","4":"has-post-thumbnail","6":"product_cat-blazer","7":"product_cat-pre-fall-kollektion","8":"product_cat-jacken","10":"first","11":"onbackorder","12":"taxable","13":"shipping-taxable","14":"purchasable","15":"product-type-variable"},"bundled_by":[],"bundle_stock_status":"onbackorder","bundle_stock_quantity":null,"bundle_virtual":false,"bundle_layout":"","bundle_add_to_cart_form_location":"","bundle_editable_in_cart":false,"bundle_sold_individually_context":"","bundle_item_grouping":"","bundle_min_size":"","bundle_max_size":"","bundle_price":[],"bundled_items":[],"bundle_sell_ids":[],"yoast_head":"<!-- This site is optimized with the Yoast SEO plugin v26.5 - https:\/\/yoast.com\/wordpress\/plugins\/seo\/ -->\n<title>021 \u2728 Kurze Jacke mit Druckkn\u00f6pfen \u2728<\/title>\n<meta name=\"robots\" content=\"index, follow, max-snippet:-1, max-image-preview:large, max-video-preview:-1\" \/>\n<link rel=\"canonical\" href=\"https:\/\/www.lookforward.at\/en\/produkt\/021-\u2728-kurze-jacke-mit-druckknoepfen-\u2728\/\" \/>\n<meta property=\"og:locale\" content=\"en_US\" \/>\n<meta property=\"og:locale:alternate\" content=\"de_DE\" \/>\n<meta property=\"og:type\" content=\"article\" \/>\n<meta property=\"og:title\" content=\"021 \u2728 Kurze Jacke mit Druckkn\u00f6pfen \u2728\" \/>\n<meta property=\"og:description\" content=\"\u2728 Kurze Jacke mit Druckkn\u00f6pfen \u2728  Stylisch, modern &amp; absolut easy zu kombinieren \ud83d\udc95 \u2013 diese kurze Jacke ist dein perfekter Begleiter f\u00fcr den \u00dcbergang. Mit ihrem lockeren Schnitt, den praktischen Druckkn\u00f6pfen und dem Kordelzug im Saum kannst du sie ganz nach deinem Stil tragen \u2013 ob sportlich, elegant oder casual.  \ud83c\udf38 Details, die begeistern: \u2022 \ud83c\udf80 Kurzer Schnitt \u2013 modern &amp; perfekt f\u00fcr High-Waist-Hosen &amp; R\u00f6cke \u2022 \u2728 Praktische Druckkn\u00f6pfe \u2013 easy &amp; stylisch \u2022 \ud83d\udc57 Zwei Brusttaschen \u2013 l\u00e4ssiger Utility-Look \u2022 \ud83c\udf3f Elastischer Kordelzug im Saum \u2013 f\u00fcr eine feminine Taille oder l\u00e4ssige Weite \u2022 \ud83d\udc95 Vielseitig kombinierbar \u2013 von Jeans bis Kleid  \ud83c\udf08 Farben: \u2022 \ud83c\udf11 Schwarz \u2013 zeitlos &amp; chic \u2022 \ud83c\udf77 Bordeaux \u2013 feminin &amp; elegant \u2022 \ud83c\udf3f Khaki \u2013 modern &amp; urban  \ud83d\udc95 Passform: One Size \u2013 passt ideal von Gr. 36 bis 42  Eine Jacke, die deinen Look sofort aufwertet \u2013 unkompliziert, stylisch &amp; mit italienischem Flair \u2728\ud83c\udf38\" \/>\n<meta property=\"og:url\" content=\"https:\/\/www.lookforward.at\/en\/produkt\/021-\u2728-kurze-jacke-mit-druckknoepfen-\u2728\/\" \/>\n<meta property=\"og:site_name\" content=\"lookforward Shop\" \/>\n<meta property=\"article:modified_time\" content=\"2025-11-26T18:33:02+00:00\" \/>\n<meta property=\"og:image\" content=\"https:\/\/www.lookforward.at\/wp-content\/uploads\/2025\/08\/image00024-1-scaled.jpeg\" \/>\n\t<meta property=\"og:image:width\" content=\"1920\" \/>\n\t<meta property=\"og:image:height\" content=\"2560\" \/>\n\t<meta property=\"og:image:type\" content=\"image\/jpeg\" \/>\n<meta name=\"twitter:card\" content=\"summary_large_image\" \/>\n<meta name=\"twitter:label1\" content=\"Est. reading time\" \/>\n\t<meta name=\"twitter:data1\" content=\"1 minute\" \/>\n<script type=\"application\/ld+json\" class=\"yoast-schema-graph\">{\"@context\":\"https:\/\/schema.org\",\"@graph\":[{\"@type\":\"WebPage\",\"@id\":\"https:\/\/www.lookforward.at\/produkt\/021-%e2%9c%a8-kurze-jacke-mit-druckknoepfen-%e2%9c%a8\/\",\"url\":\"https:\/\/www.lookforward.at\/produkt\/021-%e2%9c%a8-kurze-jacke-mit-druckknoepfen-%e2%9c%a8\/\",\"name\":\"021 \u2728 Kurze Jacke mit Druckkn\u00f6pfen \u2728\",\"isPartOf\":{\"@id\":\"https:\/\/www.lookforward.at\/#website\"},\"primaryImageOfPage\":{\"@id\":\"https:\/\/www.lookforward.at\/produkt\/021-%e2%9c%a8-kurze-jacke-mit-druckknoepfen-%e2%9c%a8\/#primaryimage\"},\"image\":{\"@id\":\"https:\/\/www.lookforward.at\/produkt\/021-%e2%9c%a8-kurze-jacke-mit-druckknoepfen-%e2%9c%a8\/#primaryimage\"},\"thumbnailUrl\":\"https:\/\/www.lookforward.at\/wp-content\/uploads\/2025\/08\/image00024-1-scaled.jpeg\",\"datePublished\":\"2025-08-22T18:11:33+00:00\",\"dateModified\":\"2025-11-26T18:33:02+00:00\",\"breadcrumb\":{\"@id\":\"https:\/\/www.lookforward.at\/produkt\/021-%e2%9c%a8-kurze-jacke-mit-druckknoepfen-%e2%9c%a8\/#breadcrumb\"},\"inLanguage\":\"en-US\",\"potentialAction\":[{\"@type\":\"ReadAction\",\"target\":[\"https:\/\/www.lookforward.at\/produkt\/021-%e2%9c%a8-kurze-jacke-mit-druckknoepfen-%e2%9c%a8\/\"]}]},{\"@type\":\"ImageObject\",\"inLanguage\":\"en-US\",\"@id\":\"https:\/\/www.lookforward.at\/produkt\/021-%e2%9c%a8-kurze-jacke-mit-druckknoepfen-%e2%9c%a8\/#primaryimage\",\"url\":\"https:\/\/www.lookforward.at\/wp-content\/uploads\/2025\/08\/image00024-1-scaled.jpeg\",\"contentUrl\":\"https:\/\/www.lookforward.at\/wp-content\/uploads\/2025\/08\/image00024-1-scaled.jpeg\",\"width\":1920,\"height\":2560,\"caption\":\"Processed with VSCO with al3 preset\"},{\"@type\":\"BreadcrumbList\",\"@id\":\"https:\/\/www.lookforward.at\/produkt\/021-%e2%9c%a8-kurze-jacke-mit-druckknoepfen-%e2%9c%a8\/#breadcrumb\",\"itemListElement\":[{\"@type\":\"ListItem\",\"position\":1,\"name\":\"Startseite\",\"item\":\"https:\/\/www.lookforward.at\/\"},{\"@type\":\"ListItem\",\"position\":2,\"name\":\"Shop\",\"item\":\"https:\/\/www.lookforward.at\/shop\/\"},{\"@type\":\"ListItem\",\"position\":3,\"name\":\"021 \u2728 Kurze Jacke mit Druckkn\u00f6pfen \u2728\"}]},{\"@type\":\"WebSite\",\"@id\":\"https:\/\/www.lookforward.at\/#website\",\"url\":\"https:\/\/www.lookforward.at\/\",\"name\":\"lookforward Shop\",\"description\":\"Der neue Shop f\u00fcr Fashion, Lifestyle, Family, Food and Beauty.\",\"publisher\":{\"@id\":\"https:\/\/www.lookforward.at\/#organization\"},\"potentialAction\":[{\"@type\":\"SearchAction\",\"target\":{\"@type\":\"EntryPoint\",\"urlTemplate\":\"https:\/\/www.lookforward.at\/?s={search_term_string}\"},\"query-input\":{\"@type\":\"PropertyValueSpecification\",\"valueRequired\":true,\"valueName\":\"search_term_string\"}}],\"inLanguage\":\"en-US\"},{\"@type\":\"Organization\",\"@id\":\"https:\/\/www.lookforward.at\/#organization\",\"name\":\"KB lookforward\",\"url\":\"https:\/\/www.lookforward.at\/\",\"logo\":{\"@type\":\"ImageObject\",\"inLanguage\":\"en-US\",\"@id\":\"https:\/\/www.lookforward.at\/#\/schema\/logo\/image\/\",\"url\":\"https:\/\/www.lookforward.at\/wp-content\/uploads\/2023\/10\/Icon-KB.svg\",\"contentUrl\":\"https:\/\/www.lookforward.at\/wp-content\/uploads\/2023\/10\/Icon-KB.svg\",\"caption\":\"KB lookforward\"},\"image\":{\"@id\":\"https:\/\/www.lookforward.at\/#\/schema\/logo\/image\/\"}}]}<\/script>\n<!-- \/ Yoast SEO plugin. -->","yoast_head_json":{"title":"021 \u2728 Kurze Jacke mit Druckkn\u00f6pfen \u2728","robots":{"index":"index","follow":"follow","max-snippet":"max-snippet:-1","max-image-preview":"max-image-preview:large","max-video-preview":"max-video-preview:-1"},"canonical":"https:\/\/www.lookforward.at\/en\/produkt\/021-\u2728-kurze-jacke-mit-druckknoepfen-\u2728\/","og_locale":"en_US","og_type":"article","og_title":"[:de]021 \u2728 Kurze Jacke mit Druckkn\u00f6pfen \u2728[:] - lookforward Shop","og_description":"\u2728 Kurze Jacke mit Druckkn\u00f6pfen \u2728  Stylisch, modern & absolut easy zu kombinieren \ud83d\udc95 \u2013 diese kurze Jacke ist dein perfekter Begleiter f\u00fcr den \u00dcbergang. Mit ihrem lockeren Schnitt, den praktischen Druckkn\u00f6pfen und dem Kordelzug im Saum kannst du sie ganz nach deinem Stil tragen \u2013 ob sportlich, elegant oder casual.  \ud83c\udf38 Details, die begeistern: \u2022 \ud83c\udf80 Kurzer Schnitt \u2013 modern & perfekt f\u00fcr High-Waist-Hosen & R\u00f6cke \u2022 \u2728 Praktische Druckkn\u00f6pfe \u2013 easy & stylisch \u2022 \ud83d\udc57 Zwei Brusttaschen \u2013 l\u00e4ssiger Utility-Look \u2022 \ud83c\udf3f Elastischer Kordelzug im Saum \u2013 f\u00fcr eine feminine Taille oder l\u00e4ssige Weite \u2022 \ud83d\udc95 Vielseitig kombinierbar \u2013 von Jeans bis Kleid  \ud83c\udf08 Farben: \u2022 \ud83c\udf11 Schwarz \u2013 zeitlos & chic \u2022 \ud83c\udf77 Bordeaux \u2013 feminin & elegant \u2022 \ud83c\udf3f Khaki \u2013 modern & urban  \ud83d\udc95 Passform: One Size \u2013 passt ideal von Gr. 36 bis 42  Eine Jacke, die deinen Look sofort aufwertet \u2013 unkompliziert, stylisch & mit italienischem Flair \u2728\ud83c\udf38","og_url":"https:\/\/www.lookforward.at\/en\/produkt\/021-\u2728-kurze-jacke-mit-druckknoepfen-\u2728\/","og_site_name":"lookforward Shop","article_modified_time":"2025-11-26T18:33:02+00:00","og_image":[{"width":1920,"height":2560,"url":"https:\/\/www.lookforward.at\/wp-content\/uploads\/2025\/08\/image00024-1-scaled.jpeg","type":"image\/jpeg"}],"twitter_card":"summary_large_image","twitter_misc":{"Est. reading time":"1 minute"},"schema":{"@context":"https:\/\/schema.org","@graph":[{"@type":"WebPage","@id":"https:\/\/www.lookforward.at\/produkt\/021-%e2%9c%a8-kurze-jacke-mit-druckknoepfen-%e2%9c%a8\/","url":"https:\/\/www.lookforward.at\/produkt\/021-%e2%9c%a8-kurze-jacke-mit-druckknoepfen-%e2%9c%a8\/","name":"021 \u2728 Kurze Jacke mit Druckkn\u00f6pfen \u2728","isPartOf":{"@id":"https:\/\/www.lookforward.at\/#website"},"primaryImageOfPage":{"@id":"https:\/\/www.lookforward.at\/produkt\/021-%e2%9c%a8-kurze-jacke-mit-druckknoepfen-%e2%9c%a8\/#primaryimage"},"image":{"@id":"https:\/\/www.lookforward.at\/produkt\/021-%e2%9c%a8-kurze-jacke-mit-druckknoepfen-%e2%9c%a8\/#primaryimage"},"thumbnailUrl":"https:\/\/www.lookforward.at\/wp-content\/uploads\/2025\/08\/image00024-1-scaled.jpeg","datePublished":"2025-08-22T18:11:33+00:00","dateModified":"2025-11-26T18:33:02+00:00","breadcrumb":{"@id":"https:\/\/www.lookforward.at\/produkt\/021-%e2%9c%a8-kurze-jacke-mit-druckknoepfen-%e2%9c%a8\/#breadcrumb"},"inLanguage":"en-US","potentialAction":[{"@type":"ReadAction","target":["https:\/\/www.lookforward.at\/produkt\/021-%e2%9c%a8-kurze-jacke-mit-druckknoepfen-%e2%9c%a8\/"]}]},{"@type":"ImageObject","inLanguage":"en-US","@id":"https:\/\/www.lookforward.at\/produkt\/021-%e2%9c%a8-kurze-jacke-mit-druckknoepfen-%e2%9c%a8\/#primaryimage","url":"https:\/\/www.lookforward.at\/wp-content\/uploads\/2025\/08\/image00024-1-scaled.jpeg","contentUrl":"https:\/\/www.lookforward.at\/wp-content\/uploads\/2025\/08\/image00024-1-scaled.jpeg","width":1920,"height":2560,"caption":"Processed with VSCO with al3 preset"},{"@type":"BreadcrumbList","@id":"https:\/\/www.lookforward.at\/produkt\/021-%e2%9c%a8-kurze-jacke-mit-druckknoepfen-%e2%9c%a8\/#breadcrumb","itemListElement":[{"@type":"ListItem","position":1,"name":"Startseite","item":"https:\/\/www.lookforward.at\/"},{"@type":"ListItem","position":2,"name":"Shop","item":"https:\/\/www.lookforward.at\/shop\/"},{"@type":"ListItem","position":3,"name":"021 \u2728 Kurze Jacke mit Druckkn\u00f6pfen \u2728"}]},{"@type":"WebSite","@id":"https:\/\/www.lookforward.at\/#website","url":"https:\/\/www.lookforward.at\/","name":"lookforward Shop","description":"Der neue Shop f\u00fcr Fashion, Lifestyle, Family, Food and Beauty.","publisher":{"@id":"https:\/\/www.lookforward.at\/#organization"},"potentialAction":[{"@type":"SearchAction","target":{"@type":"EntryPoint","urlTemplate":"https:\/\/www.lookforward.at\/?s={search_term_string}"},"query-input":{"@type":"PropertyValueSpecification","valueRequired":true,"valueName":"search_term_string"}}],"inLanguage":"en-US"},{"@type":"Organization","@id":"https:\/\/www.lookforward.at\/#organization","name":"KB lookforward","url":"https:\/\/www.lookforward.at\/","logo":{"@type":"ImageObject","inLanguage":"en-US","@id":"https:\/\/www.lookforward.at\/#\/schema\/logo\/image\/","url":"https:\/\/www.lookforward.at\/wp-content\/uploads\/2023\/10\/Icon-KB.svg","contentUrl":"https:\/\/www.lookforward.at\/wp-content\/uploads\/2023\/10\/Icon-KB.svg","caption":"KB lookforward"},"image":{"@id":"https:\/\/www.lookforward.at\/#\/schema\/logo\/image\/"}}]}},"_links":{"self":[{"href":"https:\/\/www.lookforward.at\/en\/wp-json\/wp\/v2\/product\/150145","targetHints":{"allow":["GET"]}}],"collection":[{"href":"https:\/\/www.lookforward.at\/en\/wp-json\/wp\/v2\/product"}],"about":[{"href":"https:\/\/www.lookforward.at\/en\/wp-json\/wp\/v2\/types\/product"}],"wp:featuredmedia":[{"embeddable":true,"href":"https:\/\/www.lookforward.at\/en\/wp-json\/wp\/v2\/media\/150097"}],"wp:attachment":[{"href":"https:\/\/www.lookforward.at\/en\/wp-json\/wp\/v2\/media?parent=150145"}],"wp:term":[{"taxonomy":"product_brand","embeddable":true,"href":"https:\/\/www.lookforward.at\/en\/wp-json\/wp\/v2\/product_brand?post=150145"},{"taxonomy":"product_cat","embeddable":true,"href":"https:\/\/www.lookforward.at\/en\/wp-json\/wp\/v2\/product_cat?post=150145"},{"taxonomy":"product_tag","embeddable":true,"href":"https:\/\/www.lookforward.at\/en\/wp-json\/wp\/v2\/product_tag?post=150145"}],"curies":[{"name":"wp","href":"https:\/\/api.w.org\/{rel}","templated":true}]}}