{"id":150331,"date":"2025-08-30T07:41:38","date_gmt":"2025-08-30T05:41:38","guid":{"rendered":"https:\/\/www.lookforward.at\/?post_type=product&#038;p=150331"},"modified":"2026-04-24T12:54:40","modified_gmt":"2026-04-24T10:54:40","slug":"026-%e2%9c%a8-eleganter-blazerjacke-dein-must-have-fuer-jeden-look-%e2%9c%a8","status":"publish","type":"product","link":"https:\/\/www.lookforward.at\/en\/produkt\/026-%e2%9c%a8-eleganter-blazerjacke-dein-must-have-fuer-jeden-look-%e2%9c%a8\/","title":{"rendered":"026 \u2728 Eleganter Blazerjacke \u2013 dein Must-Have f\u00fcr jeden Look \u2728"},"content":{"rendered":"","protected":false},"excerpt":{"rendered":"<div>\u2728 <b>Eleganter Blazer \u2013 dein Must-Have f\u00fcr jeden Look<\/b> \u2728<\/div>\n<div><\/div>\n<div>Eine Blazerjacke, die einfach immer passt \u2013 egal ob im B\u00fcro, zu Jeans oder \u00fcber ein Kleid. Locker geschnitten, leicht oversized und mit doppelreihigen Kn\u00f6pfen ein echter Hingucker.<\/div>\n<div><\/div>\n<div>\ud83c\udf3f Details zum Blazer:<\/div>\n<div>\u2022 \ud83d\udc57 L\u00e4ssig-eleganter Schnitt \u2013 perfekt f\u00fcr Business &#038; Casual<\/div>\n<div>\u2022 \u2728 Doppelreihige Kn\u00f6pfe \u2013 verleiht eine edle Note<\/div>\n<div>\u2022 \ud83c\udf38 Leicht oversized \u2013 super modern &#038; bequem<\/div>\n<div>\u2022 \ud83d\udda4 Erh\u00e4ltlich in <b>Schwarz &#038; Beige<\/b> \u2013 zwei zeitlose Klassiker<\/div>\n<div>\u2022 \ud83c\udf3f Material: 95 % Polyester, 5 % Elasthan<\/div>\n<div>\u2022 \ud83d\udccf One Size \u2013 passt ca. 36\u201342<\/div>\n<div><\/div>\n<div><\/div>\n","protected":false},"featured_media":150250,"template":"","meta":{"inline_featured_image":false},"product_brand":[],"product_cat":[435,479,484],"product_tag":[],"class_list":{"0":"post-150331","1":"product","2":"type-product","3":"status-publish","4":"has-post-thumbnail","6":"product_cat-blazer","7":"product_cat-pre-fall-kollektion","8":"product_cat-jacken","10":"first","11":"onbackorder","12":"taxable","13":"shipping-taxable","14":"purchasable","15":"product-type-variable"},"bundled_by":[],"bundle_stock_status":"onbackorder","bundle_stock_quantity":null,"bundle_virtual":false,"bundle_layout":"","bundle_add_to_cart_form_location":"","bundle_editable_in_cart":false,"bundle_sold_individually_context":"","bundle_item_grouping":"","bundle_min_size":"","bundle_max_size":"","bundle_price":[],"bundled_items":[],"bundle_sell_ids":[],"yoast_head":"<!-- This site is optimized with the Yoast SEO plugin v26.5 - https:\/\/yoast.com\/wordpress\/plugins\/seo\/ -->\n<title>026 \u2728 Eleganter Blazerjacke \u2013 dein Must-Have f\u00fcr jeden Look \u2728<\/title>\n<meta name=\"robots\" content=\"index, follow, max-snippet:-1, max-image-preview:large, max-video-preview:-1\" \/>\n<link rel=\"canonical\" href=\"https:\/\/www.lookforward.at\/en\/produkt\/026-\u2728-eleganter-blazerjacke-dein-must-have-fuer-jeden-look-\u2728\/\" \/>\n<meta property=\"og:locale\" content=\"en_US\" \/>\n<meta property=\"og:locale:alternate\" content=\"de_DE\" \/>\n<meta property=\"og:type\" content=\"article\" \/>\n<meta property=\"og:title\" content=\"026 \u2728 Eleganter Blazerjacke \u2013 dein Must-Have f\u00fcr jeden Look \u2728\" \/>\n<meta property=\"og:description\" content=\"\u2728 Eleganter Blazer \u2013 dein Must-Have f\u00fcr jeden Look \u2728  Eine Blazerjacke, die einfach immer passt \u2013 egal ob im B\u00fcro, zu Jeans oder \u00fcber ein Kleid. Locker geschnitten, leicht oversized und mit doppelreihigen Kn\u00f6pfen ein echter Hingucker.  \ud83c\udf3f Details zum Blazer: \u2022 \ud83d\udc57 L\u00e4ssig-eleganter Schnitt \u2013 perfekt f\u00fcr Business &amp; Casual \u2022 \u2728 Doppelreihige Kn\u00f6pfe \u2013 verleiht eine edle Note \u2022 \ud83c\udf38 Leicht oversized \u2013 super modern &amp; bequem \u2022 \ud83d\udda4 Erh\u00e4ltlich in Schwarz &amp; Beige \u2013 zwei zeitlose Klassiker \u2022 \ud83c\udf3f Material: 95 % Polyester, 5 % Elasthan \u2022 \ud83d\udccf One Size \u2013 passt ca. 36\u201342\" \/>\n<meta property=\"og:url\" content=\"https:\/\/www.lookforward.at\/en\/produkt\/026-\u2728-eleganter-blazerjacke-dein-must-have-fuer-jeden-look-\u2728\/\" \/>\n<meta property=\"og:site_name\" content=\"lookforward Shop\" \/>\n<meta property=\"article:modified_time\" content=\"2026-04-24T10:54:40+00:00\" \/>\n<meta property=\"og:image\" content=\"https:\/\/www.lookforward.at\/wp-content\/uploads\/2025\/08\/image00085-scaled.jpeg\" \/>\n\t<meta property=\"og:image:width\" content=\"1920\" \/>\n\t<meta property=\"og:image:height\" content=\"2560\" \/>\n\t<meta property=\"og:image:type\" content=\"image\/jpeg\" \/>\n<meta name=\"twitter:card\" content=\"summary_large_image\" \/>\n<meta name=\"twitter:label1\" content=\"Est. reading time\" \/>\n\t<meta name=\"twitter:data1\" content=\"1 minute\" \/>\n<script type=\"application\/ld+json\" class=\"yoast-schema-graph\">{\"@context\":\"https:\/\/schema.org\",\"@graph\":[{\"@type\":\"WebPage\",\"@id\":\"https:\/\/www.lookforward.at\/produkt\/026-%e2%9c%a8-eleganter-blazerjacke-dein-must-have-fuer-jeden-look-%e2%9c%a8\/\",\"url\":\"https:\/\/www.lookforward.at\/produkt\/026-%e2%9c%a8-eleganter-blazerjacke-dein-must-have-fuer-jeden-look-%e2%9c%a8\/\",\"name\":\"026 \u2728 Eleganter Blazerjacke \u2013 dein Must-Have f\u00fcr jeden Look \u2728\",\"isPartOf\":{\"@id\":\"https:\/\/www.lookforward.at\/#website\"},\"primaryImageOfPage\":{\"@id\":\"https:\/\/www.lookforward.at\/produkt\/026-%e2%9c%a8-eleganter-blazerjacke-dein-must-have-fuer-jeden-look-%e2%9c%a8\/#primaryimage\"},\"image\":{\"@id\":\"https:\/\/www.lookforward.at\/produkt\/026-%e2%9c%a8-eleganter-blazerjacke-dein-must-have-fuer-jeden-look-%e2%9c%a8\/#primaryimage\"},\"thumbnailUrl\":\"https:\/\/www.lookforward.at\/wp-content\/uploads\/2025\/08\/image00085-scaled.jpeg\",\"datePublished\":\"2025-08-30T05:41:38+00:00\",\"dateModified\":\"2026-04-24T10:54:40+00:00\",\"breadcrumb\":{\"@id\":\"https:\/\/www.lookforward.at\/produkt\/026-%e2%9c%a8-eleganter-blazerjacke-dein-must-have-fuer-jeden-look-%e2%9c%a8\/#breadcrumb\"},\"inLanguage\":\"en-US\",\"potentialAction\":[{\"@type\":\"ReadAction\",\"target\":[\"https:\/\/www.lookforward.at\/produkt\/026-%e2%9c%a8-eleganter-blazerjacke-dein-must-have-fuer-jeden-look-%e2%9c%a8\/\"]}]},{\"@type\":\"ImageObject\",\"inLanguage\":\"en-US\",\"@id\":\"https:\/\/www.lookforward.at\/produkt\/026-%e2%9c%a8-eleganter-blazerjacke-dein-must-have-fuer-jeden-look-%e2%9c%a8\/#primaryimage\",\"url\":\"https:\/\/www.lookforward.at\/wp-content\/uploads\/2025\/08\/image00085-scaled.jpeg\",\"contentUrl\":\"https:\/\/www.lookforward.at\/wp-content\/uploads\/2025\/08\/image00085-scaled.jpeg\",\"width\":1920,\"height\":2560},{\"@type\":\"BreadcrumbList\",\"@id\":\"https:\/\/www.lookforward.at\/produkt\/026-%e2%9c%a8-eleganter-blazerjacke-dein-must-have-fuer-jeden-look-%e2%9c%a8\/#breadcrumb\",\"itemListElement\":[{\"@type\":\"ListItem\",\"position\":1,\"name\":\"Startseite\",\"item\":\"https:\/\/www.lookforward.at\/\"},{\"@type\":\"ListItem\",\"position\":2,\"name\":\"Shop\",\"item\":\"https:\/\/www.lookforward.at\/shop\/\"},{\"@type\":\"ListItem\",\"position\":3,\"name\":\"026 \u2728 Eleganter Blazerjacke \u2013 dein Must-Have f\u00fcr jeden Look \u2728\"}]},{\"@type\":\"WebSite\",\"@id\":\"https:\/\/www.lookforward.at\/#website\",\"url\":\"https:\/\/www.lookforward.at\/\",\"name\":\"lookforward Shop\",\"description\":\"Der neue Shop f\u00fcr Fashion, Lifestyle, Family, Food and Beauty.\",\"publisher\":{\"@id\":\"https:\/\/www.lookforward.at\/#organization\"},\"potentialAction\":[{\"@type\":\"SearchAction\",\"target\":{\"@type\":\"EntryPoint\",\"urlTemplate\":\"https:\/\/www.lookforward.at\/?s={search_term_string}\"},\"query-input\":{\"@type\":\"PropertyValueSpecification\",\"valueRequired\":true,\"valueName\":\"search_term_string\"}}],\"inLanguage\":\"en-US\"},{\"@type\":\"Organization\",\"@id\":\"https:\/\/www.lookforward.at\/#organization\",\"name\":\"KB lookforward\",\"url\":\"https:\/\/www.lookforward.at\/\",\"logo\":{\"@type\":\"ImageObject\",\"inLanguage\":\"en-US\",\"@id\":\"https:\/\/www.lookforward.at\/#\/schema\/logo\/image\/\",\"url\":\"https:\/\/www.lookforward.at\/wp-content\/uploads\/2023\/10\/Icon-KB.svg\",\"contentUrl\":\"https:\/\/www.lookforward.at\/wp-content\/uploads\/2023\/10\/Icon-KB.svg\",\"caption\":\"KB lookforward\"},\"image\":{\"@id\":\"https:\/\/www.lookforward.at\/#\/schema\/logo\/image\/\"}}]}<\/script>\n<!-- \/ Yoast SEO plugin. -->","yoast_head_json":{"title":"026 \u2728 Eleganter Blazerjacke \u2013 dein Must-Have f\u00fcr jeden Look \u2728","robots":{"index":"index","follow":"follow","max-snippet":"max-snippet:-1","max-image-preview":"max-image-preview:large","max-video-preview":"max-video-preview:-1"},"canonical":"https:\/\/www.lookforward.at\/en\/produkt\/026-\u2728-eleganter-blazerjacke-dein-must-have-fuer-jeden-look-\u2728\/","og_locale":"en_US","og_type":"article","og_title":"[:de]026 \u2728 Eleganter Blazerjacke \u2013 dein Must-Have f\u00fcr jeden Look \u2728[:] - lookforward Shop","og_description":"\u2728 Eleganter Blazer \u2013 dein Must-Have f\u00fcr jeden Look \u2728  Eine Blazerjacke, die einfach immer passt \u2013 egal ob im B\u00fcro, zu Jeans oder \u00fcber ein Kleid. Locker geschnitten, leicht oversized und mit doppelreihigen Kn\u00f6pfen ein echter Hingucker.  \ud83c\udf3f Details zum Blazer: \u2022 \ud83d\udc57 L\u00e4ssig-eleganter Schnitt \u2013 perfekt f\u00fcr Business & Casual \u2022 \u2728 Doppelreihige Kn\u00f6pfe \u2013 verleiht eine edle Note \u2022 \ud83c\udf38 Leicht oversized \u2013 super modern & bequem \u2022 \ud83d\udda4 Erh\u00e4ltlich in Schwarz & Beige \u2013 zwei zeitlose Klassiker \u2022 \ud83c\udf3f Material: 95 % Polyester, 5 % Elasthan \u2022 \ud83d\udccf One Size \u2013 passt ca. 36\u201342","og_url":"https:\/\/www.lookforward.at\/en\/produkt\/026-\u2728-eleganter-blazerjacke-dein-must-have-fuer-jeden-look-\u2728\/","og_site_name":"lookforward Shop","article_modified_time":"2026-04-24T10:54:40+00:00","og_image":[{"width":1920,"height":2560,"url":"https:\/\/www.lookforward.at\/wp-content\/uploads\/2025\/08\/image00085-scaled.jpeg","type":"image\/jpeg"}],"twitter_card":"summary_large_image","twitter_misc":{"Est. reading time":"1 minute"},"schema":{"@context":"https:\/\/schema.org","@graph":[{"@type":"WebPage","@id":"https:\/\/www.lookforward.at\/produkt\/026-%e2%9c%a8-eleganter-blazerjacke-dein-must-have-fuer-jeden-look-%e2%9c%a8\/","url":"https:\/\/www.lookforward.at\/produkt\/026-%e2%9c%a8-eleganter-blazerjacke-dein-must-have-fuer-jeden-look-%e2%9c%a8\/","name":"026 \u2728 Eleganter Blazerjacke \u2013 dein Must-Have f\u00fcr jeden Look \u2728","isPartOf":{"@id":"https:\/\/www.lookforward.at\/#website"},"primaryImageOfPage":{"@id":"https:\/\/www.lookforward.at\/produkt\/026-%e2%9c%a8-eleganter-blazerjacke-dein-must-have-fuer-jeden-look-%e2%9c%a8\/#primaryimage"},"image":{"@id":"https:\/\/www.lookforward.at\/produkt\/026-%e2%9c%a8-eleganter-blazerjacke-dein-must-have-fuer-jeden-look-%e2%9c%a8\/#primaryimage"},"thumbnailUrl":"https:\/\/www.lookforward.at\/wp-content\/uploads\/2025\/08\/image00085-scaled.jpeg","datePublished":"2025-08-30T05:41:38+00:00","dateModified":"2026-04-24T10:54:40+00:00","breadcrumb":{"@id":"https:\/\/www.lookforward.at\/produkt\/026-%e2%9c%a8-eleganter-blazerjacke-dein-must-have-fuer-jeden-look-%e2%9c%a8\/#breadcrumb"},"inLanguage":"en-US","potentialAction":[{"@type":"ReadAction","target":["https:\/\/www.lookforward.at\/produkt\/026-%e2%9c%a8-eleganter-blazerjacke-dein-must-have-fuer-jeden-look-%e2%9c%a8\/"]}]},{"@type":"ImageObject","inLanguage":"en-US","@id":"https:\/\/www.lookforward.at\/produkt\/026-%e2%9c%a8-eleganter-blazerjacke-dein-must-have-fuer-jeden-look-%e2%9c%a8\/#primaryimage","url":"https:\/\/www.lookforward.at\/wp-content\/uploads\/2025\/08\/image00085-scaled.jpeg","contentUrl":"https:\/\/www.lookforward.at\/wp-content\/uploads\/2025\/08\/image00085-scaled.jpeg","width":1920,"height":2560},{"@type":"BreadcrumbList","@id":"https:\/\/www.lookforward.at\/produkt\/026-%e2%9c%a8-eleganter-blazerjacke-dein-must-have-fuer-jeden-look-%e2%9c%a8\/#breadcrumb","itemListElement":[{"@type":"ListItem","position":1,"name":"Startseite","item":"https:\/\/www.lookforward.at\/"},{"@type":"ListItem","position":2,"name":"Shop","item":"https:\/\/www.lookforward.at\/shop\/"},{"@type":"ListItem","position":3,"name":"026 \u2728 Eleganter Blazerjacke \u2013 dein Must-Have f\u00fcr jeden Look \u2728"}]},{"@type":"WebSite","@id":"https:\/\/www.lookforward.at\/#website","url":"https:\/\/www.lookforward.at\/","name":"lookforward Shop","description":"Der neue Shop f\u00fcr Fashion, Lifestyle, Family, Food and Beauty.","publisher":{"@id":"https:\/\/www.lookforward.at\/#organization"},"potentialAction":[{"@type":"SearchAction","target":{"@type":"EntryPoint","urlTemplate":"https:\/\/www.lookforward.at\/?s={search_term_string}"},"query-input":{"@type":"PropertyValueSpecification","valueRequired":true,"valueName":"search_term_string"}}],"inLanguage":"en-US"},{"@type":"Organization","@id":"https:\/\/www.lookforward.at\/#organization","name":"KB lookforward","url":"https:\/\/www.lookforward.at\/","logo":{"@type":"ImageObject","inLanguage":"en-US","@id":"https:\/\/www.lookforward.at\/#\/schema\/logo\/image\/","url":"https:\/\/www.lookforward.at\/wp-content\/uploads\/2023\/10\/Icon-KB.svg","contentUrl":"https:\/\/www.lookforward.at\/wp-content\/uploads\/2023\/10\/Icon-KB.svg","caption":"KB lookforward"},"image":{"@id":"https:\/\/www.lookforward.at\/#\/schema\/logo\/image\/"}}]}},"_links":{"self":[{"href":"https:\/\/www.lookforward.at\/en\/wp-json\/wp\/v2\/product\/150331","targetHints":{"allow":["GET"]}}],"collection":[{"href":"https:\/\/www.lookforward.at\/en\/wp-json\/wp\/v2\/product"}],"about":[{"href":"https:\/\/www.lookforward.at\/en\/wp-json\/wp\/v2\/types\/product"}],"wp:featuredmedia":[{"embeddable":true,"href":"https:\/\/www.lookforward.at\/en\/wp-json\/wp\/v2\/media\/150250"}],"wp:attachment":[{"href":"https:\/\/www.lookforward.at\/en\/wp-json\/wp\/v2\/media?parent=150331"}],"wp:term":[{"taxonomy":"product_brand","embeddable":true,"href":"https:\/\/www.lookforward.at\/en\/wp-json\/wp\/v2\/product_brand?post=150331"},{"taxonomy":"product_cat","embeddable":true,"href":"https:\/\/www.lookforward.at\/en\/wp-json\/wp\/v2\/product_cat?post=150331"},{"taxonomy":"product_tag","embeddable":true,"href":"https:\/\/www.lookforward.at\/en\/wp-json\/wp\/v2\/product_tag?post=150331"}],"curies":[{"name":"wp","href":"https:\/\/api.w.org\/{rel}","templated":true}]}}