{"id":150834,"date":"2025-09-19T19:25:07","date_gmt":"2025-09-19T17:25:07","guid":{"rendered":"https:\/\/www.lookforward.at\/?post_type=product&#038;p=150834"},"modified":"2026-03-08T07:14:33","modified_gmt":"2026-03-08T06:14:33","slug":"042","status":"publish","type":"product","link":"https:\/\/www.lookforward.at\/en\/produkt\/042\/","title":{"rendered":"042 \u2728 Cozy &#038; Happy \u2013 deine Strickjacke mit Smiley \u2728"},"content":{"rendered":"","protected":false},"excerpt":{"rendered":"<div>\u2728<b> Cozy &#038; Happy \u2013 deine Strickjacke mit Smiley <\/b>\u2728<\/div>\n<div><\/div>\n<div>Ein Cardigan, der sofort gute Laune macht \ud83c\udf38 Mit dem gro\u00dfen Smiley auf dem R\u00fccken und der Botschaft <i>\u201eHave a good day\u201c<\/i>zaubert er dir (und allen um dich herum) ein L\u00e4cheln ins Gesicht. Perfekt f\u00fcr l\u00e4ssige Looks und kuschelige Momente.<\/div>\n<div><\/div>\n<div>Erh\u00e4ltlich in zwei Varianten:<\/div>\n<div>\u2013 \ud83d\udda4 Schwarz mit pinkem Smiley<\/div>\n<div>\u2013 \ud83e\udd0d Creme mit pinkem Smiley<\/div>\n<div><\/div>\n<div>\u2e3b<\/div>\n<div><\/div>\n<div>\ud83d\udc95<b> Details<\/b><\/div>\n<div><\/div>\n<div>\ud83c\udf3f Kuscheliger Strick \u2013 weich &#038; cosy<\/div>\n<div>\u2b50 Auff\u00e4lliges Smiley-Motiv \u2013 playful &#038; trendy<\/div>\n<div>\u2728 L\u00e4ssig geschnitten \u2013 f\u00fcr entspannte Outfits<\/div>\n<div>\ud83c\udf38 Vorderseite mit Knopfleiste (schwarze Version)<\/div>\n<div>\ud83e\udd42 Absoluter Gute-Laune-Piece f\u00fcr deinen Kleiderschrank<\/div>\n<div><\/div>\n<div>\u2e3b<\/div>\n<div><\/div>\n<div>\ud83d\udccf<b> Passform &#038; Material<\/b><\/div>\n<div><\/div>\n<div>\ud83d\udc57 One Size \u2013 passt ca. Gr. 36\u201344<\/div>\n<div>\ud83c\udf3f Material: Polyacryl (38%), Polyamid (32%), Wolle (18%), Mohair (12%)<\/div>\n<div>\ud83c\uddee\ud83c\uddf9 Made in Italy<\/div>\n<div>\ud83e\uddfc Pflegeleicht \u2013 waschbar bei 30 Grad<\/div>\n","protected":false},"featured_media":150763,"template":"","meta":{"inline_featured_image":false},"product_brand":[],"product_cat":[479,65],"product_tag":[],"class_list":{"0":"post-150834","1":"product","2":"type-product","3":"status-publish","4":"has-post-thumbnail","6":"product_cat-pre-fall-kollektion","7":"product_cat-cardigan","9":"first","10":"onbackorder","11":"taxable","12":"shipping-taxable","13":"purchasable","14":"product-type-variable"},"bundled_by":[],"bundle_stock_status":"onbackorder","bundle_stock_quantity":null,"bundle_virtual":false,"bundle_layout":"","bundle_add_to_cart_form_location":"","bundle_editable_in_cart":false,"bundle_sold_individually_context":"","bundle_item_grouping":"","bundle_min_size":"","bundle_max_size":"","bundle_price":[],"bundled_items":[],"bundle_sell_ids":[],"yoast_head":"<!-- This site is optimized with the Yoast SEO plugin v26.5 - https:\/\/yoast.com\/wordpress\/plugins\/seo\/ -->\n<title>042 \u2728 Cozy &amp; Happy \u2013 deine Strickjacke mit Smiley \u2728<\/title>\n<meta name=\"robots\" content=\"index, follow, max-snippet:-1, max-image-preview:large, max-video-preview:-1\" \/>\n<link rel=\"canonical\" href=\"https:\/\/www.lookforward.at\/en\/produkt\/042\/\" \/>\n<meta property=\"og:locale\" content=\"en_US\" \/>\n<meta property=\"og:locale:alternate\" content=\"de_DE\" \/>\n<meta property=\"og:type\" content=\"article\" \/>\n<meta property=\"og:title\" content=\"042 \u2728 Cozy &amp; Happy \u2013 deine Strickjacke mit Smiley \u2728\" \/>\n<meta property=\"og:description\" content=\"\u2728 Cozy &amp; Happy \u2013 deine Strickjacke mit Smiley \u2728  Ein Cardigan, der sofort gute Laune macht \ud83c\udf38 Mit dem gro\u00dfen Smiley auf dem R\u00fccken und der Botschaft \u201eHave a good day\u201czaubert er dir (und allen um dich herum) ein L\u00e4cheln ins Gesicht. Perfekt f\u00fcr l\u00e4ssige Looks und kuschelige Momente.  Erh\u00e4ltlich in zwei Varianten: \u2013 \ud83d\udda4 Schwarz mit pinkem Smiley \u2013 \ud83e\udd0d Creme mit pinkem Smiley  \u2e3b  \ud83d\udc95 Details  \ud83c\udf3f Kuscheliger Strick \u2013 weich &amp; cosy \u2b50 Auff\u00e4lliges Smiley-Motiv \u2013 playful &amp; trendy \u2728 L\u00e4ssig geschnitten \u2013 f\u00fcr entspannte Outfits \ud83c\udf38 Vorderseite mit Knopfleiste (schwarze Version) \ud83e\udd42 Absoluter Gute-Laune-Piece f\u00fcr deinen Kleiderschrank  \u2e3b  \ud83d\udccf Passform &amp; Material  \ud83d\udc57 One Size \u2013 passt ca. Gr. 36\u201344 \ud83c\udf3f Material: Polyacryl (38%), Polyamid (32%), Wolle (18%), Mohair (12%) \ud83c\uddee\ud83c\uddf9 Made in Italy \ud83e\uddfc Pflegeleicht \u2013 waschbar bei 30 Grad\" \/>\n<meta property=\"og:url\" content=\"https:\/\/www.lookforward.at\/en\/produkt\/042\/\" \/>\n<meta property=\"og:site_name\" content=\"lookforward Shop\" \/>\n<meta property=\"article:modified_time\" content=\"2026-03-08T06:14:33+00:00\" \/>\n<meta property=\"og:image\" content=\"https:\/\/www.lookforward.at\/wp-content\/uploads\/2025\/09\/image00061-1-scaled.jpeg\" \/>\n\t<meta property=\"og:image:width\" content=\"1920\" \/>\n\t<meta property=\"og:image:height\" content=\"2560\" \/>\n\t<meta property=\"og:image:type\" content=\"image\/jpeg\" \/>\n<meta name=\"twitter:card\" content=\"summary_large_image\" \/>\n<meta name=\"twitter:label1\" content=\"Est. reading time\" \/>\n\t<meta name=\"twitter:data1\" content=\"1 minute\" \/>\n<script type=\"application\/ld+json\" class=\"yoast-schema-graph\">{\"@context\":\"https:\/\/schema.org\",\"@graph\":[{\"@type\":\"WebPage\",\"@id\":\"https:\/\/www.lookforward.at\/produkt\/042\/\",\"url\":\"https:\/\/www.lookforward.at\/produkt\/042\/\",\"name\":\"042 \u2728 Cozy & Happy \u2013 deine Strickjacke mit Smiley \u2728\",\"isPartOf\":{\"@id\":\"https:\/\/www.lookforward.at\/#website\"},\"primaryImageOfPage\":{\"@id\":\"https:\/\/www.lookforward.at\/produkt\/042\/#primaryimage\"},\"image\":{\"@id\":\"https:\/\/www.lookforward.at\/produkt\/042\/#primaryimage\"},\"thumbnailUrl\":\"https:\/\/www.lookforward.at\/wp-content\/uploads\/2025\/09\/image00061-1-scaled.jpeg\",\"datePublished\":\"2025-09-19T17:25:07+00:00\",\"dateModified\":\"2026-03-08T06:14:33+00:00\",\"breadcrumb\":{\"@id\":\"https:\/\/www.lookforward.at\/produkt\/042\/#breadcrumb\"},\"inLanguage\":\"en-US\",\"potentialAction\":[{\"@type\":\"ReadAction\",\"target\":[\"https:\/\/www.lookforward.at\/produkt\/042\/\"]}]},{\"@type\":\"ImageObject\",\"inLanguage\":\"en-US\",\"@id\":\"https:\/\/www.lookforward.at\/produkt\/042\/#primaryimage\",\"url\":\"https:\/\/www.lookforward.at\/wp-content\/uploads\/2025\/09\/image00061-1-scaled.jpeg\",\"contentUrl\":\"https:\/\/www.lookforward.at\/wp-content\/uploads\/2025\/09\/image00061-1-scaled.jpeg\",\"width\":1920,\"height\":2560,\"caption\":\"Processed with VSCO with al3 preset\"},{\"@type\":\"BreadcrumbList\",\"@id\":\"https:\/\/www.lookforward.at\/produkt\/042\/#breadcrumb\",\"itemListElement\":[{\"@type\":\"ListItem\",\"position\":1,\"name\":\"Startseite\",\"item\":\"https:\/\/www.lookforward.at\/\"},{\"@type\":\"ListItem\",\"position\":2,\"name\":\"Shop\",\"item\":\"https:\/\/www.lookforward.at\/shop\/\"},{\"@type\":\"ListItem\",\"position\":3,\"name\":\"042 \u2728 Cozy &#038; Happy \u2013 deine Strickjacke mit Smiley \u2728\"}]},{\"@type\":\"WebSite\",\"@id\":\"https:\/\/www.lookforward.at\/#website\",\"url\":\"https:\/\/www.lookforward.at\/\",\"name\":\"lookforward Shop\",\"description\":\"Der neue Shop f\u00fcr Fashion, Lifestyle, Family, Food and Beauty.\",\"publisher\":{\"@id\":\"https:\/\/www.lookforward.at\/#organization\"},\"potentialAction\":[{\"@type\":\"SearchAction\",\"target\":{\"@type\":\"EntryPoint\",\"urlTemplate\":\"https:\/\/www.lookforward.at\/?s={search_term_string}\"},\"query-input\":{\"@type\":\"PropertyValueSpecification\",\"valueRequired\":true,\"valueName\":\"search_term_string\"}}],\"inLanguage\":\"en-US\"},{\"@type\":\"Organization\",\"@id\":\"https:\/\/www.lookforward.at\/#organization\",\"name\":\"KB lookforward\",\"url\":\"https:\/\/www.lookforward.at\/\",\"logo\":{\"@type\":\"ImageObject\",\"inLanguage\":\"en-US\",\"@id\":\"https:\/\/www.lookforward.at\/#\/schema\/logo\/image\/\",\"url\":\"https:\/\/www.lookforward.at\/wp-content\/uploads\/2023\/10\/Icon-KB.svg\",\"contentUrl\":\"https:\/\/www.lookforward.at\/wp-content\/uploads\/2023\/10\/Icon-KB.svg\",\"caption\":\"KB lookforward\"},\"image\":{\"@id\":\"https:\/\/www.lookforward.at\/#\/schema\/logo\/image\/\"}}]}<\/script>\n<!-- \/ Yoast SEO plugin. -->","yoast_head_json":{"title":"042 \u2728 Cozy & Happy \u2013 deine Strickjacke mit Smiley \u2728","robots":{"index":"index","follow":"follow","max-snippet":"max-snippet:-1","max-image-preview":"max-image-preview:large","max-video-preview":"max-video-preview:-1"},"canonical":"https:\/\/www.lookforward.at\/en\/produkt\/042\/","og_locale":"en_US","og_type":"article","og_title":"[:de]042 \u2728 Cozy & Happy \u2013 deine Strickjacke mit Smiley \u2728[:] - lookforward Shop","og_description":"\u2728 Cozy & Happy \u2013 deine Strickjacke mit Smiley \u2728  Ein Cardigan, der sofort gute Laune macht \ud83c\udf38 Mit dem gro\u00dfen Smiley auf dem R\u00fccken und der Botschaft \u201eHave a good day\u201czaubert er dir (und allen um dich herum) ein L\u00e4cheln ins Gesicht. Perfekt f\u00fcr l\u00e4ssige Looks und kuschelige Momente.  Erh\u00e4ltlich in zwei Varianten: \u2013 \ud83d\udda4 Schwarz mit pinkem Smiley \u2013 \ud83e\udd0d Creme mit pinkem Smiley  \u2e3b  \ud83d\udc95 Details  \ud83c\udf3f Kuscheliger Strick \u2013 weich & cosy \u2b50 Auff\u00e4lliges Smiley-Motiv \u2013 playful & trendy \u2728 L\u00e4ssig geschnitten \u2013 f\u00fcr entspannte Outfits \ud83c\udf38 Vorderseite mit Knopfleiste (schwarze Version) \ud83e\udd42 Absoluter Gute-Laune-Piece f\u00fcr deinen Kleiderschrank  \u2e3b  \ud83d\udccf Passform & Material  \ud83d\udc57 One Size \u2013 passt ca. Gr. 36\u201344 \ud83c\udf3f Material: Polyacryl (38%), Polyamid (32%), Wolle (18%), Mohair (12%) \ud83c\uddee\ud83c\uddf9 Made in Italy \ud83e\uddfc Pflegeleicht \u2013 waschbar bei 30 Grad","og_url":"https:\/\/www.lookforward.at\/en\/produkt\/042\/","og_site_name":"lookforward Shop","article_modified_time":"2026-03-08T06:14:33+00:00","og_image":[{"width":1920,"height":2560,"url":"https:\/\/www.lookforward.at\/wp-content\/uploads\/2025\/09\/image00061-1-scaled.jpeg","type":"image\/jpeg"}],"twitter_card":"summary_large_image","twitter_misc":{"Est. reading time":"1 minute"},"schema":{"@context":"https:\/\/schema.org","@graph":[{"@type":"WebPage","@id":"https:\/\/www.lookforward.at\/produkt\/042\/","url":"https:\/\/www.lookforward.at\/produkt\/042\/","name":"042 \u2728 Cozy & Happy \u2013 deine Strickjacke mit Smiley \u2728","isPartOf":{"@id":"https:\/\/www.lookforward.at\/#website"},"primaryImageOfPage":{"@id":"https:\/\/www.lookforward.at\/produkt\/042\/#primaryimage"},"image":{"@id":"https:\/\/www.lookforward.at\/produkt\/042\/#primaryimage"},"thumbnailUrl":"https:\/\/www.lookforward.at\/wp-content\/uploads\/2025\/09\/image00061-1-scaled.jpeg","datePublished":"2025-09-19T17:25:07+00:00","dateModified":"2026-03-08T06:14:33+00:00","breadcrumb":{"@id":"https:\/\/www.lookforward.at\/produkt\/042\/#breadcrumb"},"inLanguage":"en-US","potentialAction":[{"@type":"ReadAction","target":["https:\/\/www.lookforward.at\/produkt\/042\/"]}]},{"@type":"ImageObject","inLanguage":"en-US","@id":"https:\/\/www.lookforward.at\/produkt\/042\/#primaryimage","url":"https:\/\/www.lookforward.at\/wp-content\/uploads\/2025\/09\/image00061-1-scaled.jpeg","contentUrl":"https:\/\/www.lookforward.at\/wp-content\/uploads\/2025\/09\/image00061-1-scaled.jpeg","width":1920,"height":2560,"caption":"Processed with VSCO with al3 preset"},{"@type":"BreadcrumbList","@id":"https:\/\/www.lookforward.at\/produkt\/042\/#breadcrumb","itemListElement":[{"@type":"ListItem","position":1,"name":"Startseite","item":"https:\/\/www.lookforward.at\/"},{"@type":"ListItem","position":2,"name":"Shop","item":"https:\/\/www.lookforward.at\/shop\/"},{"@type":"ListItem","position":3,"name":"042 \u2728 Cozy &#038; Happy \u2013 deine Strickjacke mit Smiley \u2728"}]},{"@type":"WebSite","@id":"https:\/\/www.lookforward.at\/#website","url":"https:\/\/www.lookforward.at\/","name":"lookforward Shop","description":"Der neue Shop f\u00fcr Fashion, Lifestyle, Family, Food and Beauty.","publisher":{"@id":"https:\/\/www.lookforward.at\/#organization"},"potentialAction":[{"@type":"SearchAction","target":{"@type":"EntryPoint","urlTemplate":"https:\/\/www.lookforward.at\/?s={search_term_string}"},"query-input":{"@type":"PropertyValueSpecification","valueRequired":true,"valueName":"search_term_string"}}],"inLanguage":"en-US"},{"@type":"Organization","@id":"https:\/\/www.lookforward.at\/#organization","name":"KB lookforward","url":"https:\/\/www.lookforward.at\/","logo":{"@type":"ImageObject","inLanguage":"en-US","@id":"https:\/\/www.lookforward.at\/#\/schema\/logo\/image\/","url":"https:\/\/www.lookforward.at\/wp-content\/uploads\/2023\/10\/Icon-KB.svg","contentUrl":"https:\/\/www.lookforward.at\/wp-content\/uploads\/2023\/10\/Icon-KB.svg","caption":"KB lookforward"},"image":{"@id":"https:\/\/www.lookforward.at\/#\/schema\/logo\/image\/"}}]}},"_links":{"self":[{"href":"https:\/\/www.lookforward.at\/en\/wp-json\/wp\/v2\/product\/150834","targetHints":{"allow":["GET"]}}],"collection":[{"href":"https:\/\/www.lookforward.at\/en\/wp-json\/wp\/v2\/product"}],"about":[{"href":"https:\/\/www.lookforward.at\/en\/wp-json\/wp\/v2\/types\/product"}],"wp:featuredmedia":[{"embeddable":true,"href":"https:\/\/www.lookforward.at\/en\/wp-json\/wp\/v2\/media\/150763"}],"wp:attachment":[{"href":"https:\/\/www.lookforward.at\/en\/wp-json\/wp\/v2\/media?parent=150834"}],"wp:term":[{"taxonomy":"product_brand","embeddable":true,"href":"https:\/\/www.lookforward.at\/en\/wp-json\/wp\/v2\/product_brand?post=150834"},{"taxonomy":"product_cat","embeddable":true,"href":"https:\/\/www.lookforward.at\/en\/wp-json\/wp\/v2\/product_cat?post=150834"},{"taxonomy":"product_tag","embeddable":true,"href":"https:\/\/www.lookforward.at\/en\/wp-json\/wp\/v2\/product_tag?post=150834"}],"curies":[{"name":"wp","href":"https:\/\/api.w.org\/{rel}","templated":true}]}}