{"id":150842,"date":"2025-09-19T19:40:34","date_gmt":"2025-09-19T17:40:34","guid":{"rendered":"https:\/\/www.lookforward.at\/?post_type=product&#038;p=150842"},"modified":"2025-12-03T20:25:35","modified_gmt":"2025-12-03T19:25:35","slug":"043-%f0%9f%8c%b8-verspielt-cozy-dein-strickpullover-mit-rueschenaermeln-%f0%9f%8c%b8","status":"publish","type":"product","link":"https:\/\/www.lookforward.at\/en\/produkt\/043-%f0%9f%8c%b8-verspielt-cozy-dein-strickpullover-mit-rueschenaermeln-%f0%9f%8c%b8\/","title":{"rendered":"044 \ud83c\udf38 Verspielt &#038; cozy \u2013 dein Strickpullover mit R\u00fcschen\u00e4rmeln \ud83c\udf38"},"content":{"rendered":"","protected":false},"excerpt":{"rendered":"<p>\ud83c\udf38 Verspielt &#038; cozy \u2013 dein Strickpullover mit R\u00fcschen\u00e4rmeln \ud83c\udf38<\/p>\n<p>Ein Pullover, der nicht nur kuschelig warm h\u00e4lt, sondern mit den verspielten R\u00fcschen\u00e4rmeln zum echten Hingucker wird \u2728 Der lockere Schnitt macht ihn super gem\u00fctlich, w\u00e4hrend die femininen Details ihm einen besonderen Charme verleihen.<\/p>\n<p>Erh\u00e4ltlich in f\u00fcnf Farben:<\/p>\n<p>\u2013 \ud83d\udda4 Schwarz \u2013 klassisch &#038; zeitlos<\/p>\n<p>\u2013 \ud83c\udf3f Khaki \u2013 nat\u00fcrlich &#038; elegant<\/p>\n<p>\u2013 \ud83c\udf77 Bordeaux \u2013 warm &#038; edel<\/p>\n<p>\u2013 \ud83d\udc99 Dunkelblau \u2013 stilvoll &#038; modern<\/p>\n<p>\u2013 \ud83c\udf4a Rost \u2013 cozy &#038; trendy<\/p>\n<p>\ud83d\udc95 Details<\/p>\n<p>\ud83c\udf3f Weicher Strick \u2013 angenehm &#038; cozy<\/p>\n<p>\u2b50 R\u00fcschen-Detail an den \u00c4rmeln \u2013 verspielt &#038; feminin<\/p>\n<p>\u2728 Locker geschnitten \u2013 f\u00fcr den Wohlf\u00fchl-Look<\/p>\n<p>\ud83c\udf38 Vielseitig kombinierbar \u2013 perfekt f\u00fcr Jeans, R\u00f6cke &#038; Kleider<\/p>\n<p>\ud83e\udd42 Ein Must-Have f\u00fcr feminine Cozy-Looks<\/p>\n<p>\ud83d\udccf Passform &#038; Material<\/p>\n<p>\ud83d\udc57 One Size \u2013 passt ca. Gr. 36\u201344<\/p>\n<p>\ud83c\udf3f Material: 43 % Viskose, 30 % Polyester, 20 % Acryl, 7 % Wolle<\/p>\n<p>\ud83c\uddee\ud83c\uddf9 Made in Italy<\/p>\n<p>\ud83e\uddfc Pflegeleicht \u2013 waschbar bei 30 Grad<\/p>\n","protected":false},"featured_media":150788,"template":"","meta":{"inline_featured_image":false},"product_brand":[],"product_cat":[479,59],"product_tag":[],"class_list":{"0":"post-150842","1":"product","2":"type-product","3":"status-publish","4":"has-post-thumbnail","6":"product_cat-pre-fall-kollektion","7":"product_cat-pullover","9":"first","10":"onbackorder","11":"taxable","12":"shipping-taxable","13":"purchasable","14":"product-type-variable"},"bundled_by":[],"bundle_stock_status":"onbackorder","bundle_stock_quantity":null,"bundle_virtual":false,"bundle_layout":"","bundle_add_to_cart_form_location":"","bundle_editable_in_cart":false,"bundle_sold_individually_context":"","bundle_item_grouping":"","bundle_min_size":"","bundle_max_size":"","bundle_price":[],"bundled_items":[],"bundle_sell_ids":[],"yoast_head":"<!-- This site is optimized with the Yoast SEO plugin v26.5 - https:\/\/yoast.com\/wordpress\/plugins\/seo\/ -->\n<title>044 \ud83c\udf38 Verspielt &amp; cozy \u2013 dein Strickpullover mit R\u00fcschen\u00e4rmeln \ud83c\udf38<\/title>\n<meta name=\"robots\" content=\"index, follow, max-snippet:-1, max-image-preview:large, max-video-preview:-1\" \/>\n<link rel=\"canonical\" href=\"https:\/\/www.lookforward.at\/en\/produkt\/043-\ud83c\udf38-verspielt-cozy-dein-strickpullover-mit-rueschenaermeln-\ud83c\udf38\/\" \/>\n<meta property=\"og:locale\" content=\"en_US\" \/>\n<meta property=\"og:locale:alternate\" content=\"de_DE\" \/>\n<meta property=\"og:type\" content=\"article\" \/>\n<meta property=\"og:title\" content=\"044 \ud83c\udf38 Verspielt &amp; cozy \u2013 dein Strickpullover mit R\u00fcschen\u00e4rmeln \ud83c\udf38\" \/>\n<meta property=\"og:description\" content=\"\ud83c\udf38 Verspielt &amp; cozy \u2013 dein Strickpullover mit R\u00fcschen\u00e4rmeln \ud83c\udf38  Ein Pullover, der nicht nur kuschelig warm h\u00e4lt, sondern mit den verspielten R\u00fcschen\u00e4rmeln zum echten Hingucker wird \u2728 Der lockere Schnitt macht ihn super gem\u00fctlich, w\u00e4hrend die femininen Details ihm einen besonderen Charme verleihen.  Erh\u00e4ltlich in f\u00fcnf Farben:  \u2013 \ud83d\udda4 Schwarz \u2013 klassisch &amp; zeitlos  \u2013 \ud83c\udf3f Khaki \u2013 nat\u00fcrlich &amp; elegant  \u2013 \ud83c\udf77 Bordeaux \u2013 warm &amp; edel  \u2013 \ud83d\udc99 Dunkelblau \u2013 stilvoll &amp; modern  \u2013 \ud83c\udf4a Rost \u2013 cozy &amp; trendy  \ud83d\udc95 Details  \ud83c\udf3f Weicher Strick \u2013 angenehm &amp; cozy  \u2b50 R\u00fcschen-Detail an den \u00c4rmeln \u2013 verspielt &amp; feminin  \u2728 Locker geschnitten \u2013 f\u00fcr den Wohlf\u00fchl-Look  \ud83c\udf38 Vielseitig kombinierbar \u2013 perfekt f\u00fcr Jeans, R\u00f6cke &amp; Kleider  \ud83e\udd42 Ein Must-Have f\u00fcr feminine Cozy-Looks  \ud83d\udccf Passform &amp; Material  \ud83d\udc57 One Size \u2013 passt ca. Gr. 36\u201344  \ud83c\udf3f Material: 43 % Viskose, 30 % Polyester, 20 % Acryl, 7 % Wolle  \ud83c\uddee\ud83c\uddf9 Made in Italy  \ud83e\uddfc Pflegeleicht \u2013 waschbar bei 30 Grad\" \/>\n<meta property=\"og:url\" content=\"https:\/\/www.lookforward.at\/en\/produkt\/043-\ud83c\udf38-verspielt-cozy-dein-strickpullover-mit-rueschenaermeln-\ud83c\udf38\/\" \/>\n<meta property=\"og:site_name\" content=\"lookforward Shop\" \/>\n<meta property=\"article:modified_time\" content=\"2025-12-03T19:25:35+00:00\" \/>\n<meta property=\"og:image\" content=\"https:\/\/www.lookforward.at\/wp-content\/uploads\/2025\/09\/image00036-2-scaled.jpeg\" \/>\n\t<meta property=\"og:image:width\" content=\"1920\" \/>\n\t<meta property=\"og:image:height\" content=\"2560\" \/>\n\t<meta property=\"og:image:type\" content=\"image\/jpeg\" \/>\n<meta name=\"twitter:card\" content=\"summary_large_image\" \/>\n<meta name=\"twitter:label1\" content=\"Est. reading time\" \/>\n\t<meta name=\"twitter:data1\" content=\"1 minute\" \/>\n<script type=\"application\/ld+json\" class=\"yoast-schema-graph\">{\"@context\":\"https:\/\/schema.org\",\"@graph\":[{\"@type\":\"WebPage\",\"@id\":\"https:\/\/www.lookforward.at\/produkt\/043-%f0%9f%8c%b8-verspielt-cozy-dein-strickpullover-mit-rueschenaermeln-%f0%9f%8c%b8\/\",\"url\":\"https:\/\/www.lookforward.at\/produkt\/043-%f0%9f%8c%b8-verspielt-cozy-dein-strickpullover-mit-rueschenaermeln-%f0%9f%8c%b8\/\",\"name\":\"044 \ud83c\udf38 Verspielt & cozy \u2013 dein Strickpullover mit R\u00fcschen\u00e4rmeln \ud83c\udf38\",\"isPartOf\":{\"@id\":\"https:\/\/www.lookforward.at\/#website\"},\"primaryImageOfPage\":{\"@id\":\"https:\/\/www.lookforward.at\/produkt\/043-%f0%9f%8c%b8-verspielt-cozy-dein-strickpullover-mit-rueschenaermeln-%f0%9f%8c%b8\/#primaryimage\"},\"image\":{\"@id\":\"https:\/\/www.lookforward.at\/produkt\/043-%f0%9f%8c%b8-verspielt-cozy-dein-strickpullover-mit-rueschenaermeln-%f0%9f%8c%b8\/#primaryimage\"},\"thumbnailUrl\":\"https:\/\/www.lookforward.at\/wp-content\/uploads\/2025\/09\/image00036-2-scaled.jpeg\",\"datePublished\":\"2025-09-19T17:40:34+00:00\",\"dateModified\":\"2025-12-03T19:25:35+00:00\",\"breadcrumb\":{\"@id\":\"https:\/\/www.lookforward.at\/produkt\/043-%f0%9f%8c%b8-verspielt-cozy-dein-strickpullover-mit-rueschenaermeln-%f0%9f%8c%b8\/#breadcrumb\"},\"inLanguage\":\"en-US\",\"potentialAction\":[{\"@type\":\"ReadAction\",\"target\":[\"https:\/\/www.lookforward.at\/produkt\/043-%f0%9f%8c%b8-verspielt-cozy-dein-strickpullover-mit-rueschenaermeln-%f0%9f%8c%b8\/\"]}]},{\"@type\":\"ImageObject\",\"inLanguage\":\"en-US\",\"@id\":\"https:\/\/www.lookforward.at\/produkt\/043-%f0%9f%8c%b8-verspielt-cozy-dein-strickpullover-mit-rueschenaermeln-%f0%9f%8c%b8\/#primaryimage\",\"url\":\"https:\/\/www.lookforward.at\/wp-content\/uploads\/2025\/09\/image00036-2-scaled.jpeg\",\"contentUrl\":\"https:\/\/www.lookforward.at\/wp-content\/uploads\/2025\/09\/image00036-2-scaled.jpeg\",\"width\":1920,\"height\":2560,\"caption\":\"Processed with VSCO with al3 preset\"},{\"@type\":\"BreadcrumbList\",\"@id\":\"https:\/\/www.lookforward.at\/produkt\/043-%f0%9f%8c%b8-verspielt-cozy-dein-strickpullover-mit-rueschenaermeln-%f0%9f%8c%b8\/#breadcrumb\",\"itemListElement\":[{\"@type\":\"ListItem\",\"position\":1,\"name\":\"Startseite\",\"item\":\"https:\/\/www.lookforward.at\/\"},{\"@type\":\"ListItem\",\"position\":2,\"name\":\"Shop\",\"item\":\"https:\/\/www.lookforward.at\/shop\/\"},{\"@type\":\"ListItem\",\"position\":3,\"name\":\"044 \ud83c\udf38 Verspielt &#038; cozy \u2013 dein Strickpullover mit R\u00fcschen\u00e4rmeln \ud83c\udf38\"}]},{\"@type\":\"WebSite\",\"@id\":\"https:\/\/www.lookforward.at\/#website\",\"url\":\"https:\/\/www.lookforward.at\/\",\"name\":\"lookforward Shop\",\"description\":\"Der neue Shop f\u00fcr Fashion, Lifestyle, Family, Food and Beauty.\",\"publisher\":{\"@id\":\"https:\/\/www.lookforward.at\/#organization\"},\"potentialAction\":[{\"@type\":\"SearchAction\",\"target\":{\"@type\":\"EntryPoint\",\"urlTemplate\":\"https:\/\/www.lookforward.at\/?s={search_term_string}\"},\"query-input\":{\"@type\":\"PropertyValueSpecification\",\"valueRequired\":true,\"valueName\":\"search_term_string\"}}],\"inLanguage\":\"en-US\"},{\"@type\":\"Organization\",\"@id\":\"https:\/\/www.lookforward.at\/#organization\",\"name\":\"KB lookforward\",\"url\":\"https:\/\/www.lookforward.at\/\",\"logo\":{\"@type\":\"ImageObject\",\"inLanguage\":\"en-US\",\"@id\":\"https:\/\/www.lookforward.at\/#\/schema\/logo\/image\/\",\"url\":\"https:\/\/www.lookforward.at\/wp-content\/uploads\/2023\/10\/Icon-KB.svg\",\"contentUrl\":\"https:\/\/www.lookforward.at\/wp-content\/uploads\/2023\/10\/Icon-KB.svg\",\"caption\":\"KB lookforward\"},\"image\":{\"@id\":\"https:\/\/www.lookforward.at\/#\/schema\/logo\/image\/\"}}]}<\/script>\n<!-- \/ Yoast SEO plugin. -->","yoast_head_json":{"title":"044 \ud83c\udf38 Verspielt & cozy \u2013 dein Strickpullover mit R\u00fcschen\u00e4rmeln \ud83c\udf38","robots":{"index":"index","follow":"follow","max-snippet":"max-snippet:-1","max-image-preview":"max-image-preview:large","max-video-preview":"max-video-preview:-1"},"canonical":"https:\/\/www.lookforward.at\/en\/produkt\/043-\ud83c\udf38-verspielt-cozy-dein-strickpullover-mit-rueschenaermeln-\ud83c\udf38\/","og_locale":"en_US","og_type":"article","og_title":"[:de]044 \ud83c\udf38 Verspielt & cozy \u2013 dein Strickpullover mit R\u00fcschen\u00e4rmeln \ud83c\udf38[:] - lookforward Shop","og_description":"\ud83c\udf38 Verspielt & cozy \u2013 dein Strickpullover mit R\u00fcschen\u00e4rmeln \ud83c\udf38  Ein Pullover, der nicht nur kuschelig warm h\u00e4lt, sondern mit den verspielten R\u00fcschen\u00e4rmeln zum echten Hingucker wird \u2728 Der lockere Schnitt macht ihn super gem\u00fctlich, w\u00e4hrend die femininen Details ihm einen besonderen Charme verleihen.  Erh\u00e4ltlich in f\u00fcnf Farben:  \u2013 \ud83d\udda4 Schwarz \u2013 klassisch & zeitlos  \u2013 \ud83c\udf3f Khaki \u2013 nat\u00fcrlich & elegant  \u2013 \ud83c\udf77 Bordeaux \u2013 warm & edel  \u2013 \ud83d\udc99 Dunkelblau \u2013 stilvoll & modern  \u2013 \ud83c\udf4a Rost \u2013 cozy & trendy  \ud83d\udc95 Details  \ud83c\udf3f Weicher Strick \u2013 angenehm & cozy  \u2b50 R\u00fcschen-Detail an den \u00c4rmeln \u2013 verspielt & feminin  \u2728 Locker geschnitten \u2013 f\u00fcr den Wohlf\u00fchl-Look  \ud83c\udf38 Vielseitig kombinierbar \u2013 perfekt f\u00fcr Jeans, R\u00f6cke & Kleider  \ud83e\udd42 Ein Must-Have f\u00fcr feminine Cozy-Looks  \ud83d\udccf Passform & Material  \ud83d\udc57 One Size \u2013 passt ca. Gr. 36\u201344  \ud83c\udf3f Material: 43 % Viskose, 30 % Polyester, 20 % Acryl, 7 % Wolle  \ud83c\uddee\ud83c\uddf9 Made in Italy  \ud83e\uddfc Pflegeleicht \u2013 waschbar bei 30 Grad","og_url":"https:\/\/www.lookforward.at\/en\/produkt\/043-\ud83c\udf38-verspielt-cozy-dein-strickpullover-mit-rueschenaermeln-\ud83c\udf38\/","og_site_name":"lookforward Shop","article_modified_time":"2025-12-03T19:25:35+00:00","og_image":[{"width":1920,"height":2560,"url":"https:\/\/www.lookforward.at\/wp-content\/uploads\/2025\/09\/image00036-2-scaled.jpeg","type":"image\/jpeg"}],"twitter_card":"summary_large_image","twitter_misc":{"Est. reading time":"1 minute"},"schema":{"@context":"https:\/\/schema.org","@graph":[{"@type":"WebPage","@id":"https:\/\/www.lookforward.at\/produkt\/043-%f0%9f%8c%b8-verspielt-cozy-dein-strickpullover-mit-rueschenaermeln-%f0%9f%8c%b8\/","url":"https:\/\/www.lookforward.at\/produkt\/043-%f0%9f%8c%b8-verspielt-cozy-dein-strickpullover-mit-rueschenaermeln-%f0%9f%8c%b8\/","name":"044 \ud83c\udf38 Verspielt & cozy \u2013 dein Strickpullover mit R\u00fcschen\u00e4rmeln \ud83c\udf38","isPartOf":{"@id":"https:\/\/www.lookforward.at\/#website"},"primaryImageOfPage":{"@id":"https:\/\/www.lookforward.at\/produkt\/043-%f0%9f%8c%b8-verspielt-cozy-dein-strickpullover-mit-rueschenaermeln-%f0%9f%8c%b8\/#primaryimage"},"image":{"@id":"https:\/\/www.lookforward.at\/produkt\/043-%f0%9f%8c%b8-verspielt-cozy-dein-strickpullover-mit-rueschenaermeln-%f0%9f%8c%b8\/#primaryimage"},"thumbnailUrl":"https:\/\/www.lookforward.at\/wp-content\/uploads\/2025\/09\/image00036-2-scaled.jpeg","datePublished":"2025-09-19T17:40:34+00:00","dateModified":"2025-12-03T19:25:35+00:00","breadcrumb":{"@id":"https:\/\/www.lookforward.at\/produkt\/043-%f0%9f%8c%b8-verspielt-cozy-dein-strickpullover-mit-rueschenaermeln-%f0%9f%8c%b8\/#breadcrumb"},"inLanguage":"en-US","potentialAction":[{"@type":"ReadAction","target":["https:\/\/www.lookforward.at\/produkt\/043-%f0%9f%8c%b8-verspielt-cozy-dein-strickpullover-mit-rueschenaermeln-%f0%9f%8c%b8\/"]}]},{"@type":"ImageObject","inLanguage":"en-US","@id":"https:\/\/www.lookforward.at\/produkt\/043-%f0%9f%8c%b8-verspielt-cozy-dein-strickpullover-mit-rueschenaermeln-%f0%9f%8c%b8\/#primaryimage","url":"https:\/\/www.lookforward.at\/wp-content\/uploads\/2025\/09\/image00036-2-scaled.jpeg","contentUrl":"https:\/\/www.lookforward.at\/wp-content\/uploads\/2025\/09\/image00036-2-scaled.jpeg","width":1920,"height":2560,"caption":"Processed with VSCO with al3 preset"},{"@type":"BreadcrumbList","@id":"https:\/\/www.lookforward.at\/produkt\/043-%f0%9f%8c%b8-verspielt-cozy-dein-strickpullover-mit-rueschenaermeln-%f0%9f%8c%b8\/#breadcrumb","itemListElement":[{"@type":"ListItem","position":1,"name":"Startseite","item":"https:\/\/www.lookforward.at\/"},{"@type":"ListItem","position":2,"name":"Shop","item":"https:\/\/www.lookforward.at\/shop\/"},{"@type":"ListItem","position":3,"name":"044 \ud83c\udf38 Verspielt &#038; cozy \u2013 dein Strickpullover mit R\u00fcschen\u00e4rmeln \ud83c\udf38"}]},{"@type":"WebSite","@id":"https:\/\/www.lookforward.at\/#website","url":"https:\/\/www.lookforward.at\/","name":"lookforward Shop","description":"Der neue Shop f\u00fcr Fashion, Lifestyle, Family, Food and Beauty.","publisher":{"@id":"https:\/\/www.lookforward.at\/#organization"},"potentialAction":[{"@type":"SearchAction","target":{"@type":"EntryPoint","urlTemplate":"https:\/\/www.lookforward.at\/?s={search_term_string}"},"query-input":{"@type":"PropertyValueSpecification","valueRequired":true,"valueName":"search_term_string"}}],"inLanguage":"en-US"},{"@type":"Organization","@id":"https:\/\/www.lookforward.at\/#organization","name":"KB lookforward","url":"https:\/\/www.lookforward.at\/","logo":{"@type":"ImageObject","inLanguage":"en-US","@id":"https:\/\/www.lookforward.at\/#\/schema\/logo\/image\/","url":"https:\/\/www.lookforward.at\/wp-content\/uploads\/2023\/10\/Icon-KB.svg","contentUrl":"https:\/\/www.lookforward.at\/wp-content\/uploads\/2023\/10\/Icon-KB.svg","caption":"KB lookforward"},"image":{"@id":"https:\/\/www.lookforward.at\/#\/schema\/logo\/image\/"}}]}},"_links":{"self":[{"href":"https:\/\/www.lookforward.at\/en\/wp-json\/wp\/v2\/product\/150842","targetHints":{"allow":["GET"]}}],"collection":[{"href":"https:\/\/www.lookforward.at\/en\/wp-json\/wp\/v2\/product"}],"about":[{"href":"https:\/\/www.lookforward.at\/en\/wp-json\/wp\/v2\/types\/product"}],"wp:featuredmedia":[{"embeddable":true,"href":"https:\/\/www.lookforward.at\/en\/wp-json\/wp\/v2\/media\/150788"}],"wp:attachment":[{"href":"https:\/\/www.lookforward.at\/en\/wp-json\/wp\/v2\/media?parent=150842"}],"wp:term":[{"taxonomy":"product_brand","embeddable":true,"href":"https:\/\/www.lookforward.at\/en\/wp-json\/wp\/v2\/product_brand?post=150842"},{"taxonomy":"product_cat","embeddable":true,"href":"https:\/\/www.lookforward.at\/en\/wp-json\/wp\/v2\/product_cat?post=150842"},{"taxonomy":"product_tag","embeddable":true,"href":"https:\/\/www.lookforward.at\/en\/wp-json\/wp\/v2\/product_tag?post=150842"}],"curies":[{"name":"wp","href":"https:\/\/api.w.org\/{rel}","templated":true}]}}