{"id":151098,"date":"2025-09-26T22:18:55","date_gmt":"2025-09-26T20:18:55","guid":{"rendered":"https:\/\/www.lookforward.at\/?post_type=product&#038;p=151098"},"modified":"2026-02-14T23:39:37","modified_gmt":"2026-02-14T22:39:37","slug":"054-%e2%9c%a8-kuschelige-strickhaube-mit-herz-dein-suesser-winter-begleiter-%e2%9c%a8","status":"publish","type":"product","link":"https:\/\/www.lookforward.at\/en\/produkt\/054-%e2%9c%a8-kuschelige-strickhaube-mit-herz-dein-suesser-winter-begleiter-%e2%9c%a8\/","title":{"rendered":"054 \u2728 Kuschelige Strickhaube mit Herz \u2013 dein s\u00fc\u00dfer Winter-Begleiter \u2728"},"content":{"rendered":"","protected":false},"excerpt":{"rendered":"<div>\u2728 <b>Kuschelige Strickhaube mit Herz \u2013 dein s\u00fc\u00dfer Winter-Begleiter<\/b> \u2728<\/div>\n<div><\/div>\n<div>Warm eingepackt &#038; trotzdem stylisch \u2744\ufe0f Diese Strickhaube h\u00e4lt dich nicht nur cozy warm, sondern zaubert mit dem kleinen Herzchen-Detail auch ein L\u00e4cheln ins Gesicht \ud83d\udc95 Perfekt f\u00fcr kalte Wintertage, Spazierg\u00e4nge und s\u00fc\u00dfe Winterlooks!<\/div>\n<div><\/div>\n<div>\ud83c\udf38 <b>Details, die begeistern:<\/b><\/div>\n<div>\u2022 \ud83e\uddf6 Kuschelig weicher Strick \u2013 angenehm zu tragen<\/div>\n<div>\u2022 \ud83d\udc96 Herz-Detail vorne \u2013 ein s\u00fc\u00dfer Hingucker<\/div>\n<div>\u2022 \u2728 Einheitsgr\u00f6\u00dfe \u2013 passt sich wunderbar an<\/div>\n<div>\u2022 \ud83c\udf80 L\u00e4ssig zum Umschlagen \u2013 f\u00fcr den perfekten Sitz<\/div>\n<div>\u2022 \ud83c\udf0d Made in Italy \u2013 mit viel Liebe gefertigt<\/div>\n<div><\/div>\n<div>\ud83d\udccf <b>Passform:<\/b> One Size<\/div>\n<div>\ud83e\uddf5 <b>Material:<\/b> 100 % Polyester<\/div>\n<div>\ud83e\uddfc <b>Pflege:<\/b> Handw\u00e4sche empfohlen<\/div>\n<div><\/div>\n<div>\ud83d\udc96 Erh\u00e4ltlich in s\u00fc\u00dfen Farben:<\/div>\n<div>\u2013 \u26ab Schwarz \u2013 klassisch &#038; edel<\/div>\n<div>\u2013 \ud83c\udf77 Bordeaux \u2013 warm &#038; ausdrucksstark<\/div>\n<div>\u2013 \ud83e\udd0e Beige mit wei\u00dfem Herz \u2013 cozy &#038; feminin<\/div>\n<div>\u2013 \ud83e\udd0d Grau mit pinkem Herz \u2013 verspielt &#038; trendy<\/div>\n<div><\/div>\n","protected":false},"featured_media":151033,"template":"","meta":{"inline_featured_image":false},"product_brand":[],"product_cat":[485,479,484],"product_tag":[],"class_list":{"0":"post-151098","1":"product","2":"type-product","3":"status-publish","4":"has-post-thumbnail","6":"product_cat-accessoires","7":"product_cat-pre-fall-kollektion","8":"product_cat-jacken","10":"first","11":"onbackorder","12":"taxable","13":"shipping-taxable","14":"purchasable","15":"product-type-variable"},"bundled_by":[],"bundle_stock_status":"onbackorder","bundle_stock_quantity":null,"bundle_virtual":false,"bundle_layout":"","bundle_add_to_cart_form_location":"","bundle_editable_in_cart":false,"bundle_sold_individually_context":"","bundle_item_grouping":"","bundle_min_size":"","bundle_max_size":"","bundle_price":[],"bundled_items":[],"bundle_sell_ids":[],"yoast_head":"<!-- This site is optimized with the Yoast SEO plugin v26.5 - https:\/\/yoast.com\/wordpress\/plugins\/seo\/ -->\n<title>054 \u2728 Kuschelige Strickhaube mit Herz \u2013 dein s\u00fc\u00dfer Winter-Begleiter \u2728<\/title>\n<meta name=\"robots\" content=\"index, follow, max-snippet:-1, max-image-preview:large, max-video-preview:-1\" \/>\n<link rel=\"canonical\" href=\"https:\/\/www.lookforward.at\/en\/produkt\/054-\u2728-kuschelige-strickhaube-mit-herz-dein-suesser-winter-begleiter-\u2728\/\" \/>\n<meta property=\"og:locale\" content=\"en_US\" \/>\n<meta property=\"og:locale:alternate\" content=\"de_DE\" \/>\n<meta property=\"og:type\" content=\"article\" \/>\n<meta property=\"og:title\" content=\"054 \u2728 Kuschelige Strickhaube mit Herz \u2013 dein s\u00fc\u00dfer Winter-Begleiter \u2728\" \/>\n<meta property=\"og:description\" content=\"\u2728 Kuschelige Strickhaube mit Herz \u2013 dein s\u00fc\u00dfer Winter-Begleiter \u2728  Warm eingepackt &amp; trotzdem stylisch \u2744\ufe0f Diese Strickhaube h\u00e4lt dich nicht nur cozy warm, sondern zaubert mit dem kleinen Herzchen-Detail auch ein L\u00e4cheln ins Gesicht \ud83d\udc95 Perfekt f\u00fcr kalte Wintertage, Spazierg\u00e4nge und s\u00fc\u00dfe Winterlooks!  \ud83c\udf38 Details, die begeistern: \u2022 \ud83e\uddf6 Kuschelig weicher Strick \u2013 angenehm zu tragen \u2022 \ud83d\udc96 Herz-Detail vorne \u2013 ein s\u00fc\u00dfer Hingucker \u2022 \u2728 Einheitsgr\u00f6\u00dfe \u2013 passt sich wunderbar an \u2022 \ud83c\udf80 L\u00e4ssig zum Umschlagen \u2013 f\u00fcr den perfekten Sitz \u2022 \ud83c\udf0d Made in Italy \u2013 mit viel Liebe gefertigt  \ud83d\udccf Passform: One Size \ud83e\uddf5 Material: 100 % Polyester \ud83e\uddfc Pflege: Handw\u00e4sche empfohlen  \ud83d\udc96 Erh\u00e4ltlich in s\u00fc\u00dfen Farben: \u2013 \u26ab Schwarz \u2013 klassisch &amp; edel \u2013 \ud83c\udf77 Bordeaux \u2013 warm &amp; ausdrucksstark \u2013 \ud83e\udd0e Beige mit wei\u00dfem Herz \u2013 cozy &amp; feminin \u2013 \ud83e\udd0d Grau mit pinkem Herz \u2013 verspielt &amp; trendy\" \/>\n<meta property=\"og:url\" content=\"https:\/\/www.lookforward.at\/en\/produkt\/054-\u2728-kuschelige-strickhaube-mit-herz-dein-suesser-winter-begleiter-\u2728\/\" \/>\n<meta property=\"og:site_name\" content=\"lookforward Shop\" \/>\n<meta property=\"article:modified_time\" content=\"2026-02-14T22:39:37+00:00\" \/>\n<meta property=\"og:image\" content=\"https:\/\/www.lookforward.at\/wp-content\/uploads\/2025\/09\/image00363-scaled.jpeg\" \/>\n\t<meta property=\"og:image:width\" content=\"1920\" \/>\n\t<meta property=\"og:image:height\" content=\"2560\" \/>\n\t<meta property=\"og:image:type\" content=\"image\/jpeg\" \/>\n<meta name=\"twitter:card\" content=\"summary_large_image\" \/>\n<meta name=\"twitter:label1\" content=\"Est. reading time\" \/>\n\t<meta name=\"twitter:data1\" content=\"1 minute\" \/>\n<script type=\"application\/ld+json\" class=\"yoast-schema-graph\">{\"@context\":\"https:\/\/schema.org\",\"@graph\":[{\"@type\":\"WebPage\",\"@id\":\"https:\/\/www.lookforward.at\/produkt\/054-%e2%9c%a8-kuschelige-strickhaube-mit-herz-dein-suesser-winter-begleiter-%e2%9c%a8\/\",\"url\":\"https:\/\/www.lookforward.at\/produkt\/054-%e2%9c%a8-kuschelige-strickhaube-mit-herz-dein-suesser-winter-begleiter-%e2%9c%a8\/\",\"name\":\"054 \u2728 Kuschelige Strickhaube mit Herz \u2013 dein s\u00fc\u00dfer Winter-Begleiter \u2728\",\"isPartOf\":{\"@id\":\"https:\/\/www.lookforward.at\/#website\"},\"primaryImageOfPage\":{\"@id\":\"https:\/\/www.lookforward.at\/produkt\/054-%e2%9c%a8-kuschelige-strickhaube-mit-herz-dein-suesser-winter-begleiter-%e2%9c%a8\/#primaryimage\"},\"image\":{\"@id\":\"https:\/\/www.lookforward.at\/produkt\/054-%e2%9c%a8-kuschelige-strickhaube-mit-herz-dein-suesser-winter-begleiter-%e2%9c%a8\/#primaryimage\"},\"thumbnailUrl\":\"https:\/\/www.lookforward.at\/wp-content\/uploads\/2025\/09\/image00363-scaled.jpeg\",\"datePublished\":\"2025-09-26T20:18:55+00:00\",\"dateModified\":\"2026-02-14T22:39:37+00:00\",\"breadcrumb\":{\"@id\":\"https:\/\/www.lookforward.at\/produkt\/054-%e2%9c%a8-kuschelige-strickhaube-mit-herz-dein-suesser-winter-begleiter-%e2%9c%a8\/#breadcrumb\"},\"inLanguage\":\"en-US\",\"potentialAction\":[{\"@type\":\"ReadAction\",\"target\":[\"https:\/\/www.lookforward.at\/produkt\/054-%e2%9c%a8-kuschelige-strickhaube-mit-herz-dein-suesser-winter-begleiter-%e2%9c%a8\/\"]}]},{\"@type\":\"ImageObject\",\"inLanguage\":\"en-US\",\"@id\":\"https:\/\/www.lookforward.at\/produkt\/054-%e2%9c%a8-kuschelige-strickhaube-mit-herz-dein-suesser-winter-begleiter-%e2%9c%a8\/#primaryimage\",\"url\":\"https:\/\/www.lookforward.at\/wp-content\/uploads\/2025\/09\/image00363-scaled.jpeg\",\"contentUrl\":\"https:\/\/www.lookforward.at\/wp-content\/uploads\/2025\/09\/image00363-scaled.jpeg\",\"width\":1920,\"height\":2560,\"caption\":\"Processed with VSCO with al3 preset\"},{\"@type\":\"BreadcrumbList\",\"@id\":\"https:\/\/www.lookforward.at\/produkt\/054-%e2%9c%a8-kuschelige-strickhaube-mit-herz-dein-suesser-winter-begleiter-%e2%9c%a8\/#breadcrumb\",\"itemListElement\":[{\"@type\":\"ListItem\",\"position\":1,\"name\":\"Startseite\",\"item\":\"https:\/\/www.lookforward.at\/\"},{\"@type\":\"ListItem\",\"position\":2,\"name\":\"Shop\",\"item\":\"https:\/\/www.lookforward.at\/shop\/\"},{\"@type\":\"ListItem\",\"position\":3,\"name\":\"054 \u2728 Kuschelige Strickhaube mit Herz \u2013 dein s\u00fc\u00dfer Winter-Begleiter \u2728\"}]},{\"@type\":\"WebSite\",\"@id\":\"https:\/\/www.lookforward.at\/#website\",\"url\":\"https:\/\/www.lookforward.at\/\",\"name\":\"lookforward Shop\",\"description\":\"Der neue Shop f\u00fcr Fashion, Lifestyle, Family, Food and Beauty.\",\"publisher\":{\"@id\":\"https:\/\/www.lookforward.at\/#organization\"},\"potentialAction\":[{\"@type\":\"SearchAction\",\"target\":{\"@type\":\"EntryPoint\",\"urlTemplate\":\"https:\/\/www.lookforward.at\/?s={search_term_string}\"},\"query-input\":{\"@type\":\"PropertyValueSpecification\",\"valueRequired\":true,\"valueName\":\"search_term_string\"}}],\"inLanguage\":\"en-US\"},{\"@type\":\"Organization\",\"@id\":\"https:\/\/www.lookforward.at\/#organization\",\"name\":\"KB lookforward\",\"url\":\"https:\/\/www.lookforward.at\/\",\"logo\":{\"@type\":\"ImageObject\",\"inLanguage\":\"en-US\",\"@id\":\"https:\/\/www.lookforward.at\/#\/schema\/logo\/image\/\",\"url\":\"https:\/\/www.lookforward.at\/wp-content\/uploads\/2023\/10\/Icon-KB.svg\",\"contentUrl\":\"https:\/\/www.lookforward.at\/wp-content\/uploads\/2023\/10\/Icon-KB.svg\",\"caption\":\"KB lookforward\"},\"image\":{\"@id\":\"https:\/\/www.lookforward.at\/#\/schema\/logo\/image\/\"}}]}<\/script>\n<!-- \/ Yoast SEO plugin. -->","yoast_head_json":{"title":"054 \u2728 Kuschelige Strickhaube mit Herz \u2013 dein s\u00fc\u00dfer Winter-Begleiter \u2728","robots":{"index":"index","follow":"follow","max-snippet":"max-snippet:-1","max-image-preview":"max-image-preview:large","max-video-preview":"max-video-preview:-1"},"canonical":"https:\/\/www.lookforward.at\/en\/produkt\/054-\u2728-kuschelige-strickhaube-mit-herz-dein-suesser-winter-begleiter-\u2728\/","og_locale":"en_US","og_type":"article","og_title":"[:de]054 \u2728 Kuschelige Strickhaube mit Herz \u2013 dein s\u00fc\u00dfer Winter-Begleiter \u2728[:] - lookforward Shop","og_description":"\u2728 Kuschelige Strickhaube mit Herz \u2013 dein s\u00fc\u00dfer Winter-Begleiter \u2728  Warm eingepackt & trotzdem stylisch \u2744\ufe0f Diese Strickhaube h\u00e4lt dich nicht nur cozy warm, sondern zaubert mit dem kleinen Herzchen-Detail auch ein L\u00e4cheln ins Gesicht \ud83d\udc95 Perfekt f\u00fcr kalte Wintertage, Spazierg\u00e4nge und s\u00fc\u00dfe Winterlooks!  \ud83c\udf38 Details, die begeistern: \u2022 \ud83e\uddf6 Kuschelig weicher Strick \u2013 angenehm zu tragen \u2022 \ud83d\udc96 Herz-Detail vorne \u2013 ein s\u00fc\u00dfer Hingucker \u2022 \u2728 Einheitsgr\u00f6\u00dfe \u2013 passt sich wunderbar an \u2022 \ud83c\udf80 L\u00e4ssig zum Umschlagen \u2013 f\u00fcr den perfekten Sitz \u2022 \ud83c\udf0d Made in Italy \u2013 mit viel Liebe gefertigt  \ud83d\udccf Passform: One Size \ud83e\uddf5 Material: 100 % Polyester \ud83e\uddfc Pflege: Handw\u00e4sche empfohlen  \ud83d\udc96 Erh\u00e4ltlich in s\u00fc\u00dfen Farben: \u2013 \u26ab Schwarz \u2013 klassisch & edel \u2013 \ud83c\udf77 Bordeaux \u2013 warm & ausdrucksstark \u2013 \ud83e\udd0e Beige mit wei\u00dfem Herz \u2013 cozy & feminin \u2013 \ud83e\udd0d Grau mit pinkem Herz \u2013 verspielt & trendy","og_url":"https:\/\/www.lookforward.at\/en\/produkt\/054-\u2728-kuschelige-strickhaube-mit-herz-dein-suesser-winter-begleiter-\u2728\/","og_site_name":"lookforward Shop","article_modified_time":"2026-02-14T22:39:37+00:00","og_image":[{"width":1920,"height":2560,"url":"https:\/\/www.lookforward.at\/wp-content\/uploads\/2025\/09\/image00363-scaled.jpeg","type":"image\/jpeg"}],"twitter_card":"summary_large_image","twitter_misc":{"Est. reading time":"1 minute"},"schema":{"@context":"https:\/\/schema.org","@graph":[{"@type":"WebPage","@id":"https:\/\/www.lookforward.at\/produkt\/054-%e2%9c%a8-kuschelige-strickhaube-mit-herz-dein-suesser-winter-begleiter-%e2%9c%a8\/","url":"https:\/\/www.lookforward.at\/produkt\/054-%e2%9c%a8-kuschelige-strickhaube-mit-herz-dein-suesser-winter-begleiter-%e2%9c%a8\/","name":"054 \u2728 Kuschelige Strickhaube mit Herz \u2013 dein s\u00fc\u00dfer Winter-Begleiter \u2728","isPartOf":{"@id":"https:\/\/www.lookforward.at\/#website"},"primaryImageOfPage":{"@id":"https:\/\/www.lookforward.at\/produkt\/054-%e2%9c%a8-kuschelige-strickhaube-mit-herz-dein-suesser-winter-begleiter-%e2%9c%a8\/#primaryimage"},"image":{"@id":"https:\/\/www.lookforward.at\/produkt\/054-%e2%9c%a8-kuschelige-strickhaube-mit-herz-dein-suesser-winter-begleiter-%e2%9c%a8\/#primaryimage"},"thumbnailUrl":"https:\/\/www.lookforward.at\/wp-content\/uploads\/2025\/09\/image00363-scaled.jpeg","datePublished":"2025-09-26T20:18:55+00:00","dateModified":"2026-02-14T22:39:37+00:00","breadcrumb":{"@id":"https:\/\/www.lookforward.at\/produkt\/054-%e2%9c%a8-kuschelige-strickhaube-mit-herz-dein-suesser-winter-begleiter-%e2%9c%a8\/#breadcrumb"},"inLanguage":"en-US","potentialAction":[{"@type":"ReadAction","target":["https:\/\/www.lookforward.at\/produkt\/054-%e2%9c%a8-kuschelige-strickhaube-mit-herz-dein-suesser-winter-begleiter-%e2%9c%a8\/"]}]},{"@type":"ImageObject","inLanguage":"en-US","@id":"https:\/\/www.lookforward.at\/produkt\/054-%e2%9c%a8-kuschelige-strickhaube-mit-herz-dein-suesser-winter-begleiter-%e2%9c%a8\/#primaryimage","url":"https:\/\/www.lookforward.at\/wp-content\/uploads\/2025\/09\/image00363-scaled.jpeg","contentUrl":"https:\/\/www.lookforward.at\/wp-content\/uploads\/2025\/09\/image00363-scaled.jpeg","width":1920,"height":2560,"caption":"Processed with VSCO with al3 preset"},{"@type":"BreadcrumbList","@id":"https:\/\/www.lookforward.at\/produkt\/054-%e2%9c%a8-kuschelige-strickhaube-mit-herz-dein-suesser-winter-begleiter-%e2%9c%a8\/#breadcrumb","itemListElement":[{"@type":"ListItem","position":1,"name":"Startseite","item":"https:\/\/www.lookforward.at\/"},{"@type":"ListItem","position":2,"name":"Shop","item":"https:\/\/www.lookforward.at\/shop\/"},{"@type":"ListItem","position":3,"name":"054 \u2728 Kuschelige Strickhaube mit Herz \u2013 dein s\u00fc\u00dfer Winter-Begleiter \u2728"}]},{"@type":"WebSite","@id":"https:\/\/www.lookforward.at\/#website","url":"https:\/\/www.lookforward.at\/","name":"lookforward Shop","description":"Der neue Shop f\u00fcr Fashion, Lifestyle, Family, Food and Beauty.","publisher":{"@id":"https:\/\/www.lookforward.at\/#organization"},"potentialAction":[{"@type":"SearchAction","target":{"@type":"EntryPoint","urlTemplate":"https:\/\/www.lookforward.at\/?s={search_term_string}"},"query-input":{"@type":"PropertyValueSpecification","valueRequired":true,"valueName":"search_term_string"}}],"inLanguage":"en-US"},{"@type":"Organization","@id":"https:\/\/www.lookforward.at\/#organization","name":"KB lookforward","url":"https:\/\/www.lookforward.at\/","logo":{"@type":"ImageObject","inLanguage":"en-US","@id":"https:\/\/www.lookforward.at\/#\/schema\/logo\/image\/","url":"https:\/\/www.lookforward.at\/wp-content\/uploads\/2023\/10\/Icon-KB.svg","contentUrl":"https:\/\/www.lookforward.at\/wp-content\/uploads\/2023\/10\/Icon-KB.svg","caption":"KB lookforward"},"image":{"@id":"https:\/\/www.lookforward.at\/#\/schema\/logo\/image\/"}}]}},"_links":{"self":[{"href":"https:\/\/www.lookforward.at\/en\/wp-json\/wp\/v2\/product\/151098","targetHints":{"allow":["GET"]}}],"collection":[{"href":"https:\/\/www.lookforward.at\/en\/wp-json\/wp\/v2\/product"}],"about":[{"href":"https:\/\/www.lookforward.at\/en\/wp-json\/wp\/v2\/types\/product"}],"wp:featuredmedia":[{"embeddable":true,"href":"https:\/\/www.lookforward.at\/en\/wp-json\/wp\/v2\/media\/151033"}],"wp:attachment":[{"href":"https:\/\/www.lookforward.at\/en\/wp-json\/wp\/v2\/media?parent=151098"}],"wp:term":[{"taxonomy":"product_brand","embeddable":true,"href":"https:\/\/www.lookforward.at\/en\/wp-json\/wp\/v2\/product_brand?post=151098"},{"taxonomy":"product_cat","embeddable":true,"href":"https:\/\/www.lookforward.at\/en\/wp-json\/wp\/v2\/product_cat?post=151098"},{"taxonomy":"product_tag","embeddable":true,"href":"https:\/\/www.lookforward.at\/en\/wp-json\/wp\/v2\/product_tag?post=151098"}],"curies":[{"name":"wp","href":"https:\/\/api.w.org\/{rel}","templated":true}]}}