{"id":151112,"date":"2025-09-26T22:42:19","date_gmt":"2025-09-26T20:42:19","guid":{"rendered":"https:\/\/www.lookforward.at\/?post_type=product&#038;p=151112"},"modified":"2026-01-25T14:38:00","modified_gmt":"2026-01-25T13:38:00","slug":"056-%f0%9f%90%be-wende-schal-im-leo-design-oder-in-karo-optik-stylisch-kuschelig-%f0%9f%90%be","status":"publish","type":"product","link":"https:\/\/www.lookforward.at\/en\/produkt\/056-%f0%9f%90%be-wende-schal-im-leo-design-oder-in-karo-optik-stylisch-kuschelig-%f0%9f%90%be\/","title":{"rendered":"056 \ud83d\udc3e Wende-Schal im Leo-Design oder in Karo Optik \u2013 stylisch &#038; kuschelig \ud83d\udc3e"},"content":{"rendered":"","protected":false},"excerpt":{"rendered":"<div>\ud83d\udc3e<b> Wende-Schal im Leo-Design \u2013 stylisch &#038; kuschelig <\/b>\ud83d\udc3e<\/div>\n<div><\/div>\n<div>Ein Schal, zwei Looks \u2728 \u2013 dieser Wende-Schal mit Leo-Muster ist das absolute Must-Have f\u00fcr den Herbst &#038; Winter. Superweich, warm und vielseitig tragbar \u2013 ob zu deinem Mantel, zur Lederjacke oder ganz casual mit Strick &#038; Jeans.<\/div>\n<div><\/div>\n<div>\ud83c\udf1f Ein echtes Highlight, das jedes Outfit sofort aufregender macht!<\/div>\n<div><\/div>\n<div>\u2e3b<\/div>\n<div><\/div>\n<div>\u2728 <b>Details:<\/b><\/div>\n<div>\ud83e\udde3 Wende-Design \u2013 zwei tragbare Seiten (Leo &#038; unifarben)<\/div>\n<div>\ud83d\udc06 Leo-Muster \u2013 stylisch &#038; modern<\/div>\n<div>\ud83e\udd0d Kuschelweich &#038; warm \u2013 perfekt f\u00fcr kalte Tage<\/div>\n<div>\ud83c\udf3f Vielseitig kombinierbar \u2013 passt zu M\u00e4nteln, Jacken &#038; Cardigans<\/div>\n<div>\ud83d\udcab Gr\u00f6\u00dfe: ca. 180 \u00d7 45 cm<\/div>\n<div>\ud83e\uddf5 Material: 100 % Viskose<\/div>\n<div>\ud83c\udf00 Pflege: Waschbar bei 30 Grad<\/div>\n<div><\/div>\n<div>\u2e3b<\/div>\n<div><\/div>\n<div>\ud83d\udccc <b>Farben:<\/b><\/div>\n<div>\u2013 Braun\/Beige Leo \ud83e\udd0e<\/div>\n<div>\u2013 Grau\/Schwarz Leo \ud83d\udda4<\/div>\n<div>-Karo\/schwarz<\/div>\n<div>-Karo\/braun<\/div>\n","protected":false},"featured_media":150999,"template":"","meta":{"inline_featured_image":false},"product_brand":[],"product_cat":[485,479,484],"product_tag":[],"class_list":{"0":"post-151112","1":"product","2":"type-product","3":"status-publish","4":"has-post-thumbnail","6":"product_cat-accessoires","7":"product_cat-pre-fall-kollektion","8":"product_cat-jacken","10":"first","11":"onbackorder","12":"taxable","13":"shipping-taxable","14":"purchasable","15":"product-type-variable"},"bundled_by":[],"bundle_stock_status":"onbackorder","bundle_stock_quantity":null,"bundle_virtual":false,"bundle_layout":"","bundle_add_to_cart_form_location":"","bundle_editable_in_cart":false,"bundle_sold_individually_context":"","bundle_item_grouping":"","bundle_min_size":"","bundle_max_size":"","bundle_price":[],"bundled_items":[],"bundle_sell_ids":[],"yoast_head":"<!-- This site is optimized with the Yoast SEO plugin v26.5 - https:\/\/yoast.com\/wordpress\/plugins\/seo\/ -->\n<title>056 \ud83d\udc3e Wende-Schal im Leo-Design oder in Karo Optik \u2013 stylisch &amp; kuschelig \ud83d\udc3e<\/title>\n<meta name=\"robots\" content=\"index, follow, max-snippet:-1, max-image-preview:large, max-video-preview:-1\" \/>\n<link rel=\"canonical\" href=\"https:\/\/www.lookforward.at\/en\/produkt\/056-\ud83d\udc3e-wende-schal-im-leo-design-oder-in-karo-optik-stylisch-kuschelig-\ud83d\udc3e\/\" \/>\n<meta property=\"og:locale\" content=\"en_US\" \/>\n<meta property=\"og:locale:alternate\" content=\"de_DE\" \/>\n<meta property=\"og:type\" content=\"article\" \/>\n<meta property=\"og:title\" content=\"056 \ud83d\udc3e Wende-Schal im Leo-Design oder in Karo Optik \u2013 stylisch &amp; kuschelig \ud83d\udc3e\" \/>\n<meta property=\"og:description\" content=\"\ud83d\udc3e Wende-Schal im Leo-Design \u2013 stylisch &amp; kuschelig \ud83d\udc3e  Ein Schal, zwei Looks \u2728 \u2013 dieser Wende-Schal mit Leo-Muster ist das absolute Must-Have f\u00fcr den Herbst &amp; Winter. Superweich, warm und vielseitig tragbar \u2013 ob zu deinem Mantel, zur Lederjacke oder ganz casual mit Strick &amp; Jeans.  \ud83c\udf1f Ein echtes Highlight, das jedes Outfit sofort aufregender macht!  \u2e3b  \u2728 Details: \ud83e\udde3 Wende-Design \u2013 zwei tragbare Seiten (Leo &amp; unifarben) \ud83d\udc06 Leo-Muster \u2013 stylisch &amp; modern \ud83e\udd0d Kuschelweich &amp; warm \u2013 perfekt f\u00fcr kalte Tage \ud83c\udf3f Vielseitig kombinierbar \u2013 passt zu M\u00e4nteln, Jacken &amp; Cardigans \ud83d\udcab Gr\u00f6\u00dfe: ca. 180 \u00d7 45 cm \ud83e\uddf5 Material: 100 % Viskose \ud83c\udf00 Pflege: Waschbar bei 30 Grad  \u2e3b  \ud83d\udccc Farben: \u2013 Braun\/Beige Leo \ud83e\udd0e \u2013 Grau\/Schwarz Leo \ud83d\udda4 -Karo\/schwarz -Karo\/braun\" \/>\n<meta property=\"og:url\" content=\"https:\/\/www.lookforward.at\/en\/produkt\/056-\ud83d\udc3e-wende-schal-im-leo-design-oder-in-karo-optik-stylisch-kuschelig-\ud83d\udc3e\/\" \/>\n<meta property=\"og:site_name\" content=\"lookforward Shop\" \/>\n<meta property=\"article:modified_time\" content=\"2026-01-25T13:38:00+00:00\" \/>\n<meta property=\"og:image\" content=\"https:\/\/www.lookforward.at\/wp-content\/uploads\/2025\/09\/image00790-scaled.jpeg\" \/>\n\t<meta property=\"og:image:width\" content=\"1920\" \/>\n\t<meta property=\"og:image:height\" content=\"2560\" \/>\n\t<meta property=\"og:image:type\" content=\"image\/jpeg\" \/>\n<meta name=\"twitter:card\" content=\"summary_large_image\" \/>\n<meta name=\"twitter:label1\" content=\"Est. reading time\" \/>\n\t<meta name=\"twitter:data1\" content=\"1 minute\" \/>\n<script type=\"application\/ld+json\" class=\"yoast-schema-graph\">{\"@context\":\"https:\/\/schema.org\",\"@graph\":[{\"@type\":\"WebPage\",\"@id\":\"https:\/\/www.lookforward.at\/produkt\/056-%f0%9f%90%be-wende-schal-im-leo-design-oder-in-karo-optik-stylisch-kuschelig-%f0%9f%90%be\/\",\"url\":\"https:\/\/www.lookforward.at\/produkt\/056-%f0%9f%90%be-wende-schal-im-leo-design-oder-in-karo-optik-stylisch-kuschelig-%f0%9f%90%be\/\",\"name\":\"056 \ud83d\udc3e Wende-Schal im Leo-Design oder in Karo Optik \u2013 stylisch & kuschelig \ud83d\udc3e\",\"isPartOf\":{\"@id\":\"https:\/\/www.lookforward.at\/#website\"},\"primaryImageOfPage\":{\"@id\":\"https:\/\/www.lookforward.at\/produkt\/056-%f0%9f%90%be-wende-schal-im-leo-design-oder-in-karo-optik-stylisch-kuschelig-%f0%9f%90%be\/#primaryimage\"},\"image\":{\"@id\":\"https:\/\/www.lookforward.at\/produkt\/056-%f0%9f%90%be-wende-schal-im-leo-design-oder-in-karo-optik-stylisch-kuschelig-%f0%9f%90%be\/#primaryimage\"},\"thumbnailUrl\":\"https:\/\/www.lookforward.at\/wp-content\/uploads\/2025\/09\/image00790-scaled.jpeg\",\"datePublished\":\"2025-09-26T20:42:19+00:00\",\"dateModified\":\"2026-01-25T13:38:00+00:00\",\"breadcrumb\":{\"@id\":\"https:\/\/www.lookforward.at\/produkt\/056-%f0%9f%90%be-wende-schal-im-leo-design-oder-in-karo-optik-stylisch-kuschelig-%f0%9f%90%be\/#breadcrumb\"},\"inLanguage\":\"en-US\",\"potentialAction\":[{\"@type\":\"ReadAction\",\"target\":[\"https:\/\/www.lookforward.at\/produkt\/056-%f0%9f%90%be-wende-schal-im-leo-design-oder-in-karo-optik-stylisch-kuschelig-%f0%9f%90%be\/\"]}]},{\"@type\":\"ImageObject\",\"inLanguage\":\"en-US\",\"@id\":\"https:\/\/www.lookforward.at\/produkt\/056-%f0%9f%90%be-wende-schal-im-leo-design-oder-in-karo-optik-stylisch-kuschelig-%f0%9f%90%be\/#primaryimage\",\"url\":\"https:\/\/www.lookforward.at\/wp-content\/uploads\/2025\/09\/image00790-scaled.jpeg\",\"contentUrl\":\"https:\/\/www.lookforward.at\/wp-content\/uploads\/2025\/09\/image00790-scaled.jpeg\",\"width\":1920,\"height\":2560},{\"@type\":\"BreadcrumbList\",\"@id\":\"https:\/\/www.lookforward.at\/produkt\/056-%f0%9f%90%be-wende-schal-im-leo-design-oder-in-karo-optik-stylisch-kuschelig-%f0%9f%90%be\/#breadcrumb\",\"itemListElement\":[{\"@type\":\"ListItem\",\"position\":1,\"name\":\"Startseite\",\"item\":\"https:\/\/www.lookforward.at\/\"},{\"@type\":\"ListItem\",\"position\":2,\"name\":\"Shop\",\"item\":\"https:\/\/www.lookforward.at\/shop\/\"},{\"@type\":\"ListItem\",\"position\":3,\"name\":\"056 \ud83d\udc3e Wende-Schal im Leo-Design oder in Karo Optik \u2013 stylisch &#038; kuschelig \ud83d\udc3e\"}]},{\"@type\":\"WebSite\",\"@id\":\"https:\/\/www.lookforward.at\/#website\",\"url\":\"https:\/\/www.lookforward.at\/\",\"name\":\"lookforward Shop\",\"description\":\"Der neue Shop f\u00fcr Fashion, Lifestyle, Family, Food and Beauty.\",\"publisher\":{\"@id\":\"https:\/\/www.lookforward.at\/#organization\"},\"potentialAction\":[{\"@type\":\"SearchAction\",\"target\":{\"@type\":\"EntryPoint\",\"urlTemplate\":\"https:\/\/www.lookforward.at\/?s={search_term_string}\"},\"query-input\":{\"@type\":\"PropertyValueSpecification\",\"valueRequired\":true,\"valueName\":\"search_term_string\"}}],\"inLanguage\":\"en-US\"},{\"@type\":\"Organization\",\"@id\":\"https:\/\/www.lookforward.at\/#organization\",\"name\":\"KB lookforward\",\"url\":\"https:\/\/www.lookforward.at\/\",\"logo\":{\"@type\":\"ImageObject\",\"inLanguage\":\"en-US\",\"@id\":\"https:\/\/www.lookforward.at\/#\/schema\/logo\/image\/\",\"url\":\"https:\/\/www.lookforward.at\/wp-content\/uploads\/2023\/10\/Icon-KB.svg\",\"contentUrl\":\"https:\/\/www.lookforward.at\/wp-content\/uploads\/2023\/10\/Icon-KB.svg\",\"caption\":\"KB lookforward\"},\"image\":{\"@id\":\"https:\/\/www.lookforward.at\/#\/schema\/logo\/image\/\"}}]}<\/script>\n<!-- \/ Yoast SEO plugin. -->","yoast_head_json":{"title":"056 \ud83d\udc3e Wende-Schal im Leo-Design oder in Karo Optik \u2013 stylisch & kuschelig \ud83d\udc3e","robots":{"index":"index","follow":"follow","max-snippet":"max-snippet:-1","max-image-preview":"max-image-preview:large","max-video-preview":"max-video-preview:-1"},"canonical":"https:\/\/www.lookforward.at\/en\/produkt\/056-\ud83d\udc3e-wende-schal-im-leo-design-oder-in-karo-optik-stylisch-kuschelig-\ud83d\udc3e\/","og_locale":"en_US","og_type":"article","og_title":"[:de]056 \ud83d\udc3e Wende-Schal im Leo-Design oder in Karo Optik \u2013 stylisch & kuschelig \ud83d\udc3e[:] - lookforward Shop","og_description":"\ud83d\udc3e Wende-Schal im Leo-Design \u2013 stylisch & kuschelig \ud83d\udc3e  Ein Schal, zwei Looks \u2728 \u2013 dieser Wende-Schal mit Leo-Muster ist das absolute Must-Have f\u00fcr den Herbst & Winter. Superweich, warm und vielseitig tragbar \u2013 ob zu deinem Mantel, zur Lederjacke oder ganz casual mit Strick & Jeans.  \ud83c\udf1f Ein echtes Highlight, das jedes Outfit sofort aufregender macht!  \u2e3b  \u2728 Details: \ud83e\udde3 Wende-Design \u2013 zwei tragbare Seiten (Leo & unifarben) \ud83d\udc06 Leo-Muster \u2013 stylisch & modern \ud83e\udd0d Kuschelweich & warm \u2013 perfekt f\u00fcr kalte Tage \ud83c\udf3f Vielseitig kombinierbar \u2013 passt zu M\u00e4nteln, Jacken & Cardigans \ud83d\udcab Gr\u00f6\u00dfe: ca. 180 \u00d7 45 cm \ud83e\uddf5 Material: 100 % Viskose \ud83c\udf00 Pflege: Waschbar bei 30 Grad  \u2e3b  \ud83d\udccc Farben: \u2013 Braun\/Beige Leo \ud83e\udd0e \u2013 Grau\/Schwarz Leo \ud83d\udda4 -Karo\/schwarz -Karo\/braun","og_url":"https:\/\/www.lookforward.at\/en\/produkt\/056-\ud83d\udc3e-wende-schal-im-leo-design-oder-in-karo-optik-stylisch-kuschelig-\ud83d\udc3e\/","og_site_name":"lookforward Shop","article_modified_time":"2026-01-25T13:38:00+00:00","og_image":[{"width":1920,"height":2560,"url":"https:\/\/www.lookforward.at\/wp-content\/uploads\/2025\/09\/image00790-scaled.jpeg","type":"image\/jpeg"}],"twitter_card":"summary_large_image","twitter_misc":{"Est. reading time":"1 minute"},"schema":{"@context":"https:\/\/schema.org","@graph":[{"@type":"WebPage","@id":"https:\/\/www.lookforward.at\/produkt\/056-%f0%9f%90%be-wende-schal-im-leo-design-oder-in-karo-optik-stylisch-kuschelig-%f0%9f%90%be\/","url":"https:\/\/www.lookforward.at\/produkt\/056-%f0%9f%90%be-wende-schal-im-leo-design-oder-in-karo-optik-stylisch-kuschelig-%f0%9f%90%be\/","name":"056 \ud83d\udc3e Wende-Schal im Leo-Design oder in Karo Optik \u2013 stylisch & kuschelig \ud83d\udc3e","isPartOf":{"@id":"https:\/\/www.lookforward.at\/#website"},"primaryImageOfPage":{"@id":"https:\/\/www.lookforward.at\/produkt\/056-%f0%9f%90%be-wende-schal-im-leo-design-oder-in-karo-optik-stylisch-kuschelig-%f0%9f%90%be\/#primaryimage"},"image":{"@id":"https:\/\/www.lookforward.at\/produkt\/056-%f0%9f%90%be-wende-schal-im-leo-design-oder-in-karo-optik-stylisch-kuschelig-%f0%9f%90%be\/#primaryimage"},"thumbnailUrl":"https:\/\/www.lookforward.at\/wp-content\/uploads\/2025\/09\/image00790-scaled.jpeg","datePublished":"2025-09-26T20:42:19+00:00","dateModified":"2026-01-25T13:38:00+00:00","breadcrumb":{"@id":"https:\/\/www.lookforward.at\/produkt\/056-%f0%9f%90%be-wende-schal-im-leo-design-oder-in-karo-optik-stylisch-kuschelig-%f0%9f%90%be\/#breadcrumb"},"inLanguage":"en-US","potentialAction":[{"@type":"ReadAction","target":["https:\/\/www.lookforward.at\/produkt\/056-%f0%9f%90%be-wende-schal-im-leo-design-oder-in-karo-optik-stylisch-kuschelig-%f0%9f%90%be\/"]}]},{"@type":"ImageObject","inLanguage":"en-US","@id":"https:\/\/www.lookforward.at\/produkt\/056-%f0%9f%90%be-wende-schal-im-leo-design-oder-in-karo-optik-stylisch-kuschelig-%f0%9f%90%be\/#primaryimage","url":"https:\/\/www.lookforward.at\/wp-content\/uploads\/2025\/09\/image00790-scaled.jpeg","contentUrl":"https:\/\/www.lookforward.at\/wp-content\/uploads\/2025\/09\/image00790-scaled.jpeg","width":1920,"height":2560},{"@type":"BreadcrumbList","@id":"https:\/\/www.lookforward.at\/produkt\/056-%f0%9f%90%be-wende-schal-im-leo-design-oder-in-karo-optik-stylisch-kuschelig-%f0%9f%90%be\/#breadcrumb","itemListElement":[{"@type":"ListItem","position":1,"name":"Startseite","item":"https:\/\/www.lookforward.at\/"},{"@type":"ListItem","position":2,"name":"Shop","item":"https:\/\/www.lookforward.at\/shop\/"},{"@type":"ListItem","position":3,"name":"056 \ud83d\udc3e Wende-Schal im Leo-Design oder in Karo Optik \u2013 stylisch &#038; kuschelig \ud83d\udc3e"}]},{"@type":"WebSite","@id":"https:\/\/www.lookforward.at\/#website","url":"https:\/\/www.lookforward.at\/","name":"lookforward Shop","description":"Der neue Shop f\u00fcr Fashion, Lifestyle, Family, Food and Beauty.","publisher":{"@id":"https:\/\/www.lookforward.at\/#organization"},"potentialAction":[{"@type":"SearchAction","target":{"@type":"EntryPoint","urlTemplate":"https:\/\/www.lookforward.at\/?s={search_term_string}"},"query-input":{"@type":"PropertyValueSpecification","valueRequired":true,"valueName":"search_term_string"}}],"inLanguage":"en-US"},{"@type":"Organization","@id":"https:\/\/www.lookforward.at\/#organization","name":"KB lookforward","url":"https:\/\/www.lookforward.at\/","logo":{"@type":"ImageObject","inLanguage":"en-US","@id":"https:\/\/www.lookforward.at\/#\/schema\/logo\/image\/","url":"https:\/\/www.lookforward.at\/wp-content\/uploads\/2023\/10\/Icon-KB.svg","contentUrl":"https:\/\/www.lookforward.at\/wp-content\/uploads\/2023\/10\/Icon-KB.svg","caption":"KB lookforward"},"image":{"@id":"https:\/\/www.lookforward.at\/#\/schema\/logo\/image\/"}}]}},"_links":{"self":[{"href":"https:\/\/www.lookforward.at\/en\/wp-json\/wp\/v2\/product\/151112","targetHints":{"allow":["GET"]}}],"collection":[{"href":"https:\/\/www.lookforward.at\/en\/wp-json\/wp\/v2\/product"}],"about":[{"href":"https:\/\/www.lookforward.at\/en\/wp-json\/wp\/v2\/types\/product"}],"wp:featuredmedia":[{"embeddable":true,"href":"https:\/\/www.lookforward.at\/en\/wp-json\/wp\/v2\/media\/150999"}],"wp:attachment":[{"href":"https:\/\/www.lookforward.at\/en\/wp-json\/wp\/v2\/media?parent=151112"}],"wp:term":[{"taxonomy":"product_brand","embeddable":true,"href":"https:\/\/www.lookforward.at\/en\/wp-json\/wp\/v2\/product_brand?post=151112"},{"taxonomy":"product_cat","embeddable":true,"href":"https:\/\/www.lookforward.at\/en\/wp-json\/wp\/v2\/product_cat?post=151112"},{"taxonomy":"product_tag","embeddable":true,"href":"https:\/\/www.lookforward.at\/en\/wp-json\/wp\/v2\/product_tag?post=151112"}],"curies":[{"name":"wp","href":"https:\/\/api.w.org\/{rel}","templated":true}]}}