{"id":151381,"date":"2025-10-12T12:20:48","date_gmt":"2025-10-12T10:20:48","guid":{"rendered":"https:\/\/www.lookforward.at\/?post_type=product&#038;p=151381"},"modified":"2026-03-16T10:56:09","modified_gmt":"2026-03-16T09:56:09","slug":"061-strickcardigan-mit-schleifenbindung-%f0%9f%a4%8e-in-8-farben","status":"publish","type":"product","link":"https:\/\/www.lookforward.at\/en\/produkt\/061-strickcardigan-mit-schleifenbindung-%f0%9f%a4%8e-in-8-farben\/","title":{"rendered":"061 Strickcardigan mit Schleifenbindung \ud83e\udd0e\u00a0in 8 Farben"},"content":{"rendered":"","protected":false},"excerpt":{"rendered":"<div><b>Strickcardigan mit Schleifenbindung <\/b>\ud83e\udd0e<\/div>\n<div><\/div>\n<div>Ein cozy Must-have f\u00fcr k\u00fchle Tage!<\/div>\n<div>Dieser weiche <b>Strickcardigan mit verspielter Schleifenbindung vorne<\/b> vereint Komfort und Stil in einem. Die <b>lockere One Size-Passform<\/b> (passt von 36\u201344) sorgt f\u00fcr ein angenehmes Tragegef\u00fchl und l\u00e4sst sich perfekt zu Kleidern, Jeans oder R\u00f6cken kombinieren.<\/div>\n<div><\/div>\n<div>Erh\u00e4ltlich in vielen sch\u00f6nen Farben \u2013 f\u00fcr jeden Look das passende It-Piece:<\/div>\n<div>\ud83e\ude76 Beige | \ud83d\udda4 Schwarz | \ud83c\udf77 Weinrot | \ud83e\uddf8 Camel | \ud83e\udd0e Braun | \ud83c\udf2b Grau | \ud83c\udf3f Khaki | \ud83d\udc99 Blau<\/div>\n<div><\/div>\n<div>\u2728 <b>Details:<\/b><\/div>\n<div>\u2022 One Size (passt von 36\u201344)<\/div>\n<div>\u2022 Made in Italy \ud83c\uddee\ud83c\uddf9<\/div>\n<div>\u2022 Waschbar bei 30 \u00b0C<\/div>\n<div>\u2022 Material: <b>70 % Acryl | 20 % Nylon | 10 % Mohair<\/b><\/div>\n<div>\u2022 Lockerer Schnitt mit Bindeschleifen<\/div>\n<div>\u2022 Weiche, angenehme Strickqualit\u00e4t<\/div>\n<div><\/div>\n<div>\u2026\u2026\u2026\u2026..<\/div>\n","protected":false},"featured_media":151300,"template":"","meta":{"inline_featured_image":false},"product_brand":[],"product_cat":[479,65],"product_tag":[],"class_list":{"0":"post-151381","1":"product","2":"type-product","3":"status-publish","4":"has-post-thumbnail","6":"product_cat-pre-fall-kollektion","7":"product_cat-cardigan","9":"first","10":"onbackorder","11":"taxable","12":"shipping-taxable","13":"purchasable","14":"product-type-variable"},"bundled_by":[],"bundle_stock_status":"onbackorder","bundle_stock_quantity":null,"bundle_virtual":false,"bundle_layout":"","bundle_add_to_cart_form_location":"","bundle_editable_in_cart":false,"bundle_sold_individually_context":"","bundle_item_grouping":"","bundle_min_size":"","bundle_max_size":"","bundle_price":[],"bundled_items":[],"bundle_sell_ids":[],"yoast_head":"<!-- This site is optimized with the Yoast SEO plugin v26.5 - https:\/\/yoast.com\/wordpress\/plugins\/seo\/ -->\n<title>061 Strickcardigan mit Schleifenbindung \ud83e\udd0e\u00a0in 8 Farben<\/title>\n<meta name=\"robots\" content=\"index, follow, max-snippet:-1, max-image-preview:large, max-video-preview:-1\" \/>\n<link rel=\"canonical\" href=\"https:\/\/www.lookforward.at\/en\/produkt\/061-strickcardigan-mit-schleifenbindung-\ud83e\udd0e-in-8-farben\/\" \/>\n<meta property=\"og:locale\" content=\"en_US\" \/>\n<meta property=\"og:locale:alternate\" content=\"de_DE\" \/>\n<meta property=\"og:type\" content=\"article\" \/>\n<meta property=\"og:title\" content=\"061 Strickcardigan mit Schleifenbindung \ud83e\udd0e\u00a0in 8 Farben\" \/>\n<meta property=\"og:description\" content=\"Strickcardigan mit Schleifenbindung \ud83e\udd0e  Ein cozy Must-have f\u00fcr k\u00fchle Tage! Dieser weiche Strickcardigan mit verspielter Schleifenbindung vorne vereint Komfort und Stil in einem. Die lockere One Size-Passform (passt von 36\u201344) sorgt f\u00fcr ein angenehmes Tragegef\u00fchl und l\u00e4sst sich perfekt zu Kleidern, Jeans oder R\u00f6cken kombinieren.  Erh\u00e4ltlich in vielen sch\u00f6nen Farben \u2013 f\u00fcr jeden Look das passende It-Piece: \ud83e\ude76 Beige | \ud83d\udda4 Schwarz | \ud83c\udf77 Weinrot | \ud83e\uddf8 Camel | \ud83e\udd0e Braun | \ud83c\udf2b Grau | \ud83c\udf3f Khaki | \ud83d\udc99 Blau  \u2728 Details: \u2022 One Size (passt von 36\u201344) \u2022 Made in Italy \ud83c\uddee\ud83c\uddf9 \u2022 Waschbar bei 30 \u00b0C \u2022 Material: 70 % Acryl | 20 % Nylon | 10 % Mohair \u2022 Lockerer Schnitt mit Bindeschleifen \u2022 Weiche, angenehme Strickqualit\u00e4t  \u2026\u2026\u2026\u2026..\" \/>\n<meta property=\"og:url\" content=\"https:\/\/www.lookforward.at\/en\/produkt\/061-strickcardigan-mit-schleifenbindung-\ud83e\udd0e-in-8-farben\/\" \/>\n<meta property=\"og:site_name\" content=\"lookforward Shop\" \/>\n<meta property=\"article:modified_time\" content=\"2026-03-16T09:56:09+00:00\" \/>\n<meta name=\"twitter:card\" content=\"summary_large_image\" \/>\n<meta name=\"twitter:label1\" content=\"Est. reading time\" \/>\n\t<meta name=\"twitter:data1\" content=\"1 minute\" \/>\n<script type=\"application\/ld+json\" class=\"yoast-schema-graph\">{\"@context\":\"https:\/\/schema.org\",\"@graph\":[{\"@type\":\"WebPage\",\"@id\":\"https:\/\/www.lookforward.at\/produkt\/061-strickcardigan-mit-schleifenbindung-%f0%9f%a4%8e-in-8-farben\/\",\"url\":\"https:\/\/www.lookforward.at\/produkt\/061-strickcardigan-mit-schleifenbindung-%f0%9f%a4%8e-in-8-farben\/\",\"name\":\"061 Strickcardigan mit Schleifenbindung \ud83e\udd0e\u00a0in 8 Farben\",\"isPartOf\":{\"@id\":\"https:\/\/www.lookforward.at\/#website\"},\"primaryImageOfPage\":{\"@id\":\"https:\/\/www.lookforward.at\/produkt\/061-strickcardigan-mit-schleifenbindung-%f0%9f%a4%8e-in-8-farben\/#primaryimage\"},\"image\":{\"@id\":\"https:\/\/www.lookforward.at\/produkt\/061-strickcardigan-mit-schleifenbindung-%f0%9f%a4%8e-in-8-farben\/#primaryimage\"},\"thumbnailUrl\":\"https:\/\/www.lookforward.at\/wp-content\/uploads\/2025\/10\/image00018-2-scaled.jpeg\",\"datePublished\":\"2025-10-12T10:20:48+00:00\",\"dateModified\":\"2026-03-16T09:56:09+00:00\",\"breadcrumb\":{\"@id\":\"https:\/\/www.lookforward.at\/produkt\/061-strickcardigan-mit-schleifenbindung-%f0%9f%a4%8e-in-8-farben\/#breadcrumb\"},\"inLanguage\":\"en-US\",\"potentialAction\":[{\"@type\":\"ReadAction\",\"target\":[\"https:\/\/www.lookforward.at\/produkt\/061-strickcardigan-mit-schleifenbindung-%f0%9f%a4%8e-in-8-farben\/\"]}]},{\"@type\":\"ImageObject\",\"inLanguage\":\"en-US\",\"@id\":\"https:\/\/www.lookforward.at\/produkt\/061-strickcardigan-mit-schleifenbindung-%f0%9f%a4%8e-in-8-farben\/#primaryimage\",\"url\":\"https:\/\/www.lookforward.at\/wp-content\/uploads\/2025\/10\/image00018-2-scaled.jpeg\",\"contentUrl\":\"https:\/\/www.lookforward.at\/wp-content\/uploads\/2025\/10\/image00018-2-scaled.jpeg\",\"width\":1920,\"height\":2560},{\"@type\":\"BreadcrumbList\",\"@id\":\"https:\/\/www.lookforward.at\/produkt\/061-strickcardigan-mit-schleifenbindung-%f0%9f%a4%8e-in-8-farben\/#breadcrumb\",\"itemListElement\":[{\"@type\":\"ListItem\",\"position\":1,\"name\":\"Startseite\",\"item\":\"https:\/\/www.lookforward.at\/\"},{\"@type\":\"ListItem\",\"position\":2,\"name\":\"Shop\",\"item\":\"https:\/\/www.lookforward.at\/shop\/\"},{\"@type\":\"ListItem\",\"position\":3,\"name\":\"061 Strickcardigan mit Schleifenbindung \ud83e\udd0e\u00a0in 8 Farben\"}]},{\"@type\":\"WebSite\",\"@id\":\"https:\/\/www.lookforward.at\/#website\",\"url\":\"https:\/\/www.lookforward.at\/\",\"name\":\"lookforward Shop\",\"description\":\"Der neue Shop f\u00fcr Fashion, Lifestyle, Family, Food and Beauty.\",\"publisher\":{\"@id\":\"https:\/\/www.lookforward.at\/#organization\"},\"potentialAction\":[{\"@type\":\"SearchAction\",\"target\":{\"@type\":\"EntryPoint\",\"urlTemplate\":\"https:\/\/www.lookforward.at\/?s={search_term_string}\"},\"query-input\":{\"@type\":\"PropertyValueSpecification\",\"valueRequired\":true,\"valueName\":\"search_term_string\"}}],\"inLanguage\":\"en-US\"},{\"@type\":\"Organization\",\"@id\":\"https:\/\/www.lookforward.at\/#organization\",\"name\":\"KB lookforward\",\"url\":\"https:\/\/www.lookforward.at\/\",\"logo\":{\"@type\":\"ImageObject\",\"inLanguage\":\"en-US\",\"@id\":\"https:\/\/www.lookforward.at\/#\/schema\/logo\/image\/\",\"url\":\"https:\/\/www.lookforward.at\/wp-content\/uploads\/2023\/10\/Icon-KB.svg\",\"contentUrl\":\"https:\/\/www.lookforward.at\/wp-content\/uploads\/2023\/10\/Icon-KB.svg\",\"caption\":\"KB lookforward\"},\"image\":{\"@id\":\"https:\/\/www.lookforward.at\/#\/schema\/logo\/image\/\"}}]}<\/script>\n<!-- \/ Yoast SEO plugin. -->","yoast_head_json":{"title":"061 Strickcardigan mit Schleifenbindung \ud83e\udd0e\u00a0in 8 Farben","robots":{"index":"index","follow":"follow","max-snippet":"max-snippet:-1","max-image-preview":"max-image-preview:large","max-video-preview":"max-video-preview:-1"},"canonical":"https:\/\/www.lookforward.at\/en\/produkt\/061-strickcardigan-mit-schleifenbindung-\ud83e\udd0e-in-8-farben\/","og_locale":"en_US","og_type":"article","og_title":"[:de]061 Strickcardigan mit Schleifenbindung \ud83e\udd0e\u00a0in 8 Farben[:] - lookforward Shop","og_description":"Strickcardigan mit Schleifenbindung \ud83e\udd0e  Ein cozy Must-have f\u00fcr k\u00fchle Tage! Dieser weiche Strickcardigan mit verspielter Schleifenbindung vorne vereint Komfort und Stil in einem. Die lockere One Size-Passform (passt von 36\u201344) sorgt f\u00fcr ein angenehmes Tragegef\u00fchl und l\u00e4sst sich perfekt zu Kleidern, Jeans oder R\u00f6cken kombinieren.  Erh\u00e4ltlich in vielen sch\u00f6nen Farben \u2013 f\u00fcr jeden Look das passende It-Piece: \ud83e\ude76 Beige | \ud83d\udda4 Schwarz | \ud83c\udf77 Weinrot | \ud83e\uddf8 Camel | \ud83e\udd0e Braun | \ud83c\udf2b Grau | \ud83c\udf3f Khaki | \ud83d\udc99 Blau  \u2728 Details: \u2022 One Size (passt von 36\u201344) \u2022 Made in Italy \ud83c\uddee\ud83c\uddf9 \u2022 Waschbar bei 30 \u00b0C \u2022 Material: 70 % Acryl | 20 % Nylon | 10 % Mohair \u2022 Lockerer Schnitt mit Bindeschleifen \u2022 Weiche, angenehme Strickqualit\u00e4t  \u2026\u2026\u2026\u2026..","og_url":"https:\/\/www.lookforward.at\/en\/produkt\/061-strickcardigan-mit-schleifenbindung-\ud83e\udd0e-in-8-farben\/","og_site_name":"lookforward Shop","article_modified_time":"2026-03-16T09:56:09+00:00","twitter_card":"summary_large_image","twitter_misc":{"Est. reading time":"1 minute"},"schema":{"@context":"https:\/\/schema.org","@graph":[{"@type":"WebPage","@id":"https:\/\/www.lookforward.at\/produkt\/061-strickcardigan-mit-schleifenbindung-%f0%9f%a4%8e-in-8-farben\/","url":"https:\/\/www.lookforward.at\/produkt\/061-strickcardigan-mit-schleifenbindung-%f0%9f%a4%8e-in-8-farben\/","name":"061 Strickcardigan mit Schleifenbindung \ud83e\udd0e\u00a0in 8 Farben","isPartOf":{"@id":"https:\/\/www.lookforward.at\/#website"},"primaryImageOfPage":{"@id":"https:\/\/www.lookforward.at\/produkt\/061-strickcardigan-mit-schleifenbindung-%f0%9f%a4%8e-in-8-farben\/#primaryimage"},"image":{"@id":"https:\/\/www.lookforward.at\/produkt\/061-strickcardigan-mit-schleifenbindung-%f0%9f%a4%8e-in-8-farben\/#primaryimage"},"thumbnailUrl":"https:\/\/www.lookforward.at\/wp-content\/uploads\/2025\/10\/image00018-2-scaled.jpeg","datePublished":"2025-10-12T10:20:48+00:00","dateModified":"2026-03-16T09:56:09+00:00","breadcrumb":{"@id":"https:\/\/www.lookforward.at\/produkt\/061-strickcardigan-mit-schleifenbindung-%f0%9f%a4%8e-in-8-farben\/#breadcrumb"},"inLanguage":"en-US","potentialAction":[{"@type":"ReadAction","target":["https:\/\/www.lookforward.at\/produkt\/061-strickcardigan-mit-schleifenbindung-%f0%9f%a4%8e-in-8-farben\/"]}]},{"@type":"ImageObject","inLanguage":"en-US","@id":"https:\/\/www.lookforward.at\/produkt\/061-strickcardigan-mit-schleifenbindung-%f0%9f%a4%8e-in-8-farben\/#primaryimage","url":"https:\/\/www.lookforward.at\/wp-content\/uploads\/2025\/10\/image00018-2-scaled.jpeg","contentUrl":"https:\/\/www.lookforward.at\/wp-content\/uploads\/2025\/10\/image00018-2-scaled.jpeg","width":1920,"height":2560},{"@type":"BreadcrumbList","@id":"https:\/\/www.lookforward.at\/produkt\/061-strickcardigan-mit-schleifenbindung-%f0%9f%a4%8e-in-8-farben\/#breadcrumb","itemListElement":[{"@type":"ListItem","position":1,"name":"Startseite","item":"https:\/\/www.lookforward.at\/"},{"@type":"ListItem","position":2,"name":"Shop","item":"https:\/\/www.lookforward.at\/shop\/"},{"@type":"ListItem","position":3,"name":"061 Strickcardigan mit Schleifenbindung \ud83e\udd0e\u00a0in 8 Farben"}]},{"@type":"WebSite","@id":"https:\/\/www.lookforward.at\/#website","url":"https:\/\/www.lookforward.at\/","name":"lookforward Shop","description":"Der neue Shop f\u00fcr Fashion, Lifestyle, Family, Food and Beauty.","publisher":{"@id":"https:\/\/www.lookforward.at\/#organization"},"potentialAction":[{"@type":"SearchAction","target":{"@type":"EntryPoint","urlTemplate":"https:\/\/www.lookforward.at\/?s={search_term_string}"},"query-input":{"@type":"PropertyValueSpecification","valueRequired":true,"valueName":"search_term_string"}}],"inLanguage":"en-US"},{"@type":"Organization","@id":"https:\/\/www.lookforward.at\/#organization","name":"KB lookforward","url":"https:\/\/www.lookforward.at\/","logo":{"@type":"ImageObject","inLanguage":"en-US","@id":"https:\/\/www.lookforward.at\/#\/schema\/logo\/image\/","url":"https:\/\/www.lookforward.at\/wp-content\/uploads\/2023\/10\/Icon-KB.svg","contentUrl":"https:\/\/www.lookforward.at\/wp-content\/uploads\/2023\/10\/Icon-KB.svg","caption":"KB lookforward"},"image":{"@id":"https:\/\/www.lookforward.at\/#\/schema\/logo\/image\/"}}]}},"_links":{"self":[{"href":"https:\/\/www.lookforward.at\/en\/wp-json\/wp\/v2\/product\/151381","targetHints":{"allow":["GET"]}}],"collection":[{"href":"https:\/\/www.lookforward.at\/en\/wp-json\/wp\/v2\/product"}],"about":[{"href":"https:\/\/www.lookforward.at\/en\/wp-json\/wp\/v2\/types\/product"}],"wp:featuredmedia":[{"embeddable":true,"href":"https:\/\/www.lookforward.at\/en\/wp-json\/wp\/v2\/media\/151300"}],"wp:attachment":[{"href":"https:\/\/www.lookforward.at\/en\/wp-json\/wp\/v2\/media?parent=151381"}],"wp:term":[{"taxonomy":"product_brand","embeddable":true,"href":"https:\/\/www.lookforward.at\/en\/wp-json\/wp\/v2\/product_brand?post=151381"},{"taxonomy":"product_cat","embeddable":true,"href":"https:\/\/www.lookforward.at\/en\/wp-json\/wp\/v2\/product_cat?post=151381"},{"taxonomy":"product_tag","embeddable":true,"href":"https:\/\/www.lookforward.at\/en\/wp-json\/wp\/v2\/product_tag?post=151381"}],"curies":[{"name":"wp","href":"https:\/\/api.w.org\/{rel}","templated":true}]}}