{"id":151442,"date":"2025-10-12T13:17:17","date_gmt":"2025-10-12T11:17:17","guid":{"rendered":"https:\/\/www.lookforward.at\/?post_type=product&#038;p=151442"},"modified":"2026-02-06T18:07:00","modified_gmt":"2026-02-06T17:07:00","slug":"064-cozy-knit-hoodie-in-vielen-farben","status":"publish","type":"product","link":"https:\/\/www.lookforward.at\/en\/produkt\/064-cozy-knit-hoodie-in-vielen-farben\/","title":{"rendered":"064 Cozy Knit Hoodie in vielen Farben"},"content":{"rendered":"","protected":false},"excerpt":{"rendered":"<div><b>Produktname:<\/b> Cozy Knit Hoodie<\/div>\n<div><\/div>\n<div><b>Produktbeschreibung:<\/b><\/div>\n<div>L\u00e4ssig, weich und super bequem \ud83e\udd0e<\/div>\n<div>Der <b>Cozy Knit Hoodie<\/b> vereint den Komfort eines Hoodies mit der Eleganz eines feinen Stricks. Das weiche Material mit <b>Alpaka- und Wollanteil<\/b> sorgt f\u00fcr ein besonders angenehmes Tragegef\u00fchl \u2013 warm, leicht und kuschelig zugleich.<\/div>\n<div><\/div>\n<div>Der <b>lockere Schnitt<\/b> mit <b>Kapuze<\/b> macht ihn zum perfekten Begleiter f\u00fcr entspannte Alltagslooks oder stylische Layer-Outfits. Einfach kombinierbar zu Jeans, Stoffhosen oder R\u00f6cken.<\/div>\n<div><\/div>\n<div>Erh\u00e4ltlich in <b>Beige, Schwarz, Braun, Khaki und Rost<\/b> \u2013 f\u00fcnf zeitlose T\u00f6ne, die perfekt in den Herbst und Winter passen.<\/div>\n<div><\/div>\n<div>\u2728 <b>Details:<\/b><\/div>\n<div>\u2022 One Size (passt ca. 36\u201344)<\/div>\n<div>\u2022 Material: 52 % Polyamid, 31 % Viskose, 7 % Wolle, 5 % Alpaka, 5 % Elasthan<\/div>\n<div>\u2022 Kuschelig weich &#038; elastisch<\/div>\n<div>\u2022 Mit Kapuze<\/div>\n<div>\u2022 Lockerer, figurumspielender Schnitt<\/div>\n<div>\u2022 Made in Italy \ud83c\uddee\ud83c\uddf9<\/div>\n<div>\u2022 Waschbar bei 30 \u00b0C (Feinw\u00e4sche)<\/div>\n<div><\/div>\n","protected":false},"featured_media":151308,"template":"","meta":{"inline_featured_image":false},"product_brand":[],"product_cat":[479,59],"product_tag":[],"class_list":{"0":"post-151442","1":"product","2":"type-product","3":"status-publish","4":"has-post-thumbnail","6":"product_cat-pre-fall-kollektion","7":"product_cat-pullover","9":"first","10":"onbackorder","11":"taxable","12":"shipping-taxable","13":"purchasable","14":"product-type-variable"},"bundled_by":[],"bundle_stock_status":"onbackorder","bundle_stock_quantity":null,"bundle_virtual":false,"bundle_layout":"","bundle_add_to_cart_form_location":"","bundle_editable_in_cart":false,"bundle_sold_individually_context":"","bundle_item_grouping":"","bundle_min_size":"","bundle_max_size":"","bundle_price":[],"bundled_items":[],"bundle_sell_ids":[],"yoast_head":"<!-- This site is optimized with the Yoast SEO plugin v26.5 - https:\/\/yoast.com\/wordpress\/plugins\/seo\/ -->\n<title>064 Cozy Knit Hoodie in vielen Farben<\/title>\n<meta name=\"robots\" content=\"index, follow, max-snippet:-1, max-image-preview:large, max-video-preview:-1\" \/>\n<link rel=\"canonical\" href=\"https:\/\/www.lookforward.at\/en\/produkt\/064-cozy-knit-hoodie-in-vielen-farben\/\" \/>\n<meta property=\"og:locale\" content=\"en_US\" \/>\n<meta property=\"og:locale:alternate\" content=\"de_DE\" \/>\n<meta property=\"og:type\" content=\"article\" \/>\n<meta property=\"og:title\" content=\"064 Cozy Knit Hoodie in vielen Farben\" \/>\n<meta property=\"og:description\" content=\"Produktname: Cozy Knit Hoodie  Produktbeschreibung: L\u00e4ssig, weich und super bequem \ud83e\udd0e Der Cozy Knit Hoodie vereint den Komfort eines Hoodies mit der Eleganz eines feinen Stricks. Das weiche Material mit Alpaka- und Wollanteil sorgt f\u00fcr ein besonders angenehmes Tragegef\u00fchl \u2013 warm, leicht und kuschelig zugleich.  Der lockere Schnitt mit Kapuze macht ihn zum perfekten Begleiter f\u00fcr entspannte Alltagslooks oder stylische Layer-Outfits. Einfach kombinierbar zu Jeans, Stoffhosen oder R\u00f6cken.  Erh\u00e4ltlich in Beige, Schwarz, Braun, Khaki und Rost \u2013 f\u00fcnf zeitlose T\u00f6ne, die perfekt in den Herbst und Winter passen.  \u2728 Details: \u2022 One Size (passt ca. 36\u201344) \u2022 Material: 52 % Polyamid, 31 % Viskose, 7 % Wolle, 5 % Alpaka, 5 % Elasthan \u2022 Kuschelig weich &amp; elastisch \u2022 Mit Kapuze \u2022 Lockerer, figurumspielender Schnitt \u2022 Made in Italy \ud83c\uddee\ud83c\uddf9 \u2022 Waschbar bei 30 \u00b0C (Feinw\u00e4sche)\" \/>\n<meta property=\"og:url\" content=\"https:\/\/www.lookforward.at\/en\/produkt\/064-cozy-knit-hoodie-in-vielen-farben\/\" \/>\n<meta property=\"og:site_name\" content=\"lookforward Shop\" \/>\n<meta property=\"article:modified_time\" content=\"2026-02-06T17:07:00+00:00\" \/>\n<meta name=\"twitter:card\" content=\"summary_large_image\" \/>\n<meta name=\"twitter:label1\" content=\"Est. reading time\" \/>\n\t<meta name=\"twitter:data1\" content=\"1 minute\" \/>\n<script type=\"application\/ld+json\" class=\"yoast-schema-graph\">{\"@context\":\"https:\/\/schema.org\",\"@graph\":[{\"@type\":\"WebPage\",\"@id\":\"https:\/\/www.lookforward.at\/produkt\/064-cozy-knit-hoodie-in-vielen-farben\/\",\"url\":\"https:\/\/www.lookforward.at\/produkt\/064-cozy-knit-hoodie-in-vielen-farben\/\",\"name\":\"064 Cozy Knit Hoodie in vielen Farben\",\"isPartOf\":{\"@id\":\"https:\/\/www.lookforward.at\/#website\"},\"primaryImageOfPage\":{\"@id\":\"https:\/\/www.lookforward.at\/produkt\/064-cozy-knit-hoodie-in-vielen-farben\/#primaryimage\"},\"image\":{\"@id\":\"https:\/\/www.lookforward.at\/produkt\/064-cozy-knit-hoodie-in-vielen-farben\/#primaryimage\"},\"thumbnailUrl\":\"https:\/\/www.lookforward.at\/wp-content\/uploads\/2025\/10\/image00010-2-scaled.jpeg\",\"datePublished\":\"2025-10-12T11:17:17+00:00\",\"dateModified\":\"2026-02-06T17:07:00+00:00\",\"breadcrumb\":{\"@id\":\"https:\/\/www.lookforward.at\/produkt\/064-cozy-knit-hoodie-in-vielen-farben\/#breadcrumb\"},\"inLanguage\":\"en-US\",\"potentialAction\":[{\"@type\":\"ReadAction\",\"target\":[\"https:\/\/www.lookforward.at\/produkt\/064-cozy-knit-hoodie-in-vielen-farben\/\"]}]},{\"@type\":\"ImageObject\",\"inLanguage\":\"en-US\",\"@id\":\"https:\/\/www.lookforward.at\/produkt\/064-cozy-knit-hoodie-in-vielen-farben\/#primaryimage\",\"url\":\"https:\/\/www.lookforward.at\/wp-content\/uploads\/2025\/10\/image00010-2-scaled.jpeg\",\"contentUrl\":\"https:\/\/www.lookforward.at\/wp-content\/uploads\/2025\/10\/image00010-2-scaled.jpeg\",\"width\":1920,\"height\":2560},{\"@type\":\"BreadcrumbList\",\"@id\":\"https:\/\/www.lookforward.at\/produkt\/064-cozy-knit-hoodie-in-vielen-farben\/#breadcrumb\",\"itemListElement\":[{\"@type\":\"ListItem\",\"position\":1,\"name\":\"Startseite\",\"item\":\"https:\/\/www.lookforward.at\/\"},{\"@type\":\"ListItem\",\"position\":2,\"name\":\"Shop\",\"item\":\"https:\/\/www.lookforward.at\/shop\/\"},{\"@type\":\"ListItem\",\"position\":3,\"name\":\"064 Cozy Knit Hoodie in vielen Farben\"}]},{\"@type\":\"WebSite\",\"@id\":\"https:\/\/www.lookforward.at\/#website\",\"url\":\"https:\/\/www.lookforward.at\/\",\"name\":\"lookforward Shop\",\"description\":\"Der neue Shop f\u00fcr Fashion, Lifestyle, Family, Food and Beauty.\",\"publisher\":{\"@id\":\"https:\/\/www.lookforward.at\/#organization\"},\"potentialAction\":[{\"@type\":\"SearchAction\",\"target\":{\"@type\":\"EntryPoint\",\"urlTemplate\":\"https:\/\/www.lookforward.at\/?s={search_term_string}\"},\"query-input\":{\"@type\":\"PropertyValueSpecification\",\"valueRequired\":true,\"valueName\":\"search_term_string\"}}],\"inLanguage\":\"en-US\"},{\"@type\":\"Organization\",\"@id\":\"https:\/\/www.lookforward.at\/#organization\",\"name\":\"KB lookforward\",\"url\":\"https:\/\/www.lookforward.at\/\",\"logo\":{\"@type\":\"ImageObject\",\"inLanguage\":\"en-US\",\"@id\":\"https:\/\/www.lookforward.at\/#\/schema\/logo\/image\/\",\"url\":\"https:\/\/www.lookforward.at\/wp-content\/uploads\/2023\/10\/Icon-KB.svg\",\"contentUrl\":\"https:\/\/www.lookforward.at\/wp-content\/uploads\/2023\/10\/Icon-KB.svg\",\"caption\":\"KB lookforward\"},\"image\":{\"@id\":\"https:\/\/www.lookforward.at\/#\/schema\/logo\/image\/\"}}]}<\/script>\n<!-- \/ Yoast SEO plugin. -->","yoast_head_json":{"title":"064 Cozy Knit Hoodie in vielen Farben","robots":{"index":"index","follow":"follow","max-snippet":"max-snippet:-1","max-image-preview":"max-image-preview:large","max-video-preview":"max-video-preview:-1"},"canonical":"https:\/\/www.lookforward.at\/en\/produkt\/064-cozy-knit-hoodie-in-vielen-farben\/","og_locale":"en_US","og_type":"article","og_title":"[:de]064 Cozy Knit Hoodie in vielen Farben[:] - lookforward Shop","og_description":"Produktname: Cozy Knit Hoodie  Produktbeschreibung: L\u00e4ssig, weich und super bequem \ud83e\udd0e Der Cozy Knit Hoodie vereint den Komfort eines Hoodies mit der Eleganz eines feinen Stricks. Das weiche Material mit Alpaka- und Wollanteil sorgt f\u00fcr ein besonders angenehmes Tragegef\u00fchl \u2013 warm, leicht und kuschelig zugleich.  Der lockere Schnitt mit Kapuze macht ihn zum perfekten Begleiter f\u00fcr entspannte Alltagslooks oder stylische Layer-Outfits. Einfach kombinierbar zu Jeans, Stoffhosen oder R\u00f6cken.  Erh\u00e4ltlich in Beige, Schwarz, Braun, Khaki und Rost \u2013 f\u00fcnf zeitlose T\u00f6ne, die perfekt in den Herbst und Winter passen.  \u2728 Details: \u2022 One Size (passt ca. 36\u201344) \u2022 Material: 52 % Polyamid, 31 % Viskose, 7 % Wolle, 5 % Alpaka, 5 % Elasthan \u2022 Kuschelig weich & elastisch \u2022 Mit Kapuze \u2022 Lockerer, figurumspielender Schnitt \u2022 Made in Italy \ud83c\uddee\ud83c\uddf9 \u2022 Waschbar bei 30 \u00b0C (Feinw\u00e4sche)","og_url":"https:\/\/www.lookforward.at\/en\/produkt\/064-cozy-knit-hoodie-in-vielen-farben\/","og_site_name":"lookforward Shop","article_modified_time":"2026-02-06T17:07:00+00:00","twitter_card":"summary_large_image","twitter_misc":{"Est. reading time":"1 minute"},"schema":{"@context":"https:\/\/schema.org","@graph":[{"@type":"WebPage","@id":"https:\/\/www.lookforward.at\/produkt\/064-cozy-knit-hoodie-in-vielen-farben\/","url":"https:\/\/www.lookforward.at\/produkt\/064-cozy-knit-hoodie-in-vielen-farben\/","name":"064 Cozy Knit Hoodie in vielen Farben","isPartOf":{"@id":"https:\/\/www.lookforward.at\/#website"},"primaryImageOfPage":{"@id":"https:\/\/www.lookforward.at\/produkt\/064-cozy-knit-hoodie-in-vielen-farben\/#primaryimage"},"image":{"@id":"https:\/\/www.lookforward.at\/produkt\/064-cozy-knit-hoodie-in-vielen-farben\/#primaryimage"},"thumbnailUrl":"https:\/\/www.lookforward.at\/wp-content\/uploads\/2025\/10\/image00010-2-scaled.jpeg","datePublished":"2025-10-12T11:17:17+00:00","dateModified":"2026-02-06T17:07:00+00:00","breadcrumb":{"@id":"https:\/\/www.lookforward.at\/produkt\/064-cozy-knit-hoodie-in-vielen-farben\/#breadcrumb"},"inLanguage":"en-US","potentialAction":[{"@type":"ReadAction","target":["https:\/\/www.lookforward.at\/produkt\/064-cozy-knit-hoodie-in-vielen-farben\/"]}]},{"@type":"ImageObject","inLanguage":"en-US","@id":"https:\/\/www.lookforward.at\/produkt\/064-cozy-knit-hoodie-in-vielen-farben\/#primaryimage","url":"https:\/\/www.lookforward.at\/wp-content\/uploads\/2025\/10\/image00010-2-scaled.jpeg","contentUrl":"https:\/\/www.lookforward.at\/wp-content\/uploads\/2025\/10\/image00010-2-scaled.jpeg","width":1920,"height":2560},{"@type":"BreadcrumbList","@id":"https:\/\/www.lookforward.at\/produkt\/064-cozy-knit-hoodie-in-vielen-farben\/#breadcrumb","itemListElement":[{"@type":"ListItem","position":1,"name":"Startseite","item":"https:\/\/www.lookforward.at\/"},{"@type":"ListItem","position":2,"name":"Shop","item":"https:\/\/www.lookforward.at\/shop\/"},{"@type":"ListItem","position":3,"name":"064 Cozy Knit Hoodie in vielen Farben"}]},{"@type":"WebSite","@id":"https:\/\/www.lookforward.at\/#website","url":"https:\/\/www.lookforward.at\/","name":"lookforward Shop","description":"Der neue Shop f\u00fcr Fashion, Lifestyle, Family, Food and Beauty.","publisher":{"@id":"https:\/\/www.lookforward.at\/#organization"},"potentialAction":[{"@type":"SearchAction","target":{"@type":"EntryPoint","urlTemplate":"https:\/\/www.lookforward.at\/?s={search_term_string}"},"query-input":{"@type":"PropertyValueSpecification","valueRequired":true,"valueName":"search_term_string"}}],"inLanguage":"en-US"},{"@type":"Organization","@id":"https:\/\/www.lookforward.at\/#organization","name":"KB lookforward","url":"https:\/\/www.lookforward.at\/","logo":{"@type":"ImageObject","inLanguage":"en-US","@id":"https:\/\/www.lookforward.at\/#\/schema\/logo\/image\/","url":"https:\/\/www.lookforward.at\/wp-content\/uploads\/2023\/10\/Icon-KB.svg","contentUrl":"https:\/\/www.lookforward.at\/wp-content\/uploads\/2023\/10\/Icon-KB.svg","caption":"KB lookforward"},"image":{"@id":"https:\/\/www.lookforward.at\/#\/schema\/logo\/image\/"}}]}},"_links":{"self":[{"href":"https:\/\/www.lookforward.at\/en\/wp-json\/wp\/v2\/product\/151442","targetHints":{"allow":["GET"]}}],"collection":[{"href":"https:\/\/www.lookforward.at\/en\/wp-json\/wp\/v2\/product"}],"about":[{"href":"https:\/\/www.lookforward.at\/en\/wp-json\/wp\/v2\/types\/product"}],"wp:featuredmedia":[{"embeddable":true,"href":"https:\/\/www.lookforward.at\/en\/wp-json\/wp\/v2\/media\/151308"}],"wp:attachment":[{"href":"https:\/\/www.lookforward.at\/en\/wp-json\/wp\/v2\/media?parent=151442"}],"wp:term":[{"taxonomy":"product_brand","embeddable":true,"href":"https:\/\/www.lookforward.at\/en\/wp-json\/wp\/v2\/product_brand?post=151442"},{"taxonomy":"product_cat","embeddable":true,"href":"https:\/\/www.lookforward.at\/en\/wp-json\/wp\/v2\/product_cat?post=151442"},{"taxonomy":"product_tag","embeddable":true,"href":"https:\/\/www.lookforward.at\/en\/wp-json\/wp\/v2\/product_tag?post=151442"}],"curies":[{"name":"wp","href":"https:\/\/api.w.org\/{rel}","templated":true}]}}