{"id":151781,"date":"2025-10-25T11:40:27","date_gmt":"2025-10-25T09:40:27","guid":{"rendered":"https:\/\/www.lookforward.at\/?post_type=product&#038;p=151781"},"modified":"2026-02-07T01:07:16","modified_gmt":"2026-02-07T00:07:16","slug":"071-%f0%9f%a9%b6-2-teiliges-loungewear-set-in-beige-khaki-schwarz-plussize-geeignet","status":"publish","type":"product","link":"https:\/\/www.lookforward.at\/en\/produkt\/071-%f0%9f%a9%b6-2-teiliges-loungewear-set-in-beige-khaki-schwarz-plussize-geeignet\/","title":{"rendered":"071 \ud83e\ude76 2-teiliges Loungewear-Set in beige, khaki &#038; schwarz &#8211; plussize geeignet"},"content":{"rendered":"","protected":false},"excerpt":{"rendered":"<div>\ud83e\ude76<b> 2-teiliges Loungewear-Set \u2013 Made in Italy<\/b><\/div>\n<div><\/div>\n<div>Kuschelig, stylisch &#038; bequem \u2013 dieses <b>zweiteilige Loungewear-Set<\/b> ist der perfekte Begleiter f\u00fcr gem\u00fctliche Tage zuhause oder entspannte Freizeit-Looks mit Stil.<\/div>\n<div>Der <b>weite V-Ausschnitt<\/b> und der <b>lockere Schnitt<\/b> sorgen f\u00fcr ein angenehmes Tragegef\u00fchl, w\u00e4hrend die <b>weiche Strickqualit\u00e4t<\/b> f\u00fcr ultimativen Komfort sorgt.<\/div>\n<div><\/div>\n<div>Ob auf dem Sofa, beim Stadtbummel oder im Homeoffice \u2013 dieses Set vereint Komfort und Eleganz auf moderne Weise.<\/div>\n<div><\/div>\n<div>Erh\u00e4ltlich in wundersch\u00f6nen Farben:<\/div>\n<div>\ud83e\udd0d <b>Beige<\/b> \u2013 klassisch &#038; zeitlos<\/div>\n<div>\ud83d\udda4 <b>Schwarz<\/b> \u2013 elegant &#038; clean<\/div>\n<div>\ud83c\udf3f <b>Khaki<\/b> \u2013 modern &#038; dezent<\/div>\n<div><\/div>\n<div><b>Details:<\/b><\/div>\n<div>\u2022 Zweiteilig: Pullover + Hose<\/div>\n<div>\u2022 One Size \u2013 <b>passt ca. Gr\u00f6\u00dfe 36\u201348 (Plus Size geeignet)<\/b><\/div>\n<div>\u2022 Weicher, elastischer Strick<\/div>\n<div>\u2022 V-Ausschnitt &#038; lockere Passform<\/div>\n<div>\u2022 Hose mit bequemem Gummibund<\/div>\n<div>\u2022 <b>Made in Italy<\/b><\/div>\n<div>\u2022 <b>Pflege:<\/b> Waschbar bei 30 \u00b0C<\/div>\n","protected":false},"featured_media":151717,"template":"","meta":{"inline_featured_image":false},"product_brand":[],"product_cat":[479,48,59],"product_tag":[],"class_list":{"0":"post-151781","1":"product","2":"type-product","3":"status-publish","4":"has-post-thumbnail","6":"product_cat-pre-fall-kollektion","7":"product_cat-hosen","8":"product_cat-pullover","10":"first","11":"onbackorder","12":"taxable","13":"shipping-taxable","14":"purchasable","15":"product-type-variable"},"bundled_by":[],"bundle_stock_status":"onbackorder","bundle_stock_quantity":null,"bundle_virtual":false,"bundle_layout":"","bundle_add_to_cart_form_location":"","bundle_editable_in_cart":false,"bundle_sold_individually_context":"","bundle_item_grouping":"","bundle_min_size":"","bundle_max_size":"","bundle_price":[],"bundled_items":[],"bundle_sell_ids":[],"yoast_head":"<!-- This site is optimized with the Yoast SEO plugin v26.5 - https:\/\/yoast.com\/wordpress\/plugins\/seo\/ -->\n<title>071 \ud83e\ude76 2-teiliges Loungewear-Set in beige, khaki &amp; schwarz - plussize geeignet<\/title>\n<meta name=\"robots\" content=\"index, follow, max-snippet:-1, max-image-preview:large, max-video-preview:-1\" \/>\n<link rel=\"canonical\" href=\"https:\/\/www.lookforward.at\/en\/produkt\/071-\ud83e\ude76-2-teiliges-loungewear-set-in-beige-khaki-schwarz-plussize-geeignet\/\" \/>\n<meta property=\"og:locale\" content=\"en_US\" \/>\n<meta property=\"og:locale:alternate\" content=\"de_DE\" \/>\n<meta property=\"og:type\" content=\"article\" \/>\n<meta property=\"og:title\" content=\"071 \ud83e\ude76 2-teiliges Loungewear-Set in beige, khaki &amp; schwarz - plussize geeignet\" \/>\n<meta property=\"og:description\" content=\"\ud83e\ude76 2-teiliges Loungewear-Set \u2013 Made in Italy  Kuschelig, stylisch &amp; bequem \u2013 dieses zweiteilige Loungewear-Set ist der perfekte Begleiter f\u00fcr gem\u00fctliche Tage zuhause oder entspannte Freizeit-Looks mit Stil. Der weite V-Ausschnitt und der lockere Schnitt sorgen f\u00fcr ein angenehmes Tragegef\u00fchl, w\u00e4hrend die weiche Strickqualit\u00e4t f\u00fcr ultimativen Komfort sorgt.  Ob auf dem Sofa, beim Stadtbummel oder im Homeoffice \u2013 dieses Set vereint Komfort und Eleganz auf moderne Weise.  Erh\u00e4ltlich in wundersch\u00f6nen Farben: \ud83e\udd0d Beige \u2013 klassisch &amp; zeitlos \ud83d\udda4 Schwarz \u2013 elegant &amp; clean \ud83c\udf3f Khaki \u2013 modern &amp; dezent  Details: \u2022 Zweiteilig: Pullover + Hose \u2022 One Size \u2013 passt ca. Gr\u00f6\u00dfe 36\u201348 (Plus Size geeignet) \u2022 Weicher, elastischer Strick \u2022 V-Ausschnitt &amp; lockere Passform \u2022 Hose mit bequemem Gummibund \u2022 Made in Italy \u2022 Pflege: Waschbar bei 30 \u00b0C\" \/>\n<meta property=\"og:url\" content=\"https:\/\/www.lookforward.at\/en\/produkt\/071-\ud83e\ude76-2-teiliges-loungewear-set-in-beige-khaki-schwarz-plussize-geeignet\/\" \/>\n<meta property=\"og:site_name\" content=\"lookforward Shop\" \/>\n<meta property=\"article:modified_time\" content=\"2026-02-07T00:07:16+00:00\" \/>\n<meta name=\"twitter:card\" content=\"summary_large_image\" \/>\n<meta name=\"twitter:label1\" content=\"Est. reading time\" \/>\n\t<meta name=\"twitter:data1\" content=\"1 minute\" \/>\n<script type=\"application\/ld+json\" class=\"yoast-schema-graph\">{\"@context\":\"https:\/\/schema.org\",\"@graph\":[{\"@type\":\"WebPage\",\"@id\":\"https:\/\/www.lookforward.at\/produkt\/071-%f0%9f%a9%b6-2-teiliges-loungewear-set-in-beige-khaki-schwarz-plussize-geeignet\/\",\"url\":\"https:\/\/www.lookforward.at\/produkt\/071-%f0%9f%a9%b6-2-teiliges-loungewear-set-in-beige-khaki-schwarz-plussize-geeignet\/\",\"name\":\"071 \ud83e\ude76 2-teiliges Loungewear-Set in beige, khaki & schwarz - plussize geeignet\",\"isPartOf\":{\"@id\":\"https:\/\/www.lookforward.at\/#website\"},\"primaryImageOfPage\":{\"@id\":\"https:\/\/www.lookforward.at\/produkt\/071-%f0%9f%a9%b6-2-teiliges-loungewear-set-in-beige-khaki-schwarz-plussize-geeignet\/#primaryimage\"},\"image\":{\"@id\":\"https:\/\/www.lookforward.at\/produkt\/071-%f0%9f%a9%b6-2-teiliges-loungewear-set-in-beige-khaki-schwarz-plussize-geeignet\/#primaryimage\"},\"thumbnailUrl\":\"https:\/\/www.lookforward.at\/wp-content\/uploads\/2025\/10\/image00042-1-scaled.jpeg\",\"datePublished\":\"2025-10-25T09:40:27+00:00\",\"dateModified\":\"2026-02-07T00:07:16+00:00\",\"breadcrumb\":{\"@id\":\"https:\/\/www.lookforward.at\/produkt\/071-%f0%9f%a9%b6-2-teiliges-loungewear-set-in-beige-khaki-schwarz-plussize-geeignet\/#breadcrumb\"},\"inLanguage\":\"en-US\",\"potentialAction\":[{\"@type\":\"ReadAction\",\"target\":[\"https:\/\/www.lookforward.at\/produkt\/071-%f0%9f%a9%b6-2-teiliges-loungewear-set-in-beige-khaki-schwarz-plussize-geeignet\/\"]}]},{\"@type\":\"ImageObject\",\"inLanguage\":\"en-US\",\"@id\":\"https:\/\/www.lookforward.at\/produkt\/071-%f0%9f%a9%b6-2-teiliges-loungewear-set-in-beige-khaki-schwarz-plussize-geeignet\/#primaryimage\",\"url\":\"https:\/\/www.lookforward.at\/wp-content\/uploads\/2025\/10\/image00042-1-scaled.jpeg\",\"contentUrl\":\"https:\/\/www.lookforward.at\/wp-content\/uploads\/2025\/10\/image00042-1-scaled.jpeg\",\"width\":1920,\"height\":2560},{\"@type\":\"BreadcrumbList\",\"@id\":\"https:\/\/www.lookforward.at\/produkt\/071-%f0%9f%a9%b6-2-teiliges-loungewear-set-in-beige-khaki-schwarz-plussize-geeignet\/#breadcrumb\",\"itemListElement\":[{\"@type\":\"ListItem\",\"position\":1,\"name\":\"Startseite\",\"item\":\"https:\/\/www.lookforward.at\/\"},{\"@type\":\"ListItem\",\"position\":2,\"name\":\"Shop\",\"item\":\"https:\/\/www.lookforward.at\/shop\/\"},{\"@type\":\"ListItem\",\"position\":3,\"name\":\"071 \ud83e\ude76 2-teiliges Loungewear-Set in beige, khaki &#038; schwarz &#8211; plussize geeignet\"}]},{\"@type\":\"WebSite\",\"@id\":\"https:\/\/www.lookforward.at\/#website\",\"url\":\"https:\/\/www.lookforward.at\/\",\"name\":\"lookforward Shop\",\"description\":\"Der neue Shop f\u00fcr Fashion, Lifestyle, Family, Food and Beauty.\",\"publisher\":{\"@id\":\"https:\/\/www.lookforward.at\/#organization\"},\"potentialAction\":[{\"@type\":\"SearchAction\",\"target\":{\"@type\":\"EntryPoint\",\"urlTemplate\":\"https:\/\/www.lookforward.at\/?s={search_term_string}\"},\"query-input\":{\"@type\":\"PropertyValueSpecification\",\"valueRequired\":true,\"valueName\":\"search_term_string\"}}],\"inLanguage\":\"en-US\"},{\"@type\":\"Organization\",\"@id\":\"https:\/\/www.lookforward.at\/#organization\",\"name\":\"KB lookforward\",\"url\":\"https:\/\/www.lookforward.at\/\",\"logo\":{\"@type\":\"ImageObject\",\"inLanguage\":\"en-US\",\"@id\":\"https:\/\/www.lookforward.at\/#\/schema\/logo\/image\/\",\"url\":\"https:\/\/www.lookforward.at\/wp-content\/uploads\/2023\/10\/Icon-KB.svg\",\"contentUrl\":\"https:\/\/www.lookforward.at\/wp-content\/uploads\/2023\/10\/Icon-KB.svg\",\"caption\":\"KB lookforward\"},\"image\":{\"@id\":\"https:\/\/www.lookforward.at\/#\/schema\/logo\/image\/\"}}]}<\/script>\n<!-- \/ Yoast SEO plugin. -->","yoast_head_json":{"title":"071 \ud83e\ude76 2-teiliges Loungewear-Set in beige, khaki & schwarz - plussize geeignet","robots":{"index":"index","follow":"follow","max-snippet":"max-snippet:-1","max-image-preview":"max-image-preview:large","max-video-preview":"max-video-preview:-1"},"canonical":"https:\/\/www.lookforward.at\/en\/produkt\/071-\ud83e\ude76-2-teiliges-loungewear-set-in-beige-khaki-schwarz-plussize-geeignet\/","og_locale":"en_US","og_type":"article","og_title":"[:de]071 \ud83e\ude76 2-teiliges Loungewear-Set in beige, khaki & schwarz - plussize geeignet[:] - lookforward Shop","og_description":"\ud83e\ude76 2-teiliges Loungewear-Set \u2013 Made in Italy  Kuschelig, stylisch & bequem \u2013 dieses zweiteilige Loungewear-Set ist der perfekte Begleiter f\u00fcr gem\u00fctliche Tage zuhause oder entspannte Freizeit-Looks mit Stil. Der weite V-Ausschnitt und der lockere Schnitt sorgen f\u00fcr ein angenehmes Tragegef\u00fchl, w\u00e4hrend die weiche Strickqualit\u00e4t f\u00fcr ultimativen Komfort sorgt.  Ob auf dem Sofa, beim Stadtbummel oder im Homeoffice \u2013 dieses Set vereint Komfort und Eleganz auf moderne Weise.  Erh\u00e4ltlich in wundersch\u00f6nen Farben: \ud83e\udd0d Beige \u2013 klassisch & zeitlos \ud83d\udda4 Schwarz \u2013 elegant & clean \ud83c\udf3f Khaki \u2013 modern & dezent  Details: \u2022 Zweiteilig: Pullover + Hose \u2022 One Size \u2013 passt ca. Gr\u00f6\u00dfe 36\u201348 (Plus Size geeignet) \u2022 Weicher, elastischer Strick \u2022 V-Ausschnitt & lockere Passform \u2022 Hose mit bequemem Gummibund \u2022 Made in Italy \u2022 Pflege: Waschbar bei 30 \u00b0C","og_url":"https:\/\/www.lookforward.at\/en\/produkt\/071-\ud83e\ude76-2-teiliges-loungewear-set-in-beige-khaki-schwarz-plussize-geeignet\/","og_site_name":"lookforward Shop","article_modified_time":"2026-02-07T00:07:16+00:00","twitter_card":"summary_large_image","twitter_misc":{"Est. reading time":"1 minute"},"schema":{"@context":"https:\/\/schema.org","@graph":[{"@type":"WebPage","@id":"https:\/\/www.lookforward.at\/produkt\/071-%f0%9f%a9%b6-2-teiliges-loungewear-set-in-beige-khaki-schwarz-plussize-geeignet\/","url":"https:\/\/www.lookforward.at\/produkt\/071-%f0%9f%a9%b6-2-teiliges-loungewear-set-in-beige-khaki-schwarz-plussize-geeignet\/","name":"071 \ud83e\ude76 2-teiliges Loungewear-Set in beige, khaki & schwarz - plussize geeignet","isPartOf":{"@id":"https:\/\/www.lookforward.at\/#website"},"primaryImageOfPage":{"@id":"https:\/\/www.lookforward.at\/produkt\/071-%f0%9f%a9%b6-2-teiliges-loungewear-set-in-beige-khaki-schwarz-plussize-geeignet\/#primaryimage"},"image":{"@id":"https:\/\/www.lookforward.at\/produkt\/071-%f0%9f%a9%b6-2-teiliges-loungewear-set-in-beige-khaki-schwarz-plussize-geeignet\/#primaryimage"},"thumbnailUrl":"https:\/\/www.lookforward.at\/wp-content\/uploads\/2025\/10\/image00042-1-scaled.jpeg","datePublished":"2025-10-25T09:40:27+00:00","dateModified":"2026-02-07T00:07:16+00:00","breadcrumb":{"@id":"https:\/\/www.lookforward.at\/produkt\/071-%f0%9f%a9%b6-2-teiliges-loungewear-set-in-beige-khaki-schwarz-plussize-geeignet\/#breadcrumb"},"inLanguage":"en-US","potentialAction":[{"@type":"ReadAction","target":["https:\/\/www.lookforward.at\/produkt\/071-%f0%9f%a9%b6-2-teiliges-loungewear-set-in-beige-khaki-schwarz-plussize-geeignet\/"]}]},{"@type":"ImageObject","inLanguage":"en-US","@id":"https:\/\/www.lookforward.at\/produkt\/071-%f0%9f%a9%b6-2-teiliges-loungewear-set-in-beige-khaki-schwarz-plussize-geeignet\/#primaryimage","url":"https:\/\/www.lookforward.at\/wp-content\/uploads\/2025\/10\/image00042-1-scaled.jpeg","contentUrl":"https:\/\/www.lookforward.at\/wp-content\/uploads\/2025\/10\/image00042-1-scaled.jpeg","width":1920,"height":2560},{"@type":"BreadcrumbList","@id":"https:\/\/www.lookforward.at\/produkt\/071-%f0%9f%a9%b6-2-teiliges-loungewear-set-in-beige-khaki-schwarz-plussize-geeignet\/#breadcrumb","itemListElement":[{"@type":"ListItem","position":1,"name":"Startseite","item":"https:\/\/www.lookforward.at\/"},{"@type":"ListItem","position":2,"name":"Shop","item":"https:\/\/www.lookforward.at\/shop\/"},{"@type":"ListItem","position":3,"name":"071 \ud83e\ude76 2-teiliges Loungewear-Set in beige, khaki &#038; schwarz &#8211; plussize geeignet"}]},{"@type":"WebSite","@id":"https:\/\/www.lookforward.at\/#website","url":"https:\/\/www.lookforward.at\/","name":"lookforward Shop","description":"Der neue Shop f\u00fcr Fashion, Lifestyle, Family, Food and Beauty.","publisher":{"@id":"https:\/\/www.lookforward.at\/#organization"},"potentialAction":[{"@type":"SearchAction","target":{"@type":"EntryPoint","urlTemplate":"https:\/\/www.lookforward.at\/?s={search_term_string}"},"query-input":{"@type":"PropertyValueSpecification","valueRequired":true,"valueName":"search_term_string"}}],"inLanguage":"en-US"},{"@type":"Organization","@id":"https:\/\/www.lookforward.at\/#organization","name":"KB lookforward","url":"https:\/\/www.lookforward.at\/","logo":{"@type":"ImageObject","inLanguage":"en-US","@id":"https:\/\/www.lookforward.at\/#\/schema\/logo\/image\/","url":"https:\/\/www.lookforward.at\/wp-content\/uploads\/2023\/10\/Icon-KB.svg","contentUrl":"https:\/\/www.lookforward.at\/wp-content\/uploads\/2023\/10\/Icon-KB.svg","caption":"KB lookforward"},"image":{"@id":"https:\/\/www.lookforward.at\/#\/schema\/logo\/image\/"}}]}},"_links":{"self":[{"href":"https:\/\/www.lookforward.at\/en\/wp-json\/wp\/v2\/product\/151781","targetHints":{"allow":["GET"]}}],"collection":[{"href":"https:\/\/www.lookforward.at\/en\/wp-json\/wp\/v2\/product"}],"about":[{"href":"https:\/\/www.lookforward.at\/en\/wp-json\/wp\/v2\/types\/product"}],"wp:featuredmedia":[{"embeddable":true,"href":"https:\/\/www.lookforward.at\/en\/wp-json\/wp\/v2\/media\/151717"}],"wp:attachment":[{"href":"https:\/\/www.lookforward.at\/en\/wp-json\/wp\/v2\/media?parent=151781"}],"wp:term":[{"taxonomy":"product_brand","embeddable":true,"href":"https:\/\/www.lookforward.at\/en\/wp-json\/wp\/v2\/product_brand?post=151781"},{"taxonomy":"product_cat","embeddable":true,"href":"https:\/\/www.lookforward.at\/en\/wp-json\/wp\/v2\/product_cat?post=151781"},{"taxonomy":"product_tag","embeddable":true,"href":"https:\/\/www.lookforward.at\/en\/wp-json\/wp\/v2\/product_tag?post=151781"}],"curies":[{"name":"wp","href":"https:\/\/api.w.org\/{rel}","templated":true}]}}