{"id":151943,"date":"2025-10-31T20:03:35","date_gmt":"2025-10-31T19:03:35","guid":{"rendered":"https:\/\/www.lookforward.at\/?post_type=product&#038;p=151943"},"modified":"2026-04-04T20:13:36","modified_gmt":"2026-04-04T18:13:36","slug":"073-%f0%9f%8c%b8-kleid-mit-blumenprint","status":"publish","type":"product","link":"https:\/\/www.lookforward.at\/en\/produkt\/073-%f0%9f%8c%b8-kleid-mit-blumenprint\/","title":{"rendered":"073 \ud83c\udf38 Kleid mit Blumenprint"},"content":{"rendered":"","protected":false},"excerpt":{"rendered":"<p>\ud83c\udf38 Kleid mit Blumenprint \u2013 Made in Italy<\/p>\n<p>Feminin, elegant und absolut schmeichelhaft \u2013 dieses Kleid verzaubert mit seinem wundersch\u00f6nen floralen Muster in herbstlichen T\u00f6nen und seinem flie\u00dfenden Schnitt.<\/p>\n<p>Der zarte Stoff umspielt sanft die Figur, w\u00e4hrend der Gummizug in der Taille f\u00fcr eine feminine Silhouette sorgt. Die langen, leicht transparenten \u00c4rmel mit feinem Gummib\u00fcndchen verleihen dem Kleid eine elegante Leichtigkeit.<\/p>\n<p>Ob mit Strumpfhose und Boots im Alltag oder mit Heels f\u00fcr besondere Anl\u00e4sse \u2013 dieses Kleid ist ein echtes Lieblingsst\u00fcck f\u00fcr viele Gelegenheiten.<\/p>\n<p>Details:<\/p>\n<p>\u2022 One Size (passt ca. Gr\u00f6\u00dfe 36\u201344)<\/p>\n<p>\u2022 Leichtes, flie\u00dfendes Material<\/p>\n<p>\u2022 Gummizug in der Taille f\u00fcr bequemen Sitz<\/p>\n<p>\u2022 Lange, transparente \u00c4rmel mit Gummib\u00fcndchen<\/p>\n<p>\u2022 Farbe: Bordeaux mit floralen T\u00f6nen in Rost, Ros\u00e9 und Taupe<\/p>\n<p>\u2022 Made in Italy \ud83c\uddee\ud83c\uddf9<\/p>\n<p>\u2022 Pflege: Waschbar bei 30 \u00b0C<\/p>\n","protected":false},"featured_media":151915,"template":"","meta":{"inline_featured_image":false},"product_brand":[],"product_cat":[479,72],"product_tag":[],"class_list":{"0":"post-151943","1":"product","2":"type-product","3":"status-publish","4":"has-post-thumbnail","6":"product_cat-pre-fall-kollektion","7":"product_cat-kleid","9":"first","10":"onbackorder","11":"taxable","12":"shipping-taxable","13":"purchasable","14":"product-type-simple"},"bundled_by":[],"bundle_stock_status":"onbackorder","bundle_stock_quantity":-26,"bundle_virtual":false,"bundle_layout":"","bundle_add_to_cart_form_location":"","bundle_editable_in_cart":false,"bundle_sold_individually_context":"","bundle_item_grouping":"","bundle_min_size":"","bundle_max_size":"","bundle_price":[],"bundled_items":[],"bundle_sell_ids":[],"yoast_head":"<!-- This site is optimized with the Yoast SEO plugin v26.5 - https:\/\/yoast.com\/wordpress\/plugins\/seo\/ -->\n<title>073 \ud83c\udf38 Kleid mit Blumenprint<\/title>\n<meta name=\"robots\" content=\"index, follow, max-snippet:-1, max-image-preview:large, max-video-preview:-1\" \/>\n<link rel=\"canonical\" href=\"https:\/\/www.lookforward.at\/en\/produkt\/073-\ud83c\udf38-kleid-mit-blumenprint\/\" \/>\n<meta property=\"og:locale\" content=\"en_US\" \/>\n<meta property=\"og:locale:alternate\" content=\"de_DE\" \/>\n<meta property=\"og:type\" content=\"article\" \/>\n<meta property=\"og:title\" content=\"073 \ud83c\udf38 Kleid mit Blumenprint\" \/>\n<meta property=\"og:description\" content=\"\ud83c\udf38 Kleid mit Blumenprint \u2013 Made in Italy  Feminin, elegant und absolut schmeichelhaft \u2013 dieses Kleid verzaubert mit seinem wundersch\u00f6nen floralen Muster in herbstlichen T\u00f6nen und seinem flie\u00dfenden Schnitt.  Der zarte Stoff umspielt sanft die Figur, w\u00e4hrend der Gummizug in der Taille f\u00fcr eine feminine Silhouette sorgt. Die langen, leicht transparenten \u00c4rmel mit feinem Gummib\u00fcndchen verleihen dem Kleid eine elegante Leichtigkeit.  Ob mit Strumpfhose und Boots im Alltag oder mit Heels f\u00fcr besondere Anl\u00e4sse \u2013 dieses Kleid ist ein echtes Lieblingsst\u00fcck f\u00fcr viele Gelegenheiten.  Details:  \u2022 One Size (passt ca. Gr\u00f6\u00dfe 36\u201344)  \u2022 Leichtes, flie\u00dfendes Material  \u2022 Gummizug in der Taille f\u00fcr bequemen Sitz  \u2022 Lange, transparente \u00c4rmel mit Gummib\u00fcndchen  \u2022 Farbe: Bordeaux mit floralen T\u00f6nen in Rost, Ros\u00e9 und Taupe  \u2022 Made in Italy \ud83c\uddee\ud83c\uddf9  \u2022 Pflege: Waschbar bei 30 \u00b0C\" \/>\n<meta property=\"og:url\" content=\"https:\/\/www.lookforward.at\/en\/produkt\/073-\ud83c\udf38-kleid-mit-blumenprint\/\" \/>\n<meta property=\"og:site_name\" content=\"lookforward Shop\" \/>\n<meta property=\"article:modified_time\" content=\"2026-04-04T18:13:36+00:00\" \/>\n<meta name=\"twitter:card\" content=\"summary_large_image\" \/>\n<meta name=\"twitter:label1\" content=\"Est. reading time\" \/>\n\t<meta name=\"twitter:data1\" content=\"1 minute\" \/>\n<script type=\"application\/ld+json\" class=\"yoast-schema-graph\">{\"@context\":\"https:\/\/schema.org\",\"@graph\":[{\"@type\":\"WebPage\",\"@id\":\"https:\/\/www.lookforward.at\/produkt\/073-%f0%9f%8c%b8-kleid-mit-blumenprint\/\",\"url\":\"https:\/\/www.lookforward.at\/produkt\/073-%f0%9f%8c%b8-kleid-mit-blumenprint\/\",\"name\":\"073 \ud83c\udf38 Kleid mit Blumenprint\",\"isPartOf\":{\"@id\":\"https:\/\/www.lookforward.at\/#website\"},\"primaryImageOfPage\":{\"@id\":\"https:\/\/www.lookforward.at\/produkt\/073-%f0%9f%8c%b8-kleid-mit-blumenprint\/#primaryimage\"},\"image\":{\"@id\":\"https:\/\/www.lookforward.at\/produkt\/073-%f0%9f%8c%b8-kleid-mit-blumenprint\/#primaryimage\"},\"thumbnailUrl\":\"https:\/\/www.lookforward.at\/wp-content\/uploads\/2025\/10\/FullSizeRender18-scaled.jpg\",\"datePublished\":\"2025-10-31T19:03:35+00:00\",\"dateModified\":\"2026-04-04T18:13:36+00:00\",\"breadcrumb\":{\"@id\":\"https:\/\/www.lookforward.at\/produkt\/073-%f0%9f%8c%b8-kleid-mit-blumenprint\/#breadcrumb\"},\"inLanguage\":\"en-US\",\"potentialAction\":[{\"@type\":\"ReadAction\",\"target\":[\"https:\/\/www.lookforward.at\/produkt\/073-%f0%9f%8c%b8-kleid-mit-blumenprint\/\"]}]},{\"@type\":\"ImageObject\",\"inLanguage\":\"en-US\",\"@id\":\"https:\/\/www.lookforward.at\/produkt\/073-%f0%9f%8c%b8-kleid-mit-blumenprint\/#primaryimage\",\"url\":\"https:\/\/www.lookforward.at\/wp-content\/uploads\/2025\/10\/FullSizeRender18-scaled.jpg\",\"contentUrl\":\"https:\/\/www.lookforward.at\/wp-content\/uploads\/2025\/10\/FullSizeRender18-scaled.jpg\",\"width\":1920,\"height\":2560},{\"@type\":\"BreadcrumbList\",\"@id\":\"https:\/\/www.lookforward.at\/produkt\/073-%f0%9f%8c%b8-kleid-mit-blumenprint\/#breadcrumb\",\"itemListElement\":[{\"@type\":\"ListItem\",\"position\":1,\"name\":\"Startseite\",\"item\":\"https:\/\/www.lookforward.at\/\"},{\"@type\":\"ListItem\",\"position\":2,\"name\":\"Shop\",\"item\":\"https:\/\/www.lookforward.at\/shop\/\"},{\"@type\":\"ListItem\",\"position\":3,\"name\":\"073 \ud83c\udf38 Kleid mit Blumenprint\"}]},{\"@type\":\"WebSite\",\"@id\":\"https:\/\/www.lookforward.at\/#website\",\"url\":\"https:\/\/www.lookforward.at\/\",\"name\":\"lookforward Shop\",\"description\":\"Der neue Shop f\u00fcr Fashion, Lifestyle, Family, Food and Beauty.\",\"publisher\":{\"@id\":\"https:\/\/www.lookforward.at\/#organization\"},\"potentialAction\":[{\"@type\":\"SearchAction\",\"target\":{\"@type\":\"EntryPoint\",\"urlTemplate\":\"https:\/\/www.lookforward.at\/?s={search_term_string}\"},\"query-input\":{\"@type\":\"PropertyValueSpecification\",\"valueRequired\":true,\"valueName\":\"search_term_string\"}}],\"inLanguage\":\"en-US\"},{\"@type\":\"Organization\",\"@id\":\"https:\/\/www.lookforward.at\/#organization\",\"name\":\"KB lookforward\",\"url\":\"https:\/\/www.lookforward.at\/\",\"logo\":{\"@type\":\"ImageObject\",\"inLanguage\":\"en-US\",\"@id\":\"https:\/\/www.lookforward.at\/#\/schema\/logo\/image\/\",\"url\":\"https:\/\/www.lookforward.at\/wp-content\/uploads\/2023\/10\/Icon-KB.svg\",\"contentUrl\":\"https:\/\/www.lookforward.at\/wp-content\/uploads\/2023\/10\/Icon-KB.svg\",\"caption\":\"KB lookforward\"},\"image\":{\"@id\":\"https:\/\/www.lookforward.at\/#\/schema\/logo\/image\/\"}}]}<\/script>\n<!-- \/ Yoast SEO plugin. -->","yoast_head_json":{"title":"073 \ud83c\udf38 Kleid mit Blumenprint","robots":{"index":"index","follow":"follow","max-snippet":"max-snippet:-1","max-image-preview":"max-image-preview:large","max-video-preview":"max-video-preview:-1"},"canonical":"https:\/\/www.lookforward.at\/en\/produkt\/073-\ud83c\udf38-kleid-mit-blumenprint\/","og_locale":"en_US","og_type":"article","og_title":"[:de]073 \ud83c\udf38 Kleid mit Blumenprint[:] - lookforward Shop","og_description":"\ud83c\udf38 Kleid mit Blumenprint \u2013 Made in Italy  Feminin, elegant und absolut schmeichelhaft \u2013 dieses Kleid verzaubert mit seinem wundersch\u00f6nen floralen Muster in herbstlichen T\u00f6nen und seinem flie\u00dfenden Schnitt.  Der zarte Stoff umspielt sanft die Figur, w\u00e4hrend der Gummizug in der Taille f\u00fcr eine feminine Silhouette sorgt. Die langen, leicht transparenten \u00c4rmel mit feinem Gummib\u00fcndchen verleihen dem Kleid eine elegante Leichtigkeit.  Ob mit Strumpfhose und Boots im Alltag oder mit Heels f\u00fcr besondere Anl\u00e4sse \u2013 dieses Kleid ist ein echtes Lieblingsst\u00fcck f\u00fcr viele Gelegenheiten.  Details:  \u2022 One Size (passt ca. Gr\u00f6\u00dfe 36\u201344)  \u2022 Leichtes, flie\u00dfendes Material  \u2022 Gummizug in der Taille f\u00fcr bequemen Sitz  \u2022 Lange, transparente \u00c4rmel mit Gummib\u00fcndchen  \u2022 Farbe: Bordeaux mit floralen T\u00f6nen in Rost, Ros\u00e9 und Taupe  \u2022 Made in Italy \ud83c\uddee\ud83c\uddf9  \u2022 Pflege: Waschbar bei 30 \u00b0C","og_url":"https:\/\/www.lookforward.at\/en\/produkt\/073-\ud83c\udf38-kleid-mit-blumenprint\/","og_site_name":"lookforward Shop","article_modified_time":"2026-04-04T18:13:36+00:00","twitter_card":"summary_large_image","twitter_misc":{"Est. reading time":"1 minute"},"schema":{"@context":"https:\/\/schema.org","@graph":[{"@type":"WebPage","@id":"https:\/\/www.lookforward.at\/produkt\/073-%f0%9f%8c%b8-kleid-mit-blumenprint\/","url":"https:\/\/www.lookforward.at\/produkt\/073-%f0%9f%8c%b8-kleid-mit-blumenprint\/","name":"073 \ud83c\udf38 Kleid mit Blumenprint","isPartOf":{"@id":"https:\/\/www.lookforward.at\/#website"},"primaryImageOfPage":{"@id":"https:\/\/www.lookforward.at\/produkt\/073-%f0%9f%8c%b8-kleid-mit-blumenprint\/#primaryimage"},"image":{"@id":"https:\/\/www.lookforward.at\/produkt\/073-%f0%9f%8c%b8-kleid-mit-blumenprint\/#primaryimage"},"thumbnailUrl":"https:\/\/www.lookforward.at\/wp-content\/uploads\/2025\/10\/FullSizeRender18-scaled.jpg","datePublished":"2025-10-31T19:03:35+00:00","dateModified":"2026-04-04T18:13:36+00:00","breadcrumb":{"@id":"https:\/\/www.lookforward.at\/produkt\/073-%f0%9f%8c%b8-kleid-mit-blumenprint\/#breadcrumb"},"inLanguage":"en-US","potentialAction":[{"@type":"ReadAction","target":["https:\/\/www.lookforward.at\/produkt\/073-%f0%9f%8c%b8-kleid-mit-blumenprint\/"]}]},{"@type":"ImageObject","inLanguage":"en-US","@id":"https:\/\/www.lookforward.at\/produkt\/073-%f0%9f%8c%b8-kleid-mit-blumenprint\/#primaryimage","url":"https:\/\/www.lookforward.at\/wp-content\/uploads\/2025\/10\/FullSizeRender18-scaled.jpg","contentUrl":"https:\/\/www.lookforward.at\/wp-content\/uploads\/2025\/10\/FullSizeRender18-scaled.jpg","width":1920,"height":2560},{"@type":"BreadcrumbList","@id":"https:\/\/www.lookforward.at\/produkt\/073-%f0%9f%8c%b8-kleid-mit-blumenprint\/#breadcrumb","itemListElement":[{"@type":"ListItem","position":1,"name":"Startseite","item":"https:\/\/www.lookforward.at\/"},{"@type":"ListItem","position":2,"name":"Shop","item":"https:\/\/www.lookforward.at\/shop\/"},{"@type":"ListItem","position":3,"name":"073 \ud83c\udf38 Kleid mit Blumenprint"}]},{"@type":"WebSite","@id":"https:\/\/www.lookforward.at\/#website","url":"https:\/\/www.lookforward.at\/","name":"lookforward Shop","description":"Der neue Shop f\u00fcr Fashion, Lifestyle, Family, Food and Beauty.","publisher":{"@id":"https:\/\/www.lookforward.at\/#organization"},"potentialAction":[{"@type":"SearchAction","target":{"@type":"EntryPoint","urlTemplate":"https:\/\/www.lookforward.at\/?s={search_term_string}"},"query-input":{"@type":"PropertyValueSpecification","valueRequired":true,"valueName":"search_term_string"}}],"inLanguage":"en-US"},{"@type":"Organization","@id":"https:\/\/www.lookforward.at\/#organization","name":"KB lookforward","url":"https:\/\/www.lookforward.at\/","logo":{"@type":"ImageObject","inLanguage":"en-US","@id":"https:\/\/www.lookforward.at\/#\/schema\/logo\/image\/","url":"https:\/\/www.lookforward.at\/wp-content\/uploads\/2023\/10\/Icon-KB.svg","contentUrl":"https:\/\/www.lookforward.at\/wp-content\/uploads\/2023\/10\/Icon-KB.svg","caption":"KB lookforward"},"image":{"@id":"https:\/\/www.lookforward.at\/#\/schema\/logo\/image\/"}}]}},"_links":{"self":[{"href":"https:\/\/www.lookforward.at\/en\/wp-json\/wp\/v2\/product\/151943","targetHints":{"allow":["GET"]}}],"collection":[{"href":"https:\/\/www.lookforward.at\/en\/wp-json\/wp\/v2\/product"}],"about":[{"href":"https:\/\/www.lookforward.at\/en\/wp-json\/wp\/v2\/types\/product"}],"wp:featuredmedia":[{"embeddable":true,"href":"https:\/\/www.lookforward.at\/en\/wp-json\/wp\/v2\/media\/151915"}],"wp:attachment":[{"href":"https:\/\/www.lookforward.at\/en\/wp-json\/wp\/v2\/media?parent=151943"}],"wp:term":[{"taxonomy":"product_brand","embeddable":true,"href":"https:\/\/www.lookforward.at\/en\/wp-json\/wp\/v2\/product_brand?post=151943"},{"taxonomy":"product_cat","embeddable":true,"href":"https:\/\/www.lookforward.at\/en\/wp-json\/wp\/v2\/product_cat?post=151943"},{"taxonomy":"product_tag","embeddable":true,"href":"https:\/\/www.lookforward.at\/en\/wp-json\/wp\/v2\/product_tag?post=151943"}],"curies":[{"name":"wp","href":"https:\/\/api.w.org\/{rel}","templated":true}]}}