{"id":151944,"date":"2025-10-31T20:23:55","date_gmt":"2025-10-31T19:23:55","guid":{"rendered":"https:\/\/www.lookforward.at\/?post_type=product&#038;p=151944"},"modified":"2026-02-02T06:27:37","modified_gmt":"2026-02-02T05:27:37","slug":"074-cardigan-cosy-love","status":"publish","type":"product","link":"https:\/\/www.lookforward.at\/en\/produkt\/074-cardigan-cosy-love\/","title":{"rendered":"074 Cardigan Cosy Love"},"content":{"rendered":"","protected":false},"excerpt":{"rendered":"<p>Cardigan Cosy Love<\/p>\n<p>So wie du anderen \u2013 sanft, warm und voller Herz.<\/p>\n<p>Unser Cardigan Cosy Love ist dein treuer Begleiter f\u00fcr k\u00fchle Tage und gem\u00fctliche Stunden. Locker gestrickt, weich im Griff und herrlich anschmiegsam \u2013 ein echtes Wohlf\u00fchlst\u00fcck, das zu allem passt.<\/p>\n<p>Mit seinem l\u00e4ssigen Oversize-Schnitt und den tiefen Taschen umh\u00fcllt er dich wie eine liebevolle Umarmung. Ob zu Jeans, Kleid oder Loungewear \u2013 Cosy Love sorgt immer f\u00fcr diesen besonderen Look zwischen Nat\u00fcrlichkeit und Leichtigkeit.<\/p>\n<p>Material:<\/p>\n<p>67 % Acryl<\/p>\n<p>10,5 % Mohair<\/p>\n<p>10,5 % Wolle<\/p>\n<p>12 % Nylon<\/p>\n<p>Passform:<\/p>\n<p>One Size \u2013 passend bis Gr\u00f6\u00dfe 48<\/p>\n<p>Herkunft: Made in Italy<\/p>\n<p>Pflege: Waschbar bei 30 \u00b0C (Feinw\u00e4sche)<\/p>\n<p>Erh\u00e4ltlich in mehreren Farben \u2013 w\u00e4hle deinen Lieblingsbegleiter und trag ein St\u00fcck Gem\u00fctlichkeit bei dir. \ud83d\udda4<\/p>\n","protected":false},"featured_media":151922,"template":"","meta":{"inline_featured_image":false},"product_brand":[],"product_cat":[479,65],"product_tag":[],"class_list":{"0":"post-151944","1":"product","2":"type-product","3":"status-publish","4":"has-post-thumbnail","6":"product_cat-pre-fall-kollektion","7":"product_cat-cardigan","9":"first","10":"onbackorder","11":"taxable","12":"shipping-taxable","13":"purchasable","14":"product-type-variable"},"bundled_by":[],"bundle_stock_status":"onbackorder","bundle_stock_quantity":null,"bundle_virtual":false,"bundle_layout":"","bundle_add_to_cart_form_location":"","bundle_editable_in_cart":false,"bundle_sold_individually_context":"","bundle_item_grouping":"","bundle_min_size":"","bundle_max_size":"","bundle_price":[],"bundled_items":[],"bundle_sell_ids":[],"yoast_head":"<!-- This site is optimized with the Yoast SEO plugin v26.5 - https:\/\/yoast.com\/wordpress\/plugins\/seo\/ -->\n<title>074 Cardigan Cosy Love<\/title>\n<meta name=\"robots\" content=\"index, follow, max-snippet:-1, max-image-preview:large, max-video-preview:-1\" \/>\n<link rel=\"canonical\" href=\"https:\/\/www.lookforward.at\/en\/produkt\/074-cardigan-cosy-love\/\" \/>\n<meta property=\"og:locale\" content=\"en_US\" \/>\n<meta property=\"og:locale:alternate\" content=\"de_DE\" \/>\n<meta property=\"og:type\" content=\"article\" \/>\n<meta property=\"og:title\" content=\"074 Cardigan Cosy Love\" \/>\n<meta property=\"og:description\" content=\"Cardigan Cosy Love  So wie du anderen \u2013 sanft, warm und voller Herz.  Unser Cardigan Cosy Love ist dein treuer Begleiter f\u00fcr k\u00fchle Tage und gem\u00fctliche Stunden. Locker gestrickt, weich im Griff und herrlich anschmiegsam \u2013 ein echtes Wohlf\u00fchlst\u00fcck, das zu allem passt.  Mit seinem l\u00e4ssigen Oversize-Schnitt und den tiefen Taschen umh\u00fcllt er dich wie eine liebevolle Umarmung. Ob zu Jeans, Kleid oder Loungewear \u2013 Cosy Love sorgt immer f\u00fcr diesen besonderen Look zwischen Nat\u00fcrlichkeit und Leichtigkeit.  Material:  67 % Acryl  10,5 % Mohair  10,5 % Wolle  12 % Nylon  Passform:  One Size \u2013 passend bis Gr\u00f6\u00dfe 48  Herkunft: Made in Italy  Pflege: Waschbar bei 30 \u00b0C (Feinw\u00e4sche)  Erh\u00e4ltlich in mehreren Farben \u2013 w\u00e4hle deinen Lieblingsbegleiter und trag ein St\u00fcck Gem\u00fctlichkeit bei dir. \ud83d\udda4\" \/>\n<meta property=\"og:url\" content=\"https:\/\/www.lookforward.at\/en\/produkt\/074-cardigan-cosy-love\/\" \/>\n<meta property=\"og:site_name\" content=\"lookforward Shop\" \/>\n<meta property=\"article:modified_time\" content=\"2026-02-02T05:27:37+00:00\" \/>\n<meta name=\"twitter:card\" content=\"summary_large_image\" \/>\n<meta name=\"twitter:label1\" content=\"Est. reading time\" \/>\n\t<meta name=\"twitter:data1\" content=\"1 minute\" \/>\n<script type=\"application\/ld+json\" class=\"yoast-schema-graph\">{\"@context\":\"https:\/\/schema.org\",\"@graph\":[{\"@type\":\"WebPage\",\"@id\":\"https:\/\/www.lookforward.at\/produkt\/074-cardigan-cosy-love\/\",\"url\":\"https:\/\/www.lookforward.at\/produkt\/074-cardigan-cosy-love\/\",\"name\":\"074 Cardigan Cosy Love\",\"isPartOf\":{\"@id\":\"https:\/\/www.lookforward.at\/#website\"},\"primaryImageOfPage\":{\"@id\":\"https:\/\/www.lookforward.at\/produkt\/074-cardigan-cosy-love\/#primaryimage\"},\"image\":{\"@id\":\"https:\/\/www.lookforward.at\/produkt\/074-cardigan-cosy-love\/#primaryimage\"},\"thumbnailUrl\":\"https:\/\/www.lookforward.at\/wp-content\/uploads\/2025\/10\/FullSizeRender5-scaled.jpg\",\"datePublished\":\"2025-10-31T19:23:55+00:00\",\"dateModified\":\"2026-02-02T05:27:37+00:00\",\"breadcrumb\":{\"@id\":\"https:\/\/www.lookforward.at\/produkt\/074-cardigan-cosy-love\/#breadcrumb\"},\"inLanguage\":\"en-US\",\"potentialAction\":[{\"@type\":\"ReadAction\",\"target\":[\"https:\/\/www.lookforward.at\/produkt\/074-cardigan-cosy-love\/\"]}]},{\"@type\":\"ImageObject\",\"inLanguage\":\"en-US\",\"@id\":\"https:\/\/www.lookforward.at\/produkt\/074-cardigan-cosy-love\/#primaryimage\",\"url\":\"https:\/\/www.lookforward.at\/wp-content\/uploads\/2025\/10\/FullSizeRender5-scaled.jpg\",\"contentUrl\":\"https:\/\/www.lookforward.at\/wp-content\/uploads\/2025\/10\/FullSizeRender5-scaled.jpg\",\"width\":1920,\"height\":2560},{\"@type\":\"BreadcrumbList\",\"@id\":\"https:\/\/www.lookforward.at\/produkt\/074-cardigan-cosy-love\/#breadcrumb\",\"itemListElement\":[{\"@type\":\"ListItem\",\"position\":1,\"name\":\"Startseite\",\"item\":\"https:\/\/www.lookforward.at\/\"},{\"@type\":\"ListItem\",\"position\":2,\"name\":\"Shop\",\"item\":\"https:\/\/www.lookforward.at\/shop\/\"},{\"@type\":\"ListItem\",\"position\":3,\"name\":\"074 Cardigan Cosy Love\"}]},{\"@type\":\"WebSite\",\"@id\":\"https:\/\/www.lookforward.at\/#website\",\"url\":\"https:\/\/www.lookforward.at\/\",\"name\":\"lookforward Shop\",\"description\":\"Der neue Shop f\u00fcr Fashion, Lifestyle, Family, Food and Beauty.\",\"publisher\":{\"@id\":\"https:\/\/www.lookforward.at\/#organization\"},\"potentialAction\":[{\"@type\":\"SearchAction\",\"target\":{\"@type\":\"EntryPoint\",\"urlTemplate\":\"https:\/\/www.lookforward.at\/?s={search_term_string}\"},\"query-input\":{\"@type\":\"PropertyValueSpecification\",\"valueRequired\":true,\"valueName\":\"search_term_string\"}}],\"inLanguage\":\"en-US\"},{\"@type\":\"Organization\",\"@id\":\"https:\/\/www.lookforward.at\/#organization\",\"name\":\"KB lookforward\",\"url\":\"https:\/\/www.lookforward.at\/\",\"logo\":{\"@type\":\"ImageObject\",\"inLanguage\":\"en-US\",\"@id\":\"https:\/\/www.lookforward.at\/#\/schema\/logo\/image\/\",\"url\":\"https:\/\/www.lookforward.at\/wp-content\/uploads\/2023\/10\/Icon-KB.svg\",\"contentUrl\":\"https:\/\/www.lookforward.at\/wp-content\/uploads\/2023\/10\/Icon-KB.svg\",\"caption\":\"KB lookforward\"},\"image\":{\"@id\":\"https:\/\/www.lookforward.at\/#\/schema\/logo\/image\/\"}}]}<\/script>\n<!-- \/ Yoast SEO plugin. -->","yoast_head_json":{"title":"074 Cardigan Cosy Love","robots":{"index":"index","follow":"follow","max-snippet":"max-snippet:-1","max-image-preview":"max-image-preview:large","max-video-preview":"max-video-preview:-1"},"canonical":"https:\/\/www.lookforward.at\/en\/produkt\/074-cardigan-cosy-love\/","og_locale":"en_US","og_type":"article","og_title":"[:de]074 Cardigan Cosy Love[:] - lookforward Shop","og_description":"Cardigan Cosy Love  So wie du anderen \u2013 sanft, warm und voller Herz.  Unser Cardigan Cosy Love ist dein treuer Begleiter f\u00fcr k\u00fchle Tage und gem\u00fctliche Stunden. Locker gestrickt, weich im Griff und herrlich anschmiegsam \u2013 ein echtes Wohlf\u00fchlst\u00fcck, das zu allem passt.  Mit seinem l\u00e4ssigen Oversize-Schnitt und den tiefen Taschen umh\u00fcllt er dich wie eine liebevolle Umarmung. Ob zu Jeans, Kleid oder Loungewear \u2013 Cosy Love sorgt immer f\u00fcr diesen besonderen Look zwischen Nat\u00fcrlichkeit und Leichtigkeit.  Material:  67 % Acryl  10,5 % Mohair  10,5 % Wolle  12 % Nylon  Passform:  One Size \u2013 passend bis Gr\u00f6\u00dfe 48  Herkunft: Made in Italy  Pflege: Waschbar bei 30 \u00b0C (Feinw\u00e4sche)  Erh\u00e4ltlich in mehreren Farben \u2013 w\u00e4hle deinen Lieblingsbegleiter und trag ein St\u00fcck Gem\u00fctlichkeit bei dir. \ud83d\udda4","og_url":"https:\/\/www.lookforward.at\/en\/produkt\/074-cardigan-cosy-love\/","og_site_name":"lookforward Shop","article_modified_time":"2026-02-02T05:27:37+00:00","twitter_card":"summary_large_image","twitter_misc":{"Est. reading time":"1 minute"},"schema":{"@context":"https:\/\/schema.org","@graph":[{"@type":"WebPage","@id":"https:\/\/www.lookforward.at\/produkt\/074-cardigan-cosy-love\/","url":"https:\/\/www.lookforward.at\/produkt\/074-cardigan-cosy-love\/","name":"074 Cardigan Cosy Love","isPartOf":{"@id":"https:\/\/www.lookforward.at\/#website"},"primaryImageOfPage":{"@id":"https:\/\/www.lookforward.at\/produkt\/074-cardigan-cosy-love\/#primaryimage"},"image":{"@id":"https:\/\/www.lookforward.at\/produkt\/074-cardigan-cosy-love\/#primaryimage"},"thumbnailUrl":"https:\/\/www.lookforward.at\/wp-content\/uploads\/2025\/10\/FullSizeRender5-scaled.jpg","datePublished":"2025-10-31T19:23:55+00:00","dateModified":"2026-02-02T05:27:37+00:00","breadcrumb":{"@id":"https:\/\/www.lookforward.at\/produkt\/074-cardigan-cosy-love\/#breadcrumb"},"inLanguage":"en-US","potentialAction":[{"@type":"ReadAction","target":["https:\/\/www.lookforward.at\/produkt\/074-cardigan-cosy-love\/"]}]},{"@type":"ImageObject","inLanguage":"en-US","@id":"https:\/\/www.lookforward.at\/produkt\/074-cardigan-cosy-love\/#primaryimage","url":"https:\/\/www.lookforward.at\/wp-content\/uploads\/2025\/10\/FullSizeRender5-scaled.jpg","contentUrl":"https:\/\/www.lookforward.at\/wp-content\/uploads\/2025\/10\/FullSizeRender5-scaled.jpg","width":1920,"height":2560},{"@type":"BreadcrumbList","@id":"https:\/\/www.lookforward.at\/produkt\/074-cardigan-cosy-love\/#breadcrumb","itemListElement":[{"@type":"ListItem","position":1,"name":"Startseite","item":"https:\/\/www.lookforward.at\/"},{"@type":"ListItem","position":2,"name":"Shop","item":"https:\/\/www.lookforward.at\/shop\/"},{"@type":"ListItem","position":3,"name":"074 Cardigan Cosy Love"}]},{"@type":"WebSite","@id":"https:\/\/www.lookforward.at\/#website","url":"https:\/\/www.lookforward.at\/","name":"lookforward Shop","description":"Der neue Shop f\u00fcr Fashion, Lifestyle, Family, Food and Beauty.","publisher":{"@id":"https:\/\/www.lookforward.at\/#organization"},"potentialAction":[{"@type":"SearchAction","target":{"@type":"EntryPoint","urlTemplate":"https:\/\/www.lookforward.at\/?s={search_term_string}"},"query-input":{"@type":"PropertyValueSpecification","valueRequired":true,"valueName":"search_term_string"}}],"inLanguage":"en-US"},{"@type":"Organization","@id":"https:\/\/www.lookforward.at\/#organization","name":"KB lookforward","url":"https:\/\/www.lookforward.at\/","logo":{"@type":"ImageObject","inLanguage":"en-US","@id":"https:\/\/www.lookforward.at\/#\/schema\/logo\/image\/","url":"https:\/\/www.lookforward.at\/wp-content\/uploads\/2023\/10\/Icon-KB.svg","contentUrl":"https:\/\/www.lookforward.at\/wp-content\/uploads\/2023\/10\/Icon-KB.svg","caption":"KB lookforward"},"image":{"@id":"https:\/\/www.lookforward.at\/#\/schema\/logo\/image\/"}}]}},"_links":{"self":[{"href":"https:\/\/www.lookforward.at\/en\/wp-json\/wp\/v2\/product\/151944","targetHints":{"allow":["GET"]}}],"collection":[{"href":"https:\/\/www.lookforward.at\/en\/wp-json\/wp\/v2\/product"}],"about":[{"href":"https:\/\/www.lookforward.at\/en\/wp-json\/wp\/v2\/types\/product"}],"wp:featuredmedia":[{"embeddable":true,"href":"https:\/\/www.lookforward.at\/en\/wp-json\/wp\/v2\/media\/151922"}],"wp:attachment":[{"href":"https:\/\/www.lookforward.at\/en\/wp-json\/wp\/v2\/media?parent=151944"}],"wp:term":[{"taxonomy":"product_brand","embeddable":true,"href":"https:\/\/www.lookforward.at\/en\/wp-json\/wp\/v2\/product_brand?post=151944"},{"taxonomy":"product_cat","embeddable":true,"href":"https:\/\/www.lookforward.at\/en\/wp-json\/wp\/v2\/product_cat?post=151944"},{"taxonomy":"product_tag","embeddable":true,"href":"https:\/\/www.lookforward.at\/en\/wp-json\/wp\/v2\/product_tag?post=151944"}],"curies":[{"name":"wp","href":"https:\/\/api.w.org\/{rel}","templated":true}]}}