{"id":151958,"date":"2025-10-31T20:38:57","date_gmt":"2025-10-31T19:38:57","guid":{"rendered":"https:\/\/www.lookforward.at\/?post_type=product&#038;p=151958"},"modified":"2026-01-25T22:09:40","modified_gmt":"2026-01-25T21:09:40","slug":"cardigan-lovely-knit","status":"publish","type":"product","link":"https:\/\/www.lookforward.at\/en\/produkt\/cardigan-lovely-knit\/","title":{"rendered":"075 Cardigan Lovely Knit"},"content":{"rendered":"","protected":false},"excerpt":{"rendered":"<p>Cardigan Lovely Knit<\/p>\n<p>Ein St\u00fcck Geborgenheit zum Anziehen \u2013 weich, leicht und einfach zum Wohlf\u00fchlen.<\/p>\n<p>Unser Cardigan Lovely Knit verzaubert mit seinem feinen Strick, den zarten Kn\u00f6pfen und dem kuscheligen Tragegef\u00fchl.<\/p>\n<p>Ein Klassiker mit besonderem Charme \u2013 l\u00e4ssig offen getragen oder geschlossen f\u00fcr einen femininen Look.<\/p>\n<p>Ob zu Jeans, Rock oder Lederpants \u2013 Lovely Knit macht jedes Outfit cosy und edel zugleich.<\/p>\n<p>Ein Lieblingsst\u00fcck, das du nie wieder ausziehen m\u00f6chtest. \ud83d\udcab<\/p>\n<p>Material:<\/p>\n<p>48 % Acryl<\/p>\n<p>22 % Elasthan<\/p>\n<p>20 % Baby-Alpaka<\/p>\n<p>10 % Polyester<\/p>\n<p>Passform:<\/p>\n<p>Einheitsgr\u00f6\u00dfe \u2013 passend von 38 bis 44<\/p>\n<p>Kollektion: Herbst\/Winter 2025\/2026<\/p>\n<p>Pflege: Feinw\u00e4sche bei 30 \u00b0C<\/p>\n<p>Herkunft: Made in Italy<\/p>\n","protected":false},"featured_media":151939,"template":"","meta":{"inline_featured_image":false},"product_brand":[],"product_cat":[479,65],"product_tag":[],"class_list":{"0":"post-151958","1":"product","2":"type-product","3":"status-publish","4":"has-post-thumbnail","6":"product_cat-pre-fall-kollektion","7":"product_cat-cardigan","9":"first","10":"onbackorder","11":"taxable","12":"shipping-taxable","13":"purchasable","14":"product-type-variable"},"bundled_by":[],"bundle_stock_status":"onbackorder","bundle_stock_quantity":null,"bundle_virtual":false,"bundle_layout":"","bundle_add_to_cart_form_location":"","bundle_editable_in_cart":false,"bundle_sold_individually_context":"","bundle_item_grouping":"","bundle_min_size":"","bundle_max_size":"","bundle_price":[],"bundled_items":[],"bundle_sell_ids":[],"yoast_head":"<!-- This site is optimized with the Yoast SEO plugin v26.5 - https:\/\/yoast.com\/wordpress\/plugins\/seo\/ -->\n<title>075 Cardigan Lovely Knit<\/title>\n<meta name=\"robots\" content=\"index, follow, max-snippet:-1, max-image-preview:large, max-video-preview:-1\" \/>\n<link rel=\"canonical\" href=\"https:\/\/www.lookforward.at\/en\/produkt\/cardigan-lovely-knit\/\" \/>\n<meta property=\"og:locale\" content=\"en_US\" \/>\n<meta property=\"og:locale:alternate\" content=\"de_DE\" \/>\n<meta property=\"og:type\" content=\"article\" \/>\n<meta property=\"og:title\" content=\"075 Cardigan Lovely Knit\" \/>\n<meta property=\"og:description\" content=\"Cardigan Lovely Knit  Ein St\u00fcck Geborgenheit zum Anziehen \u2013 weich, leicht und einfach zum Wohlf\u00fchlen.  Unser Cardigan Lovely Knit verzaubert mit seinem feinen Strick, den zarten Kn\u00f6pfen und dem kuscheligen Tragegef\u00fchl.  Ein Klassiker mit besonderem Charme \u2013 l\u00e4ssig offen getragen oder geschlossen f\u00fcr einen femininen Look.  Ob zu Jeans, Rock oder Lederpants \u2013 Lovely Knit macht jedes Outfit cosy und edel zugleich.  Ein Lieblingsst\u00fcck, das du nie wieder ausziehen m\u00f6chtest. \ud83d\udcab  Material:  48 % Acryl  22 % Elasthan  20 % Baby-Alpaka  10 % Polyester  Passform:  Einheitsgr\u00f6\u00dfe \u2013 passend von 38 bis 44  Kollektion: Herbst\/Winter 2025\/2026  Pflege: Feinw\u00e4sche bei 30 \u00b0C  Herkunft: Made in Italy\" \/>\n<meta property=\"og:url\" content=\"https:\/\/www.lookforward.at\/en\/produkt\/cardigan-lovely-knit\/\" \/>\n<meta property=\"og:site_name\" content=\"lookforward Shop\" \/>\n<meta property=\"article:modified_time\" content=\"2026-01-25T21:09:40+00:00\" \/>\n<meta property=\"og:image\" content=\"https:\/\/www.lookforward.at\/wp-content\/uploads\/2025\/10\/IMG_0790-scaled.jpg\" \/>\n\t<meta property=\"og:image:width\" content=\"1920\" \/>\n\t<meta property=\"og:image:height\" content=\"2560\" \/>\n\t<meta property=\"og:image:type\" content=\"image\/jpeg\" \/>\n<meta name=\"twitter:card\" content=\"summary_large_image\" \/>\n<meta name=\"twitter:label1\" content=\"Est. reading time\" \/>\n\t<meta name=\"twitter:data1\" content=\"1 minute\" \/>\n<script type=\"application\/ld+json\" class=\"yoast-schema-graph\">{\"@context\":\"https:\/\/schema.org\",\"@graph\":[{\"@type\":\"WebPage\",\"@id\":\"https:\/\/www.lookforward.at\/produkt\/cardigan-lovely-knit\/\",\"url\":\"https:\/\/www.lookforward.at\/produkt\/cardigan-lovely-knit\/\",\"name\":\"075 Cardigan Lovely Knit\",\"isPartOf\":{\"@id\":\"https:\/\/www.lookforward.at\/#website\"},\"primaryImageOfPage\":{\"@id\":\"https:\/\/www.lookforward.at\/produkt\/cardigan-lovely-knit\/#primaryimage\"},\"image\":{\"@id\":\"https:\/\/www.lookforward.at\/produkt\/cardigan-lovely-knit\/#primaryimage\"},\"thumbnailUrl\":\"https:\/\/www.lookforward.at\/wp-content\/uploads\/2025\/10\/IMG_0790-scaled.jpg\",\"datePublished\":\"2025-10-31T19:38:57+00:00\",\"dateModified\":\"2026-01-25T21:09:40+00:00\",\"breadcrumb\":{\"@id\":\"https:\/\/www.lookforward.at\/produkt\/cardigan-lovely-knit\/#breadcrumb\"},\"inLanguage\":\"en-US\",\"potentialAction\":[{\"@type\":\"ReadAction\",\"target\":[\"https:\/\/www.lookforward.at\/produkt\/cardigan-lovely-knit\/\"]}]},{\"@type\":\"ImageObject\",\"inLanguage\":\"en-US\",\"@id\":\"https:\/\/www.lookforward.at\/produkt\/cardigan-lovely-knit\/#primaryimage\",\"url\":\"https:\/\/www.lookforward.at\/wp-content\/uploads\/2025\/10\/IMG_0790-scaled.jpg\",\"contentUrl\":\"https:\/\/www.lookforward.at\/wp-content\/uploads\/2025\/10\/IMG_0790-scaled.jpg\",\"width\":1920,\"height\":2560},{\"@type\":\"BreadcrumbList\",\"@id\":\"https:\/\/www.lookforward.at\/produkt\/cardigan-lovely-knit\/#breadcrumb\",\"itemListElement\":[{\"@type\":\"ListItem\",\"position\":1,\"name\":\"Startseite\",\"item\":\"https:\/\/www.lookforward.at\/\"},{\"@type\":\"ListItem\",\"position\":2,\"name\":\"Shop\",\"item\":\"https:\/\/www.lookforward.at\/shop\/\"},{\"@type\":\"ListItem\",\"position\":3,\"name\":\"075 Cardigan Lovely Knit\"}]},{\"@type\":\"WebSite\",\"@id\":\"https:\/\/www.lookforward.at\/#website\",\"url\":\"https:\/\/www.lookforward.at\/\",\"name\":\"lookforward Shop\",\"description\":\"Der neue Shop f\u00fcr Fashion, Lifestyle, Family, Food and Beauty.\",\"publisher\":{\"@id\":\"https:\/\/www.lookforward.at\/#organization\"},\"potentialAction\":[{\"@type\":\"SearchAction\",\"target\":{\"@type\":\"EntryPoint\",\"urlTemplate\":\"https:\/\/www.lookforward.at\/?s={search_term_string}\"},\"query-input\":{\"@type\":\"PropertyValueSpecification\",\"valueRequired\":true,\"valueName\":\"search_term_string\"}}],\"inLanguage\":\"en-US\"},{\"@type\":\"Organization\",\"@id\":\"https:\/\/www.lookforward.at\/#organization\",\"name\":\"KB lookforward\",\"url\":\"https:\/\/www.lookforward.at\/\",\"logo\":{\"@type\":\"ImageObject\",\"inLanguage\":\"en-US\",\"@id\":\"https:\/\/www.lookforward.at\/#\/schema\/logo\/image\/\",\"url\":\"https:\/\/www.lookforward.at\/wp-content\/uploads\/2023\/10\/Icon-KB.svg\",\"contentUrl\":\"https:\/\/www.lookforward.at\/wp-content\/uploads\/2023\/10\/Icon-KB.svg\",\"caption\":\"KB lookforward\"},\"image\":{\"@id\":\"https:\/\/www.lookforward.at\/#\/schema\/logo\/image\/\"}}]}<\/script>\n<!-- \/ Yoast SEO plugin. -->","yoast_head_json":{"title":"075 Cardigan Lovely Knit","robots":{"index":"index","follow":"follow","max-snippet":"max-snippet:-1","max-image-preview":"max-image-preview:large","max-video-preview":"max-video-preview:-1"},"canonical":"https:\/\/www.lookforward.at\/en\/produkt\/cardigan-lovely-knit\/","og_locale":"en_US","og_type":"article","og_title":"[:de]075 Cardigan Lovely Knit[:] - lookforward Shop","og_description":"Cardigan Lovely Knit  Ein St\u00fcck Geborgenheit zum Anziehen \u2013 weich, leicht und einfach zum Wohlf\u00fchlen.  Unser Cardigan Lovely Knit verzaubert mit seinem feinen Strick, den zarten Kn\u00f6pfen und dem kuscheligen Tragegef\u00fchl.  Ein Klassiker mit besonderem Charme \u2013 l\u00e4ssig offen getragen oder geschlossen f\u00fcr einen femininen Look.  Ob zu Jeans, Rock oder Lederpants \u2013 Lovely Knit macht jedes Outfit cosy und edel zugleich.  Ein Lieblingsst\u00fcck, das du nie wieder ausziehen m\u00f6chtest. \ud83d\udcab  Material:  48 % Acryl  22 % Elasthan  20 % Baby-Alpaka  10 % Polyester  Passform:  Einheitsgr\u00f6\u00dfe \u2013 passend von 38 bis 44  Kollektion: Herbst\/Winter 2025\/2026  Pflege: Feinw\u00e4sche bei 30 \u00b0C  Herkunft: Made in Italy","og_url":"https:\/\/www.lookforward.at\/en\/produkt\/cardigan-lovely-knit\/","og_site_name":"lookforward Shop","article_modified_time":"2026-01-25T21:09:40+00:00","og_image":[{"width":1920,"height":2560,"url":"https:\/\/www.lookforward.at\/wp-content\/uploads\/2025\/10\/IMG_0790-scaled.jpg","type":"image\/jpeg"}],"twitter_card":"summary_large_image","twitter_misc":{"Est. reading time":"1 minute"},"schema":{"@context":"https:\/\/schema.org","@graph":[{"@type":"WebPage","@id":"https:\/\/www.lookforward.at\/produkt\/cardigan-lovely-knit\/","url":"https:\/\/www.lookforward.at\/produkt\/cardigan-lovely-knit\/","name":"075 Cardigan Lovely Knit","isPartOf":{"@id":"https:\/\/www.lookforward.at\/#website"},"primaryImageOfPage":{"@id":"https:\/\/www.lookforward.at\/produkt\/cardigan-lovely-knit\/#primaryimage"},"image":{"@id":"https:\/\/www.lookforward.at\/produkt\/cardigan-lovely-knit\/#primaryimage"},"thumbnailUrl":"https:\/\/www.lookforward.at\/wp-content\/uploads\/2025\/10\/IMG_0790-scaled.jpg","datePublished":"2025-10-31T19:38:57+00:00","dateModified":"2026-01-25T21:09:40+00:00","breadcrumb":{"@id":"https:\/\/www.lookforward.at\/produkt\/cardigan-lovely-knit\/#breadcrumb"},"inLanguage":"en-US","potentialAction":[{"@type":"ReadAction","target":["https:\/\/www.lookforward.at\/produkt\/cardigan-lovely-knit\/"]}]},{"@type":"ImageObject","inLanguage":"en-US","@id":"https:\/\/www.lookforward.at\/produkt\/cardigan-lovely-knit\/#primaryimage","url":"https:\/\/www.lookforward.at\/wp-content\/uploads\/2025\/10\/IMG_0790-scaled.jpg","contentUrl":"https:\/\/www.lookforward.at\/wp-content\/uploads\/2025\/10\/IMG_0790-scaled.jpg","width":1920,"height":2560},{"@type":"BreadcrumbList","@id":"https:\/\/www.lookforward.at\/produkt\/cardigan-lovely-knit\/#breadcrumb","itemListElement":[{"@type":"ListItem","position":1,"name":"Startseite","item":"https:\/\/www.lookforward.at\/"},{"@type":"ListItem","position":2,"name":"Shop","item":"https:\/\/www.lookforward.at\/shop\/"},{"@type":"ListItem","position":3,"name":"075 Cardigan Lovely Knit"}]},{"@type":"WebSite","@id":"https:\/\/www.lookforward.at\/#website","url":"https:\/\/www.lookforward.at\/","name":"lookforward Shop","description":"Der neue Shop f\u00fcr Fashion, Lifestyle, Family, Food and Beauty.","publisher":{"@id":"https:\/\/www.lookforward.at\/#organization"},"potentialAction":[{"@type":"SearchAction","target":{"@type":"EntryPoint","urlTemplate":"https:\/\/www.lookforward.at\/?s={search_term_string}"},"query-input":{"@type":"PropertyValueSpecification","valueRequired":true,"valueName":"search_term_string"}}],"inLanguage":"en-US"},{"@type":"Organization","@id":"https:\/\/www.lookforward.at\/#organization","name":"KB lookforward","url":"https:\/\/www.lookforward.at\/","logo":{"@type":"ImageObject","inLanguage":"en-US","@id":"https:\/\/www.lookforward.at\/#\/schema\/logo\/image\/","url":"https:\/\/www.lookforward.at\/wp-content\/uploads\/2023\/10\/Icon-KB.svg","contentUrl":"https:\/\/www.lookforward.at\/wp-content\/uploads\/2023\/10\/Icon-KB.svg","caption":"KB lookforward"},"image":{"@id":"https:\/\/www.lookforward.at\/#\/schema\/logo\/image\/"}}]}},"_links":{"self":[{"href":"https:\/\/www.lookforward.at\/en\/wp-json\/wp\/v2\/product\/151958","targetHints":{"allow":["GET"]}}],"collection":[{"href":"https:\/\/www.lookforward.at\/en\/wp-json\/wp\/v2\/product"}],"about":[{"href":"https:\/\/www.lookforward.at\/en\/wp-json\/wp\/v2\/types\/product"}],"wp:featuredmedia":[{"embeddable":true,"href":"https:\/\/www.lookforward.at\/en\/wp-json\/wp\/v2\/media\/151939"}],"wp:attachment":[{"href":"https:\/\/www.lookforward.at\/en\/wp-json\/wp\/v2\/media?parent=151958"}],"wp:term":[{"taxonomy":"product_brand","embeddable":true,"href":"https:\/\/www.lookforward.at\/en\/wp-json\/wp\/v2\/product_brand?post=151958"},{"taxonomy":"product_cat","embeddable":true,"href":"https:\/\/www.lookforward.at\/en\/wp-json\/wp\/v2\/product_cat?post=151958"},{"taxonomy":"product_tag","embeddable":true,"href":"https:\/\/www.lookforward.at\/en\/wp-json\/wp\/v2\/product_tag?post=151958"}],"curies":[{"name":"wp","href":"https:\/\/api.w.org\/{rel}","templated":true}]}}