{"id":151992,"date":"2025-11-01T13:04:57","date_gmt":"2025-11-01T12:04:57","guid":{"rendered":"https:\/\/www.lookforward.at\/?post_type=product&#038;p=151992"},"modified":"2026-04-04T19:03:55","modified_gmt":"2026-04-04T17:03:55","slug":"077-pullover-cozy-knit","status":"publish","type":"product","link":"https:\/\/www.lookforward.at\/en\/produkt\/077-pullover-cozy-knit\/","title":{"rendered":"077 Pullover Cozy Knit"},"content":{"rendered":"","protected":false},"excerpt":{"rendered":"<div><b>Pullover Cozy Knit<\/b><\/div>\n<div><\/div>\n<div>Kuschelig, l\u00e4ssig, einfach zum Wohlf\u00fchlen.<\/div>\n<div>Unser <b>Pullover Cozy Knit<\/b> ist der Inbegriff von Komfort und Leichtigkeit \u2013 weich im Griff, mit lockerem Schnitt und charmanten Details.<\/div>\n<div>Der leicht strukturierte Strick und der gerippte Stehkragen verleihen ihm das gewisse Etwas \u2013 perfekt f\u00fcr entspannte Looks mit Stil.<\/div>\n<div><\/div>\n<div>Ob zu Jeans, Lederimitat oder Rock \u2013 <i>Cozy Knit<\/i> begleitet dich \u00fcberall hin und sorgt f\u00fcr W\u00e4rme und Wohlgef\u00fchl an k\u00fchlen Tagen.<\/div>\n<div><\/div>\n<div><b>Material:<\/b> 65 % Acryl, 15 % Wolle, 20 % Polyester<\/div>\n<div><b>Passform:<\/b> One Size \u2013 passend bis Gr\u00f6\u00dfe 46<\/div>\n<div><b>Herkunft:<\/b> Made in Italy<\/div>\n<div><b>Pflege:<\/b> Waschbar bei 30 \u00b0C (Feinw\u00e4sche)<\/div>\n","protected":false},"featured_media":151913,"template":"","meta":{"inline_featured_image":false},"product_brand":[],"product_cat":[479,59],"product_tag":[],"class_list":{"0":"post-151992","1":"product","2":"type-product","3":"status-publish","4":"has-post-thumbnail","6":"product_cat-pre-fall-kollektion","7":"product_cat-pullover","9":"first","10":"onbackorder","11":"taxable","12":"shipping-taxable","13":"purchasable","14":"product-type-variable"},"bundled_by":[],"bundle_stock_status":"onbackorder","bundle_stock_quantity":null,"bundle_virtual":false,"bundle_layout":"","bundle_add_to_cart_form_location":"","bundle_editable_in_cart":false,"bundle_sold_individually_context":"","bundle_item_grouping":"","bundle_min_size":"","bundle_max_size":"","bundle_price":[],"bundled_items":[],"bundle_sell_ids":[],"yoast_head":"<!-- This site is optimized with the Yoast SEO plugin v26.5 - https:\/\/yoast.com\/wordpress\/plugins\/seo\/ -->\n<title>077 Pullover Cozy Knit<\/title>\n<meta name=\"robots\" content=\"index, follow, max-snippet:-1, max-image-preview:large, max-video-preview:-1\" \/>\n<link rel=\"canonical\" href=\"https:\/\/www.lookforward.at\/en\/produkt\/077-pullover-cozy-knit\/\" \/>\n<meta property=\"og:locale\" content=\"en_US\" \/>\n<meta property=\"og:locale:alternate\" content=\"de_DE\" \/>\n<meta property=\"og:type\" content=\"article\" \/>\n<meta property=\"og:title\" content=\"077 Pullover Cozy Knit\" \/>\n<meta property=\"og:description\" content=\"Pullover Cozy Knit  Kuschelig, l\u00e4ssig, einfach zum Wohlf\u00fchlen. Unser Pullover Cozy Knit ist der Inbegriff von Komfort und Leichtigkeit \u2013 weich im Griff, mit lockerem Schnitt und charmanten Details. Der leicht strukturierte Strick und der gerippte Stehkragen verleihen ihm das gewisse Etwas \u2013 perfekt f\u00fcr entspannte Looks mit Stil.  Ob zu Jeans, Lederimitat oder Rock \u2013 Cozy Knit begleitet dich \u00fcberall hin und sorgt f\u00fcr W\u00e4rme und Wohlgef\u00fchl an k\u00fchlen Tagen.  Material: 65 % Acryl, 15 % Wolle, 20 % Polyester Passform: One Size \u2013 passend bis Gr\u00f6\u00dfe 46 Herkunft: Made in Italy Pflege: Waschbar bei 30 \u00b0C (Feinw\u00e4sche)\" \/>\n<meta property=\"og:url\" content=\"https:\/\/www.lookforward.at\/en\/produkt\/077-pullover-cozy-knit\/\" \/>\n<meta property=\"og:site_name\" content=\"lookforward Shop\" \/>\n<meta property=\"article:modified_time\" content=\"2026-04-04T17:03:55+00:00\" \/>\n<meta name=\"twitter:card\" content=\"summary_large_image\" \/>\n<meta name=\"twitter:label1\" content=\"Est. reading time\" \/>\n\t<meta name=\"twitter:data1\" content=\"1 minute\" \/>\n<script type=\"application\/ld+json\" class=\"yoast-schema-graph\">{\"@context\":\"https:\/\/schema.org\",\"@graph\":[{\"@type\":\"WebPage\",\"@id\":\"https:\/\/www.lookforward.at\/produkt\/077-pullover-cozy-knit\/\",\"url\":\"https:\/\/www.lookforward.at\/produkt\/077-pullover-cozy-knit\/\",\"name\":\"077 Pullover Cozy Knit\",\"isPartOf\":{\"@id\":\"https:\/\/www.lookforward.at\/#website\"},\"primaryImageOfPage\":{\"@id\":\"https:\/\/www.lookforward.at\/produkt\/077-pullover-cozy-knit\/#primaryimage\"},\"image\":{\"@id\":\"https:\/\/www.lookforward.at\/produkt\/077-pullover-cozy-knit\/#primaryimage\"},\"thumbnailUrl\":\"https:\/\/www.lookforward.at\/wp-content\/uploads\/2025\/10\/FullSizeRender16-1-scaled.jpg\",\"datePublished\":\"2025-11-01T12:04:57+00:00\",\"dateModified\":\"2026-04-04T17:03:55+00:00\",\"breadcrumb\":{\"@id\":\"https:\/\/www.lookforward.at\/produkt\/077-pullover-cozy-knit\/#breadcrumb\"},\"inLanguage\":\"en-US\",\"potentialAction\":[{\"@type\":\"ReadAction\",\"target\":[\"https:\/\/www.lookforward.at\/produkt\/077-pullover-cozy-knit\/\"]}]},{\"@type\":\"ImageObject\",\"inLanguage\":\"en-US\",\"@id\":\"https:\/\/www.lookforward.at\/produkt\/077-pullover-cozy-knit\/#primaryimage\",\"url\":\"https:\/\/www.lookforward.at\/wp-content\/uploads\/2025\/10\/FullSizeRender16-1-scaled.jpg\",\"contentUrl\":\"https:\/\/www.lookforward.at\/wp-content\/uploads\/2025\/10\/FullSizeRender16-1-scaled.jpg\",\"width\":1920,\"height\":2560},{\"@type\":\"BreadcrumbList\",\"@id\":\"https:\/\/www.lookforward.at\/produkt\/077-pullover-cozy-knit\/#breadcrumb\",\"itemListElement\":[{\"@type\":\"ListItem\",\"position\":1,\"name\":\"Startseite\",\"item\":\"https:\/\/www.lookforward.at\/\"},{\"@type\":\"ListItem\",\"position\":2,\"name\":\"Shop\",\"item\":\"https:\/\/www.lookforward.at\/shop\/\"},{\"@type\":\"ListItem\",\"position\":3,\"name\":\"077 Pullover Cozy Knit\"}]},{\"@type\":\"WebSite\",\"@id\":\"https:\/\/www.lookforward.at\/#website\",\"url\":\"https:\/\/www.lookforward.at\/\",\"name\":\"lookforward Shop\",\"description\":\"Der neue Shop f\u00fcr Fashion, Lifestyle, Family, Food and Beauty.\",\"publisher\":{\"@id\":\"https:\/\/www.lookforward.at\/#organization\"},\"potentialAction\":[{\"@type\":\"SearchAction\",\"target\":{\"@type\":\"EntryPoint\",\"urlTemplate\":\"https:\/\/www.lookforward.at\/?s={search_term_string}\"},\"query-input\":{\"@type\":\"PropertyValueSpecification\",\"valueRequired\":true,\"valueName\":\"search_term_string\"}}],\"inLanguage\":\"en-US\"},{\"@type\":\"Organization\",\"@id\":\"https:\/\/www.lookforward.at\/#organization\",\"name\":\"KB lookforward\",\"url\":\"https:\/\/www.lookforward.at\/\",\"logo\":{\"@type\":\"ImageObject\",\"inLanguage\":\"en-US\",\"@id\":\"https:\/\/www.lookforward.at\/#\/schema\/logo\/image\/\",\"url\":\"https:\/\/www.lookforward.at\/wp-content\/uploads\/2023\/10\/Icon-KB.svg\",\"contentUrl\":\"https:\/\/www.lookforward.at\/wp-content\/uploads\/2023\/10\/Icon-KB.svg\",\"caption\":\"KB lookforward\"},\"image\":{\"@id\":\"https:\/\/www.lookforward.at\/#\/schema\/logo\/image\/\"}}]}<\/script>\n<!-- \/ Yoast SEO plugin. -->","yoast_head_json":{"title":"077 Pullover Cozy Knit","robots":{"index":"index","follow":"follow","max-snippet":"max-snippet:-1","max-image-preview":"max-image-preview:large","max-video-preview":"max-video-preview:-1"},"canonical":"https:\/\/www.lookforward.at\/en\/produkt\/077-pullover-cozy-knit\/","og_locale":"en_US","og_type":"article","og_title":"[:de]077 Pullover Cozy Knit[:] - lookforward Shop","og_description":"Pullover Cozy Knit  Kuschelig, l\u00e4ssig, einfach zum Wohlf\u00fchlen. Unser Pullover Cozy Knit ist der Inbegriff von Komfort und Leichtigkeit \u2013 weich im Griff, mit lockerem Schnitt und charmanten Details. Der leicht strukturierte Strick und der gerippte Stehkragen verleihen ihm das gewisse Etwas \u2013 perfekt f\u00fcr entspannte Looks mit Stil.  Ob zu Jeans, Lederimitat oder Rock \u2013 Cozy Knit begleitet dich \u00fcberall hin und sorgt f\u00fcr W\u00e4rme und Wohlgef\u00fchl an k\u00fchlen Tagen.  Material: 65 % Acryl, 15 % Wolle, 20 % Polyester Passform: One Size \u2013 passend bis Gr\u00f6\u00dfe 46 Herkunft: Made in Italy Pflege: Waschbar bei 30 \u00b0C (Feinw\u00e4sche)","og_url":"https:\/\/www.lookforward.at\/en\/produkt\/077-pullover-cozy-knit\/","og_site_name":"lookforward Shop","article_modified_time":"2026-04-04T17:03:55+00:00","twitter_card":"summary_large_image","twitter_misc":{"Est. reading time":"1 minute"},"schema":{"@context":"https:\/\/schema.org","@graph":[{"@type":"WebPage","@id":"https:\/\/www.lookforward.at\/produkt\/077-pullover-cozy-knit\/","url":"https:\/\/www.lookforward.at\/produkt\/077-pullover-cozy-knit\/","name":"077 Pullover Cozy Knit","isPartOf":{"@id":"https:\/\/www.lookforward.at\/#website"},"primaryImageOfPage":{"@id":"https:\/\/www.lookforward.at\/produkt\/077-pullover-cozy-knit\/#primaryimage"},"image":{"@id":"https:\/\/www.lookforward.at\/produkt\/077-pullover-cozy-knit\/#primaryimage"},"thumbnailUrl":"https:\/\/www.lookforward.at\/wp-content\/uploads\/2025\/10\/FullSizeRender16-1-scaled.jpg","datePublished":"2025-11-01T12:04:57+00:00","dateModified":"2026-04-04T17:03:55+00:00","breadcrumb":{"@id":"https:\/\/www.lookforward.at\/produkt\/077-pullover-cozy-knit\/#breadcrumb"},"inLanguage":"en-US","potentialAction":[{"@type":"ReadAction","target":["https:\/\/www.lookforward.at\/produkt\/077-pullover-cozy-knit\/"]}]},{"@type":"ImageObject","inLanguage":"en-US","@id":"https:\/\/www.lookforward.at\/produkt\/077-pullover-cozy-knit\/#primaryimage","url":"https:\/\/www.lookforward.at\/wp-content\/uploads\/2025\/10\/FullSizeRender16-1-scaled.jpg","contentUrl":"https:\/\/www.lookforward.at\/wp-content\/uploads\/2025\/10\/FullSizeRender16-1-scaled.jpg","width":1920,"height":2560},{"@type":"BreadcrumbList","@id":"https:\/\/www.lookforward.at\/produkt\/077-pullover-cozy-knit\/#breadcrumb","itemListElement":[{"@type":"ListItem","position":1,"name":"Startseite","item":"https:\/\/www.lookforward.at\/"},{"@type":"ListItem","position":2,"name":"Shop","item":"https:\/\/www.lookforward.at\/shop\/"},{"@type":"ListItem","position":3,"name":"077 Pullover Cozy Knit"}]},{"@type":"WebSite","@id":"https:\/\/www.lookforward.at\/#website","url":"https:\/\/www.lookforward.at\/","name":"lookforward Shop","description":"Der neue Shop f\u00fcr Fashion, Lifestyle, Family, Food and Beauty.","publisher":{"@id":"https:\/\/www.lookforward.at\/#organization"},"potentialAction":[{"@type":"SearchAction","target":{"@type":"EntryPoint","urlTemplate":"https:\/\/www.lookforward.at\/?s={search_term_string}"},"query-input":{"@type":"PropertyValueSpecification","valueRequired":true,"valueName":"search_term_string"}}],"inLanguage":"en-US"},{"@type":"Organization","@id":"https:\/\/www.lookforward.at\/#organization","name":"KB lookforward","url":"https:\/\/www.lookforward.at\/","logo":{"@type":"ImageObject","inLanguage":"en-US","@id":"https:\/\/www.lookforward.at\/#\/schema\/logo\/image\/","url":"https:\/\/www.lookforward.at\/wp-content\/uploads\/2023\/10\/Icon-KB.svg","contentUrl":"https:\/\/www.lookforward.at\/wp-content\/uploads\/2023\/10\/Icon-KB.svg","caption":"KB lookforward"},"image":{"@id":"https:\/\/www.lookforward.at\/#\/schema\/logo\/image\/"}}]}},"_links":{"self":[{"href":"https:\/\/www.lookforward.at\/en\/wp-json\/wp\/v2\/product\/151992","targetHints":{"allow":["GET"]}}],"collection":[{"href":"https:\/\/www.lookforward.at\/en\/wp-json\/wp\/v2\/product"}],"about":[{"href":"https:\/\/www.lookforward.at\/en\/wp-json\/wp\/v2\/types\/product"}],"wp:featuredmedia":[{"embeddable":true,"href":"https:\/\/www.lookforward.at\/en\/wp-json\/wp\/v2\/media\/151913"}],"wp:attachment":[{"href":"https:\/\/www.lookforward.at\/en\/wp-json\/wp\/v2\/media?parent=151992"}],"wp:term":[{"taxonomy":"product_brand","embeddable":true,"href":"https:\/\/www.lookforward.at\/en\/wp-json\/wp\/v2\/product_brand?post=151992"},{"taxonomy":"product_cat","embeddable":true,"href":"https:\/\/www.lookforward.at\/en\/wp-json\/wp\/v2\/product_cat?post=151992"},{"taxonomy":"product_tag","embeddable":true,"href":"https:\/\/www.lookforward.at\/en\/wp-json\/wp\/v2\/product_tag?post=151992"}],"curies":[{"name":"wp","href":"https:\/\/api.w.org\/{rel}","templated":true}]}}