{"id":152076,"date":"2025-11-01T14:31:26","date_gmt":"2025-11-01T13:31:26","guid":{"rendered":"https:\/\/www.lookforward.at\/?post_type=product&#038;p=152076"},"modified":"2025-12-03T20:30:10","modified_gmt":"2025-12-03T19:30:10","slug":"083-cardigan-mit-goldknoepfe-in-vielen-farben","status":"publish","type":"product","link":"https:\/\/www.lookforward.at\/en\/produkt\/083-cardigan-mit-goldknoepfe-in-vielen-farben\/","title":{"rendered":"083 Cardigan mit Goldkn\u00f6pfe in vielen Farben"},"content":{"rendered":"","protected":false},"excerpt":{"rendered":"<div>Kuschelig weich, stilvoll und mit einem Hauch Eleganz \u2013 diese Strickjacke ist das perfekte Lieblingsst\u00fcck f\u00fcr k\u00fchle Tage.<\/div>\n<div>Die goldenen Kn\u00f6pfe verleihen ihr einen edlen Touch, w\u00e4hrend der lockere Schnitt f\u00fcr ein angenehmes Tragegef\u00fchl sorgt.<\/div>\n<div>Ob offen getragen oder geschlossen \u2013 sie passt perfekt zu Jeans, Kleid oder Rock und verleiht jedem Look eine feminine Note.<\/div>\n<div><\/div>\n<div><b>Material:<\/b><\/div>\n<div>67 % Acryl, 10,5 % Mohair, 10,5 % Wolle, 12 % Nylon<\/div>\n<div><\/div>\n<div><b>Passform:<\/b> One Size \u2013 passend ca. 36\u201344<\/div>\n<div><b>Details:<\/b> Goldkn\u00f6pfe, Rundhalsausschnitt, \u00fcberschnittene Schultern<\/div>\n<div><b>Pflege:<\/b> Waschbar bei 30 \u00b0C<\/div>\n<div><\/div>\n<div>Erh\u00e4ltlich in vielen Farben \u2013 von sanftem Creme bis hin zu kr\u00e4ftigem Pink \ud83c\udf38<\/div>\n<div>Ein Must-Have f\u00fcr die neue Saison! \ud83e\udd0d<\/div>\n","protected":false},"featured_media":151921,"template":"","meta":{"inline_featured_image":false},"product_brand":[],"product_cat":[479,65],"product_tag":[],"class_list":{"0":"post-152076","1":"product","2":"type-product","3":"status-publish","4":"has-post-thumbnail","6":"product_cat-pre-fall-kollektion","7":"product_cat-cardigan","9":"first","10":"onbackorder","11":"taxable","12":"shipping-taxable","13":"purchasable","14":"product-type-variable"},"bundled_by":[],"bundle_stock_status":"onbackorder","bundle_stock_quantity":null,"bundle_virtual":false,"bundle_layout":"","bundle_add_to_cart_form_location":"","bundle_editable_in_cart":false,"bundle_sold_individually_context":"","bundle_item_grouping":"","bundle_min_size":"","bundle_max_size":"","bundle_price":[],"bundled_items":[],"bundle_sell_ids":[],"yoast_head":"<!-- This site is optimized with the Yoast SEO plugin v26.5 - https:\/\/yoast.com\/wordpress\/plugins\/seo\/ -->\n<title>083 Cardigan mit Goldkn\u00f6pfe in vielen Farben<\/title>\n<meta name=\"robots\" content=\"index, follow, max-snippet:-1, max-image-preview:large, max-video-preview:-1\" \/>\n<link rel=\"canonical\" href=\"https:\/\/www.lookforward.at\/en\/produkt\/083-cardigan-mit-goldknoepfe-in-vielen-farben\/\" \/>\n<meta property=\"og:locale\" content=\"en_US\" \/>\n<meta property=\"og:locale:alternate\" content=\"de_DE\" \/>\n<meta property=\"og:type\" content=\"article\" \/>\n<meta property=\"og:title\" content=\"083 Cardigan mit Goldkn\u00f6pfe in vielen Farben\" \/>\n<meta property=\"og:description\" content=\"Kuschelig weich, stilvoll und mit einem Hauch Eleganz \u2013 diese Strickjacke ist das perfekte Lieblingsst\u00fcck f\u00fcr k\u00fchle Tage. Die goldenen Kn\u00f6pfe verleihen ihr einen edlen Touch, w\u00e4hrend der lockere Schnitt f\u00fcr ein angenehmes Tragegef\u00fchl sorgt. Ob offen getragen oder geschlossen \u2013 sie passt perfekt zu Jeans, Kleid oder Rock und verleiht jedem Look eine feminine Note.  Material: 67 % Acryl, 10,5 % Mohair, 10,5 % Wolle, 12 % Nylon  Passform: One Size \u2013 passend ca. 36\u201344 Details: Goldkn\u00f6pfe, Rundhalsausschnitt, \u00fcberschnittene Schultern Pflege: Waschbar bei 30 \u00b0C  Erh\u00e4ltlich in vielen Farben \u2013 von sanftem Creme bis hin zu kr\u00e4ftigem Pink \ud83c\udf38 Ein Must-Have f\u00fcr die neue Saison! \ud83e\udd0d\" \/>\n<meta property=\"og:url\" content=\"https:\/\/www.lookforward.at\/en\/produkt\/083-cardigan-mit-goldknoepfe-in-vielen-farben\/\" \/>\n<meta property=\"og:site_name\" content=\"lookforward Shop\" \/>\n<meta property=\"article:modified_time\" content=\"2025-12-03T19:30:10+00:00\" \/>\n<meta name=\"twitter:card\" content=\"summary_large_image\" \/>\n<meta name=\"twitter:label1\" content=\"Est. reading time\" \/>\n\t<meta name=\"twitter:data1\" content=\"1 minute\" \/>\n<script type=\"application\/ld+json\" class=\"yoast-schema-graph\">{\"@context\":\"https:\/\/schema.org\",\"@graph\":[{\"@type\":\"WebPage\",\"@id\":\"https:\/\/www.lookforward.at\/produkt\/083-cardigan-mit-goldknoepfe-in-vielen-farben\/\",\"url\":\"https:\/\/www.lookforward.at\/produkt\/083-cardigan-mit-goldknoepfe-in-vielen-farben\/\",\"name\":\"083 Cardigan mit Goldkn\u00f6pfe in vielen Farben\",\"isPartOf\":{\"@id\":\"https:\/\/www.lookforward.at\/#website\"},\"primaryImageOfPage\":{\"@id\":\"https:\/\/www.lookforward.at\/produkt\/083-cardigan-mit-goldknoepfe-in-vielen-farben\/#primaryimage\"},\"image\":{\"@id\":\"https:\/\/www.lookforward.at\/produkt\/083-cardigan-mit-goldknoepfe-in-vielen-farben\/#primaryimage\"},\"thumbnailUrl\":\"https:\/\/www.lookforward.at\/wp-content\/uploads\/2025\/10\/FullSizeRender14-scaled.jpg\",\"datePublished\":\"2025-11-01T13:31:26+00:00\",\"dateModified\":\"2025-12-03T19:30:10+00:00\",\"breadcrumb\":{\"@id\":\"https:\/\/www.lookforward.at\/produkt\/083-cardigan-mit-goldknoepfe-in-vielen-farben\/#breadcrumb\"},\"inLanguage\":\"en-US\",\"potentialAction\":[{\"@type\":\"ReadAction\",\"target\":[\"https:\/\/www.lookforward.at\/produkt\/083-cardigan-mit-goldknoepfe-in-vielen-farben\/\"]}]},{\"@type\":\"ImageObject\",\"inLanguage\":\"en-US\",\"@id\":\"https:\/\/www.lookforward.at\/produkt\/083-cardigan-mit-goldknoepfe-in-vielen-farben\/#primaryimage\",\"url\":\"https:\/\/www.lookforward.at\/wp-content\/uploads\/2025\/10\/FullSizeRender14-scaled.jpg\",\"contentUrl\":\"https:\/\/www.lookforward.at\/wp-content\/uploads\/2025\/10\/FullSizeRender14-scaled.jpg\",\"width\":1919,\"height\":2560},{\"@type\":\"BreadcrumbList\",\"@id\":\"https:\/\/www.lookforward.at\/produkt\/083-cardigan-mit-goldknoepfe-in-vielen-farben\/#breadcrumb\",\"itemListElement\":[{\"@type\":\"ListItem\",\"position\":1,\"name\":\"Startseite\",\"item\":\"https:\/\/www.lookforward.at\/\"},{\"@type\":\"ListItem\",\"position\":2,\"name\":\"Shop\",\"item\":\"https:\/\/www.lookforward.at\/shop\/\"},{\"@type\":\"ListItem\",\"position\":3,\"name\":\"083 Cardigan mit Goldkn\u00f6pfe in vielen Farben\"}]},{\"@type\":\"WebSite\",\"@id\":\"https:\/\/www.lookforward.at\/#website\",\"url\":\"https:\/\/www.lookforward.at\/\",\"name\":\"lookforward Shop\",\"description\":\"Der neue Shop f\u00fcr Fashion, Lifestyle, Family, Food and Beauty.\",\"publisher\":{\"@id\":\"https:\/\/www.lookforward.at\/#organization\"},\"potentialAction\":[{\"@type\":\"SearchAction\",\"target\":{\"@type\":\"EntryPoint\",\"urlTemplate\":\"https:\/\/www.lookforward.at\/?s={search_term_string}\"},\"query-input\":{\"@type\":\"PropertyValueSpecification\",\"valueRequired\":true,\"valueName\":\"search_term_string\"}}],\"inLanguage\":\"en-US\"},{\"@type\":\"Organization\",\"@id\":\"https:\/\/www.lookforward.at\/#organization\",\"name\":\"KB lookforward\",\"url\":\"https:\/\/www.lookforward.at\/\",\"logo\":{\"@type\":\"ImageObject\",\"inLanguage\":\"en-US\",\"@id\":\"https:\/\/www.lookforward.at\/#\/schema\/logo\/image\/\",\"url\":\"https:\/\/www.lookforward.at\/wp-content\/uploads\/2023\/10\/Icon-KB.svg\",\"contentUrl\":\"https:\/\/www.lookforward.at\/wp-content\/uploads\/2023\/10\/Icon-KB.svg\",\"caption\":\"KB lookforward\"},\"image\":{\"@id\":\"https:\/\/www.lookforward.at\/#\/schema\/logo\/image\/\"}}]}<\/script>\n<!-- \/ Yoast SEO plugin. -->","yoast_head_json":{"title":"083 Cardigan mit Goldkn\u00f6pfe in vielen Farben","robots":{"index":"index","follow":"follow","max-snippet":"max-snippet:-1","max-image-preview":"max-image-preview:large","max-video-preview":"max-video-preview:-1"},"canonical":"https:\/\/www.lookforward.at\/en\/produkt\/083-cardigan-mit-goldknoepfe-in-vielen-farben\/","og_locale":"en_US","og_type":"article","og_title":"[:de]083 Cardigan mit Goldkn\u00f6pfe in vielen Farben[:] - lookforward Shop","og_description":"Kuschelig weich, stilvoll und mit einem Hauch Eleganz \u2013 diese Strickjacke ist das perfekte Lieblingsst\u00fcck f\u00fcr k\u00fchle Tage. Die goldenen Kn\u00f6pfe verleihen ihr einen edlen Touch, w\u00e4hrend der lockere Schnitt f\u00fcr ein angenehmes Tragegef\u00fchl sorgt. Ob offen getragen oder geschlossen \u2013 sie passt perfekt zu Jeans, Kleid oder Rock und verleiht jedem Look eine feminine Note.  Material: 67 % Acryl, 10,5 % Mohair, 10,5 % Wolle, 12 % Nylon  Passform: One Size \u2013 passend ca. 36\u201344 Details: Goldkn\u00f6pfe, Rundhalsausschnitt, \u00fcberschnittene Schultern Pflege: Waschbar bei 30 \u00b0C  Erh\u00e4ltlich in vielen Farben \u2013 von sanftem Creme bis hin zu kr\u00e4ftigem Pink \ud83c\udf38 Ein Must-Have f\u00fcr die neue Saison! \ud83e\udd0d","og_url":"https:\/\/www.lookforward.at\/en\/produkt\/083-cardigan-mit-goldknoepfe-in-vielen-farben\/","og_site_name":"lookforward Shop","article_modified_time":"2025-12-03T19:30:10+00:00","twitter_card":"summary_large_image","twitter_misc":{"Est. reading time":"1 minute"},"schema":{"@context":"https:\/\/schema.org","@graph":[{"@type":"WebPage","@id":"https:\/\/www.lookforward.at\/produkt\/083-cardigan-mit-goldknoepfe-in-vielen-farben\/","url":"https:\/\/www.lookforward.at\/produkt\/083-cardigan-mit-goldknoepfe-in-vielen-farben\/","name":"083 Cardigan mit Goldkn\u00f6pfe in vielen Farben","isPartOf":{"@id":"https:\/\/www.lookforward.at\/#website"},"primaryImageOfPage":{"@id":"https:\/\/www.lookforward.at\/produkt\/083-cardigan-mit-goldknoepfe-in-vielen-farben\/#primaryimage"},"image":{"@id":"https:\/\/www.lookforward.at\/produkt\/083-cardigan-mit-goldknoepfe-in-vielen-farben\/#primaryimage"},"thumbnailUrl":"https:\/\/www.lookforward.at\/wp-content\/uploads\/2025\/10\/FullSizeRender14-scaled.jpg","datePublished":"2025-11-01T13:31:26+00:00","dateModified":"2025-12-03T19:30:10+00:00","breadcrumb":{"@id":"https:\/\/www.lookforward.at\/produkt\/083-cardigan-mit-goldknoepfe-in-vielen-farben\/#breadcrumb"},"inLanguage":"en-US","potentialAction":[{"@type":"ReadAction","target":["https:\/\/www.lookforward.at\/produkt\/083-cardigan-mit-goldknoepfe-in-vielen-farben\/"]}]},{"@type":"ImageObject","inLanguage":"en-US","@id":"https:\/\/www.lookforward.at\/produkt\/083-cardigan-mit-goldknoepfe-in-vielen-farben\/#primaryimage","url":"https:\/\/www.lookforward.at\/wp-content\/uploads\/2025\/10\/FullSizeRender14-scaled.jpg","contentUrl":"https:\/\/www.lookforward.at\/wp-content\/uploads\/2025\/10\/FullSizeRender14-scaled.jpg","width":1919,"height":2560},{"@type":"BreadcrumbList","@id":"https:\/\/www.lookforward.at\/produkt\/083-cardigan-mit-goldknoepfe-in-vielen-farben\/#breadcrumb","itemListElement":[{"@type":"ListItem","position":1,"name":"Startseite","item":"https:\/\/www.lookforward.at\/"},{"@type":"ListItem","position":2,"name":"Shop","item":"https:\/\/www.lookforward.at\/shop\/"},{"@type":"ListItem","position":3,"name":"083 Cardigan mit Goldkn\u00f6pfe in vielen Farben"}]},{"@type":"WebSite","@id":"https:\/\/www.lookforward.at\/#website","url":"https:\/\/www.lookforward.at\/","name":"lookforward Shop","description":"Der neue Shop f\u00fcr Fashion, Lifestyle, Family, Food and Beauty.","publisher":{"@id":"https:\/\/www.lookforward.at\/#organization"},"potentialAction":[{"@type":"SearchAction","target":{"@type":"EntryPoint","urlTemplate":"https:\/\/www.lookforward.at\/?s={search_term_string}"},"query-input":{"@type":"PropertyValueSpecification","valueRequired":true,"valueName":"search_term_string"}}],"inLanguage":"en-US"},{"@type":"Organization","@id":"https:\/\/www.lookforward.at\/#organization","name":"KB lookforward","url":"https:\/\/www.lookforward.at\/","logo":{"@type":"ImageObject","inLanguage":"en-US","@id":"https:\/\/www.lookforward.at\/#\/schema\/logo\/image\/","url":"https:\/\/www.lookforward.at\/wp-content\/uploads\/2023\/10\/Icon-KB.svg","contentUrl":"https:\/\/www.lookforward.at\/wp-content\/uploads\/2023\/10\/Icon-KB.svg","caption":"KB lookforward"},"image":{"@id":"https:\/\/www.lookforward.at\/#\/schema\/logo\/image\/"}}]}},"_links":{"self":[{"href":"https:\/\/www.lookforward.at\/en\/wp-json\/wp\/v2\/product\/152076","targetHints":{"allow":["GET"]}}],"collection":[{"href":"https:\/\/www.lookforward.at\/en\/wp-json\/wp\/v2\/product"}],"about":[{"href":"https:\/\/www.lookforward.at\/en\/wp-json\/wp\/v2\/types\/product"}],"wp:featuredmedia":[{"embeddable":true,"href":"https:\/\/www.lookforward.at\/en\/wp-json\/wp\/v2\/media\/151921"}],"wp:attachment":[{"href":"https:\/\/www.lookforward.at\/en\/wp-json\/wp\/v2\/media?parent=152076"}],"wp:term":[{"taxonomy":"product_brand","embeddable":true,"href":"https:\/\/www.lookforward.at\/en\/wp-json\/wp\/v2\/product_brand?post=152076"},{"taxonomy":"product_cat","embeddable":true,"href":"https:\/\/www.lookforward.at\/en\/wp-json\/wp\/v2\/product_cat?post=152076"},{"taxonomy":"product_tag","embeddable":true,"href":"https:\/\/www.lookforward.at\/en\/wp-json\/wp\/v2\/product_tag?post=152076"}],"curies":[{"name":"wp","href":"https:\/\/api.w.org\/{rel}","templated":true}]}}