{"id":152093,"date":"2025-11-01T14:36:03","date_gmt":"2025-11-01T13:36:03","guid":{"rendered":"https:\/\/www.lookforward.at\/?post_type=product&#038;p=152093"},"modified":"2026-02-23T16:54:04","modified_gmt":"2026-02-23T15:54:04","slug":"084-cardigan-mit-lochmuster-beige-schwarz","status":"publish","type":"product","link":"https:\/\/www.lookforward.at\/en\/produkt\/084-cardigan-mit-lochmuster-beige-schwarz\/","title":{"rendered":"084 Cardigan mit Lochmuster beige, schwarz"},"content":{"rendered":"","protected":false},"excerpt":{"rendered":"<div>Luftig, modern und herrlich weich \u2013 diese Strickjacke ist das perfekte Layering-Piece f\u00fcr die \u00dcbergangszeit.<\/div>\n<div>Der aufwendig gearbeitete Lochstrick verleiht ihr eine besondere Struktur, w\u00e4hrend die gro\u00dfen goldfarbenen Kn\u00f6pfe f\u00fcr einen Hauch Eleganz sorgen.<\/div>\n<div>Ob zu Kleid, Jeans oder Rock \u2013 sie l\u00e4sst sich vielseitig kombinieren und verleiht jedem Look das gewisse Etwas.<\/div>\n<div><\/div>\n<div><b>Material:<\/b> 100 % Acryl<\/div>\n<div><b>Passform:<\/b> One Size \u2013 passend ca. 36\u201344<\/div>\n<div><b>Details:<\/b> Lochstrick-Design, goldene Kn\u00f6pfe, tiefer V-Ausschnitt<\/div>\n<div><b>Pflege:<\/b> Waschbar bei 30 \u00b0C<\/div>\n<div><\/div>\n<div>Erh\u00e4ltlich in Beige und Schwarz \u2013 zwei Farben, die einfach immer gehen. \ud83d\udda4\ud83e\udd0d<\/div>\n","protected":false},"featured_media":151959,"template":"","meta":{"inline_featured_image":false},"product_brand":[],"product_cat":[479,65],"product_tag":[],"class_list":{"0":"post-152093","1":"product","2":"type-product","3":"status-publish","4":"has-post-thumbnail","6":"product_cat-pre-fall-kollektion","7":"product_cat-cardigan","9":"first","10":"onbackorder","11":"taxable","12":"shipping-taxable","13":"purchasable","14":"product-type-variable"},"bundled_by":[],"bundle_stock_status":"onbackorder","bundle_stock_quantity":null,"bundle_virtual":false,"bundle_layout":"","bundle_add_to_cart_form_location":"","bundle_editable_in_cart":false,"bundle_sold_individually_context":"","bundle_item_grouping":"","bundle_min_size":"","bundle_max_size":"","bundle_price":[],"bundled_items":[],"bundle_sell_ids":[],"yoast_head":"<!-- This site is optimized with the Yoast SEO plugin v26.5 - https:\/\/yoast.com\/wordpress\/plugins\/seo\/ -->\n<title>084 Cardigan mit Lochmuster beige, schwarz<\/title>\n<meta name=\"robots\" content=\"index, follow, max-snippet:-1, max-image-preview:large, max-video-preview:-1\" \/>\n<link rel=\"canonical\" href=\"https:\/\/www.lookforward.at\/en\/produkt\/084-cardigan-mit-lochmuster-beige-schwarz\/\" \/>\n<meta property=\"og:locale\" content=\"en_US\" \/>\n<meta property=\"og:locale:alternate\" content=\"de_DE\" \/>\n<meta property=\"og:type\" content=\"article\" \/>\n<meta property=\"og:title\" content=\"084 Cardigan mit Lochmuster beige, schwarz\" \/>\n<meta property=\"og:description\" content=\"Luftig, modern und herrlich weich \u2013 diese Strickjacke ist das perfekte Layering-Piece f\u00fcr die \u00dcbergangszeit. Der aufwendig gearbeitete Lochstrick verleiht ihr eine besondere Struktur, w\u00e4hrend die gro\u00dfen goldfarbenen Kn\u00f6pfe f\u00fcr einen Hauch Eleganz sorgen. Ob zu Kleid, Jeans oder Rock \u2013 sie l\u00e4sst sich vielseitig kombinieren und verleiht jedem Look das gewisse Etwas.  Material: 100 % Acryl Passform: One Size \u2013 passend ca. 36\u201344 Details: Lochstrick-Design, goldene Kn\u00f6pfe, tiefer V-Ausschnitt Pflege: Waschbar bei 30 \u00b0C  Erh\u00e4ltlich in Beige und Schwarz \u2013 zwei Farben, die einfach immer gehen. \ud83d\udda4\ud83e\udd0d\" \/>\n<meta property=\"og:url\" content=\"https:\/\/www.lookforward.at\/en\/produkt\/084-cardigan-mit-lochmuster-beige-schwarz\/\" \/>\n<meta property=\"og:site_name\" content=\"lookforward Shop\" \/>\n<meta property=\"article:modified_time\" content=\"2026-02-23T15:54:04+00:00\" \/>\n<meta property=\"og:image\" content=\"https:\/\/www.lookforward.at\/wp-content\/uploads\/2025\/10\/IMG_0836-scaled.jpg\" \/>\n\t<meta property=\"og:image:width\" content=\"1920\" \/>\n\t<meta property=\"og:image:height\" content=\"2560\" \/>\n\t<meta property=\"og:image:type\" content=\"image\/jpeg\" \/>\n<meta name=\"twitter:card\" content=\"summary_large_image\" \/>\n<meta name=\"twitter:label1\" content=\"Est. reading time\" \/>\n\t<meta name=\"twitter:data1\" content=\"1 minute\" \/>\n<script type=\"application\/ld+json\" class=\"yoast-schema-graph\">{\"@context\":\"https:\/\/schema.org\",\"@graph\":[{\"@type\":\"WebPage\",\"@id\":\"https:\/\/www.lookforward.at\/produkt\/084-cardigan-mit-lochmuster-beige-schwarz\/\",\"url\":\"https:\/\/www.lookforward.at\/produkt\/084-cardigan-mit-lochmuster-beige-schwarz\/\",\"name\":\"084 Cardigan mit Lochmuster beige, schwarz\",\"isPartOf\":{\"@id\":\"https:\/\/www.lookforward.at\/#website\"},\"primaryImageOfPage\":{\"@id\":\"https:\/\/www.lookforward.at\/produkt\/084-cardigan-mit-lochmuster-beige-schwarz\/#primaryimage\"},\"image\":{\"@id\":\"https:\/\/www.lookforward.at\/produkt\/084-cardigan-mit-lochmuster-beige-schwarz\/#primaryimage\"},\"thumbnailUrl\":\"https:\/\/www.lookforward.at\/wp-content\/uploads\/2025\/10\/IMG_0836-scaled.jpg\",\"datePublished\":\"2025-11-01T13:36:03+00:00\",\"dateModified\":\"2026-02-23T15:54:04+00:00\",\"breadcrumb\":{\"@id\":\"https:\/\/www.lookforward.at\/produkt\/084-cardigan-mit-lochmuster-beige-schwarz\/#breadcrumb\"},\"inLanguage\":\"en-US\",\"potentialAction\":[{\"@type\":\"ReadAction\",\"target\":[\"https:\/\/www.lookforward.at\/produkt\/084-cardigan-mit-lochmuster-beige-schwarz\/\"]}]},{\"@type\":\"ImageObject\",\"inLanguage\":\"en-US\",\"@id\":\"https:\/\/www.lookforward.at\/produkt\/084-cardigan-mit-lochmuster-beige-schwarz\/#primaryimage\",\"url\":\"https:\/\/www.lookforward.at\/wp-content\/uploads\/2025\/10\/IMG_0836-scaled.jpg\",\"contentUrl\":\"https:\/\/www.lookforward.at\/wp-content\/uploads\/2025\/10\/IMG_0836-scaled.jpg\",\"width\":1920,\"height\":2560},{\"@type\":\"BreadcrumbList\",\"@id\":\"https:\/\/www.lookforward.at\/produkt\/084-cardigan-mit-lochmuster-beige-schwarz\/#breadcrumb\",\"itemListElement\":[{\"@type\":\"ListItem\",\"position\":1,\"name\":\"Startseite\",\"item\":\"https:\/\/www.lookforward.at\/\"},{\"@type\":\"ListItem\",\"position\":2,\"name\":\"Shop\",\"item\":\"https:\/\/www.lookforward.at\/shop\/\"},{\"@type\":\"ListItem\",\"position\":3,\"name\":\"084 Cardigan mit Lochmuster beige, schwarz\"}]},{\"@type\":\"WebSite\",\"@id\":\"https:\/\/www.lookforward.at\/#website\",\"url\":\"https:\/\/www.lookforward.at\/\",\"name\":\"lookforward Shop\",\"description\":\"Der neue Shop f\u00fcr Fashion, Lifestyle, Family, Food and Beauty.\",\"publisher\":{\"@id\":\"https:\/\/www.lookforward.at\/#organization\"},\"potentialAction\":[{\"@type\":\"SearchAction\",\"target\":{\"@type\":\"EntryPoint\",\"urlTemplate\":\"https:\/\/www.lookforward.at\/?s={search_term_string}\"},\"query-input\":{\"@type\":\"PropertyValueSpecification\",\"valueRequired\":true,\"valueName\":\"search_term_string\"}}],\"inLanguage\":\"en-US\"},{\"@type\":\"Organization\",\"@id\":\"https:\/\/www.lookforward.at\/#organization\",\"name\":\"KB lookforward\",\"url\":\"https:\/\/www.lookforward.at\/\",\"logo\":{\"@type\":\"ImageObject\",\"inLanguage\":\"en-US\",\"@id\":\"https:\/\/www.lookforward.at\/#\/schema\/logo\/image\/\",\"url\":\"https:\/\/www.lookforward.at\/wp-content\/uploads\/2023\/10\/Icon-KB.svg\",\"contentUrl\":\"https:\/\/www.lookforward.at\/wp-content\/uploads\/2023\/10\/Icon-KB.svg\",\"caption\":\"KB lookforward\"},\"image\":{\"@id\":\"https:\/\/www.lookforward.at\/#\/schema\/logo\/image\/\"}}]}<\/script>\n<!-- \/ Yoast SEO plugin. -->","yoast_head_json":{"title":"084 Cardigan mit Lochmuster beige, schwarz","robots":{"index":"index","follow":"follow","max-snippet":"max-snippet:-1","max-image-preview":"max-image-preview:large","max-video-preview":"max-video-preview:-1"},"canonical":"https:\/\/www.lookforward.at\/en\/produkt\/084-cardigan-mit-lochmuster-beige-schwarz\/","og_locale":"en_US","og_type":"article","og_title":"[:de]084 Cardigan mit Lochmuster beige, schwarz[:] - lookforward Shop","og_description":"Luftig, modern und herrlich weich \u2013 diese Strickjacke ist das perfekte Layering-Piece f\u00fcr die \u00dcbergangszeit. Der aufwendig gearbeitete Lochstrick verleiht ihr eine besondere Struktur, w\u00e4hrend die gro\u00dfen goldfarbenen Kn\u00f6pfe f\u00fcr einen Hauch Eleganz sorgen. Ob zu Kleid, Jeans oder Rock \u2013 sie l\u00e4sst sich vielseitig kombinieren und verleiht jedem Look das gewisse Etwas.  Material: 100 % Acryl Passform: One Size \u2013 passend ca. 36\u201344 Details: Lochstrick-Design, goldene Kn\u00f6pfe, tiefer V-Ausschnitt Pflege: Waschbar bei 30 \u00b0C  Erh\u00e4ltlich in Beige und Schwarz \u2013 zwei Farben, die einfach immer gehen. \ud83d\udda4\ud83e\udd0d","og_url":"https:\/\/www.lookforward.at\/en\/produkt\/084-cardigan-mit-lochmuster-beige-schwarz\/","og_site_name":"lookforward Shop","article_modified_time":"2026-02-23T15:54:04+00:00","og_image":[{"width":1920,"height":2560,"url":"https:\/\/www.lookforward.at\/wp-content\/uploads\/2025\/10\/IMG_0836-scaled.jpg","type":"image\/jpeg"}],"twitter_card":"summary_large_image","twitter_misc":{"Est. reading time":"1 minute"},"schema":{"@context":"https:\/\/schema.org","@graph":[{"@type":"WebPage","@id":"https:\/\/www.lookforward.at\/produkt\/084-cardigan-mit-lochmuster-beige-schwarz\/","url":"https:\/\/www.lookforward.at\/produkt\/084-cardigan-mit-lochmuster-beige-schwarz\/","name":"084 Cardigan mit Lochmuster beige, schwarz","isPartOf":{"@id":"https:\/\/www.lookforward.at\/#website"},"primaryImageOfPage":{"@id":"https:\/\/www.lookforward.at\/produkt\/084-cardigan-mit-lochmuster-beige-schwarz\/#primaryimage"},"image":{"@id":"https:\/\/www.lookforward.at\/produkt\/084-cardigan-mit-lochmuster-beige-schwarz\/#primaryimage"},"thumbnailUrl":"https:\/\/www.lookforward.at\/wp-content\/uploads\/2025\/10\/IMG_0836-scaled.jpg","datePublished":"2025-11-01T13:36:03+00:00","dateModified":"2026-02-23T15:54:04+00:00","breadcrumb":{"@id":"https:\/\/www.lookforward.at\/produkt\/084-cardigan-mit-lochmuster-beige-schwarz\/#breadcrumb"},"inLanguage":"en-US","potentialAction":[{"@type":"ReadAction","target":["https:\/\/www.lookforward.at\/produkt\/084-cardigan-mit-lochmuster-beige-schwarz\/"]}]},{"@type":"ImageObject","inLanguage":"en-US","@id":"https:\/\/www.lookforward.at\/produkt\/084-cardigan-mit-lochmuster-beige-schwarz\/#primaryimage","url":"https:\/\/www.lookforward.at\/wp-content\/uploads\/2025\/10\/IMG_0836-scaled.jpg","contentUrl":"https:\/\/www.lookforward.at\/wp-content\/uploads\/2025\/10\/IMG_0836-scaled.jpg","width":1920,"height":2560},{"@type":"BreadcrumbList","@id":"https:\/\/www.lookforward.at\/produkt\/084-cardigan-mit-lochmuster-beige-schwarz\/#breadcrumb","itemListElement":[{"@type":"ListItem","position":1,"name":"Startseite","item":"https:\/\/www.lookforward.at\/"},{"@type":"ListItem","position":2,"name":"Shop","item":"https:\/\/www.lookforward.at\/shop\/"},{"@type":"ListItem","position":3,"name":"084 Cardigan mit Lochmuster beige, schwarz"}]},{"@type":"WebSite","@id":"https:\/\/www.lookforward.at\/#website","url":"https:\/\/www.lookforward.at\/","name":"lookforward Shop","description":"Der neue Shop f\u00fcr Fashion, Lifestyle, Family, Food and Beauty.","publisher":{"@id":"https:\/\/www.lookforward.at\/#organization"},"potentialAction":[{"@type":"SearchAction","target":{"@type":"EntryPoint","urlTemplate":"https:\/\/www.lookforward.at\/?s={search_term_string}"},"query-input":{"@type":"PropertyValueSpecification","valueRequired":true,"valueName":"search_term_string"}}],"inLanguage":"en-US"},{"@type":"Organization","@id":"https:\/\/www.lookforward.at\/#organization","name":"KB lookforward","url":"https:\/\/www.lookforward.at\/","logo":{"@type":"ImageObject","inLanguage":"en-US","@id":"https:\/\/www.lookforward.at\/#\/schema\/logo\/image\/","url":"https:\/\/www.lookforward.at\/wp-content\/uploads\/2023\/10\/Icon-KB.svg","contentUrl":"https:\/\/www.lookforward.at\/wp-content\/uploads\/2023\/10\/Icon-KB.svg","caption":"KB lookforward"},"image":{"@id":"https:\/\/www.lookforward.at\/#\/schema\/logo\/image\/"}}]}},"_links":{"self":[{"href":"https:\/\/www.lookforward.at\/en\/wp-json\/wp\/v2\/product\/152093","targetHints":{"allow":["GET"]}}],"collection":[{"href":"https:\/\/www.lookforward.at\/en\/wp-json\/wp\/v2\/product"}],"about":[{"href":"https:\/\/www.lookforward.at\/en\/wp-json\/wp\/v2\/types\/product"}],"wp:featuredmedia":[{"embeddable":true,"href":"https:\/\/www.lookforward.at\/en\/wp-json\/wp\/v2\/media\/151959"}],"wp:attachment":[{"href":"https:\/\/www.lookforward.at\/en\/wp-json\/wp\/v2\/media?parent=152093"}],"wp:term":[{"taxonomy":"product_brand","embeddable":true,"href":"https:\/\/www.lookforward.at\/en\/wp-json\/wp\/v2\/product_brand?post=152093"},{"taxonomy":"product_cat","embeddable":true,"href":"https:\/\/www.lookforward.at\/en\/wp-json\/wp\/v2\/product_cat?post=152093"},{"taxonomy":"product_tag","embeddable":true,"href":"https:\/\/www.lookforward.at\/en\/wp-json\/wp\/v2\/product_tag?post=152093"}],"curies":[{"name":"wp","href":"https:\/\/api.w.org\/{rel}","templated":true}]}}