{"id":152096,"date":"2025-11-01T14:46:49","date_gmt":"2025-11-01T13:46:49","guid":{"rendered":"https:\/\/www.lookforward.at\/?post_type=product&#038;p=152096"},"modified":"2026-02-22T01:15:36","modified_gmt":"2026-02-22T00:15:36","slug":"085-strickkleid-mit-taschen-in-vielen-farben","status":"publish","type":"product","link":"https:\/\/www.lookforward.at\/en\/produkt\/085-strickkleid-mit-taschen-in-vielen-farben\/","title":{"rendered":"085 Strickkleid mit Taschen in vielen Farben"},"content":{"rendered":"","protected":false},"excerpt":{"rendered":"<div>Ein echtes Alltagsliebling \u2013 dieses locker geschnittene Kleid vereint Komfort und Stil auf die sch\u00f6nste Weise.<\/div>\n<div>Die weiche Viskosemischung f\u00fchlt sich angenehm auf der Haut an, w\u00e4hrend der lockere Schnitt und die Taschen an den Seiten eine l\u00e4ssige Note verleihen.<\/div>\n<div>Ob mit Strumpfhose und Boots im Herbst oder leger mit Sneakern im Alltag \u2013 dieses Kleid ist immer die richtige Wahl.<\/div>\n<div><\/div>\n<div><b>Material:<\/b> 85 % Viskose, 10 % Wolle, 5 % Elasthan<\/div>\n<div><b>Passform:<\/b> One Size \u2013 passend ca. 38\u201346<\/div>\n<div><b>Details:<\/b> Rundhalsausschnitt, 3\/4-\u00c4rmel mit Knopfdetail, aufgesetzte Taschen<\/div>\n<div><b>Pflege:<\/b> Waschbar bei 30 \u00b0C<\/div>\n<div><\/div>\n<div>Erh\u00e4ltlich in vielen wundersch\u00f6nen Farben \ud83c\udf42 \u2013 perfekt zum Wohlf\u00fchlen, Kombinieren und immer wieder neu Verlieben.<\/div>\n","protected":false},"featured_media":151920,"template":"","meta":{"inline_featured_image":false},"product_brand":[],"product_cat":[479,72],"product_tag":[],"class_list":{"0":"post-152096","1":"product","2":"type-product","3":"status-publish","4":"has-post-thumbnail","6":"product_cat-pre-fall-kollektion","7":"product_cat-kleid","9":"first","10":"onbackorder","11":"taxable","12":"shipping-taxable","13":"purchasable","14":"product-type-variable"},"bundled_by":[],"bundle_stock_status":"onbackorder","bundle_stock_quantity":null,"bundle_virtual":false,"bundle_layout":"","bundle_add_to_cart_form_location":"","bundle_editable_in_cart":false,"bundle_sold_individually_context":"","bundle_item_grouping":"","bundle_min_size":"","bundle_max_size":"","bundle_price":[],"bundled_items":[],"bundle_sell_ids":[],"yoast_head":"<!-- This site is optimized with the Yoast SEO plugin v26.5 - https:\/\/yoast.com\/wordpress\/plugins\/seo\/ -->\n<title>085 Strickkleid mit Taschen in vielen Farben<\/title>\n<meta name=\"robots\" content=\"index, follow, max-snippet:-1, max-image-preview:large, max-video-preview:-1\" \/>\n<link rel=\"canonical\" href=\"https:\/\/www.lookforward.at\/en\/produkt\/085-strickkleid-mit-taschen-in-vielen-farben\/\" \/>\n<meta property=\"og:locale\" content=\"en_US\" \/>\n<meta property=\"og:locale:alternate\" content=\"de_DE\" \/>\n<meta property=\"og:type\" content=\"article\" \/>\n<meta property=\"og:title\" content=\"085 Strickkleid mit Taschen in vielen Farben\" \/>\n<meta property=\"og:description\" content=\"Ein echtes Alltagsliebling \u2013 dieses locker geschnittene Kleid vereint Komfort und Stil auf die sch\u00f6nste Weise. Die weiche Viskosemischung f\u00fchlt sich angenehm auf der Haut an, w\u00e4hrend der lockere Schnitt und die Taschen an den Seiten eine l\u00e4ssige Note verleihen. Ob mit Strumpfhose und Boots im Herbst oder leger mit Sneakern im Alltag \u2013 dieses Kleid ist immer die richtige Wahl.  Material: 85 % Viskose, 10 % Wolle, 5 % Elasthan Passform: One Size \u2013 passend ca. 38\u201346 Details: Rundhalsausschnitt, 3\/4-\u00c4rmel mit Knopfdetail, aufgesetzte Taschen Pflege: Waschbar bei 30 \u00b0C  Erh\u00e4ltlich in vielen wundersch\u00f6nen Farben \ud83c\udf42 \u2013 perfekt zum Wohlf\u00fchlen, Kombinieren und immer wieder neu Verlieben.\" \/>\n<meta property=\"og:url\" content=\"https:\/\/www.lookforward.at\/en\/produkt\/085-strickkleid-mit-taschen-in-vielen-farben\/\" \/>\n<meta property=\"og:site_name\" content=\"lookforward Shop\" \/>\n<meta property=\"article:modified_time\" content=\"2026-02-22T00:15:36+00:00\" \/>\n<meta name=\"twitter:card\" content=\"summary_large_image\" \/>\n<meta name=\"twitter:label1\" content=\"Est. reading time\" \/>\n\t<meta name=\"twitter:data1\" content=\"1 minute\" \/>\n<script type=\"application\/ld+json\" class=\"yoast-schema-graph\">{\"@context\":\"https:\/\/schema.org\",\"@graph\":[{\"@type\":\"WebPage\",\"@id\":\"https:\/\/www.lookforward.at\/produkt\/085-strickkleid-mit-taschen-in-vielen-farben\/\",\"url\":\"https:\/\/www.lookforward.at\/produkt\/085-strickkleid-mit-taschen-in-vielen-farben\/\",\"name\":\"085 Strickkleid mit Taschen in vielen Farben\",\"isPartOf\":{\"@id\":\"https:\/\/www.lookforward.at\/#website\"},\"primaryImageOfPage\":{\"@id\":\"https:\/\/www.lookforward.at\/produkt\/085-strickkleid-mit-taschen-in-vielen-farben\/#primaryimage\"},\"image\":{\"@id\":\"https:\/\/www.lookforward.at\/produkt\/085-strickkleid-mit-taschen-in-vielen-farben\/#primaryimage\"},\"thumbnailUrl\":\"https:\/\/www.lookforward.at\/wp-content\/uploads\/2025\/10\/FullSizeRender13-1-scaled.jpg\",\"datePublished\":\"2025-11-01T13:46:49+00:00\",\"dateModified\":\"2026-02-22T00:15:36+00:00\",\"breadcrumb\":{\"@id\":\"https:\/\/www.lookforward.at\/produkt\/085-strickkleid-mit-taschen-in-vielen-farben\/#breadcrumb\"},\"inLanguage\":\"en-US\",\"potentialAction\":[{\"@type\":\"ReadAction\",\"target\":[\"https:\/\/www.lookforward.at\/produkt\/085-strickkleid-mit-taschen-in-vielen-farben\/\"]}]},{\"@type\":\"ImageObject\",\"inLanguage\":\"en-US\",\"@id\":\"https:\/\/www.lookforward.at\/produkt\/085-strickkleid-mit-taschen-in-vielen-farben\/#primaryimage\",\"url\":\"https:\/\/www.lookforward.at\/wp-content\/uploads\/2025\/10\/FullSizeRender13-1-scaled.jpg\",\"contentUrl\":\"https:\/\/www.lookforward.at\/wp-content\/uploads\/2025\/10\/FullSizeRender13-1-scaled.jpg\",\"width\":1920,\"height\":2560},{\"@type\":\"BreadcrumbList\",\"@id\":\"https:\/\/www.lookforward.at\/produkt\/085-strickkleid-mit-taschen-in-vielen-farben\/#breadcrumb\",\"itemListElement\":[{\"@type\":\"ListItem\",\"position\":1,\"name\":\"Startseite\",\"item\":\"https:\/\/www.lookforward.at\/\"},{\"@type\":\"ListItem\",\"position\":2,\"name\":\"Shop\",\"item\":\"https:\/\/www.lookforward.at\/shop\/\"},{\"@type\":\"ListItem\",\"position\":3,\"name\":\"085 Strickkleid mit Taschen in vielen Farben\"}]},{\"@type\":\"WebSite\",\"@id\":\"https:\/\/www.lookforward.at\/#website\",\"url\":\"https:\/\/www.lookforward.at\/\",\"name\":\"lookforward Shop\",\"description\":\"Der neue Shop f\u00fcr Fashion, Lifestyle, Family, Food and Beauty.\",\"publisher\":{\"@id\":\"https:\/\/www.lookforward.at\/#organization\"},\"potentialAction\":[{\"@type\":\"SearchAction\",\"target\":{\"@type\":\"EntryPoint\",\"urlTemplate\":\"https:\/\/www.lookforward.at\/?s={search_term_string}\"},\"query-input\":{\"@type\":\"PropertyValueSpecification\",\"valueRequired\":true,\"valueName\":\"search_term_string\"}}],\"inLanguage\":\"en-US\"},{\"@type\":\"Organization\",\"@id\":\"https:\/\/www.lookforward.at\/#organization\",\"name\":\"KB lookforward\",\"url\":\"https:\/\/www.lookforward.at\/\",\"logo\":{\"@type\":\"ImageObject\",\"inLanguage\":\"en-US\",\"@id\":\"https:\/\/www.lookforward.at\/#\/schema\/logo\/image\/\",\"url\":\"https:\/\/www.lookforward.at\/wp-content\/uploads\/2023\/10\/Icon-KB.svg\",\"contentUrl\":\"https:\/\/www.lookforward.at\/wp-content\/uploads\/2023\/10\/Icon-KB.svg\",\"caption\":\"KB lookforward\"},\"image\":{\"@id\":\"https:\/\/www.lookforward.at\/#\/schema\/logo\/image\/\"}}]}<\/script>\n<!-- \/ Yoast SEO plugin. -->","yoast_head_json":{"title":"085 Strickkleid mit Taschen in vielen Farben","robots":{"index":"index","follow":"follow","max-snippet":"max-snippet:-1","max-image-preview":"max-image-preview:large","max-video-preview":"max-video-preview:-1"},"canonical":"https:\/\/www.lookforward.at\/en\/produkt\/085-strickkleid-mit-taschen-in-vielen-farben\/","og_locale":"en_US","og_type":"article","og_title":"[:de]085 Strickkleid mit Taschen in vielen Farben[:] - lookforward Shop","og_description":"Ein echtes Alltagsliebling \u2013 dieses locker geschnittene Kleid vereint Komfort und Stil auf die sch\u00f6nste Weise. Die weiche Viskosemischung f\u00fchlt sich angenehm auf der Haut an, w\u00e4hrend der lockere Schnitt und die Taschen an den Seiten eine l\u00e4ssige Note verleihen. Ob mit Strumpfhose und Boots im Herbst oder leger mit Sneakern im Alltag \u2013 dieses Kleid ist immer die richtige Wahl.  Material: 85 % Viskose, 10 % Wolle, 5 % Elasthan Passform: One Size \u2013 passend ca. 38\u201346 Details: Rundhalsausschnitt, 3\/4-\u00c4rmel mit Knopfdetail, aufgesetzte Taschen Pflege: Waschbar bei 30 \u00b0C  Erh\u00e4ltlich in vielen wundersch\u00f6nen Farben \ud83c\udf42 \u2013 perfekt zum Wohlf\u00fchlen, Kombinieren und immer wieder neu Verlieben.","og_url":"https:\/\/www.lookforward.at\/en\/produkt\/085-strickkleid-mit-taschen-in-vielen-farben\/","og_site_name":"lookforward Shop","article_modified_time":"2026-02-22T00:15:36+00:00","twitter_card":"summary_large_image","twitter_misc":{"Est. reading time":"1 minute"},"schema":{"@context":"https:\/\/schema.org","@graph":[{"@type":"WebPage","@id":"https:\/\/www.lookforward.at\/produkt\/085-strickkleid-mit-taschen-in-vielen-farben\/","url":"https:\/\/www.lookforward.at\/produkt\/085-strickkleid-mit-taschen-in-vielen-farben\/","name":"085 Strickkleid mit Taschen in vielen Farben","isPartOf":{"@id":"https:\/\/www.lookforward.at\/#website"},"primaryImageOfPage":{"@id":"https:\/\/www.lookforward.at\/produkt\/085-strickkleid-mit-taschen-in-vielen-farben\/#primaryimage"},"image":{"@id":"https:\/\/www.lookforward.at\/produkt\/085-strickkleid-mit-taschen-in-vielen-farben\/#primaryimage"},"thumbnailUrl":"https:\/\/www.lookforward.at\/wp-content\/uploads\/2025\/10\/FullSizeRender13-1-scaled.jpg","datePublished":"2025-11-01T13:46:49+00:00","dateModified":"2026-02-22T00:15:36+00:00","breadcrumb":{"@id":"https:\/\/www.lookforward.at\/produkt\/085-strickkleid-mit-taschen-in-vielen-farben\/#breadcrumb"},"inLanguage":"en-US","potentialAction":[{"@type":"ReadAction","target":["https:\/\/www.lookforward.at\/produkt\/085-strickkleid-mit-taschen-in-vielen-farben\/"]}]},{"@type":"ImageObject","inLanguage":"en-US","@id":"https:\/\/www.lookforward.at\/produkt\/085-strickkleid-mit-taschen-in-vielen-farben\/#primaryimage","url":"https:\/\/www.lookforward.at\/wp-content\/uploads\/2025\/10\/FullSizeRender13-1-scaled.jpg","contentUrl":"https:\/\/www.lookforward.at\/wp-content\/uploads\/2025\/10\/FullSizeRender13-1-scaled.jpg","width":1920,"height":2560},{"@type":"BreadcrumbList","@id":"https:\/\/www.lookforward.at\/produkt\/085-strickkleid-mit-taschen-in-vielen-farben\/#breadcrumb","itemListElement":[{"@type":"ListItem","position":1,"name":"Startseite","item":"https:\/\/www.lookforward.at\/"},{"@type":"ListItem","position":2,"name":"Shop","item":"https:\/\/www.lookforward.at\/shop\/"},{"@type":"ListItem","position":3,"name":"085 Strickkleid mit Taschen in vielen Farben"}]},{"@type":"WebSite","@id":"https:\/\/www.lookforward.at\/#website","url":"https:\/\/www.lookforward.at\/","name":"lookforward Shop","description":"Der neue Shop f\u00fcr Fashion, Lifestyle, Family, Food and Beauty.","publisher":{"@id":"https:\/\/www.lookforward.at\/#organization"},"potentialAction":[{"@type":"SearchAction","target":{"@type":"EntryPoint","urlTemplate":"https:\/\/www.lookforward.at\/?s={search_term_string}"},"query-input":{"@type":"PropertyValueSpecification","valueRequired":true,"valueName":"search_term_string"}}],"inLanguage":"en-US"},{"@type":"Organization","@id":"https:\/\/www.lookforward.at\/#organization","name":"KB lookforward","url":"https:\/\/www.lookforward.at\/","logo":{"@type":"ImageObject","inLanguage":"en-US","@id":"https:\/\/www.lookforward.at\/#\/schema\/logo\/image\/","url":"https:\/\/www.lookforward.at\/wp-content\/uploads\/2023\/10\/Icon-KB.svg","contentUrl":"https:\/\/www.lookforward.at\/wp-content\/uploads\/2023\/10\/Icon-KB.svg","caption":"KB lookforward"},"image":{"@id":"https:\/\/www.lookforward.at\/#\/schema\/logo\/image\/"}}]}},"_links":{"self":[{"href":"https:\/\/www.lookforward.at\/en\/wp-json\/wp\/v2\/product\/152096","targetHints":{"allow":["GET"]}}],"collection":[{"href":"https:\/\/www.lookforward.at\/en\/wp-json\/wp\/v2\/product"}],"about":[{"href":"https:\/\/www.lookforward.at\/en\/wp-json\/wp\/v2\/types\/product"}],"wp:featuredmedia":[{"embeddable":true,"href":"https:\/\/www.lookforward.at\/en\/wp-json\/wp\/v2\/media\/151920"}],"wp:attachment":[{"href":"https:\/\/www.lookforward.at\/en\/wp-json\/wp\/v2\/media?parent=152096"}],"wp:term":[{"taxonomy":"product_brand","embeddable":true,"href":"https:\/\/www.lookforward.at\/en\/wp-json\/wp\/v2\/product_brand?post=152096"},{"taxonomy":"product_cat","embeddable":true,"href":"https:\/\/www.lookforward.at\/en\/wp-json\/wp\/v2\/product_cat?post=152096"},{"taxonomy":"product_tag","embeddable":true,"href":"https:\/\/www.lookforward.at\/en\/wp-json\/wp\/v2\/product_tag?post=152096"}],"curies":[{"name":"wp","href":"https:\/\/api.w.org\/{rel}","templated":true}]}}