{"id":152289,"date":"2025-11-07T20:39:12","date_gmt":"2025-11-07T19:39:12","guid":{"rendered":"https:\/\/www.lookforward.at\/?post_type=product&#038;p=152289"},"modified":"2026-02-12T07:50:29","modified_gmt":"2026-02-12T06:50:29","slug":"festive-kollektion-von-kati-lederblazer","status":"publish","type":"product","link":"https:\/\/www.lookforward.at\/en\/produkt\/festive-kollektion-von-kati-lederblazer\/","title":{"rendered":"Festive Kollektion von Kati \u2013 Lederblazer"},"content":{"rendered":"","protected":false},"excerpt":{"rendered":"<div><b>Festive Kollektion von Kati \u2013 Lederblazer<\/b><\/div>\n<div><\/div>\n<div>Ein Statement-Piece mit Stil.<\/div>\n<div>Dieser elegante <b>Blazer in Lederoptik<\/b> aus der <b>Festive Kollektion von Kati<\/b> verleiht jedem Outfit eine moderne, edle Note. Die strukturierte Form, das klassische Revers und der Knopfverschluss machen ihn zu einem vielseitigen Begleiter \u2013 ob festlich kombiniert \u00fcber einem Kleid oder cool zu Jeans und Boots.<\/div>\n<div><\/div>\n<div>Das weiche, hochwertige Material sorgt f\u00fcr angenehmen Tragekomfort, w\u00e4hrend die seitlichen Klappentaschen und die flie\u00dfende Passform f\u00fcr den perfekten Look sorgen.<\/div>\n<div><\/div>\n<div>Erh\u00e4ltlich in <b>Schwarz, braun <\/b>und <b>Bordeaux<\/b> \u2013 zwei Farben, die Eleganz und Selbstbewusstsein ausstrahlen.<\/div>\n<div><\/div>\n<div><b>Material:<\/b> 100 % Polyester (in Lederoptik)<\/div>\n<div><b>Gr\u00f6\u00dfe:<\/b> One Size \u2013 passend bis ca. Gr\u00f6\u00dfe 42<\/div>\n<div><b>Pflege:<\/b> Schonw\u00e4sche bei 30\u00b0<\/div>\n<div><b>Made in Italy<\/b> \ud83d\udda4<\/div>\n","protected":false},"featured_media":152231,"template":"","meta":{"inline_featured_image":false},"product_brand":[],"product_cat":[435],"product_tag":[],"class_list":{"0":"post-152289","1":"product","2":"type-product","3":"status-publish","4":"has-post-thumbnail","6":"product_cat-blazer","8":"first","9":"onbackorder","10":"taxable","11":"shipping-taxable","12":"purchasable","13":"product-type-variable"},"bundled_by":[],"bundle_stock_status":"onbackorder","bundle_stock_quantity":null,"bundle_virtual":false,"bundle_layout":"","bundle_add_to_cart_form_location":"","bundle_editable_in_cart":false,"bundle_sold_individually_context":"","bundle_item_grouping":"","bundle_min_size":"","bundle_max_size":"","bundle_price":[],"bundled_items":[],"bundle_sell_ids":[],"yoast_head":"<!-- This site is optimized with the Yoast SEO plugin v26.5 - https:\/\/yoast.com\/wordpress\/plugins\/seo\/ -->\n<title>Festive Kollektion von Kati \u2013 Lederblazer<\/title>\n<meta name=\"robots\" content=\"index, follow, max-snippet:-1, max-image-preview:large, max-video-preview:-1\" \/>\n<link rel=\"canonical\" href=\"https:\/\/www.lookforward.at\/en\/produkt\/festive-kollektion-von-kati-lederblazer\/\" \/>\n<meta property=\"og:locale\" content=\"en_US\" \/>\n<meta property=\"og:locale:alternate\" content=\"de_DE\" \/>\n<meta property=\"og:type\" content=\"article\" \/>\n<meta property=\"og:title\" content=\"Festive Kollektion von Kati \u2013 Lederblazer\" \/>\n<meta property=\"og:description\" content=\"Festive Kollektion von Kati \u2013 Lederblazer  Ein Statement-Piece mit Stil. Dieser elegante Blazer in Lederoptik aus der Festive Kollektion von Kati verleiht jedem Outfit eine moderne, edle Note. Die strukturierte Form, das klassische Revers und der Knopfverschluss machen ihn zu einem vielseitigen Begleiter \u2013 ob festlich kombiniert \u00fcber einem Kleid oder cool zu Jeans und Boots.  Das weiche, hochwertige Material sorgt f\u00fcr angenehmen Tragekomfort, w\u00e4hrend die seitlichen Klappentaschen und die flie\u00dfende Passform f\u00fcr den perfekten Look sorgen.  Erh\u00e4ltlich in Schwarz, braun und Bordeaux \u2013 zwei Farben, die Eleganz und Selbstbewusstsein ausstrahlen.  Material: 100 % Polyester (in Lederoptik) Gr\u00f6\u00dfe: One Size \u2013 passend bis ca. Gr\u00f6\u00dfe 42 Pflege: Schonw\u00e4sche bei 30\u00b0 Made in Italy \ud83d\udda4\" \/>\n<meta property=\"og:url\" content=\"https:\/\/www.lookforward.at\/en\/produkt\/festive-kollektion-von-kati-lederblazer\/\" \/>\n<meta property=\"og:site_name\" content=\"lookforward Shop\" \/>\n<meta property=\"article:modified_time\" content=\"2026-02-12T06:50:29+00:00\" \/>\n<meta name=\"twitter:card\" content=\"summary_large_image\" \/>\n<meta name=\"twitter:label1\" content=\"Est. reading time\" \/>\n\t<meta name=\"twitter:data1\" content=\"1 minute\" \/>\n<script type=\"application\/ld+json\" class=\"yoast-schema-graph\">{\"@context\":\"https:\/\/schema.org\",\"@graph\":[{\"@type\":\"WebPage\",\"@id\":\"https:\/\/www.lookforward.at\/produkt\/festive-kollektion-von-kati-lederblazer\/\",\"url\":\"https:\/\/www.lookforward.at\/produkt\/festive-kollektion-von-kati-lederblazer\/\",\"name\":\"Festive Kollektion von Kati \u2013 Lederblazer\",\"isPartOf\":{\"@id\":\"https:\/\/www.lookforward.at\/#website\"},\"primaryImageOfPage\":{\"@id\":\"https:\/\/www.lookforward.at\/produkt\/festive-kollektion-von-kati-lederblazer\/#primaryimage\"},\"image\":{\"@id\":\"https:\/\/www.lookforward.at\/produkt\/festive-kollektion-von-kati-lederblazer\/#primaryimage\"},\"thumbnailUrl\":\"https:\/\/www.lookforward.at\/wp-content\/uploads\/2025\/11\/image00061-scaled.jpeg\",\"datePublished\":\"2025-11-07T19:39:12+00:00\",\"dateModified\":\"2026-02-12T06:50:29+00:00\",\"breadcrumb\":{\"@id\":\"https:\/\/www.lookforward.at\/produkt\/festive-kollektion-von-kati-lederblazer\/#breadcrumb\"},\"inLanguage\":\"en-US\",\"potentialAction\":[{\"@type\":\"ReadAction\",\"target\":[\"https:\/\/www.lookforward.at\/produkt\/festive-kollektion-von-kati-lederblazer\/\"]}]},{\"@type\":\"ImageObject\",\"inLanguage\":\"en-US\",\"@id\":\"https:\/\/www.lookforward.at\/produkt\/festive-kollektion-von-kati-lederblazer\/#primaryimage\",\"url\":\"https:\/\/www.lookforward.at\/wp-content\/uploads\/2025\/11\/image00061-scaled.jpeg\",\"contentUrl\":\"https:\/\/www.lookforward.at\/wp-content\/uploads\/2025\/11\/image00061-scaled.jpeg\",\"width\":1920,\"height\":2560},{\"@type\":\"BreadcrumbList\",\"@id\":\"https:\/\/www.lookforward.at\/produkt\/festive-kollektion-von-kati-lederblazer\/#breadcrumb\",\"itemListElement\":[{\"@type\":\"ListItem\",\"position\":1,\"name\":\"Startseite\",\"item\":\"https:\/\/www.lookforward.at\/\"},{\"@type\":\"ListItem\",\"position\":2,\"name\":\"Shop\",\"item\":\"https:\/\/www.lookforward.at\/shop\/\"},{\"@type\":\"ListItem\",\"position\":3,\"name\":\"Festive Kollektion von Kati \u2013 Lederblazer\"}]},{\"@type\":\"WebSite\",\"@id\":\"https:\/\/www.lookforward.at\/#website\",\"url\":\"https:\/\/www.lookforward.at\/\",\"name\":\"lookforward Shop\",\"description\":\"Der neue Shop f\u00fcr Fashion, Lifestyle, Family, Food and Beauty.\",\"publisher\":{\"@id\":\"https:\/\/www.lookforward.at\/#organization\"},\"potentialAction\":[{\"@type\":\"SearchAction\",\"target\":{\"@type\":\"EntryPoint\",\"urlTemplate\":\"https:\/\/www.lookforward.at\/?s={search_term_string}\"},\"query-input\":{\"@type\":\"PropertyValueSpecification\",\"valueRequired\":true,\"valueName\":\"search_term_string\"}}],\"inLanguage\":\"en-US\"},{\"@type\":\"Organization\",\"@id\":\"https:\/\/www.lookforward.at\/#organization\",\"name\":\"KB lookforward\",\"url\":\"https:\/\/www.lookforward.at\/\",\"logo\":{\"@type\":\"ImageObject\",\"inLanguage\":\"en-US\",\"@id\":\"https:\/\/www.lookforward.at\/#\/schema\/logo\/image\/\",\"url\":\"https:\/\/www.lookforward.at\/wp-content\/uploads\/2023\/10\/Icon-KB.svg\",\"contentUrl\":\"https:\/\/www.lookforward.at\/wp-content\/uploads\/2023\/10\/Icon-KB.svg\",\"caption\":\"KB lookforward\"},\"image\":{\"@id\":\"https:\/\/www.lookforward.at\/#\/schema\/logo\/image\/\"}}]}<\/script>\n<!-- \/ Yoast SEO plugin. -->","yoast_head_json":{"title":"Festive Kollektion von Kati \u2013 Lederblazer","robots":{"index":"index","follow":"follow","max-snippet":"max-snippet:-1","max-image-preview":"max-image-preview:large","max-video-preview":"max-video-preview:-1"},"canonical":"https:\/\/www.lookforward.at\/en\/produkt\/festive-kollektion-von-kati-lederblazer\/","og_locale":"en_US","og_type":"article","og_title":"[:de]Festive Kollektion von Kati \u2013 Lederblazer[:] - lookforward Shop","og_description":"Festive Kollektion von Kati \u2013 Lederblazer  Ein Statement-Piece mit Stil. Dieser elegante Blazer in Lederoptik aus der Festive Kollektion von Kati verleiht jedem Outfit eine moderne, edle Note. Die strukturierte Form, das klassische Revers und der Knopfverschluss machen ihn zu einem vielseitigen Begleiter \u2013 ob festlich kombiniert \u00fcber einem Kleid oder cool zu Jeans und Boots.  Das weiche, hochwertige Material sorgt f\u00fcr angenehmen Tragekomfort, w\u00e4hrend die seitlichen Klappentaschen und die flie\u00dfende Passform f\u00fcr den perfekten Look sorgen.  Erh\u00e4ltlich in Schwarz, braun und Bordeaux \u2013 zwei Farben, die Eleganz und Selbstbewusstsein ausstrahlen.  Material: 100 % Polyester (in Lederoptik) Gr\u00f6\u00dfe: One Size \u2013 passend bis ca. Gr\u00f6\u00dfe 42 Pflege: Schonw\u00e4sche bei 30\u00b0 Made in Italy \ud83d\udda4","og_url":"https:\/\/www.lookforward.at\/en\/produkt\/festive-kollektion-von-kati-lederblazer\/","og_site_name":"lookforward Shop","article_modified_time":"2026-02-12T06:50:29+00:00","twitter_card":"summary_large_image","twitter_misc":{"Est. reading time":"1 minute"},"schema":{"@context":"https:\/\/schema.org","@graph":[{"@type":"WebPage","@id":"https:\/\/www.lookforward.at\/produkt\/festive-kollektion-von-kati-lederblazer\/","url":"https:\/\/www.lookforward.at\/produkt\/festive-kollektion-von-kati-lederblazer\/","name":"Festive Kollektion von Kati \u2013 Lederblazer","isPartOf":{"@id":"https:\/\/www.lookforward.at\/#website"},"primaryImageOfPage":{"@id":"https:\/\/www.lookforward.at\/produkt\/festive-kollektion-von-kati-lederblazer\/#primaryimage"},"image":{"@id":"https:\/\/www.lookforward.at\/produkt\/festive-kollektion-von-kati-lederblazer\/#primaryimage"},"thumbnailUrl":"https:\/\/www.lookforward.at\/wp-content\/uploads\/2025\/11\/image00061-scaled.jpeg","datePublished":"2025-11-07T19:39:12+00:00","dateModified":"2026-02-12T06:50:29+00:00","breadcrumb":{"@id":"https:\/\/www.lookforward.at\/produkt\/festive-kollektion-von-kati-lederblazer\/#breadcrumb"},"inLanguage":"en-US","potentialAction":[{"@type":"ReadAction","target":["https:\/\/www.lookforward.at\/produkt\/festive-kollektion-von-kati-lederblazer\/"]}]},{"@type":"ImageObject","inLanguage":"en-US","@id":"https:\/\/www.lookforward.at\/produkt\/festive-kollektion-von-kati-lederblazer\/#primaryimage","url":"https:\/\/www.lookforward.at\/wp-content\/uploads\/2025\/11\/image00061-scaled.jpeg","contentUrl":"https:\/\/www.lookforward.at\/wp-content\/uploads\/2025\/11\/image00061-scaled.jpeg","width":1920,"height":2560},{"@type":"BreadcrumbList","@id":"https:\/\/www.lookforward.at\/produkt\/festive-kollektion-von-kati-lederblazer\/#breadcrumb","itemListElement":[{"@type":"ListItem","position":1,"name":"Startseite","item":"https:\/\/www.lookforward.at\/"},{"@type":"ListItem","position":2,"name":"Shop","item":"https:\/\/www.lookforward.at\/shop\/"},{"@type":"ListItem","position":3,"name":"Festive Kollektion von Kati \u2013 Lederblazer"}]},{"@type":"WebSite","@id":"https:\/\/www.lookforward.at\/#website","url":"https:\/\/www.lookforward.at\/","name":"lookforward Shop","description":"Der neue Shop f\u00fcr Fashion, Lifestyle, Family, Food and Beauty.","publisher":{"@id":"https:\/\/www.lookforward.at\/#organization"},"potentialAction":[{"@type":"SearchAction","target":{"@type":"EntryPoint","urlTemplate":"https:\/\/www.lookforward.at\/?s={search_term_string}"},"query-input":{"@type":"PropertyValueSpecification","valueRequired":true,"valueName":"search_term_string"}}],"inLanguage":"en-US"},{"@type":"Organization","@id":"https:\/\/www.lookforward.at\/#organization","name":"KB lookforward","url":"https:\/\/www.lookforward.at\/","logo":{"@type":"ImageObject","inLanguage":"en-US","@id":"https:\/\/www.lookforward.at\/#\/schema\/logo\/image\/","url":"https:\/\/www.lookforward.at\/wp-content\/uploads\/2023\/10\/Icon-KB.svg","contentUrl":"https:\/\/www.lookforward.at\/wp-content\/uploads\/2023\/10\/Icon-KB.svg","caption":"KB lookforward"},"image":{"@id":"https:\/\/www.lookforward.at\/#\/schema\/logo\/image\/"}}]}},"_links":{"self":[{"href":"https:\/\/www.lookforward.at\/en\/wp-json\/wp\/v2\/product\/152289","targetHints":{"allow":["GET"]}}],"collection":[{"href":"https:\/\/www.lookforward.at\/en\/wp-json\/wp\/v2\/product"}],"about":[{"href":"https:\/\/www.lookforward.at\/en\/wp-json\/wp\/v2\/types\/product"}],"wp:featuredmedia":[{"embeddable":true,"href":"https:\/\/www.lookforward.at\/en\/wp-json\/wp\/v2\/media\/152231"}],"wp:attachment":[{"href":"https:\/\/www.lookforward.at\/en\/wp-json\/wp\/v2\/media?parent=152289"}],"wp:term":[{"taxonomy":"product_brand","embeddable":true,"href":"https:\/\/www.lookforward.at\/en\/wp-json\/wp\/v2\/product_brand?post=152289"},{"taxonomy":"product_cat","embeddable":true,"href":"https:\/\/www.lookforward.at\/en\/wp-json\/wp\/v2\/product_cat?post=152289"},{"taxonomy":"product_tag","embeddable":true,"href":"https:\/\/www.lookforward.at\/en\/wp-json\/wp\/v2\/product_tag?post=152289"}],"curies":[{"name":"wp","href":"https:\/\/api.w.org\/{rel}","templated":true}]}}