{"id":152427,"date":"2025-11-12T17:32:52","date_gmt":"2025-11-12T16:32:52","guid":{"rendered":"https:\/\/www.lookforward.at\/?post_type=product&#038;p=152427"},"modified":"2025-11-12T17:41:32","modified_gmt":"2025-11-12T16:41:32","slug":"festive-kollektion-maxikleid-mit-spitze","status":"publish","type":"product","link":"https:\/\/www.lookforward.at\/en\/produkt\/festive-kollektion-maxikleid-mit-spitze\/","title":{"rendered":"FESTIVE KOLLEKTION BY SARAH &#8211; Maxikleid mit Spitze"},"content":{"rendered":"","protected":false},"excerpt":{"rendered":"<p>Velvet Elegance \u2013 Maxikleid mit Spitze<\/p>\n<p>Ein Hauch von Glamour trifft auf feminine Raffinesse.<br \/>\nDieses edle Maxikleid aus weichem Samt ist ein absolutes Highlight f\u00fcr besondere Anl\u00e4sse. Der taillierte Schnitt betont die Figur, w\u00e4hrend der zarte Spitzenbesatz am Saum jedem Look eine sinnliche Note verleiht.<\/p>\n<p>Mit seinen langen \u00c4rmeln und dem r\u00fcckseitig verl\u00e4ngerten Rockteil schafft das Kleid eine harmonische Balance zwischen Eleganz und Modernit\u00e4t \u2013 perfekt f\u00fcr festliche Abende, Dinnerdates oder elegante Events.<\/p>\n<p>Das angenehme, leicht elastische Material sorgt f\u00fcr hohen Tragekomfort und eine flie\u00dfende Silhouette.<\/p>\n<p>Ein Kleid, das Selbstbewusstsein und Stil ausstrahlt \u2013 und garantiert alle Blicke auf sich zieht.<\/p>\n<p>Material: 95 % Polyester, 5 % Elasthan<br \/>\nDetails: Samtoptik mit Spitzenbesatz<br \/>\nONE SIZE (passt von 36-42)<br \/>\nPflege: Schonw\u00e4sche bei 30 \u00b0C<br \/>\nMade in Italy \ud83d\udda4<\/p>\n","protected":false},"featured_media":152409,"template":"","meta":{"inline_featured_image":false},"product_brand":[],"product_cat":[72],"product_tag":[],"class_list":{"0":"post-152427","1":"product","2":"type-product","3":"status-publish","4":"has-post-thumbnail","6":"product_cat-kleid","8":"first","9":"instock","10":"taxable","11":"shipping-taxable","12":"purchasable","13":"product-type-simple"},"bundled_by":[],"bundle_stock_status":"instock","bundle_stock_quantity":null,"bundle_virtual":false,"bundle_layout":"","bundle_add_to_cart_form_location":"","bundle_editable_in_cart":false,"bundle_sold_individually_context":"","bundle_item_grouping":"","bundle_min_size":"","bundle_max_size":"","bundle_price":[],"bundled_items":[],"bundle_sell_ids":[],"yoast_head":"<!-- This site is optimized with the Yoast SEO plugin v26.5 - https:\/\/yoast.com\/wordpress\/plugins\/seo\/ -->\n<title>FESTIVE KOLLEKTION BY SARAH - Maxikleid mit Spitze<\/title>\n<meta name=\"robots\" content=\"index, follow, max-snippet:-1, max-image-preview:large, max-video-preview:-1\" \/>\n<link rel=\"canonical\" href=\"https:\/\/www.lookforward.at\/en\/produkt\/festive-kollektion-maxikleid-mit-spitze\/\" \/>\n<meta property=\"og:locale\" content=\"en_US\" \/>\n<meta property=\"og:locale:alternate\" content=\"de_DE\" \/>\n<meta property=\"og:type\" content=\"article\" \/>\n<meta property=\"og:title\" content=\"FESTIVE KOLLEKTION BY SARAH - Maxikleid mit Spitze\" \/>\n<meta property=\"og:description\" content=\"Velvet Elegance \u2013 Maxikleid mit Spitze  Ein Hauch von Glamour trifft auf feminine Raffinesse. Dieses edle Maxikleid aus weichem Samt ist ein absolutes Highlight f\u00fcr besondere Anl\u00e4sse. Der taillierte Schnitt betont die Figur, w\u00e4hrend der zarte Spitzenbesatz am Saum jedem Look eine sinnliche Note verleiht.  Mit seinen langen \u00c4rmeln und dem r\u00fcckseitig verl\u00e4ngerten Rockteil schafft das Kleid eine harmonische Balance zwischen Eleganz und Modernit\u00e4t \u2013 perfekt f\u00fcr festliche Abende, Dinnerdates oder elegante Events.  Das angenehme, leicht elastische Material sorgt f\u00fcr hohen Tragekomfort und eine flie\u00dfende Silhouette.  Ein Kleid, das Selbstbewusstsein und Stil ausstrahlt \u2013 und garantiert alle Blicke auf sich zieht.  Material: 95 % Polyester, 5 % Elasthan Details: Samtoptik mit Spitzenbesatz ONE SIZE (passt von 36-42) Pflege: Schonw\u00e4sche bei 30 \u00b0C Made in Italy \ud83d\udda4\" \/>\n<meta property=\"og:url\" content=\"https:\/\/www.lookforward.at\/en\/produkt\/festive-kollektion-maxikleid-mit-spitze\/\" \/>\n<meta property=\"og:site_name\" content=\"lookforward Shop\" \/>\n<meta property=\"article:modified_time\" content=\"2025-11-12T16:41:32+00:00\" \/>\n<meta property=\"og:image\" content=\"https:\/\/www.lookforward.at\/wp-content\/uploads\/2025\/11\/image00001-1-scaled.jpeg\" \/>\n\t<meta property=\"og:image:width\" content=\"1920\" \/>\n\t<meta property=\"og:image:height\" content=\"2560\" \/>\n\t<meta property=\"og:image:type\" content=\"image\/jpeg\" \/>\n<meta name=\"twitter:card\" content=\"summary_large_image\" \/>\n<meta name=\"twitter:label1\" content=\"Est. reading time\" \/>\n\t<meta name=\"twitter:data1\" content=\"1 minute\" \/>\n<script type=\"application\/ld+json\" class=\"yoast-schema-graph\">{\"@context\":\"https:\/\/schema.org\",\"@graph\":[{\"@type\":\"WebPage\",\"@id\":\"https:\/\/www.lookforward.at\/produkt\/festive-kollektion-maxikleid-mit-spitze\/\",\"url\":\"https:\/\/www.lookforward.at\/produkt\/festive-kollektion-maxikleid-mit-spitze\/\",\"name\":\"FESTIVE KOLLEKTION BY SARAH - Maxikleid mit Spitze\",\"isPartOf\":{\"@id\":\"https:\/\/www.lookforward.at\/#website\"},\"primaryImageOfPage\":{\"@id\":\"https:\/\/www.lookforward.at\/produkt\/festive-kollektion-maxikleid-mit-spitze\/#primaryimage\"},\"image\":{\"@id\":\"https:\/\/www.lookforward.at\/produkt\/festive-kollektion-maxikleid-mit-spitze\/#primaryimage\"},\"thumbnailUrl\":\"https:\/\/www.lookforward.at\/wp-content\/uploads\/2025\/11\/image00001-1-scaled.jpeg\",\"datePublished\":\"2025-11-12T16:32:52+00:00\",\"dateModified\":\"2025-11-12T16:41:32+00:00\",\"breadcrumb\":{\"@id\":\"https:\/\/www.lookforward.at\/produkt\/festive-kollektion-maxikleid-mit-spitze\/#breadcrumb\"},\"inLanguage\":\"en-US\",\"potentialAction\":[{\"@type\":\"ReadAction\",\"target\":[\"https:\/\/www.lookforward.at\/produkt\/festive-kollektion-maxikleid-mit-spitze\/\"]}]},{\"@type\":\"ImageObject\",\"inLanguage\":\"en-US\",\"@id\":\"https:\/\/www.lookforward.at\/produkt\/festive-kollektion-maxikleid-mit-spitze\/#primaryimage\",\"url\":\"https:\/\/www.lookforward.at\/wp-content\/uploads\/2025\/11\/image00001-1-scaled.jpeg\",\"contentUrl\":\"https:\/\/www.lookforward.at\/wp-content\/uploads\/2025\/11\/image00001-1-scaled.jpeg\",\"width\":1920,\"height\":2560},{\"@type\":\"BreadcrumbList\",\"@id\":\"https:\/\/www.lookforward.at\/produkt\/festive-kollektion-maxikleid-mit-spitze\/#breadcrumb\",\"itemListElement\":[{\"@type\":\"ListItem\",\"position\":1,\"name\":\"Startseite\",\"item\":\"https:\/\/www.lookforward.at\/\"},{\"@type\":\"ListItem\",\"position\":2,\"name\":\"Shop\",\"item\":\"https:\/\/www.lookforward.at\/shop\/\"},{\"@type\":\"ListItem\",\"position\":3,\"name\":\"FESTIVE KOLLEKTION BY SARAH &#8211; Maxikleid mit Spitze\"}]},{\"@type\":\"WebSite\",\"@id\":\"https:\/\/www.lookforward.at\/#website\",\"url\":\"https:\/\/www.lookforward.at\/\",\"name\":\"lookforward Shop\",\"description\":\"Der neue Shop f\u00fcr Fashion, Lifestyle, Family, Food and Beauty.\",\"publisher\":{\"@id\":\"https:\/\/www.lookforward.at\/#organization\"},\"potentialAction\":[{\"@type\":\"SearchAction\",\"target\":{\"@type\":\"EntryPoint\",\"urlTemplate\":\"https:\/\/www.lookforward.at\/?s={search_term_string}\"},\"query-input\":{\"@type\":\"PropertyValueSpecification\",\"valueRequired\":true,\"valueName\":\"search_term_string\"}}],\"inLanguage\":\"en-US\"},{\"@type\":\"Organization\",\"@id\":\"https:\/\/www.lookforward.at\/#organization\",\"name\":\"KB lookforward\",\"url\":\"https:\/\/www.lookforward.at\/\",\"logo\":{\"@type\":\"ImageObject\",\"inLanguage\":\"en-US\",\"@id\":\"https:\/\/www.lookforward.at\/#\/schema\/logo\/image\/\",\"url\":\"https:\/\/www.lookforward.at\/wp-content\/uploads\/2023\/10\/Icon-KB.svg\",\"contentUrl\":\"https:\/\/www.lookforward.at\/wp-content\/uploads\/2023\/10\/Icon-KB.svg\",\"caption\":\"KB lookforward\"},\"image\":{\"@id\":\"https:\/\/www.lookforward.at\/#\/schema\/logo\/image\/\"}}]}<\/script>\n<!-- \/ Yoast SEO plugin. -->","yoast_head_json":{"title":"FESTIVE KOLLEKTION BY SARAH - Maxikleid mit Spitze","robots":{"index":"index","follow":"follow","max-snippet":"max-snippet:-1","max-image-preview":"max-image-preview:large","max-video-preview":"max-video-preview:-1"},"canonical":"https:\/\/www.lookforward.at\/en\/produkt\/festive-kollektion-maxikleid-mit-spitze\/","og_locale":"en_US","og_type":"article","og_title":"[:de]FESTIVE KOLLEKTION BY SARAH - Maxikleid mit Spitze[:] - lookforward Shop","og_description":"Velvet Elegance \u2013 Maxikleid mit Spitze  Ein Hauch von Glamour trifft auf feminine Raffinesse. Dieses edle Maxikleid aus weichem Samt ist ein absolutes Highlight f\u00fcr besondere Anl\u00e4sse. Der taillierte Schnitt betont die Figur, w\u00e4hrend der zarte Spitzenbesatz am Saum jedem Look eine sinnliche Note verleiht.  Mit seinen langen \u00c4rmeln und dem r\u00fcckseitig verl\u00e4ngerten Rockteil schafft das Kleid eine harmonische Balance zwischen Eleganz und Modernit\u00e4t \u2013 perfekt f\u00fcr festliche Abende, Dinnerdates oder elegante Events.  Das angenehme, leicht elastische Material sorgt f\u00fcr hohen Tragekomfort und eine flie\u00dfende Silhouette.  Ein Kleid, das Selbstbewusstsein und Stil ausstrahlt \u2013 und garantiert alle Blicke auf sich zieht.  Material: 95 % Polyester, 5 % Elasthan Details: Samtoptik mit Spitzenbesatz ONE SIZE (passt von 36-42) Pflege: Schonw\u00e4sche bei 30 \u00b0C Made in Italy \ud83d\udda4","og_url":"https:\/\/www.lookforward.at\/en\/produkt\/festive-kollektion-maxikleid-mit-spitze\/","og_site_name":"lookforward Shop","article_modified_time":"2025-11-12T16:41:32+00:00","og_image":[{"width":1920,"height":2560,"url":"https:\/\/www.lookforward.at\/wp-content\/uploads\/2025\/11\/image00001-1-scaled.jpeg","type":"image\/jpeg"}],"twitter_card":"summary_large_image","twitter_misc":{"Est. reading time":"1 minute"},"schema":{"@context":"https:\/\/schema.org","@graph":[{"@type":"WebPage","@id":"https:\/\/www.lookforward.at\/produkt\/festive-kollektion-maxikleid-mit-spitze\/","url":"https:\/\/www.lookforward.at\/produkt\/festive-kollektion-maxikleid-mit-spitze\/","name":"FESTIVE KOLLEKTION BY SARAH - Maxikleid mit Spitze","isPartOf":{"@id":"https:\/\/www.lookforward.at\/#website"},"primaryImageOfPage":{"@id":"https:\/\/www.lookforward.at\/produkt\/festive-kollektion-maxikleid-mit-spitze\/#primaryimage"},"image":{"@id":"https:\/\/www.lookforward.at\/produkt\/festive-kollektion-maxikleid-mit-spitze\/#primaryimage"},"thumbnailUrl":"https:\/\/www.lookforward.at\/wp-content\/uploads\/2025\/11\/image00001-1-scaled.jpeg","datePublished":"2025-11-12T16:32:52+00:00","dateModified":"2025-11-12T16:41:32+00:00","breadcrumb":{"@id":"https:\/\/www.lookforward.at\/produkt\/festive-kollektion-maxikleid-mit-spitze\/#breadcrumb"},"inLanguage":"en-US","potentialAction":[{"@type":"ReadAction","target":["https:\/\/www.lookforward.at\/produkt\/festive-kollektion-maxikleid-mit-spitze\/"]}]},{"@type":"ImageObject","inLanguage":"en-US","@id":"https:\/\/www.lookforward.at\/produkt\/festive-kollektion-maxikleid-mit-spitze\/#primaryimage","url":"https:\/\/www.lookforward.at\/wp-content\/uploads\/2025\/11\/image00001-1-scaled.jpeg","contentUrl":"https:\/\/www.lookforward.at\/wp-content\/uploads\/2025\/11\/image00001-1-scaled.jpeg","width":1920,"height":2560},{"@type":"BreadcrumbList","@id":"https:\/\/www.lookforward.at\/produkt\/festive-kollektion-maxikleid-mit-spitze\/#breadcrumb","itemListElement":[{"@type":"ListItem","position":1,"name":"Startseite","item":"https:\/\/www.lookforward.at\/"},{"@type":"ListItem","position":2,"name":"Shop","item":"https:\/\/www.lookforward.at\/shop\/"},{"@type":"ListItem","position":3,"name":"FESTIVE KOLLEKTION BY SARAH &#8211; Maxikleid mit Spitze"}]},{"@type":"WebSite","@id":"https:\/\/www.lookforward.at\/#website","url":"https:\/\/www.lookforward.at\/","name":"lookforward Shop","description":"Der neue Shop f\u00fcr Fashion, Lifestyle, Family, Food and Beauty.","publisher":{"@id":"https:\/\/www.lookforward.at\/#organization"},"potentialAction":[{"@type":"SearchAction","target":{"@type":"EntryPoint","urlTemplate":"https:\/\/www.lookforward.at\/?s={search_term_string}"},"query-input":{"@type":"PropertyValueSpecification","valueRequired":true,"valueName":"search_term_string"}}],"inLanguage":"en-US"},{"@type":"Organization","@id":"https:\/\/www.lookforward.at\/#organization","name":"KB lookforward","url":"https:\/\/www.lookforward.at\/","logo":{"@type":"ImageObject","inLanguage":"en-US","@id":"https:\/\/www.lookforward.at\/#\/schema\/logo\/image\/","url":"https:\/\/www.lookforward.at\/wp-content\/uploads\/2023\/10\/Icon-KB.svg","contentUrl":"https:\/\/www.lookforward.at\/wp-content\/uploads\/2023\/10\/Icon-KB.svg","caption":"KB lookforward"},"image":{"@id":"https:\/\/www.lookforward.at\/#\/schema\/logo\/image\/"}}]}},"_links":{"self":[{"href":"https:\/\/www.lookforward.at\/en\/wp-json\/wp\/v2\/product\/152427","targetHints":{"allow":["GET"]}}],"collection":[{"href":"https:\/\/www.lookforward.at\/en\/wp-json\/wp\/v2\/product"}],"about":[{"href":"https:\/\/www.lookforward.at\/en\/wp-json\/wp\/v2\/types\/product"}],"wp:featuredmedia":[{"embeddable":true,"href":"https:\/\/www.lookforward.at\/en\/wp-json\/wp\/v2\/media\/152409"}],"wp:attachment":[{"href":"https:\/\/www.lookforward.at\/en\/wp-json\/wp\/v2\/media?parent=152427"}],"wp:term":[{"taxonomy":"product_brand","embeddable":true,"href":"https:\/\/www.lookforward.at\/en\/wp-json\/wp\/v2\/product_brand?post=152427"},{"taxonomy":"product_cat","embeddable":true,"href":"https:\/\/www.lookforward.at\/en\/wp-json\/wp\/v2\/product_cat?post=152427"},{"taxonomy":"product_tag","embeddable":true,"href":"https:\/\/www.lookforward.at\/en\/wp-json\/wp\/v2\/product_tag?post=152427"}],"curies":[{"name":"wp","href":"https:\/\/api.w.org\/{rel}","templated":true}]}}