{"id":152455,"date":"2025-11-12T18:44:34","date_gmt":"2025-11-12T17:44:34","guid":{"rendered":"https:\/\/www.lookforward.at\/?post_type=product&#038;p=152455"},"modified":"2026-02-26T09:10:56","modified_gmt":"2026-02-26T08:10:56","slug":"feestive-kollektion-by-sarah-rib-knit-wrap-dress-cozy-elegance","status":"publish","type":"product","link":"https:\/\/www.lookforward.at\/en\/produkt\/feestive-kollektion-by-sarah-rib-knit-wrap-dress-cozy-elegance\/","title":{"rendered":"FEESTIVE KOLLEKTION BY Sarah &#8211; Rib Knit Wrap Dress \u2013 Cozy Elegance"},"content":{"rendered":"","protected":false},"excerpt":{"rendered":"<p>Rib Knit Wrap Dress \u2013 Cozy Elegance<\/p>\n<p>Weich. Elegant. M\u00fchelos sch\u00f6n. \u2728<br \/>\nDieses Strickkleid im Wickelstil ist der Inbegriff von schlichter Eleganz. Die feine Rippenstruktur, der tiefe V-Ausschnitt und der Bindeg\u00fcrtel zaubern eine wundersch\u00f6ne Silhouette, w\u00e4hrend der weiche Stretch-Stoff f\u00fcr maximalen Tragekomfort sorgt.<\/p>\n<p>Mit seinen weiten \u00c4rmeln und der femininen Passform l\u00e4sst es sich sowohl l\u00e4ssig mit Boots als auch elegant mit Heels kombinieren \u2013 ein Must-Have f\u00fcr stilvolle Herbst- und Wintertage.<\/p>\n<p>Erh\u00e4ltlich in drei edlen Farben:<br \/>\n\ud83d\udda4 Schwarz \u2013 klassisch &#038; elegant<br \/>\n\ud83c\udf3f Tannengr\u00fcn \u2013 modern &#038; besonders<br \/>\n\u2615 Beige \u2013 warm &#038; soft<\/p>\n<p>Material: 95 % Polyester, 5 % Elasthan<br \/>\nGr\u00f6\u00dfen: Einheitsgr\u00f6\u00dfe (passt 36-44)<br \/>\nPflege: 30 GRad<br \/>\nMade in Italy \ud83d\udcab<\/p>\n","protected":false},"featured_media":152419,"template":"","meta":{"inline_featured_image":false},"product_brand":[],"product_cat":[72],"product_tag":[],"class_list":{"0":"post-152455","1":"product","2":"type-product","3":"status-publish","4":"has-post-thumbnail","6":"product_cat-kleid","8":"first","9":"onbackorder","10":"taxable","11":"shipping-taxable","12":"purchasable","13":"product-type-variable"},"bundled_by":[],"bundle_stock_status":"onbackorder","bundle_stock_quantity":null,"bundle_virtual":false,"bundle_layout":"","bundle_add_to_cart_form_location":"","bundle_editable_in_cart":false,"bundle_sold_individually_context":"","bundle_item_grouping":"","bundle_min_size":"","bundle_max_size":"","bundle_price":[],"bundled_items":[],"bundle_sell_ids":[],"yoast_head":"<!-- This site is optimized with the Yoast SEO plugin v26.5 - https:\/\/yoast.com\/wordpress\/plugins\/seo\/ -->\n<title>FEESTIVE KOLLEKTION BY Sarah - Rib Knit Wrap Dress \u2013 Cozy Elegance<\/title>\n<meta name=\"robots\" content=\"index, follow, max-snippet:-1, max-image-preview:large, max-video-preview:-1\" \/>\n<link rel=\"canonical\" href=\"https:\/\/www.lookforward.at\/en\/produkt\/feestive-kollektion-by-sarah-rib-knit-wrap-dress-cozy-elegance\/\" \/>\n<meta property=\"og:locale\" content=\"en_US\" \/>\n<meta property=\"og:locale:alternate\" content=\"de_DE\" \/>\n<meta property=\"og:type\" content=\"article\" \/>\n<meta property=\"og:title\" content=\"FEESTIVE KOLLEKTION BY Sarah - Rib Knit Wrap Dress \u2013 Cozy Elegance\" \/>\n<meta property=\"og:description\" content=\"Rib Knit Wrap Dress \u2013 Cozy Elegance  Weich. Elegant. M\u00fchelos sch\u00f6n. \u2728 Dieses Strickkleid im Wickelstil ist der Inbegriff von schlichter Eleganz. Die feine Rippenstruktur, der tiefe V-Ausschnitt und der Bindeg\u00fcrtel zaubern eine wundersch\u00f6ne Silhouette, w\u00e4hrend der weiche Stretch-Stoff f\u00fcr maximalen Tragekomfort sorgt.  Mit seinen weiten \u00c4rmeln und der femininen Passform l\u00e4sst es sich sowohl l\u00e4ssig mit Boots als auch elegant mit Heels kombinieren \u2013 ein Must-Have f\u00fcr stilvolle Herbst- und Wintertage.  Erh\u00e4ltlich in drei edlen Farben: \ud83d\udda4 Schwarz \u2013 klassisch &amp; elegant \ud83c\udf3f Tannengr\u00fcn \u2013 modern &amp; besonders \u2615 Beige \u2013 warm &amp; soft  Material: 95 % Polyester, 5 % Elasthan Gr\u00f6\u00dfen: Einheitsgr\u00f6\u00dfe (passt 36-44) Pflege: 30 GRad Made in Italy \ud83d\udcab\" \/>\n<meta property=\"og:url\" content=\"https:\/\/www.lookforward.at\/en\/produkt\/feestive-kollektion-by-sarah-rib-knit-wrap-dress-cozy-elegance\/\" \/>\n<meta property=\"og:site_name\" content=\"lookforward Shop\" \/>\n<meta property=\"article:modified_time\" content=\"2026-02-26T08:10:56+00:00\" \/>\n<meta name=\"twitter:card\" content=\"summary_large_image\" \/>\n<meta name=\"twitter:label1\" content=\"Est. reading time\" \/>\n\t<meta name=\"twitter:data1\" content=\"1 minute\" \/>\n<script type=\"application\/ld+json\" class=\"yoast-schema-graph\">{\"@context\":\"https:\/\/schema.org\",\"@graph\":[{\"@type\":\"WebPage\",\"@id\":\"https:\/\/www.lookforward.at\/produkt\/feestive-kollektion-by-sarah-rib-knit-wrap-dress-cozy-elegance\/\",\"url\":\"https:\/\/www.lookforward.at\/produkt\/feestive-kollektion-by-sarah-rib-knit-wrap-dress-cozy-elegance\/\",\"name\":\"FEESTIVE KOLLEKTION BY Sarah - Rib Knit Wrap Dress \u2013 Cozy Elegance\",\"isPartOf\":{\"@id\":\"https:\/\/www.lookforward.at\/#website\"},\"primaryImageOfPage\":{\"@id\":\"https:\/\/www.lookforward.at\/produkt\/feestive-kollektion-by-sarah-rib-knit-wrap-dress-cozy-elegance\/#primaryimage\"},\"image\":{\"@id\":\"https:\/\/www.lookforward.at\/produkt\/feestive-kollektion-by-sarah-rib-knit-wrap-dress-cozy-elegance\/#primaryimage\"},\"thumbnailUrl\":\"https:\/\/www.lookforward.at\/wp-content\/uploads\/2025\/11\/image00011-1-scaled.jpeg\",\"datePublished\":\"2025-11-12T17:44:34+00:00\",\"dateModified\":\"2026-02-26T08:10:56+00:00\",\"breadcrumb\":{\"@id\":\"https:\/\/www.lookforward.at\/produkt\/feestive-kollektion-by-sarah-rib-knit-wrap-dress-cozy-elegance\/#breadcrumb\"},\"inLanguage\":\"en-US\",\"potentialAction\":[{\"@type\":\"ReadAction\",\"target\":[\"https:\/\/www.lookforward.at\/produkt\/feestive-kollektion-by-sarah-rib-knit-wrap-dress-cozy-elegance\/\"]}]},{\"@type\":\"ImageObject\",\"inLanguage\":\"en-US\",\"@id\":\"https:\/\/www.lookforward.at\/produkt\/feestive-kollektion-by-sarah-rib-knit-wrap-dress-cozy-elegance\/#primaryimage\",\"url\":\"https:\/\/www.lookforward.at\/wp-content\/uploads\/2025\/11\/image00011-1-scaled.jpeg\",\"contentUrl\":\"https:\/\/www.lookforward.at\/wp-content\/uploads\/2025\/11\/image00011-1-scaled.jpeg\",\"width\":1920,\"height\":2560},{\"@type\":\"BreadcrumbList\",\"@id\":\"https:\/\/www.lookforward.at\/produkt\/feestive-kollektion-by-sarah-rib-knit-wrap-dress-cozy-elegance\/#breadcrumb\",\"itemListElement\":[{\"@type\":\"ListItem\",\"position\":1,\"name\":\"Startseite\",\"item\":\"https:\/\/www.lookforward.at\/\"},{\"@type\":\"ListItem\",\"position\":2,\"name\":\"Shop\",\"item\":\"https:\/\/www.lookforward.at\/shop\/\"},{\"@type\":\"ListItem\",\"position\":3,\"name\":\"FEESTIVE KOLLEKTION BY Sarah &#8211; Rib Knit Wrap Dress \u2013 Cozy Elegance\"}]},{\"@type\":\"WebSite\",\"@id\":\"https:\/\/www.lookforward.at\/#website\",\"url\":\"https:\/\/www.lookforward.at\/\",\"name\":\"lookforward Shop\",\"description\":\"Der neue Shop f\u00fcr Fashion, Lifestyle, Family, Food and Beauty.\",\"publisher\":{\"@id\":\"https:\/\/www.lookforward.at\/#organization\"},\"potentialAction\":[{\"@type\":\"SearchAction\",\"target\":{\"@type\":\"EntryPoint\",\"urlTemplate\":\"https:\/\/www.lookforward.at\/?s={search_term_string}\"},\"query-input\":{\"@type\":\"PropertyValueSpecification\",\"valueRequired\":true,\"valueName\":\"search_term_string\"}}],\"inLanguage\":\"en-US\"},{\"@type\":\"Organization\",\"@id\":\"https:\/\/www.lookforward.at\/#organization\",\"name\":\"KB lookforward\",\"url\":\"https:\/\/www.lookforward.at\/\",\"logo\":{\"@type\":\"ImageObject\",\"inLanguage\":\"en-US\",\"@id\":\"https:\/\/www.lookforward.at\/#\/schema\/logo\/image\/\",\"url\":\"https:\/\/www.lookforward.at\/wp-content\/uploads\/2023\/10\/Icon-KB.svg\",\"contentUrl\":\"https:\/\/www.lookforward.at\/wp-content\/uploads\/2023\/10\/Icon-KB.svg\",\"caption\":\"KB lookforward\"},\"image\":{\"@id\":\"https:\/\/www.lookforward.at\/#\/schema\/logo\/image\/\"}}]}<\/script>\n<!-- \/ Yoast SEO plugin. -->","yoast_head_json":{"title":"FEESTIVE KOLLEKTION BY Sarah - Rib Knit Wrap Dress \u2013 Cozy Elegance","robots":{"index":"index","follow":"follow","max-snippet":"max-snippet:-1","max-image-preview":"max-image-preview:large","max-video-preview":"max-video-preview:-1"},"canonical":"https:\/\/www.lookforward.at\/en\/produkt\/feestive-kollektion-by-sarah-rib-knit-wrap-dress-cozy-elegance\/","og_locale":"en_US","og_type":"article","og_title":"[:de]FEESTIVE KOLLEKTION BY Sarah - Rib Knit Wrap Dress \u2013 Cozy Elegance[:] - lookforward Shop","og_description":"Rib Knit Wrap Dress \u2013 Cozy Elegance  Weich. Elegant. M\u00fchelos sch\u00f6n. \u2728 Dieses Strickkleid im Wickelstil ist der Inbegriff von schlichter Eleganz. Die feine Rippenstruktur, der tiefe V-Ausschnitt und der Bindeg\u00fcrtel zaubern eine wundersch\u00f6ne Silhouette, w\u00e4hrend der weiche Stretch-Stoff f\u00fcr maximalen Tragekomfort sorgt.  Mit seinen weiten \u00c4rmeln und der femininen Passform l\u00e4sst es sich sowohl l\u00e4ssig mit Boots als auch elegant mit Heels kombinieren \u2013 ein Must-Have f\u00fcr stilvolle Herbst- und Wintertage.  Erh\u00e4ltlich in drei edlen Farben: \ud83d\udda4 Schwarz \u2013 klassisch & elegant \ud83c\udf3f Tannengr\u00fcn \u2013 modern & besonders \u2615 Beige \u2013 warm & soft  Material: 95 % Polyester, 5 % Elasthan Gr\u00f6\u00dfen: Einheitsgr\u00f6\u00dfe (passt 36-44) Pflege: 30 GRad Made in Italy \ud83d\udcab","og_url":"https:\/\/www.lookforward.at\/en\/produkt\/feestive-kollektion-by-sarah-rib-knit-wrap-dress-cozy-elegance\/","og_site_name":"lookforward Shop","article_modified_time":"2026-02-26T08:10:56+00:00","twitter_card":"summary_large_image","twitter_misc":{"Est. reading time":"1 minute"},"schema":{"@context":"https:\/\/schema.org","@graph":[{"@type":"WebPage","@id":"https:\/\/www.lookforward.at\/produkt\/feestive-kollektion-by-sarah-rib-knit-wrap-dress-cozy-elegance\/","url":"https:\/\/www.lookforward.at\/produkt\/feestive-kollektion-by-sarah-rib-knit-wrap-dress-cozy-elegance\/","name":"FEESTIVE KOLLEKTION BY Sarah - Rib Knit Wrap Dress \u2013 Cozy Elegance","isPartOf":{"@id":"https:\/\/www.lookforward.at\/#website"},"primaryImageOfPage":{"@id":"https:\/\/www.lookforward.at\/produkt\/feestive-kollektion-by-sarah-rib-knit-wrap-dress-cozy-elegance\/#primaryimage"},"image":{"@id":"https:\/\/www.lookforward.at\/produkt\/feestive-kollektion-by-sarah-rib-knit-wrap-dress-cozy-elegance\/#primaryimage"},"thumbnailUrl":"https:\/\/www.lookforward.at\/wp-content\/uploads\/2025\/11\/image00011-1-scaled.jpeg","datePublished":"2025-11-12T17:44:34+00:00","dateModified":"2026-02-26T08:10:56+00:00","breadcrumb":{"@id":"https:\/\/www.lookforward.at\/produkt\/feestive-kollektion-by-sarah-rib-knit-wrap-dress-cozy-elegance\/#breadcrumb"},"inLanguage":"en-US","potentialAction":[{"@type":"ReadAction","target":["https:\/\/www.lookforward.at\/produkt\/feestive-kollektion-by-sarah-rib-knit-wrap-dress-cozy-elegance\/"]}]},{"@type":"ImageObject","inLanguage":"en-US","@id":"https:\/\/www.lookforward.at\/produkt\/feestive-kollektion-by-sarah-rib-knit-wrap-dress-cozy-elegance\/#primaryimage","url":"https:\/\/www.lookforward.at\/wp-content\/uploads\/2025\/11\/image00011-1-scaled.jpeg","contentUrl":"https:\/\/www.lookforward.at\/wp-content\/uploads\/2025\/11\/image00011-1-scaled.jpeg","width":1920,"height":2560},{"@type":"BreadcrumbList","@id":"https:\/\/www.lookforward.at\/produkt\/feestive-kollektion-by-sarah-rib-knit-wrap-dress-cozy-elegance\/#breadcrumb","itemListElement":[{"@type":"ListItem","position":1,"name":"Startseite","item":"https:\/\/www.lookforward.at\/"},{"@type":"ListItem","position":2,"name":"Shop","item":"https:\/\/www.lookforward.at\/shop\/"},{"@type":"ListItem","position":3,"name":"FEESTIVE KOLLEKTION BY Sarah &#8211; Rib Knit Wrap Dress \u2013 Cozy Elegance"}]},{"@type":"WebSite","@id":"https:\/\/www.lookforward.at\/#website","url":"https:\/\/www.lookforward.at\/","name":"lookforward Shop","description":"Der neue Shop f\u00fcr Fashion, Lifestyle, Family, Food and Beauty.","publisher":{"@id":"https:\/\/www.lookforward.at\/#organization"},"potentialAction":[{"@type":"SearchAction","target":{"@type":"EntryPoint","urlTemplate":"https:\/\/www.lookforward.at\/?s={search_term_string}"},"query-input":{"@type":"PropertyValueSpecification","valueRequired":true,"valueName":"search_term_string"}}],"inLanguage":"en-US"},{"@type":"Organization","@id":"https:\/\/www.lookforward.at\/#organization","name":"KB lookforward","url":"https:\/\/www.lookforward.at\/","logo":{"@type":"ImageObject","inLanguage":"en-US","@id":"https:\/\/www.lookforward.at\/#\/schema\/logo\/image\/","url":"https:\/\/www.lookforward.at\/wp-content\/uploads\/2023\/10\/Icon-KB.svg","contentUrl":"https:\/\/www.lookforward.at\/wp-content\/uploads\/2023\/10\/Icon-KB.svg","caption":"KB lookforward"},"image":{"@id":"https:\/\/www.lookforward.at\/#\/schema\/logo\/image\/"}}]}},"_links":{"self":[{"href":"https:\/\/www.lookforward.at\/en\/wp-json\/wp\/v2\/product\/152455","targetHints":{"allow":["GET"]}}],"collection":[{"href":"https:\/\/www.lookforward.at\/en\/wp-json\/wp\/v2\/product"}],"about":[{"href":"https:\/\/www.lookforward.at\/en\/wp-json\/wp\/v2\/types\/product"}],"wp:featuredmedia":[{"embeddable":true,"href":"https:\/\/www.lookforward.at\/en\/wp-json\/wp\/v2\/media\/152419"}],"wp:attachment":[{"href":"https:\/\/www.lookforward.at\/en\/wp-json\/wp\/v2\/media?parent=152455"}],"wp:term":[{"taxonomy":"product_brand","embeddable":true,"href":"https:\/\/www.lookforward.at\/en\/wp-json\/wp\/v2\/product_brand?post=152455"},{"taxonomy":"product_cat","embeddable":true,"href":"https:\/\/www.lookforward.at\/en\/wp-json\/wp\/v2\/product_cat?post=152455"},{"taxonomy":"product_tag","embeddable":true,"href":"https:\/\/www.lookforward.at\/en\/wp-json\/wp\/v2\/product_tag?post=152455"}],"curies":[{"name":"wp","href":"https:\/\/api.w.org\/{rel}","templated":true}]}}