{"id":152684,"date":"2025-11-23T01:04:23","date_gmt":"2025-11-23T00:04:23","guid":{"rendered":"https:\/\/www.lookforward.at\/?post_type=product&#038;p=152684"},"modified":"2026-02-23T17:02:00","modified_gmt":"2026-02-23T16:02:00","slug":"limited-black-week-kollektion-chiffon-glitter-blouse","status":"publish","type":"product","link":"https:\/\/www.lookforward.at\/en\/produkt\/limited-black-week-kollektion-chiffon-glitter-blouse\/","title":{"rendered":"Limited Black Week Kollektion \u2013 Chiffon Glitter Blouse"},"content":{"rendered":"","protected":false},"excerpt":{"rendered":"<div><b>Limited Black Week Kollektion \u2013 Chiffon Glitter Blouse<\/b><\/div>\n<div><\/div>\n<div>Zart, verspielt und mit einem Hauch Magie \u2013 diese Chiffon-Bluse verleiht jedem Look besonderen Glanz. Das feine, leicht transparente Material f\u00e4llt luftig und bringt durch die dezenten, funkelnden Punkte einen eleganten Schimmer mit sich.<\/div>\n<div><\/div>\n<div>Der weich geraffte Ausschnitt mit Bindeband sorgt f\u00fcr feminine Leichtigkeit, w\u00e4hrend die gerafften Abschl\u00fcsse an \u00c4rmeln und Saum der Bluse ihre wundersch\u00f6ne, flie\u00dfende Form verleihen.<\/div>\n<div><\/div>\n<div>Perfekt f\u00fcr Festtage, Dinnerdates oder um Alltagslooks eine edle Note zu geben \u2013 ein wahrer Blickfang in deiner Wintergarderobe.<\/div>\n<div><\/div>\n<div><b>Material:<\/b> 95 % Polyester, 5 % Elasthan<\/div>\n<div><b>Passform:<\/b> Locker &#038; leicht fallend<\/div>\n<div><b>Details:<\/b> Schimmernde Glitzerpunkte, Bindeband am Ausschnitt, transparente \u00c4rmel, elastischer Saum &#038; \u00c4rmelabschl\u00fcsse<\/div>\n<div><b>Pflege:<\/b> Schonwaschgang 30 \u00b0C<\/div>\n<div><\/div>\n<div>Erh\u00e4ltlich in <b>Schwarz<\/b>, <b>Braun<\/b> und <b>Weinrot<\/b> \u2013 drei elegante Farben, die jedem Outfit sofort Glamour verleihen. \u2728\ud83d\udda4\ud83e\udd0e\ud83c\udf77<\/div>\n<div><\/div>\n","protected":false},"featured_media":152574,"template":"","meta":{"inline_featured_image":false},"product_brand":[],"product_cat":[431],"product_tag":[],"class_list":{"0":"post-152684","1":"product","2":"type-product","3":"status-publish","4":"has-post-thumbnail","6":"product_cat-blusen","8":"first","9":"onbackorder","10":"taxable","11":"shipping-taxable","12":"purchasable","13":"product-type-variable"},"bundled_by":[],"bundle_stock_status":"onbackorder","bundle_stock_quantity":null,"bundle_virtual":false,"bundle_layout":"","bundle_add_to_cart_form_location":"","bundle_editable_in_cart":false,"bundle_sold_individually_context":"","bundle_item_grouping":"","bundle_min_size":"","bundle_max_size":"","bundle_price":[],"bundled_items":[],"bundle_sell_ids":[],"yoast_head":"<!-- This site is optimized with the Yoast SEO plugin v26.5 - https:\/\/yoast.com\/wordpress\/plugins\/seo\/ -->\n<title>Limited Black Week Kollektion \u2013 Chiffon Glitter Blouse<\/title>\n<meta name=\"robots\" content=\"index, follow, max-snippet:-1, max-image-preview:large, max-video-preview:-1\" \/>\n<link rel=\"canonical\" href=\"https:\/\/www.lookforward.at\/en\/produkt\/limited-black-week-kollektion-chiffon-glitter-blouse\/\" \/>\n<meta property=\"og:locale\" content=\"en_US\" \/>\n<meta property=\"og:locale:alternate\" content=\"de_DE\" \/>\n<meta property=\"og:type\" content=\"article\" \/>\n<meta property=\"og:title\" content=\"Limited Black Week Kollektion \u2013 Chiffon Glitter Blouse\" \/>\n<meta property=\"og:description\" content=\"Limited Black Week Kollektion \u2013 Chiffon Glitter Blouse  Zart, verspielt und mit einem Hauch Magie \u2013 diese Chiffon-Bluse verleiht jedem Look besonderen Glanz. Das feine, leicht transparente Material f\u00e4llt luftig und bringt durch die dezenten, funkelnden Punkte einen eleganten Schimmer mit sich.  Der weich geraffte Ausschnitt mit Bindeband sorgt f\u00fcr feminine Leichtigkeit, w\u00e4hrend die gerafften Abschl\u00fcsse an \u00c4rmeln und Saum der Bluse ihre wundersch\u00f6ne, flie\u00dfende Form verleihen.  Perfekt f\u00fcr Festtage, Dinnerdates oder um Alltagslooks eine edle Note zu geben \u2013 ein wahrer Blickfang in deiner Wintergarderobe.  Material: 95 % Polyester, 5 % Elasthan Passform: Locker &amp; leicht fallend Details: Schimmernde Glitzerpunkte, Bindeband am Ausschnitt, transparente \u00c4rmel, elastischer Saum &amp; \u00c4rmelabschl\u00fcsse Pflege: Schonwaschgang 30 \u00b0C  Erh\u00e4ltlich in Schwarz, Braun und Weinrot \u2013 drei elegante Farben, die jedem Outfit sofort Glamour verleihen. \u2728\ud83d\udda4\ud83e\udd0e\ud83c\udf77\" \/>\n<meta property=\"og:url\" content=\"https:\/\/www.lookforward.at\/en\/produkt\/limited-black-week-kollektion-chiffon-glitter-blouse\/\" \/>\n<meta property=\"og:site_name\" content=\"lookforward Shop\" \/>\n<meta property=\"article:modified_time\" content=\"2026-02-23T16:02:00+00:00\" \/>\n<meta property=\"og:image\" content=\"https:\/\/www.lookforward.at\/wp-content\/uploads\/2025\/11\/image00024-1-scaled.jpeg\" \/>\n\t<meta property=\"og:image:width\" content=\"1920\" \/>\n\t<meta property=\"og:image:height\" content=\"2560\" \/>\n\t<meta property=\"og:image:type\" content=\"image\/jpeg\" \/>\n<meta name=\"twitter:card\" content=\"summary_large_image\" \/>\n<meta name=\"twitter:label1\" content=\"Est. reading time\" \/>\n\t<meta name=\"twitter:data1\" content=\"1 minute\" \/>\n<script type=\"application\/ld+json\" class=\"yoast-schema-graph\">{\"@context\":\"https:\/\/schema.org\",\"@graph\":[{\"@type\":\"WebPage\",\"@id\":\"https:\/\/www.lookforward.at\/produkt\/limited-black-week-kollektion-chiffon-glitter-blouse\/\",\"url\":\"https:\/\/www.lookforward.at\/produkt\/limited-black-week-kollektion-chiffon-glitter-blouse\/\",\"name\":\"Limited Black Week Kollektion \u2013 Chiffon Glitter Blouse\",\"isPartOf\":{\"@id\":\"https:\/\/www.lookforward.at\/#website\"},\"primaryImageOfPage\":{\"@id\":\"https:\/\/www.lookforward.at\/produkt\/limited-black-week-kollektion-chiffon-glitter-blouse\/#primaryimage\"},\"image\":{\"@id\":\"https:\/\/www.lookforward.at\/produkt\/limited-black-week-kollektion-chiffon-glitter-blouse\/#primaryimage\"},\"thumbnailUrl\":\"https:\/\/www.lookforward.at\/wp-content\/uploads\/2025\/11\/image00024-1-scaled.jpeg\",\"datePublished\":\"2025-11-23T00:04:23+00:00\",\"dateModified\":\"2026-02-23T16:02:00+00:00\",\"breadcrumb\":{\"@id\":\"https:\/\/www.lookforward.at\/produkt\/limited-black-week-kollektion-chiffon-glitter-blouse\/#breadcrumb\"},\"inLanguage\":\"en-US\",\"potentialAction\":[{\"@type\":\"ReadAction\",\"target\":[\"https:\/\/www.lookforward.at\/produkt\/limited-black-week-kollektion-chiffon-glitter-blouse\/\"]}]},{\"@type\":\"ImageObject\",\"inLanguage\":\"en-US\",\"@id\":\"https:\/\/www.lookforward.at\/produkt\/limited-black-week-kollektion-chiffon-glitter-blouse\/#primaryimage\",\"url\":\"https:\/\/www.lookforward.at\/wp-content\/uploads\/2025\/11\/image00024-1-scaled.jpeg\",\"contentUrl\":\"https:\/\/www.lookforward.at\/wp-content\/uploads\/2025\/11\/image00024-1-scaled.jpeg\",\"width\":1920,\"height\":2560},{\"@type\":\"BreadcrumbList\",\"@id\":\"https:\/\/www.lookforward.at\/produkt\/limited-black-week-kollektion-chiffon-glitter-blouse\/#breadcrumb\",\"itemListElement\":[{\"@type\":\"ListItem\",\"position\":1,\"name\":\"Startseite\",\"item\":\"https:\/\/www.lookforward.at\/\"},{\"@type\":\"ListItem\",\"position\":2,\"name\":\"Shop\",\"item\":\"https:\/\/www.lookforward.at\/shop\/\"},{\"@type\":\"ListItem\",\"position\":3,\"name\":\"Limited Black Week Kollektion \u2013 Chiffon Glitter Blouse\"}]},{\"@type\":\"WebSite\",\"@id\":\"https:\/\/www.lookforward.at\/#website\",\"url\":\"https:\/\/www.lookforward.at\/\",\"name\":\"lookforward Shop\",\"description\":\"Der neue Shop f\u00fcr Fashion, Lifestyle, Family, Food and Beauty.\",\"publisher\":{\"@id\":\"https:\/\/www.lookforward.at\/#organization\"},\"potentialAction\":[{\"@type\":\"SearchAction\",\"target\":{\"@type\":\"EntryPoint\",\"urlTemplate\":\"https:\/\/www.lookforward.at\/?s={search_term_string}\"},\"query-input\":{\"@type\":\"PropertyValueSpecification\",\"valueRequired\":true,\"valueName\":\"search_term_string\"}}],\"inLanguage\":\"en-US\"},{\"@type\":\"Organization\",\"@id\":\"https:\/\/www.lookforward.at\/#organization\",\"name\":\"KB lookforward\",\"url\":\"https:\/\/www.lookforward.at\/\",\"logo\":{\"@type\":\"ImageObject\",\"inLanguage\":\"en-US\",\"@id\":\"https:\/\/www.lookforward.at\/#\/schema\/logo\/image\/\",\"url\":\"https:\/\/www.lookforward.at\/wp-content\/uploads\/2023\/10\/Icon-KB.svg\",\"contentUrl\":\"https:\/\/www.lookforward.at\/wp-content\/uploads\/2023\/10\/Icon-KB.svg\",\"caption\":\"KB lookforward\"},\"image\":{\"@id\":\"https:\/\/www.lookforward.at\/#\/schema\/logo\/image\/\"}}]}<\/script>\n<!-- \/ Yoast SEO plugin. -->","yoast_head_json":{"title":"Limited Black Week Kollektion \u2013 Chiffon Glitter Blouse","robots":{"index":"index","follow":"follow","max-snippet":"max-snippet:-1","max-image-preview":"max-image-preview:large","max-video-preview":"max-video-preview:-1"},"canonical":"https:\/\/www.lookforward.at\/en\/produkt\/limited-black-week-kollektion-chiffon-glitter-blouse\/","og_locale":"en_US","og_type":"article","og_title":"[:de]Limited Black Week Kollektion \u2013 Chiffon Glitter Blouse[:] - lookforward Shop","og_description":"Limited Black Week Kollektion \u2013 Chiffon Glitter Blouse  Zart, verspielt und mit einem Hauch Magie \u2013 diese Chiffon-Bluse verleiht jedem Look besonderen Glanz. Das feine, leicht transparente Material f\u00e4llt luftig und bringt durch die dezenten, funkelnden Punkte einen eleganten Schimmer mit sich.  Der weich geraffte Ausschnitt mit Bindeband sorgt f\u00fcr feminine Leichtigkeit, w\u00e4hrend die gerafften Abschl\u00fcsse an \u00c4rmeln und Saum der Bluse ihre wundersch\u00f6ne, flie\u00dfende Form verleihen.  Perfekt f\u00fcr Festtage, Dinnerdates oder um Alltagslooks eine edle Note zu geben \u2013 ein wahrer Blickfang in deiner Wintergarderobe.  Material: 95 % Polyester, 5 % Elasthan Passform: Locker & leicht fallend Details: Schimmernde Glitzerpunkte, Bindeband am Ausschnitt, transparente \u00c4rmel, elastischer Saum & \u00c4rmelabschl\u00fcsse Pflege: Schonwaschgang 30 \u00b0C  Erh\u00e4ltlich in Schwarz, Braun und Weinrot \u2013 drei elegante Farben, die jedem Outfit sofort Glamour verleihen. \u2728\ud83d\udda4\ud83e\udd0e\ud83c\udf77","og_url":"https:\/\/www.lookforward.at\/en\/produkt\/limited-black-week-kollektion-chiffon-glitter-blouse\/","og_site_name":"lookforward Shop","article_modified_time":"2026-02-23T16:02:00+00:00","og_image":[{"width":1920,"height":2560,"url":"https:\/\/www.lookforward.at\/wp-content\/uploads\/2025\/11\/image00024-1-scaled.jpeg","type":"image\/jpeg"}],"twitter_card":"summary_large_image","twitter_misc":{"Est. reading time":"1 minute"},"schema":{"@context":"https:\/\/schema.org","@graph":[{"@type":"WebPage","@id":"https:\/\/www.lookforward.at\/produkt\/limited-black-week-kollektion-chiffon-glitter-blouse\/","url":"https:\/\/www.lookforward.at\/produkt\/limited-black-week-kollektion-chiffon-glitter-blouse\/","name":"Limited Black Week Kollektion \u2013 Chiffon Glitter Blouse","isPartOf":{"@id":"https:\/\/www.lookforward.at\/#website"},"primaryImageOfPage":{"@id":"https:\/\/www.lookforward.at\/produkt\/limited-black-week-kollektion-chiffon-glitter-blouse\/#primaryimage"},"image":{"@id":"https:\/\/www.lookforward.at\/produkt\/limited-black-week-kollektion-chiffon-glitter-blouse\/#primaryimage"},"thumbnailUrl":"https:\/\/www.lookforward.at\/wp-content\/uploads\/2025\/11\/image00024-1-scaled.jpeg","datePublished":"2025-11-23T00:04:23+00:00","dateModified":"2026-02-23T16:02:00+00:00","breadcrumb":{"@id":"https:\/\/www.lookforward.at\/produkt\/limited-black-week-kollektion-chiffon-glitter-blouse\/#breadcrumb"},"inLanguage":"en-US","potentialAction":[{"@type":"ReadAction","target":["https:\/\/www.lookforward.at\/produkt\/limited-black-week-kollektion-chiffon-glitter-blouse\/"]}]},{"@type":"ImageObject","inLanguage":"en-US","@id":"https:\/\/www.lookforward.at\/produkt\/limited-black-week-kollektion-chiffon-glitter-blouse\/#primaryimage","url":"https:\/\/www.lookforward.at\/wp-content\/uploads\/2025\/11\/image00024-1-scaled.jpeg","contentUrl":"https:\/\/www.lookforward.at\/wp-content\/uploads\/2025\/11\/image00024-1-scaled.jpeg","width":1920,"height":2560},{"@type":"BreadcrumbList","@id":"https:\/\/www.lookforward.at\/produkt\/limited-black-week-kollektion-chiffon-glitter-blouse\/#breadcrumb","itemListElement":[{"@type":"ListItem","position":1,"name":"Startseite","item":"https:\/\/www.lookforward.at\/"},{"@type":"ListItem","position":2,"name":"Shop","item":"https:\/\/www.lookforward.at\/shop\/"},{"@type":"ListItem","position":3,"name":"Limited Black Week Kollektion \u2013 Chiffon Glitter Blouse"}]},{"@type":"WebSite","@id":"https:\/\/www.lookforward.at\/#website","url":"https:\/\/www.lookforward.at\/","name":"lookforward Shop","description":"Der neue Shop f\u00fcr Fashion, Lifestyle, Family, Food and Beauty.","publisher":{"@id":"https:\/\/www.lookforward.at\/#organization"},"potentialAction":[{"@type":"SearchAction","target":{"@type":"EntryPoint","urlTemplate":"https:\/\/www.lookforward.at\/?s={search_term_string}"},"query-input":{"@type":"PropertyValueSpecification","valueRequired":true,"valueName":"search_term_string"}}],"inLanguage":"en-US"},{"@type":"Organization","@id":"https:\/\/www.lookforward.at\/#organization","name":"KB lookforward","url":"https:\/\/www.lookforward.at\/","logo":{"@type":"ImageObject","inLanguage":"en-US","@id":"https:\/\/www.lookforward.at\/#\/schema\/logo\/image\/","url":"https:\/\/www.lookforward.at\/wp-content\/uploads\/2023\/10\/Icon-KB.svg","contentUrl":"https:\/\/www.lookforward.at\/wp-content\/uploads\/2023\/10\/Icon-KB.svg","caption":"KB lookforward"},"image":{"@id":"https:\/\/www.lookforward.at\/#\/schema\/logo\/image\/"}}]}},"_links":{"self":[{"href":"https:\/\/www.lookforward.at\/en\/wp-json\/wp\/v2\/product\/152684","targetHints":{"allow":["GET"]}}],"collection":[{"href":"https:\/\/www.lookforward.at\/en\/wp-json\/wp\/v2\/product"}],"about":[{"href":"https:\/\/www.lookforward.at\/en\/wp-json\/wp\/v2\/types\/product"}],"wp:featuredmedia":[{"embeddable":true,"href":"https:\/\/www.lookforward.at\/en\/wp-json\/wp\/v2\/media\/152574"}],"wp:attachment":[{"href":"https:\/\/www.lookforward.at\/en\/wp-json\/wp\/v2\/media?parent=152684"}],"wp:term":[{"taxonomy":"product_brand","embeddable":true,"href":"https:\/\/www.lookforward.at\/en\/wp-json\/wp\/v2\/product_brand?post=152684"},{"taxonomy":"product_cat","embeddable":true,"href":"https:\/\/www.lookforward.at\/en\/wp-json\/wp\/v2\/product_cat?post=152684"},{"taxonomy":"product_tag","embeddable":true,"href":"https:\/\/www.lookforward.at\/en\/wp-json\/wp\/v2\/product_tag?post=152684"}],"curies":[{"name":"wp","href":"https:\/\/api.w.org\/{rel}","templated":true}]}}