{"id":152687,"date":"2025-11-23T01:09:29","date_gmt":"2025-11-23T00:09:29","guid":{"rendered":"https:\/\/www.lookforward.at\/?post_type=product&#038;p=152687"},"modified":"2026-02-06T10:49:37","modified_gmt":"2026-02-06T09:49:37","slug":"limited-black-week-kollektion-chunky-open-knit-pullover","status":"publish","type":"product","link":"https:\/\/www.lookforward.at\/en\/produkt\/limited-black-week-kollektion-chunky-open-knit-pullover\/","title":{"rendered":"Limited Black Week Kollektion \u2013 Chunky Open Knit Pullover"},"content":{"rendered":"","protected":false},"excerpt":{"rendered":"<div><b>Limited Black Week Kollektion \u2013 Chunky Open Knit Pullover<\/b><\/div>\n<div><\/div>\n<div>Weich, cozy und wunderbar l\u00e4ssig \u2013 dieser grob gestrickte Pullover ist das perfekte It-Piece f\u00fcr entspannte Tage und stylische Wintermomente. Der offene Lochstrick verleiht ihm eine luftige Struktur, w\u00e4hrend die hochwertige Garnmischung f\u00fcr ein besonders angenehmes, sanftes Tragegef\u00fchl sorgt.<\/div>\n<div><\/div>\n<div>Die weit geschnittenen Ballon\u00e4rmel und der locker fallende, leicht runde Saum formen eine moderne Oversize-Silhouette, die jedes Outfit effortlessly chic macht. Ob \u00fcber Longsleeves, Tops oder Kleidern \u2013 dieses Layering-Piece bringt W\u00e4rme und Style in deine Wintergarderobe.<\/div>\n<div><\/div>\n<div><b>Material:<\/b> 56 % Acryl, 7 % Wolle, 30 % Viskose, 7 % Nylon<\/div>\n<div><b>Passform:<\/b> One Size (passend von 36\u201344)<\/div>\n<div><b>Details:<\/b> Gro\u00dfer Lochstrick, moderne Ballon\u00e4rmel, runder Fall, superweiche Textur<\/div>\n<div><b>Pflege:<\/b> Schonwaschgang 30 \u00b0C<\/div>\n<div><\/div>\n<div>Erh\u00e4ltlich in <b>Beige<\/b>, <b>Schwarz<\/b>, <b>Weinrot<\/b> und <b>Dunkelbraun<\/b> \u2013 vier warme, trendige Wintert\u00f6ne, die jedes Outfit aufwerten. \ud83e\udd0e\ud83d\udda4\ud83c\udf77\u2728<\/div>\n<div><\/div>\n","protected":false},"featured_media":152553,"template":"","meta":{"inline_featured_image":false},"product_brand":[],"product_cat":[479,59],"product_tag":[],"class_list":{"0":"post-152687","1":"product","2":"type-product","3":"status-publish","4":"has-post-thumbnail","6":"product_cat-pre-fall-kollektion","7":"product_cat-pullover","9":"first","10":"onbackorder","11":"taxable","12":"shipping-taxable","13":"purchasable","14":"product-type-variable"},"bundled_by":[],"bundle_stock_status":"onbackorder","bundle_stock_quantity":null,"bundle_virtual":false,"bundle_layout":"","bundle_add_to_cart_form_location":"","bundle_editable_in_cart":false,"bundle_sold_individually_context":"","bundle_item_grouping":"","bundle_min_size":"","bundle_max_size":"","bundle_price":[],"bundled_items":[],"bundle_sell_ids":[],"yoast_head":"<!-- This site is optimized with the Yoast SEO plugin v26.5 - https:\/\/yoast.com\/wordpress\/plugins\/seo\/ -->\n<title>Limited Black Week Kollektion \u2013 Chunky Open Knit Pullover<\/title>\n<meta name=\"robots\" content=\"index, follow, max-snippet:-1, max-image-preview:large, max-video-preview:-1\" \/>\n<link rel=\"canonical\" href=\"https:\/\/www.lookforward.at\/en\/produkt\/limited-black-week-kollektion-chunky-open-knit-pullover\/\" \/>\n<meta property=\"og:locale\" content=\"en_US\" \/>\n<meta property=\"og:locale:alternate\" content=\"de_DE\" \/>\n<meta property=\"og:type\" content=\"article\" \/>\n<meta property=\"og:title\" content=\"Limited Black Week Kollektion \u2013 Chunky Open Knit Pullover\" \/>\n<meta property=\"og:description\" content=\"Limited Black Week Kollektion \u2013 Chunky Open Knit Pullover  Weich, cozy und wunderbar l\u00e4ssig \u2013 dieser grob gestrickte Pullover ist das perfekte It-Piece f\u00fcr entspannte Tage und stylische Wintermomente. Der offene Lochstrick verleiht ihm eine luftige Struktur, w\u00e4hrend die hochwertige Garnmischung f\u00fcr ein besonders angenehmes, sanftes Tragegef\u00fchl sorgt.  Die weit geschnittenen Ballon\u00e4rmel und der locker fallende, leicht runde Saum formen eine moderne Oversize-Silhouette, die jedes Outfit effortlessly chic macht. Ob \u00fcber Longsleeves, Tops oder Kleidern \u2013 dieses Layering-Piece bringt W\u00e4rme und Style in deine Wintergarderobe.  Material: 56 % Acryl, 7 % Wolle, 30 % Viskose, 7 % Nylon Passform: One Size (passend von 36\u201344) Details: Gro\u00dfer Lochstrick, moderne Ballon\u00e4rmel, runder Fall, superweiche Textur Pflege: Schonwaschgang 30 \u00b0C  Erh\u00e4ltlich in Beige, Schwarz, Weinrot und Dunkelbraun \u2013 vier warme, trendige Wintert\u00f6ne, die jedes Outfit aufwerten. \ud83e\udd0e\ud83d\udda4\ud83c\udf77\u2728\" \/>\n<meta property=\"og:url\" content=\"https:\/\/www.lookforward.at\/en\/produkt\/limited-black-week-kollektion-chunky-open-knit-pullover\/\" \/>\n<meta property=\"og:site_name\" content=\"lookforward Shop\" \/>\n<meta property=\"article:modified_time\" content=\"2026-02-06T09:49:37+00:00\" \/>\n<meta property=\"og:image\" content=\"https:\/\/www.lookforward.at\/wp-content\/uploads\/2025\/11\/image00003-2-scaled.jpeg\" \/>\n\t<meta property=\"og:image:width\" content=\"1920\" \/>\n\t<meta property=\"og:image:height\" content=\"2560\" \/>\n\t<meta property=\"og:image:type\" content=\"image\/jpeg\" \/>\n<meta name=\"twitter:card\" content=\"summary_large_image\" \/>\n<meta name=\"twitter:label1\" content=\"Est. reading time\" \/>\n\t<meta name=\"twitter:data1\" content=\"1 minute\" \/>\n<script type=\"application\/ld+json\" class=\"yoast-schema-graph\">{\"@context\":\"https:\/\/schema.org\",\"@graph\":[{\"@type\":\"WebPage\",\"@id\":\"https:\/\/www.lookforward.at\/produkt\/limited-black-week-kollektion-chunky-open-knit-pullover\/\",\"url\":\"https:\/\/www.lookforward.at\/produkt\/limited-black-week-kollektion-chunky-open-knit-pullover\/\",\"name\":\"Limited Black Week Kollektion \u2013 Chunky Open Knit Pullover\",\"isPartOf\":{\"@id\":\"https:\/\/www.lookforward.at\/#website\"},\"primaryImageOfPage\":{\"@id\":\"https:\/\/www.lookforward.at\/produkt\/limited-black-week-kollektion-chunky-open-knit-pullover\/#primaryimage\"},\"image\":{\"@id\":\"https:\/\/www.lookforward.at\/produkt\/limited-black-week-kollektion-chunky-open-knit-pullover\/#primaryimage\"},\"thumbnailUrl\":\"https:\/\/www.lookforward.at\/wp-content\/uploads\/2025\/11\/image00003-2-scaled.jpeg\",\"datePublished\":\"2025-11-23T00:09:29+00:00\",\"dateModified\":\"2026-02-06T09:49:37+00:00\",\"breadcrumb\":{\"@id\":\"https:\/\/www.lookforward.at\/produkt\/limited-black-week-kollektion-chunky-open-knit-pullover\/#breadcrumb\"},\"inLanguage\":\"en-US\",\"potentialAction\":[{\"@type\":\"ReadAction\",\"target\":[\"https:\/\/www.lookforward.at\/produkt\/limited-black-week-kollektion-chunky-open-knit-pullover\/\"]}]},{\"@type\":\"ImageObject\",\"inLanguage\":\"en-US\",\"@id\":\"https:\/\/www.lookforward.at\/produkt\/limited-black-week-kollektion-chunky-open-knit-pullover\/#primaryimage\",\"url\":\"https:\/\/www.lookforward.at\/wp-content\/uploads\/2025\/11\/image00003-2-scaled.jpeg\",\"contentUrl\":\"https:\/\/www.lookforward.at\/wp-content\/uploads\/2025\/11\/image00003-2-scaled.jpeg\",\"width\":1920,\"height\":2560},{\"@type\":\"BreadcrumbList\",\"@id\":\"https:\/\/www.lookforward.at\/produkt\/limited-black-week-kollektion-chunky-open-knit-pullover\/#breadcrumb\",\"itemListElement\":[{\"@type\":\"ListItem\",\"position\":1,\"name\":\"Startseite\",\"item\":\"https:\/\/www.lookforward.at\/\"},{\"@type\":\"ListItem\",\"position\":2,\"name\":\"Shop\",\"item\":\"https:\/\/www.lookforward.at\/shop\/\"},{\"@type\":\"ListItem\",\"position\":3,\"name\":\"Limited Black Week Kollektion \u2013 Chunky Open Knit Pullover\"}]},{\"@type\":\"WebSite\",\"@id\":\"https:\/\/www.lookforward.at\/#website\",\"url\":\"https:\/\/www.lookforward.at\/\",\"name\":\"lookforward Shop\",\"description\":\"Der neue Shop f\u00fcr Fashion, Lifestyle, Family, Food and Beauty.\",\"publisher\":{\"@id\":\"https:\/\/www.lookforward.at\/#organization\"},\"potentialAction\":[{\"@type\":\"SearchAction\",\"target\":{\"@type\":\"EntryPoint\",\"urlTemplate\":\"https:\/\/www.lookforward.at\/?s={search_term_string}\"},\"query-input\":{\"@type\":\"PropertyValueSpecification\",\"valueRequired\":true,\"valueName\":\"search_term_string\"}}],\"inLanguage\":\"en-US\"},{\"@type\":\"Organization\",\"@id\":\"https:\/\/www.lookforward.at\/#organization\",\"name\":\"KB lookforward\",\"url\":\"https:\/\/www.lookforward.at\/\",\"logo\":{\"@type\":\"ImageObject\",\"inLanguage\":\"en-US\",\"@id\":\"https:\/\/www.lookforward.at\/#\/schema\/logo\/image\/\",\"url\":\"https:\/\/www.lookforward.at\/wp-content\/uploads\/2023\/10\/Icon-KB.svg\",\"contentUrl\":\"https:\/\/www.lookforward.at\/wp-content\/uploads\/2023\/10\/Icon-KB.svg\",\"caption\":\"KB lookforward\"},\"image\":{\"@id\":\"https:\/\/www.lookforward.at\/#\/schema\/logo\/image\/\"}}]}<\/script>\n<!-- \/ Yoast SEO plugin. -->","yoast_head_json":{"title":"Limited Black Week Kollektion \u2013 Chunky Open Knit Pullover","robots":{"index":"index","follow":"follow","max-snippet":"max-snippet:-1","max-image-preview":"max-image-preview:large","max-video-preview":"max-video-preview:-1"},"canonical":"https:\/\/www.lookforward.at\/en\/produkt\/limited-black-week-kollektion-chunky-open-knit-pullover\/","og_locale":"en_US","og_type":"article","og_title":"[:de]Limited Black Week Kollektion \u2013 Chunky Open Knit Pullover[:] - lookforward Shop","og_description":"Limited Black Week Kollektion \u2013 Chunky Open Knit Pullover  Weich, cozy und wunderbar l\u00e4ssig \u2013 dieser grob gestrickte Pullover ist das perfekte It-Piece f\u00fcr entspannte Tage und stylische Wintermomente. Der offene Lochstrick verleiht ihm eine luftige Struktur, w\u00e4hrend die hochwertige Garnmischung f\u00fcr ein besonders angenehmes, sanftes Tragegef\u00fchl sorgt.  Die weit geschnittenen Ballon\u00e4rmel und der locker fallende, leicht runde Saum formen eine moderne Oversize-Silhouette, die jedes Outfit effortlessly chic macht. Ob \u00fcber Longsleeves, Tops oder Kleidern \u2013 dieses Layering-Piece bringt W\u00e4rme und Style in deine Wintergarderobe.  Material: 56 % Acryl, 7 % Wolle, 30 % Viskose, 7 % Nylon Passform: One Size (passend von 36\u201344) Details: Gro\u00dfer Lochstrick, moderne Ballon\u00e4rmel, runder Fall, superweiche Textur Pflege: Schonwaschgang 30 \u00b0C  Erh\u00e4ltlich in Beige, Schwarz, Weinrot und Dunkelbraun \u2013 vier warme, trendige Wintert\u00f6ne, die jedes Outfit aufwerten. \ud83e\udd0e\ud83d\udda4\ud83c\udf77\u2728","og_url":"https:\/\/www.lookforward.at\/en\/produkt\/limited-black-week-kollektion-chunky-open-knit-pullover\/","og_site_name":"lookforward Shop","article_modified_time":"2026-02-06T09:49:37+00:00","og_image":[{"width":1920,"height":2560,"url":"https:\/\/www.lookforward.at\/wp-content\/uploads\/2025\/11\/image00003-2-scaled.jpeg","type":"image\/jpeg"}],"twitter_card":"summary_large_image","twitter_misc":{"Est. reading time":"1 minute"},"schema":{"@context":"https:\/\/schema.org","@graph":[{"@type":"WebPage","@id":"https:\/\/www.lookforward.at\/produkt\/limited-black-week-kollektion-chunky-open-knit-pullover\/","url":"https:\/\/www.lookforward.at\/produkt\/limited-black-week-kollektion-chunky-open-knit-pullover\/","name":"Limited Black Week Kollektion \u2013 Chunky Open Knit Pullover","isPartOf":{"@id":"https:\/\/www.lookforward.at\/#website"},"primaryImageOfPage":{"@id":"https:\/\/www.lookforward.at\/produkt\/limited-black-week-kollektion-chunky-open-knit-pullover\/#primaryimage"},"image":{"@id":"https:\/\/www.lookforward.at\/produkt\/limited-black-week-kollektion-chunky-open-knit-pullover\/#primaryimage"},"thumbnailUrl":"https:\/\/www.lookforward.at\/wp-content\/uploads\/2025\/11\/image00003-2-scaled.jpeg","datePublished":"2025-11-23T00:09:29+00:00","dateModified":"2026-02-06T09:49:37+00:00","breadcrumb":{"@id":"https:\/\/www.lookforward.at\/produkt\/limited-black-week-kollektion-chunky-open-knit-pullover\/#breadcrumb"},"inLanguage":"en-US","potentialAction":[{"@type":"ReadAction","target":["https:\/\/www.lookforward.at\/produkt\/limited-black-week-kollektion-chunky-open-knit-pullover\/"]}]},{"@type":"ImageObject","inLanguage":"en-US","@id":"https:\/\/www.lookforward.at\/produkt\/limited-black-week-kollektion-chunky-open-knit-pullover\/#primaryimage","url":"https:\/\/www.lookforward.at\/wp-content\/uploads\/2025\/11\/image00003-2-scaled.jpeg","contentUrl":"https:\/\/www.lookforward.at\/wp-content\/uploads\/2025\/11\/image00003-2-scaled.jpeg","width":1920,"height":2560},{"@type":"BreadcrumbList","@id":"https:\/\/www.lookforward.at\/produkt\/limited-black-week-kollektion-chunky-open-knit-pullover\/#breadcrumb","itemListElement":[{"@type":"ListItem","position":1,"name":"Startseite","item":"https:\/\/www.lookforward.at\/"},{"@type":"ListItem","position":2,"name":"Shop","item":"https:\/\/www.lookforward.at\/shop\/"},{"@type":"ListItem","position":3,"name":"Limited Black Week Kollektion \u2013 Chunky Open Knit Pullover"}]},{"@type":"WebSite","@id":"https:\/\/www.lookforward.at\/#website","url":"https:\/\/www.lookforward.at\/","name":"lookforward Shop","description":"Der neue Shop f\u00fcr Fashion, Lifestyle, Family, Food and Beauty.","publisher":{"@id":"https:\/\/www.lookforward.at\/#organization"},"potentialAction":[{"@type":"SearchAction","target":{"@type":"EntryPoint","urlTemplate":"https:\/\/www.lookforward.at\/?s={search_term_string}"},"query-input":{"@type":"PropertyValueSpecification","valueRequired":true,"valueName":"search_term_string"}}],"inLanguage":"en-US"},{"@type":"Organization","@id":"https:\/\/www.lookforward.at\/#organization","name":"KB lookforward","url":"https:\/\/www.lookforward.at\/","logo":{"@type":"ImageObject","inLanguage":"en-US","@id":"https:\/\/www.lookforward.at\/#\/schema\/logo\/image\/","url":"https:\/\/www.lookforward.at\/wp-content\/uploads\/2023\/10\/Icon-KB.svg","contentUrl":"https:\/\/www.lookforward.at\/wp-content\/uploads\/2023\/10\/Icon-KB.svg","caption":"KB lookforward"},"image":{"@id":"https:\/\/www.lookforward.at\/#\/schema\/logo\/image\/"}}]}},"_links":{"self":[{"href":"https:\/\/www.lookforward.at\/en\/wp-json\/wp\/v2\/product\/152687","targetHints":{"allow":["GET"]}}],"collection":[{"href":"https:\/\/www.lookforward.at\/en\/wp-json\/wp\/v2\/product"}],"about":[{"href":"https:\/\/www.lookforward.at\/en\/wp-json\/wp\/v2\/types\/product"}],"wp:featuredmedia":[{"embeddable":true,"href":"https:\/\/www.lookforward.at\/en\/wp-json\/wp\/v2\/media\/152553"}],"wp:attachment":[{"href":"https:\/\/www.lookforward.at\/en\/wp-json\/wp\/v2\/media?parent=152687"}],"wp:term":[{"taxonomy":"product_brand","embeddable":true,"href":"https:\/\/www.lookforward.at\/en\/wp-json\/wp\/v2\/product_brand?post=152687"},{"taxonomy":"product_cat","embeddable":true,"href":"https:\/\/www.lookforward.at\/en\/wp-json\/wp\/v2\/product_cat?post=152687"},{"taxonomy":"product_tag","embeddable":true,"href":"https:\/\/www.lookforward.at\/en\/wp-json\/wp\/v2\/product_tag?post=152687"}],"curies":[{"name":"wp","href":"https:\/\/api.w.org\/{rel}","templated":true}]}}