{"id":152694,"date":"2025-11-23T01:13:05","date_gmt":"2025-11-23T00:13:05","guid":{"rendered":"https:\/\/www.lookforward.at\/?post_type=product&#038;p=152694"},"modified":"2026-03-30T10:57:42","modified_gmt":"2026-03-30T08:57:42","slug":"limited-black-week-kollektion-leopard-pleated-maxi-dress","status":"publish","type":"product","link":"https:\/\/www.lookforward.at\/en\/produkt\/limited-black-week-kollektion-leopard-pleated-maxi-dress\/","title":{"rendered":"Limited Black Week Kollektion \u2013 Leopard Pleated Maxi Dress"},"content":{"rendered":"","protected":false},"excerpt":{"rendered":"<div><b>Limited Black Week Kollektion \u2013 Leopard Pleated Maxi Dress<\/b><\/div>\n<div><\/div>\n<div>Auff\u00e4llig, feminin und absolut besonders \u2013 dieses Leopard-Maxi-Kleid ist ein echtes Highlight f\u00fcr alle, die Statement-Pieces lieben. Der flie\u00dfende Stoff umschmeichelt die Silhouette, w\u00e4hrend das ausdrucksstarke Animal-Print f\u00fcr eine stilvolle Portion Wildheit sorgt.<\/div>\n<div><\/div>\n<div>Das Oberteil mit Wickeloptik zaubert ein sch\u00f6nes Dekollet\u00e9, und der elastische Taillenbund mit passendem Bindeg\u00fcrtel betont die Figur auf nat\u00fcrliche Weise. Der plissierte Maxirock sorgt f\u00fcr elegante Bewegung bei jedem Schritt \u2013 ein echter Showstopper f\u00fcr Abendlooks, Events oder besondere Anl\u00e4sse.<\/div>\n<div><\/div>\n<div><b>Material:<\/b> 100 % Polyester<\/div>\n<div><b>Passform:<\/b> One Size (passend von 36\u201344)<\/div>\n<div><b>Details:<\/b> Wickeloptik, elastische Taille, Bindeg\u00fcrtel, plissierter Rock, Animal-Print<\/div>\n<div><b>Pflege:<\/b> Schonwaschgang 30 \u00b0C<\/div>\n<div><\/div>\n<div>Ein Kleid, das Mut macht, Spa\u00df macht und garantiert alle Blicke auf sich zieht. \ud83d\udc06\u2728<\/div>\n","protected":false},"featured_media":152622,"template":"","meta":{"inline_featured_image":false},"product_brand":[],"product_cat":[72],"product_tag":[],"class_list":{"0":"post-152694","1":"product","2":"type-product","3":"status-publish","4":"has-post-thumbnail","6":"product_cat-kleid","8":"first","9":"onbackorder","10":"taxable","11":"shipping-taxable","12":"purchasable","13":"product-type-simple"},"bundled_by":[],"bundle_stock_status":"onbackorder","bundle_stock_quantity":-5,"bundle_virtual":false,"bundle_layout":"","bundle_add_to_cart_form_location":"","bundle_editable_in_cart":false,"bundle_sold_individually_context":"","bundle_item_grouping":"","bundle_min_size":"","bundle_max_size":"","bundle_price":[],"bundled_items":[],"bundle_sell_ids":[],"yoast_head":"<!-- This site is optimized with the Yoast SEO plugin v26.5 - https:\/\/yoast.com\/wordpress\/plugins\/seo\/ -->\n<title>Limited Black Week Kollektion \u2013 Leopard Pleated Maxi Dress<\/title>\n<meta name=\"robots\" content=\"index, follow, max-snippet:-1, max-image-preview:large, max-video-preview:-1\" \/>\n<link rel=\"canonical\" href=\"https:\/\/www.lookforward.at\/en\/produkt\/limited-black-week-kollektion-leopard-pleated-maxi-dress\/\" \/>\n<meta property=\"og:locale\" content=\"en_US\" \/>\n<meta property=\"og:locale:alternate\" content=\"de_DE\" \/>\n<meta property=\"og:type\" content=\"article\" \/>\n<meta property=\"og:title\" content=\"Limited Black Week Kollektion \u2013 Leopard Pleated Maxi Dress\" \/>\n<meta property=\"og:description\" content=\"Limited Black Week Kollektion \u2013 Leopard Pleated Maxi Dress  Auff\u00e4llig, feminin und absolut besonders \u2013 dieses Leopard-Maxi-Kleid ist ein echtes Highlight f\u00fcr alle, die Statement-Pieces lieben. Der flie\u00dfende Stoff umschmeichelt die Silhouette, w\u00e4hrend das ausdrucksstarke Animal-Print f\u00fcr eine stilvolle Portion Wildheit sorgt.  Das Oberteil mit Wickeloptik zaubert ein sch\u00f6nes Dekollet\u00e9, und der elastische Taillenbund mit passendem Bindeg\u00fcrtel betont die Figur auf nat\u00fcrliche Weise. Der plissierte Maxirock sorgt f\u00fcr elegante Bewegung bei jedem Schritt \u2013 ein echter Showstopper f\u00fcr Abendlooks, Events oder besondere Anl\u00e4sse.  Material: 100 % Polyester Passform: One Size (passend von 36\u201344) Details: Wickeloptik, elastische Taille, Bindeg\u00fcrtel, plissierter Rock, Animal-Print Pflege: Schonwaschgang 30 \u00b0C  Ein Kleid, das Mut macht, Spa\u00df macht und garantiert alle Blicke auf sich zieht. \ud83d\udc06\u2728\" \/>\n<meta property=\"og:url\" content=\"https:\/\/www.lookforward.at\/en\/produkt\/limited-black-week-kollektion-leopard-pleated-maxi-dress\/\" \/>\n<meta property=\"og:site_name\" content=\"lookforward Shop\" \/>\n<meta property=\"article:modified_time\" content=\"2026-03-30T08:57:42+00:00\" \/>\n<meta property=\"og:image\" content=\"https:\/\/www.lookforward.at\/wp-content\/uploads\/2025\/11\/image00045-1-scaled.jpeg\" \/>\n\t<meta property=\"og:image:width\" content=\"1920\" \/>\n\t<meta property=\"og:image:height\" content=\"2560\" \/>\n\t<meta property=\"og:image:type\" content=\"image\/jpeg\" \/>\n<meta name=\"twitter:card\" content=\"summary_large_image\" \/>\n<meta name=\"twitter:label1\" content=\"Est. reading time\" \/>\n\t<meta name=\"twitter:data1\" content=\"1 minute\" \/>\n<script type=\"application\/ld+json\" class=\"yoast-schema-graph\">{\"@context\":\"https:\/\/schema.org\",\"@graph\":[{\"@type\":\"WebPage\",\"@id\":\"https:\/\/www.lookforward.at\/produkt\/limited-black-week-kollektion-leopard-pleated-maxi-dress\/\",\"url\":\"https:\/\/www.lookforward.at\/produkt\/limited-black-week-kollektion-leopard-pleated-maxi-dress\/\",\"name\":\"Limited Black Week Kollektion \u2013 Leopard Pleated Maxi Dress\",\"isPartOf\":{\"@id\":\"https:\/\/www.lookforward.at\/#website\"},\"primaryImageOfPage\":{\"@id\":\"https:\/\/www.lookforward.at\/produkt\/limited-black-week-kollektion-leopard-pleated-maxi-dress\/#primaryimage\"},\"image\":{\"@id\":\"https:\/\/www.lookforward.at\/produkt\/limited-black-week-kollektion-leopard-pleated-maxi-dress\/#primaryimage\"},\"thumbnailUrl\":\"https:\/\/www.lookforward.at\/wp-content\/uploads\/2025\/11\/image00045-1-scaled.jpeg\",\"datePublished\":\"2025-11-23T00:13:05+00:00\",\"dateModified\":\"2026-03-30T08:57:42+00:00\",\"breadcrumb\":{\"@id\":\"https:\/\/www.lookforward.at\/produkt\/limited-black-week-kollektion-leopard-pleated-maxi-dress\/#breadcrumb\"},\"inLanguage\":\"en-US\",\"potentialAction\":[{\"@type\":\"ReadAction\",\"target\":[\"https:\/\/www.lookforward.at\/produkt\/limited-black-week-kollektion-leopard-pleated-maxi-dress\/\"]}]},{\"@type\":\"ImageObject\",\"inLanguage\":\"en-US\",\"@id\":\"https:\/\/www.lookforward.at\/produkt\/limited-black-week-kollektion-leopard-pleated-maxi-dress\/#primaryimage\",\"url\":\"https:\/\/www.lookforward.at\/wp-content\/uploads\/2025\/11\/image00045-1-scaled.jpeg\",\"contentUrl\":\"https:\/\/www.lookforward.at\/wp-content\/uploads\/2025\/11\/image00045-1-scaled.jpeg\",\"width\":1920,\"height\":2560,\"caption\":\"Processed with VSCO with al3 preset\"},{\"@type\":\"BreadcrumbList\",\"@id\":\"https:\/\/www.lookforward.at\/produkt\/limited-black-week-kollektion-leopard-pleated-maxi-dress\/#breadcrumb\",\"itemListElement\":[{\"@type\":\"ListItem\",\"position\":1,\"name\":\"Startseite\",\"item\":\"https:\/\/www.lookforward.at\/\"},{\"@type\":\"ListItem\",\"position\":2,\"name\":\"Shop\",\"item\":\"https:\/\/www.lookforward.at\/shop\/\"},{\"@type\":\"ListItem\",\"position\":3,\"name\":\"Limited Black Week Kollektion \u2013 Leopard Pleated Maxi Dress\"}]},{\"@type\":\"WebSite\",\"@id\":\"https:\/\/www.lookforward.at\/#website\",\"url\":\"https:\/\/www.lookforward.at\/\",\"name\":\"lookforward Shop\",\"description\":\"Der neue Shop f\u00fcr Fashion, Lifestyle, Family, Food and Beauty.\",\"publisher\":{\"@id\":\"https:\/\/www.lookforward.at\/#organization\"},\"potentialAction\":[{\"@type\":\"SearchAction\",\"target\":{\"@type\":\"EntryPoint\",\"urlTemplate\":\"https:\/\/www.lookforward.at\/?s={search_term_string}\"},\"query-input\":{\"@type\":\"PropertyValueSpecification\",\"valueRequired\":true,\"valueName\":\"search_term_string\"}}],\"inLanguage\":\"en-US\"},{\"@type\":\"Organization\",\"@id\":\"https:\/\/www.lookforward.at\/#organization\",\"name\":\"KB lookforward\",\"url\":\"https:\/\/www.lookforward.at\/\",\"logo\":{\"@type\":\"ImageObject\",\"inLanguage\":\"en-US\",\"@id\":\"https:\/\/www.lookforward.at\/#\/schema\/logo\/image\/\",\"url\":\"https:\/\/www.lookforward.at\/wp-content\/uploads\/2023\/10\/Icon-KB.svg\",\"contentUrl\":\"https:\/\/www.lookforward.at\/wp-content\/uploads\/2023\/10\/Icon-KB.svg\",\"caption\":\"KB lookforward\"},\"image\":{\"@id\":\"https:\/\/www.lookforward.at\/#\/schema\/logo\/image\/\"}}]}<\/script>\n<!-- \/ Yoast SEO plugin. -->","yoast_head_json":{"title":"Limited Black Week Kollektion \u2013 Leopard Pleated Maxi Dress","robots":{"index":"index","follow":"follow","max-snippet":"max-snippet:-1","max-image-preview":"max-image-preview:large","max-video-preview":"max-video-preview:-1"},"canonical":"https:\/\/www.lookforward.at\/en\/produkt\/limited-black-week-kollektion-leopard-pleated-maxi-dress\/","og_locale":"en_US","og_type":"article","og_title":"[:de]Limited Black Week Kollektion \u2013 Leopard Pleated Maxi Dress[:] - lookforward Shop","og_description":"Limited Black Week Kollektion \u2013 Leopard Pleated Maxi Dress  Auff\u00e4llig, feminin und absolut besonders \u2013 dieses Leopard-Maxi-Kleid ist ein echtes Highlight f\u00fcr alle, die Statement-Pieces lieben. Der flie\u00dfende Stoff umschmeichelt die Silhouette, w\u00e4hrend das ausdrucksstarke Animal-Print f\u00fcr eine stilvolle Portion Wildheit sorgt.  Das Oberteil mit Wickeloptik zaubert ein sch\u00f6nes Dekollet\u00e9, und der elastische Taillenbund mit passendem Bindeg\u00fcrtel betont die Figur auf nat\u00fcrliche Weise. Der plissierte Maxirock sorgt f\u00fcr elegante Bewegung bei jedem Schritt \u2013 ein echter Showstopper f\u00fcr Abendlooks, Events oder besondere Anl\u00e4sse.  Material: 100 % Polyester Passform: One Size (passend von 36\u201344) Details: Wickeloptik, elastische Taille, Bindeg\u00fcrtel, plissierter Rock, Animal-Print Pflege: Schonwaschgang 30 \u00b0C  Ein Kleid, das Mut macht, Spa\u00df macht und garantiert alle Blicke auf sich zieht. \ud83d\udc06\u2728","og_url":"https:\/\/www.lookforward.at\/en\/produkt\/limited-black-week-kollektion-leopard-pleated-maxi-dress\/","og_site_name":"lookforward Shop","article_modified_time":"2026-03-30T08:57:42+00:00","og_image":[{"width":1920,"height":2560,"url":"https:\/\/www.lookforward.at\/wp-content\/uploads\/2025\/11\/image00045-1-scaled.jpeg","type":"image\/jpeg"}],"twitter_card":"summary_large_image","twitter_misc":{"Est. reading time":"1 minute"},"schema":{"@context":"https:\/\/schema.org","@graph":[{"@type":"WebPage","@id":"https:\/\/www.lookforward.at\/produkt\/limited-black-week-kollektion-leopard-pleated-maxi-dress\/","url":"https:\/\/www.lookforward.at\/produkt\/limited-black-week-kollektion-leopard-pleated-maxi-dress\/","name":"Limited Black Week Kollektion \u2013 Leopard Pleated Maxi Dress","isPartOf":{"@id":"https:\/\/www.lookforward.at\/#website"},"primaryImageOfPage":{"@id":"https:\/\/www.lookforward.at\/produkt\/limited-black-week-kollektion-leopard-pleated-maxi-dress\/#primaryimage"},"image":{"@id":"https:\/\/www.lookforward.at\/produkt\/limited-black-week-kollektion-leopard-pleated-maxi-dress\/#primaryimage"},"thumbnailUrl":"https:\/\/www.lookforward.at\/wp-content\/uploads\/2025\/11\/image00045-1-scaled.jpeg","datePublished":"2025-11-23T00:13:05+00:00","dateModified":"2026-03-30T08:57:42+00:00","breadcrumb":{"@id":"https:\/\/www.lookforward.at\/produkt\/limited-black-week-kollektion-leopard-pleated-maxi-dress\/#breadcrumb"},"inLanguage":"en-US","potentialAction":[{"@type":"ReadAction","target":["https:\/\/www.lookforward.at\/produkt\/limited-black-week-kollektion-leopard-pleated-maxi-dress\/"]}]},{"@type":"ImageObject","inLanguage":"en-US","@id":"https:\/\/www.lookforward.at\/produkt\/limited-black-week-kollektion-leopard-pleated-maxi-dress\/#primaryimage","url":"https:\/\/www.lookforward.at\/wp-content\/uploads\/2025\/11\/image00045-1-scaled.jpeg","contentUrl":"https:\/\/www.lookforward.at\/wp-content\/uploads\/2025\/11\/image00045-1-scaled.jpeg","width":1920,"height":2560,"caption":"Processed with VSCO with al3 preset"},{"@type":"BreadcrumbList","@id":"https:\/\/www.lookforward.at\/produkt\/limited-black-week-kollektion-leopard-pleated-maxi-dress\/#breadcrumb","itemListElement":[{"@type":"ListItem","position":1,"name":"Startseite","item":"https:\/\/www.lookforward.at\/"},{"@type":"ListItem","position":2,"name":"Shop","item":"https:\/\/www.lookforward.at\/shop\/"},{"@type":"ListItem","position":3,"name":"Limited Black Week Kollektion \u2013 Leopard Pleated Maxi Dress"}]},{"@type":"WebSite","@id":"https:\/\/www.lookforward.at\/#website","url":"https:\/\/www.lookforward.at\/","name":"lookforward Shop","description":"Der neue Shop f\u00fcr Fashion, Lifestyle, Family, Food and Beauty.","publisher":{"@id":"https:\/\/www.lookforward.at\/#organization"},"potentialAction":[{"@type":"SearchAction","target":{"@type":"EntryPoint","urlTemplate":"https:\/\/www.lookforward.at\/?s={search_term_string}"},"query-input":{"@type":"PropertyValueSpecification","valueRequired":true,"valueName":"search_term_string"}}],"inLanguage":"en-US"},{"@type":"Organization","@id":"https:\/\/www.lookforward.at\/#organization","name":"KB lookforward","url":"https:\/\/www.lookforward.at\/","logo":{"@type":"ImageObject","inLanguage":"en-US","@id":"https:\/\/www.lookforward.at\/#\/schema\/logo\/image\/","url":"https:\/\/www.lookforward.at\/wp-content\/uploads\/2023\/10\/Icon-KB.svg","contentUrl":"https:\/\/www.lookforward.at\/wp-content\/uploads\/2023\/10\/Icon-KB.svg","caption":"KB lookforward"},"image":{"@id":"https:\/\/www.lookforward.at\/#\/schema\/logo\/image\/"}}]}},"_links":{"self":[{"href":"https:\/\/www.lookforward.at\/en\/wp-json\/wp\/v2\/product\/152694","targetHints":{"allow":["GET"]}}],"collection":[{"href":"https:\/\/www.lookforward.at\/en\/wp-json\/wp\/v2\/product"}],"about":[{"href":"https:\/\/www.lookforward.at\/en\/wp-json\/wp\/v2\/types\/product"}],"wp:featuredmedia":[{"embeddable":true,"href":"https:\/\/www.lookforward.at\/en\/wp-json\/wp\/v2\/media\/152622"}],"wp:attachment":[{"href":"https:\/\/www.lookforward.at\/en\/wp-json\/wp\/v2\/media?parent=152694"}],"wp:term":[{"taxonomy":"product_brand","embeddable":true,"href":"https:\/\/www.lookforward.at\/en\/wp-json\/wp\/v2\/product_brand?post=152694"},{"taxonomy":"product_cat","embeddable":true,"href":"https:\/\/www.lookforward.at\/en\/wp-json\/wp\/v2\/product_cat?post=152694"},{"taxonomy":"product_tag","embeddable":true,"href":"https:\/\/www.lookforward.at\/en\/wp-json\/wp\/v2\/product_tag?post=152694"}],"curies":[{"name":"wp","href":"https:\/\/api.w.org\/{rel}","templated":true}]}}