{"id":152701,"date":"2025-11-23T01:31:48","date_gmt":"2025-11-23T00:31:48","guid":{"rendered":"https:\/\/www.lookforward.at\/?post_type=product&#038;p=152701"},"modified":"2026-02-14T21:26:09","modified_gmt":"2026-02-14T20:26:09","slug":"limited-black-week-kollektion-soft-fringe-scarf","status":"publish","type":"product","link":"https:\/\/www.lookforward.at\/en\/produkt\/limited-black-week-kollektion-soft-fringe-scarf\/","title":{"rendered":"Limited Black Week Kollektion \u2013 Soft Fringe Scarf"},"content":{"rendered":"","protected":false},"excerpt":{"rendered":"<div><b>Limited Black Week Kollektion \u2013 Soft Fringe Scarf<\/b><\/div>\n<div><\/div>\n<div>Warm, kuschelig und der ideale Begleiter f\u00fcr die kalte Jahreszeit \u2013 dieser superweiche Schal bringt sofort Wohlf\u00fchlcharakter in jedes Winteroutfit. Die flauschige Materialmischung f\u00fchlt sich angenehm auf der Haut an und h\u00e4lt zuverl\u00e4ssig warm.<\/div>\n<div><\/div>\n<div>Die langen, verspielten Fransen verleihen dem Schal eine moderne, leicht l\u00e4ssige Note, w\u00e4hrend die sanften Farben ihn zu einem echten Kombi-Wunder machen. Ob zu Mantel, Jacke oder Strick \u2013 er setzt immer den perfekten Akzent.<\/div>\n<div><\/div>\n<div><b>Material:<\/b> 70 % Acryl, 30 % Wolle<\/div>\n<div><b>Ma\u00dfe:<\/b> Gro\u00df, volumin\u00f6s &#038; w\u00e4rmend<\/div>\n<div><b>Details:<\/b> Flauschige Haptik, lange Fransen, toller Fall<\/div>\n<div><b>Pflege:<\/b> Schonwaschgang 30 \u00b0C<\/div>\n<div><\/div>\n<div>Erh\u00e4ltlich in <b>Khaki<\/b>, <b>Rot<\/b>, <b>Creme<\/b>, <b>Camel<\/b>, <b>Taupe<\/b> und <b>Schwarz<\/b> \u2013 sechs wundersch\u00f6ne Winterfarben, die jedes Outfit abrunden. \u2744\ufe0f\ud83e\udde3\u2728<\/div>\n<div><\/div>\n","protected":false},"featured_media":152629,"template":"","meta":{"inline_featured_image":false},"product_brand":[],"product_cat":[485],"product_tag":[],"class_list":{"0":"post-152701","1":"product","2":"type-product","3":"status-publish","4":"has-post-thumbnail","6":"product_cat-accessoires","8":"first","9":"onbackorder","10":"taxable","11":"shipping-taxable","12":"purchasable","13":"product-type-variable"},"bundled_by":[],"bundle_stock_status":"onbackorder","bundle_stock_quantity":null,"bundle_virtual":false,"bundle_layout":"","bundle_add_to_cart_form_location":"","bundle_editable_in_cart":false,"bundle_sold_individually_context":"","bundle_item_grouping":"","bundle_min_size":"","bundle_max_size":"","bundle_price":[],"bundled_items":[],"bundle_sell_ids":[],"yoast_head":"<!-- This site is optimized with the Yoast SEO plugin v26.5 - https:\/\/yoast.com\/wordpress\/plugins\/seo\/ -->\n<title>Limited Black Week Kollektion \u2013 Soft Fringe Scarf<\/title>\n<meta name=\"robots\" content=\"index, follow, max-snippet:-1, max-image-preview:large, max-video-preview:-1\" \/>\n<link rel=\"canonical\" href=\"https:\/\/www.lookforward.at\/en\/produkt\/limited-black-week-kollektion-soft-fringe-scarf\/\" \/>\n<meta property=\"og:locale\" content=\"en_US\" \/>\n<meta property=\"og:locale:alternate\" content=\"de_DE\" \/>\n<meta property=\"og:type\" content=\"article\" \/>\n<meta property=\"og:title\" content=\"Limited Black Week Kollektion \u2013 Soft Fringe Scarf\" \/>\n<meta property=\"og:description\" content=\"Limited Black Week Kollektion \u2013 Soft Fringe Scarf  Warm, kuschelig und der ideale Begleiter f\u00fcr die kalte Jahreszeit \u2013 dieser superweiche Schal bringt sofort Wohlf\u00fchlcharakter in jedes Winteroutfit. Die flauschige Materialmischung f\u00fchlt sich angenehm auf der Haut an und h\u00e4lt zuverl\u00e4ssig warm.  Die langen, verspielten Fransen verleihen dem Schal eine moderne, leicht l\u00e4ssige Note, w\u00e4hrend die sanften Farben ihn zu einem echten Kombi-Wunder machen. Ob zu Mantel, Jacke oder Strick \u2013 er setzt immer den perfekten Akzent.  Material: 70 % Acryl, 30 % Wolle Ma\u00dfe: Gro\u00df, volumin\u00f6s &amp; w\u00e4rmend Details: Flauschige Haptik, lange Fransen, toller Fall Pflege: Schonwaschgang 30 \u00b0C  Erh\u00e4ltlich in Khaki, Rot, Creme, Camel, Taupe und Schwarz \u2013 sechs wundersch\u00f6ne Winterfarben, die jedes Outfit abrunden. \u2744\ufe0f\ud83e\udde3\u2728\" \/>\n<meta property=\"og:url\" content=\"https:\/\/www.lookforward.at\/en\/produkt\/limited-black-week-kollektion-soft-fringe-scarf\/\" \/>\n<meta property=\"og:site_name\" content=\"lookforward Shop\" \/>\n<meta property=\"article:modified_time\" content=\"2026-02-14T20:26:09+00:00\" \/>\n<meta property=\"og:image\" content=\"https:\/\/www.lookforward.at\/wp-content\/uploads\/2025\/11\/image00052-1-scaled.jpeg\" \/>\n\t<meta property=\"og:image:width\" content=\"1920\" \/>\n\t<meta property=\"og:image:height\" content=\"2560\" \/>\n\t<meta property=\"og:image:type\" content=\"image\/jpeg\" \/>\n<meta name=\"twitter:card\" content=\"summary_large_image\" \/>\n<meta name=\"twitter:label1\" content=\"Est. reading time\" \/>\n\t<meta name=\"twitter:data1\" content=\"1 minute\" \/>\n<script type=\"application\/ld+json\" class=\"yoast-schema-graph\">{\"@context\":\"https:\/\/schema.org\",\"@graph\":[{\"@type\":\"WebPage\",\"@id\":\"https:\/\/www.lookforward.at\/produkt\/limited-black-week-kollektion-soft-fringe-scarf\/\",\"url\":\"https:\/\/www.lookforward.at\/produkt\/limited-black-week-kollektion-soft-fringe-scarf\/\",\"name\":\"Limited Black Week Kollektion \u2013 Soft Fringe Scarf\",\"isPartOf\":{\"@id\":\"https:\/\/www.lookforward.at\/#website\"},\"primaryImageOfPage\":{\"@id\":\"https:\/\/www.lookforward.at\/produkt\/limited-black-week-kollektion-soft-fringe-scarf\/#primaryimage\"},\"image\":{\"@id\":\"https:\/\/www.lookforward.at\/produkt\/limited-black-week-kollektion-soft-fringe-scarf\/#primaryimage\"},\"thumbnailUrl\":\"https:\/\/www.lookforward.at\/wp-content\/uploads\/2025\/11\/image00052-1-scaled.jpeg\",\"datePublished\":\"2025-11-23T00:31:48+00:00\",\"dateModified\":\"2026-02-14T20:26:09+00:00\",\"breadcrumb\":{\"@id\":\"https:\/\/www.lookforward.at\/produkt\/limited-black-week-kollektion-soft-fringe-scarf\/#breadcrumb\"},\"inLanguage\":\"en-US\",\"potentialAction\":[{\"@type\":\"ReadAction\",\"target\":[\"https:\/\/www.lookforward.at\/produkt\/limited-black-week-kollektion-soft-fringe-scarf\/\"]}]},{\"@type\":\"ImageObject\",\"inLanguage\":\"en-US\",\"@id\":\"https:\/\/www.lookforward.at\/produkt\/limited-black-week-kollektion-soft-fringe-scarf\/#primaryimage\",\"url\":\"https:\/\/www.lookforward.at\/wp-content\/uploads\/2025\/11\/image00052-1-scaled.jpeg\",\"contentUrl\":\"https:\/\/www.lookforward.at\/wp-content\/uploads\/2025\/11\/image00052-1-scaled.jpeg\",\"width\":1920,\"height\":2560,\"caption\":\"Processed with VSCO with al3 preset\"},{\"@type\":\"BreadcrumbList\",\"@id\":\"https:\/\/www.lookforward.at\/produkt\/limited-black-week-kollektion-soft-fringe-scarf\/#breadcrumb\",\"itemListElement\":[{\"@type\":\"ListItem\",\"position\":1,\"name\":\"Startseite\",\"item\":\"https:\/\/www.lookforward.at\/\"},{\"@type\":\"ListItem\",\"position\":2,\"name\":\"Shop\",\"item\":\"https:\/\/www.lookforward.at\/shop\/\"},{\"@type\":\"ListItem\",\"position\":3,\"name\":\"Limited Black Week Kollektion \u2013 Soft Fringe Scarf\"}]},{\"@type\":\"WebSite\",\"@id\":\"https:\/\/www.lookforward.at\/#website\",\"url\":\"https:\/\/www.lookforward.at\/\",\"name\":\"lookforward Shop\",\"description\":\"Der neue Shop f\u00fcr Fashion, Lifestyle, Family, Food and Beauty.\",\"publisher\":{\"@id\":\"https:\/\/www.lookforward.at\/#organization\"},\"potentialAction\":[{\"@type\":\"SearchAction\",\"target\":{\"@type\":\"EntryPoint\",\"urlTemplate\":\"https:\/\/www.lookforward.at\/?s={search_term_string}\"},\"query-input\":{\"@type\":\"PropertyValueSpecification\",\"valueRequired\":true,\"valueName\":\"search_term_string\"}}],\"inLanguage\":\"en-US\"},{\"@type\":\"Organization\",\"@id\":\"https:\/\/www.lookforward.at\/#organization\",\"name\":\"KB lookforward\",\"url\":\"https:\/\/www.lookforward.at\/\",\"logo\":{\"@type\":\"ImageObject\",\"inLanguage\":\"en-US\",\"@id\":\"https:\/\/www.lookforward.at\/#\/schema\/logo\/image\/\",\"url\":\"https:\/\/www.lookforward.at\/wp-content\/uploads\/2023\/10\/Icon-KB.svg\",\"contentUrl\":\"https:\/\/www.lookforward.at\/wp-content\/uploads\/2023\/10\/Icon-KB.svg\",\"caption\":\"KB lookforward\"},\"image\":{\"@id\":\"https:\/\/www.lookforward.at\/#\/schema\/logo\/image\/\"}}]}<\/script>\n<!-- \/ Yoast SEO plugin. -->","yoast_head_json":{"title":"Limited Black Week Kollektion \u2013 Soft Fringe Scarf","robots":{"index":"index","follow":"follow","max-snippet":"max-snippet:-1","max-image-preview":"max-image-preview:large","max-video-preview":"max-video-preview:-1"},"canonical":"https:\/\/www.lookforward.at\/en\/produkt\/limited-black-week-kollektion-soft-fringe-scarf\/","og_locale":"en_US","og_type":"article","og_title":"[:de]Limited Black Week Kollektion \u2013 Soft Fringe Scarf[:] - lookforward Shop","og_description":"Limited Black Week Kollektion \u2013 Soft Fringe Scarf  Warm, kuschelig und der ideale Begleiter f\u00fcr die kalte Jahreszeit \u2013 dieser superweiche Schal bringt sofort Wohlf\u00fchlcharakter in jedes Winteroutfit. Die flauschige Materialmischung f\u00fchlt sich angenehm auf der Haut an und h\u00e4lt zuverl\u00e4ssig warm.  Die langen, verspielten Fransen verleihen dem Schal eine moderne, leicht l\u00e4ssige Note, w\u00e4hrend die sanften Farben ihn zu einem echten Kombi-Wunder machen. Ob zu Mantel, Jacke oder Strick \u2013 er setzt immer den perfekten Akzent.  Material: 70 % Acryl, 30 % Wolle Ma\u00dfe: Gro\u00df, volumin\u00f6s & w\u00e4rmend Details: Flauschige Haptik, lange Fransen, toller Fall Pflege: Schonwaschgang 30 \u00b0C  Erh\u00e4ltlich in Khaki, Rot, Creme, Camel, Taupe und Schwarz \u2013 sechs wundersch\u00f6ne Winterfarben, die jedes Outfit abrunden. \u2744\ufe0f\ud83e\udde3\u2728","og_url":"https:\/\/www.lookforward.at\/en\/produkt\/limited-black-week-kollektion-soft-fringe-scarf\/","og_site_name":"lookforward Shop","article_modified_time":"2026-02-14T20:26:09+00:00","og_image":[{"width":1920,"height":2560,"url":"https:\/\/www.lookforward.at\/wp-content\/uploads\/2025\/11\/image00052-1-scaled.jpeg","type":"image\/jpeg"}],"twitter_card":"summary_large_image","twitter_misc":{"Est. reading time":"1 minute"},"schema":{"@context":"https:\/\/schema.org","@graph":[{"@type":"WebPage","@id":"https:\/\/www.lookforward.at\/produkt\/limited-black-week-kollektion-soft-fringe-scarf\/","url":"https:\/\/www.lookforward.at\/produkt\/limited-black-week-kollektion-soft-fringe-scarf\/","name":"Limited Black Week Kollektion \u2013 Soft Fringe Scarf","isPartOf":{"@id":"https:\/\/www.lookforward.at\/#website"},"primaryImageOfPage":{"@id":"https:\/\/www.lookforward.at\/produkt\/limited-black-week-kollektion-soft-fringe-scarf\/#primaryimage"},"image":{"@id":"https:\/\/www.lookforward.at\/produkt\/limited-black-week-kollektion-soft-fringe-scarf\/#primaryimage"},"thumbnailUrl":"https:\/\/www.lookforward.at\/wp-content\/uploads\/2025\/11\/image00052-1-scaled.jpeg","datePublished":"2025-11-23T00:31:48+00:00","dateModified":"2026-02-14T20:26:09+00:00","breadcrumb":{"@id":"https:\/\/www.lookforward.at\/produkt\/limited-black-week-kollektion-soft-fringe-scarf\/#breadcrumb"},"inLanguage":"en-US","potentialAction":[{"@type":"ReadAction","target":["https:\/\/www.lookforward.at\/produkt\/limited-black-week-kollektion-soft-fringe-scarf\/"]}]},{"@type":"ImageObject","inLanguage":"en-US","@id":"https:\/\/www.lookforward.at\/produkt\/limited-black-week-kollektion-soft-fringe-scarf\/#primaryimage","url":"https:\/\/www.lookforward.at\/wp-content\/uploads\/2025\/11\/image00052-1-scaled.jpeg","contentUrl":"https:\/\/www.lookforward.at\/wp-content\/uploads\/2025\/11\/image00052-1-scaled.jpeg","width":1920,"height":2560,"caption":"Processed with VSCO with al3 preset"},{"@type":"BreadcrumbList","@id":"https:\/\/www.lookforward.at\/produkt\/limited-black-week-kollektion-soft-fringe-scarf\/#breadcrumb","itemListElement":[{"@type":"ListItem","position":1,"name":"Startseite","item":"https:\/\/www.lookforward.at\/"},{"@type":"ListItem","position":2,"name":"Shop","item":"https:\/\/www.lookforward.at\/shop\/"},{"@type":"ListItem","position":3,"name":"Limited Black Week Kollektion \u2013 Soft Fringe Scarf"}]},{"@type":"WebSite","@id":"https:\/\/www.lookforward.at\/#website","url":"https:\/\/www.lookforward.at\/","name":"lookforward Shop","description":"Der neue Shop f\u00fcr Fashion, Lifestyle, Family, Food and Beauty.","publisher":{"@id":"https:\/\/www.lookforward.at\/#organization"},"potentialAction":[{"@type":"SearchAction","target":{"@type":"EntryPoint","urlTemplate":"https:\/\/www.lookforward.at\/?s={search_term_string}"},"query-input":{"@type":"PropertyValueSpecification","valueRequired":true,"valueName":"search_term_string"}}],"inLanguage":"en-US"},{"@type":"Organization","@id":"https:\/\/www.lookforward.at\/#organization","name":"KB lookforward","url":"https:\/\/www.lookforward.at\/","logo":{"@type":"ImageObject","inLanguage":"en-US","@id":"https:\/\/www.lookforward.at\/#\/schema\/logo\/image\/","url":"https:\/\/www.lookforward.at\/wp-content\/uploads\/2023\/10\/Icon-KB.svg","contentUrl":"https:\/\/www.lookforward.at\/wp-content\/uploads\/2023\/10\/Icon-KB.svg","caption":"KB lookforward"},"image":{"@id":"https:\/\/www.lookforward.at\/#\/schema\/logo\/image\/"}}]}},"_links":{"self":[{"href":"https:\/\/www.lookforward.at\/en\/wp-json\/wp\/v2\/product\/152701","targetHints":{"allow":["GET"]}}],"collection":[{"href":"https:\/\/www.lookforward.at\/en\/wp-json\/wp\/v2\/product"}],"about":[{"href":"https:\/\/www.lookforward.at\/en\/wp-json\/wp\/v2\/types\/product"}],"wp:featuredmedia":[{"embeddable":true,"href":"https:\/\/www.lookforward.at\/en\/wp-json\/wp\/v2\/media\/152629"}],"wp:attachment":[{"href":"https:\/\/www.lookforward.at\/en\/wp-json\/wp\/v2\/media?parent=152701"}],"wp:term":[{"taxonomy":"product_brand","embeddable":true,"href":"https:\/\/www.lookforward.at\/en\/wp-json\/wp\/v2\/product_brand?post=152701"},{"taxonomy":"product_cat","embeddable":true,"href":"https:\/\/www.lookforward.at\/en\/wp-json\/wp\/v2\/product_cat?post=152701"},{"taxonomy":"product_tag","embeddable":true,"href":"https:\/\/www.lookforward.at\/en\/wp-json\/wp\/v2\/product_tag?post=152701"}],"curies":[{"name":"wp","href":"https:\/\/api.w.org\/{rel}","templated":true}]}}