{"id":152709,"date":"2025-11-23T01:37:34","date_gmt":"2025-11-23T00:37:34","guid":{"rendered":"https:\/\/www.lookforward.at\/?post_type=product&#038;p=152709"},"modified":"2025-12-29T10:37:17","modified_gmt":"2025-12-29T09:37:17","slug":"152709","status":"publish","type":"product","link":"https:\/\/www.lookforward.at\/en\/produkt\/152709\/","title":{"rendered":"\ud83d\udc06 Flauschige Leo-Felltasche \u2013 Dein stylischer Hingucker f\u00fcr jeden Tag"},"content":{"rendered":"","protected":false},"excerpt":{"rendered":"<div>\ud83d\udc06<b> Flauschige Leo-Felltasche \u2013 Dein stylischer Hingucker f\u00fcr jeden Tag<\/b><\/div>\n<div><\/div>\n<div>Diese kuschelweiche Leo-Felltasche ist nicht nur super trendy, sondern auch unglaublich praktisch! Das flauschige Material verleiht jedem Outfit eine besondere, ausgefallene Note \u2013 perfekt f\u00fcr Fashion-Lovers, die gerne auffallen.<\/div>\n<div><\/div>\n<div>Der gro\u00dfz\u00fcgige Innenraum bietet genug Platz f\u00fcr alles, was du im Alltag brauchst: Geldb\u00f6rse, Schl\u00fcssel, Kosmetik, Handy &#038; mehr. Durch die weichen, breiten Tragehenkel liegt die Tasche angenehm auf der Schulter und sorgt f\u00fcr maximalen Komfort.<\/div>\n<div><\/div>\n<div>Ob zum gem\u00fctlichen Shopping, stylischen City-Look oder f\u00fcr den Abend \u2013 diese Tasche ist ein echtes Statement-Piece!<\/div>\n<div><\/div>\n<div>\u2e3b<\/div>\n<div><\/div>\n<div>\u2728<b> Details<\/b><\/div>\n<div>\u2022 <b>Ma\u00dfe:<\/b> 50 \u00d7 30 cm<\/div>\n<div>\u2022 <b>Material:<\/b> 100 % Polyester (weich, kuschelig &#038; pflegeleicht)<\/div>\n<div>\u2022 <b>L\u00e4ssiger Leo-Print<\/b><\/div>\n<div>\u2022 <b>Breiter, weicher Tragehenkel<\/b><\/div>\n<div>\u2022 <b>Mit abnehmbarem, langem Schulterriemen<\/b><\/div>\n<div>\u2022 <b>Perfekt f\u00fcr Alltag &#038; besondere Looks<\/b><\/div>\n<div><\/div>\n<div><\/div>\n","protected":false},"featured_media":152634,"template":"","meta":{"inline_featured_image":false},"product_brand":[],"product_cat":[485],"product_tag":[],"class_list":{"0":"post-152709","1":"product","2":"type-product","3":"status-publish","4":"has-post-thumbnail","6":"product_cat-accessoires","8":"first","9":"onbackorder","10":"taxable","11":"shipping-taxable","12":"purchasable","13":"product-type-simple"},"bundled_by":[],"bundle_stock_status":"onbackorder","bundle_stock_quantity":-4,"bundle_virtual":false,"bundle_layout":"","bundle_add_to_cart_form_location":"","bundle_editable_in_cart":false,"bundle_sold_individually_context":"","bundle_item_grouping":"","bundle_min_size":"","bundle_max_size":"","bundle_price":[],"bundled_items":[],"bundle_sell_ids":[],"yoast_head":"<!-- This site is optimized with the Yoast SEO plugin v26.5 - https:\/\/yoast.com\/wordpress\/plugins\/seo\/ -->\n<title>\ud83d\udc06 Flauschige Leo-Felltasche \u2013 Dein stylischer Hingucker f\u00fcr jeden Tag<\/title>\n<meta name=\"robots\" content=\"index, follow, max-snippet:-1, max-image-preview:large, max-video-preview:-1\" \/>\n<link rel=\"canonical\" href=\"https:\/\/www.lookforward.at\/en\/produkt\/152709\/\" \/>\n<meta property=\"og:locale\" content=\"en_US\" \/>\n<meta property=\"og:locale:alternate\" content=\"de_DE\" \/>\n<meta property=\"og:type\" content=\"article\" \/>\n<meta property=\"og:title\" content=\"\ud83d\udc06 Flauschige Leo-Felltasche \u2013 Dein stylischer Hingucker f\u00fcr jeden Tag\" \/>\n<meta property=\"og:description\" content=\"\ud83d\udc06 Flauschige Leo-Felltasche \u2013 Dein stylischer Hingucker f\u00fcr jeden Tag  Diese kuschelweiche Leo-Felltasche ist nicht nur super trendy, sondern auch unglaublich praktisch! Das flauschige Material verleiht jedem Outfit eine besondere, ausgefallene Note \u2013 perfekt f\u00fcr Fashion-Lovers, die gerne auffallen.  Der gro\u00dfz\u00fcgige Innenraum bietet genug Platz f\u00fcr alles, was du im Alltag brauchst: Geldb\u00f6rse, Schl\u00fcssel, Kosmetik, Handy &amp; mehr. Durch die weichen, breiten Tragehenkel liegt die Tasche angenehm auf der Schulter und sorgt f\u00fcr maximalen Komfort.  Ob zum gem\u00fctlichen Shopping, stylischen City-Look oder f\u00fcr den Abend \u2013 diese Tasche ist ein echtes Statement-Piece!  \u2e3b  \u2728 Details \u2022 Ma\u00dfe: 50 \u00d7 30 cm \u2022 Material: 100 % Polyester (weich, kuschelig &amp; pflegeleicht) \u2022 L\u00e4ssiger Leo-Print \u2022 Breiter, weicher Tragehenkel \u2022 Mit abnehmbarem, langem Schulterriemen \u2022 Perfekt f\u00fcr Alltag &amp; besondere Looks\" \/>\n<meta property=\"og:url\" content=\"https:\/\/www.lookforward.at\/en\/produkt\/152709\/\" \/>\n<meta property=\"og:site_name\" content=\"lookforward Shop\" \/>\n<meta property=\"article:modified_time\" content=\"2025-12-29T09:37:17+00:00\" \/>\n<meta property=\"og:image\" content=\"https:\/\/www.lookforward.at\/wp-content\/uploads\/2025\/11\/image00057-1-scaled.jpeg\" \/>\n\t<meta property=\"og:image:width\" content=\"1920\" \/>\n\t<meta property=\"og:image:height\" content=\"2560\" \/>\n\t<meta property=\"og:image:type\" content=\"image\/jpeg\" \/>\n<meta name=\"twitter:card\" content=\"summary_large_image\" \/>\n<meta name=\"twitter:label1\" content=\"Est. reading time\" \/>\n\t<meta name=\"twitter:data1\" content=\"1 minute\" \/>\n<script type=\"application\/ld+json\" class=\"yoast-schema-graph\">{\"@context\":\"https:\/\/schema.org\",\"@graph\":[{\"@type\":\"WebPage\",\"@id\":\"https:\/\/www.lookforward.at\/produkt\/152709\/\",\"url\":\"https:\/\/www.lookforward.at\/produkt\/152709\/\",\"name\":\"\ud83d\udc06 Flauschige Leo-Felltasche \u2013 Dein stylischer Hingucker f\u00fcr jeden Tag\",\"isPartOf\":{\"@id\":\"https:\/\/www.lookforward.at\/#website\"},\"primaryImageOfPage\":{\"@id\":\"https:\/\/www.lookforward.at\/produkt\/152709\/#primaryimage\"},\"image\":{\"@id\":\"https:\/\/www.lookforward.at\/produkt\/152709\/#primaryimage\"},\"thumbnailUrl\":\"https:\/\/www.lookforward.at\/wp-content\/uploads\/2025\/11\/image00057-1-scaled.jpeg\",\"datePublished\":\"2025-11-23T00:37:34+00:00\",\"dateModified\":\"2025-12-29T09:37:17+00:00\",\"breadcrumb\":{\"@id\":\"https:\/\/www.lookforward.at\/produkt\/152709\/#breadcrumb\"},\"inLanguage\":\"en-US\",\"potentialAction\":[{\"@type\":\"ReadAction\",\"target\":[\"https:\/\/www.lookforward.at\/produkt\/152709\/\"]}]},{\"@type\":\"ImageObject\",\"inLanguage\":\"en-US\",\"@id\":\"https:\/\/www.lookforward.at\/produkt\/152709\/#primaryimage\",\"url\":\"https:\/\/www.lookforward.at\/wp-content\/uploads\/2025\/11\/image00057-1-scaled.jpeg\",\"contentUrl\":\"https:\/\/www.lookforward.at\/wp-content\/uploads\/2025\/11\/image00057-1-scaled.jpeg\",\"width\":1920,\"height\":2560,\"caption\":\"Processed with VSCO with al3 preset\"},{\"@type\":\"BreadcrumbList\",\"@id\":\"https:\/\/www.lookforward.at\/produkt\/152709\/#breadcrumb\",\"itemListElement\":[{\"@type\":\"ListItem\",\"position\":1,\"name\":\"Startseite\",\"item\":\"https:\/\/www.lookforward.at\/\"},{\"@type\":\"ListItem\",\"position\":2,\"name\":\"Shop\",\"item\":\"https:\/\/www.lookforward.at\/shop\/\"},{\"@type\":\"ListItem\",\"position\":3,\"name\":\"\ud83d\udc06 Flauschige Leo-Felltasche \u2013 Dein stylischer Hingucker f\u00fcr jeden Tag\"}]},{\"@type\":\"WebSite\",\"@id\":\"https:\/\/www.lookforward.at\/#website\",\"url\":\"https:\/\/www.lookforward.at\/\",\"name\":\"lookforward Shop\",\"description\":\"Der neue Shop f\u00fcr Fashion, Lifestyle, Family, Food and Beauty.\",\"publisher\":{\"@id\":\"https:\/\/www.lookforward.at\/#organization\"},\"potentialAction\":[{\"@type\":\"SearchAction\",\"target\":{\"@type\":\"EntryPoint\",\"urlTemplate\":\"https:\/\/www.lookforward.at\/?s={search_term_string}\"},\"query-input\":{\"@type\":\"PropertyValueSpecification\",\"valueRequired\":true,\"valueName\":\"search_term_string\"}}],\"inLanguage\":\"en-US\"},{\"@type\":\"Organization\",\"@id\":\"https:\/\/www.lookforward.at\/#organization\",\"name\":\"KB lookforward\",\"url\":\"https:\/\/www.lookforward.at\/\",\"logo\":{\"@type\":\"ImageObject\",\"inLanguage\":\"en-US\",\"@id\":\"https:\/\/www.lookforward.at\/#\/schema\/logo\/image\/\",\"url\":\"https:\/\/www.lookforward.at\/wp-content\/uploads\/2023\/10\/Icon-KB.svg\",\"contentUrl\":\"https:\/\/www.lookforward.at\/wp-content\/uploads\/2023\/10\/Icon-KB.svg\",\"caption\":\"KB lookforward\"},\"image\":{\"@id\":\"https:\/\/www.lookforward.at\/#\/schema\/logo\/image\/\"}}]}<\/script>\n<!-- \/ Yoast SEO plugin. -->","yoast_head_json":{"title":"\ud83d\udc06 Flauschige Leo-Felltasche \u2013 Dein stylischer Hingucker f\u00fcr jeden Tag","robots":{"index":"index","follow":"follow","max-snippet":"max-snippet:-1","max-image-preview":"max-image-preview:large","max-video-preview":"max-video-preview:-1"},"canonical":"https:\/\/www.lookforward.at\/en\/produkt\/152709\/","og_locale":"en_US","og_type":"article","og_title":"[:de]\ud83d\udc06 Flauschige Leo-Felltasche \u2013 Dein stylischer Hingucker f\u00fcr jeden Tag[:] - lookforward Shop","og_description":"\ud83d\udc06 Flauschige Leo-Felltasche \u2013 Dein stylischer Hingucker f\u00fcr jeden Tag  Diese kuschelweiche Leo-Felltasche ist nicht nur super trendy, sondern auch unglaublich praktisch! Das flauschige Material verleiht jedem Outfit eine besondere, ausgefallene Note \u2013 perfekt f\u00fcr Fashion-Lovers, die gerne auffallen.  Der gro\u00dfz\u00fcgige Innenraum bietet genug Platz f\u00fcr alles, was du im Alltag brauchst: Geldb\u00f6rse, Schl\u00fcssel, Kosmetik, Handy & mehr. Durch die weichen, breiten Tragehenkel liegt die Tasche angenehm auf der Schulter und sorgt f\u00fcr maximalen Komfort.  Ob zum gem\u00fctlichen Shopping, stylischen City-Look oder f\u00fcr den Abend \u2013 diese Tasche ist ein echtes Statement-Piece!  \u2e3b  \u2728 Details \u2022 Ma\u00dfe: 50 \u00d7 30 cm \u2022 Material: 100 % Polyester (weich, kuschelig & pflegeleicht) \u2022 L\u00e4ssiger Leo-Print \u2022 Breiter, weicher Tragehenkel \u2022 Mit abnehmbarem, langem Schulterriemen \u2022 Perfekt f\u00fcr Alltag & besondere Looks","og_url":"https:\/\/www.lookforward.at\/en\/produkt\/152709\/","og_site_name":"lookforward Shop","article_modified_time":"2025-12-29T09:37:17+00:00","og_image":[{"width":1920,"height":2560,"url":"https:\/\/www.lookforward.at\/wp-content\/uploads\/2025\/11\/image00057-1-scaled.jpeg","type":"image\/jpeg"}],"twitter_card":"summary_large_image","twitter_misc":{"Est. reading time":"1 minute"},"schema":{"@context":"https:\/\/schema.org","@graph":[{"@type":"WebPage","@id":"https:\/\/www.lookforward.at\/produkt\/152709\/","url":"https:\/\/www.lookforward.at\/produkt\/152709\/","name":"\ud83d\udc06 Flauschige Leo-Felltasche \u2013 Dein stylischer Hingucker f\u00fcr jeden Tag","isPartOf":{"@id":"https:\/\/www.lookforward.at\/#website"},"primaryImageOfPage":{"@id":"https:\/\/www.lookforward.at\/produkt\/152709\/#primaryimage"},"image":{"@id":"https:\/\/www.lookforward.at\/produkt\/152709\/#primaryimage"},"thumbnailUrl":"https:\/\/www.lookforward.at\/wp-content\/uploads\/2025\/11\/image00057-1-scaled.jpeg","datePublished":"2025-11-23T00:37:34+00:00","dateModified":"2025-12-29T09:37:17+00:00","breadcrumb":{"@id":"https:\/\/www.lookforward.at\/produkt\/152709\/#breadcrumb"},"inLanguage":"en-US","potentialAction":[{"@type":"ReadAction","target":["https:\/\/www.lookforward.at\/produkt\/152709\/"]}]},{"@type":"ImageObject","inLanguage":"en-US","@id":"https:\/\/www.lookforward.at\/produkt\/152709\/#primaryimage","url":"https:\/\/www.lookforward.at\/wp-content\/uploads\/2025\/11\/image00057-1-scaled.jpeg","contentUrl":"https:\/\/www.lookforward.at\/wp-content\/uploads\/2025\/11\/image00057-1-scaled.jpeg","width":1920,"height":2560,"caption":"Processed with VSCO with al3 preset"},{"@type":"BreadcrumbList","@id":"https:\/\/www.lookforward.at\/produkt\/152709\/#breadcrumb","itemListElement":[{"@type":"ListItem","position":1,"name":"Startseite","item":"https:\/\/www.lookforward.at\/"},{"@type":"ListItem","position":2,"name":"Shop","item":"https:\/\/www.lookforward.at\/shop\/"},{"@type":"ListItem","position":3,"name":"\ud83d\udc06 Flauschige Leo-Felltasche \u2013 Dein stylischer Hingucker f\u00fcr jeden Tag"}]},{"@type":"WebSite","@id":"https:\/\/www.lookforward.at\/#website","url":"https:\/\/www.lookforward.at\/","name":"lookforward Shop","description":"Der neue Shop f\u00fcr Fashion, Lifestyle, Family, Food and Beauty.","publisher":{"@id":"https:\/\/www.lookforward.at\/#organization"},"potentialAction":[{"@type":"SearchAction","target":{"@type":"EntryPoint","urlTemplate":"https:\/\/www.lookforward.at\/?s={search_term_string}"},"query-input":{"@type":"PropertyValueSpecification","valueRequired":true,"valueName":"search_term_string"}}],"inLanguage":"en-US"},{"@type":"Organization","@id":"https:\/\/www.lookforward.at\/#organization","name":"KB lookforward","url":"https:\/\/www.lookforward.at\/","logo":{"@type":"ImageObject","inLanguage":"en-US","@id":"https:\/\/www.lookforward.at\/#\/schema\/logo\/image\/","url":"https:\/\/www.lookforward.at\/wp-content\/uploads\/2023\/10\/Icon-KB.svg","contentUrl":"https:\/\/www.lookforward.at\/wp-content\/uploads\/2023\/10\/Icon-KB.svg","caption":"KB lookforward"},"image":{"@id":"https:\/\/www.lookforward.at\/#\/schema\/logo\/image\/"}}]}},"_links":{"self":[{"href":"https:\/\/www.lookforward.at\/en\/wp-json\/wp\/v2\/product\/152709","targetHints":{"allow":["GET"]}}],"collection":[{"href":"https:\/\/www.lookforward.at\/en\/wp-json\/wp\/v2\/product"}],"about":[{"href":"https:\/\/www.lookforward.at\/en\/wp-json\/wp\/v2\/types\/product"}],"wp:featuredmedia":[{"embeddable":true,"href":"https:\/\/www.lookforward.at\/en\/wp-json\/wp\/v2\/media\/152634"}],"wp:attachment":[{"href":"https:\/\/www.lookforward.at\/en\/wp-json\/wp\/v2\/media?parent=152709"}],"wp:term":[{"taxonomy":"product_brand","embeddable":true,"href":"https:\/\/www.lookforward.at\/en\/wp-json\/wp\/v2\/product_brand?post=152709"},{"taxonomy":"product_cat","embeddable":true,"href":"https:\/\/www.lookforward.at\/en\/wp-json\/wp\/v2\/product_cat?post=152709"},{"taxonomy":"product_tag","embeddable":true,"href":"https:\/\/www.lookforward.at\/en\/wp-json\/wp\/v2\/product_tag?post=152709"}],"curies":[{"name":"wp","href":"https:\/\/api.w.org\/{rel}","templated":true}]}}