{"id":152713,"date":"2025-11-23T07:38:55","date_gmt":"2025-11-23T06:38:55","guid":{"rendered":"https:\/\/www.lookforward.at\/?post_type=product&#038;p=152713"},"modified":"2026-02-20T20:11:47","modified_gmt":"2026-02-20T19:11:47","slug":"flauschige-winter-bauchtasche-dein-kuscheliges-must-have","status":"publish","type":"product","link":"https:\/\/www.lookforward.at\/en\/produkt\/flauschige-winter-bauchtasche-dein-kuscheliges-must-have\/","title":{"rendered":"Flauschige Winter-Bauchtasche \u2013 dein kuscheliges Must-Have"},"content":{"rendered":"","protected":false},"excerpt":{"rendered":"<div><b>Flauschige Winter-Bauchtasche \u2013 dein kuscheliges Must-Have<\/b><\/div>\n<div><\/div>\n<div>Diese zuckers\u00fc\u00dfen Fanny Packs sind das perfekte Accessoire f\u00fcr den Winter!<\/div>\n<div>Weich, warm, superleicht \u2013 und dank verstellbarem Gurt bequem crossbody oder klassisch um die Taille tragbar.<\/div>\n<div><\/div>\n<div>Die flauschige Oberfl\u00e4che sorgt nicht nur f\u00fcr den absoluten Cozy-Faktor, sondern macht jede Tasche sofort zum Hingucker. Ob f\u00fcr Spazierg\u00e4nge, Weihnachtsmarkt, Citytrip oder den Alltag \u2013 hier hast du Handy, Schl\u00fcssel &#038; Co. immer stylisch griffbereit.<\/div>\n<div><\/div>\n<div><b>Farben:<\/b> Creme \u2022 Weinrot \u2022 Schwarz \u2022 Dunkelbraun \u2022 Taupe<\/div>\n<div><b>Material:<\/b> 100 % Polyester<\/div>\n<div><b>Details:<\/b><\/div>\n<div>\u2022 weiches Fake-Fur<\/div>\n<div>\u2022 verstellbarer Schultergurt<\/div>\n<div>\u2022 goldfarbener Zipper<\/div>\n<div>\u2022 leicht &#038; angenehm zu tragen<\/div>\n<div><\/div>\n<div>Ein Winter-Essential, das jedes Outfit sofort aufwertet \u2744\ufe0f\ud83d\udc5c\u2728<\/div>\n<div><\/div>\n","protected":false},"featured_media":152643,"template":"","meta":{"inline_featured_image":false},"product_brand":[],"product_cat":[485,37],"product_tag":[],"class_list":{"0":"post-152713","1":"product","2":"type-product","3":"status-publish","4":"has-post-thumbnail","6":"product_cat-accessoires","7":"product_cat-taschen","9":"first","10":"onbackorder","11":"taxable","12":"shipping-taxable","13":"purchasable","14":"product-type-variable"},"bundled_by":[],"bundle_stock_status":"onbackorder","bundle_stock_quantity":null,"bundle_virtual":false,"bundle_layout":"","bundle_add_to_cart_form_location":"","bundle_editable_in_cart":false,"bundle_sold_individually_context":"","bundle_item_grouping":"","bundle_min_size":"","bundle_max_size":"","bundle_price":[],"bundled_items":[],"bundle_sell_ids":[],"yoast_head":"<!-- This site is optimized with the Yoast SEO plugin v26.5 - https:\/\/yoast.com\/wordpress\/plugins\/seo\/ -->\n<title>Flauschige Winter-Bauchtasche \u2013 dein kuscheliges Must-Have<\/title>\n<meta name=\"robots\" content=\"index, follow, max-snippet:-1, max-image-preview:large, max-video-preview:-1\" \/>\n<link rel=\"canonical\" href=\"https:\/\/www.lookforward.at\/en\/produkt\/flauschige-winter-bauchtasche-dein-kuscheliges-must-have\/\" \/>\n<meta property=\"og:locale\" content=\"en_US\" \/>\n<meta property=\"og:locale:alternate\" content=\"de_DE\" \/>\n<meta property=\"og:type\" content=\"article\" \/>\n<meta property=\"og:title\" content=\"Flauschige Winter-Bauchtasche \u2013 dein kuscheliges Must-Have\" \/>\n<meta property=\"og:description\" content=\"Flauschige Winter-Bauchtasche \u2013 dein kuscheliges Must-Have  Diese zuckers\u00fc\u00dfen Fanny Packs sind das perfekte Accessoire f\u00fcr den Winter! Weich, warm, superleicht \u2013 und dank verstellbarem Gurt bequem crossbody oder klassisch um die Taille tragbar.  Die flauschige Oberfl\u00e4che sorgt nicht nur f\u00fcr den absoluten Cozy-Faktor, sondern macht jede Tasche sofort zum Hingucker. Ob f\u00fcr Spazierg\u00e4nge, Weihnachtsmarkt, Citytrip oder den Alltag \u2013 hier hast du Handy, Schl\u00fcssel &amp; Co. immer stylisch griffbereit.  Farben: Creme \u2022 Weinrot \u2022 Schwarz \u2022 Dunkelbraun \u2022 Taupe Material: 100 % Polyester Details: \u2022 weiches Fake-Fur \u2022 verstellbarer Schultergurt \u2022 goldfarbener Zipper \u2022 leicht &amp; angenehm zu tragen  Ein Winter-Essential, das jedes Outfit sofort aufwertet \u2744\ufe0f\ud83d\udc5c\u2728\" \/>\n<meta property=\"og:url\" content=\"https:\/\/www.lookforward.at\/en\/produkt\/flauschige-winter-bauchtasche-dein-kuscheliges-must-have\/\" \/>\n<meta property=\"og:site_name\" content=\"lookforward Shop\" \/>\n<meta property=\"article:modified_time\" content=\"2026-02-20T19:11:47+00:00\" \/>\n<meta property=\"og:image\" content=\"https:\/\/www.lookforward.at\/wp-content\/uploads\/2025\/11\/image00066-1-scaled.jpeg\" \/>\n\t<meta property=\"og:image:width\" content=\"2560\" \/>\n\t<meta property=\"og:image:height\" content=\"1920\" \/>\n\t<meta property=\"og:image:type\" content=\"image\/jpeg\" \/>\n<meta name=\"twitter:card\" content=\"summary_large_image\" \/>\n<meta name=\"twitter:label1\" content=\"Est. reading time\" \/>\n\t<meta name=\"twitter:data1\" content=\"1 minute\" \/>\n<script type=\"application\/ld+json\" class=\"yoast-schema-graph\">{\"@context\":\"https:\/\/schema.org\",\"@graph\":[{\"@type\":\"WebPage\",\"@id\":\"https:\/\/www.lookforward.at\/produkt\/flauschige-winter-bauchtasche-dein-kuscheliges-must-have\/\",\"url\":\"https:\/\/www.lookforward.at\/produkt\/flauschige-winter-bauchtasche-dein-kuscheliges-must-have\/\",\"name\":\"Flauschige Winter-Bauchtasche \u2013 dein kuscheliges Must-Have\",\"isPartOf\":{\"@id\":\"https:\/\/www.lookforward.at\/#website\"},\"primaryImageOfPage\":{\"@id\":\"https:\/\/www.lookforward.at\/produkt\/flauschige-winter-bauchtasche-dein-kuscheliges-must-have\/#primaryimage\"},\"image\":{\"@id\":\"https:\/\/www.lookforward.at\/produkt\/flauschige-winter-bauchtasche-dein-kuscheliges-must-have\/#primaryimage\"},\"thumbnailUrl\":\"https:\/\/www.lookforward.at\/wp-content\/uploads\/2025\/11\/image00066-1-scaled.jpeg\",\"datePublished\":\"2025-11-23T06:38:55+00:00\",\"dateModified\":\"2026-02-20T19:11:47+00:00\",\"breadcrumb\":{\"@id\":\"https:\/\/www.lookforward.at\/produkt\/flauschige-winter-bauchtasche-dein-kuscheliges-must-have\/#breadcrumb\"},\"inLanguage\":\"en-US\",\"potentialAction\":[{\"@type\":\"ReadAction\",\"target\":[\"https:\/\/www.lookforward.at\/produkt\/flauschige-winter-bauchtasche-dein-kuscheliges-must-have\/\"]}]},{\"@type\":\"ImageObject\",\"inLanguage\":\"en-US\",\"@id\":\"https:\/\/www.lookforward.at\/produkt\/flauschige-winter-bauchtasche-dein-kuscheliges-must-have\/#primaryimage\",\"url\":\"https:\/\/www.lookforward.at\/wp-content\/uploads\/2025\/11\/image00066-1-scaled.jpeg\",\"contentUrl\":\"https:\/\/www.lookforward.at\/wp-content\/uploads\/2025\/11\/image00066-1-scaled.jpeg\",\"width\":2560,\"height\":1920,\"caption\":\"Processed with VSCO with al3 preset\"},{\"@type\":\"BreadcrumbList\",\"@id\":\"https:\/\/www.lookforward.at\/produkt\/flauschige-winter-bauchtasche-dein-kuscheliges-must-have\/#breadcrumb\",\"itemListElement\":[{\"@type\":\"ListItem\",\"position\":1,\"name\":\"Startseite\",\"item\":\"https:\/\/www.lookforward.at\/\"},{\"@type\":\"ListItem\",\"position\":2,\"name\":\"Shop\",\"item\":\"https:\/\/www.lookforward.at\/shop\/\"},{\"@type\":\"ListItem\",\"position\":3,\"name\":\"Flauschige Winter-Bauchtasche \u2013 dein kuscheliges Must-Have\"}]},{\"@type\":\"WebSite\",\"@id\":\"https:\/\/www.lookforward.at\/#website\",\"url\":\"https:\/\/www.lookforward.at\/\",\"name\":\"lookforward Shop\",\"description\":\"Der neue Shop f\u00fcr Fashion, Lifestyle, Family, Food and Beauty.\",\"publisher\":{\"@id\":\"https:\/\/www.lookforward.at\/#organization\"},\"potentialAction\":[{\"@type\":\"SearchAction\",\"target\":{\"@type\":\"EntryPoint\",\"urlTemplate\":\"https:\/\/www.lookforward.at\/?s={search_term_string}\"},\"query-input\":{\"@type\":\"PropertyValueSpecification\",\"valueRequired\":true,\"valueName\":\"search_term_string\"}}],\"inLanguage\":\"en-US\"},{\"@type\":\"Organization\",\"@id\":\"https:\/\/www.lookforward.at\/#organization\",\"name\":\"KB lookforward\",\"url\":\"https:\/\/www.lookforward.at\/\",\"logo\":{\"@type\":\"ImageObject\",\"inLanguage\":\"en-US\",\"@id\":\"https:\/\/www.lookforward.at\/#\/schema\/logo\/image\/\",\"url\":\"https:\/\/www.lookforward.at\/wp-content\/uploads\/2023\/10\/Icon-KB.svg\",\"contentUrl\":\"https:\/\/www.lookforward.at\/wp-content\/uploads\/2023\/10\/Icon-KB.svg\",\"caption\":\"KB lookforward\"},\"image\":{\"@id\":\"https:\/\/www.lookforward.at\/#\/schema\/logo\/image\/\"}}]}<\/script>\n<!-- \/ Yoast SEO plugin. -->","yoast_head_json":{"title":"Flauschige Winter-Bauchtasche \u2013 dein kuscheliges Must-Have","robots":{"index":"index","follow":"follow","max-snippet":"max-snippet:-1","max-image-preview":"max-image-preview:large","max-video-preview":"max-video-preview:-1"},"canonical":"https:\/\/www.lookforward.at\/en\/produkt\/flauschige-winter-bauchtasche-dein-kuscheliges-must-have\/","og_locale":"en_US","og_type":"article","og_title":"[:de]Flauschige Winter-Bauchtasche \u2013 dein kuscheliges Must-Have[:] - lookforward Shop","og_description":"Flauschige Winter-Bauchtasche \u2013 dein kuscheliges Must-Have  Diese zuckers\u00fc\u00dfen Fanny Packs sind das perfekte Accessoire f\u00fcr den Winter! Weich, warm, superleicht \u2013 und dank verstellbarem Gurt bequem crossbody oder klassisch um die Taille tragbar.  Die flauschige Oberfl\u00e4che sorgt nicht nur f\u00fcr den absoluten Cozy-Faktor, sondern macht jede Tasche sofort zum Hingucker. Ob f\u00fcr Spazierg\u00e4nge, Weihnachtsmarkt, Citytrip oder den Alltag \u2013 hier hast du Handy, Schl\u00fcssel & Co. immer stylisch griffbereit.  Farben: Creme \u2022 Weinrot \u2022 Schwarz \u2022 Dunkelbraun \u2022 Taupe Material: 100 % Polyester Details: \u2022 weiches Fake-Fur \u2022 verstellbarer Schultergurt \u2022 goldfarbener Zipper \u2022 leicht & angenehm zu tragen  Ein Winter-Essential, das jedes Outfit sofort aufwertet \u2744\ufe0f\ud83d\udc5c\u2728","og_url":"https:\/\/www.lookforward.at\/en\/produkt\/flauschige-winter-bauchtasche-dein-kuscheliges-must-have\/","og_site_name":"lookforward Shop","article_modified_time":"2026-02-20T19:11:47+00:00","og_image":[{"width":2560,"height":1920,"url":"https:\/\/www.lookforward.at\/wp-content\/uploads\/2025\/11\/image00066-1-scaled.jpeg","type":"image\/jpeg"}],"twitter_card":"summary_large_image","twitter_misc":{"Est. reading time":"1 minute"},"schema":{"@context":"https:\/\/schema.org","@graph":[{"@type":"WebPage","@id":"https:\/\/www.lookforward.at\/produkt\/flauschige-winter-bauchtasche-dein-kuscheliges-must-have\/","url":"https:\/\/www.lookforward.at\/produkt\/flauschige-winter-bauchtasche-dein-kuscheliges-must-have\/","name":"Flauschige Winter-Bauchtasche \u2013 dein kuscheliges Must-Have","isPartOf":{"@id":"https:\/\/www.lookforward.at\/#website"},"primaryImageOfPage":{"@id":"https:\/\/www.lookforward.at\/produkt\/flauschige-winter-bauchtasche-dein-kuscheliges-must-have\/#primaryimage"},"image":{"@id":"https:\/\/www.lookforward.at\/produkt\/flauschige-winter-bauchtasche-dein-kuscheliges-must-have\/#primaryimage"},"thumbnailUrl":"https:\/\/www.lookforward.at\/wp-content\/uploads\/2025\/11\/image00066-1-scaled.jpeg","datePublished":"2025-11-23T06:38:55+00:00","dateModified":"2026-02-20T19:11:47+00:00","breadcrumb":{"@id":"https:\/\/www.lookforward.at\/produkt\/flauschige-winter-bauchtasche-dein-kuscheliges-must-have\/#breadcrumb"},"inLanguage":"en-US","potentialAction":[{"@type":"ReadAction","target":["https:\/\/www.lookforward.at\/produkt\/flauschige-winter-bauchtasche-dein-kuscheliges-must-have\/"]}]},{"@type":"ImageObject","inLanguage":"en-US","@id":"https:\/\/www.lookforward.at\/produkt\/flauschige-winter-bauchtasche-dein-kuscheliges-must-have\/#primaryimage","url":"https:\/\/www.lookforward.at\/wp-content\/uploads\/2025\/11\/image00066-1-scaled.jpeg","contentUrl":"https:\/\/www.lookforward.at\/wp-content\/uploads\/2025\/11\/image00066-1-scaled.jpeg","width":2560,"height":1920,"caption":"Processed with VSCO with al3 preset"},{"@type":"BreadcrumbList","@id":"https:\/\/www.lookforward.at\/produkt\/flauschige-winter-bauchtasche-dein-kuscheliges-must-have\/#breadcrumb","itemListElement":[{"@type":"ListItem","position":1,"name":"Startseite","item":"https:\/\/www.lookforward.at\/"},{"@type":"ListItem","position":2,"name":"Shop","item":"https:\/\/www.lookforward.at\/shop\/"},{"@type":"ListItem","position":3,"name":"Flauschige Winter-Bauchtasche \u2013 dein kuscheliges Must-Have"}]},{"@type":"WebSite","@id":"https:\/\/www.lookforward.at\/#website","url":"https:\/\/www.lookforward.at\/","name":"lookforward Shop","description":"Der neue Shop f\u00fcr Fashion, Lifestyle, Family, Food and Beauty.","publisher":{"@id":"https:\/\/www.lookforward.at\/#organization"},"potentialAction":[{"@type":"SearchAction","target":{"@type":"EntryPoint","urlTemplate":"https:\/\/www.lookforward.at\/?s={search_term_string}"},"query-input":{"@type":"PropertyValueSpecification","valueRequired":true,"valueName":"search_term_string"}}],"inLanguage":"en-US"},{"@type":"Organization","@id":"https:\/\/www.lookforward.at\/#organization","name":"KB lookforward","url":"https:\/\/www.lookforward.at\/","logo":{"@type":"ImageObject","inLanguage":"en-US","@id":"https:\/\/www.lookforward.at\/#\/schema\/logo\/image\/","url":"https:\/\/www.lookforward.at\/wp-content\/uploads\/2023\/10\/Icon-KB.svg","contentUrl":"https:\/\/www.lookforward.at\/wp-content\/uploads\/2023\/10\/Icon-KB.svg","caption":"KB lookforward"},"image":{"@id":"https:\/\/www.lookforward.at\/#\/schema\/logo\/image\/"}}]}},"_links":{"self":[{"href":"https:\/\/www.lookforward.at\/en\/wp-json\/wp\/v2\/product\/152713","targetHints":{"allow":["GET"]}}],"collection":[{"href":"https:\/\/www.lookforward.at\/en\/wp-json\/wp\/v2\/product"}],"about":[{"href":"https:\/\/www.lookforward.at\/en\/wp-json\/wp\/v2\/types\/product"}],"wp:featuredmedia":[{"embeddable":true,"href":"https:\/\/www.lookforward.at\/en\/wp-json\/wp\/v2\/media\/152643"}],"wp:attachment":[{"href":"https:\/\/www.lookforward.at\/en\/wp-json\/wp\/v2\/media?parent=152713"}],"wp:term":[{"taxonomy":"product_brand","embeddable":true,"href":"https:\/\/www.lookforward.at\/en\/wp-json\/wp\/v2\/product_brand?post=152713"},{"taxonomy":"product_cat","embeddable":true,"href":"https:\/\/www.lookforward.at\/en\/wp-json\/wp\/v2\/product_cat?post=152713"},{"taxonomy":"product_tag","embeddable":true,"href":"https:\/\/www.lookforward.at\/en\/wp-json\/wp\/v2\/product_tag?post=152713"}],"curies":[{"name":"wp","href":"https:\/\/api.w.org\/{rel}","templated":true}]}}