{"id":153065,"date":"2025-12-06T23:50:20","date_gmt":"2025-12-06T22:50:20","guid":{"rendered":"https:\/\/www.lookforward.at\/?post_type=product&#038;p=153065"},"modified":"2025-12-27T20:00:24","modified_gmt":"2025-12-27T19:00:24","slug":"el-87-satin-bomberjacke-edel-laessig-super-leicht","status":"publish","type":"product","link":"https:\/\/www.lookforward.at\/en\/produkt\/el-87-satin-bomberjacke-edel-laessig-super-leicht\/","title":{"rendered":"EL 87 Satin Bomberjacke \u2013 edel, l\u00e4ssig &#038; super leicht"},"content":{"rendered":"","protected":false},"excerpt":{"rendered":"<div><b>Satin Bomberjacke \u2013 edel, l\u00e4ssig &#038; super leicht<\/b><\/div>\n<div>italienische ONE SIZE (passt von 36\/42)<\/div>\n<div><\/div>\n<div>Diese stylische Bomberjacke vereint sportiven Schnitt mit einem edlen, seidig gl\u00e4nzenden Finish. Die weiche, flie\u00dfende Qualit\u00e4t sorgt f\u00fcr einen angenehmen Tragekomfort \u2013 perfekt f\u00fcr \u00dcbergangstage oder als schicke Erg\u00e4nzung zu deinem Alltagslook.<\/div>\n<div><\/div>\n<div><b>Details:<\/b><\/div>\n<div>\u2022 Leicht gl\u00e4nzende Satin-Optik<\/div>\n<div>\u2022 Frontzipper<\/div>\n<div>\u2022 Elastische B\u00fcndchen f\u00fcr perfekten Sitz<\/div>\n<div>\u2022 Tunnelzug am Saum \u2013 individuell verstellbar<\/div>\n<div>\u2022 Seitliche Eingrifftaschen<\/div>\n<div>\u2022 In mehreren Farben erh\u00e4ltlich: Schoko, Schwarz &#038; Bordeaux<\/div>\n<div><\/div>\n<div><b>Material:<\/b><\/div>\n<div>55 % Viskose<\/div>\n<div>45 % Rayon<\/div>\n<div><\/div>\n<div><b>Passform:<\/b><\/div>\n<div>One Size \u2013 passend ca. <b>36\u201344<\/b><\/div>\n","protected":false},"featured_media":153140,"template":"","meta":{"inline_featured_image":false},"product_brand":[],"product_cat":[435],"product_tag":[],"class_list":{"0":"post-153065","1":"product","2":"type-product","3":"status-publish","4":"has-post-thumbnail","6":"product_cat-blazer","8":"first","9":"onbackorder","10":"taxable","11":"shipping-taxable","12":"purchasable","13":"product-type-variable"},"bundled_by":[],"bundle_stock_status":"onbackorder","bundle_stock_quantity":null,"bundle_virtual":false,"bundle_layout":"","bundle_add_to_cart_form_location":"","bundle_editable_in_cart":false,"bundle_sold_individually_context":"","bundle_item_grouping":"","bundle_min_size":"","bundle_max_size":"","bundle_price":[],"bundled_items":[],"bundle_sell_ids":[],"yoast_head":"<!-- This site is optimized with the Yoast SEO plugin v26.5 - https:\/\/yoast.com\/wordpress\/plugins\/seo\/ -->\n<title>EL 87 Satin Bomberjacke \u2013 edel, l\u00e4ssig &amp; super leicht<\/title>\n<meta name=\"robots\" content=\"index, follow, max-snippet:-1, max-image-preview:large, max-video-preview:-1\" \/>\n<link rel=\"canonical\" href=\"https:\/\/www.lookforward.at\/en\/produkt\/el-87-satin-bomberjacke-edel-laessig-super-leicht\/\" \/>\n<meta property=\"og:locale\" content=\"en_US\" \/>\n<meta property=\"og:locale:alternate\" content=\"de_DE\" \/>\n<meta property=\"og:type\" content=\"article\" \/>\n<meta property=\"og:title\" content=\"EL 87 Satin Bomberjacke \u2013 edel, l\u00e4ssig &amp; super leicht\" \/>\n<meta property=\"og:description\" content=\"Satin Bomberjacke \u2013 edel, l\u00e4ssig &amp; super leicht italienische ONE SIZE (passt von 36\/42)  Diese stylische Bomberjacke vereint sportiven Schnitt mit einem edlen, seidig gl\u00e4nzenden Finish. Die weiche, flie\u00dfende Qualit\u00e4t sorgt f\u00fcr einen angenehmen Tragekomfort \u2013 perfekt f\u00fcr \u00dcbergangstage oder als schicke Erg\u00e4nzung zu deinem Alltagslook.  Details: \u2022 Leicht gl\u00e4nzende Satin-Optik \u2022 Frontzipper \u2022 Elastische B\u00fcndchen f\u00fcr perfekten Sitz \u2022 Tunnelzug am Saum \u2013 individuell verstellbar \u2022 Seitliche Eingrifftaschen \u2022 In mehreren Farben erh\u00e4ltlich: Schoko, Schwarz &amp; Bordeaux  Material: 55 % Viskose 45 % Rayon  Passform: One Size \u2013 passend ca. 36\u201344\" \/>\n<meta property=\"og:url\" content=\"https:\/\/www.lookforward.at\/en\/produkt\/el-87-satin-bomberjacke-edel-laessig-super-leicht\/\" \/>\n<meta property=\"og:site_name\" content=\"lookforward Shop\" \/>\n<meta property=\"article:modified_time\" content=\"2025-12-27T19:00:24+00:00\" \/>\n<meta property=\"og:image\" content=\"https:\/\/www.lookforward.at\/wp-content\/uploads\/2025\/12\/image00005-2-scaled.jpeg\" \/>\n\t<meta property=\"og:image:width\" content=\"1920\" \/>\n\t<meta property=\"og:image:height\" content=\"2560\" \/>\n\t<meta property=\"og:image:type\" content=\"image\/jpeg\" \/>\n<meta name=\"twitter:card\" content=\"summary_large_image\" \/>\n<meta name=\"twitter:label1\" content=\"Est. reading time\" \/>\n\t<meta name=\"twitter:data1\" content=\"1 minute\" \/>\n<script type=\"application\/ld+json\" class=\"yoast-schema-graph\">{\"@context\":\"https:\/\/schema.org\",\"@graph\":[{\"@type\":\"WebPage\",\"@id\":\"https:\/\/www.lookforward.at\/produkt\/el-87-satin-bomberjacke-edel-laessig-super-leicht\/\",\"url\":\"https:\/\/www.lookforward.at\/produkt\/el-87-satin-bomberjacke-edel-laessig-super-leicht\/\",\"name\":\"EL 87 Satin Bomberjacke \u2013 edel, l\u00e4ssig & super leicht\",\"isPartOf\":{\"@id\":\"https:\/\/www.lookforward.at\/#website\"},\"primaryImageOfPage\":{\"@id\":\"https:\/\/www.lookforward.at\/produkt\/el-87-satin-bomberjacke-edel-laessig-super-leicht\/#primaryimage\"},\"image\":{\"@id\":\"https:\/\/www.lookforward.at\/produkt\/el-87-satin-bomberjacke-edel-laessig-super-leicht\/#primaryimage\"},\"thumbnailUrl\":\"https:\/\/www.lookforward.at\/wp-content\/uploads\/2025\/12\/image00005-2-scaled.jpeg\",\"datePublished\":\"2025-12-06T22:50:20+00:00\",\"dateModified\":\"2025-12-27T19:00:24+00:00\",\"breadcrumb\":{\"@id\":\"https:\/\/www.lookforward.at\/produkt\/el-87-satin-bomberjacke-edel-laessig-super-leicht\/#breadcrumb\"},\"inLanguage\":\"en-US\",\"potentialAction\":[{\"@type\":\"ReadAction\",\"target\":[\"https:\/\/www.lookforward.at\/produkt\/el-87-satin-bomberjacke-edel-laessig-super-leicht\/\"]}]},{\"@type\":\"ImageObject\",\"inLanguage\":\"en-US\",\"@id\":\"https:\/\/www.lookforward.at\/produkt\/el-87-satin-bomberjacke-edel-laessig-super-leicht\/#primaryimage\",\"url\":\"https:\/\/www.lookforward.at\/wp-content\/uploads\/2025\/12\/image00005-2-scaled.jpeg\",\"contentUrl\":\"https:\/\/www.lookforward.at\/wp-content\/uploads\/2025\/12\/image00005-2-scaled.jpeg\",\"width\":1920,\"height\":2560,\"caption\":\"Processed with VSCO with al3 preset\"},{\"@type\":\"BreadcrumbList\",\"@id\":\"https:\/\/www.lookforward.at\/produkt\/el-87-satin-bomberjacke-edel-laessig-super-leicht\/#breadcrumb\",\"itemListElement\":[{\"@type\":\"ListItem\",\"position\":1,\"name\":\"Startseite\",\"item\":\"https:\/\/www.lookforward.at\/\"},{\"@type\":\"ListItem\",\"position\":2,\"name\":\"Shop\",\"item\":\"https:\/\/www.lookforward.at\/shop\/\"},{\"@type\":\"ListItem\",\"position\":3,\"name\":\"EL 87 Satin Bomberjacke \u2013 edel, l\u00e4ssig &#038; super leicht\"}]},{\"@type\":\"WebSite\",\"@id\":\"https:\/\/www.lookforward.at\/#website\",\"url\":\"https:\/\/www.lookforward.at\/\",\"name\":\"lookforward Shop\",\"description\":\"Der neue Shop f\u00fcr Fashion, Lifestyle, Family, Food and Beauty.\",\"publisher\":{\"@id\":\"https:\/\/www.lookforward.at\/#organization\"},\"potentialAction\":[{\"@type\":\"SearchAction\",\"target\":{\"@type\":\"EntryPoint\",\"urlTemplate\":\"https:\/\/www.lookforward.at\/?s={search_term_string}\"},\"query-input\":{\"@type\":\"PropertyValueSpecification\",\"valueRequired\":true,\"valueName\":\"search_term_string\"}}],\"inLanguage\":\"en-US\"},{\"@type\":\"Organization\",\"@id\":\"https:\/\/www.lookforward.at\/#organization\",\"name\":\"KB lookforward\",\"url\":\"https:\/\/www.lookforward.at\/\",\"logo\":{\"@type\":\"ImageObject\",\"inLanguage\":\"en-US\",\"@id\":\"https:\/\/www.lookforward.at\/#\/schema\/logo\/image\/\",\"url\":\"https:\/\/www.lookforward.at\/wp-content\/uploads\/2023\/10\/Icon-KB.svg\",\"contentUrl\":\"https:\/\/www.lookforward.at\/wp-content\/uploads\/2023\/10\/Icon-KB.svg\",\"caption\":\"KB lookforward\"},\"image\":{\"@id\":\"https:\/\/www.lookforward.at\/#\/schema\/logo\/image\/\"}}]}<\/script>\n<!-- \/ Yoast SEO plugin. -->","yoast_head_json":{"title":"EL 87 Satin Bomberjacke \u2013 edel, l\u00e4ssig & super leicht","robots":{"index":"index","follow":"follow","max-snippet":"max-snippet:-1","max-image-preview":"max-image-preview:large","max-video-preview":"max-video-preview:-1"},"canonical":"https:\/\/www.lookforward.at\/en\/produkt\/el-87-satin-bomberjacke-edel-laessig-super-leicht\/","og_locale":"en_US","og_type":"article","og_title":"[:de]EL 87 Satin Bomberjacke \u2013 edel, l\u00e4ssig & super leicht[:] - lookforward Shop","og_description":"Satin Bomberjacke \u2013 edel, l\u00e4ssig & super leicht italienische ONE SIZE (passt von 36\/42)  Diese stylische Bomberjacke vereint sportiven Schnitt mit einem edlen, seidig gl\u00e4nzenden Finish. Die weiche, flie\u00dfende Qualit\u00e4t sorgt f\u00fcr einen angenehmen Tragekomfort \u2013 perfekt f\u00fcr \u00dcbergangstage oder als schicke Erg\u00e4nzung zu deinem Alltagslook.  Details: \u2022 Leicht gl\u00e4nzende Satin-Optik \u2022 Frontzipper \u2022 Elastische B\u00fcndchen f\u00fcr perfekten Sitz \u2022 Tunnelzug am Saum \u2013 individuell verstellbar \u2022 Seitliche Eingrifftaschen \u2022 In mehreren Farben erh\u00e4ltlich: Schoko, Schwarz & Bordeaux  Material: 55 % Viskose 45 % Rayon  Passform: One Size \u2013 passend ca. 36\u201344","og_url":"https:\/\/www.lookforward.at\/en\/produkt\/el-87-satin-bomberjacke-edel-laessig-super-leicht\/","og_site_name":"lookforward Shop","article_modified_time":"2025-12-27T19:00:24+00:00","og_image":[{"width":1920,"height":2560,"url":"https:\/\/www.lookforward.at\/wp-content\/uploads\/2025\/12\/image00005-2-scaled.jpeg","type":"image\/jpeg"}],"twitter_card":"summary_large_image","twitter_misc":{"Est. reading time":"1 minute"},"schema":{"@context":"https:\/\/schema.org","@graph":[{"@type":"WebPage","@id":"https:\/\/www.lookforward.at\/produkt\/el-87-satin-bomberjacke-edel-laessig-super-leicht\/","url":"https:\/\/www.lookforward.at\/produkt\/el-87-satin-bomberjacke-edel-laessig-super-leicht\/","name":"EL 87 Satin Bomberjacke \u2013 edel, l\u00e4ssig & super leicht","isPartOf":{"@id":"https:\/\/www.lookforward.at\/#website"},"primaryImageOfPage":{"@id":"https:\/\/www.lookforward.at\/produkt\/el-87-satin-bomberjacke-edel-laessig-super-leicht\/#primaryimage"},"image":{"@id":"https:\/\/www.lookforward.at\/produkt\/el-87-satin-bomberjacke-edel-laessig-super-leicht\/#primaryimage"},"thumbnailUrl":"https:\/\/www.lookforward.at\/wp-content\/uploads\/2025\/12\/image00005-2-scaled.jpeg","datePublished":"2025-12-06T22:50:20+00:00","dateModified":"2025-12-27T19:00:24+00:00","breadcrumb":{"@id":"https:\/\/www.lookforward.at\/produkt\/el-87-satin-bomberjacke-edel-laessig-super-leicht\/#breadcrumb"},"inLanguage":"en-US","potentialAction":[{"@type":"ReadAction","target":["https:\/\/www.lookforward.at\/produkt\/el-87-satin-bomberjacke-edel-laessig-super-leicht\/"]}]},{"@type":"ImageObject","inLanguage":"en-US","@id":"https:\/\/www.lookforward.at\/produkt\/el-87-satin-bomberjacke-edel-laessig-super-leicht\/#primaryimage","url":"https:\/\/www.lookforward.at\/wp-content\/uploads\/2025\/12\/image00005-2-scaled.jpeg","contentUrl":"https:\/\/www.lookforward.at\/wp-content\/uploads\/2025\/12\/image00005-2-scaled.jpeg","width":1920,"height":2560,"caption":"Processed with VSCO with al3 preset"},{"@type":"BreadcrumbList","@id":"https:\/\/www.lookforward.at\/produkt\/el-87-satin-bomberjacke-edel-laessig-super-leicht\/#breadcrumb","itemListElement":[{"@type":"ListItem","position":1,"name":"Startseite","item":"https:\/\/www.lookforward.at\/"},{"@type":"ListItem","position":2,"name":"Shop","item":"https:\/\/www.lookforward.at\/shop\/"},{"@type":"ListItem","position":3,"name":"EL 87 Satin Bomberjacke \u2013 edel, l\u00e4ssig &#038; super leicht"}]},{"@type":"WebSite","@id":"https:\/\/www.lookforward.at\/#website","url":"https:\/\/www.lookforward.at\/","name":"lookforward Shop","description":"Der neue Shop f\u00fcr Fashion, Lifestyle, Family, Food and Beauty.","publisher":{"@id":"https:\/\/www.lookforward.at\/#organization"},"potentialAction":[{"@type":"SearchAction","target":{"@type":"EntryPoint","urlTemplate":"https:\/\/www.lookforward.at\/?s={search_term_string}"},"query-input":{"@type":"PropertyValueSpecification","valueRequired":true,"valueName":"search_term_string"}}],"inLanguage":"en-US"},{"@type":"Organization","@id":"https:\/\/www.lookforward.at\/#organization","name":"KB lookforward","url":"https:\/\/www.lookforward.at\/","logo":{"@type":"ImageObject","inLanguage":"en-US","@id":"https:\/\/www.lookforward.at\/#\/schema\/logo\/image\/","url":"https:\/\/www.lookforward.at\/wp-content\/uploads\/2023\/10\/Icon-KB.svg","contentUrl":"https:\/\/www.lookforward.at\/wp-content\/uploads\/2023\/10\/Icon-KB.svg","caption":"KB lookforward"},"image":{"@id":"https:\/\/www.lookforward.at\/#\/schema\/logo\/image\/"}}]}},"_links":{"self":[{"href":"https:\/\/www.lookforward.at\/en\/wp-json\/wp\/v2\/product\/153065","targetHints":{"allow":["GET"]}}],"collection":[{"href":"https:\/\/www.lookforward.at\/en\/wp-json\/wp\/v2\/product"}],"about":[{"href":"https:\/\/www.lookforward.at\/en\/wp-json\/wp\/v2\/types\/product"}],"wp:featuredmedia":[{"embeddable":true,"href":"https:\/\/www.lookforward.at\/en\/wp-json\/wp\/v2\/media\/153140"}],"wp:attachment":[{"href":"https:\/\/www.lookforward.at\/en\/wp-json\/wp\/v2\/media?parent=153065"}],"wp:term":[{"taxonomy":"product_brand","embeddable":true,"href":"https:\/\/www.lookforward.at\/en\/wp-json\/wp\/v2\/product_brand?post=153065"},{"taxonomy":"product_cat","embeddable":true,"href":"https:\/\/www.lookforward.at\/en\/wp-json\/wp\/v2\/product_cat?post=153065"},{"taxonomy":"product_tag","embeddable":true,"href":"https:\/\/www.lookforward.at\/en\/wp-json\/wp\/v2\/product_tag?post=153065"}],"curies":[{"name":"wp","href":"https:\/\/api.w.org\/{rel}","templated":true}]}}