{"id":153171,"date":"2025-12-07T08:42:46","date_gmt":"2025-12-07T07:42:46","guid":{"rendered":"https:\/\/www.lookforward.at\/?post_type=product&#038;p=153171"},"modified":"2026-02-20T19:15:59","modified_gmt":"2026-02-20T18:15:59","slug":"ka-093-eleganter-plissee-jumpsuit-schwarz-bordeaux","status":"publish","type":"product","link":"https:\/\/www.lookforward.at\/en\/produkt\/ka-093-eleganter-plissee-jumpsuit-schwarz-bordeaux\/","title":{"rendered":"KA 093  Eleganter Plissee-Jumpsuit \u2013 Schwarz &#038; Bordeaux"},"content":{"rendered":"","protected":false},"excerpt":{"rendered":"<div>\u2b50<b> Eleganter Plissee-Jumpsuit \u2013 Schwarz &#038; Bordeaux<\/b><\/div>\n<div>ONE SIZE (passt von 36 -44)<\/div>\n<div><\/div>\n<div><b>Material:<\/b> 95 % Polyester, 5 % Elasthan<\/div>\n<div><\/div>\n<div>Der perfekte Look f\u00fcr besondere Anl\u00e4sse!<\/div>\n<div>Dieser edle Jumpsuit kombiniert ein tiefes Wickel-Dekollet\u00e9 mit einem flie\u00dfenden, plissierten Bein \u2013 feminin, modern und unglaublich schmeichelhaft. Der Stoff f\u00e4llt weich und sorgt dank Elasthan f\u00fcr angenehme Bewegungsfreiheit.<\/div>\n<div><\/div>\n<div>Ein Bindeg\u00fcrtel in der Taille betont deine Silhouette, w\u00e4hrend die 3\/4-\u00c4rmel dem Design eine elegante Leichtigkeit verleihen.<\/div>\n<div><\/div>\n<div><b>Details:<\/b><\/div>\n<div>\u2022 Wickeloptik vorne und hinten<\/div>\n<div>\u2022 Langer, plissierter Hosenanteil<\/div>\n<div>\u2022 3\/4-\u00c4rmel<\/div>\n<div>\u2022 Bindeg\u00fcrtel in der Taille<\/div>\n<div>\u2022 Angenehm weicher, elastischer Stoff<\/div>\n<div>\u2022 Erh\u00e4ltlich in <b>Schwarz<\/b> &#038; <b>Bordeaux<\/b><\/div>\n<div><\/div>\n<div>Ein absoluter Hingucker \u2013 ob Hochzeit, Dinner, Feier oder stilvoller Alltagslook.<\/div>\n","protected":false},"featured_media":153073,"template":"","meta":{"inline_featured_image":false},"product_brand":[],"product_cat":[495,72],"product_tag":[],"class_list":{"0":"post-153171","1":"product","2":"type-product","3":"status-publish","4":"has-post-thumbnail","6":"product_cat-jumpsuits-und-2-teiler","7":"product_cat-kleid","9":"first","10":"onbackorder","11":"taxable","12":"shipping-taxable","13":"purchasable","14":"product-type-variable"},"bundled_by":[],"bundle_stock_status":"onbackorder","bundle_stock_quantity":null,"bundle_virtual":false,"bundle_layout":"","bundle_add_to_cart_form_location":"","bundle_editable_in_cart":false,"bundle_sold_individually_context":"","bundle_item_grouping":"","bundle_min_size":"","bundle_max_size":"","bundle_price":[],"bundled_items":[],"bundle_sell_ids":[],"yoast_head":"<!-- This site is optimized with the Yoast SEO plugin v26.5 - https:\/\/yoast.com\/wordpress\/plugins\/seo\/ -->\n<title>KA 093 Eleganter Plissee-Jumpsuit \u2013 Schwarz &amp; Bordeaux<\/title>\n<meta name=\"robots\" content=\"index, follow, max-snippet:-1, max-image-preview:large, max-video-preview:-1\" \/>\n<link rel=\"canonical\" href=\"https:\/\/www.lookforward.at\/en\/produkt\/ka-093-eleganter-plissee-jumpsuit-schwarz-bordeaux\/\" \/>\n<meta property=\"og:locale\" content=\"en_US\" \/>\n<meta property=\"og:locale:alternate\" content=\"de_DE\" \/>\n<meta property=\"og:type\" content=\"article\" \/>\n<meta property=\"og:title\" content=\"KA 093 Eleganter Plissee-Jumpsuit \u2013 Schwarz &amp; Bordeaux\" \/>\n<meta property=\"og:description\" content=\"\u2b50 Eleganter Plissee-Jumpsuit \u2013 Schwarz &amp; Bordeaux ONE SIZE (passt von 36 -44)  Material: 95 % Polyester, 5 % Elasthan  Der perfekte Look f\u00fcr besondere Anl\u00e4sse! Dieser edle Jumpsuit kombiniert ein tiefes Wickel-Dekollet\u00e9 mit einem flie\u00dfenden, plissierten Bein \u2013 feminin, modern und unglaublich schmeichelhaft. Der Stoff f\u00e4llt weich und sorgt dank Elasthan f\u00fcr angenehme Bewegungsfreiheit.  Ein Bindeg\u00fcrtel in der Taille betont deine Silhouette, w\u00e4hrend die 3\/4-\u00c4rmel dem Design eine elegante Leichtigkeit verleihen.  Details: \u2022 Wickeloptik vorne und hinten \u2022 Langer, plissierter Hosenanteil \u2022 3\/4-\u00c4rmel \u2022 Bindeg\u00fcrtel in der Taille \u2022 Angenehm weicher, elastischer Stoff \u2022 Erh\u00e4ltlich in Schwarz &amp; Bordeaux  Ein absoluter Hingucker \u2013 ob Hochzeit, Dinner, Feier oder stilvoller Alltagslook.\" \/>\n<meta property=\"og:url\" content=\"https:\/\/www.lookforward.at\/en\/produkt\/ka-093-eleganter-plissee-jumpsuit-schwarz-bordeaux\/\" \/>\n<meta property=\"og:site_name\" content=\"lookforward Shop\" \/>\n<meta property=\"article:modified_time\" content=\"2026-02-20T18:15:59+00:00\" \/>\n<meta property=\"og:image\" content=\"https:\/\/www.lookforward.at\/wp-content\/uploads\/2025\/12\/image00008-scaled.jpeg\" \/>\n\t<meta property=\"og:image:width\" content=\"1920\" \/>\n\t<meta property=\"og:image:height\" content=\"2560\" \/>\n\t<meta property=\"og:image:type\" content=\"image\/jpeg\" \/>\n<meta name=\"twitter:card\" content=\"summary_large_image\" \/>\n<meta name=\"twitter:label1\" content=\"Est. reading time\" \/>\n\t<meta name=\"twitter:data1\" content=\"1 minute\" \/>\n<script type=\"application\/ld+json\" class=\"yoast-schema-graph\">{\"@context\":\"https:\/\/schema.org\",\"@graph\":[{\"@type\":\"WebPage\",\"@id\":\"https:\/\/www.lookforward.at\/produkt\/ka-093-eleganter-plissee-jumpsuit-schwarz-bordeaux\/\",\"url\":\"https:\/\/www.lookforward.at\/produkt\/ka-093-eleganter-plissee-jumpsuit-schwarz-bordeaux\/\",\"name\":\"KA 093 Eleganter Plissee-Jumpsuit \u2013 Schwarz & Bordeaux\",\"isPartOf\":{\"@id\":\"https:\/\/www.lookforward.at\/#website\"},\"primaryImageOfPage\":{\"@id\":\"https:\/\/www.lookforward.at\/produkt\/ka-093-eleganter-plissee-jumpsuit-schwarz-bordeaux\/#primaryimage\"},\"image\":{\"@id\":\"https:\/\/www.lookforward.at\/produkt\/ka-093-eleganter-plissee-jumpsuit-schwarz-bordeaux\/#primaryimage\"},\"thumbnailUrl\":\"https:\/\/www.lookforward.at\/wp-content\/uploads\/2025\/12\/image00008-scaled.jpeg\",\"datePublished\":\"2025-12-07T07:42:46+00:00\",\"dateModified\":\"2026-02-20T18:15:59+00:00\",\"breadcrumb\":{\"@id\":\"https:\/\/www.lookforward.at\/produkt\/ka-093-eleganter-plissee-jumpsuit-schwarz-bordeaux\/#breadcrumb\"},\"inLanguage\":\"en-US\",\"potentialAction\":[{\"@type\":\"ReadAction\",\"target\":[\"https:\/\/www.lookforward.at\/produkt\/ka-093-eleganter-plissee-jumpsuit-schwarz-bordeaux\/\"]}]},{\"@type\":\"ImageObject\",\"inLanguage\":\"en-US\",\"@id\":\"https:\/\/www.lookforward.at\/produkt\/ka-093-eleganter-plissee-jumpsuit-schwarz-bordeaux\/#primaryimage\",\"url\":\"https:\/\/www.lookforward.at\/wp-content\/uploads\/2025\/12\/image00008-scaled.jpeg\",\"contentUrl\":\"https:\/\/www.lookforward.at\/wp-content\/uploads\/2025\/12\/image00008-scaled.jpeg\",\"width\":1920,\"height\":2560},{\"@type\":\"BreadcrumbList\",\"@id\":\"https:\/\/www.lookforward.at\/produkt\/ka-093-eleganter-plissee-jumpsuit-schwarz-bordeaux\/#breadcrumb\",\"itemListElement\":[{\"@type\":\"ListItem\",\"position\":1,\"name\":\"Startseite\",\"item\":\"https:\/\/www.lookforward.at\/\"},{\"@type\":\"ListItem\",\"position\":2,\"name\":\"Shop\",\"item\":\"https:\/\/www.lookforward.at\/shop\/\"},{\"@type\":\"ListItem\",\"position\":3,\"name\":\"KA 093 Eleganter Plissee-Jumpsuit \u2013 Schwarz &#038; Bordeaux\"}]},{\"@type\":\"WebSite\",\"@id\":\"https:\/\/www.lookforward.at\/#website\",\"url\":\"https:\/\/www.lookforward.at\/\",\"name\":\"lookforward Shop\",\"description\":\"Der neue Shop f\u00fcr Fashion, Lifestyle, Family, Food and Beauty.\",\"publisher\":{\"@id\":\"https:\/\/www.lookforward.at\/#organization\"},\"potentialAction\":[{\"@type\":\"SearchAction\",\"target\":{\"@type\":\"EntryPoint\",\"urlTemplate\":\"https:\/\/www.lookforward.at\/?s={search_term_string}\"},\"query-input\":{\"@type\":\"PropertyValueSpecification\",\"valueRequired\":true,\"valueName\":\"search_term_string\"}}],\"inLanguage\":\"en-US\"},{\"@type\":\"Organization\",\"@id\":\"https:\/\/www.lookforward.at\/#organization\",\"name\":\"KB lookforward\",\"url\":\"https:\/\/www.lookforward.at\/\",\"logo\":{\"@type\":\"ImageObject\",\"inLanguage\":\"en-US\",\"@id\":\"https:\/\/www.lookforward.at\/#\/schema\/logo\/image\/\",\"url\":\"https:\/\/www.lookforward.at\/wp-content\/uploads\/2023\/10\/Icon-KB.svg\",\"contentUrl\":\"https:\/\/www.lookforward.at\/wp-content\/uploads\/2023\/10\/Icon-KB.svg\",\"caption\":\"KB lookforward\"},\"image\":{\"@id\":\"https:\/\/www.lookforward.at\/#\/schema\/logo\/image\/\"}}]}<\/script>\n<!-- \/ Yoast SEO plugin. -->","yoast_head_json":{"title":"KA 093 Eleganter Plissee-Jumpsuit \u2013 Schwarz & Bordeaux","robots":{"index":"index","follow":"follow","max-snippet":"max-snippet:-1","max-image-preview":"max-image-preview:large","max-video-preview":"max-video-preview:-1"},"canonical":"https:\/\/www.lookforward.at\/en\/produkt\/ka-093-eleganter-plissee-jumpsuit-schwarz-bordeaux\/","og_locale":"en_US","og_type":"article","og_title":"[:de]KA 093 Eleganter Plissee-Jumpsuit \u2013 Schwarz & Bordeaux[:] - lookforward Shop","og_description":"\u2b50 Eleganter Plissee-Jumpsuit \u2013 Schwarz & Bordeaux ONE SIZE (passt von 36 -44)  Material: 95 % Polyester, 5 % Elasthan  Der perfekte Look f\u00fcr besondere Anl\u00e4sse! Dieser edle Jumpsuit kombiniert ein tiefes Wickel-Dekollet\u00e9 mit einem flie\u00dfenden, plissierten Bein \u2013 feminin, modern und unglaublich schmeichelhaft. Der Stoff f\u00e4llt weich und sorgt dank Elasthan f\u00fcr angenehme Bewegungsfreiheit.  Ein Bindeg\u00fcrtel in der Taille betont deine Silhouette, w\u00e4hrend die 3\/4-\u00c4rmel dem Design eine elegante Leichtigkeit verleihen.  Details: \u2022 Wickeloptik vorne und hinten \u2022 Langer, plissierter Hosenanteil \u2022 3\/4-\u00c4rmel \u2022 Bindeg\u00fcrtel in der Taille \u2022 Angenehm weicher, elastischer Stoff \u2022 Erh\u00e4ltlich in Schwarz & Bordeaux  Ein absoluter Hingucker \u2013 ob Hochzeit, Dinner, Feier oder stilvoller Alltagslook.","og_url":"https:\/\/www.lookforward.at\/en\/produkt\/ka-093-eleganter-plissee-jumpsuit-schwarz-bordeaux\/","og_site_name":"lookforward Shop","article_modified_time":"2026-02-20T18:15:59+00:00","og_image":[{"width":1920,"height":2560,"url":"https:\/\/www.lookforward.at\/wp-content\/uploads\/2025\/12\/image00008-scaled.jpeg","type":"image\/jpeg"}],"twitter_card":"summary_large_image","twitter_misc":{"Est. reading time":"1 minute"},"schema":{"@context":"https:\/\/schema.org","@graph":[{"@type":"WebPage","@id":"https:\/\/www.lookforward.at\/produkt\/ka-093-eleganter-plissee-jumpsuit-schwarz-bordeaux\/","url":"https:\/\/www.lookforward.at\/produkt\/ka-093-eleganter-plissee-jumpsuit-schwarz-bordeaux\/","name":"KA 093 Eleganter Plissee-Jumpsuit \u2013 Schwarz & Bordeaux","isPartOf":{"@id":"https:\/\/www.lookforward.at\/#website"},"primaryImageOfPage":{"@id":"https:\/\/www.lookforward.at\/produkt\/ka-093-eleganter-plissee-jumpsuit-schwarz-bordeaux\/#primaryimage"},"image":{"@id":"https:\/\/www.lookforward.at\/produkt\/ka-093-eleganter-plissee-jumpsuit-schwarz-bordeaux\/#primaryimage"},"thumbnailUrl":"https:\/\/www.lookforward.at\/wp-content\/uploads\/2025\/12\/image00008-scaled.jpeg","datePublished":"2025-12-07T07:42:46+00:00","dateModified":"2026-02-20T18:15:59+00:00","breadcrumb":{"@id":"https:\/\/www.lookforward.at\/produkt\/ka-093-eleganter-plissee-jumpsuit-schwarz-bordeaux\/#breadcrumb"},"inLanguage":"en-US","potentialAction":[{"@type":"ReadAction","target":["https:\/\/www.lookforward.at\/produkt\/ka-093-eleganter-plissee-jumpsuit-schwarz-bordeaux\/"]}]},{"@type":"ImageObject","inLanguage":"en-US","@id":"https:\/\/www.lookforward.at\/produkt\/ka-093-eleganter-plissee-jumpsuit-schwarz-bordeaux\/#primaryimage","url":"https:\/\/www.lookforward.at\/wp-content\/uploads\/2025\/12\/image00008-scaled.jpeg","contentUrl":"https:\/\/www.lookforward.at\/wp-content\/uploads\/2025\/12\/image00008-scaled.jpeg","width":1920,"height":2560},{"@type":"BreadcrumbList","@id":"https:\/\/www.lookforward.at\/produkt\/ka-093-eleganter-plissee-jumpsuit-schwarz-bordeaux\/#breadcrumb","itemListElement":[{"@type":"ListItem","position":1,"name":"Startseite","item":"https:\/\/www.lookforward.at\/"},{"@type":"ListItem","position":2,"name":"Shop","item":"https:\/\/www.lookforward.at\/shop\/"},{"@type":"ListItem","position":3,"name":"KA 093 Eleganter Plissee-Jumpsuit \u2013 Schwarz &#038; Bordeaux"}]},{"@type":"WebSite","@id":"https:\/\/www.lookforward.at\/#website","url":"https:\/\/www.lookforward.at\/","name":"lookforward Shop","description":"Der neue Shop f\u00fcr Fashion, Lifestyle, Family, Food and Beauty.","publisher":{"@id":"https:\/\/www.lookforward.at\/#organization"},"potentialAction":[{"@type":"SearchAction","target":{"@type":"EntryPoint","urlTemplate":"https:\/\/www.lookforward.at\/?s={search_term_string}"},"query-input":{"@type":"PropertyValueSpecification","valueRequired":true,"valueName":"search_term_string"}}],"inLanguage":"en-US"},{"@type":"Organization","@id":"https:\/\/www.lookforward.at\/#organization","name":"KB lookforward","url":"https:\/\/www.lookforward.at\/","logo":{"@type":"ImageObject","inLanguage":"en-US","@id":"https:\/\/www.lookforward.at\/#\/schema\/logo\/image\/","url":"https:\/\/www.lookforward.at\/wp-content\/uploads\/2023\/10\/Icon-KB.svg","contentUrl":"https:\/\/www.lookforward.at\/wp-content\/uploads\/2023\/10\/Icon-KB.svg","caption":"KB lookforward"},"image":{"@id":"https:\/\/www.lookforward.at\/#\/schema\/logo\/image\/"}}]}},"_links":{"self":[{"href":"https:\/\/www.lookforward.at\/en\/wp-json\/wp\/v2\/product\/153171","targetHints":{"allow":["GET"]}}],"collection":[{"href":"https:\/\/www.lookforward.at\/en\/wp-json\/wp\/v2\/product"}],"about":[{"href":"https:\/\/www.lookforward.at\/en\/wp-json\/wp\/v2\/types\/product"}],"wp:featuredmedia":[{"embeddable":true,"href":"https:\/\/www.lookforward.at\/en\/wp-json\/wp\/v2\/media\/153073"}],"wp:attachment":[{"href":"https:\/\/www.lookforward.at\/en\/wp-json\/wp\/v2\/media?parent=153171"}],"wp:term":[{"taxonomy":"product_brand","embeddable":true,"href":"https:\/\/www.lookforward.at\/en\/wp-json\/wp\/v2\/product_brand?post=153171"},{"taxonomy":"product_cat","embeddable":true,"href":"https:\/\/www.lookforward.at\/en\/wp-json\/wp\/v2\/product_cat?post=153171"},{"taxonomy":"product_tag","embeddable":true,"href":"https:\/\/www.lookforward.at\/en\/wp-json\/wp\/v2\/product_tag?post=153171"}],"curies":[{"name":"wp","href":"https:\/\/api.w.org\/{rel}","templated":true}]}}