{"id":153187,"date":"2025-12-07T09:47:25","date_gmt":"2025-12-07T08:47:25","guid":{"rendered":"https:\/\/www.lookforward.at\/?post_type=product&#038;p=153187"},"modified":"2025-12-07T09:47:25","modified_gmt":"2025-12-07T08:47:25","slug":"by-098-statement-kette","status":"publish","type":"product","link":"https:\/\/www.lookforward.at\/en\/produkt\/by-098-statement-kette\/","title":{"rendered":"BY 098 Statement Kette"},"content":{"rendered":"","protected":false},"excerpt":{"rendered":"<div>Diese goldene Kette \u00a0ist ein zeitloser Klassiker \u2013 schlicht, modern und dennoch ein Statement. Die feine Panzerkette kombiniert mit dem trendigen Toggle-Verschluss ergibt ein elegantes Accessoire, das sich m\u00fchelos mit jedem Outfit kombinieren l\u00e4sst. Ob einzeln getragen oder als Teil eines Armband-Layerings: Dieses St\u00fcck verleiht jedem Look eine edle Note.<\/div>\n<div><\/div>\n<div>\u2728<b> Details<\/b><\/div>\n<div>\u2022 Goldfarbene Kette \u00a0mit modernem Toggle-Verschluss<\/div>\n<div>\u2022 Feine, aber dennoch robuste Panzerkette<\/div>\n<div>\u2022 Hochwertige Metalllegierung mit glatter Oberfl\u00e4che<\/div>\n<div>\u2022 Leicht, angenehm zu tragen und ideal f\u00fcr den Alltag<\/div>\n<div>\u2022 Perfekt solo oder in Kombination mit anderen Armb\u00e4ndern<\/div>\n<div><\/div>\n<div>\u2728<b> Material<\/b><\/div>\n<div>\u2022 <b>Metall, goldfarben beschichtet<\/b><\/div>\n<div><b>\u00a0<\/b><\/div>\n<div><\/div>\n","protected":false},"featured_media":153181,"template":"","meta":{"inline_featured_image":false},"product_brand":[],"product_cat":[485,469],"product_tag":[],"class_list":{"0":"post-153187","1":"product","2":"type-product","3":"status-publish","4":"has-post-thumbnail","6":"product_cat-accessoires","7":"product_cat-schmuck","9":"first","10":"instock","11":"taxable","12":"shipping-taxable","13":"purchasable","14":"product-type-simple"},"bundled_by":[],"bundle_stock_status":"instock","bundle_stock_quantity":null,"bundle_virtual":false,"bundle_layout":"","bundle_add_to_cart_form_location":"","bundle_editable_in_cart":false,"bundle_sold_individually_context":"","bundle_item_grouping":"","bundle_min_size":"","bundle_max_size":"","bundle_price":[],"bundled_items":[],"bundle_sell_ids":[],"yoast_head":"<!-- This site is optimized with the Yoast SEO plugin v26.5 - https:\/\/yoast.com\/wordpress\/plugins\/seo\/ -->\n<title>BY 098 Statement Kette<\/title>\n<meta name=\"robots\" content=\"index, follow, max-snippet:-1, max-image-preview:large, max-video-preview:-1\" \/>\n<link rel=\"canonical\" href=\"https:\/\/www.lookforward.at\/en\/produkt\/by-098-statement-kette\/\" \/>\n<meta property=\"og:locale\" content=\"en_US\" \/>\n<meta property=\"og:locale:alternate\" content=\"de_DE\" \/>\n<meta property=\"og:type\" content=\"article\" \/>\n<meta property=\"og:title\" content=\"BY 098 Statement Kette\" \/>\n<meta property=\"og:description\" content=\"Diese goldene Kette \u00a0ist ein zeitloser Klassiker \u2013 schlicht, modern und dennoch ein Statement. Die feine Panzerkette kombiniert mit dem trendigen Toggle-Verschluss ergibt ein elegantes Accessoire, das sich m\u00fchelos mit jedem Outfit kombinieren l\u00e4sst. Ob einzeln getragen oder als Teil eines Armband-Layerings: Dieses St\u00fcck verleiht jedem Look eine edle Note.  \u2728 Details \u2022 Goldfarbene Kette \u00a0mit modernem Toggle-Verschluss \u2022 Feine, aber dennoch robuste Panzerkette \u2022 Hochwertige Metalllegierung mit glatter Oberfl\u00e4che \u2022 Leicht, angenehm zu tragen und ideal f\u00fcr den Alltag \u2022 Perfekt solo oder in Kombination mit anderen Armb\u00e4ndern  \u2728 Material \u2022 Metall, goldfarben beschichtet \u00a0\" \/>\n<meta property=\"og:url\" content=\"https:\/\/www.lookforward.at\/en\/produkt\/by-098-statement-kette\/\" \/>\n<meta property=\"og:site_name\" content=\"lookforward Shop\" \/>\n<meta name=\"twitter:card\" content=\"summary_large_image\" \/>\n<meta name=\"twitter:label1\" content=\"Est. reading time\" \/>\n\t<meta name=\"twitter:data1\" content=\"1 minute\" \/>\n<script type=\"application\/ld+json\" class=\"yoast-schema-graph\">{\"@context\":\"https:\/\/schema.org\",\"@graph\":[{\"@type\":\"WebPage\",\"@id\":\"https:\/\/www.lookforward.at\/produkt\/by-098-statement-kette\/\",\"url\":\"https:\/\/www.lookforward.at\/produkt\/by-098-statement-kette\/\",\"name\":\"BY 098 Statement Kette\",\"isPartOf\":{\"@id\":\"https:\/\/www.lookforward.at\/#website\"},\"primaryImageOfPage\":{\"@id\":\"https:\/\/www.lookforward.at\/produkt\/by-098-statement-kette\/#primaryimage\"},\"image\":{\"@id\":\"https:\/\/www.lookforward.at\/produkt\/by-098-statement-kette\/#primaryimage\"},\"thumbnailUrl\":\"https:\/\/www.lookforward.at\/wp-content\/uploads\/2025\/12\/collier-epais-en-acier-inoxydable_or_66f0999a76b7f.jpg\",\"datePublished\":\"2025-12-07T08:47:25+00:00\",\"breadcrumb\":{\"@id\":\"https:\/\/www.lookforward.at\/produkt\/by-098-statement-kette\/#breadcrumb\"},\"inLanguage\":\"en-US\",\"potentialAction\":[{\"@type\":\"ReadAction\",\"target\":[\"https:\/\/www.lookforward.at\/produkt\/by-098-statement-kette\/\"]}]},{\"@type\":\"ImageObject\",\"inLanguage\":\"en-US\",\"@id\":\"https:\/\/www.lookforward.at\/produkt\/by-098-statement-kette\/#primaryimage\",\"url\":\"https:\/\/www.lookforward.at\/wp-content\/uploads\/2025\/12\/collier-epais-en-acier-inoxydable_or_66f0999a76b7f.jpg\",\"contentUrl\":\"https:\/\/www.lookforward.at\/wp-content\/uploads\/2025\/12\/collier-epais-en-acier-inoxydable_or_66f0999a76b7f.jpg\",\"width\":786,\"height\":1180},{\"@type\":\"BreadcrumbList\",\"@id\":\"https:\/\/www.lookforward.at\/produkt\/by-098-statement-kette\/#breadcrumb\",\"itemListElement\":[{\"@type\":\"ListItem\",\"position\":1,\"name\":\"Startseite\",\"item\":\"https:\/\/www.lookforward.at\/\"},{\"@type\":\"ListItem\",\"position\":2,\"name\":\"Shop\",\"item\":\"https:\/\/www.lookforward.at\/shop\/\"},{\"@type\":\"ListItem\",\"position\":3,\"name\":\"BY 098 Statement Kette\"}]},{\"@type\":\"WebSite\",\"@id\":\"https:\/\/www.lookforward.at\/#website\",\"url\":\"https:\/\/www.lookforward.at\/\",\"name\":\"lookforward Shop\",\"description\":\"Der neue Shop f\u00fcr Fashion, Lifestyle, Family, Food and Beauty.\",\"publisher\":{\"@id\":\"https:\/\/www.lookforward.at\/#organization\"},\"potentialAction\":[{\"@type\":\"SearchAction\",\"target\":{\"@type\":\"EntryPoint\",\"urlTemplate\":\"https:\/\/www.lookforward.at\/?s={search_term_string}\"},\"query-input\":{\"@type\":\"PropertyValueSpecification\",\"valueRequired\":true,\"valueName\":\"search_term_string\"}}],\"inLanguage\":\"en-US\"},{\"@type\":\"Organization\",\"@id\":\"https:\/\/www.lookforward.at\/#organization\",\"name\":\"KB lookforward\",\"url\":\"https:\/\/www.lookforward.at\/\",\"logo\":{\"@type\":\"ImageObject\",\"inLanguage\":\"en-US\",\"@id\":\"https:\/\/www.lookforward.at\/#\/schema\/logo\/image\/\",\"url\":\"https:\/\/www.lookforward.at\/wp-content\/uploads\/2023\/10\/Icon-KB.svg\",\"contentUrl\":\"https:\/\/www.lookforward.at\/wp-content\/uploads\/2023\/10\/Icon-KB.svg\",\"caption\":\"KB lookforward\"},\"image\":{\"@id\":\"https:\/\/www.lookforward.at\/#\/schema\/logo\/image\/\"}}]}<\/script>\n<!-- \/ Yoast SEO plugin. -->","yoast_head_json":{"title":"BY 098 Statement Kette","robots":{"index":"index","follow":"follow","max-snippet":"max-snippet:-1","max-image-preview":"max-image-preview:large","max-video-preview":"max-video-preview:-1"},"canonical":"https:\/\/www.lookforward.at\/en\/produkt\/by-098-statement-kette\/","og_locale":"en_US","og_type":"article","og_title":"[:de]BY 098 Statement Kette[:] - lookforward Shop","og_description":"Diese goldene Kette \u00a0ist ein zeitloser Klassiker \u2013 schlicht, modern und dennoch ein Statement. Die feine Panzerkette kombiniert mit dem trendigen Toggle-Verschluss ergibt ein elegantes Accessoire, das sich m\u00fchelos mit jedem Outfit kombinieren l\u00e4sst. Ob einzeln getragen oder als Teil eines Armband-Layerings: Dieses St\u00fcck verleiht jedem Look eine edle Note.  \u2728 Details \u2022 Goldfarbene Kette \u00a0mit modernem Toggle-Verschluss \u2022 Feine, aber dennoch robuste Panzerkette \u2022 Hochwertige Metalllegierung mit glatter Oberfl\u00e4che \u2022 Leicht, angenehm zu tragen und ideal f\u00fcr den Alltag \u2022 Perfekt solo oder in Kombination mit anderen Armb\u00e4ndern  \u2728 Material \u2022 Metall, goldfarben beschichtet \u00a0","og_url":"https:\/\/www.lookforward.at\/en\/produkt\/by-098-statement-kette\/","og_site_name":"lookforward Shop","twitter_card":"summary_large_image","twitter_misc":{"Est. reading time":"1 minute"},"schema":{"@context":"https:\/\/schema.org","@graph":[{"@type":"WebPage","@id":"https:\/\/www.lookforward.at\/produkt\/by-098-statement-kette\/","url":"https:\/\/www.lookforward.at\/produkt\/by-098-statement-kette\/","name":"BY 098 Statement Kette","isPartOf":{"@id":"https:\/\/www.lookforward.at\/#website"},"primaryImageOfPage":{"@id":"https:\/\/www.lookforward.at\/produkt\/by-098-statement-kette\/#primaryimage"},"image":{"@id":"https:\/\/www.lookforward.at\/produkt\/by-098-statement-kette\/#primaryimage"},"thumbnailUrl":"https:\/\/www.lookforward.at\/wp-content\/uploads\/2025\/12\/collier-epais-en-acier-inoxydable_or_66f0999a76b7f.jpg","datePublished":"2025-12-07T08:47:25+00:00","breadcrumb":{"@id":"https:\/\/www.lookforward.at\/produkt\/by-098-statement-kette\/#breadcrumb"},"inLanguage":"en-US","potentialAction":[{"@type":"ReadAction","target":["https:\/\/www.lookforward.at\/produkt\/by-098-statement-kette\/"]}]},{"@type":"ImageObject","inLanguage":"en-US","@id":"https:\/\/www.lookforward.at\/produkt\/by-098-statement-kette\/#primaryimage","url":"https:\/\/www.lookforward.at\/wp-content\/uploads\/2025\/12\/collier-epais-en-acier-inoxydable_or_66f0999a76b7f.jpg","contentUrl":"https:\/\/www.lookforward.at\/wp-content\/uploads\/2025\/12\/collier-epais-en-acier-inoxydable_or_66f0999a76b7f.jpg","width":786,"height":1180},{"@type":"BreadcrumbList","@id":"https:\/\/www.lookforward.at\/produkt\/by-098-statement-kette\/#breadcrumb","itemListElement":[{"@type":"ListItem","position":1,"name":"Startseite","item":"https:\/\/www.lookforward.at\/"},{"@type":"ListItem","position":2,"name":"Shop","item":"https:\/\/www.lookforward.at\/shop\/"},{"@type":"ListItem","position":3,"name":"BY 098 Statement Kette"}]},{"@type":"WebSite","@id":"https:\/\/www.lookforward.at\/#website","url":"https:\/\/www.lookforward.at\/","name":"lookforward Shop","description":"Der neue Shop f\u00fcr Fashion, Lifestyle, Family, Food and Beauty.","publisher":{"@id":"https:\/\/www.lookforward.at\/#organization"},"potentialAction":[{"@type":"SearchAction","target":{"@type":"EntryPoint","urlTemplate":"https:\/\/www.lookforward.at\/?s={search_term_string}"},"query-input":{"@type":"PropertyValueSpecification","valueRequired":true,"valueName":"search_term_string"}}],"inLanguage":"en-US"},{"@type":"Organization","@id":"https:\/\/www.lookforward.at\/#organization","name":"KB lookforward","url":"https:\/\/www.lookforward.at\/","logo":{"@type":"ImageObject","inLanguage":"en-US","@id":"https:\/\/www.lookforward.at\/#\/schema\/logo\/image\/","url":"https:\/\/www.lookforward.at\/wp-content\/uploads\/2023\/10\/Icon-KB.svg","contentUrl":"https:\/\/www.lookforward.at\/wp-content\/uploads\/2023\/10\/Icon-KB.svg","caption":"KB lookforward"},"image":{"@id":"https:\/\/www.lookforward.at\/#\/schema\/logo\/image\/"}}]}},"_links":{"self":[{"href":"https:\/\/www.lookforward.at\/en\/wp-json\/wp\/v2\/product\/153187","targetHints":{"allow":["GET"]}}],"collection":[{"href":"https:\/\/www.lookforward.at\/en\/wp-json\/wp\/v2\/product"}],"about":[{"href":"https:\/\/www.lookforward.at\/en\/wp-json\/wp\/v2\/types\/product"}],"wp:featuredmedia":[{"embeddable":true,"href":"https:\/\/www.lookforward.at\/en\/wp-json\/wp\/v2\/media\/153181"}],"wp:attachment":[{"href":"https:\/\/www.lookforward.at\/en\/wp-json\/wp\/v2\/media?parent=153187"}],"wp:term":[{"taxonomy":"product_brand","embeddable":true,"href":"https:\/\/www.lookforward.at\/en\/wp-json\/wp\/v2\/product_brand?post=153187"},{"taxonomy":"product_cat","embeddable":true,"href":"https:\/\/www.lookforward.at\/en\/wp-json\/wp\/v2\/product_cat?post=153187"},{"taxonomy":"product_tag","embeddable":true,"href":"https:\/\/www.lookforward.at\/en\/wp-json\/wp\/v2\/product_tag?post=153187"}],"curies":[{"name":"wp","href":"https:\/\/api.w.org\/{rel}","templated":true}]}}