{"id":153286,"date":"2025-12-14T01:47:48","date_gmt":"2025-12-14T00:47:48","guid":{"rendered":"https:\/\/www.lookforward.at\/?post_type=product&#038;p=153286"},"modified":"2026-03-12T19:37:29","modified_gmt":"2026-03-12T18:37:29","slug":"bc-102","status":"publish","type":"product","link":"https:\/\/www.lookforward.at\/en\/produkt\/bc-102\/","title":{"rendered":"BC 102 Eleganter Spitzen-Body mit sanftem Shaping-Effekt \u2013 Tanga-Schnitt"},"content":{"rendered":"","protected":false},"excerpt":{"rendered":"<div><b>Eleganter Spitzen-Body mit sanftem Shaping-Effekt \u2013 Tanga-Schnitt<\/b><\/div>\n<div><\/div>\n<div>Dieser edle Spitzen-Body \u00fcberzeugt mit liebevollen Details und einem femininen <b>Tanga-Schnitt<\/b>, der das Design besonders modern und elegant wirken l\u00e4sst. Die fein gemusterte Spitze schmiegt sich sanft an die Haut, w\u00e4hrend der dezente Shaping-Effekt Taille und Bauch harmonisch formt und die Silhouette wundersch\u00f6n betont.<\/div>\n<div><\/div>\n<div>Der tiefe V-Ausschnitt sorgt f\u00fcr eine elegante Linienf\u00fchrung, gekreuzte, verstellbare Tr\u00e4ger verleihen dem Body eine raffinierte Note und optimalen Halt. Dank des elastischen Materials passt sich der Body angenehm an und tr\u00e4gt sich wie eine zweite Haut.<\/div>\n<div><\/div>\n<div>Ein stilvolles Lieblingsst\u00fcck, das Form, Komfort und sinnliche Eleganz vereint.<\/div>\n<div><\/div>\n<div><b>Details:<\/b><\/div>\n<div>\u2022 One Size \u2013 passend f\u00fcr <b>Gr\u00f6\u00dfe 36\u201342<\/b><\/div>\n<div>\u2022 <b>Tanga-Schnitt<\/b> f\u00fcr eine feminine, moderne Optik<\/div>\n<div>\u2022 Sanfter <b>Shaping-Effekt<\/b> f\u00fcr Taille &#038; Bauch<\/div>\n<div>\u2022 Hochwertige, detailreiche Spitze<\/div>\n<div>\u2022 Tiefer V-Ausschnitt<\/div>\n<div>\u2022 Verstellbare Tr\u00e4ger<\/div>\n<div>\u2022 Angenehm elastisches Material<\/div>\n<div>\u2022 Figurbetonte, schmeichelnde Passform<\/div>\n<div><\/div>\n<div><\/div>\n<div>Ab 6 St\u00fcck schenken wir dir einen unserer Freegift Spitzenbodies.<\/div>\n<div>Leg deine Wunschfarbe einfach in den Warenkorb.<\/div>\n<div><\/div>\n","protected":false},"featured_media":153269,"template":"","meta":{"inline_featured_image":false},"product_brand":[],"product_cat":[442],"product_tag":[],"class_list":{"0":"post-153286","1":"product","2":"type-product","3":"status-publish","4":"has-post-thumbnail","6":"product_cat-bras","8":"first","9":"onbackorder","10":"taxable","11":"shipping-taxable","12":"purchasable","13":"product-type-variable"},"bundled_by":[],"bundle_stock_status":"onbackorder","bundle_stock_quantity":null,"bundle_virtual":false,"bundle_layout":"","bundle_add_to_cart_form_location":"","bundle_editable_in_cart":false,"bundle_sold_individually_context":"","bundle_item_grouping":"","bundle_min_size":"","bundle_max_size":"","bundle_price":[],"bundled_items":[],"bundle_sell_ids":[],"yoast_head":"<!-- This site is optimized with the Yoast SEO plugin v26.5 - https:\/\/yoast.com\/wordpress\/plugins\/seo\/ -->\n<title>BC 102 Eleganter Spitzen-Body mit sanftem Shaping-Effekt \u2013 Tanga-Schnitt<\/title>\n<meta name=\"robots\" content=\"index, follow, max-snippet:-1, max-image-preview:large, max-video-preview:-1\" \/>\n<link rel=\"canonical\" href=\"https:\/\/www.lookforward.at\/en\/produkt\/bc-102\/\" \/>\n<meta property=\"og:locale\" content=\"en_US\" \/>\n<meta property=\"og:locale:alternate\" content=\"de_DE\" \/>\n<meta property=\"og:type\" content=\"article\" \/>\n<meta property=\"og:title\" content=\"BC 102 Eleganter Spitzen-Body mit sanftem Shaping-Effekt \u2013 Tanga-Schnitt\" \/>\n<meta property=\"og:description\" content=\"Eleganter Spitzen-Body mit sanftem Shaping-Effekt \u2013 Tanga-Schnitt  Dieser edle Spitzen-Body \u00fcberzeugt mit liebevollen Details und einem femininen Tanga-Schnitt, der das Design besonders modern und elegant wirken l\u00e4sst. Die fein gemusterte Spitze schmiegt sich sanft an die Haut, w\u00e4hrend der dezente Shaping-Effekt Taille und Bauch harmonisch formt und die Silhouette wundersch\u00f6n betont.  Der tiefe V-Ausschnitt sorgt f\u00fcr eine elegante Linienf\u00fchrung, gekreuzte, verstellbare Tr\u00e4ger verleihen dem Body eine raffinierte Note und optimalen Halt. Dank des elastischen Materials passt sich der Body angenehm an und tr\u00e4gt sich wie eine zweite Haut.  Ein stilvolles Lieblingsst\u00fcck, das Form, Komfort und sinnliche Eleganz vereint.  Details: \u2022 One Size \u2013 passend f\u00fcr Gr\u00f6\u00dfe 36\u201342 \u2022 Tanga-Schnitt f\u00fcr eine feminine, moderne Optik \u2022 Sanfter Shaping-Effekt f\u00fcr Taille &amp; Bauch \u2022 Hochwertige, detailreiche Spitze \u2022 Tiefer V-Ausschnitt \u2022 Verstellbare Tr\u00e4ger \u2022 Angenehm elastisches Material \u2022 Figurbetonte, schmeichelnde Passform   Ab 6 St\u00fcck schenken wir dir einen unserer Freegift Spitzenbodies. Leg deine Wunschfarbe einfach in den Warenkorb.\" \/>\n<meta property=\"og:url\" content=\"https:\/\/www.lookforward.at\/en\/produkt\/bc-102\/\" \/>\n<meta property=\"og:site_name\" content=\"lookforward Shop\" \/>\n<meta property=\"article:modified_time\" content=\"2026-03-12T18:37:29+00:00\" \/>\n<meta property=\"og:image\" content=\"https:\/\/www.lookforward.at\/wp-content\/uploads\/2025\/12\/image00018-2.jpeg\" \/>\n\t<meta property=\"og:image:width\" content=\"676\" \/>\n\t<meta property=\"og:image:height\" content=\"1001\" \/>\n\t<meta property=\"og:image:type\" content=\"image\/jpeg\" \/>\n<meta name=\"twitter:card\" content=\"summary_large_image\" \/>\n<meta name=\"twitter:label1\" content=\"Est. reading time\" \/>\n\t<meta name=\"twitter:data1\" content=\"1 minute\" \/>\n<script type=\"application\/ld+json\" class=\"yoast-schema-graph\">{\"@context\":\"https:\/\/schema.org\",\"@graph\":[{\"@type\":\"WebPage\",\"@id\":\"https:\/\/www.lookforward.at\/produkt\/bc-102\/\",\"url\":\"https:\/\/www.lookforward.at\/produkt\/bc-102\/\",\"name\":\"BC 102 Eleganter Spitzen-Body mit sanftem Shaping-Effekt \u2013 Tanga-Schnitt\",\"isPartOf\":{\"@id\":\"https:\/\/www.lookforward.at\/#website\"},\"primaryImageOfPage\":{\"@id\":\"https:\/\/www.lookforward.at\/produkt\/bc-102\/#primaryimage\"},\"image\":{\"@id\":\"https:\/\/www.lookforward.at\/produkt\/bc-102\/#primaryimage\"},\"thumbnailUrl\":\"https:\/\/www.lookforward.at\/wp-content\/uploads\/2025\/12\/image00018-2.jpeg\",\"datePublished\":\"2025-12-14T00:47:48+00:00\",\"dateModified\":\"2026-03-12T18:37:29+00:00\",\"breadcrumb\":{\"@id\":\"https:\/\/www.lookforward.at\/produkt\/bc-102\/#breadcrumb\"},\"inLanguage\":\"en-US\",\"potentialAction\":[{\"@type\":\"ReadAction\",\"target\":[\"https:\/\/www.lookforward.at\/produkt\/bc-102\/\"]}]},{\"@type\":\"ImageObject\",\"inLanguage\":\"en-US\",\"@id\":\"https:\/\/www.lookforward.at\/produkt\/bc-102\/#primaryimage\",\"url\":\"https:\/\/www.lookforward.at\/wp-content\/uploads\/2025\/12\/image00018-2.jpeg\",\"contentUrl\":\"https:\/\/www.lookforward.at\/wp-content\/uploads\/2025\/12\/image00018-2.jpeg\",\"width\":676,\"height\":1001,\"caption\":\"Screenshot\"},{\"@type\":\"BreadcrumbList\",\"@id\":\"https:\/\/www.lookforward.at\/produkt\/bc-102\/#breadcrumb\",\"itemListElement\":[{\"@type\":\"ListItem\",\"position\":1,\"name\":\"Startseite\",\"item\":\"https:\/\/www.lookforward.at\/\"},{\"@type\":\"ListItem\",\"position\":2,\"name\":\"Shop\",\"item\":\"https:\/\/www.lookforward.at\/shop\/\"},{\"@type\":\"ListItem\",\"position\":3,\"name\":\"BC 102 Eleganter Spitzen-Body mit sanftem Shaping-Effekt \u2013 Tanga-Schnitt\"}]},{\"@type\":\"WebSite\",\"@id\":\"https:\/\/www.lookforward.at\/#website\",\"url\":\"https:\/\/www.lookforward.at\/\",\"name\":\"lookforward Shop\",\"description\":\"Der neue Shop f\u00fcr Fashion, Lifestyle, Family, Food and Beauty.\",\"publisher\":{\"@id\":\"https:\/\/www.lookforward.at\/#organization\"},\"potentialAction\":[{\"@type\":\"SearchAction\",\"target\":{\"@type\":\"EntryPoint\",\"urlTemplate\":\"https:\/\/www.lookforward.at\/?s={search_term_string}\"},\"query-input\":{\"@type\":\"PropertyValueSpecification\",\"valueRequired\":true,\"valueName\":\"search_term_string\"}}],\"inLanguage\":\"en-US\"},{\"@type\":\"Organization\",\"@id\":\"https:\/\/www.lookforward.at\/#organization\",\"name\":\"KB lookforward\",\"url\":\"https:\/\/www.lookforward.at\/\",\"logo\":{\"@type\":\"ImageObject\",\"inLanguage\":\"en-US\",\"@id\":\"https:\/\/www.lookforward.at\/#\/schema\/logo\/image\/\",\"url\":\"https:\/\/www.lookforward.at\/wp-content\/uploads\/2023\/10\/Icon-KB.svg\",\"contentUrl\":\"https:\/\/www.lookforward.at\/wp-content\/uploads\/2023\/10\/Icon-KB.svg\",\"caption\":\"KB lookforward\"},\"image\":{\"@id\":\"https:\/\/www.lookforward.at\/#\/schema\/logo\/image\/\"}}]}<\/script>\n<!-- \/ Yoast SEO plugin. -->","yoast_head_json":{"title":"BC 102 Eleganter Spitzen-Body mit sanftem Shaping-Effekt \u2013 Tanga-Schnitt","robots":{"index":"index","follow":"follow","max-snippet":"max-snippet:-1","max-image-preview":"max-image-preview:large","max-video-preview":"max-video-preview:-1"},"canonical":"https:\/\/www.lookforward.at\/en\/produkt\/bc-102\/","og_locale":"en_US","og_type":"article","og_title":"[:de]BC 102 Eleganter Spitzen-Body mit sanftem Shaping-Effekt \u2013 Tanga-Schnitt[:] - lookforward Shop","og_description":"Eleganter Spitzen-Body mit sanftem Shaping-Effekt \u2013 Tanga-Schnitt  Dieser edle Spitzen-Body \u00fcberzeugt mit liebevollen Details und einem femininen Tanga-Schnitt, der das Design besonders modern und elegant wirken l\u00e4sst. Die fein gemusterte Spitze schmiegt sich sanft an die Haut, w\u00e4hrend der dezente Shaping-Effekt Taille und Bauch harmonisch formt und die Silhouette wundersch\u00f6n betont.  Der tiefe V-Ausschnitt sorgt f\u00fcr eine elegante Linienf\u00fchrung, gekreuzte, verstellbare Tr\u00e4ger verleihen dem Body eine raffinierte Note und optimalen Halt. Dank des elastischen Materials passt sich der Body angenehm an und tr\u00e4gt sich wie eine zweite Haut.  Ein stilvolles Lieblingsst\u00fcck, das Form, Komfort und sinnliche Eleganz vereint.  Details: \u2022 One Size \u2013 passend f\u00fcr Gr\u00f6\u00dfe 36\u201342 \u2022 Tanga-Schnitt f\u00fcr eine feminine, moderne Optik \u2022 Sanfter Shaping-Effekt f\u00fcr Taille & Bauch \u2022 Hochwertige, detailreiche Spitze \u2022 Tiefer V-Ausschnitt \u2022 Verstellbare Tr\u00e4ger \u2022 Angenehm elastisches Material \u2022 Figurbetonte, schmeichelnde Passform   Ab 6 St\u00fcck schenken wir dir einen unserer Freegift Spitzenbodies. Leg deine Wunschfarbe einfach in den Warenkorb.","og_url":"https:\/\/www.lookforward.at\/en\/produkt\/bc-102\/","og_site_name":"lookforward Shop","article_modified_time":"2026-03-12T18:37:29+00:00","og_image":[{"width":676,"height":1001,"url":"https:\/\/www.lookforward.at\/wp-content\/uploads\/2025\/12\/image00018-2.jpeg","type":"image\/jpeg"}],"twitter_card":"summary_large_image","twitter_misc":{"Est. reading time":"1 minute"},"schema":{"@context":"https:\/\/schema.org","@graph":[{"@type":"WebPage","@id":"https:\/\/www.lookforward.at\/produkt\/bc-102\/","url":"https:\/\/www.lookforward.at\/produkt\/bc-102\/","name":"BC 102 Eleganter Spitzen-Body mit sanftem Shaping-Effekt \u2013 Tanga-Schnitt","isPartOf":{"@id":"https:\/\/www.lookforward.at\/#website"},"primaryImageOfPage":{"@id":"https:\/\/www.lookforward.at\/produkt\/bc-102\/#primaryimage"},"image":{"@id":"https:\/\/www.lookforward.at\/produkt\/bc-102\/#primaryimage"},"thumbnailUrl":"https:\/\/www.lookforward.at\/wp-content\/uploads\/2025\/12\/image00018-2.jpeg","datePublished":"2025-12-14T00:47:48+00:00","dateModified":"2026-03-12T18:37:29+00:00","breadcrumb":{"@id":"https:\/\/www.lookforward.at\/produkt\/bc-102\/#breadcrumb"},"inLanguage":"en-US","potentialAction":[{"@type":"ReadAction","target":["https:\/\/www.lookforward.at\/produkt\/bc-102\/"]}]},{"@type":"ImageObject","inLanguage":"en-US","@id":"https:\/\/www.lookforward.at\/produkt\/bc-102\/#primaryimage","url":"https:\/\/www.lookforward.at\/wp-content\/uploads\/2025\/12\/image00018-2.jpeg","contentUrl":"https:\/\/www.lookforward.at\/wp-content\/uploads\/2025\/12\/image00018-2.jpeg","width":676,"height":1001,"caption":"Screenshot"},{"@type":"BreadcrumbList","@id":"https:\/\/www.lookforward.at\/produkt\/bc-102\/#breadcrumb","itemListElement":[{"@type":"ListItem","position":1,"name":"Startseite","item":"https:\/\/www.lookforward.at\/"},{"@type":"ListItem","position":2,"name":"Shop","item":"https:\/\/www.lookforward.at\/shop\/"},{"@type":"ListItem","position":3,"name":"BC 102 Eleganter Spitzen-Body mit sanftem Shaping-Effekt \u2013 Tanga-Schnitt"}]},{"@type":"WebSite","@id":"https:\/\/www.lookforward.at\/#website","url":"https:\/\/www.lookforward.at\/","name":"lookforward Shop","description":"Der neue Shop f\u00fcr Fashion, Lifestyle, Family, Food and Beauty.","publisher":{"@id":"https:\/\/www.lookforward.at\/#organization"},"potentialAction":[{"@type":"SearchAction","target":{"@type":"EntryPoint","urlTemplate":"https:\/\/www.lookforward.at\/?s={search_term_string}"},"query-input":{"@type":"PropertyValueSpecification","valueRequired":true,"valueName":"search_term_string"}}],"inLanguage":"en-US"},{"@type":"Organization","@id":"https:\/\/www.lookforward.at\/#organization","name":"KB lookforward","url":"https:\/\/www.lookforward.at\/","logo":{"@type":"ImageObject","inLanguage":"en-US","@id":"https:\/\/www.lookforward.at\/#\/schema\/logo\/image\/","url":"https:\/\/www.lookforward.at\/wp-content\/uploads\/2023\/10\/Icon-KB.svg","contentUrl":"https:\/\/www.lookforward.at\/wp-content\/uploads\/2023\/10\/Icon-KB.svg","caption":"KB lookforward"},"image":{"@id":"https:\/\/www.lookforward.at\/#\/schema\/logo\/image\/"}}]}},"_links":{"self":[{"href":"https:\/\/www.lookforward.at\/en\/wp-json\/wp\/v2\/product\/153286","targetHints":{"allow":["GET"]}}],"collection":[{"href":"https:\/\/www.lookforward.at\/en\/wp-json\/wp\/v2\/product"}],"about":[{"href":"https:\/\/www.lookforward.at\/en\/wp-json\/wp\/v2\/types\/product"}],"wp:featuredmedia":[{"embeddable":true,"href":"https:\/\/www.lookforward.at\/en\/wp-json\/wp\/v2\/media\/153269"}],"wp:attachment":[{"href":"https:\/\/www.lookforward.at\/en\/wp-json\/wp\/v2\/media?parent=153286"}],"wp:term":[{"taxonomy":"product_brand","embeddable":true,"href":"https:\/\/www.lookforward.at\/en\/wp-json\/wp\/v2\/product_brand?post=153286"},{"taxonomy":"product_cat","embeddable":true,"href":"https:\/\/www.lookforward.at\/en\/wp-json\/wp\/v2\/product_cat?post=153286"},{"taxonomy":"product_tag","embeddable":true,"href":"https:\/\/www.lookforward.at\/en\/wp-json\/wp\/v2\/product_tag?post=153286"}],"curies":[{"name":"wp","href":"https:\/\/api.w.org\/{rel}","templated":true}]}}