{"id":154161,"date":"2026-01-17T13:26:11","date_gmt":"2026-01-17T12:26:11","guid":{"rendered":"https:\/\/www.lookforward.at\/?post_type=product&#038;p=154161"},"modified":"2026-02-02T06:27:37","modified_gmt":"2026-02-02T05:27:37","slug":"117-bluse-mit-schleifen-detail","status":"publish","type":"product","link":"https:\/\/www.lookforward.at\/en\/produkt\/117-bluse-mit-schleifen-detail\/","title":{"rendered":"117 Bluse mit Schleifen-Detail"},"content":{"rendered":"","protected":false},"excerpt":{"rendered":"<p><b>Bluse mit Schleifen-Detail<\/b><\/p>\n<p>Diese elegante Bluse \u00fcberzeugt durch ihr feminines Schleifen-Detail am Ausschnitt und ihre flie\u00dfende, hochwertige Qualit\u00e4t. Der lockere Schnitt sorgt f\u00fcr einen angenehmen Sitz und macht sie sowohl b\u00fcrotauglich als auch ideal f\u00fcr stilvolle Alltags- oder Abendlooks. Ein zeitloses Basic mit besonderem Akzent.<\/p>\n<p><b>Details:<\/b><\/p>\n<p>\u2022Feminines Schleifen-Detail am Ausschnitt<\/p>\n<p>\u2022Langarm mit Manschetten<\/p>\n<p>\u2022Locker fallender Schnitt<\/p>\n<p>\u2022Weiche, flie\u00dfende Qualit\u00e4t<\/p>\n<p>\u2022Angenehm leicht auf der Haut<\/p>\n<p>\u2022Vielseitig kombinierbar<\/p>\n<p><b>Material:<\/b><\/p>\n<p>\u2022100 % Lyocell<\/p>\n<p><b>Gr\u00f6\u00dfe:<\/b><\/p>\n<p>\u2022One Size \u2013 passend von <b>36 bis 44<\/b><\/p>\n<p><b>Herkunft:<\/b><\/p>\n<p>\u2022<b>Made in Italy<\/b><\/p>\n<p><b>Pflege:<\/b><\/p>\n<p>\u2022Waschbar bei <b>30 \u00b0C<\/b><\/p>\n","protected":false},"featured_media":154079,"template":"","meta":{"inline_featured_image":false},"product_brand":[],"product_cat":[431],"product_tag":[],"class_list":{"0":"post-154161","1":"product","2":"type-product","3":"status-publish","4":"has-post-thumbnail","6":"product_cat-blusen","8":"first","9":"onbackorder","10":"taxable","11":"shipping-taxable","12":"purchasable","13":"product-type-variable"},"bundled_by":[],"bundle_stock_status":"onbackorder","bundle_stock_quantity":null,"bundle_virtual":false,"bundle_layout":"","bundle_add_to_cart_form_location":"","bundle_editable_in_cart":false,"bundle_sold_individually_context":"","bundle_item_grouping":"","bundle_min_size":"","bundle_max_size":"","bundle_price":[],"bundled_items":[],"bundle_sell_ids":[],"yoast_head":"<!-- This site is optimized with the Yoast SEO plugin v26.5 - https:\/\/yoast.com\/wordpress\/plugins\/seo\/ -->\n<title>117 Bluse mit Schleifen-Detail<\/title>\n<meta name=\"robots\" content=\"index, follow, max-snippet:-1, max-image-preview:large, max-video-preview:-1\" \/>\n<link rel=\"canonical\" href=\"https:\/\/www.lookforward.at\/en\/produkt\/117-bluse-mit-schleifen-detail\/\" \/>\n<meta property=\"og:locale\" content=\"en_US\" \/>\n<meta property=\"og:locale:alternate\" content=\"de_DE\" \/>\n<meta property=\"og:type\" content=\"article\" \/>\n<meta property=\"og:title\" content=\"117 Bluse mit Schleifen-Detail\" \/>\n<meta property=\"og:description\" content=\"Bluse mit Schleifen-Detail  Diese elegante Bluse \u00fcberzeugt durch ihr feminines Schleifen-Detail am Ausschnitt und ihre flie\u00dfende, hochwertige Qualit\u00e4t. Der lockere Schnitt sorgt f\u00fcr einen angenehmen Sitz und macht sie sowohl b\u00fcrotauglich als auch ideal f\u00fcr stilvolle Alltags- oder Abendlooks. Ein zeitloses Basic mit besonderem Akzent.  Details:  \u2022Feminines Schleifen-Detail am Ausschnitt  \u2022Langarm mit Manschetten  \u2022Locker fallender Schnitt  \u2022Weiche, flie\u00dfende Qualit\u00e4t  \u2022Angenehm leicht auf der Haut  \u2022Vielseitig kombinierbar  Material:  \u2022100 % Lyocell  Gr\u00f6\u00dfe:  \u2022One Size \u2013 passend von 36 bis 44  Herkunft:  \u2022Made in Italy  Pflege:  \u2022Waschbar bei 30 \u00b0C\" \/>\n<meta property=\"og:url\" content=\"https:\/\/www.lookforward.at\/en\/produkt\/117-bluse-mit-schleifen-detail\/\" \/>\n<meta property=\"og:site_name\" content=\"lookforward Shop\" \/>\n<meta property=\"article:modified_time\" content=\"2026-02-02T05:27:37+00:00\" \/>\n<meta name=\"twitter:card\" content=\"summary_large_image\" \/>\n<meta name=\"twitter:label1\" content=\"Est. reading time\" \/>\n\t<meta name=\"twitter:data1\" content=\"1 minute\" \/>\n<script type=\"application\/ld+json\" class=\"yoast-schema-graph\">{\"@context\":\"https:\/\/schema.org\",\"@graph\":[{\"@type\":\"WebPage\",\"@id\":\"https:\/\/www.lookforward.at\/produkt\/117-bluse-mit-schleifen-detail\/\",\"url\":\"https:\/\/www.lookforward.at\/produkt\/117-bluse-mit-schleifen-detail\/\",\"name\":\"117 Bluse mit Schleifen-Detail\",\"isPartOf\":{\"@id\":\"https:\/\/www.lookforward.at\/#website\"},\"primaryImageOfPage\":{\"@id\":\"https:\/\/www.lookforward.at\/produkt\/117-bluse-mit-schleifen-detail\/#primaryimage\"},\"image\":{\"@id\":\"https:\/\/www.lookforward.at\/produkt\/117-bluse-mit-schleifen-detail\/#primaryimage\"},\"thumbnailUrl\":\"https:\/\/www.lookforward.at\/wp-content\/uploads\/2026\/01\/image00090-scaled.jpeg\",\"datePublished\":\"2026-01-17T12:26:11+00:00\",\"dateModified\":\"2026-02-02T05:27:37+00:00\",\"breadcrumb\":{\"@id\":\"https:\/\/www.lookforward.at\/produkt\/117-bluse-mit-schleifen-detail\/#breadcrumb\"},\"inLanguage\":\"en-US\",\"potentialAction\":[{\"@type\":\"ReadAction\",\"target\":[\"https:\/\/www.lookforward.at\/produkt\/117-bluse-mit-schleifen-detail\/\"]}]},{\"@type\":\"ImageObject\",\"inLanguage\":\"en-US\",\"@id\":\"https:\/\/www.lookforward.at\/produkt\/117-bluse-mit-schleifen-detail\/#primaryimage\",\"url\":\"https:\/\/www.lookforward.at\/wp-content\/uploads\/2026\/01\/image00090-scaled.jpeg\",\"contentUrl\":\"https:\/\/www.lookforward.at\/wp-content\/uploads\/2026\/01\/image00090-scaled.jpeg\",\"width\":1920,\"height\":2560},{\"@type\":\"BreadcrumbList\",\"@id\":\"https:\/\/www.lookforward.at\/produkt\/117-bluse-mit-schleifen-detail\/#breadcrumb\",\"itemListElement\":[{\"@type\":\"ListItem\",\"position\":1,\"name\":\"Startseite\",\"item\":\"https:\/\/www.lookforward.at\/\"},{\"@type\":\"ListItem\",\"position\":2,\"name\":\"Shop\",\"item\":\"https:\/\/www.lookforward.at\/shop\/\"},{\"@type\":\"ListItem\",\"position\":3,\"name\":\"117 Bluse mit Schleifen-Detail\"}]},{\"@type\":\"WebSite\",\"@id\":\"https:\/\/www.lookforward.at\/#website\",\"url\":\"https:\/\/www.lookforward.at\/\",\"name\":\"lookforward Shop\",\"description\":\"Der neue Shop f\u00fcr Fashion, Lifestyle, Family, Food and Beauty.\",\"publisher\":{\"@id\":\"https:\/\/www.lookforward.at\/#organization\"},\"potentialAction\":[{\"@type\":\"SearchAction\",\"target\":{\"@type\":\"EntryPoint\",\"urlTemplate\":\"https:\/\/www.lookforward.at\/?s={search_term_string}\"},\"query-input\":{\"@type\":\"PropertyValueSpecification\",\"valueRequired\":true,\"valueName\":\"search_term_string\"}}],\"inLanguage\":\"en-US\"},{\"@type\":\"Organization\",\"@id\":\"https:\/\/www.lookforward.at\/#organization\",\"name\":\"KB lookforward\",\"url\":\"https:\/\/www.lookforward.at\/\",\"logo\":{\"@type\":\"ImageObject\",\"inLanguage\":\"en-US\",\"@id\":\"https:\/\/www.lookforward.at\/#\/schema\/logo\/image\/\",\"url\":\"https:\/\/www.lookforward.at\/wp-content\/uploads\/2023\/10\/Icon-KB.svg\",\"contentUrl\":\"https:\/\/www.lookforward.at\/wp-content\/uploads\/2023\/10\/Icon-KB.svg\",\"caption\":\"KB lookforward\"},\"image\":{\"@id\":\"https:\/\/www.lookforward.at\/#\/schema\/logo\/image\/\"}}]}<\/script>\n<!-- \/ Yoast SEO plugin. -->","yoast_head_json":{"title":"117 Bluse mit Schleifen-Detail","robots":{"index":"index","follow":"follow","max-snippet":"max-snippet:-1","max-image-preview":"max-image-preview:large","max-video-preview":"max-video-preview:-1"},"canonical":"https:\/\/www.lookforward.at\/en\/produkt\/117-bluse-mit-schleifen-detail\/","og_locale":"en_US","og_type":"article","og_title":"[:de]117 Bluse mit Schleifen-Detail[:] - lookforward Shop","og_description":"Bluse mit Schleifen-Detail  Diese elegante Bluse \u00fcberzeugt durch ihr feminines Schleifen-Detail am Ausschnitt und ihre flie\u00dfende, hochwertige Qualit\u00e4t. Der lockere Schnitt sorgt f\u00fcr einen angenehmen Sitz und macht sie sowohl b\u00fcrotauglich als auch ideal f\u00fcr stilvolle Alltags- oder Abendlooks. Ein zeitloses Basic mit besonderem Akzent.  Details:  \u2022Feminines Schleifen-Detail am Ausschnitt  \u2022Langarm mit Manschetten  \u2022Locker fallender Schnitt  \u2022Weiche, flie\u00dfende Qualit\u00e4t  \u2022Angenehm leicht auf der Haut  \u2022Vielseitig kombinierbar  Material:  \u2022100 % Lyocell  Gr\u00f6\u00dfe:  \u2022One Size \u2013 passend von 36 bis 44  Herkunft:  \u2022Made in Italy  Pflege:  \u2022Waschbar bei 30 \u00b0C","og_url":"https:\/\/www.lookforward.at\/en\/produkt\/117-bluse-mit-schleifen-detail\/","og_site_name":"lookforward Shop","article_modified_time":"2026-02-02T05:27:37+00:00","twitter_card":"summary_large_image","twitter_misc":{"Est. reading time":"1 minute"},"schema":{"@context":"https:\/\/schema.org","@graph":[{"@type":"WebPage","@id":"https:\/\/www.lookforward.at\/produkt\/117-bluse-mit-schleifen-detail\/","url":"https:\/\/www.lookforward.at\/produkt\/117-bluse-mit-schleifen-detail\/","name":"117 Bluse mit Schleifen-Detail","isPartOf":{"@id":"https:\/\/www.lookforward.at\/#website"},"primaryImageOfPage":{"@id":"https:\/\/www.lookforward.at\/produkt\/117-bluse-mit-schleifen-detail\/#primaryimage"},"image":{"@id":"https:\/\/www.lookforward.at\/produkt\/117-bluse-mit-schleifen-detail\/#primaryimage"},"thumbnailUrl":"https:\/\/www.lookforward.at\/wp-content\/uploads\/2026\/01\/image00090-scaled.jpeg","datePublished":"2026-01-17T12:26:11+00:00","dateModified":"2026-02-02T05:27:37+00:00","breadcrumb":{"@id":"https:\/\/www.lookforward.at\/produkt\/117-bluse-mit-schleifen-detail\/#breadcrumb"},"inLanguage":"en-US","potentialAction":[{"@type":"ReadAction","target":["https:\/\/www.lookforward.at\/produkt\/117-bluse-mit-schleifen-detail\/"]}]},{"@type":"ImageObject","inLanguage":"en-US","@id":"https:\/\/www.lookforward.at\/produkt\/117-bluse-mit-schleifen-detail\/#primaryimage","url":"https:\/\/www.lookforward.at\/wp-content\/uploads\/2026\/01\/image00090-scaled.jpeg","contentUrl":"https:\/\/www.lookforward.at\/wp-content\/uploads\/2026\/01\/image00090-scaled.jpeg","width":1920,"height":2560},{"@type":"BreadcrumbList","@id":"https:\/\/www.lookforward.at\/produkt\/117-bluse-mit-schleifen-detail\/#breadcrumb","itemListElement":[{"@type":"ListItem","position":1,"name":"Startseite","item":"https:\/\/www.lookforward.at\/"},{"@type":"ListItem","position":2,"name":"Shop","item":"https:\/\/www.lookforward.at\/shop\/"},{"@type":"ListItem","position":3,"name":"117 Bluse mit Schleifen-Detail"}]},{"@type":"WebSite","@id":"https:\/\/www.lookforward.at\/#website","url":"https:\/\/www.lookforward.at\/","name":"lookforward Shop","description":"Der neue Shop f\u00fcr Fashion, Lifestyle, Family, Food and Beauty.","publisher":{"@id":"https:\/\/www.lookforward.at\/#organization"},"potentialAction":[{"@type":"SearchAction","target":{"@type":"EntryPoint","urlTemplate":"https:\/\/www.lookforward.at\/?s={search_term_string}"},"query-input":{"@type":"PropertyValueSpecification","valueRequired":true,"valueName":"search_term_string"}}],"inLanguage":"en-US"},{"@type":"Organization","@id":"https:\/\/www.lookforward.at\/#organization","name":"KB lookforward","url":"https:\/\/www.lookforward.at\/","logo":{"@type":"ImageObject","inLanguage":"en-US","@id":"https:\/\/www.lookforward.at\/#\/schema\/logo\/image\/","url":"https:\/\/www.lookforward.at\/wp-content\/uploads\/2023\/10\/Icon-KB.svg","contentUrl":"https:\/\/www.lookforward.at\/wp-content\/uploads\/2023\/10\/Icon-KB.svg","caption":"KB lookforward"},"image":{"@id":"https:\/\/www.lookforward.at\/#\/schema\/logo\/image\/"}}]}},"_links":{"self":[{"href":"https:\/\/www.lookforward.at\/en\/wp-json\/wp\/v2\/product\/154161","targetHints":{"allow":["GET"]}}],"collection":[{"href":"https:\/\/www.lookforward.at\/en\/wp-json\/wp\/v2\/product"}],"about":[{"href":"https:\/\/www.lookforward.at\/en\/wp-json\/wp\/v2\/types\/product"}],"wp:featuredmedia":[{"embeddable":true,"href":"https:\/\/www.lookforward.at\/en\/wp-json\/wp\/v2\/media\/154079"}],"wp:attachment":[{"href":"https:\/\/www.lookforward.at\/en\/wp-json\/wp\/v2\/media?parent=154161"}],"wp:term":[{"taxonomy":"product_brand","embeddable":true,"href":"https:\/\/www.lookforward.at\/en\/wp-json\/wp\/v2\/product_brand?post=154161"},{"taxonomy":"product_cat","embeddable":true,"href":"https:\/\/www.lookforward.at\/en\/wp-json\/wp\/v2\/product_cat?post=154161"},{"taxonomy":"product_tag","embeddable":true,"href":"https:\/\/www.lookforward.at\/en\/wp-json\/wp\/v2\/product_tag?post=154161"}],"curies":[{"name":"wp","href":"https:\/\/api.w.org\/{rel}","templated":true}]}}