{"id":154754,"date":"2026-02-14T00:47:38","date_gmt":"2026-02-13T23:47:38","guid":{"rendered":"https:\/\/www.lookforward.at\/?post_type=product&#038;p=154754"},"modified":"2026-02-14T12:15:28","modified_gmt":"2026-02-14T11:15:28","slug":"ly-long-cardigan-soft-flow","status":"publish","type":"product","link":"https:\/\/www.lookforward.at\/en\/produkt\/ly-long-cardigan-soft-flow\/","title":{"rendered":"LY01 Long Cardigan \u201eSoft Flow\u201c"},"content":{"rendered":"","protected":false},"excerpt":{"rendered":"<p><b>Long Cardigan \u201eSoft Flow\u201c<\/b><\/p>\n<p>F\u00fcr die Momente, in denen du dich einfach einh\u00fcllen m\u00f6chtest.<\/p>\n<p>Dieser lange, flie\u00dfende Cardigan ist dein perfekter Begleiter f\u00fcr entspannte Tage, ruhige Abende und alles dazwischen. Die feine, weiche Struktur liegt angenehm auf der Haut und schenkt dir dieses leichte, m\u00fchelose Tragegef\u00fchl.<\/p>\n<p>Offen getragen wirkt er l\u00e4ssig und elegant zugleich \u2013 wie ein ruhiger Statement-Look ohne laut zu sein.<\/p>\n<p>Perfekt \u00fcber Kleidern, Strick-Sets oder Jeans.<\/p>\n<p>Perfekt f\u00fcr dich.<\/p>\n<p>Selflove hei\u00dft auch: Komfort w\u00e4hlen.<\/p>\n<p>\u2e3b<\/p>\n<p><b>Details<\/b><\/p>\n<p>\u2661 Langer, offen geschnittener Cardigan<\/p>\n<p>\u2661 One Size (36\u201344)<\/p>\n<p>\u2661 Made in Italy, Material: 80% Baumwolle, 10% Elasthan, 10 % Lurex<\/p>\n<p>\u2661 Weiche, angenehm fallende Qualit\u00e4t<\/p>\n<p>\u2661 Waschbar bei 30\u00b0<\/p>\n<p>Erh\u00e4ltlich in:<\/p>\n<p>Beige, Schwarz, Salbei &#038; Blau.<\/p>\n","protected":false},"featured_media":154733,"template":"","meta":{"inline_featured_image":false},"product_brand":[],"product_cat":[65],"product_tag":[],"class_list":{"0":"post-154754","1":"product","2":"type-product","3":"status-publish","4":"has-post-thumbnail","6":"product_cat-cardigan","8":"first","9":"onbackorder","10":"taxable","11":"shipping-taxable","12":"purchasable","13":"product-type-variable"},"bundled_by":[],"bundle_stock_status":"onbackorder","bundle_stock_quantity":null,"bundle_virtual":false,"bundle_layout":"","bundle_add_to_cart_form_location":"","bundle_editable_in_cart":false,"bundle_sold_individually_context":"","bundle_item_grouping":"","bundle_min_size":"","bundle_max_size":"","bundle_price":[],"bundled_items":[],"bundle_sell_ids":[],"yoast_head":"<!-- This site is optimized with the Yoast SEO plugin v26.5 - https:\/\/yoast.com\/wordpress\/plugins\/seo\/ -->\n<title>LY01 Long Cardigan \u201eSoft Flow\u201c<\/title>\n<meta name=\"robots\" content=\"index, follow, max-snippet:-1, max-image-preview:large, max-video-preview:-1\" \/>\n<link rel=\"canonical\" href=\"https:\/\/www.lookforward.at\/en\/produkt\/ly-long-cardigan-soft-flow\/\" \/>\n<meta property=\"og:locale\" content=\"en_US\" \/>\n<meta property=\"og:locale:alternate\" content=\"de_DE\" \/>\n<meta property=\"og:type\" content=\"article\" \/>\n<meta property=\"og:title\" content=\"LY01 Long Cardigan \u201eSoft Flow\u201c\" \/>\n<meta property=\"og:description\" content=\"Long Cardigan \u201eSoft Flow\u201c  F\u00fcr die Momente, in denen du dich einfach einh\u00fcllen m\u00f6chtest.  Dieser lange, flie\u00dfende Cardigan ist dein perfekter Begleiter f\u00fcr entspannte Tage, ruhige Abende und alles dazwischen. Die feine, weiche Struktur liegt angenehm auf der Haut und schenkt dir dieses leichte, m\u00fchelose Tragegef\u00fchl.  Offen getragen wirkt er l\u00e4ssig und elegant zugleich \u2013 wie ein ruhiger Statement-Look ohne laut zu sein.  Perfekt \u00fcber Kleidern, Strick-Sets oder Jeans.  Perfekt f\u00fcr dich.  Selflove hei\u00dft auch: Komfort w\u00e4hlen.  \u2e3b  Details  \u2661 Langer, offen geschnittener Cardigan  \u2661 One Size (36\u201344)  \u2661 Made in Italy, Material: 80% Baumwolle, 10% Elasthan, 10 % Lurex  \u2661 Weiche, angenehm fallende Qualit\u00e4t  \u2661 Waschbar bei 30\u00b0  Erh\u00e4ltlich in:  Beige, Schwarz, Salbei &amp; Blau.\" \/>\n<meta property=\"og:url\" content=\"https:\/\/www.lookforward.at\/en\/produkt\/ly-long-cardigan-soft-flow\/\" \/>\n<meta property=\"og:site_name\" content=\"lookforward Shop\" \/>\n<meta property=\"article:modified_time\" content=\"2026-02-14T11:15:28+00:00\" \/>\n<meta property=\"og:image\" content=\"https:\/\/www.lookforward.at\/wp-content\/uploads\/2026\/02\/IMG_9517-2-scaled.jpg\" \/>\n\t<meta property=\"og:image:width\" content=\"1920\" \/>\n\t<meta property=\"og:image:height\" content=\"2560\" \/>\n\t<meta property=\"og:image:type\" content=\"image\/jpeg\" \/>\n<meta name=\"twitter:card\" content=\"summary_large_image\" \/>\n<meta name=\"twitter:label1\" content=\"Est. reading time\" \/>\n\t<meta name=\"twitter:data1\" content=\"1 minute\" \/>\n<script type=\"application\/ld+json\" class=\"yoast-schema-graph\">{\"@context\":\"https:\/\/schema.org\",\"@graph\":[{\"@type\":\"WebPage\",\"@id\":\"https:\/\/www.lookforward.at\/produkt\/ly-long-cardigan-soft-flow\/\",\"url\":\"https:\/\/www.lookforward.at\/produkt\/ly-long-cardigan-soft-flow\/\",\"name\":\"LY01 Long Cardigan \u201eSoft Flow\u201c\",\"isPartOf\":{\"@id\":\"https:\/\/www.lookforward.at\/#website\"},\"primaryImageOfPage\":{\"@id\":\"https:\/\/www.lookforward.at\/produkt\/ly-long-cardigan-soft-flow\/#primaryimage\"},\"image\":{\"@id\":\"https:\/\/www.lookforward.at\/produkt\/ly-long-cardigan-soft-flow\/#primaryimage\"},\"thumbnailUrl\":\"https:\/\/www.lookforward.at\/wp-content\/uploads\/2026\/02\/IMG_9517-2-scaled.jpg\",\"datePublished\":\"2026-02-13T23:47:38+00:00\",\"dateModified\":\"2026-02-14T11:15:28+00:00\",\"breadcrumb\":{\"@id\":\"https:\/\/www.lookforward.at\/produkt\/ly-long-cardigan-soft-flow\/#breadcrumb\"},\"inLanguage\":\"en-US\",\"potentialAction\":[{\"@type\":\"ReadAction\",\"target\":[\"https:\/\/www.lookforward.at\/produkt\/ly-long-cardigan-soft-flow\/\"]}]},{\"@type\":\"ImageObject\",\"inLanguage\":\"en-US\",\"@id\":\"https:\/\/www.lookforward.at\/produkt\/ly-long-cardigan-soft-flow\/#primaryimage\",\"url\":\"https:\/\/www.lookforward.at\/wp-content\/uploads\/2026\/02\/IMG_9517-2-scaled.jpg\",\"contentUrl\":\"https:\/\/www.lookforward.at\/wp-content\/uploads\/2026\/02\/IMG_9517-2-scaled.jpg\",\"width\":1920,\"height\":2560},{\"@type\":\"BreadcrumbList\",\"@id\":\"https:\/\/www.lookforward.at\/produkt\/ly-long-cardigan-soft-flow\/#breadcrumb\",\"itemListElement\":[{\"@type\":\"ListItem\",\"position\":1,\"name\":\"Startseite\",\"item\":\"https:\/\/www.lookforward.at\/\"},{\"@type\":\"ListItem\",\"position\":2,\"name\":\"Shop\",\"item\":\"https:\/\/www.lookforward.at\/shop\/\"},{\"@type\":\"ListItem\",\"position\":3,\"name\":\"LY01 Long Cardigan \u201eSoft Flow\u201c\"}]},{\"@type\":\"WebSite\",\"@id\":\"https:\/\/www.lookforward.at\/#website\",\"url\":\"https:\/\/www.lookforward.at\/\",\"name\":\"lookforward Shop\",\"description\":\"Der neue Shop f\u00fcr Fashion, Lifestyle, Family, Food and Beauty.\",\"publisher\":{\"@id\":\"https:\/\/www.lookforward.at\/#organization\"},\"potentialAction\":[{\"@type\":\"SearchAction\",\"target\":{\"@type\":\"EntryPoint\",\"urlTemplate\":\"https:\/\/www.lookforward.at\/?s={search_term_string}\"},\"query-input\":{\"@type\":\"PropertyValueSpecification\",\"valueRequired\":true,\"valueName\":\"search_term_string\"}}],\"inLanguage\":\"en-US\"},{\"@type\":\"Organization\",\"@id\":\"https:\/\/www.lookforward.at\/#organization\",\"name\":\"KB lookforward\",\"url\":\"https:\/\/www.lookforward.at\/\",\"logo\":{\"@type\":\"ImageObject\",\"inLanguage\":\"en-US\",\"@id\":\"https:\/\/www.lookforward.at\/#\/schema\/logo\/image\/\",\"url\":\"https:\/\/www.lookforward.at\/wp-content\/uploads\/2023\/10\/Icon-KB.svg\",\"contentUrl\":\"https:\/\/www.lookforward.at\/wp-content\/uploads\/2023\/10\/Icon-KB.svg\",\"caption\":\"KB lookforward\"},\"image\":{\"@id\":\"https:\/\/www.lookforward.at\/#\/schema\/logo\/image\/\"}}]}<\/script>\n<!-- \/ Yoast SEO plugin. -->","yoast_head_json":{"title":"LY01 Long Cardigan \u201eSoft Flow\u201c","robots":{"index":"index","follow":"follow","max-snippet":"max-snippet:-1","max-image-preview":"max-image-preview:large","max-video-preview":"max-video-preview:-1"},"canonical":"https:\/\/www.lookforward.at\/en\/produkt\/ly-long-cardigan-soft-flow\/","og_locale":"en_US","og_type":"article","og_title":"[:de]LY01 Long Cardigan \u201eSoft Flow\u201c[:] - lookforward Shop","og_description":"Long Cardigan \u201eSoft Flow\u201c  F\u00fcr die Momente, in denen du dich einfach einh\u00fcllen m\u00f6chtest.  Dieser lange, flie\u00dfende Cardigan ist dein perfekter Begleiter f\u00fcr entspannte Tage, ruhige Abende und alles dazwischen. Die feine, weiche Struktur liegt angenehm auf der Haut und schenkt dir dieses leichte, m\u00fchelose Tragegef\u00fchl.  Offen getragen wirkt er l\u00e4ssig und elegant zugleich \u2013 wie ein ruhiger Statement-Look ohne laut zu sein.  Perfekt \u00fcber Kleidern, Strick-Sets oder Jeans.  Perfekt f\u00fcr dich.  Selflove hei\u00dft auch: Komfort w\u00e4hlen.  \u2e3b  Details  \u2661 Langer, offen geschnittener Cardigan  \u2661 One Size (36\u201344)  \u2661 Made in Italy, Material: 80% Baumwolle, 10% Elasthan, 10 % Lurex  \u2661 Weiche, angenehm fallende Qualit\u00e4t  \u2661 Waschbar bei 30\u00b0  Erh\u00e4ltlich in:  Beige, Schwarz, Salbei & Blau.","og_url":"https:\/\/www.lookforward.at\/en\/produkt\/ly-long-cardigan-soft-flow\/","og_site_name":"lookforward Shop","article_modified_time":"2026-02-14T11:15:28+00:00","og_image":[{"width":1920,"height":2560,"url":"https:\/\/www.lookforward.at\/wp-content\/uploads\/2026\/02\/IMG_9517-2-scaled.jpg","type":"image\/jpeg"}],"twitter_card":"summary_large_image","twitter_misc":{"Est. reading time":"1 minute"},"schema":{"@context":"https:\/\/schema.org","@graph":[{"@type":"WebPage","@id":"https:\/\/www.lookforward.at\/produkt\/ly-long-cardigan-soft-flow\/","url":"https:\/\/www.lookforward.at\/produkt\/ly-long-cardigan-soft-flow\/","name":"LY01 Long Cardigan \u201eSoft Flow\u201c","isPartOf":{"@id":"https:\/\/www.lookforward.at\/#website"},"primaryImageOfPage":{"@id":"https:\/\/www.lookforward.at\/produkt\/ly-long-cardigan-soft-flow\/#primaryimage"},"image":{"@id":"https:\/\/www.lookforward.at\/produkt\/ly-long-cardigan-soft-flow\/#primaryimage"},"thumbnailUrl":"https:\/\/www.lookforward.at\/wp-content\/uploads\/2026\/02\/IMG_9517-2-scaled.jpg","datePublished":"2026-02-13T23:47:38+00:00","dateModified":"2026-02-14T11:15:28+00:00","breadcrumb":{"@id":"https:\/\/www.lookforward.at\/produkt\/ly-long-cardigan-soft-flow\/#breadcrumb"},"inLanguage":"en-US","potentialAction":[{"@type":"ReadAction","target":["https:\/\/www.lookforward.at\/produkt\/ly-long-cardigan-soft-flow\/"]}]},{"@type":"ImageObject","inLanguage":"en-US","@id":"https:\/\/www.lookforward.at\/produkt\/ly-long-cardigan-soft-flow\/#primaryimage","url":"https:\/\/www.lookforward.at\/wp-content\/uploads\/2026\/02\/IMG_9517-2-scaled.jpg","contentUrl":"https:\/\/www.lookforward.at\/wp-content\/uploads\/2026\/02\/IMG_9517-2-scaled.jpg","width":1920,"height":2560},{"@type":"BreadcrumbList","@id":"https:\/\/www.lookforward.at\/produkt\/ly-long-cardigan-soft-flow\/#breadcrumb","itemListElement":[{"@type":"ListItem","position":1,"name":"Startseite","item":"https:\/\/www.lookforward.at\/"},{"@type":"ListItem","position":2,"name":"Shop","item":"https:\/\/www.lookforward.at\/shop\/"},{"@type":"ListItem","position":3,"name":"LY01 Long Cardigan \u201eSoft Flow\u201c"}]},{"@type":"WebSite","@id":"https:\/\/www.lookforward.at\/#website","url":"https:\/\/www.lookforward.at\/","name":"lookforward Shop","description":"Der neue Shop f\u00fcr Fashion, Lifestyle, Family, Food and Beauty.","publisher":{"@id":"https:\/\/www.lookforward.at\/#organization"},"potentialAction":[{"@type":"SearchAction","target":{"@type":"EntryPoint","urlTemplate":"https:\/\/www.lookforward.at\/?s={search_term_string}"},"query-input":{"@type":"PropertyValueSpecification","valueRequired":true,"valueName":"search_term_string"}}],"inLanguage":"en-US"},{"@type":"Organization","@id":"https:\/\/www.lookforward.at\/#organization","name":"KB lookforward","url":"https:\/\/www.lookforward.at\/","logo":{"@type":"ImageObject","inLanguage":"en-US","@id":"https:\/\/www.lookforward.at\/#\/schema\/logo\/image\/","url":"https:\/\/www.lookforward.at\/wp-content\/uploads\/2023\/10\/Icon-KB.svg","contentUrl":"https:\/\/www.lookforward.at\/wp-content\/uploads\/2023\/10\/Icon-KB.svg","caption":"KB lookforward"},"image":{"@id":"https:\/\/www.lookforward.at\/#\/schema\/logo\/image\/"}}]}},"_links":{"self":[{"href":"https:\/\/www.lookforward.at\/en\/wp-json\/wp\/v2\/product\/154754","targetHints":{"allow":["GET"]}}],"collection":[{"href":"https:\/\/www.lookforward.at\/en\/wp-json\/wp\/v2\/product"}],"about":[{"href":"https:\/\/www.lookforward.at\/en\/wp-json\/wp\/v2\/types\/product"}],"wp:featuredmedia":[{"embeddable":true,"href":"https:\/\/www.lookforward.at\/en\/wp-json\/wp\/v2\/media\/154733"}],"wp:attachment":[{"href":"https:\/\/www.lookforward.at\/en\/wp-json\/wp\/v2\/media?parent=154754"}],"wp:term":[{"taxonomy":"product_brand","embeddable":true,"href":"https:\/\/www.lookforward.at\/en\/wp-json\/wp\/v2\/product_brand?post=154754"},{"taxonomy":"product_cat","embeddable":true,"href":"https:\/\/www.lookforward.at\/en\/wp-json\/wp\/v2\/product_cat?post=154754"},{"taxonomy":"product_tag","embeddable":true,"href":"https:\/\/www.lookforward.at\/en\/wp-json\/wp\/v2\/product_tag?post=154754"}],"curies":[{"name":"wp","href":"https:\/\/api.w.org\/{rel}","templated":true}]}}