{"id":154765,"date":"2026-02-14T12:09:31","date_gmt":"2026-02-14T11:09:31","guid":{"rendered":"https:\/\/www.lookforward.at\/?post_type=product&#038;p=154765"},"modified":"2026-03-06T09:35:00","modified_gmt":"2026-03-06T08:35:00","slug":"bf01-rib-lounge-dress-soft-ease-plus-size-geeignet-bis-46-48","status":"publish","type":"product","link":"https:\/\/www.lookforward.at\/en\/produkt\/bf01-rib-lounge-dress-soft-ease-plus-size-geeignet-bis-46-48\/","title":{"rendered":"BF01 Oversize Dress \u201ePure Comfort\u201c"},"content":{"rendered":"","protected":false},"excerpt":{"rendered":"<p><b>Oversize Dress \u201ePure Comfort\u201c<\/b><\/p>\n<p>Weniger Druck. Mehr Gef\u00fchl.<\/p>\n<p>Dieses locker fallende Oversize-Kleid ist gemacht f\u00fcr Tage, an denen du dich frei bewegen willst. Die strukturierte, weiche Qualit\u00e4t verleiht dem Look eine moderne Tiefe, w\u00e4hrend die relaxed Silhouette f\u00fcr maximalen Komfort sorgt.<\/p>\n<p>L\u00e4ssig mit Sneakern.<\/p>\n<p>Cozy mit Cardigan.<\/p>\n<p>Oder ganz pur \u2013 nur f\u00fcr dich.<\/p>\n<p>Ein Kleid, das nichts will \u2013 au\u00dfer, dass du dich gut f\u00fchlst.<\/p>\n<p>\u2e3b<\/p>\n<p><b>Details<\/b><\/p>\n<p>\u2661 Oversize geschnitten<\/p>\n<p>\u2661 One Size (36\u201344)<\/p>\n<p>\u2661 Made in Italy<\/p>\n<p>\u2661 Strukturierte, weiche Qualit\u00e4t<\/p>\n<p>\u2661 3\/4-\u00c4rmel<\/p>\n<p>\u2661 Ohne Taschen<\/p>\n<p>\u2661 Waschbar bei 30\u00b0<\/p>\n<p>Erh\u00e4ltlich in Schwarz, Beige &#038; Oliv.<\/p>\n","protected":false},"featured_media":154720,"template":"","meta":{"inline_featured_image":false},"product_brand":[],"product_cat":[498,72],"product_tag":[],"class_list":{"0":"post-154765","1":"product","2":"type-product","3":"status-publish","4":"has-post-thumbnail","6":"product_cat-selflove-kollektion","7":"product_cat-kleid","9":"first","10":"onbackorder","11":"taxable","12":"shipping-taxable","13":"purchasable","14":"product-type-variable"},"bundled_by":[],"bundle_stock_status":"onbackorder","bundle_stock_quantity":null,"bundle_virtual":false,"bundle_layout":"","bundle_add_to_cart_form_location":"","bundle_editable_in_cart":false,"bundle_sold_individually_context":"","bundle_item_grouping":"","bundle_min_size":"","bundle_max_size":"","bundle_price":[],"bundled_items":[],"bundle_sell_ids":[],"yoast_head":"<!-- This site is optimized with the Yoast SEO plugin v26.5 - https:\/\/yoast.com\/wordpress\/plugins\/seo\/ -->\n<title>BF01 Oversize Dress \u201ePure Comfort\u201c<\/title>\n<meta name=\"robots\" content=\"index, follow, max-snippet:-1, max-image-preview:large, max-video-preview:-1\" \/>\n<link rel=\"canonical\" href=\"https:\/\/www.lookforward.at\/en\/produkt\/bf01-rib-lounge-dress-soft-ease-plus-size-geeignet-bis-46-48\/\" \/>\n<meta property=\"og:locale\" content=\"en_US\" \/>\n<meta property=\"og:locale:alternate\" content=\"de_DE\" \/>\n<meta property=\"og:type\" content=\"article\" \/>\n<meta property=\"og:title\" content=\"BF01 Oversize Dress \u201ePure Comfort\u201c\" \/>\n<meta property=\"og:description\" content=\"Oversize Dress \u201ePure Comfort\u201c  Weniger Druck. Mehr Gef\u00fchl.  Dieses locker fallende Oversize-Kleid ist gemacht f\u00fcr Tage, an denen du dich frei bewegen willst. Die strukturierte, weiche Qualit\u00e4t verleiht dem Look eine moderne Tiefe, w\u00e4hrend die relaxed Silhouette f\u00fcr maximalen Komfort sorgt.  L\u00e4ssig mit Sneakern.  Cozy mit Cardigan.  Oder ganz pur \u2013 nur f\u00fcr dich.  Ein Kleid, das nichts will \u2013 au\u00dfer, dass du dich gut f\u00fchlst.  \u2e3b  Details  \u2661 Oversize geschnitten  \u2661 One Size (36\u201344)  \u2661 Made in Italy  \u2661 Strukturierte, weiche Qualit\u00e4t  \u2661 3\/4-\u00c4rmel  \u2661 Ohne Taschen  \u2661 Waschbar bei 30\u00b0  Erh\u00e4ltlich in Schwarz, Beige &amp; Oliv.\" \/>\n<meta property=\"og:url\" content=\"https:\/\/www.lookforward.at\/en\/produkt\/bf01-rib-lounge-dress-soft-ease-plus-size-geeignet-bis-46-48\/\" \/>\n<meta property=\"og:site_name\" content=\"lookforward Shop\" \/>\n<meta property=\"article:modified_time\" content=\"2026-03-06T08:35:00+00:00\" \/>\n<meta property=\"og:image\" content=\"https:\/\/www.lookforward.at\/wp-content\/uploads\/2026\/02\/IMG_9482-768x1024.jpg\" \/>\n\t<meta property=\"og:image:width\" content=\"768\" \/>\n\t<meta property=\"og:image:height\" content=\"1024\" \/>\n\t<meta property=\"og:image:type\" content=\"image\/jpeg\" \/>\n<meta name=\"twitter:card\" content=\"summary_large_image\" \/>\n<meta name=\"twitter:label1\" content=\"Est. reading time\" \/>\n\t<meta name=\"twitter:data1\" content=\"1 minute\" \/>\n<script type=\"application\/ld+json\" class=\"yoast-schema-graph\">{\"@context\":\"https:\/\/schema.org\",\"@graph\":[{\"@type\":\"WebPage\",\"@id\":\"https:\/\/www.lookforward.at\/produkt\/bf01-rib-lounge-dress-soft-ease-plus-size-geeignet-bis-46-48\/\",\"url\":\"https:\/\/www.lookforward.at\/produkt\/bf01-rib-lounge-dress-soft-ease-plus-size-geeignet-bis-46-48\/\",\"name\":\"BF01 Oversize Dress \u201ePure Comfort\u201c\",\"isPartOf\":{\"@id\":\"https:\/\/www.lookforward.at\/#website\"},\"primaryImageOfPage\":{\"@id\":\"https:\/\/www.lookforward.at\/produkt\/bf01-rib-lounge-dress-soft-ease-plus-size-geeignet-bis-46-48\/#primaryimage\"},\"image\":{\"@id\":\"https:\/\/www.lookforward.at\/produkt\/bf01-rib-lounge-dress-soft-ease-plus-size-geeignet-bis-46-48\/#primaryimage\"},\"thumbnailUrl\":\"https:\/\/www.lookforward.at\/wp-content\/uploads\/2026\/02\/IMG_9482-scaled.jpg\",\"datePublished\":\"2026-02-14T11:09:31+00:00\",\"dateModified\":\"2026-03-06T08:35:00+00:00\",\"breadcrumb\":{\"@id\":\"https:\/\/www.lookforward.at\/produkt\/bf01-rib-lounge-dress-soft-ease-plus-size-geeignet-bis-46-48\/#breadcrumb\"},\"inLanguage\":\"en-US\",\"potentialAction\":[{\"@type\":\"ReadAction\",\"target\":[\"https:\/\/www.lookforward.at\/produkt\/bf01-rib-lounge-dress-soft-ease-plus-size-geeignet-bis-46-48\/\"]}]},{\"@type\":\"ImageObject\",\"inLanguage\":\"en-US\",\"@id\":\"https:\/\/www.lookforward.at\/produkt\/bf01-rib-lounge-dress-soft-ease-plus-size-geeignet-bis-46-48\/#primaryimage\",\"url\":\"https:\/\/www.lookforward.at\/wp-content\/uploads\/2026\/02\/IMG_9482-scaled.jpg\",\"contentUrl\":\"https:\/\/www.lookforward.at\/wp-content\/uploads\/2026\/02\/IMG_9482-scaled.jpg\",\"width\":1920,\"height\":2560},{\"@type\":\"BreadcrumbList\",\"@id\":\"https:\/\/www.lookforward.at\/produkt\/bf01-rib-lounge-dress-soft-ease-plus-size-geeignet-bis-46-48\/#breadcrumb\",\"itemListElement\":[{\"@type\":\"ListItem\",\"position\":1,\"name\":\"Startseite\",\"item\":\"https:\/\/www.lookforward.at\/\"},{\"@type\":\"ListItem\",\"position\":2,\"name\":\"Shop\",\"item\":\"https:\/\/www.lookforward.at\/shop\/\"},{\"@type\":\"ListItem\",\"position\":3,\"name\":\"BF01 Oversize Dress \u201ePure Comfort\u201c\"}]},{\"@type\":\"WebSite\",\"@id\":\"https:\/\/www.lookforward.at\/#website\",\"url\":\"https:\/\/www.lookforward.at\/\",\"name\":\"lookforward Shop\",\"description\":\"Der neue Shop f\u00fcr Fashion, Lifestyle, Family, Food and Beauty.\",\"publisher\":{\"@id\":\"https:\/\/www.lookforward.at\/#organization\"},\"potentialAction\":[{\"@type\":\"SearchAction\",\"target\":{\"@type\":\"EntryPoint\",\"urlTemplate\":\"https:\/\/www.lookforward.at\/?s={search_term_string}\"},\"query-input\":{\"@type\":\"PropertyValueSpecification\",\"valueRequired\":true,\"valueName\":\"search_term_string\"}}],\"inLanguage\":\"en-US\"},{\"@type\":\"Organization\",\"@id\":\"https:\/\/www.lookforward.at\/#organization\",\"name\":\"KB lookforward\",\"url\":\"https:\/\/www.lookforward.at\/\",\"logo\":{\"@type\":\"ImageObject\",\"inLanguage\":\"en-US\",\"@id\":\"https:\/\/www.lookforward.at\/#\/schema\/logo\/image\/\",\"url\":\"https:\/\/www.lookforward.at\/wp-content\/uploads\/2023\/10\/Icon-KB.svg\",\"contentUrl\":\"https:\/\/www.lookforward.at\/wp-content\/uploads\/2023\/10\/Icon-KB.svg\",\"caption\":\"KB lookforward\"},\"image\":{\"@id\":\"https:\/\/www.lookforward.at\/#\/schema\/logo\/image\/\"}}]}<\/script>\n<!-- \/ Yoast SEO plugin. -->","yoast_head_json":{"title":"BF01 Oversize Dress \u201ePure Comfort\u201c","robots":{"index":"index","follow":"follow","max-snippet":"max-snippet:-1","max-image-preview":"max-image-preview:large","max-video-preview":"max-video-preview:-1"},"canonical":"https:\/\/www.lookforward.at\/en\/produkt\/bf01-rib-lounge-dress-soft-ease-plus-size-geeignet-bis-46-48\/","og_locale":"en_US","og_type":"article","og_title":"[:de]BF01 Oversize Dress \u201ePure Comfort\u201c[:] - lookforward Shop","og_description":"Oversize Dress \u201ePure Comfort\u201c  Weniger Druck. Mehr Gef\u00fchl.  Dieses locker fallende Oversize-Kleid ist gemacht f\u00fcr Tage, an denen du dich frei bewegen willst. Die strukturierte, weiche Qualit\u00e4t verleiht dem Look eine moderne Tiefe, w\u00e4hrend die relaxed Silhouette f\u00fcr maximalen Komfort sorgt.  L\u00e4ssig mit Sneakern.  Cozy mit Cardigan.  Oder ganz pur \u2013 nur f\u00fcr dich.  Ein Kleid, das nichts will \u2013 au\u00dfer, dass du dich gut f\u00fchlst.  \u2e3b  Details  \u2661 Oversize geschnitten  \u2661 One Size (36\u201344)  \u2661 Made in Italy  \u2661 Strukturierte, weiche Qualit\u00e4t  \u2661 3\/4-\u00c4rmel  \u2661 Ohne Taschen  \u2661 Waschbar bei 30\u00b0  Erh\u00e4ltlich in Schwarz, Beige & Oliv.","og_url":"https:\/\/www.lookforward.at\/en\/produkt\/bf01-rib-lounge-dress-soft-ease-plus-size-geeignet-bis-46-48\/","og_site_name":"lookforward Shop","article_modified_time":"2026-03-06T08:35:00+00:00","og_image":[{"width":768,"height":1024,"url":"https:\/\/www.lookforward.at\/wp-content\/uploads\/2026\/02\/IMG_9482-768x1024.jpg","type":"image\/jpeg"}],"twitter_card":"summary_large_image","twitter_misc":{"Est. reading time":"1 minute"},"schema":{"@context":"https:\/\/schema.org","@graph":[{"@type":"WebPage","@id":"https:\/\/www.lookforward.at\/produkt\/bf01-rib-lounge-dress-soft-ease-plus-size-geeignet-bis-46-48\/","url":"https:\/\/www.lookforward.at\/produkt\/bf01-rib-lounge-dress-soft-ease-plus-size-geeignet-bis-46-48\/","name":"BF01 Oversize Dress \u201ePure Comfort\u201c","isPartOf":{"@id":"https:\/\/www.lookforward.at\/#website"},"primaryImageOfPage":{"@id":"https:\/\/www.lookforward.at\/produkt\/bf01-rib-lounge-dress-soft-ease-plus-size-geeignet-bis-46-48\/#primaryimage"},"image":{"@id":"https:\/\/www.lookforward.at\/produkt\/bf01-rib-lounge-dress-soft-ease-plus-size-geeignet-bis-46-48\/#primaryimage"},"thumbnailUrl":"https:\/\/www.lookforward.at\/wp-content\/uploads\/2026\/02\/IMG_9482-scaled.jpg","datePublished":"2026-02-14T11:09:31+00:00","dateModified":"2026-03-06T08:35:00+00:00","breadcrumb":{"@id":"https:\/\/www.lookforward.at\/produkt\/bf01-rib-lounge-dress-soft-ease-plus-size-geeignet-bis-46-48\/#breadcrumb"},"inLanguage":"en-US","potentialAction":[{"@type":"ReadAction","target":["https:\/\/www.lookforward.at\/produkt\/bf01-rib-lounge-dress-soft-ease-plus-size-geeignet-bis-46-48\/"]}]},{"@type":"ImageObject","inLanguage":"en-US","@id":"https:\/\/www.lookforward.at\/produkt\/bf01-rib-lounge-dress-soft-ease-plus-size-geeignet-bis-46-48\/#primaryimage","url":"https:\/\/www.lookforward.at\/wp-content\/uploads\/2026\/02\/IMG_9482-scaled.jpg","contentUrl":"https:\/\/www.lookforward.at\/wp-content\/uploads\/2026\/02\/IMG_9482-scaled.jpg","width":1920,"height":2560},{"@type":"BreadcrumbList","@id":"https:\/\/www.lookforward.at\/produkt\/bf01-rib-lounge-dress-soft-ease-plus-size-geeignet-bis-46-48\/#breadcrumb","itemListElement":[{"@type":"ListItem","position":1,"name":"Startseite","item":"https:\/\/www.lookforward.at\/"},{"@type":"ListItem","position":2,"name":"Shop","item":"https:\/\/www.lookforward.at\/shop\/"},{"@type":"ListItem","position":3,"name":"BF01 Oversize Dress \u201ePure Comfort\u201c"}]},{"@type":"WebSite","@id":"https:\/\/www.lookforward.at\/#website","url":"https:\/\/www.lookforward.at\/","name":"lookforward Shop","description":"Der neue Shop f\u00fcr Fashion, Lifestyle, Family, Food and Beauty.","publisher":{"@id":"https:\/\/www.lookforward.at\/#organization"},"potentialAction":[{"@type":"SearchAction","target":{"@type":"EntryPoint","urlTemplate":"https:\/\/www.lookforward.at\/?s={search_term_string}"},"query-input":{"@type":"PropertyValueSpecification","valueRequired":true,"valueName":"search_term_string"}}],"inLanguage":"en-US"},{"@type":"Organization","@id":"https:\/\/www.lookforward.at\/#organization","name":"KB lookforward","url":"https:\/\/www.lookforward.at\/","logo":{"@type":"ImageObject","inLanguage":"en-US","@id":"https:\/\/www.lookforward.at\/#\/schema\/logo\/image\/","url":"https:\/\/www.lookforward.at\/wp-content\/uploads\/2023\/10\/Icon-KB.svg","contentUrl":"https:\/\/www.lookforward.at\/wp-content\/uploads\/2023\/10\/Icon-KB.svg","caption":"KB lookforward"},"image":{"@id":"https:\/\/www.lookforward.at\/#\/schema\/logo\/image\/"}}]}},"_links":{"self":[{"href":"https:\/\/www.lookforward.at\/en\/wp-json\/wp\/v2\/product\/154765","targetHints":{"allow":["GET"]}}],"collection":[{"href":"https:\/\/www.lookforward.at\/en\/wp-json\/wp\/v2\/product"}],"about":[{"href":"https:\/\/www.lookforward.at\/en\/wp-json\/wp\/v2\/types\/product"}],"wp:featuredmedia":[{"embeddable":true,"href":"https:\/\/www.lookforward.at\/en\/wp-json\/wp\/v2\/media\/154720"}],"wp:attachment":[{"href":"https:\/\/www.lookforward.at\/en\/wp-json\/wp\/v2\/media?parent=154765"}],"wp:term":[{"taxonomy":"product_brand","embeddable":true,"href":"https:\/\/www.lookforward.at\/en\/wp-json\/wp\/v2\/product_brand?post=154765"},{"taxonomy":"product_cat","embeddable":true,"href":"https:\/\/www.lookforward.at\/en\/wp-json\/wp\/v2\/product_cat?post=154765"},{"taxonomy":"product_tag","embeddable":true,"href":"https:\/\/www.lookforward.at\/en\/wp-json\/wp\/v2\/product_tag?post=154765"}],"curies":[{"name":"wp","href":"https:\/\/api.w.org\/{rel}","templated":true}]}}