{"id":154780,"date":"2026-02-14T12:32:10","date_gmt":"2026-02-14T11:32:10","guid":{"rendered":"https:\/\/www.lookforward.at\/?post_type=product&#038;p=154780"},"modified":"2026-04-13T09:20:46","modified_gmt":"2026-04-13T07:20:46","slug":"fo01%f0%9f%92%95-cozy-statement-set-one-size-beige-mint-rosa","status":"publish","type":"product","link":"https:\/\/www.lookforward.at\/en\/produkt\/fo01%f0%9f%92%95-cozy-statement-set-one-size-beige-mint-rosa\/","title":{"rendered":"FO01\ud83d\udc95 Cozy Statement Set \u2013 One Size (Beige, Mint, Rosa)"},"content":{"rendered":"","protected":false},"excerpt":{"rendered":"<p>\ud83d\udc95<b> Cozy Statement Set \u2013 One Size (Beige, Mint, Rosa)<\/b><\/p>\n<p>\u201eLife isn\u2019t perfect but your outfit can be.\u201c<\/p>\n<p>Dieses Set ist dein Wohlf\u00fchl-Moment zum Anziehen.<\/p>\n<p>Soft, modern und genau die richtige Mischung aus l\u00e4ssig &#038; stilvoll. Der entspannte Schnitt sorgt f\u00fcr maximalen Komfort \u2013 ohne dabei auf Coolness zu verzichten.<\/p>\n<p>Ob f\u00fcr Me-Time, Coffee-Date oder Casual Chic mit Sneakern \u2013 dieses Set macht alles mit.<\/p>\n<p>Selflove beginnt bei dem, was du tr\u00e4gst. \u2728<\/p>\n<p><b>Details Sweater:<\/b><\/p>\n<p>\u2022One Size (tragbar ca. 36\u201344)<\/p>\n<p>\u2022Lockerer, bequemer Fit<\/p>\n<p>\u2022Statement-Patch am \u00c4rmel<\/p>\n<p>\u2022Made in Italy<\/p>\n<p>\u2022Waschbar bei 30 Grad<\/p>\n<p><b>Details Hose:<\/b><\/p>\n<p>\u2022One Size (tragbar ca. 36\u201344)<\/p>\n<p>\u2022Elastischer Bund mit Tunnelzug<\/p>\n<p>\u2022Seitentaschen<\/p>\n<p>\u2022Bequemer, gerader Schnitt<\/p>\n<p>\u2022Made in Italy<\/p>\n<p>\u2022Waschbar bei 30 Grad<\/p>\n<p><b>Farben:<\/b> Beige, Mint &#038; Rosa<\/p>\n<p>Soft Vibes. Strong Energy. \ud83d\udc96<\/p>\n","protected":false},"featured_media":154524,"template":"","meta":{"inline_featured_image":false},"product_brand":[],"product_cat":[495,499,498,48],"product_tag":[],"class_list":{"0":"post-154780","1":"product","2":"type-product","3":"status-publish","4":"has-post-thumbnail","6":"product_cat-jumpsuits-und-2-teiler","7":"product_cat-fruehling-2026","8":"product_cat-selflove-kollektion","9":"product_cat-hosen","11":"first","12":"onbackorder","13":"taxable","14":"shipping-taxable","15":"purchasable","16":"product-type-variable"},"bundled_by":[],"bundle_stock_status":"onbackorder","bundle_stock_quantity":null,"bundle_virtual":false,"bundle_layout":"","bundle_add_to_cart_form_location":"","bundle_editable_in_cart":false,"bundle_sold_individually_context":"","bundle_item_grouping":"","bundle_min_size":"","bundle_max_size":"","bundle_price":[],"bundled_items":[],"bundle_sell_ids":[],"yoast_head":"<!-- This site is optimized with the Yoast SEO plugin v26.5 - https:\/\/yoast.com\/wordpress\/plugins\/seo\/ -->\n<title>FO01\ud83d\udc95 Cozy Statement Set \u2013 One Size (Beige, Mint, Rosa)<\/title>\n<meta name=\"robots\" content=\"index, follow, max-snippet:-1, max-image-preview:large, max-video-preview:-1\" \/>\n<link rel=\"canonical\" href=\"https:\/\/www.lookforward.at\/en\/produkt\/fo01\ud83d\udc95-cozy-statement-set-one-size-beige-mint-rosa\/\" \/>\n<meta property=\"og:locale\" content=\"en_US\" \/>\n<meta property=\"og:locale:alternate\" content=\"de_DE\" \/>\n<meta property=\"og:type\" content=\"article\" \/>\n<meta property=\"og:title\" content=\"FO01\ud83d\udc95 Cozy Statement Set \u2013 One Size (Beige, Mint, Rosa)\" \/>\n<meta property=\"og:description\" content=\"\ud83d\udc95 Cozy Statement Set \u2013 One Size (Beige, Mint, Rosa)  \u201eLife isn\u2019t perfect but your outfit can be.\u201c  Dieses Set ist dein Wohlf\u00fchl-Moment zum Anziehen.  Soft, modern und genau die richtige Mischung aus l\u00e4ssig &amp; stilvoll. Der entspannte Schnitt sorgt f\u00fcr maximalen Komfort \u2013 ohne dabei auf Coolness zu verzichten.  Ob f\u00fcr Me-Time, Coffee-Date oder Casual Chic mit Sneakern \u2013 dieses Set macht alles mit.  Selflove beginnt bei dem, was du tr\u00e4gst. \u2728  Details Sweater:  \u2022One Size (tragbar ca. 36\u201344)  \u2022Lockerer, bequemer Fit  \u2022Statement-Patch am \u00c4rmel  \u2022Made in Italy  \u2022Waschbar bei 30 Grad  Details Hose:  \u2022One Size (tragbar ca. 36\u201344)  \u2022Elastischer Bund mit Tunnelzug  \u2022Seitentaschen  \u2022Bequemer, gerader Schnitt  \u2022Made in Italy  \u2022Waschbar bei 30 Grad  Farben: Beige, Mint &amp; Rosa  Soft Vibes. Strong Energy. \ud83d\udc96\" \/>\n<meta property=\"og:url\" content=\"https:\/\/www.lookforward.at\/en\/produkt\/fo01\ud83d\udc95-cozy-statement-set-one-size-beige-mint-rosa\/\" \/>\n<meta property=\"og:site_name\" content=\"lookforward Shop\" \/>\n<meta property=\"article:modified_time\" content=\"2026-04-13T07:20:46+00:00\" \/>\n<meta name=\"twitter:card\" content=\"summary_large_image\" \/>\n<meta name=\"twitter:label1\" content=\"Est. reading time\" \/>\n\t<meta name=\"twitter:data1\" content=\"1 minute\" \/>\n<script type=\"application\/ld+json\" class=\"yoast-schema-graph\">{\"@context\":\"https:\/\/schema.org\",\"@graph\":[{\"@type\":\"WebPage\",\"@id\":\"https:\/\/www.lookforward.at\/produkt\/fo01%f0%9f%92%95-cozy-statement-set-one-size-beige-mint-rosa\/\",\"url\":\"https:\/\/www.lookforward.at\/produkt\/fo01%f0%9f%92%95-cozy-statement-set-one-size-beige-mint-rosa\/\",\"name\":\"FO01\ud83d\udc95 Cozy Statement Set \u2013 One Size (Beige, Mint, Rosa)\",\"isPartOf\":{\"@id\":\"https:\/\/www.lookforward.at\/#website\"},\"primaryImageOfPage\":{\"@id\":\"https:\/\/www.lookforward.at\/produkt\/fo01%f0%9f%92%95-cozy-statement-set-one-size-beige-mint-rosa\/#primaryimage\"},\"image\":{\"@id\":\"https:\/\/www.lookforward.at\/produkt\/fo01%f0%9f%92%95-cozy-statement-set-one-size-beige-mint-rosa\/#primaryimage\"},\"thumbnailUrl\":\"https:\/\/www.lookforward.at\/wp-content\/uploads\/2026\/02\/IMG_0077-2-scaled.jpg\",\"datePublished\":\"2026-02-14T11:32:10+00:00\",\"dateModified\":\"2026-04-13T07:20:46+00:00\",\"breadcrumb\":{\"@id\":\"https:\/\/www.lookforward.at\/produkt\/fo01%f0%9f%92%95-cozy-statement-set-one-size-beige-mint-rosa\/#breadcrumb\"},\"inLanguage\":\"en-US\",\"potentialAction\":[{\"@type\":\"ReadAction\",\"target\":[\"https:\/\/www.lookforward.at\/produkt\/fo01%f0%9f%92%95-cozy-statement-set-one-size-beige-mint-rosa\/\"]}]},{\"@type\":\"ImageObject\",\"inLanguage\":\"en-US\",\"@id\":\"https:\/\/www.lookforward.at\/produkt\/fo01%f0%9f%92%95-cozy-statement-set-one-size-beige-mint-rosa\/#primaryimage\",\"url\":\"https:\/\/www.lookforward.at\/wp-content\/uploads\/2026\/02\/IMG_0077-2-scaled.jpg\",\"contentUrl\":\"https:\/\/www.lookforward.at\/wp-content\/uploads\/2026\/02\/IMG_0077-2-scaled.jpg\",\"width\":1920,\"height\":2560},{\"@type\":\"BreadcrumbList\",\"@id\":\"https:\/\/www.lookforward.at\/produkt\/fo01%f0%9f%92%95-cozy-statement-set-one-size-beige-mint-rosa\/#breadcrumb\",\"itemListElement\":[{\"@type\":\"ListItem\",\"position\":1,\"name\":\"Startseite\",\"item\":\"https:\/\/www.lookforward.at\/\"},{\"@type\":\"ListItem\",\"position\":2,\"name\":\"Shop\",\"item\":\"https:\/\/www.lookforward.at\/shop\/\"},{\"@type\":\"ListItem\",\"position\":3,\"name\":\"FO01\ud83d\udc95 Cozy Statement Set \u2013 One Size (Beige, Mint, Rosa)\"}]},{\"@type\":\"WebSite\",\"@id\":\"https:\/\/www.lookforward.at\/#website\",\"url\":\"https:\/\/www.lookforward.at\/\",\"name\":\"lookforward Shop\",\"description\":\"Der neue Shop f\u00fcr Fashion, Lifestyle, Family, Food and Beauty.\",\"publisher\":{\"@id\":\"https:\/\/www.lookforward.at\/#organization\"},\"potentialAction\":[{\"@type\":\"SearchAction\",\"target\":{\"@type\":\"EntryPoint\",\"urlTemplate\":\"https:\/\/www.lookforward.at\/?s={search_term_string}\"},\"query-input\":{\"@type\":\"PropertyValueSpecification\",\"valueRequired\":true,\"valueName\":\"search_term_string\"}}],\"inLanguage\":\"en-US\"},{\"@type\":\"Organization\",\"@id\":\"https:\/\/www.lookforward.at\/#organization\",\"name\":\"KB lookforward\",\"url\":\"https:\/\/www.lookforward.at\/\",\"logo\":{\"@type\":\"ImageObject\",\"inLanguage\":\"en-US\",\"@id\":\"https:\/\/www.lookforward.at\/#\/schema\/logo\/image\/\",\"url\":\"https:\/\/www.lookforward.at\/wp-content\/uploads\/2023\/10\/Icon-KB.svg\",\"contentUrl\":\"https:\/\/www.lookforward.at\/wp-content\/uploads\/2023\/10\/Icon-KB.svg\",\"caption\":\"KB lookforward\"},\"image\":{\"@id\":\"https:\/\/www.lookforward.at\/#\/schema\/logo\/image\/\"}}]}<\/script>\n<!-- \/ Yoast SEO plugin. -->","yoast_head_json":{"title":"FO01\ud83d\udc95 Cozy Statement Set \u2013 One Size (Beige, Mint, Rosa)","robots":{"index":"index","follow":"follow","max-snippet":"max-snippet:-1","max-image-preview":"max-image-preview:large","max-video-preview":"max-video-preview:-1"},"canonical":"https:\/\/www.lookforward.at\/en\/produkt\/fo01\ud83d\udc95-cozy-statement-set-one-size-beige-mint-rosa\/","og_locale":"en_US","og_type":"article","og_title":"[:de]FO01\ud83d\udc95 Cozy Statement Set \u2013 One Size (Beige, Mint, Rosa)[:] - lookforward Shop","og_description":"\ud83d\udc95 Cozy Statement Set \u2013 One Size (Beige, Mint, Rosa)  \u201eLife isn\u2019t perfect but your outfit can be.\u201c  Dieses Set ist dein Wohlf\u00fchl-Moment zum Anziehen.  Soft, modern und genau die richtige Mischung aus l\u00e4ssig & stilvoll. Der entspannte Schnitt sorgt f\u00fcr maximalen Komfort \u2013 ohne dabei auf Coolness zu verzichten.  Ob f\u00fcr Me-Time, Coffee-Date oder Casual Chic mit Sneakern \u2013 dieses Set macht alles mit.  Selflove beginnt bei dem, was du tr\u00e4gst. \u2728  Details Sweater:  \u2022One Size (tragbar ca. 36\u201344)  \u2022Lockerer, bequemer Fit  \u2022Statement-Patch am \u00c4rmel  \u2022Made in Italy  \u2022Waschbar bei 30 Grad  Details Hose:  \u2022One Size (tragbar ca. 36\u201344)  \u2022Elastischer Bund mit Tunnelzug  \u2022Seitentaschen  \u2022Bequemer, gerader Schnitt  \u2022Made in Italy  \u2022Waschbar bei 30 Grad  Farben: Beige, Mint & Rosa  Soft Vibes. Strong Energy. \ud83d\udc96","og_url":"https:\/\/www.lookforward.at\/en\/produkt\/fo01\ud83d\udc95-cozy-statement-set-one-size-beige-mint-rosa\/","og_site_name":"lookforward Shop","article_modified_time":"2026-04-13T07:20:46+00:00","twitter_card":"summary_large_image","twitter_misc":{"Est. reading time":"1 minute"},"schema":{"@context":"https:\/\/schema.org","@graph":[{"@type":"WebPage","@id":"https:\/\/www.lookforward.at\/produkt\/fo01%f0%9f%92%95-cozy-statement-set-one-size-beige-mint-rosa\/","url":"https:\/\/www.lookforward.at\/produkt\/fo01%f0%9f%92%95-cozy-statement-set-one-size-beige-mint-rosa\/","name":"FO01\ud83d\udc95 Cozy Statement Set \u2013 One Size (Beige, Mint, Rosa)","isPartOf":{"@id":"https:\/\/www.lookforward.at\/#website"},"primaryImageOfPage":{"@id":"https:\/\/www.lookforward.at\/produkt\/fo01%f0%9f%92%95-cozy-statement-set-one-size-beige-mint-rosa\/#primaryimage"},"image":{"@id":"https:\/\/www.lookforward.at\/produkt\/fo01%f0%9f%92%95-cozy-statement-set-one-size-beige-mint-rosa\/#primaryimage"},"thumbnailUrl":"https:\/\/www.lookforward.at\/wp-content\/uploads\/2026\/02\/IMG_0077-2-scaled.jpg","datePublished":"2026-02-14T11:32:10+00:00","dateModified":"2026-04-13T07:20:46+00:00","breadcrumb":{"@id":"https:\/\/www.lookforward.at\/produkt\/fo01%f0%9f%92%95-cozy-statement-set-one-size-beige-mint-rosa\/#breadcrumb"},"inLanguage":"en-US","potentialAction":[{"@type":"ReadAction","target":["https:\/\/www.lookforward.at\/produkt\/fo01%f0%9f%92%95-cozy-statement-set-one-size-beige-mint-rosa\/"]}]},{"@type":"ImageObject","inLanguage":"en-US","@id":"https:\/\/www.lookforward.at\/produkt\/fo01%f0%9f%92%95-cozy-statement-set-one-size-beige-mint-rosa\/#primaryimage","url":"https:\/\/www.lookforward.at\/wp-content\/uploads\/2026\/02\/IMG_0077-2-scaled.jpg","contentUrl":"https:\/\/www.lookforward.at\/wp-content\/uploads\/2026\/02\/IMG_0077-2-scaled.jpg","width":1920,"height":2560},{"@type":"BreadcrumbList","@id":"https:\/\/www.lookforward.at\/produkt\/fo01%f0%9f%92%95-cozy-statement-set-one-size-beige-mint-rosa\/#breadcrumb","itemListElement":[{"@type":"ListItem","position":1,"name":"Startseite","item":"https:\/\/www.lookforward.at\/"},{"@type":"ListItem","position":2,"name":"Shop","item":"https:\/\/www.lookforward.at\/shop\/"},{"@type":"ListItem","position":3,"name":"FO01\ud83d\udc95 Cozy Statement Set \u2013 One Size (Beige, Mint, Rosa)"}]},{"@type":"WebSite","@id":"https:\/\/www.lookforward.at\/#website","url":"https:\/\/www.lookforward.at\/","name":"lookforward Shop","description":"Der neue Shop f\u00fcr Fashion, Lifestyle, Family, Food and Beauty.","publisher":{"@id":"https:\/\/www.lookforward.at\/#organization"},"potentialAction":[{"@type":"SearchAction","target":{"@type":"EntryPoint","urlTemplate":"https:\/\/www.lookforward.at\/?s={search_term_string}"},"query-input":{"@type":"PropertyValueSpecification","valueRequired":true,"valueName":"search_term_string"}}],"inLanguage":"en-US"},{"@type":"Organization","@id":"https:\/\/www.lookforward.at\/#organization","name":"KB lookforward","url":"https:\/\/www.lookforward.at\/","logo":{"@type":"ImageObject","inLanguage":"en-US","@id":"https:\/\/www.lookforward.at\/#\/schema\/logo\/image\/","url":"https:\/\/www.lookforward.at\/wp-content\/uploads\/2023\/10\/Icon-KB.svg","contentUrl":"https:\/\/www.lookforward.at\/wp-content\/uploads\/2023\/10\/Icon-KB.svg","caption":"KB lookforward"},"image":{"@id":"https:\/\/www.lookforward.at\/#\/schema\/logo\/image\/"}}]}},"_links":{"self":[{"href":"https:\/\/www.lookforward.at\/en\/wp-json\/wp\/v2\/product\/154780","targetHints":{"allow":["GET"]}}],"collection":[{"href":"https:\/\/www.lookforward.at\/en\/wp-json\/wp\/v2\/product"}],"about":[{"href":"https:\/\/www.lookforward.at\/en\/wp-json\/wp\/v2\/types\/product"}],"wp:featuredmedia":[{"embeddable":true,"href":"https:\/\/www.lookforward.at\/en\/wp-json\/wp\/v2\/media\/154524"}],"wp:attachment":[{"href":"https:\/\/www.lookforward.at\/en\/wp-json\/wp\/v2\/media?parent=154780"}],"wp:term":[{"taxonomy":"product_brand","embeddable":true,"href":"https:\/\/www.lookforward.at\/en\/wp-json\/wp\/v2\/product_brand?post=154780"},{"taxonomy":"product_cat","embeddable":true,"href":"https:\/\/www.lookforward.at\/en\/wp-json\/wp\/v2\/product_cat?post=154780"},{"taxonomy":"product_tag","embeddable":true,"href":"https:\/\/www.lookforward.at\/en\/wp-json\/wp\/v2\/product_tag?post=154780"}],"curies":[{"name":"wp","href":"https:\/\/api.w.org\/{rel}","templated":true}]}}