{"id":154784,"date":"2026-02-14T12:37:15","date_gmt":"2026-02-14T11:37:15","guid":{"rendered":"https:\/\/www.lookforward.at\/?post_type=product&#038;p=154784"},"modified":"2026-03-06T09:35:00","modified_gmt":"2026-03-06T08:35:00","slug":"bf02-waffle-v-neck-sweater-soft-structure-plus-size-geeignet","status":"publish","type":"product","link":"https:\/\/www.lookforward.at\/en\/produkt\/bf02-waffle-v-neck-sweater-soft-structure-plus-size-geeignet\/","title":{"rendered":"BF02 Waffle V-Neck Sweater \u201eSoft Structure\u201c \u2013 Plus-Size geeignet"},"content":{"rendered":"","protected":false},"excerpt":{"rendered":"<p><b>Waffle V-Neck Sweater \u201eSoft Structure\u201c \u2013 Plus-Size geeignet<\/b><\/p>\n<p>Struktur, die man f\u00fchlt.<\/p>\n<p>Komfort, der bleibt.<\/p>\n<p>Dieser locker fallende V-Neck Sweater \u00fcberzeugt mit seiner modernen, gewaffelten Oberfl\u00e4che und einer entspannten Silhouette. Der weiche Stoff schenkt dir ein angenehmes Tragegef\u00fchl, w\u00e4hrend der V-Ausschnitt dem Look eine feminine Leichtigkeit verleiht.<\/p>\n<p>Perfekt f\u00fcr cozy Days, Office-Looks oder als Set mit passender Hose.<\/p>\n<p>Ein Essential, das l\u00e4ssig wirkt \u2013 und sich genauso anf\u00fchlt.<\/p>\n<p>Selflove hei\u00dft auch: sich Raum geben.<\/p>\n<p>\u2e3b<\/p>\n<p><b>Details<\/b><\/p>\n<p>\u2661 Locker geschnitten<\/p>\n<p>\u2661 One Size (36\u201344)<\/p>\n<p>\u2661 Plus-Size geeignet<\/p>\n<p>\u2661 Made in Italy<\/p>\n<p>\u2661 Gewaffelte, strukturierte Oberfl\u00e4che<\/p>\n<p>\u2661 V-Ausschnitt<\/p>\n<p>\u2661 Weiche, angenehme Qualit\u00e4t<\/p>\n<p>\u2661 Waschbar bei 30\u00b0<\/p>\n<p>Erh\u00e4ltlich in Schwarz, Beige &#038; Oliv.<\/p>\n","protected":false},"featured_media":154709,"template":"","meta":{"inline_featured_image":false},"product_brand":[],"product_cat":[499,498,59],"product_tag":[],"class_list":{"0":"post-154784","1":"product","2":"type-product","3":"status-publish","4":"has-post-thumbnail","6":"product_cat-fruehling-2026","7":"product_cat-selflove-kollektion","8":"product_cat-pullover","10":"first","11":"onbackorder","12":"taxable","13":"shipping-taxable","14":"purchasable","15":"product-type-variable"},"bundled_by":[],"bundle_stock_status":"onbackorder","bundle_stock_quantity":null,"bundle_virtual":false,"bundle_layout":"","bundle_add_to_cart_form_location":"","bundle_editable_in_cart":false,"bundle_sold_individually_context":"","bundle_item_grouping":"","bundle_min_size":"","bundle_max_size":"","bundle_price":[],"bundled_items":[],"bundle_sell_ids":[],"yoast_head":"<!-- This site is optimized with the Yoast SEO plugin v26.5 - https:\/\/yoast.com\/wordpress\/plugins\/seo\/ -->\n<title>BF02 Waffle V-Neck Sweater \u201eSoft Structure\u201c \u2013 Plus-Size geeignet<\/title>\n<meta name=\"robots\" content=\"index, follow, max-snippet:-1, max-image-preview:large, max-video-preview:-1\" \/>\n<link rel=\"canonical\" href=\"https:\/\/www.lookforward.at\/en\/produkt\/bf02-waffle-v-neck-sweater-soft-structure-plus-size-geeignet\/\" \/>\n<meta property=\"og:locale\" content=\"en_US\" \/>\n<meta property=\"og:locale:alternate\" content=\"de_DE\" \/>\n<meta property=\"og:type\" content=\"article\" \/>\n<meta property=\"og:title\" content=\"BF02 Waffle V-Neck Sweater \u201eSoft Structure\u201c \u2013 Plus-Size geeignet\" \/>\n<meta property=\"og:description\" content=\"Waffle V-Neck Sweater \u201eSoft Structure\u201c \u2013 Plus-Size geeignet  Struktur, die man f\u00fchlt.  Komfort, der bleibt.  Dieser locker fallende V-Neck Sweater \u00fcberzeugt mit seiner modernen, gewaffelten Oberfl\u00e4che und einer entspannten Silhouette. Der weiche Stoff schenkt dir ein angenehmes Tragegef\u00fchl, w\u00e4hrend der V-Ausschnitt dem Look eine feminine Leichtigkeit verleiht.  Perfekt f\u00fcr cozy Days, Office-Looks oder als Set mit passender Hose.  Ein Essential, das l\u00e4ssig wirkt \u2013 und sich genauso anf\u00fchlt.  Selflove hei\u00dft auch: sich Raum geben.  \u2e3b  Details  \u2661 Locker geschnitten  \u2661 One Size (36\u201344)  \u2661 Plus-Size geeignet  \u2661 Made in Italy  \u2661 Gewaffelte, strukturierte Oberfl\u00e4che  \u2661 V-Ausschnitt  \u2661 Weiche, angenehme Qualit\u00e4t  \u2661 Waschbar bei 30\u00b0  Erh\u00e4ltlich in Schwarz, Beige &amp; Oliv.\" \/>\n<meta property=\"og:url\" content=\"https:\/\/www.lookforward.at\/en\/produkt\/bf02-waffle-v-neck-sweater-soft-structure-plus-size-geeignet\/\" \/>\n<meta property=\"og:site_name\" content=\"lookforward Shop\" \/>\n<meta property=\"article:modified_time\" content=\"2026-03-06T08:35:00+00:00\" \/>\n<meta name=\"twitter:card\" content=\"summary_large_image\" \/>\n<meta name=\"twitter:label1\" content=\"Est. reading time\" \/>\n\t<meta name=\"twitter:data1\" content=\"1 minute\" \/>\n<script type=\"application\/ld+json\" class=\"yoast-schema-graph\">{\"@context\":\"https:\/\/schema.org\",\"@graph\":[{\"@type\":\"WebPage\",\"@id\":\"https:\/\/www.lookforward.at\/produkt\/bf02-waffle-v-neck-sweater-soft-structure-plus-size-geeignet\/\",\"url\":\"https:\/\/www.lookforward.at\/produkt\/bf02-waffle-v-neck-sweater-soft-structure-plus-size-geeignet\/\",\"name\":\"BF02 Waffle V-Neck Sweater \u201eSoft Structure\u201c \u2013 Plus-Size geeignet\",\"isPartOf\":{\"@id\":\"https:\/\/www.lookforward.at\/#website\"},\"primaryImageOfPage\":{\"@id\":\"https:\/\/www.lookforward.at\/produkt\/bf02-waffle-v-neck-sweater-soft-structure-plus-size-geeignet\/#primaryimage\"},\"image\":{\"@id\":\"https:\/\/www.lookforward.at\/produkt\/bf02-waffle-v-neck-sweater-soft-structure-plus-size-geeignet\/#primaryimage\"},\"thumbnailUrl\":\"https:\/\/www.lookforward.at\/wp-content\/uploads\/2026\/02\/IMG_9449-2-scaled.jpg\",\"datePublished\":\"2026-02-14T11:37:15+00:00\",\"dateModified\":\"2026-03-06T08:35:00+00:00\",\"breadcrumb\":{\"@id\":\"https:\/\/www.lookforward.at\/produkt\/bf02-waffle-v-neck-sweater-soft-structure-plus-size-geeignet\/#breadcrumb\"},\"inLanguage\":\"en-US\",\"potentialAction\":[{\"@type\":\"ReadAction\",\"target\":[\"https:\/\/www.lookforward.at\/produkt\/bf02-waffle-v-neck-sweater-soft-structure-plus-size-geeignet\/\"]}]},{\"@type\":\"ImageObject\",\"inLanguage\":\"en-US\",\"@id\":\"https:\/\/www.lookforward.at\/produkt\/bf02-waffle-v-neck-sweater-soft-structure-plus-size-geeignet\/#primaryimage\",\"url\":\"https:\/\/www.lookforward.at\/wp-content\/uploads\/2026\/02\/IMG_9449-2-scaled.jpg\",\"contentUrl\":\"https:\/\/www.lookforward.at\/wp-content\/uploads\/2026\/02\/IMG_9449-2-scaled.jpg\",\"width\":1920,\"height\":2560},{\"@type\":\"BreadcrumbList\",\"@id\":\"https:\/\/www.lookforward.at\/produkt\/bf02-waffle-v-neck-sweater-soft-structure-plus-size-geeignet\/#breadcrumb\",\"itemListElement\":[{\"@type\":\"ListItem\",\"position\":1,\"name\":\"Startseite\",\"item\":\"https:\/\/www.lookforward.at\/\"},{\"@type\":\"ListItem\",\"position\":2,\"name\":\"Shop\",\"item\":\"https:\/\/www.lookforward.at\/shop\/\"},{\"@type\":\"ListItem\",\"position\":3,\"name\":\"BF02 Waffle V-Neck Sweater \u201eSoft Structure\u201c \u2013 Plus-Size geeignet\"}]},{\"@type\":\"WebSite\",\"@id\":\"https:\/\/www.lookforward.at\/#website\",\"url\":\"https:\/\/www.lookforward.at\/\",\"name\":\"lookforward Shop\",\"description\":\"Der neue Shop f\u00fcr Fashion, Lifestyle, Family, Food and Beauty.\",\"publisher\":{\"@id\":\"https:\/\/www.lookforward.at\/#organization\"},\"potentialAction\":[{\"@type\":\"SearchAction\",\"target\":{\"@type\":\"EntryPoint\",\"urlTemplate\":\"https:\/\/www.lookforward.at\/?s={search_term_string}\"},\"query-input\":{\"@type\":\"PropertyValueSpecification\",\"valueRequired\":true,\"valueName\":\"search_term_string\"}}],\"inLanguage\":\"en-US\"},{\"@type\":\"Organization\",\"@id\":\"https:\/\/www.lookforward.at\/#organization\",\"name\":\"KB lookforward\",\"url\":\"https:\/\/www.lookforward.at\/\",\"logo\":{\"@type\":\"ImageObject\",\"inLanguage\":\"en-US\",\"@id\":\"https:\/\/www.lookforward.at\/#\/schema\/logo\/image\/\",\"url\":\"https:\/\/www.lookforward.at\/wp-content\/uploads\/2023\/10\/Icon-KB.svg\",\"contentUrl\":\"https:\/\/www.lookforward.at\/wp-content\/uploads\/2023\/10\/Icon-KB.svg\",\"caption\":\"KB lookforward\"},\"image\":{\"@id\":\"https:\/\/www.lookforward.at\/#\/schema\/logo\/image\/\"}}]}<\/script>\n<!-- \/ Yoast SEO plugin. -->","yoast_head_json":{"title":"BF02 Waffle V-Neck Sweater \u201eSoft Structure\u201c \u2013 Plus-Size geeignet","robots":{"index":"index","follow":"follow","max-snippet":"max-snippet:-1","max-image-preview":"max-image-preview:large","max-video-preview":"max-video-preview:-1"},"canonical":"https:\/\/www.lookforward.at\/en\/produkt\/bf02-waffle-v-neck-sweater-soft-structure-plus-size-geeignet\/","og_locale":"en_US","og_type":"article","og_title":"[:de]BF02 Waffle V-Neck Sweater \u201eSoft Structure\u201c \u2013 Plus-Size geeignet[:] - lookforward Shop","og_description":"Waffle V-Neck Sweater \u201eSoft Structure\u201c \u2013 Plus-Size geeignet  Struktur, die man f\u00fchlt.  Komfort, der bleibt.  Dieser locker fallende V-Neck Sweater \u00fcberzeugt mit seiner modernen, gewaffelten Oberfl\u00e4che und einer entspannten Silhouette. Der weiche Stoff schenkt dir ein angenehmes Tragegef\u00fchl, w\u00e4hrend der V-Ausschnitt dem Look eine feminine Leichtigkeit verleiht.  Perfekt f\u00fcr cozy Days, Office-Looks oder als Set mit passender Hose.  Ein Essential, das l\u00e4ssig wirkt \u2013 und sich genauso anf\u00fchlt.  Selflove hei\u00dft auch: sich Raum geben.  \u2e3b  Details  \u2661 Locker geschnitten  \u2661 One Size (36\u201344)  \u2661 Plus-Size geeignet  \u2661 Made in Italy  \u2661 Gewaffelte, strukturierte Oberfl\u00e4che  \u2661 V-Ausschnitt  \u2661 Weiche, angenehme Qualit\u00e4t  \u2661 Waschbar bei 30\u00b0  Erh\u00e4ltlich in Schwarz, Beige & Oliv.","og_url":"https:\/\/www.lookforward.at\/en\/produkt\/bf02-waffle-v-neck-sweater-soft-structure-plus-size-geeignet\/","og_site_name":"lookforward Shop","article_modified_time":"2026-03-06T08:35:00+00:00","twitter_card":"summary_large_image","twitter_misc":{"Est. reading time":"1 minute"},"schema":{"@context":"https:\/\/schema.org","@graph":[{"@type":"WebPage","@id":"https:\/\/www.lookforward.at\/produkt\/bf02-waffle-v-neck-sweater-soft-structure-plus-size-geeignet\/","url":"https:\/\/www.lookforward.at\/produkt\/bf02-waffle-v-neck-sweater-soft-structure-plus-size-geeignet\/","name":"BF02 Waffle V-Neck Sweater \u201eSoft Structure\u201c \u2013 Plus-Size geeignet","isPartOf":{"@id":"https:\/\/www.lookforward.at\/#website"},"primaryImageOfPage":{"@id":"https:\/\/www.lookforward.at\/produkt\/bf02-waffle-v-neck-sweater-soft-structure-plus-size-geeignet\/#primaryimage"},"image":{"@id":"https:\/\/www.lookforward.at\/produkt\/bf02-waffle-v-neck-sweater-soft-structure-plus-size-geeignet\/#primaryimage"},"thumbnailUrl":"https:\/\/www.lookforward.at\/wp-content\/uploads\/2026\/02\/IMG_9449-2-scaled.jpg","datePublished":"2026-02-14T11:37:15+00:00","dateModified":"2026-03-06T08:35:00+00:00","breadcrumb":{"@id":"https:\/\/www.lookforward.at\/produkt\/bf02-waffle-v-neck-sweater-soft-structure-plus-size-geeignet\/#breadcrumb"},"inLanguage":"en-US","potentialAction":[{"@type":"ReadAction","target":["https:\/\/www.lookforward.at\/produkt\/bf02-waffle-v-neck-sweater-soft-structure-plus-size-geeignet\/"]}]},{"@type":"ImageObject","inLanguage":"en-US","@id":"https:\/\/www.lookforward.at\/produkt\/bf02-waffle-v-neck-sweater-soft-structure-plus-size-geeignet\/#primaryimage","url":"https:\/\/www.lookforward.at\/wp-content\/uploads\/2026\/02\/IMG_9449-2-scaled.jpg","contentUrl":"https:\/\/www.lookforward.at\/wp-content\/uploads\/2026\/02\/IMG_9449-2-scaled.jpg","width":1920,"height":2560},{"@type":"BreadcrumbList","@id":"https:\/\/www.lookforward.at\/produkt\/bf02-waffle-v-neck-sweater-soft-structure-plus-size-geeignet\/#breadcrumb","itemListElement":[{"@type":"ListItem","position":1,"name":"Startseite","item":"https:\/\/www.lookforward.at\/"},{"@type":"ListItem","position":2,"name":"Shop","item":"https:\/\/www.lookforward.at\/shop\/"},{"@type":"ListItem","position":3,"name":"BF02 Waffle V-Neck Sweater \u201eSoft Structure\u201c \u2013 Plus-Size geeignet"}]},{"@type":"WebSite","@id":"https:\/\/www.lookforward.at\/#website","url":"https:\/\/www.lookforward.at\/","name":"lookforward Shop","description":"Der neue Shop f\u00fcr Fashion, Lifestyle, Family, Food and Beauty.","publisher":{"@id":"https:\/\/www.lookforward.at\/#organization"},"potentialAction":[{"@type":"SearchAction","target":{"@type":"EntryPoint","urlTemplate":"https:\/\/www.lookforward.at\/?s={search_term_string}"},"query-input":{"@type":"PropertyValueSpecification","valueRequired":true,"valueName":"search_term_string"}}],"inLanguage":"en-US"},{"@type":"Organization","@id":"https:\/\/www.lookforward.at\/#organization","name":"KB lookforward","url":"https:\/\/www.lookforward.at\/","logo":{"@type":"ImageObject","inLanguage":"en-US","@id":"https:\/\/www.lookforward.at\/#\/schema\/logo\/image\/","url":"https:\/\/www.lookforward.at\/wp-content\/uploads\/2023\/10\/Icon-KB.svg","contentUrl":"https:\/\/www.lookforward.at\/wp-content\/uploads\/2023\/10\/Icon-KB.svg","caption":"KB lookforward"},"image":{"@id":"https:\/\/www.lookforward.at\/#\/schema\/logo\/image\/"}}]}},"_links":{"self":[{"href":"https:\/\/www.lookforward.at\/en\/wp-json\/wp\/v2\/product\/154784","targetHints":{"allow":["GET"]}}],"collection":[{"href":"https:\/\/www.lookforward.at\/en\/wp-json\/wp\/v2\/product"}],"about":[{"href":"https:\/\/www.lookforward.at\/en\/wp-json\/wp\/v2\/types\/product"}],"wp:featuredmedia":[{"embeddable":true,"href":"https:\/\/www.lookforward.at\/en\/wp-json\/wp\/v2\/media\/154709"}],"wp:attachment":[{"href":"https:\/\/www.lookforward.at\/en\/wp-json\/wp\/v2\/media?parent=154784"}],"wp:term":[{"taxonomy":"product_brand","embeddable":true,"href":"https:\/\/www.lookforward.at\/en\/wp-json\/wp\/v2\/product_brand?post=154784"},{"taxonomy":"product_cat","embeddable":true,"href":"https:\/\/www.lookforward.at\/en\/wp-json\/wp\/v2\/product_cat?post=154784"},{"taxonomy":"product_tag","embeddable":true,"href":"https:\/\/www.lookforward.at\/en\/wp-json\/wp\/v2\/product_tag?post=154784"}],"curies":[{"name":"wp","href":"https:\/\/api.w.org\/{rel}","templated":true}]}}