{"id":154788,"date":"2026-02-14T12:41:22","date_gmt":"2026-02-14T11:41:22","guid":{"rendered":"https:\/\/www.lookforward.at\/?post_type=product&#038;p=154788"},"modified":"2026-04-18T13:44:15","modified_gmt":"2026-04-18T11:44:15","slug":"bf03-waffle-set-soft-harmony-plus-size-geeignet","status":"publish","type":"product","link":"https:\/\/www.lookforward.at\/en\/produkt\/bf03-waffle-set-soft-harmony-plus-size-geeignet\/","title":{"rendered":"BF03 Waffle Set \u201eSoft Harmony\u201c \u2013 Plus-Size geeignet"},"content":{"rendered":"","protected":false},"excerpt":{"rendered":"<p><b>Waffle Set \u201eSoft Harmony\u201c \u2013 Plus-Size geeignet<\/b><\/p>\n<p>Zweiteiler. Doppelt gut.<\/p>\n<p>Dieses l\u00e4ssige Set aus V-Neck Sweater und passender Hose vereint Komfort und Stil in einer modernen Silhouette. Die gewaffelte Oberfl\u00e4che sorgt f\u00fcr eine besondere Struktur, w\u00e4hrend der weiche Stoff angenehm auf der Haut liegt.<\/p>\n<p>Der locker fallende Sweater mit V-Ausschnitt schenkt Leichtigkeit, die Hose mit elastischem Bund sorgt f\u00fcr maximalen Komfort \u2013 ohne einzuengen.<\/p>\n<p>Ein Look, der entspannt wirkt.<\/p>\n<p>Und sich genauso anf\u00fchlt.<\/p>\n<p>Perfekt f\u00fcr Selflove-Momente, Travel-Days oder stilvolle Cozy-Outfits.<\/p>\n<p>\u2e3b<\/p>\n<p><b>Details<\/b><\/p>\n<p>\u2661 Zweiteiliges Set (Sweater + Hose)<\/p>\n<p>\u2661 One Size (36\u201344)<\/p>\n<p>\u2661 Plus-Size geeignet<\/p>\n<p>\u2661 Made in Italy<\/p>\n<p>\u2661 Gewaffelte, strukturierte Oberfl\u00e4che<\/p>\n<p>\u2661 V-Ausschnitt<\/p>\n<p>\u2661 Hose mit elastischem Bund<\/p>\n<p>\u2661 Weiche, angenehme Qualit\u00e4t<\/p>\n<p>\u2661 Waschbar bei 30\u00b0<\/p>\n<p>Erh\u00e4ltlich in Schwarz, Beige &#038; Oliv.<\/p>\n","protected":false},"featured_media":154705,"template":"","meta":{"inline_featured_image":false},"product_brand":[],"product_cat":[495,499,498],"product_tag":[],"class_list":{"0":"post-154788","1":"product","2":"type-product","3":"status-publish","4":"has-post-thumbnail","6":"product_cat-jumpsuits-und-2-teiler","7":"product_cat-fruehling-2026","8":"product_cat-selflove-kollektion","10":"first","11":"onbackorder","12":"taxable","13":"shipping-taxable","14":"purchasable","15":"product-type-variable"},"bundled_by":[],"bundle_stock_status":"onbackorder","bundle_stock_quantity":null,"bundle_virtual":false,"bundle_layout":"","bundle_add_to_cart_form_location":"","bundle_editable_in_cart":false,"bundle_sold_individually_context":"","bundle_item_grouping":"","bundle_min_size":"","bundle_max_size":"","bundle_price":[],"bundled_items":[],"bundle_sell_ids":[],"yoast_head":"<!-- This site is optimized with the Yoast SEO plugin v26.5 - https:\/\/yoast.com\/wordpress\/plugins\/seo\/ -->\n<title>BF03 Waffle Set \u201eSoft Harmony\u201c \u2013 Plus-Size geeignet<\/title>\n<meta name=\"robots\" content=\"index, follow, max-snippet:-1, max-image-preview:large, max-video-preview:-1\" \/>\n<link rel=\"canonical\" href=\"https:\/\/www.lookforward.at\/en\/produkt\/bf03-waffle-set-soft-harmony-plus-size-geeignet\/\" \/>\n<meta property=\"og:locale\" content=\"en_US\" \/>\n<meta property=\"og:locale:alternate\" content=\"de_DE\" \/>\n<meta property=\"og:type\" content=\"article\" \/>\n<meta property=\"og:title\" content=\"BF03 Waffle Set \u201eSoft Harmony\u201c \u2013 Plus-Size geeignet\" \/>\n<meta property=\"og:description\" content=\"Waffle Set \u201eSoft Harmony\u201c \u2013 Plus-Size geeignet  Zweiteiler. Doppelt gut.  Dieses l\u00e4ssige Set aus V-Neck Sweater und passender Hose vereint Komfort und Stil in einer modernen Silhouette. Die gewaffelte Oberfl\u00e4che sorgt f\u00fcr eine besondere Struktur, w\u00e4hrend der weiche Stoff angenehm auf der Haut liegt.  Der locker fallende Sweater mit V-Ausschnitt schenkt Leichtigkeit, die Hose mit elastischem Bund sorgt f\u00fcr maximalen Komfort \u2013 ohne einzuengen.  Ein Look, der entspannt wirkt.  Und sich genauso anf\u00fchlt.  Perfekt f\u00fcr Selflove-Momente, Travel-Days oder stilvolle Cozy-Outfits.  \u2e3b  Details  \u2661 Zweiteiliges Set (Sweater + Hose)  \u2661 One Size (36\u201344)  \u2661 Plus-Size geeignet  \u2661 Made in Italy  \u2661 Gewaffelte, strukturierte Oberfl\u00e4che  \u2661 V-Ausschnitt  \u2661 Hose mit elastischem Bund  \u2661 Weiche, angenehme Qualit\u00e4t  \u2661 Waschbar bei 30\u00b0  Erh\u00e4ltlich in Schwarz, Beige &amp; Oliv.\" \/>\n<meta property=\"og:url\" content=\"https:\/\/www.lookforward.at\/en\/produkt\/bf03-waffle-set-soft-harmony-plus-size-geeignet\/\" \/>\n<meta property=\"og:site_name\" content=\"lookforward Shop\" \/>\n<meta property=\"article:modified_time\" content=\"2026-04-18T11:44:15+00:00\" \/>\n<meta name=\"twitter:card\" content=\"summary_large_image\" \/>\n<meta name=\"twitter:label1\" content=\"Est. reading time\" \/>\n\t<meta name=\"twitter:data1\" content=\"1 minute\" \/>\n<script type=\"application\/ld+json\" class=\"yoast-schema-graph\">{\"@context\":\"https:\/\/schema.org\",\"@graph\":[{\"@type\":\"WebPage\",\"@id\":\"https:\/\/www.lookforward.at\/produkt\/bf03-waffle-set-soft-harmony-plus-size-geeignet\/\",\"url\":\"https:\/\/www.lookforward.at\/produkt\/bf03-waffle-set-soft-harmony-plus-size-geeignet\/\",\"name\":\"BF03 Waffle Set \u201eSoft Harmony\u201c \u2013 Plus-Size geeignet\",\"isPartOf\":{\"@id\":\"https:\/\/www.lookforward.at\/#website\"},\"primaryImageOfPage\":{\"@id\":\"https:\/\/www.lookforward.at\/produkt\/bf03-waffle-set-soft-harmony-plus-size-geeignet\/#primaryimage\"},\"image\":{\"@id\":\"https:\/\/www.lookforward.at\/produkt\/bf03-waffle-set-soft-harmony-plus-size-geeignet\/#primaryimage\"},\"thumbnailUrl\":\"https:\/\/www.lookforward.at\/wp-content\/uploads\/2026\/02\/IMG_9446-2-scaled.jpg\",\"datePublished\":\"2026-02-14T11:41:22+00:00\",\"dateModified\":\"2026-04-18T11:44:15+00:00\",\"breadcrumb\":{\"@id\":\"https:\/\/www.lookforward.at\/produkt\/bf03-waffle-set-soft-harmony-plus-size-geeignet\/#breadcrumb\"},\"inLanguage\":\"en-US\",\"potentialAction\":[{\"@type\":\"ReadAction\",\"target\":[\"https:\/\/www.lookforward.at\/produkt\/bf03-waffle-set-soft-harmony-plus-size-geeignet\/\"]}]},{\"@type\":\"ImageObject\",\"inLanguage\":\"en-US\",\"@id\":\"https:\/\/www.lookforward.at\/produkt\/bf03-waffle-set-soft-harmony-plus-size-geeignet\/#primaryimage\",\"url\":\"https:\/\/www.lookforward.at\/wp-content\/uploads\/2026\/02\/IMG_9446-2-scaled.jpg\",\"contentUrl\":\"https:\/\/www.lookforward.at\/wp-content\/uploads\/2026\/02\/IMG_9446-2-scaled.jpg\",\"width\":1920,\"height\":2560},{\"@type\":\"BreadcrumbList\",\"@id\":\"https:\/\/www.lookforward.at\/produkt\/bf03-waffle-set-soft-harmony-plus-size-geeignet\/#breadcrumb\",\"itemListElement\":[{\"@type\":\"ListItem\",\"position\":1,\"name\":\"Startseite\",\"item\":\"https:\/\/www.lookforward.at\/\"},{\"@type\":\"ListItem\",\"position\":2,\"name\":\"Shop\",\"item\":\"https:\/\/www.lookforward.at\/shop\/\"},{\"@type\":\"ListItem\",\"position\":3,\"name\":\"BF03 Waffle Set \u201eSoft Harmony\u201c \u2013 Plus-Size geeignet\"}]},{\"@type\":\"WebSite\",\"@id\":\"https:\/\/www.lookforward.at\/#website\",\"url\":\"https:\/\/www.lookforward.at\/\",\"name\":\"lookforward Shop\",\"description\":\"Der neue Shop f\u00fcr Fashion, Lifestyle, Family, Food and Beauty.\",\"publisher\":{\"@id\":\"https:\/\/www.lookforward.at\/#organization\"},\"potentialAction\":[{\"@type\":\"SearchAction\",\"target\":{\"@type\":\"EntryPoint\",\"urlTemplate\":\"https:\/\/www.lookforward.at\/?s={search_term_string}\"},\"query-input\":{\"@type\":\"PropertyValueSpecification\",\"valueRequired\":true,\"valueName\":\"search_term_string\"}}],\"inLanguage\":\"en-US\"},{\"@type\":\"Organization\",\"@id\":\"https:\/\/www.lookforward.at\/#organization\",\"name\":\"KB lookforward\",\"url\":\"https:\/\/www.lookforward.at\/\",\"logo\":{\"@type\":\"ImageObject\",\"inLanguage\":\"en-US\",\"@id\":\"https:\/\/www.lookforward.at\/#\/schema\/logo\/image\/\",\"url\":\"https:\/\/www.lookforward.at\/wp-content\/uploads\/2023\/10\/Icon-KB.svg\",\"contentUrl\":\"https:\/\/www.lookforward.at\/wp-content\/uploads\/2023\/10\/Icon-KB.svg\",\"caption\":\"KB lookforward\"},\"image\":{\"@id\":\"https:\/\/www.lookforward.at\/#\/schema\/logo\/image\/\"}}]}<\/script>\n<!-- \/ Yoast SEO plugin. -->","yoast_head_json":{"title":"BF03 Waffle Set \u201eSoft Harmony\u201c \u2013 Plus-Size geeignet","robots":{"index":"index","follow":"follow","max-snippet":"max-snippet:-1","max-image-preview":"max-image-preview:large","max-video-preview":"max-video-preview:-1"},"canonical":"https:\/\/www.lookforward.at\/en\/produkt\/bf03-waffle-set-soft-harmony-plus-size-geeignet\/","og_locale":"en_US","og_type":"article","og_title":"[:de]BF03 Waffle Set \u201eSoft Harmony\u201c \u2013 Plus-Size geeignet[:] - lookforward Shop","og_description":"Waffle Set \u201eSoft Harmony\u201c \u2013 Plus-Size geeignet  Zweiteiler. Doppelt gut.  Dieses l\u00e4ssige Set aus V-Neck Sweater und passender Hose vereint Komfort und Stil in einer modernen Silhouette. Die gewaffelte Oberfl\u00e4che sorgt f\u00fcr eine besondere Struktur, w\u00e4hrend der weiche Stoff angenehm auf der Haut liegt.  Der locker fallende Sweater mit V-Ausschnitt schenkt Leichtigkeit, die Hose mit elastischem Bund sorgt f\u00fcr maximalen Komfort \u2013 ohne einzuengen.  Ein Look, der entspannt wirkt.  Und sich genauso anf\u00fchlt.  Perfekt f\u00fcr Selflove-Momente, Travel-Days oder stilvolle Cozy-Outfits.  \u2e3b  Details  \u2661 Zweiteiliges Set (Sweater + Hose)  \u2661 One Size (36\u201344)  \u2661 Plus-Size geeignet  \u2661 Made in Italy  \u2661 Gewaffelte, strukturierte Oberfl\u00e4che  \u2661 V-Ausschnitt  \u2661 Hose mit elastischem Bund  \u2661 Weiche, angenehme Qualit\u00e4t  \u2661 Waschbar bei 30\u00b0  Erh\u00e4ltlich in Schwarz, Beige & Oliv.","og_url":"https:\/\/www.lookforward.at\/en\/produkt\/bf03-waffle-set-soft-harmony-plus-size-geeignet\/","og_site_name":"lookforward Shop","article_modified_time":"2026-04-18T11:44:15+00:00","twitter_card":"summary_large_image","twitter_misc":{"Est. reading time":"1 minute"},"schema":{"@context":"https:\/\/schema.org","@graph":[{"@type":"WebPage","@id":"https:\/\/www.lookforward.at\/produkt\/bf03-waffle-set-soft-harmony-plus-size-geeignet\/","url":"https:\/\/www.lookforward.at\/produkt\/bf03-waffle-set-soft-harmony-plus-size-geeignet\/","name":"BF03 Waffle Set \u201eSoft Harmony\u201c \u2013 Plus-Size geeignet","isPartOf":{"@id":"https:\/\/www.lookforward.at\/#website"},"primaryImageOfPage":{"@id":"https:\/\/www.lookforward.at\/produkt\/bf03-waffle-set-soft-harmony-plus-size-geeignet\/#primaryimage"},"image":{"@id":"https:\/\/www.lookforward.at\/produkt\/bf03-waffle-set-soft-harmony-plus-size-geeignet\/#primaryimage"},"thumbnailUrl":"https:\/\/www.lookforward.at\/wp-content\/uploads\/2026\/02\/IMG_9446-2-scaled.jpg","datePublished":"2026-02-14T11:41:22+00:00","dateModified":"2026-04-18T11:44:15+00:00","breadcrumb":{"@id":"https:\/\/www.lookforward.at\/produkt\/bf03-waffle-set-soft-harmony-plus-size-geeignet\/#breadcrumb"},"inLanguage":"en-US","potentialAction":[{"@type":"ReadAction","target":["https:\/\/www.lookforward.at\/produkt\/bf03-waffle-set-soft-harmony-plus-size-geeignet\/"]}]},{"@type":"ImageObject","inLanguage":"en-US","@id":"https:\/\/www.lookforward.at\/produkt\/bf03-waffle-set-soft-harmony-plus-size-geeignet\/#primaryimage","url":"https:\/\/www.lookforward.at\/wp-content\/uploads\/2026\/02\/IMG_9446-2-scaled.jpg","contentUrl":"https:\/\/www.lookforward.at\/wp-content\/uploads\/2026\/02\/IMG_9446-2-scaled.jpg","width":1920,"height":2560},{"@type":"BreadcrumbList","@id":"https:\/\/www.lookforward.at\/produkt\/bf03-waffle-set-soft-harmony-plus-size-geeignet\/#breadcrumb","itemListElement":[{"@type":"ListItem","position":1,"name":"Startseite","item":"https:\/\/www.lookforward.at\/"},{"@type":"ListItem","position":2,"name":"Shop","item":"https:\/\/www.lookforward.at\/shop\/"},{"@type":"ListItem","position":3,"name":"BF03 Waffle Set \u201eSoft Harmony\u201c \u2013 Plus-Size geeignet"}]},{"@type":"WebSite","@id":"https:\/\/www.lookforward.at\/#website","url":"https:\/\/www.lookforward.at\/","name":"lookforward Shop","description":"Der neue Shop f\u00fcr Fashion, Lifestyle, Family, Food and Beauty.","publisher":{"@id":"https:\/\/www.lookforward.at\/#organization"},"potentialAction":[{"@type":"SearchAction","target":{"@type":"EntryPoint","urlTemplate":"https:\/\/www.lookforward.at\/?s={search_term_string}"},"query-input":{"@type":"PropertyValueSpecification","valueRequired":true,"valueName":"search_term_string"}}],"inLanguage":"en-US"},{"@type":"Organization","@id":"https:\/\/www.lookforward.at\/#organization","name":"KB lookforward","url":"https:\/\/www.lookforward.at\/","logo":{"@type":"ImageObject","inLanguage":"en-US","@id":"https:\/\/www.lookforward.at\/#\/schema\/logo\/image\/","url":"https:\/\/www.lookforward.at\/wp-content\/uploads\/2023\/10\/Icon-KB.svg","contentUrl":"https:\/\/www.lookforward.at\/wp-content\/uploads\/2023\/10\/Icon-KB.svg","caption":"KB lookforward"},"image":{"@id":"https:\/\/www.lookforward.at\/#\/schema\/logo\/image\/"}}]}},"_links":{"self":[{"href":"https:\/\/www.lookforward.at\/en\/wp-json\/wp\/v2\/product\/154788","targetHints":{"allow":["GET"]}}],"collection":[{"href":"https:\/\/www.lookforward.at\/en\/wp-json\/wp\/v2\/product"}],"about":[{"href":"https:\/\/www.lookforward.at\/en\/wp-json\/wp\/v2\/types\/product"}],"wp:featuredmedia":[{"embeddable":true,"href":"https:\/\/www.lookforward.at\/en\/wp-json\/wp\/v2\/media\/154705"}],"wp:attachment":[{"href":"https:\/\/www.lookforward.at\/en\/wp-json\/wp\/v2\/media?parent=154788"}],"wp:term":[{"taxonomy":"product_brand","embeddable":true,"href":"https:\/\/www.lookforward.at\/en\/wp-json\/wp\/v2\/product_brand?post=154788"},{"taxonomy":"product_cat","embeddable":true,"href":"https:\/\/www.lookforward.at\/en\/wp-json\/wp\/v2\/product_cat?post=154788"},{"taxonomy":"product_tag","embeddable":true,"href":"https:\/\/www.lookforward.at\/en\/wp-json\/wp\/v2\/product_tag?post=154788"}],"curies":[{"name":"wp","href":"https:\/\/api.w.org\/{rel}","templated":true}]}}