{"id":154795,"date":"2026-02-14T12:48:12","date_gmt":"2026-02-14T11:48:12","guid":{"rendered":"https:\/\/www.lookforward.at\/?post_type=product&#038;p=154795"},"modified":"2026-03-30T07:31:11","modified_gmt":"2026-03-30T05:31:11","slug":"ef01-statement-t-shirt-love-hippie","status":"publish","type":"product","link":"https:\/\/www.lookforward.at\/en\/produkt\/ef01-statement-t-shirt-love-hippie\/","title":{"rendered":"EF01 Statement T-Shirt \u201eLove Hippie\u201c"},"content":{"rendered":"","protected":false},"excerpt":{"rendered":"<p><b>Statement T-Shirt \u201eLove Hippie\u201c<\/b><\/p>\n<p>Love ist immer eine gute Idee.<\/p>\n<p>Dieses wei\u00dfe Statement-Shirt bringt genau die richtige Mischung aus L\u00e4ssigkeit und Message mit. Der auff\u00e4llige Frontprint mit Vintage-Van, Peace-Zeichen und goldenen Details macht es zum echten Hingucker \u2013 verspielt, modern und voller Selflove-Vibes.<\/p>\n<p>Locker geschnitten, angenehm weich und perfekt kombinierbar zu Strick-Cardigan, Rock oder Jeans.<\/p>\n<p>Ein Shirt, das sagt:<\/p>\n<p>Mehr Liebe. Mehr Leichtigkeit. Mehr du.<\/p>\n<p>\u2e3b<\/p>\n<p><b>Details<\/b><\/p>\n<p>\u2661 Wei\u00dfes T-Shirt mit Statement-Print<\/p>\n<p>\u2661 One Size (36\u201344)<\/p>\n<p>\u2661 Made in Italy<\/p>\n<p>\u2661 Weiche, angenehme Baumwollqualit\u00e4t<\/p>\n<p>\u2661 Rundhalsausschnitt<\/p>\n<p>\u2661 Waschbar bei 30\u00b0<\/p>\n","protected":false},"featured_media":154736,"template":"","meta":{"inline_featured_image":false},"product_brand":[],"product_cat":[499,498,42],"product_tag":[],"class_list":{"0":"post-154795","1":"product","2":"type-product","3":"status-publish","4":"has-post-thumbnail","6":"product_cat-fruehling-2026","7":"product_cat-selflove-kollektion","8":"product_cat-t-shirts","10":"first","11":"onbackorder","12":"taxable","13":"shipping-taxable","14":"purchasable","15":"product-type-simple"},"bundled_by":[],"bundle_stock_status":"onbackorder","bundle_stock_quantity":-3,"bundle_virtual":false,"bundle_layout":"","bundle_add_to_cart_form_location":"","bundle_editable_in_cart":false,"bundle_sold_individually_context":"","bundle_item_grouping":"","bundle_min_size":"","bundle_max_size":"","bundle_price":[],"bundled_items":[],"bundle_sell_ids":[],"yoast_head":"<!-- This site is optimized with the Yoast SEO plugin v26.5 - https:\/\/yoast.com\/wordpress\/plugins\/seo\/ -->\n<title>EF01 Statement T-Shirt \u201eLove Hippie\u201c<\/title>\n<meta name=\"robots\" content=\"index, follow, max-snippet:-1, max-image-preview:large, max-video-preview:-1\" \/>\n<link rel=\"canonical\" href=\"https:\/\/www.lookforward.at\/en\/produkt\/ef01-statement-t-shirt-love-hippie\/\" \/>\n<meta property=\"og:locale\" content=\"en_US\" \/>\n<meta property=\"og:locale:alternate\" content=\"de_DE\" \/>\n<meta property=\"og:type\" content=\"article\" \/>\n<meta property=\"og:title\" content=\"EF01 Statement T-Shirt \u201eLove Hippie\u201c\" \/>\n<meta property=\"og:description\" content=\"Statement T-Shirt \u201eLove Hippie\u201c  Love ist immer eine gute Idee.  Dieses wei\u00dfe Statement-Shirt bringt genau die richtige Mischung aus L\u00e4ssigkeit und Message mit. Der auff\u00e4llige Frontprint mit Vintage-Van, Peace-Zeichen und goldenen Details macht es zum echten Hingucker \u2013 verspielt, modern und voller Selflove-Vibes.  Locker geschnitten, angenehm weich und perfekt kombinierbar zu Strick-Cardigan, Rock oder Jeans.  Ein Shirt, das sagt:  Mehr Liebe. Mehr Leichtigkeit. Mehr du.  \u2e3b  Details  \u2661 Wei\u00dfes T-Shirt mit Statement-Print  \u2661 One Size (36\u201344)  \u2661 Made in Italy  \u2661 Weiche, angenehme Baumwollqualit\u00e4t  \u2661 Rundhalsausschnitt  \u2661 Waschbar bei 30\u00b0\" \/>\n<meta property=\"og:url\" content=\"https:\/\/www.lookforward.at\/en\/produkt\/ef01-statement-t-shirt-love-hippie\/\" \/>\n<meta property=\"og:site_name\" content=\"lookforward Shop\" \/>\n<meta property=\"article:modified_time\" content=\"2026-03-30T05:31:11+00:00\" \/>\n<meta name=\"twitter:card\" content=\"summary_large_image\" \/>\n<meta name=\"twitter:label1\" content=\"Est. reading time\" \/>\n\t<meta name=\"twitter:data1\" content=\"1 minute\" \/>\n<script type=\"application\/ld+json\" class=\"yoast-schema-graph\">{\"@context\":\"https:\/\/schema.org\",\"@graph\":[{\"@type\":\"WebPage\",\"@id\":\"https:\/\/www.lookforward.at\/produkt\/ef01-statement-t-shirt-love-hippie\/\",\"url\":\"https:\/\/www.lookforward.at\/produkt\/ef01-statement-t-shirt-love-hippie\/\",\"name\":\"EF01 Statement T-Shirt \u201eLove Hippie\u201c\",\"isPartOf\":{\"@id\":\"https:\/\/www.lookforward.at\/#website\"},\"primaryImageOfPage\":{\"@id\":\"https:\/\/www.lookforward.at\/produkt\/ef01-statement-t-shirt-love-hippie\/#primaryimage\"},\"image\":{\"@id\":\"https:\/\/www.lookforward.at\/produkt\/ef01-statement-t-shirt-love-hippie\/#primaryimage\"},\"thumbnailUrl\":\"https:\/\/www.lookforward.at\/wp-content\/uploads\/2026\/02\/IMG_9520-scaled.jpg\",\"datePublished\":\"2026-02-14T11:48:12+00:00\",\"dateModified\":\"2026-03-30T05:31:11+00:00\",\"breadcrumb\":{\"@id\":\"https:\/\/www.lookforward.at\/produkt\/ef01-statement-t-shirt-love-hippie\/#breadcrumb\"},\"inLanguage\":\"en-US\",\"potentialAction\":[{\"@type\":\"ReadAction\",\"target\":[\"https:\/\/www.lookforward.at\/produkt\/ef01-statement-t-shirt-love-hippie\/\"]}]},{\"@type\":\"ImageObject\",\"inLanguage\":\"en-US\",\"@id\":\"https:\/\/www.lookforward.at\/produkt\/ef01-statement-t-shirt-love-hippie\/#primaryimage\",\"url\":\"https:\/\/www.lookforward.at\/wp-content\/uploads\/2026\/02\/IMG_9520-scaled.jpg\",\"contentUrl\":\"https:\/\/www.lookforward.at\/wp-content\/uploads\/2026\/02\/IMG_9520-scaled.jpg\",\"width\":1920,\"height\":2560},{\"@type\":\"BreadcrumbList\",\"@id\":\"https:\/\/www.lookforward.at\/produkt\/ef01-statement-t-shirt-love-hippie\/#breadcrumb\",\"itemListElement\":[{\"@type\":\"ListItem\",\"position\":1,\"name\":\"Startseite\",\"item\":\"https:\/\/www.lookforward.at\/\"},{\"@type\":\"ListItem\",\"position\":2,\"name\":\"Shop\",\"item\":\"https:\/\/www.lookforward.at\/shop\/\"},{\"@type\":\"ListItem\",\"position\":3,\"name\":\"EF01 Statement T-Shirt \u201eLove Hippie\u201c\"}]},{\"@type\":\"WebSite\",\"@id\":\"https:\/\/www.lookforward.at\/#website\",\"url\":\"https:\/\/www.lookforward.at\/\",\"name\":\"lookforward Shop\",\"description\":\"Der neue Shop f\u00fcr Fashion, Lifestyle, Family, Food and Beauty.\",\"publisher\":{\"@id\":\"https:\/\/www.lookforward.at\/#organization\"},\"potentialAction\":[{\"@type\":\"SearchAction\",\"target\":{\"@type\":\"EntryPoint\",\"urlTemplate\":\"https:\/\/www.lookforward.at\/?s={search_term_string}\"},\"query-input\":{\"@type\":\"PropertyValueSpecification\",\"valueRequired\":true,\"valueName\":\"search_term_string\"}}],\"inLanguage\":\"en-US\"},{\"@type\":\"Organization\",\"@id\":\"https:\/\/www.lookforward.at\/#organization\",\"name\":\"KB lookforward\",\"url\":\"https:\/\/www.lookforward.at\/\",\"logo\":{\"@type\":\"ImageObject\",\"inLanguage\":\"en-US\",\"@id\":\"https:\/\/www.lookforward.at\/#\/schema\/logo\/image\/\",\"url\":\"https:\/\/www.lookforward.at\/wp-content\/uploads\/2023\/10\/Icon-KB.svg\",\"contentUrl\":\"https:\/\/www.lookforward.at\/wp-content\/uploads\/2023\/10\/Icon-KB.svg\",\"caption\":\"KB lookforward\"},\"image\":{\"@id\":\"https:\/\/www.lookforward.at\/#\/schema\/logo\/image\/\"}}]}<\/script>\n<!-- \/ Yoast SEO plugin. -->","yoast_head_json":{"title":"EF01 Statement T-Shirt \u201eLove Hippie\u201c","robots":{"index":"index","follow":"follow","max-snippet":"max-snippet:-1","max-image-preview":"max-image-preview:large","max-video-preview":"max-video-preview:-1"},"canonical":"https:\/\/www.lookforward.at\/en\/produkt\/ef01-statement-t-shirt-love-hippie\/","og_locale":"en_US","og_type":"article","og_title":"[:de]EF01 Statement T-Shirt \u201eLove Hippie\u201c[:] - lookforward Shop","og_description":"Statement T-Shirt \u201eLove Hippie\u201c  Love ist immer eine gute Idee.  Dieses wei\u00dfe Statement-Shirt bringt genau die richtige Mischung aus L\u00e4ssigkeit und Message mit. Der auff\u00e4llige Frontprint mit Vintage-Van, Peace-Zeichen und goldenen Details macht es zum echten Hingucker \u2013 verspielt, modern und voller Selflove-Vibes.  Locker geschnitten, angenehm weich und perfekt kombinierbar zu Strick-Cardigan, Rock oder Jeans.  Ein Shirt, das sagt:  Mehr Liebe. Mehr Leichtigkeit. Mehr du.  \u2e3b  Details  \u2661 Wei\u00dfes T-Shirt mit Statement-Print  \u2661 One Size (36\u201344)  \u2661 Made in Italy  \u2661 Weiche, angenehme Baumwollqualit\u00e4t  \u2661 Rundhalsausschnitt  \u2661 Waschbar bei 30\u00b0","og_url":"https:\/\/www.lookforward.at\/en\/produkt\/ef01-statement-t-shirt-love-hippie\/","og_site_name":"lookforward Shop","article_modified_time":"2026-03-30T05:31:11+00:00","twitter_card":"summary_large_image","twitter_misc":{"Est. reading time":"1 minute"},"schema":{"@context":"https:\/\/schema.org","@graph":[{"@type":"WebPage","@id":"https:\/\/www.lookforward.at\/produkt\/ef01-statement-t-shirt-love-hippie\/","url":"https:\/\/www.lookforward.at\/produkt\/ef01-statement-t-shirt-love-hippie\/","name":"EF01 Statement T-Shirt \u201eLove Hippie\u201c","isPartOf":{"@id":"https:\/\/www.lookforward.at\/#website"},"primaryImageOfPage":{"@id":"https:\/\/www.lookforward.at\/produkt\/ef01-statement-t-shirt-love-hippie\/#primaryimage"},"image":{"@id":"https:\/\/www.lookforward.at\/produkt\/ef01-statement-t-shirt-love-hippie\/#primaryimage"},"thumbnailUrl":"https:\/\/www.lookforward.at\/wp-content\/uploads\/2026\/02\/IMG_9520-scaled.jpg","datePublished":"2026-02-14T11:48:12+00:00","dateModified":"2026-03-30T05:31:11+00:00","breadcrumb":{"@id":"https:\/\/www.lookforward.at\/produkt\/ef01-statement-t-shirt-love-hippie\/#breadcrumb"},"inLanguage":"en-US","potentialAction":[{"@type":"ReadAction","target":["https:\/\/www.lookforward.at\/produkt\/ef01-statement-t-shirt-love-hippie\/"]}]},{"@type":"ImageObject","inLanguage":"en-US","@id":"https:\/\/www.lookforward.at\/produkt\/ef01-statement-t-shirt-love-hippie\/#primaryimage","url":"https:\/\/www.lookforward.at\/wp-content\/uploads\/2026\/02\/IMG_9520-scaled.jpg","contentUrl":"https:\/\/www.lookforward.at\/wp-content\/uploads\/2026\/02\/IMG_9520-scaled.jpg","width":1920,"height":2560},{"@type":"BreadcrumbList","@id":"https:\/\/www.lookforward.at\/produkt\/ef01-statement-t-shirt-love-hippie\/#breadcrumb","itemListElement":[{"@type":"ListItem","position":1,"name":"Startseite","item":"https:\/\/www.lookforward.at\/"},{"@type":"ListItem","position":2,"name":"Shop","item":"https:\/\/www.lookforward.at\/shop\/"},{"@type":"ListItem","position":3,"name":"EF01 Statement T-Shirt \u201eLove Hippie\u201c"}]},{"@type":"WebSite","@id":"https:\/\/www.lookforward.at\/#website","url":"https:\/\/www.lookforward.at\/","name":"lookforward Shop","description":"Der neue Shop f\u00fcr Fashion, Lifestyle, Family, Food and Beauty.","publisher":{"@id":"https:\/\/www.lookforward.at\/#organization"},"potentialAction":[{"@type":"SearchAction","target":{"@type":"EntryPoint","urlTemplate":"https:\/\/www.lookforward.at\/?s={search_term_string}"},"query-input":{"@type":"PropertyValueSpecification","valueRequired":true,"valueName":"search_term_string"}}],"inLanguage":"en-US"},{"@type":"Organization","@id":"https:\/\/www.lookforward.at\/#organization","name":"KB lookforward","url":"https:\/\/www.lookforward.at\/","logo":{"@type":"ImageObject","inLanguage":"en-US","@id":"https:\/\/www.lookforward.at\/#\/schema\/logo\/image\/","url":"https:\/\/www.lookforward.at\/wp-content\/uploads\/2023\/10\/Icon-KB.svg","contentUrl":"https:\/\/www.lookforward.at\/wp-content\/uploads\/2023\/10\/Icon-KB.svg","caption":"KB lookforward"},"image":{"@id":"https:\/\/www.lookforward.at\/#\/schema\/logo\/image\/"}}]}},"_links":{"self":[{"href":"https:\/\/www.lookforward.at\/en\/wp-json\/wp\/v2\/product\/154795","targetHints":{"allow":["GET"]}}],"collection":[{"href":"https:\/\/www.lookforward.at\/en\/wp-json\/wp\/v2\/product"}],"about":[{"href":"https:\/\/www.lookforward.at\/en\/wp-json\/wp\/v2\/types\/product"}],"wp:featuredmedia":[{"embeddable":true,"href":"https:\/\/www.lookforward.at\/en\/wp-json\/wp\/v2\/media\/154736"}],"wp:attachment":[{"href":"https:\/\/www.lookforward.at\/en\/wp-json\/wp\/v2\/media?parent=154795"}],"wp:term":[{"taxonomy":"product_brand","embeddable":true,"href":"https:\/\/www.lookforward.at\/en\/wp-json\/wp\/v2\/product_brand?post=154795"},{"taxonomy":"product_cat","embeddable":true,"href":"https:\/\/www.lookforward.at\/en\/wp-json\/wp\/v2\/product_cat?post=154795"},{"taxonomy":"product_tag","embeddable":true,"href":"https:\/\/www.lookforward.at\/en\/wp-json\/wp\/v2\/product_tag?post=154795"}],"curies":[{"name":"wp","href":"https:\/\/api.w.org\/{rel}","templated":true}]}}