{"id":154801,"date":"2026-02-14T13:11:05","date_gmt":"2026-02-14T12:11:05","guid":{"rendered":"https:\/\/www.lookforward.at\/?post_type=product&#038;p=154801"},"modified":"2026-04-20T14:35:52","modified_gmt":"2026-04-20T12:35:52","slug":"sp01-%f0%9f%a4%8d-basic-rib-tank-one-size-schwarz-beige-taupe","status":"publish","type":"product","link":"https:\/\/www.lookforward.at\/en\/produkt\/sp01-%f0%9f%a4%8d-basic-rib-tank-one-size-schwarz-beige-taupe\/","title":{"rendered":"SP01 \ud83e\udd0d Basic Rib Tank \u2013 One Size"},"content":{"rendered":"","protected":false},"excerpt":{"rendered":"<p>\ud83e\udd0d<b> Basic Rib Tank \u2013 One Size<\/b><\/p>\n<p>Manchmal ist weniger einfach mehr.<\/p>\n<p>Dieses gerippte Tanktop ist dein perfektes Everyday-Essential \u2013 clean, feminin und super vielseitig.<\/p>\n<p>Ob unter Blazer, Cardigan oder solo getragen \u2013 es passt sich deinem Look an. Der weiche, elastische Rippstoff sorgt f\u00fcr eine sch\u00f6ne Silhouette und maximalen Komfort.<\/p>\n<p>Ein Teil, das du immer wieder greifen wirst.<\/p>\n<p>Selflove hei\u00dft auch: gute Basics im Schrank. \ud83d\udcab<\/p>\n<p><b>Details:<\/b><\/p>\n<p>\u2022One Size (tragbar ca. 34\u201342)<\/p>\n<p>\u2022Farben: Schwarz, Beige &#038; Taupe<\/p>\n<p>\u2022Made in Italy<\/p>\n<p>\u2022Waschbar bei 30 Grad<\/p>\n<p>\u2022Elastischer Rippstoff<\/p>\n<p>\u2022K\u00f6rpernaher, bequemer Fit<\/p>\n<p>Minimalistisch. Zeitlos. Unverzichtbar. \ud83d\udda4<\/p>\n","protected":false},"featured_media":157575,"template":"","meta":{"inline_featured_image":false},"product_brand":[],"product_cat":[506,499,498,69],"product_tag":[],"class_list":{"0":"post-154801","1":"product","2":"type-product","3":"status-publish","4":"has-post-thumbnail","6":"product_cat-basic-kollektion","7":"product_cat-fruehling-2026","8":"product_cat-selflove-kollektion","9":"product_cat-top","11":"first","12":"onbackorder","13":"taxable","14":"shipping-taxable","15":"purchasable","16":"product-type-variable"},"bundled_by":[],"bundle_stock_status":"onbackorder","bundle_stock_quantity":null,"bundle_virtual":false,"bundle_layout":"","bundle_add_to_cart_form_location":"","bundle_editable_in_cart":false,"bundle_sold_individually_context":"","bundle_item_grouping":"","bundle_min_size":"","bundle_max_size":"","bundle_price":[],"bundled_items":[],"bundle_sell_ids":[],"yoast_head":"<!-- This site is optimized with the Yoast SEO plugin v26.5 - https:\/\/yoast.com\/wordpress\/plugins\/seo\/ -->\n<title>SP01 \ud83e\udd0d Basic Rib Tank \u2013 One Size<\/title>\n<meta name=\"robots\" content=\"index, follow, max-snippet:-1, max-image-preview:large, max-video-preview:-1\" \/>\n<link rel=\"canonical\" href=\"https:\/\/www.lookforward.at\/en\/produkt\/sp01-\ud83e\udd0d-basic-rib-tank-one-size-schwarz-beige-taupe\/\" \/>\n<meta property=\"og:locale\" content=\"en_US\" \/>\n<meta property=\"og:locale:alternate\" content=\"de_DE\" \/>\n<meta property=\"og:type\" content=\"article\" \/>\n<meta property=\"og:title\" content=\"SP01 \ud83e\udd0d Basic Rib Tank \u2013 One Size\" \/>\n<meta property=\"og:description\" content=\"\ud83e\udd0d Basic Rib Tank \u2013 One Size  Manchmal ist weniger einfach mehr.  Dieses gerippte Tanktop ist dein perfektes Everyday-Essential \u2013 clean, feminin und super vielseitig.  Ob unter Blazer, Cardigan oder solo getragen \u2013 es passt sich deinem Look an. Der weiche, elastische Rippstoff sorgt f\u00fcr eine sch\u00f6ne Silhouette und maximalen Komfort.  Ein Teil, das du immer wieder greifen wirst.  Selflove hei\u00dft auch: gute Basics im Schrank. \ud83d\udcab  Details:  \u2022One Size (tragbar ca. 34\u201342)  \u2022Farben: Schwarz, Beige &amp; Taupe  \u2022Made in Italy  \u2022Waschbar bei 30 Grad  \u2022Elastischer Rippstoff  \u2022K\u00f6rpernaher, bequemer Fit  Minimalistisch. Zeitlos. Unverzichtbar. \ud83d\udda4\" \/>\n<meta property=\"og:url\" content=\"https:\/\/www.lookforward.at\/en\/produkt\/sp01-\ud83e\udd0d-basic-rib-tank-one-size-schwarz-beige-taupe\/\" \/>\n<meta property=\"og:site_name\" content=\"lookforward Shop\" \/>\n<meta property=\"article:modified_time\" content=\"2026-04-20T12:35:52+00:00\" \/>\n<meta name=\"twitter:card\" content=\"summary_large_image\" \/>\n<meta name=\"twitter:label1\" content=\"Est. reading time\" \/>\n\t<meta name=\"twitter:data1\" content=\"1 minute\" \/>\n<script type=\"application\/ld+json\" class=\"yoast-schema-graph\">{\"@context\":\"https:\/\/schema.org\",\"@graph\":[{\"@type\":\"WebPage\",\"@id\":\"https:\/\/www.lookforward.at\/produkt\/sp01-%f0%9f%a4%8d-basic-rib-tank-one-size-schwarz-beige-taupe\/\",\"url\":\"https:\/\/www.lookforward.at\/produkt\/sp01-%f0%9f%a4%8d-basic-rib-tank-one-size-schwarz-beige-taupe\/\",\"name\":\"SP01 \ud83e\udd0d Basic Rib Tank \u2013 One Size\",\"isPartOf\":{\"@id\":\"https:\/\/www.lookforward.at\/#website\"},\"primaryImageOfPage\":{\"@id\":\"https:\/\/www.lookforward.at\/produkt\/sp01-%f0%9f%a4%8d-basic-rib-tank-one-size-schwarz-beige-taupe\/#primaryimage\"},\"image\":{\"@id\":\"https:\/\/www.lookforward.at\/produkt\/sp01-%f0%9f%a4%8d-basic-rib-tank-one-size-schwarz-beige-taupe\/#primaryimage\"},\"thumbnailUrl\":\"https:\/\/www.lookforward.at\/wp-content\/uploads\/2026\/04\/IMG_5994-Kopie-scaled.jpg\",\"datePublished\":\"2026-02-14T12:11:05+00:00\",\"dateModified\":\"2026-04-20T12:35:52+00:00\",\"breadcrumb\":{\"@id\":\"https:\/\/www.lookforward.at\/produkt\/sp01-%f0%9f%a4%8d-basic-rib-tank-one-size-schwarz-beige-taupe\/#breadcrumb\"},\"inLanguage\":\"en-US\",\"potentialAction\":[{\"@type\":\"ReadAction\",\"target\":[\"https:\/\/www.lookforward.at\/produkt\/sp01-%f0%9f%a4%8d-basic-rib-tank-one-size-schwarz-beige-taupe\/\"]}]},{\"@type\":\"ImageObject\",\"inLanguage\":\"en-US\",\"@id\":\"https:\/\/www.lookforward.at\/produkt\/sp01-%f0%9f%a4%8d-basic-rib-tank-one-size-schwarz-beige-taupe\/#primaryimage\",\"url\":\"https:\/\/www.lookforward.at\/wp-content\/uploads\/2026\/04\/IMG_5994-Kopie-scaled.jpg\",\"contentUrl\":\"https:\/\/www.lookforward.at\/wp-content\/uploads\/2026\/04\/IMG_5994-Kopie-scaled.jpg\",\"width\":1920,\"height\":2560},{\"@type\":\"BreadcrumbList\",\"@id\":\"https:\/\/www.lookforward.at\/produkt\/sp01-%f0%9f%a4%8d-basic-rib-tank-one-size-schwarz-beige-taupe\/#breadcrumb\",\"itemListElement\":[{\"@type\":\"ListItem\",\"position\":1,\"name\":\"Startseite\",\"item\":\"https:\/\/www.lookforward.at\/\"},{\"@type\":\"ListItem\",\"position\":2,\"name\":\"Shop\",\"item\":\"https:\/\/www.lookforward.at\/shop\/\"},{\"@type\":\"ListItem\",\"position\":3,\"name\":\"SP01 \ud83e\udd0d Basic Rib Tank \u2013 One Size\"}]},{\"@type\":\"WebSite\",\"@id\":\"https:\/\/www.lookforward.at\/#website\",\"url\":\"https:\/\/www.lookforward.at\/\",\"name\":\"lookforward Shop\",\"description\":\"Der neue Shop f\u00fcr Fashion, Lifestyle, Family, Food and Beauty.\",\"publisher\":{\"@id\":\"https:\/\/www.lookforward.at\/#organization\"},\"potentialAction\":[{\"@type\":\"SearchAction\",\"target\":{\"@type\":\"EntryPoint\",\"urlTemplate\":\"https:\/\/www.lookforward.at\/?s={search_term_string}\"},\"query-input\":{\"@type\":\"PropertyValueSpecification\",\"valueRequired\":true,\"valueName\":\"search_term_string\"}}],\"inLanguage\":\"en-US\"},{\"@type\":\"Organization\",\"@id\":\"https:\/\/www.lookforward.at\/#organization\",\"name\":\"KB lookforward\",\"url\":\"https:\/\/www.lookforward.at\/\",\"logo\":{\"@type\":\"ImageObject\",\"inLanguage\":\"en-US\",\"@id\":\"https:\/\/www.lookforward.at\/#\/schema\/logo\/image\/\",\"url\":\"https:\/\/www.lookforward.at\/wp-content\/uploads\/2023\/10\/Icon-KB.svg\",\"contentUrl\":\"https:\/\/www.lookforward.at\/wp-content\/uploads\/2023\/10\/Icon-KB.svg\",\"caption\":\"KB lookforward\"},\"image\":{\"@id\":\"https:\/\/www.lookforward.at\/#\/schema\/logo\/image\/\"}}]}<\/script>\n<!-- \/ Yoast SEO plugin. -->","yoast_head_json":{"title":"SP01 \ud83e\udd0d Basic Rib Tank \u2013 One Size","robots":{"index":"index","follow":"follow","max-snippet":"max-snippet:-1","max-image-preview":"max-image-preview:large","max-video-preview":"max-video-preview:-1"},"canonical":"https:\/\/www.lookforward.at\/en\/produkt\/sp01-\ud83e\udd0d-basic-rib-tank-one-size-schwarz-beige-taupe\/","og_locale":"en_US","og_type":"article","og_title":"[:de]SP01 \ud83e\udd0d Basic Rib Tank \u2013 One Size[:] - lookforward Shop","og_description":"\ud83e\udd0d Basic Rib Tank \u2013 One Size  Manchmal ist weniger einfach mehr.  Dieses gerippte Tanktop ist dein perfektes Everyday-Essential \u2013 clean, feminin und super vielseitig.  Ob unter Blazer, Cardigan oder solo getragen \u2013 es passt sich deinem Look an. Der weiche, elastische Rippstoff sorgt f\u00fcr eine sch\u00f6ne Silhouette und maximalen Komfort.  Ein Teil, das du immer wieder greifen wirst.  Selflove hei\u00dft auch: gute Basics im Schrank. \ud83d\udcab  Details:  \u2022One Size (tragbar ca. 34\u201342)  \u2022Farben: Schwarz, Beige & Taupe  \u2022Made in Italy  \u2022Waschbar bei 30 Grad  \u2022Elastischer Rippstoff  \u2022K\u00f6rpernaher, bequemer Fit  Minimalistisch. Zeitlos. Unverzichtbar. \ud83d\udda4","og_url":"https:\/\/www.lookforward.at\/en\/produkt\/sp01-\ud83e\udd0d-basic-rib-tank-one-size-schwarz-beige-taupe\/","og_site_name":"lookforward Shop","article_modified_time":"2026-04-20T12:35:52+00:00","twitter_card":"summary_large_image","twitter_misc":{"Est. reading time":"1 minute"},"schema":{"@context":"https:\/\/schema.org","@graph":[{"@type":"WebPage","@id":"https:\/\/www.lookforward.at\/produkt\/sp01-%f0%9f%a4%8d-basic-rib-tank-one-size-schwarz-beige-taupe\/","url":"https:\/\/www.lookforward.at\/produkt\/sp01-%f0%9f%a4%8d-basic-rib-tank-one-size-schwarz-beige-taupe\/","name":"SP01 \ud83e\udd0d Basic Rib Tank \u2013 One Size","isPartOf":{"@id":"https:\/\/www.lookforward.at\/#website"},"primaryImageOfPage":{"@id":"https:\/\/www.lookforward.at\/produkt\/sp01-%f0%9f%a4%8d-basic-rib-tank-one-size-schwarz-beige-taupe\/#primaryimage"},"image":{"@id":"https:\/\/www.lookforward.at\/produkt\/sp01-%f0%9f%a4%8d-basic-rib-tank-one-size-schwarz-beige-taupe\/#primaryimage"},"thumbnailUrl":"https:\/\/www.lookforward.at\/wp-content\/uploads\/2026\/04\/IMG_5994-Kopie-scaled.jpg","datePublished":"2026-02-14T12:11:05+00:00","dateModified":"2026-04-20T12:35:52+00:00","breadcrumb":{"@id":"https:\/\/www.lookforward.at\/produkt\/sp01-%f0%9f%a4%8d-basic-rib-tank-one-size-schwarz-beige-taupe\/#breadcrumb"},"inLanguage":"en-US","potentialAction":[{"@type":"ReadAction","target":["https:\/\/www.lookforward.at\/produkt\/sp01-%f0%9f%a4%8d-basic-rib-tank-one-size-schwarz-beige-taupe\/"]}]},{"@type":"ImageObject","inLanguage":"en-US","@id":"https:\/\/www.lookforward.at\/produkt\/sp01-%f0%9f%a4%8d-basic-rib-tank-one-size-schwarz-beige-taupe\/#primaryimage","url":"https:\/\/www.lookforward.at\/wp-content\/uploads\/2026\/04\/IMG_5994-Kopie-scaled.jpg","contentUrl":"https:\/\/www.lookforward.at\/wp-content\/uploads\/2026\/04\/IMG_5994-Kopie-scaled.jpg","width":1920,"height":2560},{"@type":"BreadcrumbList","@id":"https:\/\/www.lookforward.at\/produkt\/sp01-%f0%9f%a4%8d-basic-rib-tank-one-size-schwarz-beige-taupe\/#breadcrumb","itemListElement":[{"@type":"ListItem","position":1,"name":"Startseite","item":"https:\/\/www.lookforward.at\/"},{"@type":"ListItem","position":2,"name":"Shop","item":"https:\/\/www.lookforward.at\/shop\/"},{"@type":"ListItem","position":3,"name":"SP01 \ud83e\udd0d Basic Rib Tank \u2013 One Size"}]},{"@type":"WebSite","@id":"https:\/\/www.lookforward.at\/#website","url":"https:\/\/www.lookforward.at\/","name":"lookforward Shop","description":"Der neue Shop f\u00fcr Fashion, Lifestyle, Family, Food and Beauty.","publisher":{"@id":"https:\/\/www.lookforward.at\/#organization"},"potentialAction":[{"@type":"SearchAction","target":{"@type":"EntryPoint","urlTemplate":"https:\/\/www.lookforward.at\/?s={search_term_string}"},"query-input":{"@type":"PropertyValueSpecification","valueRequired":true,"valueName":"search_term_string"}}],"inLanguage":"en-US"},{"@type":"Organization","@id":"https:\/\/www.lookforward.at\/#organization","name":"KB lookforward","url":"https:\/\/www.lookforward.at\/","logo":{"@type":"ImageObject","inLanguage":"en-US","@id":"https:\/\/www.lookforward.at\/#\/schema\/logo\/image\/","url":"https:\/\/www.lookforward.at\/wp-content\/uploads\/2023\/10\/Icon-KB.svg","contentUrl":"https:\/\/www.lookforward.at\/wp-content\/uploads\/2023\/10\/Icon-KB.svg","caption":"KB lookforward"},"image":{"@id":"https:\/\/www.lookforward.at\/#\/schema\/logo\/image\/"}}]}},"_links":{"self":[{"href":"https:\/\/www.lookforward.at\/en\/wp-json\/wp\/v2\/product\/154801","targetHints":{"allow":["GET"]}}],"collection":[{"href":"https:\/\/www.lookforward.at\/en\/wp-json\/wp\/v2\/product"}],"about":[{"href":"https:\/\/www.lookforward.at\/en\/wp-json\/wp\/v2\/types\/product"}],"wp:featuredmedia":[{"embeddable":true,"href":"https:\/\/www.lookforward.at\/en\/wp-json\/wp\/v2\/media\/157575"}],"wp:attachment":[{"href":"https:\/\/www.lookforward.at\/en\/wp-json\/wp\/v2\/media?parent=154801"}],"wp:term":[{"taxonomy":"product_brand","embeddable":true,"href":"https:\/\/www.lookforward.at\/en\/wp-json\/wp\/v2\/product_brand?post=154801"},{"taxonomy":"product_cat","embeddable":true,"href":"https:\/\/www.lookforward.at\/en\/wp-json\/wp\/v2\/product_cat?post=154801"},{"taxonomy":"product_tag","embeddable":true,"href":"https:\/\/www.lookforward.at\/en\/wp-json\/wp\/v2\/product_tag?post=154801"}],"curies":[{"name":"wp","href":"https:\/\/api.w.org\/{rel}","templated":true}]}}