{"id":154909,"date":"2026-02-14T14:27:26","date_gmt":"2026-02-14T13:27:26","guid":{"rendered":"https:\/\/www.lookforward.at\/?post_type=product&#038;p=154909"},"modified":"2026-03-14T10:58:27","modified_gmt":"2026-03-14T09:58:27","slug":"ef09-long-knit-cardigan-warm-embrace","status":"publish","type":"product","link":"https:\/\/www.lookforward.at\/en\/produkt\/ef09-long-knit-cardigan-warm-embrace\/","title":{"rendered":"EF09 Long Knit Cardigan \u201eWarm Embrace\u201c"},"content":{"rendered":"","protected":false},"excerpt":{"rendered":"<p><b>Long Knit Cardigan \u201eWarm Embrace\u201c<\/b><\/p>\n<p>Wie eine Umarmung zum \u00dcberziehen.<\/p>\n<p>Dieser lange Strick-Cardigan schenkt dir W\u00e4rme, Ruhe und diesen effortless Chic, den wir so lieben. Die weiche, strukturierte Qualit\u00e4t f\u00e4llt locker und umspielt sanft deine Silhouette.<\/p>\n<p>Mit gro\u00dfen aufgesetzten Taschen wird er nicht nur cozy, sondern auch alltagstauglich \u2013 perfekt f\u00fcr Coffee-Dates, Office-Looks oder entspannte Selflove-Momente zuhause.<\/p>\n<p>Offen getragen wirkt er l\u00e4ssig &#038; elegant zugleich.<\/p>\n<p>Ein Lieblingsst\u00fcck, das dich durch jede Saison begleitet.<\/p>\n<p>\u2e3b<\/p>\n<p><b>Details<\/b><\/p>\n<p>\u2661 Langer, offen geschnittener Strick-Cardigan<\/p>\n<p>\u2661 One Size (36\u201344)<\/p>\n<p>\u2661 Plus-Size geeignet<\/p>\n<p>\u2661 Made in Italy<\/p>\n<p>\u2661 Mit gro\u00dfen aufgesetzten Taschen<\/p>\n<p>\u2661 Weiche, angenehm fallende Qualit\u00e4t<\/p>\n<p>\u2661 Waschbar bei 30\u00b0<\/p>\n<p>&nbsp;<\/p>\n","protected":false},"featured_media":154704,"template":"","meta":{"inline_featured_image":false},"product_brand":[],"product_cat":[499,498,65],"product_tag":[],"class_list":{"0":"post-154909","1":"product","2":"type-product","3":"status-publish","4":"has-post-thumbnail","6":"product_cat-fruehling-2026","7":"product_cat-selflove-kollektion","8":"product_cat-cardigan","10":"first","11":"onbackorder","12":"taxable","13":"shipping-taxable","14":"purchasable","15":"product-type-variable"},"bundled_by":[],"bundle_stock_status":"onbackorder","bundle_stock_quantity":null,"bundle_virtual":false,"bundle_layout":"","bundle_add_to_cart_form_location":"","bundle_editable_in_cart":false,"bundle_sold_individually_context":"","bundle_item_grouping":"","bundle_min_size":"","bundle_max_size":"","bundle_price":[],"bundled_items":[],"bundle_sell_ids":[],"yoast_head":"<!-- This site is optimized with the Yoast SEO plugin v26.5 - https:\/\/yoast.com\/wordpress\/plugins\/seo\/ -->\n<title>EF09 Long Knit Cardigan \u201eWarm Embrace\u201c<\/title>\n<meta name=\"robots\" content=\"index, follow, max-snippet:-1, max-image-preview:large, max-video-preview:-1\" \/>\n<link rel=\"canonical\" href=\"https:\/\/www.lookforward.at\/en\/produkt\/ef09-long-knit-cardigan-warm-embrace\/\" \/>\n<meta property=\"og:locale\" content=\"en_US\" \/>\n<meta property=\"og:locale:alternate\" content=\"de_DE\" \/>\n<meta property=\"og:type\" content=\"article\" \/>\n<meta property=\"og:title\" content=\"EF09 Long Knit Cardigan \u201eWarm Embrace\u201c\" \/>\n<meta property=\"og:description\" content=\"Long Knit Cardigan \u201eWarm Embrace\u201c  Wie eine Umarmung zum \u00dcberziehen.  Dieser lange Strick-Cardigan schenkt dir W\u00e4rme, Ruhe und diesen effortless Chic, den wir so lieben. Die weiche, strukturierte Qualit\u00e4t f\u00e4llt locker und umspielt sanft deine Silhouette.  Mit gro\u00dfen aufgesetzten Taschen wird er nicht nur cozy, sondern auch alltagstauglich \u2013 perfekt f\u00fcr Coffee-Dates, Office-Looks oder entspannte Selflove-Momente zuhause.  Offen getragen wirkt er l\u00e4ssig &amp; elegant zugleich.  Ein Lieblingsst\u00fcck, das dich durch jede Saison begleitet.  \u2e3b  Details  \u2661 Langer, offen geschnittener Strick-Cardigan  \u2661 One Size (36\u201344)  \u2661 Plus-Size geeignet  \u2661 Made in Italy  \u2661 Mit gro\u00dfen aufgesetzten Taschen  \u2661 Weiche, angenehm fallende Qualit\u00e4t  \u2661 Waschbar bei 30\u00b0  &nbsp;\" \/>\n<meta property=\"og:url\" content=\"https:\/\/www.lookforward.at\/en\/produkt\/ef09-long-knit-cardigan-warm-embrace\/\" \/>\n<meta property=\"og:site_name\" content=\"lookforward Shop\" \/>\n<meta property=\"article:modified_time\" content=\"2026-03-14T09:58:27+00:00\" \/>\n<meta name=\"twitter:card\" content=\"summary_large_image\" \/>\n<meta name=\"twitter:label1\" content=\"Est. reading time\" \/>\n\t<meta name=\"twitter:data1\" content=\"1 minute\" \/>\n<script type=\"application\/ld+json\" class=\"yoast-schema-graph\">{\"@context\":\"https:\/\/schema.org\",\"@graph\":[{\"@type\":\"WebPage\",\"@id\":\"https:\/\/www.lookforward.at\/produkt\/ef09-long-knit-cardigan-warm-embrace\/\",\"url\":\"https:\/\/www.lookforward.at\/produkt\/ef09-long-knit-cardigan-warm-embrace\/\",\"name\":\"EF09 Long Knit Cardigan \u201eWarm Embrace\u201c\",\"isPartOf\":{\"@id\":\"https:\/\/www.lookforward.at\/#website\"},\"primaryImageOfPage\":{\"@id\":\"https:\/\/www.lookforward.at\/produkt\/ef09-long-knit-cardigan-warm-embrace\/#primaryimage\"},\"image\":{\"@id\":\"https:\/\/www.lookforward.at\/produkt\/ef09-long-knit-cardigan-warm-embrace\/#primaryimage\"},\"thumbnailUrl\":\"https:\/\/www.lookforward.at\/wp-content\/uploads\/2026\/02\/IMG_9434-scaled.jpg\",\"datePublished\":\"2026-02-14T13:27:26+00:00\",\"dateModified\":\"2026-03-14T09:58:27+00:00\",\"breadcrumb\":{\"@id\":\"https:\/\/www.lookforward.at\/produkt\/ef09-long-knit-cardigan-warm-embrace\/#breadcrumb\"},\"inLanguage\":\"en-US\",\"potentialAction\":[{\"@type\":\"ReadAction\",\"target\":[\"https:\/\/www.lookforward.at\/produkt\/ef09-long-knit-cardigan-warm-embrace\/\"]}]},{\"@type\":\"ImageObject\",\"inLanguage\":\"en-US\",\"@id\":\"https:\/\/www.lookforward.at\/produkt\/ef09-long-knit-cardigan-warm-embrace\/#primaryimage\",\"url\":\"https:\/\/www.lookforward.at\/wp-content\/uploads\/2026\/02\/IMG_9434-scaled.jpg\",\"contentUrl\":\"https:\/\/www.lookforward.at\/wp-content\/uploads\/2026\/02\/IMG_9434-scaled.jpg\",\"width\":1920,\"height\":2560},{\"@type\":\"BreadcrumbList\",\"@id\":\"https:\/\/www.lookforward.at\/produkt\/ef09-long-knit-cardigan-warm-embrace\/#breadcrumb\",\"itemListElement\":[{\"@type\":\"ListItem\",\"position\":1,\"name\":\"Startseite\",\"item\":\"https:\/\/www.lookforward.at\/\"},{\"@type\":\"ListItem\",\"position\":2,\"name\":\"Shop\",\"item\":\"https:\/\/www.lookforward.at\/shop\/\"},{\"@type\":\"ListItem\",\"position\":3,\"name\":\"EF09 Long Knit Cardigan \u201eWarm Embrace\u201c\"}]},{\"@type\":\"WebSite\",\"@id\":\"https:\/\/www.lookforward.at\/#website\",\"url\":\"https:\/\/www.lookforward.at\/\",\"name\":\"lookforward Shop\",\"description\":\"Der neue Shop f\u00fcr Fashion, Lifestyle, Family, Food and Beauty.\",\"publisher\":{\"@id\":\"https:\/\/www.lookforward.at\/#organization\"},\"potentialAction\":[{\"@type\":\"SearchAction\",\"target\":{\"@type\":\"EntryPoint\",\"urlTemplate\":\"https:\/\/www.lookforward.at\/?s={search_term_string}\"},\"query-input\":{\"@type\":\"PropertyValueSpecification\",\"valueRequired\":true,\"valueName\":\"search_term_string\"}}],\"inLanguage\":\"en-US\"},{\"@type\":\"Organization\",\"@id\":\"https:\/\/www.lookforward.at\/#organization\",\"name\":\"KB lookforward\",\"url\":\"https:\/\/www.lookforward.at\/\",\"logo\":{\"@type\":\"ImageObject\",\"inLanguage\":\"en-US\",\"@id\":\"https:\/\/www.lookforward.at\/#\/schema\/logo\/image\/\",\"url\":\"https:\/\/www.lookforward.at\/wp-content\/uploads\/2023\/10\/Icon-KB.svg\",\"contentUrl\":\"https:\/\/www.lookforward.at\/wp-content\/uploads\/2023\/10\/Icon-KB.svg\",\"caption\":\"KB lookforward\"},\"image\":{\"@id\":\"https:\/\/www.lookforward.at\/#\/schema\/logo\/image\/\"}}]}<\/script>\n<!-- \/ Yoast SEO plugin. -->","yoast_head_json":{"title":"EF09 Long Knit Cardigan \u201eWarm Embrace\u201c","robots":{"index":"index","follow":"follow","max-snippet":"max-snippet:-1","max-image-preview":"max-image-preview:large","max-video-preview":"max-video-preview:-1"},"canonical":"https:\/\/www.lookforward.at\/en\/produkt\/ef09-long-knit-cardigan-warm-embrace\/","og_locale":"en_US","og_type":"article","og_title":"[:de]EF09 Long Knit Cardigan \u201eWarm Embrace\u201c[:] - lookforward Shop","og_description":"Long Knit Cardigan \u201eWarm Embrace\u201c  Wie eine Umarmung zum \u00dcberziehen.  Dieser lange Strick-Cardigan schenkt dir W\u00e4rme, Ruhe und diesen effortless Chic, den wir so lieben. Die weiche, strukturierte Qualit\u00e4t f\u00e4llt locker und umspielt sanft deine Silhouette.  Mit gro\u00dfen aufgesetzten Taschen wird er nicht nur cozy, sondern auch alltagstauglich \u2013 perfekt f\u00fcr Coffee-Dates, Office-Looks oder entspannte Selflove-Momente zuhause.  Offen getragen wirkt er l\u00e4ssig & elegant zugleich.  Ein Lieblingsst\u00fcck, das dich durch jede Saison begleitet.  \u2e3b  Details  \u2661 Langer, offen geschnittener Strick-Cardigan  \u2661 One Size (36\u201344)  \u2661 Plus-Size geeignet  \u2661 Made in Italy  \u2661 Mit gro\u00dfen aufgesetzten Taschen  \u2661 Weiche, angenehm fallende Qualit\u00e4t  \u2661 Waschbar bei 30\u00b0  &nbsp;","og_url":"https:\/\/www.lookforward.at\/en\/produkt\/ef09-long-knit-cardigan-warm-embrace\/","og_site_name":"lookforward Shop","article_modified_time":"2026-03-14T09:58:27+00:00","twitter_card":"summary_large_image","twitter_misc":{"Est. reading time":"1 minute"},"schema":{"@context":"https:\/\/schema.org","@graph":[{"@type":"WebPage","@id":"https:\/\/www.lookforward.at\/produkt\/ef09-long-knit-cardigan-warm-embrace\/","url":"https:\/\/www.lookforward.at\/produkt\/ef09-long-knit-cardigan-warm-embrace\/","name":"EF09 Long Knit Cardigan \u201eWarm Embrace\u201c","isPartOf":{"@id":"https:\/\/www.lookforward.at\/#website"},"primaryImageOfPage":{"@id":"https:\/\/www.lookforward.at\/produkt\/ef09-long-knit-cardigan-warm-embrace\/#primaryimage"},"image":{"@id":"https:\/\/www.lookforward.at\/produkt\/ef09-long-knit-cardigan-warm-embrace\/#primaryimage"},"thumbnailUrl":"https:\/\/www.lookforward.at\/wp-content\/uploads\/2026\/02\/IMG_9434-scaled.jpg","datePublished":"2026-02-14T13:27:26+00:00","dateModified":"2026-03-14T09:58:27+00:00","breadcrumb":{"@id":"https:\/\/www.lookforward.at\/produkt\/ef09-long-knit-cardigan-warm-embrace\/#breadcrumb"},"inLanguage":"en-US","potentialAction":[{"@type":"ReadAction","target":["https:\/\/www.lookforward.at\/produkt\/ef09-long-knit-cardigan-warm-embrace\/"]}]},{"@type":"ImageObject","inLanguage":"en-US","@id":"https:\/\/www.lookforward.at\/produkt\/ef09-long-knit-cardigan-warm-embrace\/#primaryimage","url":"https:\/\/www.lookforward.at\/wp-content\/uploads\/2026\/02\/IMG_9434-scaled.jpg","contentUrl":"https:\/\/www.lookforward.at\/wp-content\/uploads\/2026\/02\/IMG_9434-scaled.jpg","width":1920,"height":2560},{"@type":"BreadcrumbList","@id":"https:\/\/www.lookforward.at\/produkt\/ef09-long-knit-cardigan-warm-embrace\/#breadcrumb","itemListElement":[{"@type":"ListItem","position":1,"name":"Startseite","item":"https:\/\/www.lookforward.at\/"},{"@type":"ListItem","position":2,"name":"Shop","item":"https:\/\/www.lookforward.at\/shop\/"},{"@type":"ListItem","position":3,"name":"EF09 Long Knit Cardigan \u201eWarm Embrace\u201c"}]},{"@type":"WebSite","@id":"https:\/\/www.lookforward.at\/#website","url":"https:\/\/www.lookforward.at\/","name":"lookforward Shop","description":"Der neue Shop f\u00fcr Fashion, Lifestyle, Family, Food and Beauty.","publisher":{"@id":"https:\/\/www.lookforward.at\/#organization"},"potentialAction":[{"@type":"SearchAction","target":{"@type":"EntryPoint","urlTemplate":"https:\/\/www.lookforward.at\/?s={search_term_string}"},"query-input":{"@type":"PropertyValueSpecification","valueRequired":true,"valueName":"search_term_string"}}],"inLanguage":"en-US"},{"@type":"Organization","@id":"https:\/\/www.lookforward.at\/#organization","name":"KB lookforward","url":"https:\/\/www.lookforward.at\/","logo":{"@type":"ImageObject","inLanguage":"en-US","@id":"https:\/\/www.lookforward.at\/#\/schema\/logo\/image\/","url":"https:\/\/www.lookforward.at\/wp-content\/uploads\/2023\/10\/Icon-KB.svg","contentUrl":"https:\/\/www.lookforward.at\/wp-content\/uploads\/2023\/10\/Icon-KB.svg","caption":"KB lookforward"},"image":{"@id":"https:\/\/www.lookforward.at\/#\/schema\/logo\/image\/"}}]}},"_links":{"self":[{"href":"https:\/\/www.lookforward.at\/en\/wp-json\/wp\/v2\/product\/154909","targetHints":{"allow":["GET"]}}],"collection":[{"href":"https:\/\/www.lookforward.at\/en\/wp-json\/wp\/v2\/product"}],"about":[{"href":"https:\/\/www.lookforward.at\/en\/wp-json\/wp\/v2\/types\/product"}],"wp:featuredmedia":[{"embeddable":true,"href":"https:\/\/www.lookforward.at\/en\/wp-json\/wp\/v2\/media\/154704"}],"wp:attachment":[{"href":"https:\/\/www.lookforward.at\/en\/wp-json\/wp\/v2\/media?parent=154909"}],"wp:term":[{"taxonomy":"product_brand","embeddable":true,"href":"https:\/\/www.lookforward.at\/en\/wp-json\/wp\/v2\/product_brand?post=154909"},{"taxonomy":"product_cat","embeddable":true,"href":"https:\/\/www.lookforward.at\/en\/wp-json\/wp\/v2\/product_cat?post=154909"},{"taxonomy":"product_tag","embeddable":true,"href":"https:\/\/www.lookforward.at\/en\/wp-json\/wp\/v2\/product_tag?post=154909"}],"curies":[{"name":"wp","href":"https:\/\/api.w.org\/{rel}","templated":true}]}}