{"id":155243,"date":"2026-02-22T20:06:37","date_gmt":"2026-02-22T19:06:37","guid":{"rendered":"https:\/\/www.lookforward.at\/?post_type=product&#038;p=155243"},"modified":"2026-04-06T11:40:30","modified_gmt":"2026-04-06T09:40:30","slug":"bra-021","status":"publish","type":"product","link":"https:\/\/www.lookforward.at\/en\/produkt\/bra-021\/","title":{"rendered":"BRA 021 LIMITIERTE EDITION NUR F\u00dcR KURZE ZEIT"},"content":{"rendered":"","protected":false},"excerpt":{"rendered":"<p>Unsere kurzen Lace Bras sind echte Bestseller \u2013 und das aus gutem Grund \ud83e\udd0d<\/p>\n<p>Sie sehen nicht nur wundersch\u00f6n aus, sie f\u00fchlen sich auch so an. Kein Dr\u00fccken. Kein Einschneiden. Kein unbequemer B\u00fcgel. Nur weiche, stretchige Spitze, die sich deiner Brust perfekt anpasst und ein nat\u00fcrlich sch\u00f6nes Dekollet\u00e9 zaubert.<\/p>\n<p>Einmal getragen, willst du keinen anderen BH mehr.<\/p>\n<p>Nur in limitierter St\u00fcckzahl erh\u00e4ltlich \u2013 sichere dir jetzt deine Lieblingsfarbe \u2728<\/p>\n<p>\u2022kurzer, femininer Bra-Schnitt<\/p>\n<p>\u2022ONE SIZE \u2013 passt sich flexibel an (ideal bis Cup C)<\/p>\n<p>\u2022mit integrierten Innen-Cups f\u00fcr sanften Halt<\/p>\n<p>\u2022ersetzt deinen klassischen BH<\/p>\n<p>\u2022besonders elastische, hochwertige Spitze<\/p>\n<p>\u2022kein B\u00fcgel, kein Zwicken, maximaler Komfort<\/p>\n<p>\u2022traumhafte Spitzen-Details vorne &#038; hinten<\/p>\n<p>\u2022perfekt f\u00fcr Alltag, Homewear oder als sichtbares Fashion-Statement<\/p>\n<p>\u2022waschbar bei 30 Grad<\/p>\n<p><b>Erh\u00e4ltlich in:<\/b><\/p>\n<p>Schwarz, Beige, Flieder, hellblau &#038; Altrosa<\/p>\n<p>Bequem wie ein Bustier. Sch\u00f6n wie Dessous. Praktisch wie dein Lieblings-BH.<\/p>\n<p>Dein neues Everyday-Must-have \ud83d\udc95<\/p>\n","protected":false},"featured_media":155196,"template":"","meta":{"inline_featured_image":false},"product_brand":[],"product_cat":[442,499,498],"product_tag":[],"class_list":{"0":"post-155243","1":"product","2":"type-product","3":"status-publish","4":"has-post-thumbnail","6":"product_cat-bras","7":"product_cat-fruehling-2026","8":"product_cat-selflove-kollektion","10":"first","11":"onbackorder","12":"taxable","13":"shipping-taxable","14":"purchasable","15":"product-type-variable"},"bundled_by":[],"bundle_stock_status":"onbackorder","bundle_stock_quantity":null,"bundle_virtual":false,"bundle_layout":"","bundle_add_to_cart_form_location":"","bundle_editable_in_cart":false,"bundle_sold_individually_context":"","bundle_item_grouping":"","bundle_min_size":"","bundle_max_size":"","bundle_price":[],"bundled_items":[],"bundle_sell_ids":[],"yoast_head":"<!-- This site is optimized with the Yoast SEO plugin v26.5 - https:\/\/yoast.com\/wordpress\/plugins\/seo\/ -->\n<title>BRA 021 LIMITIERTE EDITION NUR F\u00dcR KURZE ZEIT<\/title>\n<meta name=\"robots\" content=\"index, follow, max-snippet:-1, max-image-preview:large, max-video-preview:-1\" \/>\n<link rel=\"canonical\" href=\"https:\/\/www.lookforward.at\/en\/produkt\/bra-021\/\" \/>\n<meta property=\"og:locale\" content=\"en_US\" \/>\n<meta property=\"og:locale:alternate\" content=\"de_DE\" \/>\n<meta property=\"og:type\" content=\"article\" \/>\n<meta property=\"og:title\" content=\"BRA 021 LIMITIERTE EDITION NUR F\u00dcR KURZE ZEIT\" \/>\n<meta property=\"og:description\" content=\"Unsere kurzen Lace Bras sind echte Bestseller \u2013 und das aus gutem Grund \ud83e\udd0d  Sie sehen nicht nur wundersch\u00f6n aus, sie f\u00fchlen sich auch so an. Kein Dr\u00fccken. Kein Einschneiden. Kein unbequemer B\u00fcgel. Nur weiche, stretchige Spitze, die sich deiner Brust perfekt anpasst und ein nat\u00fcrlich sch\u00f6nes Dekollet\u00e9 zaubert.  Einmal getragen, willst du keinen anderen BH mehr.  Nur in limitierter St\u00fcckzahl erh\u00e4ltlich \u2013 sichere dir jetzt deine Lieblingsfarbe \u2728  \u2022kurzer, femininer Bra-Schnitt  \u2022ONE SIZE \u2013 passt sich flexibel an (ideal bis Cup C)  \u2022mit integrierten Innen-Cups f\u00fcr sanften Halt  \u2022ersetzt deinen klassischen BH  \u2022besonders elastische, hochwertige Spitze  \u2022kein B\u00fcgel, kein Zwicken, maximaler Komfort  \u2022traumhafte Spitzen-Details vorne &amp; hinten  \u2022perfekt f\u00fcr Alltag, Homewear oder als sichtbares Fashion-Statement  \u2022waschbar bei 30 Grad  Erh\u00e4ltlich in:  Schwarz, Beige, Flieder, hellblau &amp; Altrosa  Bequem wie ein Bustier. Sch\u00f6n wie Dessous. Praktisch wie dein Lieblings-BH.  Dein neues Everyday-Must-have \ud83d\udc95\" \/>\n<meta property=\"og:url\" content=\"https:\/\/www.lookforward.at\/en\/produkt\/bra-021\/\" \/>\n<meta property=\"og:site_name\" content=\"lookforward Shop\" \/>\n<meta property=\"article:modified_time\" content=\"2026-04-06T09:40:30+00:00\" \/>\n<meta name=\"twitter:card\" content=\"summary_large_image\" \/>\n<script type=\"application\/ld+json\" class=\"yoast-schema-graph\">{\"@context\":\"https:\/\/schema.org\",\"@graph\":[{\"@type\":\"WebPage\",\"@id\":\"https:\/\/www.lookforward.at\/produkt\/bra-021\/\",\"url\":\"https:\/\/www.lookforward.at\/produkt\/bra-021\/\",\"name\":\"BRA 021 LIMITIERTE EDITION NUR F\u00dcR KURZE ZEIT\",\"isPartOf\":{\"@id\":\"https:\/\/www.lookforward.at\/#website\"},\"primaryImageOfPage\":{\"@id\":\"https:\/\/www.lookforward.at\/produkt\/bra-021\/#primaryimage\"},\"image\":{\"@id\":\"https:\/\/www.lookforward.at\/produkt\/bra-021\/#primaryimage\"},\"thumbnailUrl\":\"https:\/\/www.lookforward.at\/wp-content\/uploads\/2026\/02\/IMG_0827-scaled.jpg\",\"datePublished\":\"2026-02-22T19:06:37+00:00\",\"dateModified\":\"2026-04-06T09:40:30+00:00\",\"breadcrumb\":{\"@id\":\"https:\/\/www.lookforward.at\/produkt\/bra-021\/#breadcrumb\"},\"inLanguage\":\"en-US\",\"potentialAction\":[{\"@type\":\"ReadAction\",\"target\":[\"https:\/\/www.lookforward.at\/produkt\/bra-021\/\"]}]},{\"@type\":\"ImageObject\",\"inLanguage\":\"en-US\",\"@id\":\"https:\/\/www.lookforward.at\/produkt\/bra-021\/#primaryimage\",\"url\":\"https:\/\/www.lookforward.at\/wp-content\/uploads\/2026\/02\/IMG_0827-scaled.jpg\",\"contentUrl\":\"https:\/\/www.lookforward.at\/wp-content\/uploads\/2026\/02\/IMG_0827-scaled.jpg\",\"width\":1920,\"height\":2560},{\"@type\":\"BreadcrumbList\",\"@id\":\"https:\/\/www.lookforward.at\/produkt\/bra-021\/#breadcrumb\",\"itemListElement\":[{\"@type\":\"ListItem\",\"position\":1,\"name\":\"Startseite\",\"item\":\"https:\/\/www.lookforward.at\/\"},{\"@type\":\"ListItem\",\"position\":2,\"name\":\"Shop\",\"item\":\"https:\/\/www.lookforward.at\/shop\/\"},{\"@type\":\"ListItem\",\"position\":3,\"name\":\"BRA 021 LIMITIERTE EDITION NUR F\u00dcR KURZE ZEIT\"}]},{\"@type\":\"WebSite\",\"@id\":\"https:\/\/www.lookforward.at\/#website\",\"url\":\"https:\/\/www.lookforward.at\/\",\"name\":\"lookforward Shop\",\"description\":\"Der neue Shop f\u00fcr Fashion, Lifestyle, Family, Food and Beauty.\",\"publisher\":{\"@id\":\"https:\/\/www.lookforward.at\/#organization\"},\"potentialAction\":[{\"@type\":\"SearchAction\",\"target\":{\"@type\":\"EntryPoint\",\"urlTemplate\":\"https:\/\/www.lookforward.at\/?s={search_term_string}\"},\"query-input\":{\"@type\":\"PropertyValueSpecification\",\"valueRequired\":true,\"valueName\":\"search_term_string\"}}],\"inLanguage\":\"en-US\"},{\"@type\":\"Organization\",\"@id\":\"https:\/\/www.lookforward.at\/#organization\",\"name\":\"KB lookforward\",\"url\":\"https:\/\/www.lookforward.at\/\",\"logo\":{\"@type\":\"ImageObject\",\"inLanguage\":\"en-US\",\"@id\":\"https:\/\/www.lookforward.at\/#\/schema\/logo\/image\/\",\"url\":\"https:\/\/www.lookforward.at\/wp-content\/uploads\/2023\/10\/Icon-KB.svg\",\"contentUrl\":\"https:\/\/www.lookforward.at\/wp-content\/uploads\/2023\/10\/Icon-KB.svg\",\"caption\":\"KB lookforward\"},\"image\":{\"@id\":\"https:\/\/www.lookforward.at\/#\/schema\/logo\/image\/\"}}]}<\/script>\n<!-- \/ Yoast SEO plugin. -->","yoast_head_json":{"title":"BRA 021 LIMITIERTE EDITION NUR F\u00dcR KURZE ZEIT","robots":{"index":"index","follow":"follow","max-snippet":"max-snippet:-1","max-image-preview":"max-image-preview:large","max-video-preview":"max-video-preview:-1"},"canonical":"https:\/\/www.lookforward.at\/en\/produkt\/bra-021\/","og_locale":"en_US","og_type":"article","og_title":"[:de]BRA 021 LIMITIERTE EDITION NUR F\u00dcR KURZE ZEIT[:] - lookforward Shop","og_description":"Unsere kurzen Lace Bras sind echte Bestseller \u2013 und das aus gutem Grund \ud83e\udd0d  Sie sehen nicht nur wundersch\u00f6n aus, sie f\u00fchlen sich auch so an. Kein Dr\u00fccken. Kein Einschneiden. Kein unbequemer B\u00fcgel. Nur weiche, stretchige Spitze, die sich deiner Brust perfekt anpasst und ein nat\u00fcrlich sch\u00f6nes Dekollet\u00e9 zaubert.  Einmal getragen, willst du keinen anderen BH mehr.  Nur in limitierter St\u00fcckzahl erh\u00e4ltlich \u2013 sichere dir jetzt deine Lieblingsfarbe \u2728  \u2022kurzer, femininer Bra-Schnitt  \u2022ONE SIZE \u2013 passt sich flexibel an (ideal bis Cup C)  \u2022mit integrierten Innen-Cups f\u00fcr sanften Halt  \u2022ersetzt deinen klassischen BH  \u2022besonders elastische, hochwertige Spitze  \u2022kein B\u00fcgel, kein Zwicken, maximaler Komfort  \u2022traumhafte Spitzen-Details vorne & hinten  \u2022perfekt f\u00fcr Alltag, Homewear oder als sichtbares Fashion-Statement  \u2022waschbar bei 30 Grad  Erh\u00e4ltlich in:  Schwarz, Beige, Flieder, hellblau & Altrosa  Bequem wie ein Bustier. Sch\u00f6n wie Dessous. Praktisch wie dein Lieblings-BH.  Dein neues Everyday-Must-have \ud83d\udc95","og_url":"https:\/\/www.lookforward.at\/en\/produkt\/bra-021\/","og_site_name":"lookforward Shop","article_modified_time":"2026-04-06T09:40:30+00:00","twitter_card":"summary_large_image","schema":{"@context":"https:\/\/schema.org","@graph":[{"@type":"WebPage","@id":"https:\/\/www.lookforward.at\/produkt\/bra-021\/","url":"https:\/\/www.lookforward.at\/produkt\/bra-021\/","name":"BRA 021 LIMITIERTE EDITION NUR F\u00dcR KURZE ZEIT","isPartOf":{"@id":"https:\/\/www.lookforward.at\/#website"},"primaryImageOfPage":{"@id":"https:\/\/www.lookforward.at\/produkt\/bra-021\/#primaryimage"},"image":{"@id":"https:\/\/www.lookforward.at\/produkt\/bra-021\/#primaryimage"},"thumbnailUrl":"https:\/\/www.lookforward.at\/wp-content\/uploads\/2026\/02\/IMG_0827-scaled.jpg","datePublished":"2026-02-22T19:06:37+00:00","dateModified":"2026-04-06T09:40:30+00:00","breadcrumb":{"@id":"https:\/\/www.lookforward.at\/produkt\/bra-021\/#breadcrumb"},"inLanguage":"en-US","potentialAction":[{"@type":"ReadAction","target":["https:\/\/www.lookforward.at\/produkt\/bra-021\/"]}]},{"@type":"ImageObject","inLanguage":"en-US","@id":"https:\/\/www.lookforward.at\/produkt\/bra-021\/#primaryimage","url":"https:\/\/www.lookforward.at\/wp-content\/uploads\/2026\/02\/IMG_0827-scaled.jpg","contentUrl":"https:\/\/www.lookforward.at\/wp-content\/uploads\/2026\/02\/IMG_0827-scaled.jpg","width":1920,"height":2560},{"@type":"BreadcrumbList","@id":"https:\/\/www.lookforward.at\/produkt\/bra-021\/#breadcrumb","itemListElement":[{"@type":"ListItem","position":1,"name":"Startseite","item":"https:\/\/www.lookforward.at\/"},{"@type":"ListItem","position":2,"name":"Shop","item":"https:\/\/www.lookforward.at\/shop\/"},{"@type":"ListItem","position":3,"name":"BRA 021 LIMITIERTE EDITION NUR F\u00dcR KURZE ZEIT"}]},{"@type":"WebSite","@id":"https:\/\/www.lookforward.at\/#website","url":"https:\/\/www.lookforward.at\/","name":"lookforward Shop","description":"Der neue Shop f\u00fcr Fashion, Lifestyle, Family, Food and Beauty.","publisher":{"@id":"https:\/\/www.lookforward.at\/#organization"},"potentialAction":[{"@type":"SearchAction","target":{"@type":"EntryPoint","urlTemplate":"https:\/\/www.lookforward.at\/?s={search_term_string}"},"query-input":{"@type":"PropertyValueSpecification","valueRequired":true,"valueName":"search_term_string"}}],"inLanguage":"en-US"},{"@type":"Organization","@id":"https:\/\/www.lookforward.at\/#organization","name":"KB lookforward","url":"https:\/\/www.lookforward.at\/","logo":{"@type":"ImageObject","inLanguage":"en-US","@id":"https:\/\/www.lookforward.at\/#\/schema\/logo\/image\/","url":"https:\/\/www.lookforward.at\/wp-content\/uploads\/2023\/10\/Icon-KB.svg","contentUrl":"https:\/\/www.lookforward.at\/wp-content\/uploads\/2023\/10\/Icon-KB.svg","caption":"KB lookforward"},"image":{"@id":"https:\/\/www.lookforward.at\/#\/schema\/logo\/image\/"}}]}},"_links":{"self":[{"href":"https:\/\/www.lookforward.at\/en\/wp-json\/wp\/v2\/product\/155243","targetHints":{"allow":["GET"]}}],"collection":[{"href":"https:\/\/www.lookforward.at\/en\/wp-json\/wp\/v2\/product"}],"about":[{"href":"https:\/\/www.lookforward.at\/en\/wp-json\/wp\/v2\/types\/product"}],"wp:featuredmedia":[{"embeddable":true,"href":"https:\/\/www.lookforward.at\/en\/wp-json\/wp\/v2\/media\/155196"}],"wp:attachment":[{"href":"https:\/\/www.lookforward.at\/en\/wp-json\/wp\/v2\/media?parent=155243"}],"wp:term":[{"taxonomy":"product_brand","embeddable":true,"href":"https:\/\/www.lookforward.at\/en\/wp-json\/wp\/v2\/product_brand?post=155243"},{"taxonomy":"product_cat","embeddable":true,"href":"https:\/\/www.lookforward.at\/en\/wp-json\/wp\/v2\/product_cat?post=155243"},{"taxonomy":"product_tag","embeddable":true,"href":"https:\/\/www.lookforward.at\/en\/wp-json\/wp\/v2\/product_tag?post=155243"}],"curies":[{"name":"wp","href":"https:\/\/api.w.org\/{rel}","templated":true}]}}