{"id":155863,"date":"2026-03-08T11:41:10","date_gmt":"2026-03-08T10:41:10","guid":{"rendered":"https:\/\/www.lookforward.at\/?post_type=product&#038;p=155863"},"modified":"2026-04-21T12:33:49","modified_gmt":"2026-04-21T10:33:49","slug":"nes02-candy-knit-vest-blau-rosa-gelb-gruen","status":"publish","type":"product","link":"https:\/\/www.lookforward.at\/en\/produkt\/nes02-candy-knit-vest-blau-rosa-gelb-gruen\/","title":{"rendered":"NES02 Candy Knit Vest \u2013 Blau \/ Rosa \/ Gelb \/ Gr\u00fcn"},"content":{"rendered":"","protected":false},"excerpt":{"rendered":"<p><b>NES02 Candy Knit Vest \u2013 Blau \/ Rosa \/ Gelb \/ Gr\u00fcn<\/b><\/p>\n<p>Softe Farben.<\/p>\n<p>Starke Haltung.<\/p>\n<p>F\u00fcr Frauen, die f\u00fchlen, sprechen und ihr Herz nicht kleiner machen.<\/p>\n<p>Diese weiche Strickweste bringt Leichtigkeit und Farbe in deinen Look \u2013 perfekt zum Layern \u00fcber Blusen, Shirts oder Kleider.<\/p>\n<p><b>Details<\/b><\/p>\n<p>\u2022 Gr\u00f6\u00dfe: One Size \u2013 passt von 36\u201344<\/p>\n<p>\u2022 Farben: Blau, Rosa, Gelb, Gr\u00fcn<\/p>\n<p>\u2022 Material: 40 % Acryl, 30 % Mohair, 30 % Polyamid<\/p>\n<p>\u2022 Bindeb\u00e4nder vorne<\/p>\n<p>\u2022 Made in Italy<\/p>\n<p>\u2022 Pflegehinweis: Waschbar auf 30 Grad \ud83c\udf38<\/p>\n","protected":false},"featured_media":155802,"template":"","meta":{"inline_featured_image":false},"product_brand":[],"product_cat":[499,500,65],"product_tag":[],"class_list":{"0":"post-155863","1":"product","2":"type-product","3":"status-publish","4":"has-post-thumbnail","6":"product_cat-fruehling-2026","7":"product_cat-soft-candy-colour-kollektion","8":"product_cat-cardigan","10":"first","11":"onbackorder","12":"taxable","13":"shipping-taxable","14":"purchasable","15":"product-type-variable"},"bundled_by":[],"bundle_stock_status":"onbackorder","bundle_stock_quantity":null,"bundle_virtual":false,"bundle_layout":"","bundle_add_to_cart_form_location":"","bundle_editable_in_cart":false,"bundle_sold_individually_context":"","bundle_item_grouping":"","bundle_min_size":"","bundle_max_size":"","bundle_price":[],"bundled_items":[],"bundle_sell_ids":[],"yoast_head":"<!-- This site is optimized with the Yoast SEO plugin v26.5 - https:\/\/yoast.com\/wordpress\/plugins\/seo\/ -->\n<title>NES02 Candy Knit Vest \u2013 Blau \/ Rosa \/ Gelb \/ Gr\u00fcn<\/title>\n<meta name=\"robots\" content=\"index, follow, max-snippet:-1, max-image-preview:large, max-video-preview:-1\" \/>\n<link rel=\"canonical\" href=\"https:\/\/www.lookforward.at\/en\/produkt\/nes02-candy-knit-vest-blau-rosa-gelb-gruen\/\" \/>\n<meta property=\"og:locale\" content=\"en_US\" \/>\n<meta property=\"og:locale:alternate\" content=\"de_DE\" \/>\n<meta property=\"og:type\" content=\"article\" \/>\n<meta property=\"og:title\" content=\"NES02 Candy Knit Vest \u2013 Blau \/ Rosa \/ Gelb \/ Gr\u00fcn\" \/>\n<meta property=\"og:description\" content=\"NES02 Candy Knit Vest \u2013 Blau \/ Rosa \/ Gelb \/ Gr\u00fcn  Softe Farben.  Starke Haltung.  F\u00fcr Frauen, die f\u00fchlen, sprechen und ihr Herz nicht kleiner machen.  Diese weiche Strickweste bringt Leichtigkeit und Farbe in deinen Look \u2013 perfekt zum Layern \u00fcber Blusen, Shirts oder Kleider.  Details  \u2022 Gr\u00f6\u00dfe: One Size \u2013 passt von 36\u201344  \u2022 Farben: Blau, Rosa, Gelb, Gr\u00fcn  \u2022 Material: 40 % Acryl, 30 % Mohair, 30 % Polyamid  \u2022 Bindeb\u00e4nder vorne  \u2022 Made in Italy  \u2022 Pflegehinweis: Waschbar auf 30 Grad \ud83c\udf38\" \/>\n<meta property=\"og:url\" content=\"https:\/\/www.lookforward.at\/en\/produkt\/nes02-candy-knit-vest-blau-rosa-gelb-gruen\/\" \/>\n<meta property=\"og:site_name\" content=\"lookforward Shop\" \/>\n<meta property=\"article:modified_time\" content=\"2026-04-21T10:33:49+00:00\" \/>\n<meta name=\"twitter:card\" content=\"summary_large_image\" \/>\n<meta name=\"twitter:label1\" content=\"Est. reading time\" \/>\n\t<meta name=\"twitter:data1\" content=\"1 minute\" \/>\n<script type=\"application\/ld+json\" class=\"yoast-schema-graph\">{\"@context\":\"https:\/\/schema.org\",\"@graph\":[{\"@type\":\"WebPage\",\"@id\":\"https:\/\/www.lookforward.at\/produkt\/nes02-candy-knit-vest-blau-rosa-gelb-gruen\/\",\"url\":\"https:\/\/www.lookforward.at\/produkt\/nes02-candy-knit-vest-blau-rosa-gelb-gruen\/\",\"name\":\"NES02 Candy Knit Vest \u2013 Blau \/ Rosa \/ Gelb \/ Gr\u00fcn\",\"isPartOf\":{\"@id\":\"https:\/\/www.lookforward.at\/#website\"},\"primaryImageOfPage\":{\"@id\":\"https:\/\/www.lookforward.at\/produkt\/nes02-candy-knit-vest-blau-rosa-gelb-gruen\/#primaryimage\"},\"image\":{\"@id\":\"https:\/\/www.lookforward.at\/produkt\/nes02-candy-knit-vest-blau-rosa-gelb-gruen\/#primaryimage\"},\"thumbnailUrl\":\"https:\/\/www.lookforward.at\/wp-content\/uploads\/2026\/03\/IMG_1958-scaled.jpg\",\"datePublished\":\"2026-03-08T10:41:10+00:00\",\"dateModified\":\"2026-04-21T10:33:49+00:00\",\"breadcrumb\":{\"@id\":\"https:\/\/www.lookforward.at\/produkt\/nes02-candy-knit-vest-blau-rosa-gelb-gruen\/#breadcrumb\"},\"inLanguage\":\"en-US\",\"potentialAction\":[{\"@type\":\"ReadAction\",\"target\":[\"https:\/\/www.lookforward.at\/produkt\/nes02-candy-knit-vest-blau-rosa-gelb-gruen\/\"]}]},{\"@type\":\"ImageObject\",\"inLanguage\":\"en-US\",\"@id\":\"https:\/\/www.lookforward.at\/produkt\/nes02-candy-knit-vest-blau-rosa-gelb-gruen\/#primaryimage\",\"url\":\"https:\/\/www.lookforward.at\/wp-content\/uploads\/2026\/03\/IMG_1958-scaled.jpg\",\"contentUrl\":\"https:\/\/www.lookforward.at\/wp-content\/uploads\/2026\/03\/IMG_1958-scaled.jpg\",\"width\":1920,\"height\":2560},{\"@type\":\"BreadcrumbList\",\"@id\":\"https:\/\/www.lookforward.at\/produkt\/nes02-candy-knit-vest-blau-rosa-gelb-gruen\/#breadcrumb\",\"itemListElement\":[{\"@type\":\"ListItem\",\"position\":1,\"name\":\"Startseite\",\"item\":\"https:\/\/www.lookforward.at\/\"},{\"@type\":\"ListItem\",\"position\":2,\"name\":\"Shop\",\"item\":\"https:\/\/www.lookforward.at\/shop\/\"},{\"@type\":\"ListItem\",\"position\":3,\"name\":\"NES02 Candy Knit Vest \u2013 Blau \/ Rosa \/ Gelb \/ Gr\u00fcn\"}]},{\"@type\":\"WebSite\",\"@id\":\"https:\/\/www.lookforward.at\/#website\",\"url\":\"https:\/\/www.lookforward.at\/\",\"name\":\"lookforward Shop\",\"description\":\"Der neue Shop f\u00fcr Fashion, Lifestyle, Family, Food and Beauty.\",\"publisher\":{\"@id\":\"https:\/\/www.lookforward.at\/#organization\"},\"potentialAction\":[{\"@type\":\"SearchAction\",\"target\":{\"@type\":\"EntryPoint\",\"urlTemplate\":\"https:\/\/www.lookforward.at\/?s={search_term_string}\"},\"query-input\":{\"@type\":\"PropertyValueSpecification\",\"valueRequired\":true,\"valueName\":\"search_term_string\"}}],\"inLanguage\":\"en-US\"},{\"@type\":\"Organization\",\"@id\":\"https:\/\/www.lookforward.at\/#organization\",\"name\":\"KB lookforward\",\"url\":\"https:\/\/www.lookforward.at\/\",\"logo\":{\"@type\":\"ImageObject\",\"inLanguage\":\"en-US\",\"@id\":\"https:\/\/www.lookforward.at\/#\/schema\/logo\/image\/\",\"url\":\"https:\/\/www.lookforward.at\/wp-content\/uploads\/2023\/10\/Icon-KB.svg\",\"contentUrl\":\"https:\/\/www.lookforward.at\/wp-content\/uploads\/2023\/10\/Icon-KB.svg\",\"caption\":\"KB lookforward\"},\"image\":{\"@id\":\"https:\/\/www.lookforward.at\/#\/schema\/logo\/image\/\"}}]}<\/script>\n<!-- \/ Yoast SEO plugin. -->","yoast_head_json":{"title":"NES02 Candy Knit Vest \u2013 Blau \/ Rosa \/ Gelb \/ Gr\u00fcn","robots":{"index":"index","follow":"follow","max-snippet":"max-snippet:-1","max-image-preview":"max-image-preview:large","max-video-preview":"max-video-preview:-1"},"canonical":"https:\/\/www.lookforward.at\/en\/produkt\/nes02-candy-knit-vest-blau-rosa-gelb-gruen\/","og_locale":"en_US","og_type":"article","og_title":"[:de]NES02 Candy Knit Vest \u2013 Blau \/ Rosa \/ Gelb \/ Gr\u00fcn[:] - lookforward Shop","og_description":"NES02 Candy Knit Vest \u2013 Blau \/ Rosa \/ Gelb \/ Gr\u00fcn  Softe Farben.  Starke Haltung.  F\u00fcr Frauen, die f\u00fchlen, sprechen und ihr Herz nicht kleiner machen.  Diese weiche Strickweste bringt Leichtigkeit und Farbe in deinen Look \u2013 perfekt zum Layern \u00fcber Blusen, Shirts oder Kleider.  Details  \u2022 Gr\u00f6\u00dfe: One Size \u2013 passt von 36\u201344  \u2022 Farben: Blau, Rosa, Gelb, Gr\u00fcn  \u2022 Material: 40 % Acryl, 30 % Mohair, 30 % Polyamid  \u2022 Bindeb\u00e4nder vorne  \u2022 Made in Italy  \u2022 Pflegehinweis: Waschbar auf 30 Grad \ud83c\udf38","og_url":"https:\/\/www.lookforward.at\/en\/produkt\/nes02-candy-knit-vest-blau-rosa-gelb-gruen\/","og_site_name":"lookforward Shop","article_modified_time":"2026-04-21T10:33:49+00:00","twitter_card":"summary_large_image","twitter_misc":{"Est. reading time":"1 minute"},"schema":{"@context":"https:\/\/schema.org","@graph":[{"@type":"WebPage","@id":"https:\/\/www.lookforward.at\/produkt\/nes02-candy-knit-vest-blau-rosa-gelb-gruen\/","url":"https:\/\/www.lookforward.at\/produkt\/nes02-candy-knit-vest-blau-rosa-gelb-gruen\/","name":"NES02 Candy Knit Vest \u2013 Blau \/ Rosa \/ Gelb \/ Gr\u00fcn","isPartOf":{"@id":"https:\/\/www.lookforward.at\/#website"},"primaryImageOfPage":{"@id":"https:\/\/www.lookforward.at\/produkt\/nes02-candy-knit-vest-blau-rosa-gelb-gruen\/#primaryimage"},"image":{"@id":"https:\/\/www.lookforward.at\/produkt\/nes02-candy-knit-vest-blau-rosa-gelb-gruen\/#primaryimage"},"thumbnailUrl":"https:\/\/www.lookforward.at\/wp-content\/uploads\/2026\/03\/IMG_1958-scaled.jpg","datePublished":"2026-03-08T10:41:10+00:00","dateModified":"2026-04-21T10:33:49+00:00","breadcrumb":{"@id":"https:\/\/www.lookforward.at\/produkt\/nes02-candy-knit-vest-blau-rosa-gelb-gruen\/#breadcrumb"},"inLanguage":"en-US","potentialAction":[{"@type":"ReadAction","target":["https:\/\/www.lookforward.at\/produkt\/nes02-candy-knit-vest-blau-rosa-gelb-gruen\/"]}]},{"@type":"ImageObject","inLanguage":"en-US","@id":"https:\/\/www.lookforward.at\/produkt\/nes02-candy-knit-vest-blau-rosa-gelb-gruen\/#primaryimage","url":"https:\/\/www.lookforward.at\/wp-content\/uploads\/2026\/03\/IMG_1958-scaled.jpg","contentUrl":"https:\/\/www.lookforward.at\/wp-content\/uploads\/2026\/03\/IMG_1958-scaled.jpg","width":1920,"height":2560},{"@type":"BreadcrumbList","@id":"https:\/\/www.lookforward.at\/produkt\/nes02-candy-knit-vest-blau-rosa-gelb-gruen\/#breadcrumb","itemListElement":[{"@type":"ListItem","position":1,"name":"Startseite","item":"https:\/\/www.lookforward.at\/"},{"@type":"ListItem","position":2,"name":"Shop","item":"https:\/\/www.lookforward.at\/shop\/"},{"@type":"ListItem","position":3,"name":"NES02 Candy Knit Vest \u2013 Blau \/ Rosa \/ Gelb \/ Gr\u00fcn"}]},{"@type":"WebSite","@id":"https:\/\/www.lookforward.at\/#website","url":"https:\/\/www.lookforward.at\/","name":"lookforward Shop","description":"Der neue Shop f\u00fcr Fashion, Lifestyle, Family, Food and Beauty.","publisher":{"@id":"https:\/\/www.lookforward.at\/#organization"},"potentialAction":[{"@type":"SearchAction","target":{"@type":"EntryPoint","urlTemplate":"https:\/\/www.lookforward.at\/?s={search_term_string}"},"query-input":{"@type":"PropertyValueSpecification","valueRequired":true,"valueName":"search_term_string"}}],"inLanguage":"en-US"},{"@type":"Organization","@id":"https:\/\/www.lookforward.at\/#organization","name":"KB lookforward","url":"https:\/\/www.lookforward.at\/","logo":{"@type":"ImageObject","inLanguage":"en-US","@id":"https:\/\/www.lookforward.at\/#\/schema\/logo\/image\/","url":"https:\/\/www.lookforward.at\/wp-content\/uploads\/2023\/10\/Icon-KB.svg","contentUrl":"https:\/\/www.lookforward.at\/wp-content\/uploads\/2023\/10\/Icon-KB.svg","caption":"KB lookforward"},"image":{"@id":"https:\/\/www.lookforward.at\/#\/schema\/logo\/image\/"}}]}},"_links":{"self":[{"href":"https:\/\/www.lookforward.at\/en\/wp-json\/wp\/v2\/product\/155863","targetHints":{"allow":["GET"]}}],"collection":[{"href":"https:\/\/www.lookforward.at\/en\/wp-json\/wp\/v2\/product"}],"about":[{"href":"https:\/\/www.lookforward.at\/en\/wp-json\/wp\/v2\/types\/product"}],"wp:featuredmedia":[{"embeddable":true,"href":"https:\/\/www.lookforward.at\/en\/wp-json\/wp\/v2\/media\/155802"}],"wp:attachment":[{"href":"https:\/\/www.lookforward.at\/en\/wp-json\/wp\/v2\/media?parent=155863"}],"wp:term":[{"taxonomy":"product_brand","embeddable":true,"href":"https:\/\/www.lookforward.at\/en\/wp-json\/wp\/v2\/product_brand?post=155863"},{"taxonomy":"product_cat","embeddable":true,"href":"https:\/\/www.lookforward.at\/en\/wp-json\/wp\/v2\/product_cat?post=155863"},{"taxonomy":"product_tag","embeddable":true,"href":"https:\/\/www.lookforward.at\/en\/wp-json\/wp\/v2\/product_tag?post=155863"}],"curies":[{"name":"wp","href":"https:\/\/api.w.org\/{rel}","templated":true}]}}