{"id":155872,"date":"2026-03-08T11:52:00","date_gmt":"2026-03-08T10:52:00","guid":{"rendered":"https:\/\/www.lookforward.at\/?post_type=product&#038;p=155872"},"modified":"2026-03-08T11:52:00","modified_gmt":"2026-03-08T10:52:00","slug":"fo02-satin-shirt-dress-beige-rosa-mint","status":"publish","type":"product","link":"https:\/\/www.lookforward.at\/en\/produkt\/fo02-satin-shirt-dress-beige-rosa-mint\/","title":{"rendered":"FO02 Satin Shirt Dress \u2013 Beige \/ Rosa \/ Mint"},"content":{"rendered":"","protected":false},"excerpt":{"rendered":"<p><b>FO02 Satin Shirt Dress \u2013 Beige \/ Rosa \/ Mint<\/b><\/p>\n<p>Softe Farben.<\/p>\n<p>Starke Haltung.<\/p>\n<p>F\u00fcr Frauen, die f\u00fchlen, sprechen und ihr Herz nicht kleiner machen.<\/p>\n<p>Dieses flie\u00dfende Hemdblusenkleid vereint Leichtigkeit und Eleganz \u2013 perfekt f\u00fcr feminine Alltagslooks oder besondere Momente.<\/p>\n<p><b>Eigenschaften<\/b><\/p>\n<p>\u2022 Gr\u00f6\u00dfe: One Size \u2013 passt von 36\u201344<\/p>\n<p>\u2022 Farben: Beige, Rosa, Mint<\/p>\n<p>\u2022 Material: 100 % Polyester<\/p>\n<p>\u2022 Hemdkragen mit durchgehender Knopfleiste<\/p>\n<p>\u2022 \u00c4rmel mit Fixierlasche zum Hochkrempeln<\/p>\n<p>\u2022 Made in Italy<\/p>\n<p>\u2022 Pflegehinweis: Waschbar auf 30 Grad \ud83c\udf38<\/p>\n","protected":false},"featured_media":155817,"template":"","meta":{"inline_featured_image":false},"product_brand":[],"product_cat":[499,500,72],"product_tag":[],"class_list":{"0":"post-155872","1":"product","2":"type-product","3":"status-publish","4":"has-post-thumbnail","6":"product_cat-fruehling-2026","7":"product_cat-soft-candy-colour-kollektion","8":"product_cat-kleid","10":"first","11":"onbackorder","12":"taxable","13":"shipping-taxable","14":"purchasable","15":"product-type-variable"},"bundled_by":[],"bundle_stock_status":"onbackorder","bundle_stock_quantity":null,"bundle_virtual":false,"bundle_layout":"","bundle_add_to_cart_form_location":"","bundle_editable_in_cart":false,"bundle_sold_individually_context":"","bundle_item_grouping":"","bundle_min_size":"","bundle_max_size":"","bundle_price":[],"bundled_items":[],"bundle_sell_ids":[],"yoast_head":"<!-- This site is optimized with the Yoast SEO plugin v26.5 - https:\/\/yoast.com\/wordpress\/plugins\/seo\/ -->\n<title>FO02 Satin Shirt Dress \u2013 Beige \/ Rosa \/ Mint<\/title>\n<meta name=\"robots\" content=\"index, follow, max-snippet:-1, max-image-preview:large, max-video-preview:-1\" \/>\n<link rel=\"canonical\" href=\"https:\/\/www.lookforward.at\/en\/produkt\/fo02-satin-shirt-dress-beige-rosa-mint\/\" \/>\n<meta property=\"og:locale\" content=\"en_US\" \/>\n<meta property=\"og:locale:alternate\" content=\"de_DE\" \/>\n<meta property=\"og:type\" content=\"article\" \/>\n<meta property=\"og:title\" content=\"FO02 Satin Shirt Dress \u2013 Beige \/ Rosa \/ Mint\" \/>\n<meta property=\"og:description\" content=\"FO02 Satin Shirt Dress \u2013 Beige \/ Rosa \/ Mint  Softe Farben.  Starke Haltung.  F\u00fcr Frauen, die f\u00fchlen, sprechen und ihr Herz nicht kleiner machen.  Dieses flie\u00dfende Hemdblusenkleid vereint Leichtigkeit und Eleganz \u2013 perfekt f\u00fcr feminine Alltagslooks oder besondere Momente.  Eigenschaften  \u2022 Gr\u00f6\u00dfe: One Size \u2013 passt von 36\u201344  \u2022 Farben: Beige, Rosa, Mint  \u2022 Material: 100 % Polyester  \u2022 Hemdkragen mit durchgehender Knopfleiste  \u2022 \u00c4rmel mit Fixierlasche zum Hochkrempeln  \u2022 Made in Italy  \u2022 Pflegehinweis: Waschbar auf 30 Grad \ud83c\udf38\" \/>\n<meta property=\"og:url\" content=\"https:\/\/www.lookforward.at\/en\/produkt\/fo02-satin-shirt-dress-beige-rosa-mint\/\" \/>\n<meta property=\"og:site_name\" content=\"lookforward Shop\" \/>\n<meta name=\"twitter:card\" content=\"summary_large_image\" \/>\n<meta name=\"twitter:label1\" content=\"Est. reading time\" \/>\n\t<meta name=\"twitter:data1\" content=\"1 minute\" \/>\n<script type=\"application\/ld+json\" class=\"yoast-schema-graph\">{\"@context\":\"https:\/\/schema.org\",\"@graph\":[{\"@type\":\"WebPage\",\"@id\":\"https:\/\/www.lookforward.at\/produkt\/fo02-satin-shirt-dress-beige-rosa-mint\/\",\"url\":\"https:\/\/www.lookforward.at\/produkt\/fo02-satin-shirt-dress-beige-rosa-mint\/\",\"name\":\"FO02 Satin Shirt Dress \u2013 Beige \/ Rosa \/ Mint\",\"isPartOf\":{\"@id\":\"https:\/\/www.lookforward.at\/#website\"},\"primaryImageOfPage\":{\"@id\":\"https:\/\/www.lookforward.at\/produkt\/fo02-satin-shirt-dress-beige-rosa-mint\/#primaryimage\"},\"image\":{\"@id\":\"https:\/\/www.lookforward.at\/produkt\/fo02-satin-shirt-dress-beige-rosa-mint\/#primaryimage\"},\"thumbnailUrl\":\"https:\/\/www.lookforward.at\/wp-content\/uploads\/2026\/03\/IMG_2116-scaled.jpg\",\"datePublished\":\"2026-03-08T10:52:00+00:00\",\"breadcrumb\":{\"@id\":\"https:\/\/www.lookforward.at\/produkt\/fo02-satin-shirt-dress-beige-rosa-mint\/#breadcrumb\"},\"inLanguage\":\"en-US\",\"potentialAction\":[{\"@type\":\"ReadAction\",\"target\":[\"https:\/\/www.lookforward.at\/produkt\/fo02-satin-shirt-dress-beige-rosa-mint\/\"]}]},{\"@type\":\"ImageObject\",\"inLanguage\":\"en-US\",\"@id\":\"https:\/\/www.lookforward.at\/produkt\/fo02-satin-shirt-dress-beige-rosa-mint\/#primaryimage\",\"url\":\"https:\/\/www.lookforward.at\/wp-content\/uploads\/2026\/03\/IMG_2116-scaled.jpg\",\"contentUrl\":\"https:\/\/www.lookforward.at\/wp-content\/uploads\/2026\/03\/IMG_2116-scaled.jpg\",\"width\":1920,\"height\":2560},{\"@type\":\"BreadcrumbList\",\"@id\":\"https:\/\/www.lookforward.at\/produkt\/fo02-satin-shirt-dress-beige-rosa-mint\/#breadcrumb\",\"itemListElement\":[{\"@type\":\"ListItem\",\"position\":1,\"name\":\"Startseite\",\"item\":\"https:\/\/www.lookforward.at\/\"},{\"@type\":\"ListItem\",\"position\":2,\"name\":\"Shop\",\"item\":\"https:\/\/www.lookforward.at\/shop\/\"},{\"@type\":\"ListItem\",\"position\":3,\"name\":\"FO02 Satin Shirt Dress \u2013 Beige \/ Rosa \/ Mint\"}]},{\"@type\":\"WebSite\",\"@id\":\"https:\/\/www.lookforward.at\/#website\",\"url\":\"https:\/\/www.lookforward.at\/\",\"name\":\"lookforward Shop\",\"description\":\"Der neue Shop f\u00fcr Fashion, Lifestyle, Family, Food and Beauty.\",\"publisher\":{\"@id\":\"https:\/\/www.lookforward.at\/#organization\"},\"potentialAction\":[{\"@type\":\"SearchAction\",\"target\":{\"@type\":\"EntryPoint\",\"urlTemplate\":\"https:\/\/www.lookforward.at\/?s={search_term_string}\"},\"query-input\":{\"@type\":\"PropertyValueSpecification\",\"valueRequired\":true,\"valueName\":\"search_term_string\"}}],\"inLanguage\":\"en-US\"},{\"@type\":\"Organization\",\"@id\":\"https:\/\/www.lookforward.at\/#organization\",\"name\":\"KB lookforward\",\"url\":\"https:\/\/www.lookforward.at\/\",\"logo\":{\"@type\":\"ImageObject\",\"inLanguage\":\"en-US\",\"@id\":\"https:\/\/www.lookforward.at\/#\/schema\/logo\/image\/\",\"url\":\"https:\/\/www.lookforward.at\/wp-content\/uploads\/2023\/10\/Icon-KB.svg\",\"contentUrl\":\"https:\/\/www.lookforward.at\/wp-content\/uploads\/2023\/10\/Icon-KB.svg\",\"caption\":\"KB lookforward\"},\"image\":{\"@id\":\"https:\/\/www.lookforward.at\/#\/schema\/logo\/image\/\"}}]}<\/script>\n<!-- \/ Yoast SEO plugin. -->","yoast_head_json":{"title":"FO02 Satin Shirt Dress \u2013 Beige \/ Rosa \/ Mint","robots":{"index":"index","follow":"follow","max-snippet":"max-snippet:-1","max-image-preview":"max-image-preview:large","max-video-preview":"max-video-preview:-1"},"canonical":"https:\/\/www.lookforward.at\/en\/produkt\/fo02-satin-shirt-dress-beige-rosa-mint\/","og_locale":"en_US","og_type":"article","og_title":"[:de]FO02 Satin Shirt Dress \u2013 Beige \/ Rosa \/ Mint[:] - lookforward Shop","og_description":"FO02 Satin Shirt Dress \u2013 Beige \/ Rosa \/ Mint  Softe Farben.  Starke Haltung.  F\u00fcr Frauen, die f\u00fchlen, sprechen und ihr Herz nicht kleiner machen.  Dieses flie\u00dfende Hemdblusenkleid vereint Leichtigkeit und Eleganz \u2013 perfekt f\u00fcr feminine Alltagslooks oder besondere Momente.  Eigenschaften  \u2022 Gr\u00f6\u00dfe: One Size \u2013 passt von 36\u201344  \u2022 Farben: Beige, Rosa, Mint  \u2022 Material: 100 % Polyester  \u2022 Hemdkragen mit durchgehender Knopfleiste  \u2022 \u00c4rmel mit Fixierlasche zum Hochkrempeln  \u2022 Made in Italy  \u2022 Pflegehinweis: Waschbar auf 30 Grad \ud83c\udf38","og_url":"https:\/\/www.lookforward.at\/en\/produkt\/fo02-satin-shirt-dress-beige-rosa-mint\/","og_site_name":"lookforward Shop","twitter_card":"summary_large_image","twitter_misc":{"Est. reading time":"1 minute"},"schema":{"@context":"https:\/\/schema.org","@graph":[{"@type":"WebPage","@id":"https:\/\/www.lookforward.at\/produkt\/fo02-satin-shirt-dress-beige-rosa-mint\/","url":"https:\/\/www.lookforward.at\/produkt\/fo02-satin-shirt-dress-beige-rosa-mint\/","name":"FO02 Satin Shirt Dress \u2013 Beige \/ Rosa \/ Mint","isPartOf":{"@id":"https:\/\/www.lookforward.at\/#website"},"primaryImageOfPage":{"@id":"https:\/\/www.lookforward.at\/produkt\/fo02-satin-shirt-dress-beige-rosa-mint\/#primaryimage"},"image":{"@id":"https:\/\/www.lookforward.at\/produkt\/fo02-satin-shirt-dress-beige-rosa-mint\/#primaryimage"},"thumbnailUrl":"https:\/\/www.lookforward.at\/wp-content\/uploads\/2026\/03\/IMG_2116-scaled.jpg","datePublished":"2026-03-08T10:52:00+00:00","breadcrumb":{"@id":"https:\/\/www.lookforward.at\/produkt\/fo02-satin-shirt-dress-beige-rosa-mint\/#breadcrumb"},"inLanguage":"en-US","potentialAction":[{"@type":"ReadAction","target":["https:\/\/www.lookforward.at\/produkt\/fo02-satin-shirt-dress-beige-rosa-mint\/"]}]},{"@type":"ImageObject","inLanguage":"en-US","@id":"https:\/\/www.lookforward.at\/produkt\/fo02-satin-shirt-dress-beige-rosa-mint\/#primaryimage","url":"https:\/\/www.lookforward.at\/wp-content\/uploads\/2026\/03\/IMG_2116-scaled.jpg","contentUrl":"https:\/\/www.lookforward.at\/wp-content\/uploads\/2026\/03\/IMG_2116-scaled.jpg","width":1920,"height":2560},{"@type":"BreadcrumbList","@id":"https:\/\/www.lookforward.at\/produkt\/fo02-satin-shirt-dress-beige-rosa-mint\/#breadcrumb","itemListElement":[{"@type":"ListItem","position":1,"name":"Startseite","item":"https:\/\/www.lookforward.at\/"},{"@type":"ListItem","position":2,"name":"Shop","item":"https:\/\/www.lookforward.at\/shop\/"},{"@type":"ListItem","position":3,"name":"FO02 Satin Shirt Dress \u2013 Beige \/ Rosa \/ Mint"}]},{"@type":"WebSite","@id":"https:\/\/www.lookforward.at\/#website","url":"https:\/\/www.lookforward.at\/","name":"lookforward Shop","description":"Der neue Shop f\u00fcr Fashion, Lifestyle, Family, Food and Beauty.","publisher":{"@id":"https:\/\/www.lookforward.at\/#organization"},"potentialAction":[{"@type":"SearchAction","target":{"@type":"EntryPoint","urlTemplate":"https:\/\/www.lookforward.at\/?s={search_term_string}"},"query-input":{"@type":"PropertyValueSpecification","valueRequired":true,"valueName":"search_term_string"}}],"inLanguage":"en-US"},{"@type":"Organization","@id":"https:\/\/www.lookforward.at\/#organization","name":"KB lookforward","url":"https:\/\/www.lookforward.at\/","logo":{"@type":"ImageObject","inLanguage":"en-US","@id":"https:\/\/www.lookforward.at\/#\/schema\/logo\/image\/","url":"https:\/\/www.lookforward.at\/wp-content\/uploads\/2023\/10\/Icon-KB.svg","contentUrl":"https:\/\/www.lookforward.at\/wp-content\/uploads\/2023\/10\/Icon-KB.svg","caption":"KB lookforward"},"image":{"@id":"https:\/\/www.lookforward.at\/#\/schema\/logo\/image\/"}}]}},"_links":{"self":[{"href":"https:\/\/www.lookforward.at\/en\/wp-json\/wp\/v2\/product\/155872","targetHints":{"allow":["GET"]}}],"collection":[{"href":"https:\/\/www.lookforward.at\/en\/wp-json\/wp\/v2\/product"}],"about":[{"href":"https:\/\/www.lookforward.at\/en\/wp-json\/wp\/v2\/types\/product"}],"wp:featuredmedia":[{"embeddable":true,"href":"https:\/\/www.lookforward.at\/en\/wp-json\/wp\/v2\/media\/155817"}],"wp:attachment":[{"href":"https:\/\/www.lookforward.at\/en\/wp-json\/wp\/v2\/media?parent=155872"}],"wp:term":[{"taxonomy":"product_brand","embeddable":true,"href":"https:\/\/www.lookforward.at\/en\/wp-json\/wp\/v2\/product_brand?post=155872"},{"taxonomy":"product_cat","embeddable":true,"href":"https:\/\/www.lookforward.at\/en\/wp-json\/wp\/v2\/product_cat?post=155872"},{"taxonomy":"product_tag","embeddable":true,"href":"https:\/\/www.lookforward.at\/en\/wp-json\/wp\/v2\/product_tag?post=155872"}],"curies":[{"name":"wp","href":"https:\/\/api.w.org\/{rel}","templated":true}]}}